{"id":8646,"date":"2021-06-07T18:54:14","date_gmt":"2021-06-07T16:54:14","guid":{"rendered":"https:\/\/www.upm.cz\/?page_id=8646"},"modified":"2021-06-08T13:49:17","modified_gmt":"2021-06-08T11:49:17","slug":"reklamace","status":"publish","type":"page","link":"https:\/\/www.upm.cz\/an\/eshop\/reklamace\/","title":{"rendered":"Pod\u00e1n\u00ed reklamace"},"content":{"rendered":"<p class=\"has-text-align-left podminky-bod\"><strong>E-mailem<\/strong><\/p>\n\n\n\n<ul class=\"wp-block-list\"><li>za\u0161lete po\u017eadavek na reklamov\u00e1n\u00ed zbo\u017e\u00ed na mail eshop@upm.cz <\/li><li>email mus\u00ed obsahovat <ul><li> \u010d\u00edslo objedn\u00e1vky  <\/li><li>zbo\u017e\u00ed, kter\u00e9ho se reklamace t\u00fdk\u00e1  <\/li><li>popis zji\u0161t\u011bn\u00fdch z\u00e1vad a&nbsp;jej\u00edch projev\u016f  <\/li><\/ul><\/li><\/ul>\n\n\n\n<p class=\"has-text-align-left podminky-bod\"><strong>Telefonicky<\/strong><\/p>\n\n\n\n<ul class=\"wp-block-list\"><li>zavolejte na \u010d\u00edslo +420&nbsp;778&nbsp;543&nbsp;934\n<\/li><li>pros\u00edme p\u0159ipravte si \u010d\u00edslo objedn\u00e1vky<\/li><\/ul>\n\n\n\n<p class=\"has-text-align-left podminky-bod\"><strong>Po\u0161tou<\/strong><\/p>\n\n\n\n<ul class=\"wp-block-list\"><li>za\u0161lete dopis, kter\u00fd mus\u00ed obsahovat <ul><li>\u010d\u00edslo objedn\u00e1vky <\/li><li>zbo\u017e\u00ed, kter\u00e9ho se reklamace t\u00fdk\u00e1  <\/li><li>popis zji\u0161t\u011bn\u00fdch z\u00e1vad a&nbsp;jej\u00edch projev\u016f <\/li><li>dopis za\u0161lete na adresu<br> Um\u011bleckopr\u016fmyslov\u00e9 museum v&nbsp;Praze<br> ulice 17.&nbsp;listopadu 2<br> 110&nbsp;00 Praha<br> dopis ozna\u010dte v\u00fdrazn\u011b REKLAMACE ESHOP  <\/li><\/ul><\/li><\/ul>\n\n\n\n<p>Prod\u00e1vaj\u00edc\u00ed rozhodne o&nbsp;reklamaci nejpozd\u011bji do 5 pracovn\u00edch dn\u016f od jej\u00edho doru\u010den\u00ed a&nbsp;vyrozum\u00ed kupuj\u00edc\u00edho elektronickou po\u0161tou.&nbsp;<\/p>\n\n\n\n<p>Reklamace bude vy\u0159\u00edzena bez zbyte\u010dn\u00e9ho odkladu, nejpozd\u011bji do 30 dn\u016f ode dne uplatn\u011bn\u00ed reklamace.<\/p>","protected":false},"excerpt":{"rendered":"<p>E-mailem za\u0161lete po\u017eadavek na reklamov\u00e1n\u00ed zbo\u017e\u00ed na mail eshop@upm.cz email mus\u00ed obsahovat \u010d\u00edslo objedn\u00e1vky zbo\u017e\u00ed, kter\u00e9ho se reklamace t\u00fdk\u00e1 popis zji\u0161t\u011bn\u00fdch z\u00e1vad a&nbsp;jej\u00edch projev\u016f Telefonicky zavolejte na \u010d\u00edslo +420&nbsp;778&nbsp;543&nbsp;934 pros\u00edme p\u0159ipravte si \u010d\u00edslo objedn\u00e1vky Po\u0161tou za\u0161lete dopis, kter\u00fd mus\u00ed obsahovat \u010d\u00edslo objedn\u00e1vky zbo\u017e\u00ed, kter\u00e9ho se reklamace t\u00fdk\u00e1 popis zji\u0161t\u011bn\u00fdch z\u00e1vad a&nbsp;jej\u00edch projev\u016f dopis za\u0161lete na [&hellip;]<\/p>","protected":false},"author":2,"featured_media":0,"parent":6318,"menu_order":15,"comment_status":"closed","ping_status":"closed","template":"templates\/template-prispevek-upm.php","meta":{"_acf_changed":false,"footnotes":""},"class_list":["post-8646","page","type-page","status-publish","hentry"],"acf":[],"yoast_head":"<!-- This site is optimized with the Yoast SEO plugin v26.9 - https:\/\/yoast.com\/product\/yoast-seo-wordpress\/ -->\n<title>Pod\u00e1n\u00ed reklamace - Um\u011bleckopr\u016fmyslov\u00e9 museum v Praze<\/title>\n<meta name=\"robots\" content=\"index, follow, max-snippet:-1, max-image-preview:large, max-video-preview:-1\" \/>\n<link rel=\"canonical\" href=\"https:\/\/www.upm.cz\/an\/eshop\/reklamace\/\" \/>\n<meta property=\"og:locale\" content=\"en_US\" \/>\n<meta property=\"og:type\" content=\"article\" \/>\n<meta property=\"og:title\" content=\"Pod\u00e1n\u00ed reklamace - Um\u011bleckopr\u016fmyslov\u00e9 museum v Praze\" \/>\n<meta property=\"og:description\" content=\"E-mailem za\u0161lete po\u017eadavek na reklamov\u00e1n\u00ed zbo\u017e\u00ed na mail eshop@upm.cz email mus\u00ed obsahovat \u010d\u00edslo objedn\u00e1vky zbo\u017e\u00ed, kter\u00e9ho se reklamace t\u00fdk\u00e1 popis zji\u0161t\u011bn\u00fdch z\u00e1vad a&nbsp;jej\u00edch projev\u016f Telefonicky zavolejte na \u010d\u00edslo +420&nbsp;778&nbsp;543&nbsp;934 pros\u00edme p\u0159ipravte si \u010d\u00edslo objedn\u00e1vky Po\u0161tou za\u0161lete dopis, kter\u00fd mus\u00ed obsahovat \u010d\u00edslo objedn\u00e1vky zbo\u017e\u00ed, kter\u00e9ho se reklamace t\u00fdk\u00e1 popis zji\u0161t\u011bn\u00fdch z\u00e1vad a&nbsp;jej\u00edch projev\u016f dopis za\u0161lete na [&hellip;]\" \/>\n<meta property=\"og:url\" content=\"https:\/\/www.upm.cz\/an\/eshop\/reklamace\/\" \/>\n<meta property=\"og:site_name\" content=\"Um\u011bleckopr\u016fmyslov\u00e9 museum v Praze\" \/>\n<meta property=\"article:modified_time\" content=\"2021-06-08T11:49:17+00:00\" \/>\n<meta name=\"twitter:card\" content=\"summary_large_image\" \/>\n<meta name=\"twitter:label1\" content=\"Est. reading time\" \/>\n\t<meta name=\"twitter:data1\" content=\"1 minute\" \/>\n<script type=\"application\/ld+json\" class=\"yoast-schema-graph\">{\"@context\":\"https:\/\/schema.org\",\"@graph\":[{\"@type\":\"WebPage\",\"@id\":\"https:\/\/www.upm.cz\/eshop\/reklamace\/\",\"url\":\"https:\/\/www.upm.cz\/eshop\/reklamace\/\",\"name\":\"Pod\u00e1n\u00ed reklamace - Um\u011bleckopr\u016fmyslov\u00e9 museum v Praze\",\"isPartOf\":{\"@id\":\"https:\/\/www.upm.cz\/#website\"},\"datePublished\":\"2021-06-07T16:54:14+00:00\",\"dateModified\":\"2021-06-08T11:49:17+00:00\",\"breadcrumb\":{\"@id\":\"https:\/\/www.upm.cz\/eshop\/reklamace\/#breadcrumb\"},\"inLanguage\":\"en-US\",\"potentialAction\":[{\"@type\":\"ReadAction\",\"target\":[\"https:\/\/www.upm.cz\/eshop\/reklamace\/\"]}]},{\"@type\":\"BreadcrumbList\",\"@id\":\"https:\/\/www.upm.cz\/eshop\/reklamace\/#breadcrumb\",\"itemListElement\":[{\"@type\":\"ListItem\",\"position\":1,\"name\":\"Dom\u016f\",\"item\":\"https:\/\/www.upm.cz\/\"},{\"@type\":\"ListItem\",\"position\":2,\"name\":\"eshop\",\"item\":\"https:\/\/www.upm.cz\/eshop\/\"},{\"@type\":\"ListItem\",\"position\":3,\"name\":\"reklamace\"}]},{\"@type\":\"WebSite\",\"@id\":\"https:\/\/www.upm.cz\/#website\",\"url\":\"https:\/\/www.upm.cz\/\",\"name\":\"Um\u011bleckopr\u016fmyslov\u00e9 museum v Praze\",\"description\":\"\",\"publisher\":{\"@id\":\"https:\/\/www.upm.cz\/#organization\"},\"potentialAction\":[{\"@type\":\"SearchAction\",\"target\":{\"@type\":\"EntryPoint\",\"urlTemplate\":\"https:\/\/www.upm.cz\/?s={search_term_string}\"},\"query-input\":{\"@type\":\"PropertyValueSpecification\",\"valueRequired\":true,\"valueName\":\"search_term_string\"}}],\"inLanguage\":\"en-US\"},{\"@type\":\"Organization\",\"@id\":\"https:\/\/www.upm.cz\/#organization\",\"name\":\"Um\u011bleckopr\u016fmyslov\u00e9 museum v Praze\",\"url\":\"https:\/\/www.upm.cz\/\",\"logo\":{\"@type\":\"ImageObject\",\"inLanguage\":\"en-US\",\"@id\":\"https:\/\/www.upm.cz\/#\/schema\/logo\/image\/\",\"url\":\"https:\/\/www.upm.cz\/wp-content\/uploads\/2020\/03\/logo_upm_cz.svg\",\"contentUrl\":\"https:\/\/www.upm.cz\/wp-content\/uploads\/2020\/03\/logo_upm_cz.svg\",\"width\":1736,\"height\":295,\"caption\":\"Um\u011bleckopr\u016fmyslov\u00e9 museum v Praze\"},\"image\":{\"@id\":\"https:\/\/www.upm.cz\/#\/schema\/logo\/image\/\"}}]}<\/script>\n<!-- \/ Yoast SEO plugin. -->","yoast_head_json":{"title":"Pod\u00e1n\u00ed reklamace - Um\u011bleckopr\u016fmyslov\u00e9 museum v Praze","robots":{"index":"index","follow":"follow","max-snippet":"max-snippet:-1","max-image-preview":"max-image-preview:large","max-video-preview":"max-video-preview:-1"},"canonical":"https:\/\/www.upm.cz\/an\/eshop\/reklamace\/","og_locale":"en_US","og_type":"article","og_title":"Pod\u00e1n\u00ed reklamace - Um\u011bleckopr\u016fmyslov\u00e9 museum v Praze","og_description":"E-mailem za\u0161lete po\u017eadavek na reklamov\u00e1n\u00ed zbo\u017e\u00ed na mail eshop@upm.cz email mus\u00ed obsahovat \u010d\u00edslo objedn\u00e1vky zbo\u017e\u00ed, kter\u00e9ho se reklamace t\u00fdk\u00e1 popis zji\u0161t\u011bn\u00fdch z\u00e1vad a&nbsp;jej\u00edch projev\u016f Telefonicky zavolejte na \u010d\u00edslo +420&nbsp;778&nbsp;543&nbsp;934 pros\u00edme p\u0159ipravte si \u010d\u00edslo objedn\u00e1vky Po\u0161tou za\u0161lete dopis, kter\u00fd mus\u00ed obsahovat \u010d\u00edslo objedn\u00e1vky zbo\u017e\u00ed, kter\u00e9ho se reklamace t\u00fdk\u00e1 popis zji\u0161t\u011bn\u00fdch z\u00e1vad a&nbsp;jej\u00edch projev\u016f dopis za\u0161lete na [&hellip;]","og_url":"https:\/\/www.upm.cz\/an\/eshop\/reklamace\/","og_site_name":"Um\u011bleckopr\u016fmyslov\u00e9 museum v Praze","article_modified_time":"2021-06-08T11:49:17+00:00","twitter_card":"summary_large_image","twitter_misc":{"Est. reading time":"1 minute"},"schema":{"@context":"https:\/\/schema.org","@graph":[{"@type":"WebPage","@id":"https:\/\/www.upm.cz\/eshop\/reklamace\/","url":"https:\/\/www.upm.cz\/eshop\/reklamace\/","name":"Pod\u00e1n\u00ed reklamace - Um\u011bleckopr\u016fmyslov\u00e9 museum v Praze","isPartOf":{"@id":"https:\/\/www.upm.cz\/#website"},"datePublished":"2021-06-07T16:54:14+00:00","dateModified":"2021-06-08T11:49:17+00:00","breadcrumb":{"@id":"https:\/\/www.upm.cz\/eshop\/reklamace\/#breadcrumb"},"inLanguage":"en-US","potentialAction":[{"@type":"ReadAction","target":["https:\/\/www.upm.cz\/eshop\/reklamace\/"]}]},{"@type":"BreadcrumbList","@id":"https:\/\/www.upm.cz\/eshop\/reklamace\/#breadcrumb","itemListElement":[{"@type":"ListItem","position":1,"name":"Dom\u016f","item":"https:\/\/www.upm.cz\/"},{"@type":"ListItem","position":2,"name":"eshop","item":"https:\/\/www.upm.cz\/eshop\/"},{"@type":"ListItem","position":3,"name":"reklamace"}]},{"@type":"WebSite","@id":"https:\/\/www.upm.cz\/#website","url":"https:\/\/www.upm.cz\/","name":"Um\u011bleckopr\u016fmyslov\u00e9 museum v Praze","description":"","publisher":{"@id":"https:\/\/www.upm.cz\/#organization"},"potentialAction":[{"@type":"SearchAction","target":{"@type":"EntryPoint","urlTemplate":"https:\/\/www.upm.cz\/?s={search_term_string}"},"query-input":{"@type":"PropertyValueSpecification","valueRequired":true,"valueName":"search_term_string"}}],"inLanguage":"en-US"},{"@type":"Organization","@id":"https:\/\/www.upm.cz\/#organization","name":"Um\u011bleckopr\u016fmyslov\u00e9 museum v Praze","url":"https:\/\/www.upm.cz\/","logo":{"@type":"ImageObject","inLanguage":"en-US","@id":"https:\/\/www.upm.cz\/#\/schema\/logo\/image\/","url":"https:\/\/www.upm.cz\/wp-content\/uploads\/2020\/03\/logo_upm_cz.svg","contentUrl":"https:\/\/www.upm.cz\/wp-content\/uploads\/2020\/03\/logo_upm_cz.svg","width":1736,"height":295,"caption":"Um\u011bleckopr\u016fmyslov\u00e9 museum v Praze"},"image":{"@id":"https:\/\/www.upm.cz\/#\/schema\/logo\/image\/"}}]}},"_links":{"self":[{"href":"https:\/\/www.upm.cz\/an\/wp-json\/wp\/v2\/pages\/8646","targetHints":{"allow":["GET"]}}],"collection":[{"href":"https:\/\/www.upm.cz\/an\/wp-json\/wp\/v2\/pages"}],"about":[{"href":"https:\/\/www.upm.cz\/an\/wp-json\/wp\/v2\/types\/page"}],"author":[{"embeddable":true,"href":"https:\/\/www.upm.cz\/an\/wp-json\/wp\/v2\/users\/2"}],"replies":[{"embeddable":true,"href":"https:\/\/www.upm.cz\/an\/wp-json\/wp\/v2\/comments?post=8646"}],"version-history":[{"count":3,"href":"https:\/\/www.upm.cz\/an\/wp-json\/wp\/v2\/pages\/8646\/revisions"}],"predecessor-version":[{"id":8649,"href":"https:\/\/www.upm.cz\/an\/wp-json\/wp\/v2\/pages\/8646\/revisions\/8649"}],"up":[{"embeddable":true,"href":"https:\/\/www.upm.cz\/an\/wp-json\/wp\/v2\/pages\/6318"}],"wp:attachment":[{"href":"https:\/\/www.upm.cz\/an\/wp-json\/wp\/v2\/media?parent=8646"}],"curies":[{"name":"wp","href":"https:\/\/api.w.org\/{rel}","templated":true}]}}