{"id":10980,"date":"2022-01-27T15:28:40","date_gmt":"2022-01-27T14:28:40","guid":{"rendered":"https:\/\/www.upm.cz\/?post_type=product&#038;p=10980"},"modified":"2022-02-18T15:36:35","modified_gmt":"2022-02-18T14:36:35","slug":"posadte-se","status":"publish","type":"product","link":"https:\/\/www.upm.cz\/an\/eshop\/posadte-se\/","title":{"rendered":"POSA\u010eTE SE!"},"content":{"rendered":"<p>Publikace zachycuje v\u00fdvoj prototypu \u201echytr\u00e9ho\u201c sedac\u00edho n\u00e1bytku pro expozici Um\u011bleckopr\u016fmyslov\u00e9ho musea v\u00a0Praze ve firm\u011b mmcit\u00e9. D\u00edky grantov\u00e9 podpo\u0159e Technologick\u00e9 agentury \u010cR se t\u00fdm mmcit\u00e9 soust\u0159edil nejen na spln\u011bn\u00ed po\u017eadavk\u016f muzejn\u00edho provozu a&nbsp;zapojen\u00ed nov\u00fdch technologi\u00ed, ale tak\u00e9 na inkluzivitu sedac\u00edho n\u00e1bytku, kter\u00e1 je v&nbsp;\u010desk\u00fdch zem\u00edch (oproti nap\u0159\u00edklad skandin\u00e1vsk\u00fdm) zanedb\u00e1v\u00e1na, proto\u017ee objednatel na podobn\u00fd v\u00fdvoj a&nbsp;testov\u00e1n\u00ed nem\u00e1 prost\u0159edky. Projekt uv\u00e1d\u011bj\u00ed historick\u00e9 reflexe v\u00fdvoje odpo\u010divn\u00e9ho n\u00e1bytku v&nbsp;expozic\u00edch (Iva Knobloch) a&nbsp;v\u00fdvoje venkovn\u00edho n\u00e1bytku (Mariana Kubi\u0161tov\u00e1), kter\u00e9 vych\u00e1zej\u00ed z\u00a0my\u0161lenky vz\u00e1jemn\u00e9ho ovlivn\u011bn\u00ed obou typ\u016f n\u00e1bytku. Studie Ivy Knobloch a&nbsp;Mariany Kubi\u0161tov\u00e9 jsou v\u016fbec prvn\u00edmi p\u0159\u00edsp\u011bvky na uveden\u00e1 t\u00e9mata v&nbsp;\u010desk\u00fdch zem\u00edch.<\/p>","protected":false},"excerpt":{"rendered":"<p>vydavatel: UPM 2022<br \/>\neditorka: Iva Knobloch<br \/>\ntexty: Iva Knobloch, Marianna Kubi\u0161tov\u00e1<br \/>\nodborn\u00fd a&nbsp;lektorsk\u00fd posudek: Dagmar Koudelkov\u00e1<br \/>\ngrafick\u00fd design: \u0160t\u011bp\u00e1n Marko<br \/>\nvyd\u00e1n\u00ed: \u010desk\u00e9<br \/>\nform\u00e1t: pevn\u00e1 vazba<br \/>\npo\u010det tiskov\u00fdch stran: 160<\/p>\n<p>ISBN 978-80-7101-202-3<\/p>\n<p>&nbsp;<\/p>","protected":false},"featured_media":10981,"template":"","meta":{"_acf_changed":false},"product_brand":[],"product_cat":[45],"product_tag":[],"class_list":{"0":"post-10980","1":"product","2":"type-product","3":"status-publish","4":"has-post-thumbnail","6":"product_cat-knihy","8":"first","9":"instock","10":"shipping-taxable","11":"purchasable","12":"product-type-simple"},"acf":[],"yoast_head":"<!-- This site is optimized with the Yoast SEO plugin v26.9 - https:\/\/yoast.com\/product\/yoast-seo-wordpress\/ -->\n<title>POSA\u010eTE SE! - Um\u011bleckopr\u016fmyslov\u00e9 museum v Praze<\/title>\n<meta name=\"description\" content=\"Publikace zachycuje v\u00fdvoj prototypu \u201echytr\u00e9ho\u201c sedac\u00edho n\u00e1bytku pro expozici Um\u011bleckopr\u016fmyslov\u00e9ho musea v Praze ve firm\u011b mmcit\u00e9. D\u00edky grantov\u00e9 podpo\u0159e Technologick\u00e9 agentury \u010cR se t\u00fdm mmcit\u00e9 soust\u0159edil nejen na spln\u011bn\u00ed po\u017eadavk\u016f muzejn\u00edho provozu a zapojen\u00ed nov\u00fdch technologi\u00ed, ale tak\u00e9 na inkluzivitu sedac\u00edho n\u00e1bytku, kter\u00e1 je v \u010desk\u00fdch zem\u00edch (oproti nap\u0159\u00edklad skandin\u00e1vsk\u00fdm) zanedb\u00e1v\u00e1na, proto\u017ee objednatel na podobn\u00fd v\u00fdvoj a testov\u00e1n\u00ed nem\u00e1 prost\u0159edky. Projekt uv\u00e1d\u011bj\u00ed historick\u00e9 reflexe v\u00fdvoje odpo\u010divn\u00e9ho n\u00e1bytku v expozic\u00edch (Iva Knobloch) a v\u00fdvoje venkovn\u00edho n\u00e1bytku (Mariana Kubi\u0161tov\u00e1), kter\u00e9 vych\u00e1zej\u00ed z my\u0161lenky vz\u00e1jemn\u00e9ho ovlivn\u011bn\u00ed obou typ\u016f n\u00e1bytku. Studie Ivy Knobloch a Mariany Kubi\u0161tov\u00e9 jsou v\u016fbec prvn\u00edmi p\u0159\u00edsp\u011bvky na uveden\u00e1 t\u00e9mata v \u010desk\u00fdch zem\u00edch.\" \/>\n<meta name=\"robots\" content=\"index, follow, max-snippet:-1, max-image-preview:large, max-video-preview:-1\" \/>\n<link rel=\"canonical\" href=\"https:\/\/www.upm.cz\/an\/eshop\/posadte-se\/\" \/>\n<meta property=\"og:locale\" content=\"en_US\" \/>\n<meta property=\"og:type\" content=\"article\" \/>\n<meta property=\"og:title\" content=\"POSA\u010eTE SE! - Um\u011bleckopr\u016fmyslov\u00e9 museum v Praze\" \/>\n<meta property=\"og:description\" content=\"Publikace zachycuje v\u00fdvoj prototypu \u201echytr\u00e9ho\u201c sedac\u00edho n\u00e1bytku pro expozici Um\u011bleckopr\u016fmyslov\u00e9ho musea v Praze ve firm\u011b mmcit\u00e9. D\u00edky grantov\u00e9 podpo\u0159e Technologick\u00e9 agentury \u010cR se t\u00fdm mmcit\u00e9 soust\u0159edil nejen na spln\u011bn\u00ed po\u017eadavk\u016f muzejn\u00edho provozu a zapojen\u00ed nov\u00fdch technologi\u00ed, ale tak\u00e9 na inkluzivitu sedac\u00edho n\u00e1bytku, kter\u00e1 je v \u010desk\u00fdch zem\u00edch (oproti nap\u0159\u00edklad skandin\u00e1vsk\u00fdm) zanedb\u00e1v\u00e1na, proto\u017ee objednatel na podobn\u00fd v\u00fdvoj a testov\u00e1n\u00ed nem\u00e1 prost\u0159edky. Projekt uv\u00e1d\u011bj\u00ed historick\u00e9 reflexe v\u00fdvoje odpo\u010divn\u00e9ho n\u00e1bytku v expozic\u00edch (Iva Knobloch) a v\u00fdvoje venkovn\u00edho n\u00e1bytku (Mariana Kubi\u0161tov\u00e1), kter\u00e9 vych\u00e1zej\u00ed z my\u0161lenky vz\u00e1jemn\u00e9ho ovlivn\u011bn\u00ed obou typ\u016f n\u00e1bytku. Studie Ivy Knobloch a Mariany Kubi\u0161tov\u00e9 jsou v\u016fbec prvn\u00edmi p\u0159\u00edsp\u011bvky na uveden\u00e1 t\u00e9mata v \u010desk\u00fdch zem\u00edch.\" \/>\n<meta property=\"og:url\" content=\"https:\/\/www.upm.cz\/an\/eshop\/posadte-se\/\" \/>\n<meta property=\"og:site_name\" content=\"Um\u011bleckopr\u016fmyslov\u00e9 museum v Praze\" \/>\n<meta property=\"article:modified_time\" content=\"2022-02-18T14:36:35+00:00\" \/>\n<meta property=\"og:image\" content=\"https:\/\/www.upm.cz\/wp-content\/uploads\/Posadte_se_obalka.jpg\" \/>\n\t<meta property=\"og:image:width\" content=\"437\" \/>\n\t<meta property=\"og:image:height\" content=\"637\" \/>\n\t<meta property=\"og:image:type\" content=\"image\/jpeg\" \/>\n<meta name=\"twitter:card\" content=\"summary_large_image\" \/>\n<meta name=\"twitter:label1\" content=\"Est. reading time\" \/>\n\t<meta name=\"twitter:data1\" content=\"1 minute\" \/>\n<script type=\"application\/ld+json\" class=\"yoast-schema-graph\">{\"@context\":\"https:\/\/schema.org\",\"@graph\":[{\"@type\":\"WebPage\",\"@id\":\"https:\/\/www.upm.cz\/eshop\/posadte-se\/\",\"url\":\"https:\/\/www.upm.cz\/eshop\/posadte-se\/\",\"name\":\"POSA\u010eTE SE! - Um\u011bleckopr\u016fmyslov\u00e9 museum v Praze\",\"isPartOf\":{\"@id\":\"https:\/\/www.upm.cz\/#website\"},\"primaryImageOfPage\":{\"@id\":\"https:\/\/www.upm.cz\/eshop\/posadte-se\/#primaryimage\"},\"image\":{\"@id\":\"https:\/\/www.upm.cz\/eshop\/posadte-se\/#primaryimage\"},\"thumbnailUrl\":\"https:\/\/www.upm.cz\/wp-content\/uploads\/Posadte_se_obalka.jpg\",\"datePublished\":\"2022-01-27T14:28:40+00:00\",\"dateModified\":\"2022-02-18T14:36:35+00:00\",\"description\":\"Publikace zachycuje v\u00fdvoj prototypu \u201echytr\u00e9ho\u201c sedac\u00edho n\u00e1bytku pro expozici Um\u011bleckopr\u016fmyslov\u00e9ho musea v Praze ve firm\u011b mmcit\u00e9. D\u00edky grantov\u00e9 podpo\u0159e Technologick\u00e9 agentury \u010cR se t\u00fdm mmcit\u00e9 soust\u0159edil nejen na spln\u011bn\u00ed po\u017eadavk\u016f muzejn\u00edho provozu a zapojen\u00ed nov\u00fdch technologi\u00ed, ale tak\u00e9 na inkluzivitu sedac\u00edho n\u00e1bytku, kter\u00e1 je v \u010desk\u00fdch zem\u00edch (oproti nap\u0159\u00edklad skandin\u00e1vsk\u00fdm) zanedb\u00e1v\u00e1na, proto\u017ee objednatel na podobn\u00fd v\u00fdvoj a testov\u00e1n\u00ed nem\u00e1 prost\u0159edky. Projekt uv\u00e1d\u011bj\u00ed historick\u00e9 reflexe v\u00fdvoje odpo\u010divn\u00e9ho n\u00e1bytku v expozic\u00edch (Iva Knobloch) a v\u00fdvoje venkovn\u00edho n\u00e1bytku (Mariana Kubi\u0161tov\u00e1), kter\u00e9 vych\u00e1zej\u00ed z my\u0161lenky vz\u00e1jemn\u00e9ho ovlivn\u011bn\u00ed obou typ\u016f n\u00e1bytku. Studie Ivy Knobloch a Mariany Kubi\u0161tov\u00e9 jsou v\u016fbec prvn\u00edmi p\u0159\u00edsp\u011bvky na uveden\u00e1 t\u00e9mata v \u010desk\u00fdch zem\u00edch.\",\"breadcrumb\":{\"@id\":\"https:\/\/www.upm.cz\/eshop\/posadte-se\/#breadcrumb\"},\"inLanguage\":\"en-US\",\"potentialAction\":[{\"@type\":\"ReadAction\",\"target\":[\"https:\/\/www.upm.cz\/eshop\/posadte-se\/\"]}]},{\"@type\":\"ImageObject\",\"inLanguage\":\"en-US\",\"@id\":\"https:\/\/www.upm.cz\/eshop\/posadte-se\/#primaryimage\",\"url\":\"https:\/\/www.upm.cz\/wp-content\/uploads\/Posadte_se_obalka.jpg\",\"contentUrl\":\"https:\/\/www.upm.cz\/wp-content\/uploads\/Posadte_se_obalka.jpg\",\"width\":437,\"height\":637,\"caption\":\"\u017dlut\u00e1 kni\u017en\u00ed ob\u00e1lka s obr\u00e1zkem \u017eidle\"},{\"@type\":\"BreadcrumbList\",\"@id\":\"https:\/\/www.upm.cz\/eshop\/posadte-se\/#breadcrumb\",\"itemListElement\":[{\"@type\":\"ListItem\",\"position\":1,\"name\":\"Dom\u016f\",\"item\":\"https:\/\/www.upm.cz\/\"},{\"@type\":\"ListItem\",\"position\":2,\"name\":\"eshop\",\"item\":\"https:\/\/www.upm.cz\/eshop\/\"},{\"@type\":\"ListItem\",\"position\":3,\"name\":\"POSA\u010eTE SE!\"}]},{\"@type\":\"WebSite\",\"@id\":\"https:\/\/www.upm.cz\/#website\",\"url\":\"https:\/\/www.upm.cz\/\",\"name\":\"Um\u011bleckopr\u016fmyslov\u00e9 museum v Praze\",\"description\":\"\",\"publisher\":{\"@id\":\"https:\/\/www.upm.cz\/#organization\"},\"potentialAction\":[{\"@type\":\"SearchAction\",\"target\":{\"@type\":\"EntryPoint\",\"urlTemplate\":\"https:\/\/www.upm.cz\/?s={search_term_string}\"},\"query-input\":{\"@type\":\"PropertyValueSpecification\",\"valueRequired\":true,\"valueName\":\"search_term_string\"}}],\"inLanguage\":\"en-US\"},{\"@type\":\"Organization\",\"@id\":\"https:\/\/www.upm.cz\/#organization\",\"name\":\"Um\u011bleckopr\u016fmyslov\u00e9 museum v Praze\",\"url\":\"https:\/\/www.upm.cz\/\",\"logo\":{\"@type\":\"ImageObject\",\"inLanguage\":\"en-US\",\"@id\":\"https:\/\/www.upm.cz\/#\/schema\/logo\/image\/\",\"url\":\"https:\/\/www.upm.cz\/wp-content\/uploads\/2020\/03\/logo_upm_cz.svg\",\"contentUrl\":\"https:\/\/www.upm.cz\/wp-content\/uploads\/2020\/03\/logo_upm_cz.svg\",\"width\":1736,\"height\":295,\"caption\":\"Um\u011bleckopr\u016fmyslov\u00e9 museum v Praze\"},\"image\":{\"@id\":\"https:\/\/www.upm.cz\/#\/schema\/logo\/image\/\"}}]}<\/script>\n<!-- \/ Yoast SEO plugin. -->","yoast_head_json":{"title":"POSA\u010eTE SE! - Um\u011bleckopr\u016fmyslov\u00e9 museum v Praze","description":"Publikace zachycuje v\u00fdvoj prototypu \u201echytr\u00e9ho\u201c sedac\u00edho n\u00e1bytku pro expozici Um\u011bleckopr\u016fmyslov\u00e9ho musea v Praze ve firm\u011b mmcit\u00e9. D\u00edky grantov\u00e9 podpo\u0159e Technologick\u00e9 agentury \u010cR se t\u00fdm mmcit\u00e9 soust\u0159edil nejen na spln\u011bn\u00ed po\u017eadavk\u016f muzejn\u00edho provozu a zapojen\u00ed nov\u00fdch technologi\u00ed, ale tak\u00e9 na inkluzivitu sedac\u00edho n\u00e1bytku, kter\u00e1 je v \u010desk\u00fdch zem\u00edch (oproti nap\u0159\u00edklad skandin\u00e1vsk\u00fdm) zanedb\u00e1v\u00e1na, proto\u017ee objednatel na podobn\u00fd v\u00fdvoj a testov\u00e1n\u00ed nem\u00e1 prost\u0159edky. Projekt uv\u00e1d\u011bj\u00ed historick\u00e9 reflexe v\u00fdvoje odpo\u010divn\u00e9ho n\u00e1bytku v expozic\u00edch (Iva Knobloch) a v\u00fdvoje venkovn\u00edho n\u00e1bytku (Mariana Kubi\u0161tov\u00e1), kter\u00e9 vych\u00e1zej\u00ed z my\u0161lenky vz\u00e1jemn\u00e9ho ovlivn\u011bn\u00ed obou typ\u016f n\u00e1bytku. Studie Ivy Knobloch a Mariany Kubi\u0161tov\u00e9 jsou v\u016fbec prvn\u00edmi p\u0159\u00edsp\u011bvky na uveden\u00e1 t\u00e9mata v \u010desk\u00fdch zem\u00edch.","robots":{"index":"index","follow":"follow","max-snippet":"max-snippet:-1","max-image-preview":"max-image-preview:large","max-video-preview":"max-video-preview:-1"},"canonical":"https:\/\/www.upm.cz\/an\/eshop\/posadte-se\/","og_locale":"en_US","og_type":"article","og_title":"POSA\u010eTE SE! - Um\u011bleckopr\u016fmyslov\u00e9 museum v Praze","og_description":"Publikace zachycuje v\u00fdvoj prototypu \u201echytr\u00e9ho\u201c sedac\u00edho n\u00e1bytku pro expozici Um\u011bleckopr\u016fmyslov\u00e9ho musea v Praze ve firm\u011b mmcit\u00e9. D\u00edky grantov\u00e9 podpo\u0159e Technologick\u00e9 agentury \u010cR se t\u00fdm mmcit\u00e9 soust\u0159edil nejen na spln\u011bn\u00ed po\u017eadavk\u016f muzejn\u00edho provozu a zapojen\u00ed nov\u00fdch technologi\u00ed, ale tak\u00e9 na inkluzivitu sedac\u00edho n\u00e1bytku, kter\u00e1 je v \u010desk\u00fdch zem\u00edch (oproti nap\u0159\u00edklad skandin\u00e1vsk\u00fdm) zanedb\u00e1v\u00e1na, proto\u017ee objednatel na podobn\u00fd v\u00fdvoj a testov\u00e1n\u00ed nem\u00e1 prost\u0159edky. Projekt uv\u00e1d\u011bj\u00ed historick\u00e9 reflexe v\u00fdvoje odpo\u010divn\u00e9ho n\u00e1bytku v expozic\u00edch (Iva Knobloch) a v\u00fdvoje venkovn\u00edho n\u00e1bytku (Mariana Kubi\u0161tov\u00e1), kter\u00e9 vych\u00e1zej\u00ed z my\u0161lenky vz\u00e1jemn\u00e9ho ovlivn\u011bn\u00ed obou typ\u016f n\u00e1bytku. Studie Ivy Knobloch a Mariany Kubi\u0161tov\u00e9 jsou v\u016fbec prvn\u00edmi p\u0159\u00edsp\u011bvky na uveden\u00e1 t\u00e9mata v \u010desk\u00fdch zem\u00edch.","og_url":"https:\/\/www.upm.cz\/an\/eshop\/posadte-se\/","og_site_name":"Um\u011bleckopr\u016fmyslov\u00e9 museum v Praze","article_modified_time":"2022-02-18T14:36:35+00:00","og_image":[{"width":437,"height":637,"url":"https:\/\/www.upm.cz\/wp-content\/uploads\/Posadte_se_obalka.jpg","type":"image\/jpeg"}],"twitter_card":"summary_large_image","twitter_misc":{"Est. reading time":"1 minute"},"schema":{"@context":"https:\/\/schema.org","@graph":[{"@type":"WebPage","@id":"https:\/\/www.upm.cz\/eshop\/posadte-se\/","url":"https:\/\/www.upm.cz\/eshop\/posadte-se\/","name":"POSA\u010eTE SE! - Um\u011bleckopr\u016fmyslov\u00e9 museum v Praze","isPartOf":{"@id":"https:\/\/www.upm.cz\/#website"},"primaryImageOfPage":{"@id":"https:\/\/www.upm.cz\/eshop\/posadte-se\/#primaryimage"},"image":{"@id":"https:\/\/www.upm.cz\/eshop\/posadte-se\/#primaryimage"},"thumbnailUrl":"https:\/\/www.upm.cz\/wp-content\/uploads\/Posadte_se_obalka.jpg","datePublished":"2022-01-27T14:28:40+00:00","dateModified":"2022-02-18T14:36:35+00:00","description":"Publikace zachycuje v\u00fdvoj prototypu \u201echytr\u00e9ho\u201c sedac\u00edho n\u00e1bytku pro expozici Um\u011bleckopr\u016fmyslov\u00e9ho musea v Praze ve firm\u011b mmcit\u00e9. D\u00edky grantov\u00e9 podpo\u0159e Technologick\u00e9 agentury \u010cR se t\u00fdm mmcit\u00e9 soust\u0159edil nejen na spln\u011bn\u00ed po\u017eadavk\u016f muzejn\u00edho provozu a zapojen\u00ed nov\u00fdch technologi\u00ed, ale tak\u00e9 na inkluzivitu sedac\u00edho n\u00e1bytku, kter\u00e1 je v \u010desk\u00fdch zem\u00edch (oproti nap\u0159\u00edklad skandin\u00e1vsk\u00fdm) zanedb\u00e1v\u00e1na, proto\u017ee objednatel na podobn\u00fd v\u00fdvoj a testov\u00e1n\u00ed nem\u00e1 prost\u0159edky. Projekt uv\u00e1d\u011bj\u00ed historick\u00e9 reflexe v\u00fdvoje odpo\u010divn\u00e9ho n\u00e1bytku v expozic\u00edch (Iva Knobloch) a v\u00fdvoje venkovn\u00edho n\u00e1bytku (Mariana Kubi\u0161tov\u00e1), kter\u00e9 vych\u00e1zej\u00ed z my\u0161lenky vz\u00e1jemn\u00e9ho ovlivn\u011bn\u00ed obou typ\u016f n\u00e1bytku. Studie Ivy Knobloch a Mariany Kubi\u0161tov\u00e9 jsou v\u016fbec prvn\u00edmi p\u0159\u00edsp\u011bvky na uveden\u00e1 t\u00e9mata v \u010desk\u00fdch zem\u00edch.","breadcrumb":{"@id":"https:\/\/www.upm.cz\/eshop\/posadte-se\/#breadcrumb"},"inLanguage":"en-US","potentialAction":[{"@type":"ReadAction","target":["https:\/\/www.upm.cz\/eshop\/posadte-se\/"]}]},{"@type":"ImageObject","inLanguage":"en-US","@id":"https:\/\/www.upm.cz\/eshop\/posadte-se\/#primaryimage","url":"https:\/\/www.upm.cz\/wp-content\/uploads\/Posadte_se_obalka.jpg","contentUrl":"https:\/\/www.upm.cz\/wp-content\/uploads\/Posadte_se_obalka.jpg","width":437,"height":637,"caption":"\u017dlut\u00e1 kni\u017en\u00ed ob\u00e1lka s obr\u00e1zkem \u017eidle"},{"@type":"BreadcrumbList","@id":"https:\/\/www.upm.cz\/eshop\/posadte-se\/#breadcrumb","itemListElement":[{"@type":"ListItem","position":1,"name":"Dom\u016f","item":"https:\/\/www.upm.cz\/"},{"@type":"ListItem","position":2,"name":"eshop","item":"https:\/\/www.upm.cz\/eshop\/"},{"@type":"ListItem","position":3,"name":"POSA\u010eTE SE!"}]},{"@type":"WebSite","@id":"https:\/\/www.upm.cz\/#website","url":"https:\/\/www.upm.cz\/","name":"Um\u011bleckopr\u016fmyslov\u00e9 museum v Praze","description":"","publisher":{"@id":"https:\/\/www.upm.cz\/#organization"},"potentialAction":[{"@type":"SearchAction","target":{"@type":"EntryPoint","urlTemplate":"https:\/\/www.upm.cz\/?s={search_term_string}"},"query-input":{"@type":"PropertyValueSpecification","valueRequired":true,"valueName":"search_term_string"}}],"inLanguage":"en-US"},{"@type":"Organization","@id":"https:\/\/www.upm.cz\/#organization","name":"Um\u011bleckopr\u016fmyslov\u00e9 museum v Praze","url":"https:\/\/www.upm.cz\/","logo":{"@type":"ImageObject","inLanguage":"en-US","@id":"https:\/\/www.upm.cz\/#\/schema\/logo\/image\/","url":"https:\/\/www.upm.cz\/wp-content\/uploads\/2020\/03\/logo_upm_cz.svg","contentUrl":"https:\/\/www.upm.cz\/wp-content\/uploads\/2020\/03\/logo_upm_cz.svg","width":1736,"height":295,"caption":"Um\u011bleckopr\u016fmyslov\u00e9 museum v Praze"},"image":{"@id":"https:\/\/www.upm.cz\/#\/schema\/logo\/image\/"}}]}},"_links":{"self":[{"href":"https:\/\/www.upm.cz\/an\/wp-json\/wp\/v2\/product\/10980","targetHints":{"allow":["GET"]}}],"collection":[{"href":"https:\/\/www.upm.cz\/an\/wp-json\/wp\/v2\/product"}],"about":[{"href":"https:\/\/www.upm.cz\/an\/wp-json\/wp\/v2\/types\/product"}],"wp:featuredmedia":[{"embeddable":true,"href":"https:\/\/www.upm.cz\/an\/wp-json\/wp\/v2\/media\/10981"}],"wp:attachment":[{"href":"https:\/\/www.upm.cz\/an\/wp-json\/wp\/v2\/media?parent=10980"}],"wp:term":[{"taxonomy":"product_brand","embeddable":true,"href":"https:\/\/www.upm.cz\/an\/wp-json\/wp\/v2\/product_brand?post=10980"},{"taxonomy":"product_cat","embeddable":true,"href":"https:\/\/www.upm.cz\/an\/wp-json\/wp\/v2\/product_cat?post=10980"},{"taxonomy":"product_tag","embeddable":true,"href":"https:\/\/www.upm.cz\/an\/wp-json\/wp\/v2\/product_tag?post=10980"}],"curies":[{"name":"wp","href":"https:\/\/api.w.org\/{rel}","templated":true}]}}