{"id":12599,"date":"2022-07-27T14:10:36","date_gmt":"2022-07-27T12:10:36","guid":{"rendered":"https:\/\/www.upm.cz\/?post_type=product&#038;p=12599"},"modified":"2023-12-06T16:36:40","modified_gmt":"2023-12-06T15:36:40","slug":"pexeso-domovni-znameni-martina-janeckeho","status":"publish","type":"product","link":"https:\/\/www.upm.cz\/an\/eshop\/pexeso-domovni-znameni-martina-janeckeho\/","title":{"rendered":"PEXESO: DOMOVN\u00cd ZNAMEN\u00cd MARTINA JANECK\u00c9HO"},"content":{"rendered":"","protected":false},"excerpt":{"rendered":"<p>Pexeso s&nbsp;pra\u017esk\u00fdmi domovn\u00edmi znamen\u00edmi od skl\u00e1\u0159e Martina Janeck\u00e9ho<\/p>","protected":false},"featured_media":12600,"template":"","meta":{"_acf_changed":false},"product_brand":[],"product_cat":[49,81],"product_tag":[],"class_list":{"0":"post-12599","1":"product","2":"type-product","3":"status-publish","4":"has-post-thumbnail","6":"product_cat-ostatni","7":"product_cat-others","9":"first","10":"instock","11":"shipping-taxable","12":"purchasable","13":"product-type-simple"},"acf":[],"yoast_head":"<!-- This site is optimized with the Yoast SEO plugin v26.9 - https:\/\/yoast.com\/product\/yoast-seo-wordpress\/ -->\n<title>PEXESO: DOMOVN\u00cd ZNAMEN\u00cd MARTINA JANECK\u00c9HO - Um\u011bleckopr\u016fmyslov\u00e9 museum v Praze<\/title>\n<meta name=\"description\" content=\"Pexeso s domovn\u00edmi znamen\u00edmi od skl\u00e1\u0159e Martina Janeck\u00e9ho\" \/>\n<meta name=\"robots\" content=\"index, follow, max-snippet:-1, max-image-preview:large, max-video-preview:-1\" \/>\n<link rel=\"canonical\" href=\"https:\/\/www.upm.cz\/an\/eshop\/pexeso-domovni-znameni-martina-janeckeho\/\" \/>\n<meta property=\"og:locale\" content=\"en_US\" \/>\n<meta property=\"og:type\" content=\"article\" \/>\n<meta property=\"og:title\" content=\"PEXESO: DOMOVN\u00cd ZNAMEN\u00cd MARTINA JANECK\u00c9HO - Um\u011bleckopr\u016fmyslov\u00e9 museum v Praze\" \/>\n<meta property=\"og:description\" content=\"Pexeso s domovn\u00edmi znamen\u00edmi od skl\u00e1\u0159e Martina Janeck\u00e9ho\" \/>\n<meta property=\"og:url\" content=\"https:\/\/www.upm.cz\/an\/eshop\/pexeso-domovni-znameni-martina-janeckeho\/\" \/>\n<meta property=\"og:site_name\" content=\"Um\u011bleckopr\u016fmyslov\u00e9 museum v Praze\" \/>\n<meta property=\"article:modified_time\" content=\"2023-12-06T15:36:40+00:00\" \/>\n<meta property=\"og:image\" content=\"https:\/\/www.upm.cz\/wp-content\/uploads\/pexeso_janecky_620x420_spad5mm.jpg\" \/>\n\t<meta property=\"og:image:width\" content=\"1815\" \/>\n\t<meta property=\"og:image:height\" content=\"1248\" \/>\n\t<meta property=\"og:image:type\" content=\"image\/jpeg\" \/>\n<meta name=\"twitter:card\" content=\"summary_large_image\" \/>\n<script type=\"application\/ld+json\" class=\"yoast-schema-graph\">{\"@context\":\"https:\/\/schema.org\",\"@graph\":[{\"@type\":\"WebPage\",\"@id\":\"https:\/\/www.upm.cz\/eshop\/pexeso-domovni-znameni-martina-janeckeho\/\",\"url\":\"https:\/\/www.upm.cz\/eshop\/pexeso-domovni-znameni-martina-janeckeho\/\",\"name\":\"PEXESO: DOMOVN\u00cd ZNAMEN\u00cd MARTINA JANECK\u00c9HO - Um\u011bleckopr\u016fmyslov\u00e9 museum v Praze\",\"isPartOf\":{\"@id\":\"https:\/\/www.upm.cz\/#website\"},\"primaryImageOfPage\":{\"@id\":\"https:\/\/www.upm.cz\/eshop\/pexeso-domovni-znameni-martina-janeckeho\/#primaryimage\"},\"image\":{\"@id\":\"https:\/\/www.upm.cz\/eshop\/pexeso-domovni-znameni-martina-janeckeho\/#primaryimage\"},\"thumbnailUrl\":\"https:\/\/www.upm.cz\/wp-content\/uploads\/pexeso_janecky_620x420_spad5mm.jpg\",\"datePublished\":\"2022-07-27T12:10:36+00:00\",\"dateModified\":\"2023-12-06T15:36:40+00:00\",\"description\":\"Pexeso s domovn\u00edmi znamen\u00edmi od skl\u00e1\u0159e Martina Janeck\u00e9ho\",\"breadcrumb\":{\"@id\":\"https:\/\/www.upm.cz\/eshop\/pexeso-domovni-znameni-martina-janeckeho\/#breadcrumb\"},\"inLanguage\":\"en-US\",\"potentialAction\":[{\"@type\":\"ReadAction\",\"target\":[\"https:\/\/www.upm.cz\/eshop\/pexeso-domovni-znameni-martina-janeckeho\/\"]}]},{\"@type\":\"ImageObject\",\"inLanguage\":\"en-US\",\"@id\":\"https:\/\/www.upm.cz\/eshop\/pexeso-domovni-znameni-martina-janeckeho\/#primaryimage\",\"url\":\"https:\/\/www.upm.cz\/wp-content\/uploads\/pexeso_janecky_620x420_spad5mm.jpg\",\"contentUrl\":\"https:\/\/www.upm.cz\/wp-content\/uploads\/pexeso_janecky_620x420_spad5mm.jpg\",\"width\":1815,\"height\":1248,\"caption\":\"Domovn\u00ed znamen\u00ed z b\u00edl\u00e9ho skla - pexeso\"},{\"@type\":\"BreadcrumbList\",\"@id\":\"https:\/\/www.upm.cz\/eshop\/pexeso-domovni-znameni-martina-janeckeho\/#breadcrumb\",\"itemListElement\":[{\"@type\":\"ListItem\",\"position\":1,\"name\":\"Dom\u016f\",\"item\":\"https:\/\/www.upm.cz\/\"},{\"@type\":\"ListItem\",\"position\":2,\"name\":\"eshop\",\"item\":\"https:\/\/www.upm.cz\/eshop\/\"},{\"@type\":\"ListItem\",\"position\":3,\"name\":\"PEXESO: DOMOVN\u00cd ZNAMEN\u00cd MARTINA JANECK\u00c9HO\"}]},{\"@type\":\"WebSite\",\"@id\":\"https:\/\/www.upm.cz\/#website\",\"url\":\"https:\/\/www.upm.cz\/\",\"name\":\"Um\u011bleckopr\u016fmyslov\u00e9 museum v Praze\",\"description\":\"\",\"publisher\":{\"@id\":\"https:\/\/www.upm.cz\/#organization\"},\"potentialAction\":[{\"@type\":\"SearchAction\",\"target\":{\"@type\":\"EntryPoint\",\"urlTemplate\":\"https:\/\/www.upm.cz\/?s={search_term_string}\"},\"query-input\":{\"@type\":\"PropertyValueSpecification\",\"valueRequired\":true,\"valueName\":\"search_term_string\"}}],\"inLanguage\":\"en-US\"},{\"@type\":\"Organization\",\"@id\":\"https:\/\/www.upm.cz\/#organization\",\"name\":\"Um\u011bleckopr\u016fmyslov\u00e9 museum v Praze\",\"url\":\"https:\/\/www.upm.cz\/\",\"logo\":{\"@type\":\"ImageObject\",\"inLanguage\":\"en-US\",\"@id\":\"https:\/\/www.upm.cz\/#\/schema\/logo\/image\/\",\"url\":\"https:\/\/www.upm.cz\/wp-content\/uploads\/2020\/03\/logo_upm_cz.svg\",\"contentUrl\":\"https:\/\/www.upm.cz\/wp-content\/uploads\/2020\/03\/logo_upm_cz.svg\",\"width\":1736,\"height\":295,\"caption\":\"Um\u011bleckopr\u016fmyslov\u00e9 museum v Praze\"},\"image\":{\"@id\":\"https:\/\/www.upm.cz\/#\/schema\/logo\/image\/\"}}]}<\/script>\n<!-- \/ Yoast SEO plugin. -->","yoast_head_json":{"title":"PEXESO: DOMOVN\u00cd ZNAMEN\u00cd MARTINA JANECK\u00c9HO - Um\u011bleckopr\u016fmyslov\u00e9 museum v Praze","description":"Pexeso s domovn\u00edmi znamen\u00edmi od skl\u00e1\u0159e Martina Janeck\u00e9ho","robots":{"index":"index","follow":"follow","max-snippet":"max-snippet:-1","max-image-preview":"max-image-preview:large","max-video-preview":"max-video-preview:-1"},"canonical":"https:\/\/www.upm.cz\/an\/eshop\/pexeso-domovni-znameni-martina-janeckeho\/","og_locale":"en_US","og_type":"article","og_title":"PEXESO: DOMOVN\u00cd ZNAMEN\u00cd MARTINA JANECK\u00c9HO - Um\u011bleckopr\u016fmyslov\u00e9 museum v Praze","og_description":"Pexeso s domovn\u00edmi znamen\u00edmi od skl\u00e1\u0159e Martina Janeck\u00e9ho","og_url":"https:\/\/www.upm.cz\/an\/eshop\/pexeso-domovni-znameni-martina-janeckeho\/","og_site_name":"Um\u011bleckopr\u016fmyslov\u00e9 museum v Praze","article_modified_time":"2023-12-06T15:36:40+00:00","og_image":[{"width":1815,"height":1248,"url":"https:\/\/www.upm.cz\/wp-content\/uploads\/pexeso_janecky_620x420_spad5mm.jpg","type":"image\/jpeg"}],"twitter_card":"summary_large_image","schema":{"@context":"https:\/\/schema.org","@graph":[{"@type":"WebPage","@id":"https:\/\/www.upm.cz\/eshop\/pexeso-domovni-znameni-martina-janeckeho\/","url":"https:\/\/www.upm.cz\/eshop\/pexeso-domovni-znameni-martina-janeckeho\/","name":"PEXESO: DOMOVN\u00cd ZNAMEN\u00cd MARTINA JANECK\u00c9HO - Um\u011bleckopr\u016fmyslov\u00e9 museum v Praze","isPartOf":{"@id":"https:\/\/www.upm.cz\/#website"},"primaryImageOfPage":{"@id":"https:\/\/www.upm.cz\/eshop\/pexeso-domovni-znameni-martina-janeckeho\/#primaryimage"},"image":{"@id":"https:\/\/www.upm.cz\/eshop\/pexeso-domovni-znameni-martina-janeckeho\/#primaryimage"},"thumbnailUrl":"https:\/\/www.upm.cz\/wp-content\/uploads\/pexeso_janecky_620x420_spad5mm.jpg","datePublished":"2022-07-27T12:10:36+00:00","dateModified":"2023-12-06T15:36:40+00:00","description":"Pexeso s domovn\u00edmi znamen\u00edmi od skl\u00e1\u0159e Martina Janeck\u00e9ho","breadcrumb":{"@id":"https:\/\/www.upm.cz\/eshop\/pexeso-domovni-znameni-martina-janeckeho\/#breadcrumb"},"inLanguage":"en-US","potentialAction":[{"@type":"ReadAction","target":["https:\/\/www.upm.cz\/eshop\/pexeso-domovni-znameni-martina-janeckeho\/"]}]},{"@type":"ImageObject","inLanguage":"en-US","@id":"https:\/\/www.upm.cz\/eshop\/pexeso-domovni-znameni-martina-janeckeho\/#primaryimage","url":"https:\/\/www.upm.cz\/wp-content\/uploads\/pexeso_janecky_620x420_spad5mm.jpg","contentUrl":"https:\/\/www.upm.cz\/wp-content\/uploads\/pexeso_janecky_620x420_spad5mm.jpg","width":1815,"height":1248,"caption":"Domovn\u00ed znamen\u00ed z b\u00edl\u00e9ho skla - pexeso"},{"@type":"BreadcrumbList","@id":"https:\/\/www.upm.cz\/eshop\/pexeso-domovni-znameni-martina-janeckeho\/#breadcrumb","itemListElement":[{"@type":"ListItem","position":1,"name":"Dom\u016f","item":"https:\/\/www.upm.cz\/"},{"@type":"ListItem","position":2,"name":"eshop","item":"https:\/\/www.upm.cz\/eshop\/"},{"@type":"ListItem","position":3,"name":"PEXESO: DOMOVN\u00cd ZNAMEN\u00cd MARTINA JANECK\u00c9HO"}]},{"@type":"WebSite","@id":"https:\/\/www.upm.cz\/#website","url":"https:\/\/www.upm.cz\/","name":"Um\u011bleckopr\u016fmyslov\u00e9 museum v Praze","description":"","publisher":{"@id":"https:\/\/www.upm.cz\/#organization"},"potentialAction":[{"@type":"SearchAction","target":{"@type":"EntryPoint","urlTemplate":"https:\/\/www.upm.cz\/?s={search_term_string}"},"query-input":{"@type":"PropertyValueSpecification","valueRequired":true,"valueName":"search_term_string"}}],"inLanguage":"en-US"},{"@type":"Organization","@id":"https:\/\/www.upm.cz\/#organization","name":"Um\u011bleckopr\u016fmyslov\u00e9 museum v Praze","url":"https:\/\/www.upm.cz\/","logo":{"@type":"ImageObject","inLanguage":"en-US","@id":"https:\/\/www.upm.cz\/#\/schema\/logo\/image\/","url":"https:\/\/www.upm.cz\/wp-content\/uploads\/2020\/03\/logo_upm_cz.svg","contentUrl":"https:\/\/www.upm.cz\/wp-content\/uploads\/2020\/03\/logo_upm_cz.svg","width":1736,"height":295,"caption":"Um\u011bleckopr\u016fmyslov\u00e9 museum v Praze"},"image":{"@id":"https:\/\/www.upm.cz\/#\/schema\/logo\/image\/"}}]}},"_links":{"self":[{"href":"https:\/\/www.upm.cz\/an\/wp-json\/wp\/v2\/product\/12599","targetHints":{"allow":["GET"]}}],"collection":[{"href":"https:\/\/www.upm.cz\/an\/wp-json\/wp\/v2\/product"}],"about":[{"href":"https:\/\/www.upm.cz\/an\/wp-json\/wp\/v2\/types\/product"}],"wp:featuredmedia":[{"embeddable":true,"href":"https:\/\/www.upm.cz\/an\/wp-json\/wp\/v2\/media\/12600"}],"wp:attachment":[{"href":"https:\/\/www.upm.cz\/an\/wp-json\/wp\/v2\/media?parent=12599"}],"wp:term":[{"taxonomy":"product_brand","embeddable":true,"href":"https:\/\/www.upm.cz\/an\/wp-json\/wp\/v2\/product_brand?post=12599"},{"taxonomy":"product_cat","embeddable":true,"href":"https:\/\/www.upm.cz\/an\/wp-json\/wp\/v2\/product_cat?post=12599"},{"taxonomy":"product_tag","embeddable":true,"href":"https:\/\/www.upm.cz\/an\/wp-json\/wp\/v2\/product_tag?post=12599"}],"curies":[{"name":"wp","href":"https:\/\/api.w.org\/{rel}","templated":true}]}}