{"id":12605,"date":"2021-07-28T14:46:38","date_gmt":"2021-07-28T12:46:38","guid":{"rendered":"https:\/\/www.upm.cz\/?post_type=product&#038;p=12605"},"modified":"2022-07-28T15:07:36","modified_gmt":"2022-07-28T13:07:36","slug":"mad-silkman-zika-lida-ascher-textile-and-fashion","status":"publish","type":"product","link":"https:\/\/www.upm.cz\/an\/eshop\/mad-silkman-zika-lida-ascher-textile-and-fashion\/","title":{"rendered":"MAD SILKMAN. ZIKA &#038; LIDA ASCHER: TEXTILE AND FASHION"},"content":{"rendered":"<p>Ascher &#8211; although the name and the brand are entirely unknown in the Czech Republic, in Western Europe they have been synonymous with fine textile design for more than seventy years. This book traces the story of Zika Ascher and his wife Lida, whose personal and professional lives played out against the dramatic history of the 20th century. After leaving Czechoslovakia in 1939, they built in London a&nbsp;highly successful enterprise that specialised in fashion fabrics. French, Italian and British designers and fashion houses chose Ascher textiles for their collections, including Dior, Balenciaga, Lanvin, Pierre Cardin, Yves Saint Laurent, Ronald Paterson, David Sassoon and Alberto Fabiani. Lida and Zika were especially celebrated for their Squares, a&nbsp;collection of luxurious printed scarves designed by famous artists such as Henry Moore, Henri Matisse and Andr\u00e9 Derain. The book weaves together all the different strands of their eventful lives to produce a&nbsp;comprehensive account that goes beyond the individual artistic, technical and business aspects. It devotes considerable attention to the years before Zika and Lida left Czechoslovakia in 1939 to go into exile in the United Kingdom, and it subsequently continues to map developments in their former homeland, which they never renounced. The book&#8217;s&nbsp;author is Konstantina Hlav\u00e1\u010dkov\u00e1, the curator of the textiles and fashion collection at the Museum of Decorative Arts in Prague. Lida and Zika&#8217;s&nbsp;son Peter Ascher has added some of his childhood memories.<\/p>","protected":false},"excerpt":{"rendered":"<p>vydavatel: UPM 2019<br \/>\nautorka: Konstantina Hlav\u00e1\u010dkov\u00e1<br \/>\ngrafick\u00fd design: \u0160t\u011bp\u00e1n Malovec<br \/>\nvyd\u00e1n\u00ed: anglick\u00e9<br \/>\nform\u00e1t: 22 x 28 cm<br \/>\npo\u010det tiskov\u00fdch stran: 384<\/p>\n<p>ISBN 978\u201480-7101\u2014179-8<\/p>\n<p>&nbsp;<\/p>","protected":false},"featured_media":12606,"template":"","meta":{"_acf_changed":false},"product_brand":[],"product_cat":[45],"product_tag":[],"class_list":{"0":"post-12605","1":"product","2":"type-product","3":"status-publish","4":"has-post-thumbnail","6":"product_cat-knihy","8":"first","9":"instock","10":"shipping-taxable","11":"purchasable","12":"product-type-simple"},"acf":[],"yoast_head":"<!-- This site is optimized with the Yoast SEO plugin v26.9 - https:\/\/yoast.com\/product\/yoast-seo-wordpress\/ -->\n<title>MAD SILKMAN. ZIKA &amp; LIDA ASCHER: TEXTILE AND FASHION - Um\u011bleckopr\u016fmyslov\u00e9 museum v Praze<\/title>\n<meta name=\"description\" content=\"Ascher - although the name and the brand are entirely unknown in the Czech Republic, in Western Europe they have been synonymous with fine textile design for more than seventy years. This book traces the story of Zika Ascher and his wife Lida, whose personal and professional lives played out against the dramatic history of the 20th century. After leaving Czechoslovakia in 1939, they built in London a highly successful enterprise that specialised in fashion fabrics. French, Italian and British designers and fashion houses chose Ascher textiles for their collections, including Dior, Balenciaga, Lanvin, Pierre Cardin, Yves Saint Laurent, Ronald Paterson, David Sassoon and Alberto Fabiani. Lida and Zika were especially celebrated for their Squares, a collection of luxurious printed scarves designed by famous artists such as Henry Moore, Henri Matisse and Andr\u00e9 Derain. The book weaves together all the different strands of their eventful lives to produce a comprehensive account that goes beyond the individual artistic, technical and business aspects. It devotes considerable attention to the years before Zika and Lida left Czechoslovakia in 1939 to go into exile in the United Kingdom, and it subsequently continues to map developments in their former homeland, which they never renounced. The book&#039;s author is Konstantina Hlav\u00e1\u010dkov\u00e1, the curator of the textiles and fashion collection at the Museum of Decorative Arts in Prague. Lida and Zika&#039;s son Peter Ascher has added some of his childhood memories.\" \/>\n<meta name=\"robots\" content=\"index, follow, max-snippet:-1, max-image-preview:large, max-video-preview:-1\" \/>\n<link rel=\"canonical\" href=\"https:\/\/www.upm.cz\/an\/eshop\/mad-silkman-zika-lida-ascher-textile-and-fashion\/\" \/>\n<meta property=\"og:locale\" content=\"en_US\" \/>\n<meta property=\"og:type\" content=\"article\" \/>\n<meta property=\"og:title\" content=\"MAD SILKMAN. ZIKA &amp; LIDA ASCHER: TEXTILE AND FASHION - Um\u011bleckopr\u016fmyslov\u00e9 museum v Praze\" \/>\n<meta property=\"og:description\" content=\"Ascher - although the name and the brand are entirely unknown in the Czech Republic, in Western Europe they have been synonymous with fine textile design for more than seventy years. This book traces the story of Zika Ascher and his wife Lida, whose personal and professional lives played out against the dramatic history of the 20th century. After leaving Czechoslovakia in 1939, they built in London a highly successful enterprise that specialised in fashion fabrics. French, Italian and British designers and fashion houses chose Ascher textiles for their collections, including Dior, Balenciaga, Lanvin, Pierre Cardin, Yves Saint Laurent, Ronald Paterson, David Sassoon and Alberto Fabiani. Lida and Zika were especially celebrated for their Squares, a collection of luxurious printed scarves designed by famous artists such as Henry Moore, Henri Matisse and Andr\u00e9 Derain. The book weaves together all the different strands of their eventful lives to produce a comprehensive account that goes beyond the individual artistic, technical and business aspects. It devotes considerable attention to the years before Zika and Lida left Czechoslovakia in 1939 to go into exile in the United Kingdom, and it subsequently continues to map developments in their former homeland, which they never renounced. The book&#039;s author is Konstantina Hlav\u00e1\u010dkov\u00e1, the curator of the textiles and fashion collection at the Museum of Decorative Arts in Prague. Lida and Zika&#039;s son Peter Ascher has added some of his childhood memories.\" \/>\n<meta property=\"og:url\" content=\"https:\/\/www.upm.cz\/an\/eshop\/mad-silkman-zika-lida-ascher-textile-and-fashion\/\" \/>\n<meta property=\"og:site_name\" content=\"Um\u011bleckopr\u016fmyslov\u00e9 museum v Praze\" \/>\n<meta property=\"article:modified_time\" content=\"2022-07-28T13:07:36+00:00\" \/>\n<meta property=\"og:image\" content=\"https:\/\/www.upm.cz\/wp-content\/uploads\/obalka_eng_simulace_sala_rbg.jpg\" \/>\n\t<meta property=\"og:image:width\" content=\"775\" \/>\n\t<meta property=\"og:image:height\" content=\"980\" \/>\n\t<meta property=\"og:image:type\" content=\"image\/jpeg\" \/>\n<meta name=\"twitter:card\" content=\"summary_large_image\" \/>\n<meta name=\"twitter:label1\" content=\"Est. reading time\" \/>\n\t<meta name=\"twitter:data1\" content=\"2 minutes\" \/>\n<script type=\"application\/ld+json\" class=\"yoast-schema-graph\">{\"@context\":\"https:\/\/schema.org\",\"@graph\":[{\"@type\":\"WebPage\",\"@id\":\"https:\/\/www.upm.cz\/eshop\/mad-silkman-zika-lida-ascher-textile-and-fashion\/\",\"url\":\"https:\/\/www.upm.cz\/eshop\/mad-silkman-zika-lida-ascher-textile-and-fashion\/\",\"name\":\"MAD SILKMAN. ZIKA & LIDA ASCHER: TEXTILE AND FASHION - Um\u011bleckopr\u016fmyslov\u00e9 museum v Praze\",\"isPartOf\":{\"@id\":\"https:\/\/www.upm.cz\/#website\"},\"primaryImageOfPage\":{\"@id\":\"https:\/\/www.upm.cz\/eshop\/mad-silkman-zika-lida-ascher-textile-and-fashion\/#primaryimage\"},\"image\":{\"@id\":\"https:\/\/www.upm.cz\/eshop\/mad-silkman-zika-lida-ascher-textile-and-fashion\/#primaryimage\"},\"thumbnailUrl\":\"https:\/\/www.upm.cz\/wp-content\/uploads\/obalka_eng_simulace_sala_rbg.jpg\",\"datePublished\":\"2021-07-28T12:46:38+00:00\",\"dateModified\":\"2022-07-28T13:07:36+00:00\",\"description\":\"Ascher - although the name and the brand are entirely unknown in the Czech Republic, in Western Europe they have been synonymous with fine textile design for more than seventy years. This book traces the story of Zika Ascher and his wife Lida, whose personal and professional lives played out against the dramatic history of the 20th century. After leaving Czechoslovakia in 1939, they built in London a highly successful enterprise that specialised in fashion fabrics. French, Italian and British designers and fashion houses chose Ascher textiles for their collections, including Dior, Balenciaga, Lanvin, Pierre Cardin, Yves Saint Laurent, Ronald Paterson, David Sassoon and Alberto Fabiani. Lida and Zika were especially celebrated for their Squares, a collection of luxurious printed scarves designed by famous artists such as Henry Moore, Henri Matisse and Andr\u00e9 Derain. The book weaves together all the different strands of their eventful lives to produce a comprehensive account that goes beyond the individual artistic, technical and business aspects. It devotes considerable attention to the years before Zika and Lida left Czechoslovakia in 1939 to go into exile in the United Kingdom, and it subsequently continues to map developments in their former homeland, which they never renounced. The book's author is Konstantina Hlav\u00e1\u010dkov\u00e1, the curator of the textiles and fashion collection at the Museum of Decorative Arts in Prague. Lida and Zika's son Peter Ascher has added some of his childhood memories.\",\"breadcrumb\":{\"@id\":\"https:\/\/www.upm.cz\/eshop\/mad-silkman-zika-lida-ascher-textile-and-fashion\/#breadcrumb\"},\"inLanguage\":\"en-US\",\"potentialAction\":[{\"@type\":\"ReadAction\",\"target\":[\"https:\/\/www.upm.cz\/eshop\/mad-silkman-zika-lida-ascher-textile-and-fashion\/\"]}]},{\"@type\":\"ImageObject\",\"inLanguage\":\"en-US\",\"@id\":\"https:\/\/www.upm.cz\/eshop\/mad-silkman-zika-lida-ascher-textile-and-fashion\/#primaryimage\",\"url\":\"https:\/\/www.upm.cz\/wp-content\/uploads\/obalka_eng_simulace_sala_rbg.jpg\",\"contentUrl\":\"https:\/\/www.upm.cz\/wp-content\/uploads\/obalka_eng_simulace_sala_rbg.jpg\",\"width\":775,\"height\":980,\"caption\":\"Konstantina Hlav\u00e1\u010dkov\u00e1: Mafd Silkman\"},{\"@type\":\"BreadcrumbList\",\"@id\":\"https:\/\/www.upm.cz\/eshop\/mad-silkman-zika-lida-ascher-textile-and-fashion\/#breadcrumb\",\"itemListElement\":[{\"@type\":\"ListItem\",\"position\":1,\"name\":\"Dom\u016f\",\"item\":\"https:\/\/www.upm.cz\/\"},{\"@type\":\"ListItem\",\"position\":2,\"name\":\"eshop\",\"item\":\"https:\/\/www.upm.cz\/eshop\/\"},{\"@type\":\"ListItem\",\"position\":3,\"name\":\"MAD SILKMAN. ZIKA &#038; LIDA ASCHER: TEXTILE AND FASHION\"}]},{\"@type\":\"WebSite\",\"@id\":\"https:\/\/www.upm.cz\/#website\",\"url\":\"https:\/\/www.upm.cz\/\",\"name\":\"Um\u011bleckopr\u016fmyslov\u00e9 museum v Praze\",\"description\":\"\",\"publisher\":{\"@id\":\"https:\/\/www.upm.cz\/#organization\"},\"potentialAction\":[{\"@type\":\"SearchAction\",\"target\":{\"@type\":\"EntryPoint\",\"urlTemplate\":\"https:\/\/www.upm.cz\/?s={search_term_string}\"},\"query-input\":{\"@type\":\"PropertyValueSpecification\",\"valueRequired\":true,\"valueName\":\"search_term_string\"}}],\"inLanguage\":\"en-US\"},{\"@type\":\"Organization\",\"@id\":\"https:\/\/www.upm.cz\/#organization\",\"name\":\"Um\u011bleckopr\u016fmyslov\u00e9 museum v Praze\",\"url\":\"https:\/\/www.upm.cz\/\",\"logo\":{\"@type\":\"ImageObject\",\"inLanguage\":\"en-US\",\"@id\":\"https:\/\/www.upm.cz\/#\/schema\/logo\/image\/\",\"url\":\"https:\/\/www.upm.cz\/wp-content\/uploads\/2020\/03\/logo_upm_cz.svg\",\"contentUrl\":\"https:\/\/www.upm.cz\/wp-content\/uploads\/2020\/03\/logo_upm_cz.svg\",\"width\":1736,\"height\":295,\"caption\":\"Um\u011bleckopr\u016fmyslov\u00e9 museum v Praze\"},\"image\":{\"@id\":\"https:\/\/www.upm.cz\/#\/schema\/logo\/image\/\"}}]}<\/script>\n<!-- \/ Yoast SEO plugin. -->","yoast_head_json":{"title":"MAD SILKMAN. ZIKA & LIDA ASCHER: TEXTILE AND FASHION - Um\u011bleckopr\u016fmyslov\u00e9 museum v Praze","description":"Ascher - although the name and the brand are entirely unknown in the Czech Republic, in Western Europe they have been synonymous with fine textile design for more than seventy years. This book traces the story of Zika Ascher and his wife Lida, whose personal and professional lives played out against the dramatic history of the 20th century. After leaving Czechoslovakia in 1939, they built in London a highly successful enterprise that specialised in fashion fabrics. French, Italian and British designers and fashion houses chose Ascher textiles for their collections, including Dior, Balenciaga, Lanvin, Pierre Cardin, Yves Saint Laurent, Ronald Paterson, David Sassoon and Alberto Fabiani. Lida and Zika were especially celebrated for their Squares, a collection of luxurious printed scarves designed by famous artists such as Henry Moore, Henri Matisse and Andr\u00e9 Derain. The book weaves together all the different strands of their eventful lives to produce a comprehensive account that goes beyond the individual artistic, technical and business aspects. It devotes considerable attention to the years before Zika and Lida left Czechoslovakia in 1939 to go into exile in the United Kingdom, and it subsequently continues to map developments in their former homeland, which they never renounced. The book's author is Konstantina Hlav\u00e1\u010dkov\u00e1, the curator of the textiles and fashion collection at the Museum of Decorative Arts in Prague. Lida and Zika's son Peter Ascher has added some of his childhood memories.","robots":{"index":"index","follow":"follow","max-snippet":"max-snippet:-1","max-image-preview":"max-image-preview:large","max-video-preview":"max-video-preview:-1"},"canonical":"https:\/\/www.upm.cz\/an\/eshop\/mad-silkman-zika-lida-ascher-textile-and-fashion\/","og_locale":"en_US","og_type":"article","og_title":"MAD SILKMAN. ZIKA & LIDA ASCHER: TEXTILE AND FASHION - Um\u011bleckopr\u016fmyslov\u00e9 museum v Praze","og_description":"Ascher - although the name and the brand are entirely unknown in the Czech Republic, in Western Europe they have been synonymous with fine textile design for more than seventy years. This book traces the story of Zika Ascher and his wife Lida, whose personal and professional lives played out against the dramatic history of the 20th century. After leaving Czechoslovakia in 1939, they built in London a highly successful enterprise that specialised in fashion fabrics. French, Italian and British designers and fashion houses chose Ascher textiles for their collections, including Dior, Balenciaga, Lanvin, Pierre Cardin, Yves Saint Laurent, Ronald Paterson, David Sassoon and Alberto Fabiani. Lida and Zika were especially celebrated for their Squares, a collection of luxurious printed scarves designed by famous artists such as Henry Moore, Henri Matisse and Andr\u00e9 Derain. The book weaves together all the different strands of their eventful lives to produce a comprehensive account that goes beyond the individual artistic, technical and business aspects. It devotes considerable attention to the years before Zika and Lida left Czechoslovakia in 1939 to go into exile in the United Kingdom, and it subsequently continues to map developments in their former homeland, which they never renounced. The book's author is Konstantina Hlav\u00e1\u010dkov\u00e1, the curator of the textiles and fashion collection at the Museum of Decorative Arts in Prague. Lida and Zika's son Peter Ascher has added some of his childhood memories.","og_url":"https:\/\/www.upm.cz\/an\/eshop\/mad-silkman-zika-lida-ascher-textile-and-fashion\/","og_site_name":"Um\u011bleckopr\u016fmyslov\u00e9 museum v Praze","article_modified_time":"2022-07-28T13:07:36+00:00","og_image":[{"width":775,"height":980,"url":"https:\/\/www.upm.cz\/wp-content\/uploads\/obalka_eng_simulace_sala_rbg.jpg","type":"image\/jpeg"}],"twitter_card":"summary_large_image","twitter_misc":{"Est. reading time":"2 minutes"},"schema":{"@context":"https:\/\/schema.org","@graph":[{"@type":"WebPage","@id":"https:\/\/www.upm.cz\/eshop\/mad-silkman-zika-lida-ascher-textile-and-fashion\/","url":"https:\/\/www.upm.cz\/eshop\/mad-silkman-zika-lida-ascher-textile-and-fashion\/","name":"MAD SILKMAN. ZIKA & LIDA ASCHER: TEXTILE AND FASHION - Um\u011bleckopr\u016fmyslov\u00e9 museum v Praze","isPartOf":{"@id":"https:\/\/www.upm.cz\/#website"},"primaryImageOfPage":{"@id":"https:\/\/www.upm.cz\/eshop\/mad-silkman-zika-lida-ascher-textile-and-fashion\/#primaryimage"},"image":{"@id":"https:\/\/www.upm.cz\/eshop\/mad-silkman-zika-lida-ascher-textile-and-fashion\/#primaryimage"},"thumbnailUrl":"https:\/\/www.upm.cz\/wp-content\/uploads\/obalka_eng_simulace_sala_rbg.jpg","datePublished":"2021-07-28T12:46:38+00:00","dateModified":"2022-07-28T13:07:36+00:00","description":"Ascher - although the name and the brand are entirely unknown in the Czech Republic, in Western Europe they have been synonymous with fine textile design for more than seventy years. This book traces the story of Zika Ascher and his wife Lida, whose personal and professional lives played out against the dramatic history of the 20th century. After leaving Czechoslovakia in 1939, they built in London a highly successful enterprise that specialised in fashion fabrics. French, Italian and British designers and fashion houses chose Ascher textiles for their collections, including Dior, Balenciaga, Lanvin, Pierre Cardin, Yves Saint Laurent, Ronald Paterson, David Sassoon and Alberto Fabiani. Lida and Zika were especially celebrated for their Squares, a collection of luxurious printed scarves designed by famous artists such as Henry Moore, Henri Matisse and Andr\u00e9 Derain. The book weaves together all the different strands of their eventful lives to produce a comprehensive account that goes beyond the individual artistic, technical and business aspects. It devotes considerable attention to the years before Zika and Lida left Czechoslovakia in 1939 to go into exile in the United Kingdom, and it subsequently continues to map developments in their former homeland, which they never renounced. The book's author is Konstantina Hlav\u00e1\u010dkov\u00e1, the curator of the textiles and fashion collection at the Museum of Decorative Arts in Prague. Lida and Zika's son Peter Ascher has added some of his childhood memories.","breadcrumb":{"@id":"https:\/\/www.upm.cz\/eshop\/mad-silkman-zika-lida-ascher-textile-and-fashion\/#breadcrumb"},"inLanguage":"en-US","potentialAction":[{"@type":"ReadAction","target":["https:\/\/www.upm.cz\/eshop\/mad-silkman-zika-lida-ascher-textile-and-fashion\/"]}]},{"@type":"ImageObject","inLanguage":"en-US","@id":"https:\/\/www.upm.cz\/eshop\/mad-silkman-zika-lida-ascher-textile-and-fashion\/#primaryimage","url":"https:\/\/www.upm.cz\/wp-content\/uploads\/obalka_eng_simulace_sala_rbg.jpg","contentUrl":"https:\/\/www.upm.cz\/wp-content\/uploads\/obalka_eng_simulace_sala_rbg.jpg","width":775,"height":980,"caption":"Konstantina Hlav\u00e1\u010dkov\u00e1: Mafd Silkman"},{"@type":"BreadcrumbList","@id":"https:\/\/www.upm.cz\/eshop\/mad-silkman-zika-lida-ascher-textile-and-fashion\/#breadcrumb","itemListElement":[{"@type":"ListItem","position":1,"name":"Dom\u016f","item":"https:\/\/www.upm.cz\/"},{"@type":"ListItem","position":2,"name":"eshop","item":"https:\/\/www.upm.cz\/eshop\/"},{"@type":"ListItem","position":3,"name":"MAD SILKMAN. ZIKA &#038; LIDA ASCHER: TEXTILE AND FASHION"}]},{"@type":"WebSite","@id":"https:\/\/www.upm.cz\/#website","url":"https:\/\/www.upm.cz\/","name":"Um\u011bleckopr\u016fmyslov\u00e9 museum v Praze","description":"","publisher":{"@id":"https:\/\/www.upm.cz\/#organization"},"potentialAction":[{"@type":"SearchAction","target":{"@type":"EntryPoint","urlTemplate":"https:\/\/www.upm.cz\/?s={search_term_string}"},"query-input":{"@type":"PropertyValueSpecification","valueRequired":true,"valueName":"search_term_string"}}],"inLanguage":"en-US"},{"@type":"Organization","@id":"https:\/\/www.upm.cz\/#organization","name":"Um\u011bleckopr\u016fmyslov\u00e9 museum v Praze","url":"https:\/\/www.upm.cz\/","logo":{"@type":"ImageObject","inLanguage":"en-US","@id":"https:\/\/www.upm.cz\/#\/schema\/logo\/image\/","url":"https:\/\/www.upm.cz\/wp-content\/uploads\/2020\/03\/logo_upm_cz.svg","contentUrl":"https:\/\/www.upm.cz\/wp-content\/uploads\/2020\/03\/logo_upm_cz.svg","width":1736,"height":295,"caption":"Um\u011bleckopr\u016fmyslov\u00e9 museum v Praze"},"image":{"@id":"https:\/\/www.upm.cz\/#\/schema\/logo\/image\/"}}]}},"_links":{"self":[{"href":"https:\/\/www.upm.cz\/an\/wp-json\/wp\/v2\/product\/12605","targetHints":{"allow":["GET"]}}],"collection":[{"href":"https:\/\/www.upm.cz\/an\/wp-json\/wp\/v2\/product"}],"about":[{"href":"https:\/\/www.upm.cz\/an\/wp-json\/wp\/v2\/types\/product"}],"wp:featuredmedia":[{"embeddable":true,"href":"https:\/\/www.upm.cz\/an\/wp-json\/wp\/v2\/media\/12606"}],"wp:attachment":[{"href":"https:\/\/www.upm.cz\/an\/wp-json\/wp\/v2\/media?parent=12605"}],"wp:term":[{"taxonomy":"product_brand","embeddable":true,"href":"https:\/\/www.upm.cz\/an\/wp-json\/wp\/v2\/product_brand?post=12605"},{"taxonomy":"product_cat","embeddable":true,"href":"https:\/\/www.upm.cz\/an\/wp-json\/wp\/v2\/product_cat?post=12605"},{"taxonomy":"product_tag","embeddable":true,"href":"https:\/\/www.upm.cz\/an\/wp-json\/wp\/v2\/product_tag?post=12605"}],"curies":[{"name":"wp","href":"https:\/\/api.w.org\/{rel}","templated":true}]}}