{"id":12873,"date":"2022-08-26T10:25:41","date_gmt":"2022-08-26T08:25:41","guid":{"rendered":"https:\/\/www.upm.cz\/?post_type=product&#038;p=12873"},"modified":"2025-04-11T12:32:24","modified_gmt":"2025-04-11T10:32:24","slug":"sberatel-lannova-sbirka-skla","status":"publish","type":"product","link":"https:\/\/www.upm.cz\/an\/eshop\/sberatel-lannova-sbirka-skla\/","title":{"rendered":"SB\u011aRATEL. LANNOVA SB\u00cdRKA SKLA"},"content":{"rendered":"<p>Publikace doprov\u00e1z\u00ed stejnojmennou v\u00fdstavu, jej\u00edm\u017e prost\u0159ednictv\u00edm Um\u011bleckopr\u016fmyslov\u00e9 museum v&nbsp;Praze p\u0159edstavuje sb\u00edrku skla podnikatele ve stavebnictv\u00ed, mecen\u00e1\u0161e a\u00a0spoluzakladatele muzea Vojt\u011bcha Lanny (1836\u20131909). Jeho z\u00e1jem na vzniku muzea vych\u00e1zel z&nbsp;jeho sb\u011bratelsk\u00e9 v\u00e1\u0161n\u011b a&nbsp;zaujet\u00ed pro zveleben\u00ed kulturn\u00edch a&nbsp;hospod\u00e1\u0159sk\u00fdch pom\u011br\u016f v\u00a0\u010cech\u00e1ch. Proslulou a&nbsp;nezvykle rozs\u00e1hlou sb\u00edrku p\u0159edev\u0161\u00edm renesan\u010dn\u00edho a&nbsp;barokn\u00edho skla z\u00edskalo muzeum darem roku 1906. Jej\u00ed v\u00fdznam a\u00a0um\u011bleckohistorickou hodnotu dokl\u00e1d\u00e1 osm des\u00edtek vybran\u00fdch uk\u00e1zek, kter\u00e9 obrazem i\u00a0textem seznamuj\u00ed s&nbsp;jedine\u010dn\u00fdmi pam\u00e1tkami nejen ben\u00e1tsk\u00e9ho a&nbsp;\u010desk\u00e9ho skl\u00e1\u0159sk\u00e9ho um\u011bn\u00ed 16.&nbsp;a\u017e 18.&nbsp;stolet\u00ed.<\/p>\n<p><strong>\u00a0<\/strong>Katalog vydalo Um\u011bleckopr\u016fmyslov\u00e9 museum v\u00a0Praze v\u00a0roce 2022 ke stejnojmenn\u00e9 v\u00fdstav\u011b konan\u00e9 v&nbsp;UPM od 15.&nbsp;\u010dervna do 30.&nbsp;\u0159\u00edjna 2022 u&nbsp;p\u0159\u00edle\u017eitosti 26. Gener\u00e1ln\u00ed konference ICOM Praha 2022.<\/p>","protected":false},"excerpt":{"rendered":"<p>koncepce: Jana \u010cernovsk\u00e1, Jan Mergl<br \/>\ntexty: Helena Bro\u017ekov\u00e1, Jana \u010cernovsk\u00e1, Helena Koenigsmarkov\u00e1, Jan Mergl, Jan Sch\u00f6ttner, Filip Wittlich<br \/>\ngrafick\u00fd design: Eva Koktov\u00e1<br \/>\nvyd\u00e1n\u00ed: \u010desk\u00e9 a&nbsp;anglick\u00e9<br \/>\nform\u00e1t: 23 x 19 cm, m\u011bkk\u00e1 vazba<br \/>\npo\u010det stran: 132<br \/>\npo\u010det reprodukc\u00ed: 106<br \/>\nvydavatel: Um\u011bleckopr\u016fmyslov\u00e9 museum v&nbsp;Praze 2022<\/p>\n<p>ISBN 978-80-7101-208-5 (\u010dj)<br \/>\nISBN 978-80-7101-209-2 (aj)<\/p>","protected":false},"featured_media":12874,"template":"","meta":{"_acf_changed":false},"product_brand":[],"product_cat":[45],"product_tag":[],"class_list":{"0":"post-12873","1":"product","2":"type-product","3":"status-publish","4":"has-post-thumbnail","6":"product_cat-knihy","8":"first","9":"instock","10":"shipping-taxable","11":"purchasable","12":"product-type-variable"},"acf":[],"yoast_head":"<!-- This site is optimized with the Yoast SEO plugin v26.9 - https:\/\/yoast.com\/product\/yoast-seo-wordpress\/ -->\n<title>SB\u011aRATEL. LANNOVA SB\u00cdRKA SKLA - Um\u011bleckopr\u016fmyslov\u00e9 museum v Praze<\/title>\n<meta name=\"description\" content=\"Plak\u00e1t jako um\u011bleck\u00e9 m\u00e9dium, prost\u0159edek reklamy, osv\u011bty i propagandy se od z\u00e1v\u011bru 19. stolet\u00ed t\u011b\u0161\u00ed z\u00e1jmu sb\u011bratel\u016f a badatel\u016f, a to nejen z oblasti um\u011bnov\u011bdn\u00fdch a historick\u00fdch obor\u016f, ale i z mezioborov\u00fdch discipl\u00edn, jako je teorie vizu\u00e1ln\u00ed komunikace a kulturologie. Lexikon \u010desk\u00fdch afi\u0161ist\u016f 1890\u20131938 je prvn\u00ed publikac\u00ed shrnuj\u00edc\u00ed pramenn\u00e9 materi\u00e1ly k plak\u00e1tov\u00e9 tvorb\u011b u n\u00e1s a jeho z\u00e1m\u011brem je poskytnout z\u00e1kladn\u00ed literaturu a n\u00e1stroj k v\u00fdzkumu v oblasti plak\u00e1tu pro pracovn\u00edky sb\u00edrkov\u00fdch instituc\u00ed, sb\u011bratele a odborn\u00e9 v\u011bdeck\u00e9 pracovn\u00edky nejr\u016fzn\u011bj\u0161\u00edch obor\u016f.\" \/>\n<meta name=\"robots\" content=\"index, follow, max-snippet:-1, max-image-preview:large, max-video-preview:-1\" \/>\n<link rel=\"canonical\" href=\"https:\/\/www.upm.cz\/an\/eshop\/sberatel-lannova-sbirka-skla\/\" \/>\n<meta property=\"og:locale\" content=\"en_US\" \/>\n<meta property=\"og:type\" content=\"article\" \/>\n<meta property=\"og:title\" content=\"SB\u011aRATEL. LANNOVA SB\u00cdRKA SKLA - Um\u011bleckopr\u016fmyslov\u00e9 museum v Praze\" \/>\n<meta property=\"og:description\" content=\"Plak\u00e1t jako um\u011bleck\u00e9 m\u00e9dium, prost\u0159edek reklamy, osv\u011bty i propagandy se od z\u00e1v\u011bru 19. stolet\u00ed t\u011b\u0161\u00ed z\u00e1jmu sb\u011bratel\u016f a badatel\u016f, a to nejen z oblasti um\u011bnov\u011bdn\u00fdch a historick\u00fdch obor\u016f, ale i z mezioborov\u00fdch discipl\u00edn, jako je teorie vizu\u00e1ln\u00ed komunikace a kulturologie. Lexikon \u010desk\u00fdch afi\u0161ist\u016f 1890\u20131938 je prvn\u00ed publikac\u00ed shrnuj\u00edc\u00ed pramenn\u00e9 materi\u00e1ly k plak\u00e1tov\u00e9 tvorb\u011b u n\u00e1s a jeho z\u00e1m\u011brem je poskytnout z\u00e1kladn\u00ed literaturu a n\u00e1stroj k v\u00fdzkumu v oblasti plak\u00e1tu pro pracovn\u00edky sb\u00edrkov\u00fdch instituc\u00ed, sb\u011bratele a odborn\u00e9 v\u011bdeck\u00e9 pracovn\u00edky nejr\u016fzn\u011bj\u0161\u00edch obor\u016f.\" \/>\n<meta property=\"og:url\" content=\"https:\/\/www.upm.cz\/an\/eshop\/sberatel-lannova-sbirka-skla\/\" \/>\n<meta property=\"og:site_name\" content=\"Um\u011bleckopr\u016fmyslov\u00e9 museum v Praze\" \/>\n<meta property=\"article:modified_time\" content=\"2025-04-11T10:32:24+00:00\" \/>\n<meta property=\"og:image\" content=\"https:\/\/www.upm.cz\/wp-content\/uploads\/lannaCJ.jpg\" \/>\n\t<meta property=\"og:image:width\" content=\"1120\" \/>\n\t<meta property=\"og:image:height\" content=\"1356\" \/>\n\t<meta property=\"og:image:type\" content=\"image\/jpeg\" \/>\n<meta name=\"twitter:card\" content=\"summary_large_image\" \/>\n<meta name=\"twitter:label1\" content=\"Est. reading time\" \/>\n\t<meta name=\"twitter:data1\" content=\"1 minute\" \/>\n<script type=\"application\/ld+json\" class=\"yoast-schema-graph\">{\"@context\":\"https:\/\/schema.org\",\"@graph\":[{\"@type\":\"WebPage\",\"@id\":\"https:\/\/www.upm.cz\/eshop\/sberatel-lannova-sbirka-skla\/\",\"url\":\"https:\/\/www.upm.cz\/eshop\/sberatel-lannova-sbirka-skla\/\",\"name\":\"SB\u011aRATEL. LANNOVA SB\u00cdRKA SKLA - Um\u011bleckopr\u016fmyslov\u00e9 museum v Praze\",\"isPartOf\":{\"@id\":\"https:\/\/www.upm.cz\/#website\"},\"primaryImageOfPage\":{\"@id\":\"https:\/\/www.upm.cz\/eshop\/sberatel-lannova-sbirka-skla\/#primaryimage\"},\"image\":{\"@id\":\"https:\/\/www.upm.cz\/eshop\/sberatel-lannova-sbirka-skla\/#primaryimage\"},\"thumbnailUrl\":\"https:\/\/www.upm.cz\/wp-content\/uploads\/lannaCJ.jpg\",\"datePublished\":\"2022-08-26T08:25:41+00:00\",\"dateModified\":\"2025-04-11T10:32:24+00:00\",\"description\":\"Plak\u00e1t jako um\u011bleck\u00e9 m\u00e9dium, prost\u0159edek reklamy, osv\u011bty i propagandy se od z\u00e1v\u011bru 19. stolet\u00ed t\u011b\u0161\u00ed z\u00e1jmu sb\u011bratel\u016f a badatel\u016f, a to nejen z oblasti um\u011bnov\u011bdn\u00fdch a historick\u00fdch obor\u016f, ale i z mezioborov\u00fdch discipl\u00edn, jako je teorie vizu\u00e1ln\u00ed komunikace a kulturologie. Lexikon \u010desk\u00fdch afi\u0161ist\u016f 1890\u20131938 je prvn\u00ed publikac\u00ed shrnuj\u00edc\u00ed pramenn\u00e9 materi\u00e1ly k plak\u00e1tov\u00e9 tvorb\u011b u n\u00e1s a jeho z\u00e1m\u011brem je poskytnout z\u00e1kladn\u00ed literaturu a n\u00e1stroj k v\u00fdzkumu v oblasti plak\u00e1tu pro pracovn\u00edky sb\u00edrkov\u00fdch instituc\u00ed, sb\u011bratele a odborn\u00e9 v\u011bdeck\u00e9 pracovn\u00edky nejr\u016fzn\u011bj\u0161\u00edch obor\u016f.\",\"breadcrumb\":{\"@id\":\"https:\/\/www.upm.cz\/eshop\/sberatel-lannova-sbirka-skla\/#breadcrumb\"},\"inLanguage\":\"en-US\",\"potentialAction\":[{\"@type\":\"ReadAction\",\"target\":[\"https:\/\/www.upm.cz\/eshop\/sberatel-lannova-sbirka-skla\/\"]}]},{\"@type\":\"ImageObject\",\"inLanguage\":\"en-US\",\"@id\":\"https:\/\/www.upm.cz\/eshop\/sberatel-lannova-sbirka-skla\/#primaryimage\",\"url\":\"https:\/\/www.upm.cz\/wp-content\/uploads\/lannaCJ.jpg\",\"contentUrl\":\"https:\/\/www.upm.cz\/wp-content\/uploads\/lannaCJ.jpg\",\"width\":1120,\"height\":1356,\"caption\":\"Sb\u011bratel. Lannova sb\u00edrka skla. Ob\u00e1lka knihy\"},{\"@type\":\"BreadcrumbList\",\"@id\":\"https:\/\/www.upm.cz\/eshop\/sberatel-lannova-sbirka-skla\/#breadcrumb\",\"itemListElement\":[{\"@type\":\"ListItem\",\"position\":1,\"name\":\"Dom\u016f\",\"item\":\"https:\/\/www.upm.cz\/\"},{\"@type\":\"ListItem\",\"position\":2,\"name\":\"eshop\",\"item\":\"https:\/\/www.upm.cz\/eshop\/\"},{\"@type\":\"ListItem\",\"position\":3,\"name\":\"SB\u011aRATEL. LANNOVA SB\u00cdRKA SKLA\"}]},{\"@type\":\"WebSite\",\"@id\":\"https:\/\/www.upm.cz\/#website\",\"url\":\"https:\/\/www.upm.cz\/\",\"name\":\"Um\u011bleckopr\u016fmyslov\u00e9 museum v Praze\",\"description\":\"\",\"publisher\":{\"@id\":\"https:\/\/www.upm.cz\/#organization\"},\"potentialAction\":[{\"@type\":\"SearchAction\",\"target\":{\"@type\":\"EntryPoint\",\"urlTemplate\":\"https:\/\/www.upm.cz\/?s={search_term_string}\"},\"query-input\":{\"@type\":\"PropertyValueSpecification\",\"valueRequired\":true,\"valueName\":\"search_term_string\"}}],\"inLanguage\":\"en-US\"},{\"@type\":\"Organization\",\"@id\":\"https:\/\/www.upm.cz\/#organization\",\"name\":\"Um\u011bleckopr\u016fmyslov\u00e9 museum v Praze\",\"url\":\"https:\/\/www.upm.cz\/\",\"logo\":{\"@type\":\"ImageObject\",\"inLanguage\":\"en-US\",\"@id\":\"https:\/\/www.upm.cz\/#\/schema\/logo\/image\/\",\"url\":\"https:\/\/www.upm.cz\/wp-content\/uploads\/2020\/03\/logo_upm_cz.svg\",\"contentUrl\":\"https:\/\/www.upm.cz\/wp-content\/uploads\/2020\/03\/logo_upm_cz.svg\",\"width\":1736,\"height\":295,\"caption\":\"Um\u011bleckopr\u016fmyslov\u00e9 museum v Praze\"},\"image\":{\"@id\":\"https:\/\/www.upm.cz\/#\/schema\/logo\/image\/\"}}]}<\/script>\n<!-- \/ Yoast SEO plugin. -->","yoast_head_json":{"title":"SB\u011aRATEL. LANNOVA SB\u00cdRKA SKLA - Um\u011bleckopr\u016fmyslov\u00e9 museum v Praze","description":"Plak\u00e1t jako um\u011bleck\u00e9 m\u00e9dium, prost\u0159edek reklamy, osv\u011bty i propagandy se od z\u00e1v\u011bru 19. stolet\u00ed t\u011b\u0161\u00ed z\u00e1jmu sb\u011bratel\u016f a badatel\u016f, a to nejen z oblasti um\u011bnov\u011bdn\u00fdch a historick\u00fdch obor\u016f, ale i z mezioborov\u00fdch discipl\u00edn, jako je teorie vizu\u00e1ln\u00ed komunikace a kulturologie. Lexikon \u010desk\u00fdch afi\u0161ist\u016f 1890\u20131938 je prvn\u00ed publikac\u00ed shrnuj\u00edc\u00ed pramenn\u00e9 materi\u00e1ly k plak\u00e1tov\u00e9 tvorb\u011b u n\u00e1s a jeho z\u00e1m\u011brem je poskytnout z\u00e1kladn\u00ed literaturu a n\u00e1stroj k v\u00fdzkumu v oblasti plak\u00e1tu pro pracovn\u00edky sb\u00edrkov\u00fdch instituc\u00ed, sb\u011bratele a odborn\u00e9 v\u011bdeck\u00e9 pracovn\u00edky nejr\u016fzn\u011bj\u0161\u00edch obor\u016f.","robots":{"index":"index","follow":"follow","max-snippet":"max-snippet:-1","max-image-preview":"max-image-preview:large","max-video-preview":"max-video-preview:-1"},"canonical":"https:\/\/www.upm.cz\/an\/eshop\/sberatel-lannova-sbirka-skla\/","og_locale":"en_US","og_type":"article","og_title":"SB\u011aRATEL. LANNOVA SB\u00cdRKA SKLA - Um\u011bleckopr\u016fmyslov\u00e9 museum v Praze","og_description":"Plak\u00e1t jako um\u011bleck\u00e9 m\u00e9dium, prost\u0159edek reklamy, osv\u011bty i propagandy se od z\u00e1v\u011bru 19. stolet\u00ed t\u011b\u0161\u00ed z\u00e1jmu sb\u011bratel\u016f a badatel\u016f, a to nejen z oblasti um\u011bnov\u011bdn\u00fdch a historick\u00fdch obor\u016f, ale i z mezioborov\u00fdch discipl\u00edn, jako je teorie vizu\u00e1ln\u00ed komunikace a kulturologie. Lexikon \u010desk\u00fdch afi\u0161ist\u016f 1890\u20131938 je prvn\u00ed publikac\u00ed shrnuj\u00edc\u00ed pramenn\u00e9 materi\u00e1ly k plak\u00e1tov\u00e9 tvorb\u011b u n\u00e1s a jeho z\u00e1m\u011brem je poskytnout z\u00e1kladn\u00ed literaturu a n\u00e1stroj k v\u00fdzkumu v oblasti plak\u00e1tu pro pracovn\u00edky sb\u00edrkov\u00fdch instituc\u00ed, sb\u011bratele a odborn\u00e9 v\u011bdeck\u00e9 pracovn\u00edky nejr\u016fzn\u011bj\u0161\u00edch obor\u016f.","og_url":"https:\/\/www.upm.cz\/an\/eshop\/sberatel-lannova-sbirka-skla\/","og_site_name":"Um\u011bleckopr\u016fmyslov\u00e9 museum v Praze","article_modified_time":"2025-04-11T10:32:24+00:00","og_image":[{"width":1120,"height":1356,"url":"https:\/\/www.upm.cz\/wp-content\/uploads\/lannaCJ.jpg","type":"image\/jpeg"}],"twitter_card":"summary_large_image","twitter_misc":{"Est. reading time":"1 minute"},"schema":{"@context":"https:\/\/schema.org","@graph":[{"@type":"WebPage","@id":"https:\/\/www.upm.cz\/eshop\/sberatel-lannova-sbirka-skla\/","url":"https:\/\/www.upm.cz\/eshop\/sberatel-lannova-sbirka-skla\/","name":"SB\u011aRATEL. LANNOVA SB\u00cdRKA SKLA - Um\u011bleckopr\u016fmyslov\u00e9 museum v Praze","isPartOf":{"@id":"https:\/\/www.upm.cz\/#website"},"primaryImageOfPage":{"@id":"https:\/\/www.upm.cz\/eshop\/sberatel-lannova-sbirka-skla\/#primaryimage"},"image":{"@id":"https:\/\/www.upm.cz\/eshop\/sberatel-lannova-sbirka-skla\/#primaryimage"},"thumbnailUrl":"https:\/\/www.upm.cz\/wp-content\/uploads\/lannaCJ.jpg","datePublished":"2022-08-26T08:25:41+00:00","dateModified":"2025-04-11T10:32:24+00:00","description":"Plak\u00e1t jako um\u011bleck\u00e9 m\u00e9dium, prost\u0159edek reklamy, osv\u011bty i propagandy se od z\u00e1v\u011bru 19. stolet\u00ed t\u011b\u0161\u00ed z\u00e1jmu sb\u011bratel\u016f a badatel\u016f, a to nejen z oblasti um\u011bnov\u011bdn\u00fdch a historick\u00fdch obor\u016f, ale i z mezioborov\u00fdch discipl\u00edn, jako je teorie vizu\u00e1ln\u00ed komunikace a kulturologie. Lexikon \u010desk\u00fdch afi\u0161ist\u016f 1890\u20131938 je prvn\u00ed publikac\u00ed shrnuj\u00edc\u00ed pramenn\u00e9 materi\u00e1ly k plak\u00e1tov\u00e9 tvorb\u011b u n\u00e1s a jeho z\u00e1m\u011brem je poskytnout z\u00e1kladn\u00ed literaturu a n\u00e1stroj k v\u00fdzkumu v oblasti plak\u00e1tu pro pracovn\u00edky sb\u00edrkov\u00fdch instituc\u00ed, sb\u011bratele a odborn\u00e9 v\u011bdeck\u00e9 pracovn\u00edky nejr\u016fzn\u011bj\u0161\u00edch obor\u016f.","breadcrumb":{"@id":"https:\/\/www.upm.cz\/eshop\/sberatel-lannova-sbirka-skla\/#breadcrumb"},"inLanguage":"en-US","potentialAction":[{"@type":"ReadAction","target":["https:\/\/www.upm.cz\/eshop\/sberatel-lannova-sbirka-skla\/"]}]},{"@type":"ImageObject","inLanguage":"en-US","@id":"https:\/\/www.upm.cz\/eshop\/sberatel-lannova-sbirka-skla\/#primaryimage","url":"https:\/\/www.upm.cz\/wp-content\/uploads\/lannaCJ.jpg","contentUrl":"https:\/\/www.upm.cz\/wp-content\/uploads\/lannaCJ.jpg","width":1120,"height":1356,"caption":"Sb\u011bratel. Lannova sb\u00edrka skla. Ob\u00e1lka knihy"},{"@type":"BreadcrumbList","@id":"https:\/\/www.upm.cz\/eshop\/sberatel-lannova-sbirka-skla\/#breadcrumb","itemListElement":[{"@type":"ListItem","position":1,"name":"Dom\u016f","item":"https:\/\/www.upm.cz\/"},{"@type":"ListItem","position":2,"name":"eshop","item":"https:\/\/www.upm.cz\/eshop\/"},{"@type":"ListItem","position":3,"name":"SB\u011aRATEL. LANNOVA SB\u00cdRKA SKLA"}]},{"@type":"WebSite","@id":"https:\/\/www.upm.cz\/#website","url":"https:\/\/www.upm.cz\/","name":"Um\u011bleckopr\u016fmyslov\u00e9 museum v Praze","description":"","publisher":{"@id":"https:\/\/www.upm.cz\/#organization"},"potentialAction":[{"@type":"SearchAction","target":{"@type":"EntryPoint","urlTemplate":"https:\/\/www.upm.cz\/?s={search_term_string}"},"query-input":{"@type":"PropertyValueSpecification","valueRequired":true,"valueName":"search_term_string"}}],"inLanguage":"en-US"},{"@type":"Organization","@id":"https:\/\/www.upm.cz\/#organization","name":"Um\u011bleckopr\u016fmyslov\u00e9 museum v Praze","url":"https:\/\/www.upm.cz\/","logo":{"@type":"ImageObject","inLanguage":"en-US","@id":"https:\/\/www.upm.cz\/#\/schema\/logo\/image\/","url":"https:\/\/www.upm.cz\/wp-content\/uploads\/2020\/03\/logo_upm_cz.svg","contentUrl":"https:\/\/www.upm.cz\/wp-content\/uploads\/2020\/03\/logo_upm_cz.svg","width":1736,"height":295,"caption":"Um\u011bleckopr\u016fmyslov\u00e9 museum v Praze"},"image":{"@id":"https:\/\/www.upm.cz\/#\/schema\/logo\/image\/"}}]}},"_links":{"self":[{"href":"https:\/\/www.upm.cz\/an\/wp-json\/wp\/v2\/product\/12873","targetHints":{"allow":["GET"]}}],"collection":[{"href":"https:\/\/www.upm.cz\/an\/wp-json\/wp\/v2\/product"}],"about":[{"href":"https:\/\/www.upm.cz\/an\/wp-json\/wp\/v2\/types\/product"}],"wp:featuredmedia":[{"embeddable":true,"href":"https:\/\/www.upm.cz\/an\/wp-json\/wp\/v2\/media\/12874"}],"wp:attachment":[{"href":"https:\/\/www.upm.cz\/an\/wp-json\/wp\/v2\/media?parent=12873"}],"wp:term":[{"taxonomy":"product_brand","embeddable":true,"href":"https:\/\/www.upm.cz\/an\/wp-json\/wp\/v2\/product_brand?post=12873"},{"taxonomy":"product_cat","embeddable":true,"href":"https:\/\/www.upm.cz\/an\/wp-json\/wp\/v2\/product_cat?post=12873"},{"taxonomy":"product_tag","embeddable":true,"href":"https:\/\/www.upm.cz\/an\/wp-json\/wp\/v2\/product_tag?post=12873"}],"curies":[{"name":"wp","href":"https:\/\/api.w.org\/{rel}","templated":true}]}}