{"id":12933,"date":"2022-09-02T10:43:01","date_gmt":"2022-09-02T08:43:01","guid":{"rendered":"https:\/\/www.upm.cz\/?post_type=product&#038;p=12933"},"modified":"2022-09-06T13:57:46","modified_gmt":"2022-09-06T11:57:46","slug":"biedermeier-exhibition-guide","status":"publish","type":"product","link":"https:\/\/www.upm.cz\/an\/eshop\/biedermeier-exhibition-guide\/","title":{"rendered":"BIEDERMEIER. EXHIBITION GUIDE"},"content":{"rendered":"<p>The artworks of Bohemia and Moravia in the first half of the 19th century reflect a&nbsp;distinctive artistic and ideological trend &#8211; Biedermeier. The exhibition guide shows the true face of Biedermeier as a&nbsp;lifestyle and artistic style created by the aristocracy and the wealthy bourgeoisie, which gradually affected all levels of society. In the spirit of the emerging civil society, it espoused the ideals of practicality and simplicity, discovering the charm of everyday things and pleasures, as well as the beauty of nature and natural materials. The sober elegance and matter-of-factness &#8211; the hallmarks of the Biedermeier aesthetic &#8211; reflected the overall modernisation of society and became a&nbsp;harbinger of modern design.<\/p>\n<p>&nbsp;<\/p>","protected":false},"excerpt":{"rendered":"<p>The guide was published by the UPM for the exhibition of the same name held in the Prague Castle Riding Hall on 28 May-28 September 2008.<\/p>\n<p>Radim Vondr\u00e1\u010dek<br \/>\nText by Radim Vondr\u00e1\u010dek, Helena Koenigsmarkov\u00e1<br \/>\nEntries: Helena Bro\u017ekov\u00e1, Ji\u0159\u00ed Fronek, Daniela Karasov\u00e1, \u0160\u00e1rka Leubnerov\u00e1, Zuzana Novotn\u00e1, Dana Stehl\u00edkov\u00e1, Eva Uchalov\u00e1, V\u00edt Vlnas, Radim Vondr\u00e1\u010dek, Jana Wittlichov\u00e1 and others<br \/>\neditions: separate Czech and English<br \/>\ngraphic design: Filip Heyduk, HMS design, s.r.o.<br \/>\n120 pages<\/p>\n<p>ISBN 978-80-7101-209-2 (aj)<\/p>","protected":false},"featured_media":6972,"template":"","meta":{"_acf_changed":false},"product_brand":[],"product_cat":[80],"product_tag":[],"class_list":{"0":"post-12933","1":"product","2":"type-product","3":"status-publish","4":"has-post-thumbnail","6":"product_cat-books","8":"first","9":"instock","10":"shipping-taxable","11":"purchasable","12":"product-type-simple"},"acf":[],"yoast_head":"<!-- This site is optimized with the Yoast SEO plugin v26.9 - https:\/\/yoast.com\/product\/yoast-seo-wordpress\/ -->\n<title>BIEDERMEIER. EXHIBITION GUIDE - Um\u011bleckopr\u016fmyslov\u00e9 museum v Praze<\/title>\n<meta name=\"description\" content=\"The artworks of Bohemia and Moravia in the first half of the 19th century reflect a distinctive artistic and ideological trend - Biedermeier. The exhibition guide shows the true face of Biedermeier as a lifestyle and artistic style created by the aristocracy and the wealthy bourgeoisie, which gradually affected all levels of society. In the spirit of the emerging civil society, it espoused the ideals of practicality and simplicity, discovering the charm of everyday things and pleasures, as well as the beauty of nature and natural materials. The sober elegance and matter-of-factness - the hallmarks of the Biedermeier aesthetic - reflected the overall modernisation of society and became a harbinger of modern design.\" \/>\n<meta name=\"robots\" content=\"index, follow, max-snippet:-1, max-image-preview:large, max-video-preview:-1\" \/>\n<link rel=\"canonical\" href=\"https:\/\/www.upm.cz\/an\/eshop\/biedermeier-exhibition-guide\/\" \/>\n<meta property=\"og:locale\" content=\"en_US\" \/>\n<meta property=\"og:type\" content=\"article\" \/>\n<meta property=\"og:title\" content=\"BIEDERMEIER. EXHIBITION GUIDE - Um\u011bleckopr\u016fmyslov\u00e9 museum v Praze\" \/>\n<meta property=\"og:description\" content=\"The artworks of Bohemia and Moravia in the first half of the 19th century reflect a distinctive artistic and ideological trend - Biedermeier. The exhibition guide shows the true face of Biedermeier as a lifestyle and artistic style created by the aristocracy and the wealthy bourgeoisie, which gradually affected all levels of society. In the spirit of the emerging civil society, it espoused the ideals of practicality and simplicity, discovering the charm of everyday things and pleasures, as well as the beauty of nature and natural materials. The sober elegance and matter-of-factness - the hallmarks of the Biedermeier aesthetic - reflected the overall modernisation of society and became a harbinger of modern design.\" \/>\n<meta property=\"og:url\" content=\"https:\/\/www.upm.cz\/an\/eshop\/biedermeier-exhibition-guide\/\" \/>\n<meta property=\"og:site_name\" content=\"Um\u011bleckopr\u016fmyslov\u00e9 museum v Praze\" \/>\n<meta property=\"article:modified_time\" content=\"2022-09-06T11:57:46+00:00\" \/>\n<meta property=\"og:image\" content=\"https:\/\/www.upm.cz\/wp-content\/uploads\/Bieder_pruvodce_aj_035-1.jpg\" \/>\n\t<meta property=\"og:image:width\" content=\"1172\" \/>\n\t<meta property=\"og:image:height\" content=\"1400\" \/>\n\t<meta property=\"og:image:type\" content=\"image\/jpeg\" \/>\n<meta name=\"twitter:card\" content=\"summary_large_image\" \/>\n<meta name=\"twitter:label1\" content=\"Est. reading time\" \/>\n\t<meta name=\"twitter:data1\" content=\"1 minute\" \/>\n<script type=\"application\/ld+json\" class=\"yoast-schema-graph\">{\"@context\":\"https:\/\/schema.org\",\"@graph\":[{\"@type\":\"WebPage\",\"@id\":\"https:\/\/www.upm.cz\/eshop\/biedermeier-exhibition-guide\/\",\"url\":\"https:\/\/www.upm.cz\/eshop\/biedermeier-exhibition-guide\/\",\"name\":\"BIEDERMEIER. EXHIBITION GUIDE - Um\u011bleckopr\u016fmyslov\u00e9 museum v Praze\",\"isPartOf\":{\"@id\":\"https:\/\/www.upm.cz\/#website\"},\"primaryImageOfPage\":{\"@id\":\"https:\/\/www.upm.cz\/eshop\/biedermeier-exhibition-guide\/#primaryimage\"},\"image\":{\"@id\":\"https:\/\/www.upm.cz\/eshop\/biedermeier-exhibition-guide\/#primaryimage\"},\"thumbnailUrl\":\"https:\/\/www.upm.cz\/wp-content\/uploads\/Bieder_pruvodce_aj_035-1.jpg\",\"datePublished\":\"2022-09-02T08:43:01+00:00\",\"dateModified\":\"2022-09-06T11:57:46+00:00\",\"description\":\"The artworks of Bohemia and Moravia in the first half of the 19th century reflect a distinctive artistic and ideological trend - Biedermeier. The exhibition guide shows the true face of Biedermeier as a lifestyle and artistic style created by the aristocracy and the wealthy bourgeoisie, which gradually affected all levels of society. In the spirit of the emerging civil society, it espoused the ideals of practicality and simplicity, discovering the charm of everyday things and pleasures, as well as the beauty of nature and natural materials. The sober elegance and matter-of-factness - the hallmarks of the Biedermeier aesthetic - reflected the overall modernisation of society and became a harbinger of modern design.\",\"breadcrumb\":{\"@id\":\"https:\/\/www.upm.cz\/eshop\/biedermeier-exhibition-guide\/#breadcrumb\"},\"inLanguage\":\"en-US\",\"potentialAction\":[{\"@type\":\"ReadAction\",\"target\":[\"https:\/\/www.upm.cz\/eshop\/biedermeier-exhibition-guide\/\"]}]},{\"@type\":\"ImageObject\",\"inLanguage\":\"en-US\",\"@id\":\"https:\/\/www.upm.cz\/eshop\/biedermeier-exhibition-guide\/#primaryimage\",\"url\":\"https:\/\/www.upm.cz\/wp-content\/uploads\/Bieder_pruvodce_aj_035-1.jpg\",\"contentUrl\":\"https:\/\/www.upm.cz\/wp-content\/uploads\/Bieder_pruvodce_aj_035-1.jpg\",\"width\":1172,\"height\":1400},{\"@type\":\"BreadcrumbList\",\"@id\":\"https:\/\/www.upm.cz\/eshop\/biedermeier-exhibition-guide\/#breadcrumb\",\"itemListElement\":[{\"@type\":\"ListItem\",\"position\":1,\"name\":\"Dom\u016f\",\"item\":\"https:\/\/www.upm.cz\/\"},{\"@type\":\"ListItem\",\"position\":2,\"name\":\"eshop\",\"item\":\"https:\/\/www.upm.cz\/eshop\/\"},{\"@type\":\"ListItem\",\"position\":3,\"name\":\"BIEDERMEIER. EXHIBITION GUIDE\"}]},{\"@type\":\"WebSite\",\"@id\":\"https:\/\/www.upm.cz\/#website\",\"url\":\"https:\/\/www.upm.cz\/\",\"name\":\"Um\u011bleckopr\u016fmyslov\u00e9 museum v Praze\",\"description\":\"\",\"publisher\":{\"@id\":\"https:\/\/www.upm.cz\/#organization\"},\"potentialAction\":[{\"@type\":\"SearchAction\",\"target\":{\"@type\":\"EntryPoint\",\"urlTemplate\":\"https:\/\/www.upm.cz\/?s={search_term_string}\"},\"query-input\":{\"@type\":\"PropertyValueSpecification\",\"valueRequired\":true,\"valueName\":\"search_term_string\"}}],\"inLanguage\":\"en-US\"},{\"@type\":\"Organization\",\"@id\":\"https:\/\/www.upm.cz\/#organization\",\"name\":\"Um\u011bleckopr\u016fmyslov\u00e9 museum v Praze\",\"url\":\"https:\/\/www.upm.cz\/\",\"logo\":{\"@type\":\"ImageObject\",\"inLanguage\":\"en-US\",\"@id\":\"https:\/\/www.upm.cz\/#\/schema\/logo\/image\/\",\"url\":\"https:\/\/www.upm.cz\/wp-content\/uploads\/2020\/03\/logo_upm_cz.svg\",\"contentUrl\":\"https:\/\/www.upm.cz\/wp-content\/uploads\/2020\/03\/logo_upm_cz.svg\",\"width\":1736,\"height\":295,\"caption\":\"Um\u011bleckopr\u016fmyslov\u00e9 museum v Praze\"},\"image\":{\"@id\":\"https:\/\/www.upm.cz\/#\/schema\/logo\/image\/\"}}]}<\/script>\n<!-- \/ Yoast SEO plugin. -->","yoast_head_json":{"title":"BIEDERMEIER. EXHIBITION GUIDE - Um\u011bleckopr\u016fmyslov\u00e9 museum v Praze","description":"The artworks of Bohemia and Moravia in the first half of the 19th century reflect a distinctive artistic and ideological trend - Biedermeier. The exhibition guide shows the true face of Biedermeier as a lifestyle and artistic style created by the aristocracy and the wealthy bourgeoisie, which gradually affected all levels of society. In the spirit of the emerging civil society, it espoused the ideals of practicality and simplicity, discovering the charm of everyday things and pleasures, as well as the beauty of nature and natural materials. The sober elegance and matter-of-factness - the hallmarks of the Biedermeier aesthetic - reflected the overall modernisation of society and became a harbinger of modern design.","robots":{"index":"index","follow":"follow","max-snippet":"max-snippet:-1","max-image-preview":"max-image-preview:large","max-video-preview":"max-video-preview:-1"},"canonical":"https:\/\/www.upm.cz\/an\/eshop\/biedermeier-exhibition-guide\/","og_locale":"en_US","og_type":"article","og_title":"BIEDERMEIER. EXHIBITION GUIDE - Um\u011bleckopr\u016fmyslov\u00e9 museum v Praze","og_description":"The artworks of Bohemia and Moravia in the first half of the 19th century reflect a distinctive artistic and ideological trend - Biedermeier. The exhibition guide shows the true face of Biedermeier as a lifestyle and artistic style created by the aristocracy and the wealthy bourgeoisie, which gradually affected all levels of society. In the spirit of the emerging civil society, it espoused the ideals of practicality and simplicity, discovering the charm of everyday things and pleasures, as well as the beauty of nature and natural materials. The sober elegance and matter-of-factness - the hallmarks of the Biedermeier aesthetic - reflected the overall modernisation of society and became a harbinger of modern design.","og_url":"https:\/\/www.upm.cz\/an\/eshop\/biedermeier-exhibition-guide\/","og_site_name":"Um\u011bleckopr\u016fmyslov\u00e9 museum v Praze","article_modified_time":"2022-09-06T11:57:46+00:00","og_image":[{"width":1172,"height":1400,"url":"https:\/\/www.upm.cz\/wp-content\/uploads\/Bieder_pruvodce_aj_035-1.jpg","type":"image\/jpeg"}],"twitter_card":"summary_large_image","twitter_misc":{"Est. reading time":"1 minute"},"schema":{"@context":"https:\/\/schema.org","@graph":[{"@type":"WebPage","@id":"https:\/\/www.upm.cz\/eshop\/biedermeier-exhibition-guide\/","url":"https:\/\/www.upm.cz\/eshop\/biedermeier-exhibition-guide\/","name":"BIEDERMEIER. EXHIBITION GUIDE - Um\u011bleckopr\u016fmyslov\u00e9 museum v Praze","isPartOf":{"@id":"https:\/\/www.upm.cz\/#website"},"primaryImageOfPage":{"@id":"https:\/\/www.upm.cz\/eshop\/biedermeier-exhibition-guide\/#primaryimage"},"image":{"@id":"https:\/\/www.upm.cz\/eshop\/biedermeier-exhibition-guide\/#primaryimage"},"thumbnailUrl":"https:\/\/www.upm.cz\/wp-content\/uploads\/Bieder_pruvodce_aj_035-1.jpg","datePublished":"2022-09-02T08:43:01+00:00","dateModified":"2022-09-06T11:57:46+00:00","description":"The artworks of Bohemia and Moravia in the first half of the 19th century reflect a distinctive artistic and ideological trend - Biedermeier. The exhibition guide shows the true face of Biedermeier as a lifestyle and artistic style created by the aristocracy and the wealthy bourgeoisie, which gradually affected all levels of society. In the spirit of the emerging civil society, it espoused the ideals of practicality and simplicity, discovering the charm of everyday things and pleasures, as well as the beauty of nature and natural materials. The sober elegance and matter-of-factness - the hallmarks of the Biedermeier aesthetic - reflected the overall modernisation of society and became a harbinger of modern design.","breadcrumb":{"@id":"https:\/\/www.upm.cz\/eshop\/biedermeier-exhibition-guide\/#breadcrumb"},"inLanguage":"en-US","potentialAction":[{"@type":"ReadAction","target":["https:\/\/www.upm.cz\/eshop\/biedermeier-exhibition-guide\/"]}]},{"@type":"ImageObject","inLanguage":"en-US","@id":"https:\/\/www.upm.cz\/eshop\/biedermeier-exhibition-guide\/#primaryimage","url":"https:\/\/www.upm.cz\/wp-content\/uploads\/Bieder_pruvodce_aj_035-1.jpg","contentUrl":"https:\/\/www.upm.cz\/wp-content\/uploads\/Bieder_pruvodce_aj_035-1.jpg","width":1172,"height":1400},{"@type":"BreadcrumbList","@id":"https:\/\/www.upm.cz\/eshop\/biedermeier-exhibition-guide\/#breadcrumb","itemListElement":[{"@type":"ListItem","position":1,"name":"Dom\u016f","item":"https:\/\/www.upm.cz\/"},{"@type":"ListItem","position":2,"name":"eshop","item":"https:\/\/www.upm.cz\/eshop\/"},{"@type":"ListItem","position":3,"name":"BIEDERMEIER. EXHIBITION GUIDE"}]},{"@type":"WebSite","@id":"https:\/\/www.upm.cz\/#website","url":"https:\/\/www.upm.cz\/","name":"Um\u011bleckopr\u016fmyslov\u00e9 museum v Praze","description":"","publisher":{"@id":"https:\/\/www.upm.cz\/#organization"},"potentialAction":[{"@type":"SearchAction","target":{"@type":"EntryPoint","urlTemplate":"https:\/\/www.upm.cz\/?s={search_term_string}"},"query-input":{"@type":"PropertyValueSpecification","valueRequired":true,"valueName":"search_term_string"}}],"inLanguage":"en-US"},{"@type":"Organization","@id":"https:\/\/www.upm.cz\/#organization","name":"Um\u011bleckopr\u016fmyslov\u00e9 museum v Praze","url":"https:\/\/www.upm.cz\/","logo":{"@type":"ImageObject","inLanguage":"en-US","@id":"https:\/\/www.upm.cz\/#\/schema\/logo\/image\/","url":"https:\/\/www.upm.cz\/wp-content\/uploads\/2020\/03\/logo_upm_cz.svg","contentUrl":"https:\/\/www.upm.cz\/wp-content\/uploads\/2020\/03\/logo_upm_cz.svg","width":1736,"height":295,"caption":"Um\u011bleckopr\u016fmyslov\u00e9 museum v Praze"},"image":{"@id":"https:\/\/www.upm.cz\/#\/schema\/logo\/image\/"}}]}},"_links":{"self":[{"href":"https:\/\/www.upm.cz\/an\/wp-json\/wp\/v2\/product\/12933","targetHints":{"allow":["GET"]}}],"collection":[{"href":"https:\/\/www.upm.cz\/an\/wp-json\/wp\/v2\/product"}],"about":[{"href":"https:\/\/www.upm.cz\/an\/wp-json\/wp\/v2\/types\/product"}],"wp:featuredmedia":[{"embeddable":true,"href":"https:\/\/www.upm.cz\/an\/wp-json\/wp\/v2\/media\/6972"}],"wp:attachment":[{"href":"https:\/\/www.upm.cz\/an\/wp-json\/wp\/v2\/media?parent=12933"}],"wp:term":[{"taxonomy":"product_brand","embeddable":true,"href":"https:\/\/www.upm.cz\/an\/wp-json\/wp\/v2\/product_brand?post=12933"},{"taxonomy":"product_cat","embeddable":true,"href":"https:\/\/www.upm.cz\/an\/wp-json\/wp\/v2\/product_cat?post=12933"},{"taxonomy":"product_tag","embeddable":true,"href":"https:\/\/www.upm.cz\/an\/wp-json\/wp\/v2\/product_tag?post=12933"}],"curies":[{"name":"wp","href":"https:\/\/api.w.org\/{rel}","templated":true}]}}