{"id":12937,"date":"2022-09-02T11:05:24","date_gmt":"2022-09-02T09:05:24","guid":{"rendered":"https:\/\/www.upm.cz\/?post_type=product&#038;p=12937"},"modified":"2025-01-07T11:39:59","modified_gmt":"2025-01-07T10:39:59","slug":"tschechische-fotografie-des-20-jahrhunderts-2","status":"publish","type":"product","link":"https:\/\/www.upm.cz\/an\/eshop\/tschechische-fotografie-des-20-jahrhunderts-2\/","title":{"rendered":"TSCHECHISCHE FOTOGRAFIE DES 20. JAHRHUNDERTS"},"content":{"rendered":"<p>The book Czech Photography of the 20th Century presents for the first time in such a&nbsp;large scale the main tendencies, personalities and works of Czech photographic creation of the entire last century. It contains 517 reproductions, which include the most important photographs and photomontages that have been seen many times, as well as works that have long been forgotten or have not been published at all. It is arranged in seventeen chapters and is supplemented by a&nbsp;comprehensive chronology of the most important events in 20th century Czech photography.<\/p>\n<p>The book received the 1st prize for the best photography book from Central and Eastern Europe 2009-2010 at the 20th International Festival Month of Photography in Bratislava.<\/p>\n<p>&nbsp;<\/p>","protected":false},"excerpt":{"rendered":"<p>Published by Kunst-und Ausstellungshalle in Bonn and UPM<br \/>\nTexts by Vladim\u00edr Birgus, Jan Ml\u010doch<br \/>\nEdition: German<br \/>\nFormat: 28.5 x 25 cm<br \/>\nPages: 392<br \/>\n517<br \/>\nISBN 978-90-86970-96-7<\/p>\n<p>ONLY IN GERMAN<\/p>","protected":false},"featured_media":7285,"template":"","meta":{"_acf_changed":false},"product_brand":[],"product_cat":[80],"product_tag":[],"class_list":{"0":"post-12937","1":"product","2":"type-product","3":"status-publish","4":"has-post-thumbnail","6":"product_cat-books","8":"first","9":"instock","10":"shipping-taxable","11":"purchasable","12":"product-type-simple"},"acf":[],"yoast_head":"<!-- This site is optimized with the Yoast SEO plugin v26.9 - https:\/\/yoast.com\/product\/yoast-seo-wordpress\/ -->\n<title>TSCHECHISCHE FOTOGRAFIE DES 20. JAHRHUNDERTS - Um\u011bleckopr\u016fmyslov\u00e9 museum v Praze<\/title>\n<meta name=\"description\" content=\"The book Czech Photography of the 20th Century presents for the first time in such a large scale the main tendencies, personalities and works of Czech photographic creation of the entire last century. It contains 517 reproductions, which include the most important photographs and photomontages that have been seen many times, as well as works that have long been forgotten or have not been published at all. It is arranged in seventeen chapters and is supplemented by a comprehensive chronology of the most important events in 20th century Czech photography.\" \/>\n<meta name=\"robots\" content=\"index, follow, max-snippet:-1, max-image-preview:large, max-video-preview:-1\" \/>\n<link rel=\"canonical\" href=\"https:\/\/www.upm.cz\/an\/eshop\/tschechische-fotografie-des-20-jahrhunderts-2\/\" \/>\n<meta property=\"og:locale\" content=\"en_US\" \/>\n<meta property=\"og:type\" content=\"article\" \/>\n<meta property=\"og:title\" content=\"TSCHECHISCHE FOTOGRAFIE DES 20. JAHRHUNDERTS - Um\u011bleckopr\u016fmyslov\u00e9 museum v Praze\" \/>\n<meta property=\"og:description\" content=\"The book Czech Photography of the 20th Century presents for the first time in such a large scale the main tendencies, personalities and works of Czech photographic creation of the entire last century. It contains 517 reproductions, which include the most important photographs and photomontages that have been seen many times, as well as works that have long been forgotten or have not been published at all. It is arranged in seventeen chapters and is supplemented by a comprehensive chronology of the most important events in 20th century Czech photography.\" \/>\n<meta property=\"og:url\" content=\"https:\/\/www.upm.cz\/an\/eshop\/tschechische-fotografie-des-20-jahrhunderts-2\/\" \/>\n<meta property=\"og:site_name\" content=\"Um\u011bleckopr\u016fmyslov\u00e9 museum v Praze\" \/>\n<meta property=\"article:modified_time\" content=\"2025-01-07T10:39:59+00:00\" \/>\n<meta property=\"og:image\" content=\"https:\/\/www.upm.cz\/wp-content\/uploads\/Tschechische_Fotografie_20_Jahrhunderts_obalka_P01.jpg\" \/>\n\t<meta property=\"og:image:width\" content=\"1078\" \/>\n\t<meta property=\"og:image:height\" content=\"1200\" \/>\n\t<meta property=\"og:image:type\" content=\"image\/jpeg\" \/>\n<meta name=\"twitter:card\" content=\"summary_large_image\" \/>\n<meta name=\"twitter:label1\" content=\"Est. reading time\" \/>\n\t<meta name=\"twitter:data1\" content=\"1 minute\" \/>\n<script type=\"application\/ld+json\" class=\"yoast-schema-graph\">{\"@context\":\"https:\/\/schema.org\",\"@graph\":[{\"@type\":\"WebPage\",\"@id\":\"https:\/\/www.upm.cz\/eshop\/tschechische-fotografie-des-20-jahrhunderts-2\/\",\"url\":\"https:\/\/www.upm.cz\/eshop\/tschechische-fotografie-des-20-jahrhunderts-2\/\",\"name\":\"TSCHECHISCHE FOTOGRAFIE DES 20. JAHRHUNDERTS - Um\u011bleckopr\u016fmyslov\u00e9 museum v Praze\",\"isPartOf\":{\"@id\":\"https:\/\/www.upm.cz\/#website\"},\"primaryImageOfPage\":{\"@id\":\"https:\/\/www.upm.cz\/eshop\/tschechische-fotografie-des-20-jahrhunderts-2\/#primaryimage\"},\"image\":{\"@id\":\"https:\/\/www.upm.cz\/eshop\/tschechische-fotografie-des-20-jahrhunderts-2\/#primaryimage\"},\"thumbnailUrl\":\"https:\/\/www.upm.cz\/wp-content\/uploads\/Tschechische_Fotografie_20_Jahrhunderts_obalka_P01.jpg\",\"datePublished\":\"2022-09-02T09:05:24+00:00\",\"dateModified\":\"2025-01-07T10:39:59+00:00\",\"description\":\"The book Czech Photography of the 20th Century presents for the first time in such a large scale the main tendencies, personalities and works of Czech photographic creation of the entire last century. It contains 517 reproductions, which include the most important photographs and photomontages that have been seen many times, as well as works that have long been forgotten or have not been published at all. It is arranged in seventeen chapters and is supplemented by a comprehensive chronology of the most important events in 20th century Czech photography.\",\"breadcrumb\":{\"@id\":\"https:\/\/www.upm.cz\/eshop\/tschechische-fotografie-des-20-jahrhunderts-2\/#breadcrumb\"},\"inLanguage\":\"en-US\",\"potentialAction\":[{\"@type\":\"ReadAction\",\"target\":[\"https:\/\/www.upm.cz\/eshop\/tschechische-fotografie-des-20-jahrhunderts-2\/\"]}]},{\"@type\":\"ImageObject\",\"inLanguage\":\"en-US\",\"@id\":\"https:\/\/www.upm.cz\/eshop\/tschechische-fotografie-des-20-jahrhunderts-2\/#primaryimage\",\"url\":\"https:\/\/www.upm.cz\/wp-content\/uploads\/Tschechische_Fotografie_20_Jahrhunderts_obalka_P01.jpg\",\"contentUrl\":\"https:\/\/www.upm.cz\/wp-content\/uploads\/Tschechische_Fotografie_20_Jahrhunderts_obalka_P01.jpg\",\"width\":1078,\"height\":1200},{\"@type\":\"BreadcrumbList\",\"@id\":\"https:\/\/www.upm.cz\/eshop\/tschechische-fotografie-des-20-jahrhunderts-2\/#breadcrumb\",\"itemListElement\":[{\"@type\":\"ListItem\",\"position\":1,\"name\":\"Dom\u016f\",\"item\":\"https:\/\/www.upm.cz\/\"},{\"@type\":\"ListItem\",\"position\":2,\"name\":\"eshop\",\"item\":\"https:\/\/www.upm.cz\/eshop\/\"},{\"@type\":\"ListItem\",\"position\":3,\"name\":\"TSCHECHISCHE FOTOGRAFIE DES 20. JAHRHUNDERTS\"}]},{\"@type\":\"WebSite\",\"@id\":\"https:\/\/www.upm.cz\/#website\",\"url\":\"https:\/\/www.upm.cz\/\",\"name\":\"Um\u011bleckopr\u016fmyslov\u00e9 museum v Praze\",\"description\":\"\",\"publisher\":{\"@id\":\"https:\/\/www.upm.cz\/#organization\"},\"potentialAction\":[{\"@type\":\"SearchAction\",\"target\":{\"@type\":\"EntryPoint\",\"urlTemplate\":\"https:\/\/www.upm.cz\/?s={search_term_string}\"},\"query-input\":{\"@type\":\"PropertyValueSpecification\",\"valueRequired\":true,\"valueName\":\"search_term_string\"}}],\"inLanguage\":\"en-US\"},{\"@type\":\"Organization\",\"@id\":\"https:\/\/www.upm.cz\/#organization\",\"name\":\"Um\u011bleckopr\u016fmyslov\u00e9 museum v Praze\",\"url\":\"https:\/\/www.upm.cz\/\",\"logo\":{\"@type\":\"ImageObject\",\"inLanguage\":\"en-US\",\"@id\":\"https:\/\/www.upm.cz\/#\/schema\/logo\/image\/\",\"url\":\"https:\/\/www.upm.cz\/wp-content\/uploads\/2020\/03\/logo_upm_cz.svg\",\"contentUrl\":\"https:\/\/www.upm.cz\/wp-content\/uploads\/2020\/03\/logo_upm_cz.svg\",\"width\":1736,\"height\":295,\"caption\":\"Um\u011bleckopr\u016fmyslov\u00e9 museum v Praze\"},\"image\":{\"@id\":\"https:\/\/www.upm.cz\/#\/schema\/logo\/image\/\"}}]}<\/script>\n<!-- \/ Yoast SEO plugin. -->","yoast_head_json":{"title":"TSCHECHISCHE FOTOGRAFIE DES 20. JAHRHUNDERTS - Um\u011bleckopr\u016fmyslov\u00e9 museum v Praze","description":"The book Czech Photography of the 20th Century presents for the first time in such a large scale the main tendencies, personalities and works of Czech photographic creation of the entire last century. It contains 517 reproductions, which include the most important photographs and photomontages that have been seen many times, as well as works that have long been forgotten or have not been published at all. It is arranged in seventeen chapters and is supplemented by a comprehensive chronology of the most important events in 20th century Czech photography.","robots":{"index":"index","follow":"follow","max-snippet":"max-snippet:-1","max-image-preview":"max-image-preview:large","max-video-preview":"max-video-preview:-1"},"canonical":"https:\/\/www.upm.cz\/an\/eshop\/tschechische-fotografie-des-20-jahrhunderts-2\/","og_locale":"en_US","og_type":"article","og_title":"TSCHECHISCHE FOTOGRAFIE DES 20. JAHRHUNDERTS - Um\u011bleckopr\u016fmyslov\u00e9 museum v Praze","og_description":"The book Czech Photography of the 20th Century presents for the first time in such a large scale the main tendencies, personalities and works of Czech photographic creation of the entire last century. It contains 517 reproductions, which include the most important photographs and photomontages that have been seen many times, as well as works that have long been forgotten or have not been published at all. It is arranged in seventeen chapters and is supplemented by a comprehensive chronology of the most important events in 20th century Czech photography.","og_url":"https:\/\/www.upm.cz\/an\/eshop\/tschechische-fotografie-des-20-jahrhunderts-2\/","og_site_name":"Um\u011bleckopr\u016fmyslov\u00e9 museum v Praze","article_modified_time":"2025-01-07T10:39:59+00:00","og_image":[{"width":1078,"height":1200,"url":"https:\/\/www.upm.cz\/wp-content\/uploads\/Tschechische_Fotografie_20_Jahrhunderts_obalka_P01.jpg","type":"image\/jpeg"}],"twitter_card":"summary_large_image","twitter_misc":{"Est. reading time":"1 minute"},"schema":{"@context":"https:\/\/schema.org","@graph":[{"@type":"WebPage","@id":"https:\/\/www.upm.cz\/eshop\/tschechische-fotografie-des-20-jahrhunderts-2\/","url":"https:\/\/www.upm.cz\/eshop\/tschechische-fotografie-des-20-jahrhunderts-2\/","name":"TSCHECHISCHE FOTOGRAFIE DES 20. JAHRHUNDERTS - Um\u011bleckopr\u016fmyslov\u00e9 museum v Praze","isPartOf":{"@id":"https:\/\/www.upm.cz\/#website"},"primaryImageOfPage":{"@id":"https:\/\/www.upm.cz\/eshop\/tschechische-fotografie-des-20-jahrhunderts-2\/#primaryimage"},"image":{"@id":"https:\/\/www.upm.cz\/eshop\/tschechische-fotografie-des-20-jahrhunderts-2\/#primaryimage"},"thumbnailUrl":"https:\/\/www.upm.cz\/wp-content\/uploads\/Tschechische_Fotografie_20_Jahrhunderts_obalka_P01.jpg","datePublished":"2022-09-02T09:05:24+00:00","dateModified":"2025-01-07T10:39:59+00:00","description":"The book Czech Photography of the 20th Century presents for the first time in such a large scale the main tendencies, personalities and works of Czech photographic creation of the entire last century. It contains 517 reproductions, which include the most important photographs and photomontages that have been seen many times, as well as works that have long been forgotten or have not been published at all. It is arranged in seventeen chapters and is supplemented by a comprehensive chronology of the most important events in 20th century Czech photography.","breadcrumb":{"@id":"https:\/\/www.upm.cz\/eshop\/tschechische-fotografie-des-20-jahrhunderts-2\/#breadcrumb"},"inLanguage":"en-US","potentialAction":[{"@type":"ReadAction","target":["https:\/\/www.upm.cz\/eshop\/tschechische-fotografie-des-20-jahrhunderts-2\/"]}]},{"@type":"ImageObject","inLanguage":"en-US","@id":"https:\/\/www.upm.cz\/eshop\/tschechische-fotografie-des-20-jahrhunderts-2\/#primaryimage","url":"https:\/\/www.upm.cz\/wp-content\/uploads\/Tschechische_Fotografie_20_Jahrhunderts_obalka_P01.jpg","contentUrl":"https:\/\/www.upm.cz\/wp-content\/uploads\/Tschechische_Fotografie_20_Jahrhunderts_obalka_P01.jpg","width":1078,"height":1200},{"@type":"BreadcrumbList","@id":"https:\/\/www.upm.cz\/eshop\/tschechische-fotografie-des-20-jahrhunderts-2\/#breadcrumb","itemListElement":[{"@type":"ListItem","position":1,"name":"Dom\u016f","item":"https:\/\/www.upm.cz\/"},{"@type":"ListItem","position":2,"name":"eshop","item":"https:\/\/www.upm.cz\/eshop\/"},{"@type":"ListItem","position":3,"name":"TSCHECHISCHE FOTOGRAFIE DES 20. JAHRHUNDERTS"}]},{"@type":"WebSite","@id":"https:\/\/www.upm.cz\/#website","url":"https:\/\/www.upm.cz\/","name":"Um\u011bleckopr\u016fmyslov\u00e9 museum v Praze","description":"","publisher":{"@id":"https:\/\/www.upm.cz\/#organization"},"potentialAction":[{"@type":"SearchAction","target":{"@type":"EntryPoint","urlTemplate":"https:\/\/www.upm.cz\/?s={search_term_string}"},"query-input":{"@type":"PropertyValueSpecification","valueRequired":true,"valueName":"search_term_string"}}],"inLanguage":"en-US"},{"@type":"Organization","@id":"https:\/\/www.upm.cz\/#organization","name":"Um\u011bleckopr\u016fmyslov\u00e9 museum v Praze","url":"https:\/\/www.upm.cz\/","logo":{"@type":"ImageObject","inLanguage":"en-US","@id":"https:\/\/www.upm.cz\/#\/schema\/logo\/image\/","url":"https:\/\/www.upm.cz\/wp-content\/uploads\/2020\/03\/logo_upm_cz.svg","contentUrl":"https:\/\/www.upm.cz\/wp-content\/uploads\/2020\/03\/logo_upm_cz.svg","width":1736,"height":295,"caption":"Um\u011bleckopr\u016fmyslov\u00e9 museum v Praze"},"image":{"@id":"https:\/\/www.upm.cz\/#\/schema\/logo\/image\/"}}]}},"_links":{"self":[{"href":"https:\/\/www.upm.cz\/an\/wp-json\/wp\/v2\/product\/12937","targetHints":{"allow":["GET"]}}],"collection":[{"href":"https:\/\/www.upm.cz\/an\/wp-json\/wp\/v2\/product"}],"about":[{"href":"https:\/\/www.upm.cz\/an\/wp-json\/wp\/v2\/types\/product"}],"wp:featuredmedia":[{"embeddable":true,"href":"https:\/\/www.upm.cz\/an\/wp-json\/wp\/v2\/media\/7285"}],"wp:attachment":[{"href":"https:\/\/www.upm.cz\/an\/wp-json\/wp\/v2\/media?parent=12937"}],"wp:term":[{"taxonomy":"product_brand","embeddable":true,"href":"https:\/\/www.upm.cz\/an\/wp-json\/wp\/v2\/product_brand?post=12937"},{"taxonomy":"product_cat","embeddable":true,"href":"https:\/\/www.upm.cz\/an\/wp-json\/wp\/v2\/product_cat?post=12937"},{"taxonomy":"product_tag","embeddable":true,"href":"https:\/\/www.upm.cz\/an\/wp-json\/wp\/v2\/product_tag?post=12937"}],"curies":[{"name":"wp","href":"https:\/\/api.w.org\/{rel}","templated":true}]}}