{"id":12938,"date":"2022-09-02T11:09:32","date_gmt":"2022-09-02T09:09:32","guid":{"rendered":"https:\/\/www.upm.cz\/?post_type=product&#038;p=12938"},"modified":"2026-03-01T16:16:52","modified_gmt":"2026-03-01T15:16:52","slug":"the-history-of-modern-furniture-design-2","status":"publish","type":"product","link":"https:\/\/www.upm.cz\/an\/eshop\/the-history-of-modern-furniture-design-2\/","title":{"rendered":"THE HISTORY OF MODERN FURNITURE DESIGN"},"content":{"rendered":"<p>This richly illustrated publication traces the story of modern design from the Biedermeier period in the first half of the 19th century to the end of the 20th century. It provides a&nbsp;comprehensive view of the modern history of furniture design in the Czech lands in the context of global developments, including individual authorial design. It introduces the most prominent designers and the fate of manufacturers or institutions and presents the art historical context of furniture design, its stylistic background and material and technical conditions. An important part of the exhibition is made up of medallions of personalities of Czech and world furniture design. The book also serves as a&nbsp;catalogue of the UPM&#8217;s&nbsp;study depository of 19th and 20th century furniture, which is accessible at the chateau in Kamenice nad Lipou.<\/p>\n<p>&nbsp;<\/p>","protected":false},"excerpt":{"rendered":"<p>vydavatel\u00e9: UPM\u00a0a\u00a0Arbor vitae<br \/>\ntext: Daniela Karasov\u00e1<br \/>\nvyd\u00e1n\u00ed: \u010desk\u00e9 a\u00a0anglick\u00e9<br \/>\nform\u00e1t: 27 x 23 cm, m\u011bkk\u00e1 vazba<br \/>\npo\u010det stran: 320<br \/>\npo\u010det\u00a0reprodukc\u00ed: 400<br \/>\nISBN 978-80-7101-104-0 (EN)<\/p>","protected":false},"featured_media":7286,"template":"","meta":{"_acf_changed":false},"product_brand":[],"product_cat":[80],"product_tag":[],"class_list":{"0":"post-12938","1":"product","2":"type-product","3":"status-publish","4":"has-post-thumbnail","6":"product_cat-books","8":"first","9":"instock","10":"shipping-taxable","11":"purchasable","12":"product-type-simple"},"acf":[],"yoast_head":"<!-- This site is optimized with the Yoast SEO plugin v26.9 - https:\/\/yoast.com\/product\/yoast-seo-wordpress\/ -->\n<title>THE HISTORY OF MODERN FURNITURE DESIGN - Um\u011bleckopr\u016fmyslov\u00e9 museum v Praze<\/title>\n<meta name=\"description\" content=\"This publication traces the story of modern design from the Biedermeier period in the first half of the 19th century to the end of the 20th century. It provides a comprehensive view of the modern history of furniture design in the Czech lands in the context of global developments, including individual authorial design.\" \/>\n<meta name=\"robots\" content=\"index, follow, max-snippet:-1, max-image-preview:large, max-video-preview:-1\" \/>\n<link rel=\"canonical\" href=\"https:\/\/www.upm.cz\/an\/eshop\/the-history-of-modern-furniture-design-2\/\" \/>\n<meta property=\"og:locale\" content=\"en_US\" \/>\n<meta property=\"og:type\" content=\"article\" \/>\n<meta property=\"og:title\" content=\"THE HISTORY OF MODERN FURNITURE DESIGN - Um\u011bleckopr\u016fmyslov\u00e9 museum v Praze\" \/>\n<meta property=\"og:description\" content=\"This publication traces the story of modern design from the Biedermeier period in the first half of the 19th century to the end of the 20th century. It provides a comprehensive view of the modern history of furniture design in the Czech lands in the context of global developments, including individual authorial design.\" \/>\n<meta property=\"og:url\" content=\"https:\/\/www.upm.cz\/an\/eshop\/the-history-of-modern-furniture-design-2\/\" \/>\n<meta property=\"og:site_name\" content=\"Um\u011bleckopr\u016fmyslov\u00e9 museum v Praze\" \/>\n<meta property=\"article:modified_time\" content=\"2026-03-01T15:16:52+00:00\" \/>\n<meta property=\"og:image\" content=\"https:\/\/www.upm.cz\/wp-content\/uploads\/Geneze-designu-nabytku_aj.jpg\" \/>\n\t<meta property=\"og:image:width\" content=\"1200\" \/>\n\t<meta property=\"og:image:height\" content=\"1017\" \/>\n\t<meta property=\"og:image:type\" content=\"image\/jpeg\" \/>\n<meta name=\"twitter:card\" content=\"summary_large_image\" \/>\n<meta name=\"twitter:label1\" content=\"Est. reading time\" \/>\n\t<meta name=\"twitter:data1\" content=\"1 minute\" \/>\n<script type=\"application\/ld+json\" class=\"yoast-schema-graph\">{\"@context\":\"https:\/\/schema.org\",\"@graph\":[{\"@type\":\"WebPage\",\"@id\":\"https:\/\/www.upm.cz\/eshop\/the-history-of-modern-furniture-design-2\/\",\"url\":\"https:\/\/www.upm.cz\/eshop\/the-history-of-modern-furniture-design-2\/\",\"name\":\"THE HISTORY OF MODERN FURNITURE DESIGN - Um\u011bleckopr\u016fmyslov\u00e9 museum v Praze\",\"isPartOf\":{\"@id\":\"https:\/\/www.upm.cz\/#website\"},\"primaryImageOfPage\":{\"@id\":\"https:\/\/www.upm.cz\/eshop\/the-history-of-modern-furniture-design-2\/#primaryimage\"},\"image\":{\"@id\":\"https:\/\/www.upm.cz\/eshop\/the-history-of-modern-furniture-design-2\/#primaryimage\"},\"thumbnailUrl\":\"https:\/\/www.upm.cz\/wp-content\/uploads\/Geneze-designu-nabytku_aj.jpg\",\"datePublished\":\"2022-09-02T09:09:32+00:00\",\"dateModified\":\"2026-03-01T15:16:52+00:00\",\"description\":\"This publication traces the story of modern design from the Biedermeier period in the first half of the 19th century to the end of the 20th century. It provides a comprehensive view of the modern history of furniture design in the Czech lands in the context of global developments, including individual authorial design.\",\"breadcrumb\":{\"@id\":\"https:\/\/www.upm.cz\/eshop\/the-history-of-modern-furniture-design-2\/#breadcrumb\"},\"inLanguage\":\"en-US\",\"potentialAction\":[{\"@type\":\"ReadAction\",\"target\":[\"https:\/\/www.upm.cz\/eshop\/the-history-of-modern-furniture-design-2\/\"]}]},{\"@type\":\"ImageObject\",\"inLanguage\":\"en-US\",\"@id\":\"https:\/\/www.upm.cz\/eshop\/the-history-of-modern-furniture-design-2\/#primaryimage\",\"url\":\"https:\/\/www.upm.cz\/wp-content\/uploads\/Geneze-designu-nabytku_aj.jpg\",\"contentUrl\":\"https:\/\/www.upm.cz\/wp-content\/uploads\/Geneze-designu-nabytku_aj.jpg\",\"width\":1200,\"height\":1017},{\"@type\":\"BreadcrumbList\",\"@id\":\"https:\/\/www.upm.cz\/eshop\/the-history-of-modern-furniture-design-2\/#breadcrumb\",\"itemListElement\":[{\"@type\":\"ListItem\",\"position\":1,\"name\":\"Dom\u016f\",\"item\":\"https:\/\/www.upm.cz\/\"},{\"@type\":\"ListItem\",\"position\":2,\"name\":\"eshop\",\"item\":\"https:\/\/www.upm.cz\/eshop\/\"},{\"@type\":\"ListItem\",\"position\":3,\"name\":\"THE HISTORY OF MODERN FURNITURE DESIGN\"}]},{\"@type\":\"WebSite\",\"@id\":\"https:\/\/www.upm.cz\/#website\",\"url\":\"https:\/\/www.upm.cz\/\",\"name\":\"Um\u011bleckopr\u016fmyslov\u00e9 museum v Praze\",\"description\":\"\",\"publisher\":{\"@id\":\"https:\/\/www.upm.cz\/#organization\"},\"potentialAction\":[{\"@type\":\"SearchAction\",\"target\":{\"@type\":\"EntryPoint\",\"urlTemplate\":\"https:\/\/www.upm.cz\/?s={search_term_string}\"},\"query-input\":{\"@type\":\"PropertyValueSpecification\",\"valueRequired\":true,\"valueName\":\"search_term_string\"}}],\"inLanguage\":\"en-US\"},{\"@type\":\"Organization\",\"@id\":\"https:\/\/www.upm.cz\/#organization\",\"name\":\"Um\u011bleckopr\u016fmyslov\u00e9 museum v Praze\",\"url\":\"https:\/\/www.upm.cz\/\",\"logo\":{\"@type\":\"ImageObject\",\"inLanguage\":\"en-US\",\"@id\":\"https:\/\/www.upm.cz\/#\/schema\/logo\/image\/\",\"url\":\"https:\/\/www.upm.cz\/wp-content\/uploads\/2020\/03\/logo_upm_cz.svg\",\"contentUrl\":\"https:\/\/www.upm.cz\/wp-content\/uploads\/2020\/03\/logo_upm_cz.svg\",\"width\":1736,\"height\":295,\"caption\":\"Um\u011bleckopr\u016fmyslov\u00e9 museum v Praze\"},\"image\":{\"@id\":\"https:\/\/www.upm.cz\/#\/schema\/logo\/image\/\"}}]}<\/script>\n<!-- \/ Yoast SEO plugin. -->","yoast_head_json":{"title":"THE HISTORY OF MODERN FURNITURE DESIGN - Um\u011bleckopr\u016fmyslov\u00e9 museum v Praze","description":"This publication traces the story of modern design from the Biedermeier period in the first half of the 19th century to the end of the 20th century. It provides a comprehensive view of the modern history of furniture design in the Czech lands in the context of global developments, including individual authorial design.","robots":{"index":"index","follow":"follow","max-snippet":"max-snippet:-1","max-image-preview":"max-image-preview:large","max-video-preview":"max-video-preview:-1"},"canonical":"https:\/\/www.upm.cz\/an\/eshop\/the-history-of-modern-furniture-design-2\/","og_locale":"en_US","og_type":"article","og_title":"THE HISTORY OF MODERN FURNITURE DESIGN - Um\u011bleckopr\u016fmyslov\u00e9 museum v Praze","og_description":"This publication traces the story of modern design from the Biedermeier period in the first half of the 19th century to the end of the 20th century. It provides a comprehensive view of the modern history of furniture design in the Czech lands in the context of global developments, including individual authorial design.","og_url":"https:\/\/www.upm.cz\/an\/eshop\/the-history-of-modern-furniture-design-2\/","og_site_name":"Um\u011bleckopr\u016fmyslov\u00e9 museum v Praze","article_modified_time":"2026-03-01T15:16:52+00:00","og_image":[{"width":1200,"height":1017,"url":"https:\/\/www.upm.cz\/wp-content\/uploads\/Geneze-designu-nabytku_aj.jpg","type":"image\/jpeg"}],"twitter_card":"summary_large_image","twitter_misc":{"Est. reading time":"1 minute"},"schema":{"@context":"https:\/\/schema.org","@graph":[{"@type":"WebPage","@id":"https:\/\/www.upm.cz\/eshop\/the-history-of-modern-furniture-design-2\/","url":"https:\/\/www.upm.cz\/eshop\/the-history-of-modern-furniture-design-2\/","name":"THE HISTORY OF MODERN FURNITURE DESIGN - Um\u011bleckopr\u016fmyslov\u00e9 museum v Praze","isPartOf":{"@id":"https:\/\/www.upm.cz\/#website"},"primaryImageOfPage":{"@id":"https:\/\/www.upm.cz\/eshop\/the-history-of-modern-furniture-design-2\/#primaryimage"},"image":{"@id":"https:\/\/www.upm.cz\/eshop\/the-history-of-modern-furniture-design-2\/#primaryimage"},"thumbnailUrl":"https:\/\/www.upm.cz\/wp-content\/uploads\/Geneze-designu-nabytku_aj.jpg","datePublished":"2022-09-02T09:09:32+00:00","dateModified":"2026-03-01T15:16:52+00:00","description":"This publication traces the story of modern design from the Biedermeier period in the first half of the 19th century to the end of the 20th century. It provides a comprehensive view of the modern history of furniture design in the Czech lands in the context of global developments, including individual authorial design.","breadcrumb":{"@id":"https:\/\/www.upm.cz\/eshop\/the-history-of-modern-furniture-design-2\/#breadcrumb"},"inLanguage":"en-US","potentialAction":[{"@type":"ReadAction","target":["https:\/\/www.upm.cz\/eshop\/the-history-of-modern-furniture-design-2\/"]}]},{"@type":"ImageObject","inLanguage":"en-US","@id":"https:\/\/www.upm.cz\/eshop\/the-history-of-modern-furniture-design-2\/#primaryimage","url":"https:\/\/www.upm.cz\/wp-content\/uploads\/Geneze-designu-nabytku_aj.jpg","contentUrl":"https:\/\/www.upm.cz\/wp-content\/uploads\/Geneze-designu-nabytku_aj.jpg","width":1200,"height":1017},{"@type":"BreadcrumbList","@id":"https:\/\/www.upm.cz\/eshop\/the-history-of-modern-furniture-design-2\/#breadcrumb","itemListElement":[{"@type":"ListItem","position":1,"name":"Dom\u016f","item":"https:\/\/www.upm.cz\/"},{"@type":"ListItem","position":2,"name":"eshop","item":"https:\/\/www.upm.cz\/eshop\/"},{"@type":"ListItem","position":3,"name":"THE HISTORY OF MODERN FURNITURE DESIGN"}]},{"@type":"WebSite","@id":"https:\/\/www.upm.cz\/#website","url":"https:\/\/www.upm.cz\/","name":"Um\u011bleckopr\u016fmyslov\u00e9 museum v Praze","description":"","publisher":{"@id":"https:\/\/www.upm.cz\/#organization"},"potentialAction":[{"@type":"SearchAction","target":{"@type":"EntryPoint","urlTemplate":"https:\/\/www.upm.cz\/?s={search_term_string}"},"query-input":{"@type":"PropertyValueSpecification","valueRequired":true,"valueName":"search_term_string"}}],"inLanguage":"en-US"},{"@type":"Organization","@id":"https:\/\/www.upm.cz\/#organization","name":"Um\u011bleckopr\u016fmyslov\u00e9 museum v Praze","url":"https:\/\/www.upm.cz\/","logo":{"@type":"ImageObject","inLanguage":"en-US","@id":"https:\/\/www.upm.cz\/#\/schema\/logo\/image\/","url":"https:\/\/www.upm.cz\/wp-content\/uploads\/2020\/03\/logo_upm_cz.svg","contentUrl":"https:\/\/www.upm.cz\/wp-content\/uploads\/2020\/03\/logo_upm_cz.svg","width":1736,"height":295,"caption":"Um\u011bleckopr\u016fmyslov\u00e9 museum v Praze"},"image":{"@id":"https:\/\/www.upm.cz\/#\/schema\/logo\/image\/"}}]}},"_links":{"self":[{"href":"https:\/\/www.upm.cz\/an\/wp-json\/wp\/v2\/product\/12938","targetHints":{"allow":["GET"]}}],"collection":[{"href":"https:\/\/www.upm.cz\/an\/wp-json\/wp\/v2\/product"}],"about":[{"href":"https:\/\/www.upm.cz\/an\/wp-json\/wp\/v2\/types\/product"}],"wp:featuredmedia":[{"embeddable":true,"href":"https:\/\/www.upm.cz\/an\/wp-json\/wp\/v2\/media\/7286"}],"wp:attachment":[{"href":"https:\/\/www.upm.cz\/an\/wp-json\/wp\/v2\/media?parent=12938"}],"wp:term":[{"taxonomy":"product_brand","embeddable":true,"href":"https:\/\/www.upm.cz\/an\/wp-json\/wp\/v2\/product_brand?post=12938"},{"taxonomy":"product_cat","embeddable":true,"href":"https:\/\/www.upm.cz\/an\/wp-json\/wp\/v2\/product_cat?post=12938"},{"taxonomy":"product_tag","embeddable":true,"href":"https:\/\/www.upm.cz\/an\/wp-json\/wp\/v2\/product_tag?post=12938"}],"curies":[{"name":"wp","href":"https:\/\/api.w.org\/{rel}","templated":true}]}}