{"id":12942,"date":"2022-09-02T11:57:02","date_gmt":"2022-09-02T09:57:02","guid":{"rendered":"https:\/\/www.upm.cz\/?post_type=product&#038;p=12942"},"modified":"2022-09-06T14:03:23","modified_gmt":"2022-09-06T12:03:23","slug":"oldrich-rosenbaum-oldric-royce","status":"publish","type":"product","link":"https:\/\/www.upm.cz\/an\/eshop\/oldrich-rosenbaum-oldric-royce\/","title":{"rendered":"OLD\u0158ICH ROSENBAUM\/OLDRIC ROYCE"},"content":{"rendered":"<p>The extraordinary story of Old\u0159ich (Ulrich) Rosenbaum (1896-1991), a&nbsp;leading Prague tailor, couture designer and fashion designer who created elegant and highly fashionable clothing for wealthy clients in Czechoslovakia and then in the USA for more than seventy years, including the history of his exclusive fashion houses in Prague, Karlovy Vary and New York.<\/p>\n<p>The book traces the development of the tailoring firm from its founding by Elisabetta Stein, n\u00e9e Rosenbaum, in 1881, its heyday during the First Republic, its decline after the Nazi &#8222;Aryanization&#8220; of the early 1940s, and the Communist nationalization of 1948. Using the fates of Rosenbaum&#8217;s&nbsp;family, his associates and customers, he creates a&nbsp;plastic picture of the Czech-Jewish-German environment of interwar Prague. The professional activities of Oldric Royce &#8211; as Oldrich Rosenbaum renamed himself after moving to the USA in 1939 &#8211; culminated in the establishment and operation of a&nbsp;highly successful fashion factory in New York, which won several professional awards and whose customers included the wives of politicians, including US presidents, famous actresses such as Ginger Rogers and Marlene Diettrich, and some of America&#8217;s&nbsp;weal including US presidents, famous actresses such as Ginger Rogers and Marlene Diettrich, and some of America&#8217;s&nbsp;wealthiest ladies, such as the businesswoman, philanthropist and collector Marjorie Merriweather Post. Oldrich Rosenbaum&#8217;s&nbsp;work and life story are illustrated with over 180 reproductions, including authentic examples of his clothing, provided by Hillwood Estate, Museum &amp; Gardens and UPM.<\/p>","protected":false},"excerpt":{"rendered":"<p>published by UPM in Prague and Arbor vitae, 2017<br \/>\nEva Uchalov\u00e1<br \/>\nEva Uchalov\u00e1 (UPM), Howard Vincent Kurtz (Hillwood Estate, Museum &amp; Gardens)<br \/>\nEditions: Czech and English<br \/>\nformat: 22 x 19 cm, paperback<br \/>\nnumber of pages: 272, reproductions: 220<\/p>\n<p>ISBN 978-80-7101-158-3 (ENG)<\/p>","protected":false},"featured_media":2099,"template":"","meta":{"_acf_changed":false},"product_brand":[],"product_cat":[80],"product_tag":[],"class_list":{"0":"post-12942","1":"product","2":"type-product","3":"status-publish","4":"has-post-thumbnail","6":"product_cat-books","8":"first","9":"instock","10":"shipping-taxable","11":"purchasable","12":"product-type-simple"},"acf":[],"yoast_head":"<!-- This site is optimized with the Yoast SEO plugin v26.9 - https:\/\/yoast.com\/product\/yoast-seo-wordpress\/ -->\n<title>OLD\u0158ICH ROSENBAUM\/OLDRIC ROYCE - Um\u011bleckopr\u016fmyslov\u00e9 museum v Praze<\/title>\n<meta name=\"description\" content=\"The extraordinary story of Old\u0159ich (Ulrich) Rosenbaum (1896-1991), a leading Prague tailor, couture designer and fashion designer who created elegant and highly fashionable clothing for wealthy clients in Czechoslovakia and then in the USA for more than seventy years, including the history of his exclusive fashion houses in Prague, Karlovy Vary and New York.\" \/>\n<meta name=\"robots\" content=\"noindex, nofollow\" \/>\n<meta property=\"og:locale\" content=\"en_US\" \/>\n<meta property=\"og:type\" content=\"article\" \/>\n<meta property=\"og:title\" content=\"OLD\u0158ICH ROSENBAUM\/OLDRIC ROYCE - Um\u011bleckopr\u016fmyslov\u00e9 museum v Praze\" \/>\n<meta property=\"og:description\" content=\"The extraordinary story of Old\u0159ich (Ulrich) Rosenbaum (1896-1991), a leading Prague tailor, couture designer and fashion designer who created elegant and highly fashionable clothing for wealthy clients in Czechoslovakia and then in the USA for more than seventy years, including the history of his exclusive fashion houses in Prague, Karlovy Vary and New York.\" \/>\n<meta property=\"og:url\" content=\"https:\/\/www.upm.cz\/an\/eshop\/oldrich-rosenbaum-oldric-royce\/\" \/>\n<meta property=\"og:site_name\" content=\"Um\u011bleckopr\u016fmyslov\u00e9 museum v Praze\" \/>\n<meta property=\"article:modified_time\" content=\"2022-09-06T12:03:23+00:00\" \/>\n<meta property=\"og:image\" content=\"https:\/\/www.upm.cz\/wp-content\/uploads\/623.jpg\" \/>\n\t<meta property=\"og:image:width\" content=\"704\" \/>\n\t<meta property=\"og:image:height\" content=\"800\" \/>\n\t<meta property=\"og:image:type\" content=\"image\/jpeg\" \/>\n<meta name=\"twitter:card\" content=\"summary_large_image\" \/>\n<meta name=\"twitter:label1\" content=\"Est. reading time\" \/>\n\t<meta name=\"twitter:data1\" content=\"2 minutes\" \/>\n<script type=\"application\/ld+json\" class=\"yoast-schema-graph\">{\"@context\":\"https:\/\/schema.org\",\"@graph\":[{\"@type\":\"WebPage\",\"@id\":\"https:\/\/www.upm.cz\/eshop\/oldrich-rosenbaum-oldric-royce\/\",\"url\":\"https:\/\/www.upm.cz\/eshop\/oldrich-rosenbaum-oldric-royce\/\",\"name\":\"OLD\u0158ICH ROSENBAUM\/OLDRIC ROYCE - Um\u011bleckopr\u016fmyslov\u00e9 museum v Praze\",\"isPartOf\":{\"@id\":\"https:\/\/www.upm.cz\/#website\"},\"primaryImageOfPage\":{\"@id\":\"https:\/\/www.upm.cz\/eshop\/oldrich-rosenbaum-oldric-royce\/#primaryimage\"},\"image\":{\"@id\":\"https:\/\/www.upm.cz\/eshop\/oldrich-rosenbaum-oldric-royce\/#primaryimage\"},\"thumbnailUrl\":\"https:\/\/www.upm.cz\/wp-content\/uploads\/623.jpg\",\"datePublished\":\"2022-09-02T09:57:02+00:00\",\"dateModified\":\"2022-09-06T12:03:23+00:00\",\"description\":\"The extraordinary story of Old\u0159ich (Ulrich) Rosenbaum (1896-1991), a leading Prague tailor, couture designer and fashion designer who created elegant and highly fashionable clothing for wealthy clients in Czechoslovakia and then in the USA for more than seventy years, including the history of his exclusive fashion houses in Prague, Karlovy Vary and New York.\",\"breadcrumb\":{\"@id\":\"https:\/\/www.upm.cz\/eshop\/oldrich-rosenbaum-oldric-royce\/#breadcrumb\"},\"inLanguage\":\"en-US\",\"potentialAction\":[{\"@type\":\"ReadAction\",\"target\":[\"https:\/\/www.upm.cz\/eshop\/oldrich-rosenbaum-oldric-royce\/\"]}]},{\"@type\":\"ImageObject\",\"inLanguage\":\"en-US\",\"@id\":\"https:\/\/www.upm.cz\/eshop\/oldrich-rosenbaum-oldric-royce\/#primaryimage\",\"url\":\"https:\/\/www.upm.cz\/wp-content\/uploads\/623.jpg\",\"contentUrl\":\"https:\/\/www.upm.cz\/wp-content\/uploads\/623.jpg\",\"width\":704,\"height\":800},{\"@type\":\"BreadcrumbList\",\"@id\":\"https:\/\/www.upm.cz\/eshop\/oldrich-rosenbaum-oldric-royce\/#breadcrumb\",\"itemListElement\":[{\"@type\":\"ListItem\",\"position\":1,\"name\":\"Dom\u016f\",\"item\":\"https:\/\/www.upm.cz\/\"},{\"@type\":\"ListItem\",\"position\":2,\"name\":\"eshop\",\"item\":\"https:\/\/www.upm.cz\/eshop\/\"},{\"@type\":\"ListItem\",\"position\":3,\"name\":\"OLD\u0158ICH ROSENBAUM\/OLDRIC ROYCE\"}]},{\"@type\":\"WebSite\",\"@id\":\"https:\/\/www.upm.cz\/#website\",\"url\":\"https:\/\/www.upm.cz\/\",\"name\":\"Um\u011bleckopr\u016fmyslov\u00e9 museum v Praze\",\"description\":\"\",\"publisher\":{\"@id\":\"https:\/\/www.upm.cz\/#organization\"},\"potentialAction\":[{\"@type\":\"SearchAction\",\"target\":{\"@type\":\"EntryPoint\",\"urlTemplate\":\"https:\/\/www.upm.cz\/?s={search_term_string}\"},\"query-input\":{\"@type\":\"PropertyValueSpecification\",\"valueRequired\":true,\"valueName\":\"search_term_string\"}}],\"inLanguage\":\"en-US\"},{\"@type\":\"Organization\",\"@id\":\"https:\/\/www.upm.cz\/#organization\",\"name\":\"Um\u011bleckopr\u016fmyslov\u00e9 museum v Praze\",\"url\":\"https:\/\/www.upm.cz\/\",\"logo\":{\"@type\":\"ImageObject\",\"inLanguage\":\"en-US\",\"@id\":\"https:\/\/www.upm.cz\/#\/schema\/logo\/image\/\",\"url\":\"https:\/\/www.upm.cz\/wp-content\/uploads\/2020\/03\/logo_upm_cz.svg\",\"contentUrl\":\"https:\/\/www.upm.cz\/wp-content\/uploads\/2020\/03\/logo_upm_cz.svg\",\"width\":1736,\"height\":295,\"caption\":\"Um\u011bleckopr\u016fmyslov\u00e9 museum v Praze\"},\"image\":{\"@id\":\"https:\/\/www.upm.cz\/#\/schema\/logo\/image\/\"}}]}<\/script>\n<!-- \/ Yoast SEO plugin. -->","yoast_head_json":{"title":"OLD\u0158ICH ROSENBAUM\/OLDRIC ROYCE - Um\u011bleckopr\u016fmyslov\u00e9 museum v Praze","description":"The extraordinary story of Old\u0159ich (Ulrich) Rosenbaum (1896-1991), a leading Prague tailor, couture designer and fashion designer who created elegant and highly fashionable clothing for wealthy clients in Czechoslovakia and then in the USA for more than seventy years, including the history of his exclusive fashion houses in Prague, Karlovy Vary and New York.","robots":{"index":"noindex","follow":"nofollow"},"og_locale":"en_US","og_type":"article","og_title":"OLD\u0158ICH ROSENBAUM\/OLDRIC ROYCE - Um\u011bleckopr\u016fmyslov\u00e9 museum v Praze","og_description":"The extraordinary story of Old\u0159ich (Ulrich) Rosenbaum (1896-1991), a leading Prague tailor, couture designer and fashion designer who created elegant and highly fashionable clothing for wealthy clients in Czechoslovakia and then in the USA for more than seventy years, including the history of his exclusive fashion houses in Prague, Karlovy Vary and New York.","og_url":"https:\/\/www.upm.cz\/an\/eshop\/oldrich-rosenbaum-oldric-royce\/","og_site_name":"Um\u011bleckopr\u016fmyslov\u00e9 museum v Praze","article_modified_time":"2022-09-06T12:03:23+00:00","og_image":[{"width":704,"height":800,"url":"https:\/\/www.upm.cz\/wp-content\/uploads\/623.jpg","type":"image\/jpeg"}],"twitter_card":"summary_large_image","twitter_misc":{"Est. reading time":"2 minutes"},"schema":{"@context":"https:\/\/schema.org","@graph":[{"@type":"WebPage","@id":"https:\/\/www.upm.cz\/eshop\/oldrich-rosenbaum-oldric-royce\/","url":"https:\/\/www.upm.cz\/eshop\/oldrich-rosenbaum-oldric-royce\/","name":"OLD\u0158ICH ROSENBAUM\/OLDRIC ROYCE - Um\u011bleckopr\u016fmyslov\u00e9 museum v Praze","isPartOf":{"@id":"https:\/\/www.upm.cz\/#website"},"primaryImageOfPage":{"@id":"https:\/\/www.upm.cz\/eshop\/oldrich-rosenbaum-oldric-royce\/#primaryimage"},"image":{"@id":"https:\/\/www.upm.cz\/eshop\/oldrich-rosenbaum-oldric-royce\/#primaryimage"},"thumbnailUrl":"https:\/\/www.upm.cz\/wp-content\/uploads\/623.jpg","datePublished":"2022-09-02T09:57:02+00:00","dateModified":"2022-09-06T12:03:23+00:00","description":"The extraordinary story of Old\u0159ich (Ulrich) Rosenbaum (1896-1991), a leading Prague tailor, couture designer and fashion designer who created elegant and highly fashionable clothing for wealthy clients in Czechoslovakia and then in the USA for more than seventy years, including the history of his exclusive fashion houses in Prague, Karlovy Vary and New York.","breadcrumb":{"@id":"https:\/\/www.upm.cz\/eshop\/oldrich-rosenbaum-oldric-royce\/#breadcrumb"},"inLanguage":"en-US","potentialAction":[{"@type":"ReadAction","target":["https:\/\/www.upm.cz\/eshop\/oldrich-rosenbaum-oldric-royce\/"]}]},{"@type":"ImageObject","inLanguage":"en-US","@id":"https:\/\/www.upm.cz\/eshop\/oldrich-rosenbaum-oldric-royce\/#primaryimage","url":"https:\/\/www.upm.cz\/wp-content\/uploads\/623.jpg","contentUrl":"https:\/\/www.upm.cz\/wp-content\/uploads\/623.jpg","width":704,"height":800},{"@type":"BreadcrumbList","@id":"https:\/\/www.upm.cz\/eshop\/oldrich-rosenbaum-oldric-royce\/#breadcrumb","itemListElement":[{"@type":"ListItem","position":1,"name":"Dom\u016f","item":"https:\/\/www.upm.cz\/"},{"@type":"ListItem","position":2,"name":"eshop","item":"https:\/\/www.upm.cz\/eshop\/"},{"@type":"ListItem","position":3,"name":"OLD\u0158ICH ROSENBAUM\/OLDRIC ROYCE"}]},{"@type":"WebSite","@id":"https:\/\/www.upm.cz\/#website","url":"https:\/\/www.upm.cz\/","name":"Um\u011bleckopr\u016fmyslov\u00e9 museum v Praze","description":"","publisher":{"@id":"https:\/\/www.upm.cz\/#organization"},"potentialAction":[{"@type":"SearchAction","target":{"@type":"EntryPoint","urlTemplate":"https:\/\/www.upm.cz\/?s={search_term_string}"},"query-input":{"@type":"PropertyValueSpecification","valueRequired":true,"valueName":"search_term_string"}}],"inLanguage":"en-US"},{"@type":"Organization","@id":"https:\/\/www.upm.cz\/#organization","name":"Um\u011bleckopr\u016fmyslov\u00e9 museum v Praze","url":"https:\/\/www.upm.cz\/","logo":{"@type":"ImageObject","inLanguage":"en-US","@id":"https:\/\/www.upm.cz\/#\/schema\/logo\/image\/","url":"https:\/\/www.upm.cz\/wp-content\/uploads\/2020\/03\/logo_upm_cz.svg","contentUrl":"https:\/\/www.upm.cz\/wp-content\/uploads\/2020\/03\/logo_upm_cz.svg","width":1736,"height":295,"caption":"Um\u011bleckopr\u016fmyslov\u00e9 museum v Praze"},"image":{"@id":"https:\/\/www.upm.cz\/#\/schema\/logo\/image\/"}}]}},"_links":{"self":[{"href":"https:\/\/www.upm.cz\/an\/wp-json\/wp\/v2\/product\/12942","targetHints":{"allow":["GET"]}}],"collection":[{"href":"https:\/\/www.upm.cz\/an\/wp-json\/wp\/v2\/product"}],"about":[{"href":"https:\/\/www.upm.cz\/an\/wp-json\/wp\/v2\/types\/product"}],"wp:featuredmedia":[{"embeddable":true,"href":"https:\/\/www.upm.cz\/an\/wp-json\/wp\/v2\/media\/2099"}],"wp:attachment":[{"href":"https:\/\/www.upm.cz\/an\/wp-json\/wp\/v2\/media?parent=12942"}],"wp:term":[{"taxonomy":"product_brand","embeddable":true,"href":"https:\/\/www.upm.cz\/an\/wp-json\/wp\/v2\/product_brand?post=12942"},{"taxonomy":"product_cat","embeddable":true,"href":"https:\/\/www.upm.cz\/an\/wp-json\/wp\/v2\/product_cat?post=12942"},{"taxonomy":"product_tag","embeddable":true,"href":"https:\/\/www.upm.cz\/an\/wp-json\/wp\/v2\/product_tag?post=12942"}],"curies":[{"name":"wp","href":"https:\/\/api.w.org\/{rel}","templated":true}]}}