{"id":12945,"date":"2022-09-02T12:02:33","date_gmt":"2022-09-02T10:02:33","guid":{"rendered":"https:\/\/www.upm.cz\/?post_type=product&#038;p=12945"},"modified":"2026-01-07T12:20:29","modified_gmt":"2026-01-07T11:20:29","slug":"the-panelaks-twenty-five-housing-estates-in-the-czech-republic-2","status":"publish","type":"product","link":"https:\/\/www.upm.cz\/an\/eshop\/the-panelaks-twenty-five-housing-estates-in-the-czech-republic-2\/","title":{"rendered":"THE PANEL\u00c1KS. TWENTY-FIVE HOUSING ESTATES IN THE CZECH REPUBLIC"},"content":{"rendered":"<p>The English version of the Czech catalogue, published for the cycle of fourteen exhibitions The Story of a&nbsp;Prefabricated House, realized in 2014-2017, presents twenty-five (not only) prefabricated housing estates from all regions of the Czech Republic.<\/p>\n<p>It is divided into six chapters according to development stages, which trace the changes in economic, social and cultural conditions as well as technical possibilities in the construction industry. The book introduces readers to the circumstances and reasons for the construction of housing estates, the architecture and urbanism of these units and the personalities of their authors. Included are studies on the periodization of the development of housing estates, the beginnings of the construction of prefabricated housing estates and its reverberations, the changes in the the changes in the demographic characteristics of the population of housing estates, and the development of furniture for prefabricated housing, including a&nbsp;case of furniture for prefabricated housing, including a&nbsp;case study on life in Prague&#8217;s&nbsp;South Town. All this is accompanied by extensive contemporary and contemporary photographic documentation.<\/p>","protected":false},"excerpt":{"rendered":"<p>issued: UPM in Prague, 2017<br \/>\nLucie Sk\u0159iv\u00e1nkov\u00e1, Rostislav \u0160v\u00e1cha, Irena Lehko\u017eivov\u00e1<br \/>\nJind\u0159ich Chatrn\u00fd, Martina Koukalov\u00e1, Lucie Posp\u00ed\u0161ilov\u00e1, Lucie Sk\u0159iv\u00e1nkov\u00e1, Petra \u0160pa\u010dkov\u00e1, Rostislav \u0160v\u00e1cha, Martin Vesel\u00fd et al.<br \/>\nEdition: English<br \/>\nformat: 29,5 x 19,5 cm, paperback<br \/>\nnumber of pages: 284<br \/>\nnumber of reproductions: 353<br \/>\nISBN: 978-80-7101-162-0<\/p>","protected":false},"featured_media":2176,"template":"","meta":{"_acf_changed":false},"product_brand":[],"product_cat":[80],"product_tag":[],"class_list":{"0":"post-12945","1":"product","2":"type-product","3":"status-publish","4":"has-post-thumbnail","6":"product_cat-books","8":"first","9":"instock","10":"shipping-taxable","11":"purchasable","12":"product-type-simple"},"acf":[],"yoast_head":"<!-- This site is optimized with the Yoast SEO plugin v26.9 - https:\/\/yoast.com\/product\/yoast-seo-wordpress\/ -->\n<title>THE PANEL\u00c1KS. TWENTY-FIVE HOUSING ESTATES IN THE CZECH REPUBLIC - Um\u011bleckopr\u016fmyslov\u00e9 museum v Praze<\/title>\n<meta name=\"description\" content=\"The English version of the Czech catalogue, published for the cycle of fourteen exhibitions The Story of a Prefabricated House, realized in 2014-2017, presents twenty-five (not only) prefabricated housing estates from all regions of the Czech Republic.\" \/>\n<meta name=\"robots\" content=\"index, follow, max-snippet:-1, max-image-preview:large, max-video-preview:-1\" \/>\n<link rel=\"canonical\" href=\"https:\/\/www.upm.cz\/an\/eshop\/the-panelaks-twenty-five-housing-estates-in-the-czech-republic-2\/\" \/>\n<meta property=\"og:locale\" content=\"en_US\" \/>\n<meta property=\"og:type\" content=\"article\" \/>\n<meta property=\"og:title\" content=\"THE PANEL\u00c1KS. TWENTY-FIVE HOUSING ESTATES IN THE CZECH REPUBLIC - Um\u011bleckopr\u016fmyslov\u00e9 museum v Praze\" \/>\n<meta property=\"og:description\" content=\"The English version of the Czech catalogue, published for the cycle of fourteen exhibitions The Story of a Prefabricated House, realized in 2014-2017, presents twenty-five (not only) prefabricated housing estates from all regions of the Czech Republic.\" \/>\n<meta property=\"og:url\" content=\"https:\/\/www.upm.cz\/an\/eshop\/the-panelaks-twenty-five-housing-estates-in-the-czech-republic-2\/\" \/>\n<meta property=\"og:site_name\" content=\"Um\u011bleckopr\u016fmyslov\u00e9 museum v Praze\" \/>\n<meta property=\"article:modified_time\" content=\"2026-01-07T11:20:29+00:00\" \/>\n<meta property=\"og:image\" content=\"https:\/\/www.upm.cz\/wp-content\/uploads\/1557238495-the_panelaks_cover_2.jpg\" \/>\n\t<meta property=\"og:image:width\" content=\"1700\" \/>\n\t<meta property=\"og:image:height\" content=\"1135\" \/>\n\t<meta property=\"og:image:type\" content=\"image\/jpeg\" \/>\n<meta name=\"twitter:card\" content=\"summary_large_image\" \/>\n<meta name=\"twitter:label1\" content=\"Est. reading time\" \/>\n\t<meta name=\"twitter:data1\" content=\"1 minute\" \/>\n<script type=\"application\/ld+json\" class=\"yoast-schema-graph\">{\"@context\":\"https:\/\/schema.org\",\"@graph\":[{\"@type\":\"WebPage\",\"@id\":\"https:\/\/www.upm.cz\/eshop\/the-panelaks-twenty-five-housing-estates-in-the-czech-republic-2\/\",\"url\":\"https:\/\/www.upm.cz\/eshop\/the-panelaks-twenty-five-housing-estates-in-the-czech-republic-2\/\",\"name\":\"THE PANEL\u00c1KS. TWENTY-FIVE HOUSING ESTATES IN THE CZECH REPUBLIC - Um\u011bleckopr\u016fmyslov\u00e9 museum v Praze\",\"isPartOf\":{\"@id\":\"https:\/\/www.upm.cz\/#website\"},\"primaryImageOfPage\":{\"@id\":\"https:\/\/www.upm.cz\/eshop\/the-panelaks-twenty-five-housing-estates-in-the-czech-republic-2\/#primaryimage\"},\"image\":{\"@id\":\"https:\/\/www.upm.cz\/eshop\/the-panelaks-twenty-five-housing-estates-in-the-czech-republic-2\/#primaryimage\"},\"thumbnailUrl\":\"https:\/\/www.upm.cz\/wp-content\/uploads\/1557238495-the_panelaks_cover_2.jpg\",\"datePublished\":\"2022-09-02T10:02:33+00:00\",\"dateModified\":\"2026-01-07T11:20:29+00:00\",\"description\":\"The English version of the Czech catalogue, published for the cycle of fourteen exhibitions The Story of a Prefabricated House, realized in 2014-2017, presents twenty-five (not only) prefabricated housing estates from all regions of the Czech Republic.\",\"breadcrumb\":{\"@id\":\"https:\/\/www.upm.cz\/eshop\/the-panelaks-twenty-five-housing-estates-in-the-czech-republic-2\/#breadcrumb\"},\"inLanguage\":\"en-US\",\"potentialAction\":[{\"@type\":\"ReadAction\",\"target\":[\"https:\/\/www.upm.cz\/eshop\/the-panelaks-twenty-five-housing-estates-in-the-czech-republic-2\/\"]}]},{\"@type\":\"ImageObject\",\"inLanguage\":\"en-US\",\"@id\":\"https:\/\/www.upm.cz\/eshop\/the-panelaks-twenty-five-housing-estates-in-the-czech-republic-2\/#primaryimage\",\"url\":\"https:\/\/www.upm.cz\/wp-content\/uploads\/1557238495-the_panelaks_cover_2.jpg\",\"contentUrl\":\"https:\/\/www.upm.cz\/wp-content\/uploads\/1557238495-the_panelaks_cover_2.jpg\",\"width\":1700,\"height\":1135},{\"@type\":\"BreadcrumbList\",\"@id\":\"https:\/\/www.upm.cz\/eshop\/the-panelaks-twenty-five-housing-estates-in-the-czech-republic-2\/#breadcrumb\",\"itemListElement\":[{\"@type\":\"ListItem\",\"position\":1,\"name\":\"Dom\u016f\",\"item\":\"https:\/\/www.upm.cz\/\"},{\"@type\":\"ListItem\",\"position\":2,\"name\":\"eshop\",\"item\":\"https:\/\/www.upm.cz\/eshop\/\"},{\"@type\":\"ListItem\",\"position\":3,\"name\":\"THE PANEL\u00c1KS. TWENTY-FIVE HOUSING ESTATES IN THE CZECH REPUBLIC\"}]},{\"@type\":\"WebSite\",\"@id\":\"https:\/\/www.upm.cz\/#website\",\"url\":\"https:\/\/www.upm.cz\/\",\"name\":\"Um\u011bleckopr\u016fmyslov\u00e9 museum v Praze\",\"description\":\"\",\"publisher\":{\"@id\":\"https:\/\/www.upm.cz\/#organization\"},\"potentialAction\":[{\"@type\":\"SearchAction\",\"target\":{\"@type\":\"EntryPoint\",\"urlTemplate\":\"https:\/\/www.upm.cz\/?s={search_term_string}\"},\"query-input\":{\"@type\":\"PropertyValueSpecification\",\"valueRequired\":true,\"valueName\":\"search_term_string\"}}],\"inLanguage\":\"en-US\"},{\"@type\":\"Organization\",\"@id\":\"https:\/\/www.upm.cz\/#organization\",\"name\":\"Um\u011bleckopr\u016fmyslov\u00e9 museum v Praze\",\"url\":\"https:\/\/www.upm.cz\/\",\"logo\":{\"@type\":\"ImageObject\",\"inLanguage\":\"en-US\",\"@id\":\"https:\/\/www.upm.cz\/#\/schema\/logo\/image\/\",\"url\":\"https:\/\/www.upm.cz\/wp-content\/uploads\/2020\/03\/logo_upm_cz.svg\",\"contentUrl\":\"https:\/\/www.upm.cz\/wp-content\/uploads\/2020\/03\/logo_upm_cz.svg\",\"width\":1736,\"height\":295,\"caption\":\"Um\u011bleckopr\u016fmyslov\u00e9 museum v Praze\"},\"image\":{\"@id\":\"https:\/\/www.upm.cz\/#\/schema\/logo\/image\/\"}}]}<\/script>\n<!-- \/ Yoast SEO plugin. -->","yoast_head_json":{"title":"THE PANEL\u00c1KS. TWENTY-FIVE HOUSING ESTATES IN THE CZECH REPUBLIC - Um\u011bleckopr\u016fmyslov\u00e9 museum v Praze","description":"The English version of the Czech catalogue, published for the cycle of fourteen exhibitions The Story of a Prefabricated House, realized in 2014-2017, presents twenty-five (not only) prefabricated housing estates from all regions of the Czech Republic.","robots":{"index":"index","follow":"follow","max-snippet":"max-snippet:-1","max-image-preview":"max-image-preview:large","max-video-preview":"max-video-preview:-1"},"canonical":"https:\/\/www.upm.cz\/an\/eshop\/the-panelaks-twenty-five-housing-estates-in-the-czech-republic-2\/","og_locale":"en_US","og_type":"article","og_title":"THE PANEL\u00c1KS. TWENTY-FIVE HOUSING ESTATES IN THE CZECH REPUBLIC - Um\u011bleckopr\u016fmyslov\u00e9 museum v Praze","og_description":"The English version of the Czech catalogue, published for the cycle of fourteen exhibitions The Story of a Prefabricated House, realized in 2014-2017, presents twenty-five (not only) prefabricated housing estates from all regions of the Czech Republic.","og_url":"https:\/\/www.upm.cz\/an\/eshop\/the-panelaks-twenty-five-housing-estates-in-the-czech-republic-2\/","og_site_name":"Um\u011bleckopr\u016fmyslov\u00e9 museum v Praze","article_modified_time":"2026-01-07T11:20:29+00:00","og_image":[{"width":1700,"height":1135,"url":"https:\/\/www.upm.cz\/wp-content\/uploads\/1557238495-the_panelaks_cover_2.jpg","type":"image\/jpeg"}],"twitter_card":"summary_large_image","twitter_misc":{"Est. reading time":"1 minute"},"schema":{"@context":"https:\/\/schema.org","@graph":[{"@type":"WebPage","@id":"https:\/\/www.upm.cz\/eshop\/the-panelaks-twenty-five-housing-estates-in-the-czech-republic-2\/","url":"https:\/\/www.upm.cz\/eshop\/the-panelaks-twenty-five-housing-estates-in-the-czech-republic-2\/","name":"THE PANEL\u00c1KS. TWENTY-FIVE HOUSING ESTATES IN THE CZECH REPUBLIC - Um\u011bleckopr\u016fmyslov\u00e9 museum v Praze","isPartOf":{"@id":"https:\/\/www.upm.cz\/#website"},"primaryImageOfPage":{"@id":"https:\/\/www.upm.cz\/eshop\/the-panelaks-twenty-five-housing-estates-in-the-czech-republic-2\/#primaryimage"},"image":{"@id":"https:\/\/www.upm.cz\/eshop\/the-panelaks-twenty-five-housing-estates-in-the-czech-republic-2\/#primaryimage"},"thumbnailUrl":"https:\/\/www.upm.cz\/wp-content\/uploads\/1557238495-the_panelaks_cover_2.jpg","datePublished":"2022-09-02T10:02:33+00:00","dateModified":"2026-01-07T11:20:29+00:00","description":"The English version of the Czech catalogue, published for the cycle of fourteen exhibitions The Story of a Prefabricated House, realized in 2014-2017, presents twenty-five (not only) prefabricated housing estates from all regions of the Czech Republic.","breadcrumb":{"@id":"https:\/\/www.upm.cz\/eshop\/the-panelaks-twenty-five-housing-estates-in-the-czech-republic-2\/#breadcrumb"},"inLanguage":"en-US","potentialAction":[{"@type":"ReadAction","target":["https:\/\/www.upm.cz\/eshop\/the-panelaks-twenty-five-housing-estates-in-the-czech-republic-2\/"]}]},{"@type":"ImageObject","inLanguage":"en-US","@id":"https:\/\/www.upm.cz\/eshop\/the-panelaks-twenty-five-housing-estates-in-the-czech-republic-2\/#primaryimage","url":"https:\/\/www.upm.cz\/wp-content\/uploads\/1557238495-the_panelaks_cover_2.jpg","contentUrl":"https:\/\/www.upm.cz\/wp-content\/uploads\/1557238495-the_panelaks_cover_2.jpg","width":1700,"height":1135},{"@type":"BreadcrumbList","@id":"https:\/\/www.upm.cz\/eshop\/the-panelaks-twenty-five-housing-estates-in-the-czech-republic-2\/#breadcrumb","itemListElement":[{"@type":"ListItem","position":1,"name":"Dom\u016f","item":"https:\/\/www.upm.cz\/"},{"@type":"ListItem","position":2,"name":"eshop","item":"https:\/\/www.upm.cz\/eshop\/"},{"@type":"ListItem","position":3,"name":"THE PANEL\u00c1KS. TWENTY-FIVE HOUSING ESTATES IN THE CZECH REPUBLIC"}]},{"@type":"WebSite","@id":"https:\/\/www.upm.cz\/#website","url":"https:\/\/www.upm.cz\/","name":"Um\u011bleckopr\u016fmyslov\u00e9 museum v Praze","description":"","publisher":{"@id":"https:\/\/www.upm.cz\/#organization"},"potentialAction":[{"@type":"SearchAction","target":{"@type":"EntryPoint","urlTemplate":"https:\/\/www.upm.cz\/?s={search_term_string}"},"query-input":{"@type":"PropertyValueSpecification","valueRequired":true,"valueName":"search_term_string"}}],"inLanguage":"en-US"},{"@type":"Organization","@id":"https:\/\/www.upm.cz\/#organization","name":"Um\u011bleckopr\u016fmyslov\u00e9 museum v Praze","url":"https:\/\/www.upm.cz\/","logo":{"@type":"ImageObject","inLanguage":"en-US","@id":"https:\/\/www.upm.cz\/#\/schema\/logo\/image\/","url":"https:\/\/www.upm.cz\/wp-content\/uploads\/2020\/03\/logo_upm_cz.svg","contentUrl":"https:\/\/www.upm.cz\/wp-content\/uploads\/2020\/03\/logo_upm_cz.svg","width":1736,"height":295,"caption":"Um\u011bleckopr\u016fmyslov\u00e9 museum v Praze"},"image":{"@id":"https:\/\/www.upm.cz\/#\/schema\/logo\/image\/"}}]}},"_links":{"self":[{"href":"https:\/\/www.upm.cz\/an\/wp-json\/wp\/v2\/product\/12945","targetHints":{"allow":["GET"]}}],"collection":[{"href":"https:\/\/www.upm.cz\/an\/wp-json\/wp\/v2\/product"}],"about":[{"href":"https:\/\/www.upm.cz\/an\/wp-json\/wp\/v2\/types\/product"}],"wp:featuredmedia":[{"embeddable":true,"href":"https:\/\/www.upm.cz\/an\/wp-json\/wp\/v2\/media\/2176"}],"wp:attachment":[{"href":"https:\/\/www.upm.cz\/an\/wp-json\/wp\/v2\/media?parent=12945"}],"wp:term":[{"taxonomy":"product_brand","embeddable":true,"href":"https:\/\/www.upm.cz\/an\/wp-json\/wp\/v2\/product_brand?post=12945"},{"taxonomy":"product_cat","embeddable":true,"href":"https:\/\/www.upm.cz\/an\/wp-json\/wp\/v2\/product_cat?post=12945"},{"taxonomy":"product_tag","embeddable":true,"href":"https:\/\/www.upm.cz\/an\/wp-json\/wp\/v2\/product_tag?post=12945"}],"curies":[{"name":"wp","href":"https:\/\/api.w.org\/{rel}","templated":true}]}}