{"id":12952,"date":"2022-09-05T10:12:26","date_gmt":"2022-09-05T08:12:26","guid":{"rendered":"https:\/\/www.upm.cz\/?post_type=product&#038;p=12952"},"modified":"2025-04-02T11:24:58","modified_gmt":"2025-04-02T09:24:58","slug":"scandinavian-design-beyond-the-myth-2","status":"publish","type":"product","link":"https:\/\/www.upm.cz\/an\/eshop\/scandinavian-design-beyond-the-myth-2\/","title":{"rendered":"VOJT\u011aCH PREISSIG"},"content":{"rendered":"<p>Edition Design &#8211; profiles &#8211; personalities<\/p>\n<p>The work of Vojt\u011bch Preissig, one of the most significant Czech artists of the first half of the 20th century in the field of graphic design, covers a&nbsp;wide range of disciplines and types of graphic and decorative activity, from stock graphics (posters, invitations, announcements, New Year&#8217;s&nbsp;cards and ex libris) to book and magazine design, ornamental designs and patterns to typography. Against the backdrop of Preissig&#8217;s&nbsp;extraordinary life destiny, defined by significant historical events, we trace the artist&#8217;s&nbsp;major creative stages, which brought him specific tasks, offered various opportunities and determined his orientation &#8211; especially his studies in Paris, his own studio, his relocation to the United States, his work in the First Resistance, his teaching activities at the Wentworth Institute in Boston, his work for American printers and publishers, his collaboration with the State Printing House in Prague, his return to Czechoslovakia and his work in the Second Resistance.<\/p>","protected":false},"excerpt":{"rendered":"<p>Published by the UPM in Prague in cooperation with the publishing house Arbor vitae, 2012<\/p>\n<p>Lucie Vl\u010dkov\u00e1<br \/>\nEdition: czech and english<br \/>\ngraphic design: \u0160t\u011bp\u00e1n Malovec<br \/>\nformat: 22 x 19 cm, softcover<br \/>\nnumber of pages: 224<br \/>\nreproduction: 216<\/p>","protected":false},"featured_media":6080,"template":"","meta":{"_acf_changed":false},"product_brand":[],"product_cat":[80],"product_tag":[],"class_list":{"0":"post-12952","1":"product","2":"type-product","3":"status-publish","4":"has-post-thumbnail","6":"product_cat-books","8":"first","9":"instock","10":"shipping-taxable","11":"purchasable","12":"product-type-simple"},"acf":[],"yoast_head":"<!-- This site is optimized with the Yoast SEO plugin v26.9 - https:\/\/yoast.com\/product\/yoast-seo-wordpress\/ -->\n<title>VOJT\u011aCH PREISSIG - Um\u011bleckopr\u016fmyslov\u00e9 museum v Praze<\/title>\n<meta name=\"description\" content=\"Fifty Years of Design from the Nordic Countries\" \/>\n<meta name=\"robots\" content=\"index, follow, max-snippet:-1, max-image-preview:large, max-video-preview:-1\" \/>\n<link rel=\"canonical\" href=\"https:\/\/www.upm.cz\/an\/eshop\/scandinavian-design-beyond-the-myth-2\/\" \/>\n<meta property=\"og:locale\" content=\"en_US\" \/>\n<meta property=\"og:type\" content=\"article\" \/>\n<meta property=\"og:title\" content=\"VOJT\u011aCH PREISSIG - Um\u011bleckopr\u016fmyslov\u00e9 museum v Praze\" \/>\n<meta property=\"og:description\" content=\"Fifty Years of Design from the Nordic Countries\" \/>\n<meta property=\"og:url\" content=\"https:\/\/www.upm.cz\/an\/eshop\/scandinavian-design-beyond-the-myth-2\/\" \/>\n<meta property=\"og:site_name\" content=\"Um\u011bleckopr\u016fmyslov\u00e9 museum v Praze\" \/>\n<meta property=\"article:modified_time\" content=\"2025-04-02T09:24:58+00:00\" \/>\n<meta property=\"og:image\" content=\"https:\/\/www.upm.cz\/wp-content\/uploads\/V_Preissig_DPO_01_P03.jpg\" \/>\n\t<meta property=\"og:image:width\" content=\"879\" \/>\n\t<meta property=\"og:image:height\" content=\"1000\" \/>\n\t<meta property=\"og:image:type\" content=\"image\/jpeg\" \/>\n<meta name=\"twitter:card\" content=\"summary_large_image\" \/>\n<meta name=\"twitter:label1\" content=\"Est. reading time\" \/>\n\t<meta name=\"twitter:data1\" content=\"1 minute\" \/>\n<script type=\"application\/ld+json\" class=\"yoast-schema-graph\">{\"@context\":\"https:\/\/schema.org\",\"@graph\":[{\"@type\":\"WebPage\",\"@id\":\"https:\/\/www.upm.cz\/eshop\/scandinavian-design-beyond-the-myth-2\/\",\"url\":\"https:\/\/www.upm.cz\/eshop\/scandinavian-design-beyond-the-myth-2\/\",\"name\":\"VOJT\u011aCH PREISSIG - Um\u011bleckopr\u016fmyslov\u00e9 museum v Praze\",\"isPartOf\":{\"@id\":\"https:\/\/www.upm.cz\/#website\"},\"primaryImageOfPage\":{\"@id\":\"https:\/\/www.upm.cz\/eshop\/scandinavian-design-beyond-the-myth-2\/#primaryimage\"},\"image\":{\"@id\":\"https:\/\/www.upm.cz\/eshop\/scandinavian-design-beyond-the-myth-2\/#primaryimage\"},\"thumbnailUrl\":\"https:\/\/www.upm.cz\/wp-content\/uploads\/V_Preissig_DPO_01_P03.jpg\",\"datePublished\":\"2022-09-05T08:12:26+00:00\",\"dateModified\":\"2025-04-02T09:24:58+00:00\",\"description\":\"Fifty Years of Design from the Nordic Countries\",\"breadcrumb\":{\"@id\":\"https:\/\/www.upm.cz\/eshop\/scandinavian-design-beyond-the-myth-2\/#breadcrumb\"},\"inLanguage\":\"en-US\",\"potentialAction\":[{\"@type\":\"ReadAction\",\"target\":[\"https:\/\/www.upm.cz\/eshop\/scandinavian-design-beyond-the-myth-2\/\"]}]},{\"@type\":\"ImageObject\",\"inLanguage\":\"en-US\",\"@id\":\"https:\/\/www.upm.cz\/eshop\/scandinavian-design-beyond-the-myth-2\/#primaryimage\",\"url\":\"https:\/\/www.upm.cz\/wp-content\/uploads\/V_Preissig_DPO_01_P03.jpg\",\"contentUrl\":\"https:\/\/www.upm.cz\/wp-content\/uploads\/V_Preissig_DPO_01_P03.jpg\",\"width\":879,\"height\":1000},{\"@type\":\"BreadcrumbList\",\"@id\":\"https:\/\/www.upm.cz\/eshop\/scandinavian-design-beyond-the-myth-2\/#breadcrumb\",\"itemListElement\":[{\"@type\":\"ListItem\",\"position\":1,\"name\":\"Dom\u016f\",\"item\":\"https:\/\/www.upm.cz\/\"},{\"@type\":\"ListItem\",\"position\":2,\"name\":\"eshop\",\"item\":\"https:\/\/www.upm.cz\/eshop\/\"},{\"@type\":\"ListItem\",\"position\":3,\"name\":\"VOJT\u011aCH PREISSIG\"}]},{\"@type\":\"WebSite\",\"@id\":\"https:\/\/www.upm.cz\/#website\",\"url\":\"https:\/\/www.upm.cz\/\",\"name\":\"Um\u011bleckopr\u016fmyslov\u00e9 museum v Praze\",\"description\":\"\",\"publisher\":{\"@id\":\"https:\/\/www.upm.cz\/#organization\"},\"potentialAction\":[{\"@type\":\"SearchAction\",\"target\":{\"@type\":\"EntryPoint\",\"urlTemplate\":\"https:\/\/www.upm.cz\/?s={search_term_string}\"},\"query-input\":{\"@type\":\"PropertyValueSpecification\",\"valueRequired\":true,\"valueName\":\"search_term_string\"}}],\"inLanguage\":\"en-US\"},{\"@type\":\"Organization\",\"@id\":\"https:\/\/www.upm.cz\/#organization\",\"name\":\"Um\u011bleckopr\u016fmyslov\u00e9 museum v Praze\",\"url\":\"https:\/\/www.upm.cz\/\",\"logo\":{\"@type\":\"ImageObject\",\"inLanguage\":\"en-US\",\"@id\":\"https:\/\/www.upm.cz\/#\/schema\/logo\/image\/\",\"url\":\"https:\/\/www.upm.cz\/wp-content\/uploads\/2020\/03\/logo_upm_cz.svg\",\"contentUrl\":\"https:\/\/www.upm.cz\/wp-content\/uploads\/2020\/03\/logo_upm_cz.svg\",\"width\":1736,\"height\":295,\"caption\":\"Um\u011bleckopr\u016fmyslov\u00e9 museum v Praze\"},\"image\":{\"@id\":\"https:\/\/www.upm.cz\/#\/schema\/logo\/image\/\"}}]}<\/script>\n<!-- \/ Yoast SEO plugin. -->","yoast_head_json":{"title":"VOJT\u011aCH PREISSIG - Um\u011bleckopr\u016fmyslov\u00e9 museum v Praze","description":"Fifty Years of Design from the Nordic Countries","robots":{"index":"index","follow":"follow","max-snippet":"max-snippet:-1","max-image-preview":"max-image-preview:large","max-video-preview":"max-video-preview:-1"},"canonical":"https:\/\/www.upm.cz\/an\/eshop\/scandinavian-design-beyond-the-myth-2\/","og_locale":"en_US","og_type":"article","og_title":"VOJT\u011aCH PREISSIG - Um\u011bleckopr\u016fmyslov\u00e9 museum v Praze","og_description":"Fifty Years of Design from the Nordic Countries","og_url":"https:\/\/www.upm.cz\/an\/eshop\/scandinavian-design-beyond-the-myth-2\/","og_site_name":"Um\u011bleckopr\u016fmyslov\u00e9 museum v Praze","article_modified_time":"2025-04-02T09:24:58+00:00","og_image":[{"width":879,"height":1000,"url":"https:\/\/www.upm.cz\/wp-content\/uploads\/V_Preissig_DPO_01_P03.jpg","type":"image\/jpeg"}],"twitter_card":"summary_large_image","twitter_misc":{"Est. reading time":"1 minute"},"schema":{"@context":"https:\/\/schema.org","@graph":[{"@type":"WebPage","@id":"https:\/\/www.upm.cz\/eshop\/scandinavian-design-beyond-the-myth-2\/","url":"https:\/\/www.upm.cz\/eshop\/scandinavian-design-beyond-the-myth-2\/","name":"VOJT\u011aCH PREISSIG - Um\u011bleckopr\u016fmyslov\u00e9 museum v Praze","isPartOf":{"@id":"https:\/\/www.upm.cz\/#website"},"primaryImageOfPage":{"@id":"https:\/\/www.upm.cz\/eshop\/scandinavian-design-beyond-the-myth-2\/#primaryimage"},"image":{"@id":"https:\/\/www.upm.cz\/eshop\/scandinavian-design-beyond-the-myth-2\/#primaryimage"},"thumbnailUrl":"https:\/\/www.upm.cz\/wp-content\/uploads\/V_Preissig_DPO_01_P03.jpg","datePublished":"2022-09-05T08:12:26+00:00","dateModified":"2025-04-02T09:24:58+00:00","description":"Fifty Years of Design from the Nordic Countries","breadcrumb":{"@id":"https:\/\/www.upm.cz\/eshop\/scandinavian-design-beyond-the-myth-2\/#breadcrumb"},"inLanguage":"en-US","potentialAction":[{"@type":"ReadAction","target":["https:\/\/www.upm.cz\/eshop\/scandinavian-design-beyond-the-myth-2\/"]}]},{"@type":"ImageObject","inLanguage":"en-US","@id":"https:\/\/www.upm.cz\/eshop\/scandinavian-design-beyond-the-myth-2\/#primaryimage","url":"https:\/\/www.upm.cz\/wp-content\/uploads\/V_Preissig_DPO_01_P03.jpg","contentUrl":"https:\/\/www.upm.cz\/wp-content\/uploads\/V_Preissig_DPO_01_P03.jpg","width":879,"height":1000},{"@type":"BreadcrumbList","@id":"https:\/\/www.upm.cz\/eshop\/scandinavian-design-beyond-the-myth-2\/#breadcrumb","itemListElement":[{"@type":"ListItem","position":1,"name":"Dom\u016f","item":"https:\/\/www.upm.cz\/"},{"@type":"ListItem","position":2,"name":"eshop","item":"https:\/\/www.upm.cz\/eshop\/"},{"@type":"ListItem","position":3,"name":"VOJT\u011aCH PREISSIG"}]},{"@type":"WebSite","@id":"https:\/\/www.upm.cz\/#website","url":"https:\/\/www.upm.cz\/","name":"Um\u011bleckopr\u016fmyslov\u00e9 museum v Praze","description":"","publisher":{"@id":"https:\/\/www.upm.cz\/#organization"},"potentialAction":[{"@type":"SearchAction","target":{"@type":"EntryPoint","urlTemplate":"https:\/\/www.upm.cz\/?s={search_term_string}"},"query-input":{"@type":"PropertyValueSpecification","valueRequired":true,"valueName":"search_term_string"}}],"inLanguage":"en-US"},{"@type":"Organization","@id":"https:\/\/www.upm.cz\/#organization","name":"Um\u011bleckopr\u016fmyslov\u00e9 museum v Praze","url":"https:\/\/www.upm.cz\/","logo":{"@type":"ImageObject","inLanguage":"en-US","@id":"https:\/\/www.upm.cz\/#\/schema\/logo\/image\/","url":"https:\/\/www.upm.cz\/wp-content\/uploads\/2020\/03\/logo_upm_cz.svg","contentUrl":"https:\/\/www.upm.cz\/wp-content\/uploads\/2020\/03\/logo_upm_cz.svg","width":1736,"height":295,"caption":"Um\u011bleckopr\u016fmyslov\u00e9 museum v Praze"},"image":{"@id":"https:\/\/www.upm.cz\/#\/schema\/logo\/image\/"}}]}},"_links":{"self":[{"href":"https:\/\/www.upm.cz\/an\/wp-json\/wp\/v2\/product\/12952","targetHints":{"allow":["GET"]}}],"collection":[{"href":"https:\/\/www.upm.cz\/an\/wp-json\/wp\/v2\/product"}],"about":[{"href":"https:\/\/www.upm.cz\/an\/wp-json\/wp\/v2\/types\/product"}],"wp:featuredmedia":[{"embeddable":true,"href":"https:\/\/www.upm.cz\/an\/wp-json\/wp\/v2\/media\/6080"}],"wp:attachment":[{"href":"https:\/\/www.upm.cz\/an\/wp-json\/wp\/v2\/media?parent=12952"}],"wp:term":[{"taxonomy":"product_brand","embeddable":true,"href":"https:\/\/www.upm.cz\/an\/wp-json\/wp\/v2\/product_brand?post=12952"},{"taxonomy":"product_cat","embeddable":true,"href":"https:\/\/www.upm.cz\/an\/wp-json\/wp\/v2\/product_cat?post=12952"},{"taxonomy":"product_tag","embeddable":true,"href":"https:\/\/www.upm.cz\/an\/wp-json\/wp\/v2\/product_tag?post=12952"}],"curies":[{"name":"wp","href":"https:\/\/api.w.org\/{rel}","templated":true}]}}