{"id":12954,"date":"2022-09-05T10:45:51","date_gmt":"2022-09-05T08:45:51","guid":{"rendered":"https:\/\/www.upm.cz\/?post_type=product&#038;p=12954"},"modified":"2022-09-06T14:11:46","modified_gmt":"2022-09-06T12:11:46","slug":"scandinavian-design-beyond-the-myth-3","status":"publish","type":"product","link":"https:\/\/www.upm.cz\/an\/eshop\/scandinavian-design-beyond-the-myth-3\/","title":{"rendered":"SCANDINAVIAN DESIGN BEYOND THE MYTH"},"content":{"rendered":"<p>Fifty Years of Design from the Nordic Countries<\/p>\n<p>Scandinavian design has always been and still is a&nbsp;great source of inspiration. It is associated with simplicity, modern elegance and clean, refined form. But what is truth and what is mere myth? This is the question addressed by the authors of the publication published to accompany the exhibition, which toured eleven countries during 2003-2006 and was also presented at the Milan International Furniture Fair 2004. The book documents the diversity of design that has shaped and strengthened the image of Scandinavian design from the 1950s to the present day. All the Nordic countries are represented: Denmark, Sweden, Norway, Finland and Iceland. The authors were inspired by Italo Calvino and his Six Notes for the next millennium: lightness, speed, precision, visibility, multiplicity and consistency. They capture design in a&nbsp;wider context &#8211; in a&nbsp;world where we are now more mobile, more communicative and inspired by other cultures. Over the last fifteen years, Scandinavian design has also moved internationally into new areas including music, video and fashion.<\/p>","protected":false},"excerpt":{"rendered":"<p>edito\u0159i: Widar Hal\u00e9n, Kerstin Wickman<br \/>\nvydavatel: Arvinius F\u00f6rlag\/Form F\u00f6rlag, Stockholm, 2003<br \/>\nvyd\u00e1n\u00ed: anglick\u00e9<br \/>\nform\u00e1t: 28,5 x\u00a022\u00a0cm, pevn\u00e1 vazba<br \/>\npo\u010det stran: 226<br \/>\nreprodukc\u00ed: 229<br \/>\nISBN 91\u2014974413-5-X<\/p>","protected":false},"featured_media":6147,"template":"","meta":{"_acf_changed":false},"product_brand":[],"product_cat":[80],"product_tag":[],"class_list":{"0":"post-12954","1":"product","2":"type-product","3":"status-publish","4":"has-post-thumbnail","6":"product_cat-books","8":"first","9":"instock","10":"shipping-taxable","11":"purchasable","12":"product-type-simple"},"acf":[],"yoast_head":"<!-- This site is optimized with the Yoast SEO plugin v26.9 - https:\/\/yoast.com\/product\/yoast-seo-wordpress\/ -->\n<title>SCANDINAVIAN DESIGN BEYOND THE MYTH - Um\u011bleckopr\u016fmyslov\u00e9 museum v Praze<\/title>\n<meta name=\"description\" content=\"Fifty Years of Design from the Nordic Countries\" \/>\n<meta name=\"robots\" content=\"index, follow, max-snippet:-1, max-image-preview:large, max-video-preview:-1\" \/>\n<link rel=\"canonical\" href=\"https:\/\/www.upm.cz\/an\/eshop\/scandinavian-design-beyond-the-myth-3\/\" \/>\n<meta property=\"og:locale\" content=\"en_US\" \/>\n<meta property=\"og:type\" content=\"article\" \/>\n<meta property=\"og:title\" content=\"SCANDINAVIAN DESIGN BEYOND THE MYTH - Um\u011bleckopr\u016fmyslov\u00e9 museum v Praze\" \/>\n<meta property=\"og:description\" content=\"Fifty Years of Design from the Nordic Countries\" \/>\n<meta property=\"og:url\" content=\"https:\/\/www.upm.cz\/an\/eshop\/scandinavian-design-beyond-the-myth-3\/\" \/>\n<meta property=\"og:site_name\" content=\"Um\u011bleckopr\u016fmyslov\u00e9 museum v Praze\" \/>\n<meta property=\"article:modified_time\" content=\"2022-09-06T12:11:46+00:00\" \/>\n<meta property=\"og:image\" content=\"https:\/\/www.upm.cz\/wp-content\/uploads\/Scandinavian_Design_2003.jpg\" \/>\n\t<meta property=\"og:image:width\" content=\"768\" \/>\n\t<meta property=\"og:image:height\" content=\"1000\" \/>\n\t<meta property=\"og:image:type\" content=\"image\/jpeg\" \/>\n<meta name=\"twitter:card\" content=\"summary_large_image\" \/>\n<meta name=\"twitter:label1\" content=\"Est. reading time\" \/>\n\t<meta name=\"twitter:data1\" content=\"1 minute\" \/>\n<script type=\"application\/ld+json\" class=\"yoast-schema-graph\">{\"@context\":\"https:\/\/schema.org\",\"@graph\":[{\"@type\":\"WebPage\",\"@id\":\"https:\/\/www.upm.cz\/eshop\/scandinavian-design-beyond-the-myth-3\/\",\"url\":\"https:\/\/www.upm.cz\/eshop\/scandinavian-design-beyond-the-myth-3\/\",\"name\":\"SCANDINAVIAN DESIGN BEYOND THE MYTH - Um\u011bleckopr\u016fmyslov\u00e9 museum v Praze\",\"isPartOf\":{\"@id\":\"https:\/\/www.upm.cz\/#website\"},\"primaryImageOfPage\":{\"@id\":\"https:\/\/www.upm.cz\/eshop\/scandinavian-design-beyond-the-myth-3\/#primaryimage\"},\"image\":{\"@id\":\"https:\/\/www.upm.cz\/eshop\/scandinavian-design-beyond-the-myth-3\/#primaryimage\"},\"thumbnailUrl\":\"https:\/\/www.upm.cz\/wp-content\/uploads\/Scandinavian_Design_2003.jpg\",\"datePublished\":\"2022-09-05T08:45:51+00:00\",\"dateModified\":\"2022-09-06T12:11:46+00:00\",\"description\":\"Fifty Years of Design from the Nordic Countries\",\"breadcrumb\":{\"@id\":\"https:\/\/www.upm.cz\/eshop\/scandinavian-design-beyond-the-myth-3\/#breadcrumb\"},\"inLanguage\":\"en-US\",\"potentialAction\":[{\"@type\":\"ReadAction\",\"target\":[\"https:\/\/www.upm.cz\/eshop\/scandinavian-design-beyond-the-myth-3\/\"]}]},{\"@type\":\"ImageObject\",\"inLanguage\":\"en-US\",\"@id\":\"https:\/\/www.upm.cz\/eshop\/scandinavian-design-beyond-the-myth-3\/#primaryimage\",\"url\":\"https:\/\/www.upm.cz\/wp-content\/uploads\/Scandinavian_Design_2003.jpg\",\"contentUrl\":\"https:\/\/www.upm.cz\/wp-content\/uploads\/Scandinavian_Design_2003.jpg\",\"width\":768,\"height\":1000},{\"@type\":\"BreadcrumbList\",\"@id\":\"https:\/\/www.upm.cz\/eshop\/scandinavian-design-beyond-the-myth-3\/#breadcrumb\",\"itemListElement\":[{\"@type\":\"ListItem\",\"position\":1,\"name\":\"Dom\u016f\",\"item\":\"https:\/\/www.upm.cz\/\"},{\"@type\":\"ListItem\",\"position\":2,\"name\":\"eshop\",\"item\":\"https:\/\/www.upm.cz\/eshop\/\"},{\"@type\":\"ListItem\",\"position\":3,\"name\":\"SCANDINAVIAN DESIGN BEYOND THE MYTH\"}]},{\"@type\":\"WebSite\",\"@id\":\"https:\/\/www.upm.cz\/#website\",\"url\":\"https:\/\/www.upm.cz\/\",\"name\":\"Um\u011bleckopr\u016fmyslov\u00e9 museum v Praze\",\"description\":\"\",\"publisher\":{\"@id\":\"https:\/\/www.upm.cz\/#organization\"},\"potentialAction\":[{\"@type\":\"SearchAction\",\"target\":{\"@type\":\"EntryPoint\",\"urlTemplate\":\"https:\/\/www.upm.cz\/?s={search_term_string}\"},\"query-input\":{\"@type\":\"PropertyValueSpecification\",\"valueRequired\":true,\"valueName\":\"search_term_string\"}}],\"inLanguage\":\"en-US\"},{\"@type\":\"Organization\",\"@id\":\"https:\/\/www.upm.cz\/#organization\",\"name\":\"Um\u011bleckopr\u016fmyslov\u00e9 museum v Praze\",\"url\":\"https:\/\/www.upm.cz\/\",\"logo\":{\"@type\":\"ImageObject\",\"inLanguage\":\"en-US\",\"@id\":\"https:\/\/www.upm.cz\/#\/schema\/logo\/image\/\",\"url\":\"https:\/\/www.upm.cz\/wp-content\/uploads\/2020\/03\/logo_upm_cz.svg\",\"contentUrl\":\"https:\/\/www.upm.cz\/wp-content\/uploads\/2020\/03\/logo_upm_cz.svg\",\"width\":1736,\"height\":295,\"caption\":\"Um\u011bleckopr\u016fmyslov\u00e9 museum v Praze\"},\"image\":{\"@id\":\"https:\/\/www.upm.cz\/#\/schema\/logo\/image\/\"}}]}<\/script>\n<!-- \/ Yoast SEO plugin. -->","yoast_head_json":{"title":"SCANDINAVIAN DESIGN BEYOND THE MYTH - Um\u011bleckopr\u016fmyslov\u00e9 museum v Praze","description":"Fifty Years of Design from the Nordic Countries","robots":{"index":"index","follow":"follow","max-snippet":"max-snippet:-1","max-image-preview":"max-image-preview:large","max-video-preview":"max-video-preview:-1"},"canonical":"https:\/\/www.upm.cz\/an\/eshop\/scandinavian-design-beyond-the-myth-3\/","og_locale":"en_US","og_type":"article","og_title":"SCANDINAVIAN DESIGN BEYOND THE MYTH - Um\u011bleckopr\u016fmyslov\u00e9 museum v Praze","og_description":"Fifty Years of Design from the Nordic Countries","og_url":"https:\/\/www.upm.cz\/an\/eshop\/scandinavian-design-beyond-the-myth-3\/","og_site_name":"Um\u011bleckopr\u016fmyslov\u00e9 museum v Praze","article_modified_time":"2022-09-06T12:11:46+00:00","og_image":[{"width":768,"height":1000,"url":"https:\/\/www.upm.cz\/wp-content\/uploads\/Scandinavian_Design_2003.jpg","type":"image\/jpeg"}],"twitter_card":"summary_large_image","twitter_misc":{"Est. reading time":"1 minute"},"schema":{"@context":"https:\/\/schema.org","@graph":[{"@type":"WebPage","@id":"https:\/\/www.upm.cz\/eshop\/scandinavian-design-beyond-the-myth-3\/","url":"https:\/\/www.upm.cz\/eshop\/scandinavian-design-beyond-the-myth-3\/","name":"SCANDINAVIAN DESIGN BEYOND THE MYTH - Um\u011bleckopr\u016fmyslov\u00e9 museum v Praze","isPartOf":{"@id":"https:\/\/www.upm.cz\/#website"},"primaryImageOfPage":{"@id":"https:\/\/www.upm.cz\/eshop\/scandinavian-design-beyond-the-myth-3\/#primaryimage"},"image":{"@id":"https:\/\/www.upm.cz\/eshop\/scandinavian-design-beyond-the-myth-3\/#primaryimage"},"thumbnailUrl":"https:\/\/www.upm.cz\/wp-content\/uploads\/Scandinavian_Design_2003.jpg","datePublished":"2022-09-05T08:45:51+00:00","dateModified":"2022-09-06T12:11:46+00:00","description":"Fifty Years of Design from the Nordic Countries","breadcrumb":{"@id":"https:\/\/www.upm.cz\/eshop\/scandinavian-design-beyond-the-myth-3\/#breadcrumb"},"inLanguage":"en-US","potentialAction":[{"@type":"ReadAction","target":["https:\/\/www.upm.cz\/eshop\/scandinavian-design-beyond-the-myth-3\/"]}]},{"@type":"ImageObject","inLanguage":"en-US","@id":"https:\/\/www.upm.cz\/eshop\/scandinavian-design-beyond-the-myth-3\/#primaryimage","url":"https:\/\/www.upm.cz\/wp-content\/uploads\/Scandinavian_Design_2003.jpg","contentUrl":"https:\/\/www.upm.cz\/wp-content\/uploads\/Scandinavian_Design_2003.jpg","width":768,"height":1000},{"@type":"BreadcrumbList","@id":"https:\/\/www.upm.cz\/eshop\/scandinavian-design-beyond-the-myth-3\/#breadcrumb","itemListElement":[{"@type":"ListItem","position":1,"name":"Dom\u016f","item":"https:\/\/www.upm.cz\/"},{"@type":"ListItem","position":2,"name":"eshop","item":"https:\/\/www.upm.cz\/eshop\/"},{"@type":"ListItem","position":3,"name":"SCANDINAVIAN DESIGN BEYOND THE MYTH"}]},{"@type":"WebSite","@id":"https:\/\/www.upm.cz\/#website","url":"https:\/\/www.upm.cz\/","name":"Um\u011bleckopr\u016fmyslov\u00e9 museum v Praze","description":"","publisher":{"@id":"https:\/\/www.upm.cz\/#organization"},"potentialAction":[{"@type":"SearchAction","target":{"@type":"EntryPoint","urlTemplate":"https:\/\/www.upm.cz\/?s={search_term_string}"},"query-input":{"@type":"PropertyValueSpecification","valueRequired":true,"valueName":"search_term_string"}}],"inLanguage":"en-US"},{"@type":"Organization","@id":"https:\/\/www.upm.cz\/#organization","name":"Um\u011bleckopr\u016fmyslov\u00e9 museum v Praze","url":"https:\/\/www.upm.cz\/","logo":{"@type":"ImageObject","inLanguage":"en-US","@id":"https:\/\/www.upm.cz\/#\/schema\/logo\/image\/","url":"https:\/\/www.upm.cz\/wp-content\/uploads\/2020\/03\/logo_upm_cz.svg","contentUrl":"https:\/\/www.upm.cz\/wp-content\/uploads\/2020\/03\/logo_upm_cz.svg","width":1736,"height":295,"caption":"Um\u011bleckopr\u016fmyslov\u00e9 museum v Praze"},"image":{"@id":"https:\/\/www.upm.cz\/#\/schema\/logo\/image\/"}}]}},"_links":{"self":[{"href":"https:\/\/www.upm.cz\/an\/wp-json\/wp\/v2\/product\/12954","targetHints":{"allow":["GET"]}}],"collection":[{"href":"https:\/\/www.upm.cz\/an\/wp-json\/wp\/v2\/product"}],"about":[{"href":"https:\/\/www.upm.cz\/an\/wp-json\/wp\/v2\/types\/product"}],"wp:featuredmedia":[{"embeddable":true,"href":"https:\/\/www.upm.cz\/an\/wp-json\/wp\/v2\/media\/6147"}],"wp:attachment":[{"href":"https:\/\/www.upm.cz\/an\/wp-json\/wp\/v2\/media?parent=12954"}],"wp:term":[{"taxonomy":"product_brand","embeddable":true,"href":"https:\/\/www.upm.cz\/an\/wp-json\/wp\/v2\/product_brand?post=12954"},{"taxonomy":"product_cat","embeddable":true,"href":"https:\/\/www.upm.cz\/an\/wp-json\/wp\/v2\/product_cat?post=12954"},{"taxonomy":"product_tag","embeddable":true,"href":"https:\/\/www.upm.cz\/an\/wp-json\/wp\/v2\/product_tag?post=12954"}],"curies":[{"name":"wp","href":"https:\/\/api.w.org\/{rel}","templated":true}]}}