{"id":12961,"date":"2022-09-05T11:19:49","date_gmt":"2022-09-05T09:19:49","guid":{"rendered":"https:\/\/www.upm.cz\/?post_type=product&#038;p=12961"},"modified":"2026-01-23T10:14:47","modified_gmt":"2026-01-23T09:14:47","slug":"koudelka-returning","status":"publish","type":"product","link":"https:\/\/www.upm.cz\/an\/eshop\/koudelka-returning\/","title":{"rendered":"KOUDELKA RETURNING"},"content":{"rendered":"<p>The volume, published to accompany the exhibition at the Museum of Decorative Arts in Prague on the occasion of the photographer\u2019s eightieth birthday, presents a&nbsp;cross-section his life\u2019s work. The volume is based on 350\u00a0photographs that come from large sets of his works, which Koudelka has decided to donate to his native land. These include all his important photographic series: <em>Beginnings<\/em>, <em>Experiments<\/em>, <em>Theatre<\/em>, <em>Gypsies<\/em>, <em>Invasion 68<\/em>, <em>Exiles<\/em>, and <em>Panoramas<\/em>. Edited by Josef Koudelka and\u00a0Irena \u0160orfov\u00e1, the volume includes essays by Anna F\u00e1rov\u00e1, Stuart Alexander, Daniel Herman, Josef Chuchma, Jan Moucha a&nbsp;Tom\u00e1\u0161 Posp\u011bch, a\u00a0chronology of his life, and bibliography of works by and about Koudelka. It provides a\u00a0comprehensive overview of the photographer\u2019s life and works. It is published in Czech and English editions.<\/p>\n<p>&nbsp;<\/p>\n<p>The exhibition Koudelka: Returning is taking place at the Museum of Decorative Arts in Prague from March 22 to September 23, 2018.<\/p>","protected":false},"excerpt":{"rendered":"<p>concept: Josef Koudelka<br \/>\neditors: Josef Koudelka, Irena \u0160orfov\u00e1<br \/>\ntexts: Anna F\u00e1rov\u00e1, Helena Koenigsmarkov\u00e1, Irena \u0160orfov\u00e1, Stuart Alexander, Daniel Herman, Josef Chuchma, Jan Ml\u010doch, Josef Moucha, Tom\u00e1\u0161 Posp\u011bch<br \/>\npublishers: UPM and Karel Kerlick\u00fd-KANT<br \/>\neditions: English and Czech<br \/>\ntranslation to English: Derek and Marzia Paton<br \/>\nphotographs: Josef Koudelka\/Magnum Photos<br \/>\ngraphic design: Ale\u0161 Najbrt, Studio Najbrt<br \/>\nformat: 31 x 24 cm, hard cover<br \/>\npages: 308<br \/>\nreproductions: 440<\/p>\n<p>ISBN 978-80-7101-173-6 (UPM, English)<\/p>","protected":false},"featured_media":12962,"template":"","meta":{"_acf_changed":false},"product_brand":[],"product_cat":[80],"product_tag":[],"class_list":{"0":"post-12961","1":"product","2":"type-product","3":"status-publish","4":"has-post-thumbnail","6":"product_cat-books","8":"first","9":"instock","10":"shipping-taxable","11":"purchasable","12":"product-type-simple"},"acf":[],"yoast_head":"<!-- This site is optimized with the Yoast SEO plugin v26.9 - https:\/\/yoast.com\/product\/yoast-seo-wordpress\/ -->\n<title>KOUDELKA RETURNING - Um\u011bleckopr\u016fmyslov\u00e9 museum v Praze<\/title>\n<meta name=\"description\" content=\"The volume, published to accompany the exhibition at the Museum of Decorative Arts in Prague on the occasion of the photographer\u2019s eightieth birthday, presents a cross-section his life\u2019s work. The volume is based on 350 photographs that come from large sets of his works, which Koudelka has decided to donate to his native land. These include all his important photographic series: Beginnings, Experiments, Theatre, Gypsies, Invasion 68, Exiles, and Panoramas. Edited by Josef Koudelka and Irena \u0160orfov\u00e1, the volume includes essays by Anna F\u00e1rov\u00e1, Stuart Alexander, Daniel Herman, Josef Chuchma, Jan Moucha a Tom\u00e1\u0161 Posp\u011bch, a chronology of his life, and bibliography of works by and about Koudelka. It provides a comprehensive overview of the photographer\u2019s life and works. It is published in Czech and English editions.The exhibition Koudelka: Returning is taking place at the Museum of Decorative Arts in Prague from March 22 to September 23, 2018.\" \/>\n<meta name=\"robots\" content=\"index, follow, max-snippet:-1, max-image-preview:large, max-video-preview:-1\" \/>\n<link rel=\"canonical\" href=\"https:\/\/www.upm.cz\/an\/eshop\/koudelka-returning\/\" \/>\n<meta property=\"og:locale\" content=\"en_US\" \/>\n<meta property=\"og:type\" content=\"article\" \/>\n<meta property=\"og:title\" content=\"KOUDELKA RETURNING - Um\u011bleckopr\u016fmyslov\u00e9 museum v Praze\" \/>\n<meta property=\"og:description\" content=\"The volume, published to accompany the exhibition at the Museum of Decorative Arts in Prague on the occasion of the photographer\u2019s eightieth birthday, presents a cross-section his life\u2019s work. The volume is based on 350 photographs that come from large sets of his works, which Koudelka has decided to donate to his native land. These include all his important photographic series: Beginnings, Experiments, Theatre, Gypsies, Invasion 68, Exiles, and Panoramas. Edited by Josef Koudelka and Irena \u0160orfov\u00e1, the volume includes essays by Anna F\u00e1rov\u00e1, Stuart Alexander, Daniel Herman, Josef Chuchma, Jan Moucha a Tom\u00e1\u0161 Posp\u011bch, a chronology of his life, and bibliography of works by and about Koudelka. It provides a comprehensive overview of the photographer\u2019s life and works. It is published in Czech and English editions.The exhibition Koudelka: Returning is taking place at the Museum of Decorative Arts in Prague from March 22 to September 23, 2018.\" \/>\n<meta property=\"og:url\" content=\"https:\/\/www.upm.cz\/an\/eshop\/koudelka-returning\/\" \/>\n<meta property=\"og:site_name\" content=\"Um\u011bleckopr\u016fmyslov\u00e9 museum v Praze\" \/>\n<meta property=\"article:modified_time\" content=\"2026-01-23T09:14:47+00:00\" \/>\n<meta property=\"og:image\" content=\"https:\/\/www.upm.cz\/wp-content\/uploads\/Obalka_anglicka-1.jpg\" \/>\n\t<meta property=\"og:image:width\" content=\"1386\" \/>\n\t<meta property=\"og:image:height\" content=\"1831\" \/>\n\t<meta property=\"og:image:type\" content=\"image\/jpeg\" \/>\n<meta name=\"twitter:card\" content=\"summary_large_image\" \/>\n<meta name=\"twitter:label1\" content=\"Est. reading time\" \/>\n\t<meta name=\"twitter:data1\" content=\"1 minute\" \/>\n<script type=\"application\/ld+json\" class=\"yoast-schema-graph\">{\"@context\":\"https:\/\/schema.org\",\"@graph\":[{\"@type\":\"WebPage\",\"@id\":\"https:\/\/www.upm.cz\/eshop\/koudelka-returning\/\",\"url\":\"https:\/\/www.upm.cz\/eshop\/koudelka-returning\/\",\"name\":\"KOUDELKA RETURNING - Um\u011bleckopr\u016fmyslov\u00e9 museum v Praze\",\"isPartOf\":{\"@id\":\"https:\/\/www.upm.cz\/#website\"},\"primaryImageOfPage\":{\"@id\":\"https:\/\/www.upm.cz\/eshop\/koudelka-returning\/#primaryimage\"},\"image\":{\"@id\":\"https:\/\/www.upm.cz\/eshop\/koudelka-returning\/#primaryimage\"},\"thumbnailUrl\":\"https:\/\/www.upm.cz\/wp-content\/uploads\/Obalka_anglicka-1.jpg\",\"datePublished\":\"2022-09-05T09:19:49+00:00\",\"dateModified\":\"2026-01-23T09:14:47+00:00\",\"description\":\"The volume, published to accompany the exhibition at the Museum of Decorative Arts in Prague on the occasion of the photographer\u2019s eightieth birthday, presents a cross-section his life\u2019s work. The volume is based on 350 photographs that come from large sets of his works, which Koudelka has decided to donate to his native land. These include all his important photographic series: Beginnings, Experiments, Theatre, Gypsies, Invasion 68, Exiles, and Panoramas. Edited by Josef Koudelka and Irena \u0160orfov\u00e1, the volume includes essays by Anna F\u00e1rov\u00e1, Stuart Alexander, Daniel Herman, Josef Chuchma, Jan Moucha a Tom\u00e1\u0161 Posp\u011bch, a chronology of his life, and bibliography of works by and about Koudelka. It provides a comprehensive overview of the photographer\u2019s life and works. It is published in Czech and English editions.The exhibition Koudelka: Returning is taking place at the Museum of Decorative Arts in Prague from March 22 to September 23, 2018.\",\"breadcrumb\":{\"@id\":\"https:\/\/www.upm.cz\/eshop\/koudelka-returning\/#breadcrumb\"},\"inLanguage\":\"en-US\",\"potentialAction\":[{\"@type\":\"ReadAction\",\"target\":[\"https:\/\/www.upm.cz\/eshop\/koudelka-returning\/\"]}]},{\"@type\":\"ImageObject\",\"inLanguage\":\"en-US\",\"@id\":\"https:\/\/www.upm.cz\/eshop\/koudelka-returning\/#primaryimage\",\"url\":\"https:\/\/www.upm.cz\/wp-content\/uploads\/Obalka_anglicka-1.jpg\",\"contentUrl\":\"https:\/\/www.upm.cz\/wp-content\/uploads\/Obalka_anglicka-1.jpg\",\"width\":1386,\"height\":1831,\"caption\":\"Koudelka Returning obal knihy\"},{\"@type\":\"BreadcrumbList\",\"@id\":\"https:\/\/www.upm.cz\/eshop\/koudelka-returning\/#breadcrumb\",\"itemListElement\":[{\"@type\":\"ListItem\",\"position\":1,\"name\":\"Dom\u016f\",\"item\":\"https:\/\/www.upm.cz\/\"},{\"@type\":\"ListItem\",\"position\":2,\"name\":\"eshop\",\"item\":\"https:\/\/www.upm.cz\/eshop\/\"},{\"@type\":\"ListItem\",\"position\":3,\"name\":\"KOUDELKA RETURNING\"}]},{\"@type\":\"WebSite\",\"@id\":\"https:\/\/www.upm.cz\/#website\",\"url\":\"https:\/\/www.upm.cz\/\",\"name\":\"Um\u011bleckopr\u016fmyslov\u00e9 museum v Praze\",\"description\":\"\",\"publisher\":{\"@id\":\"https:\/\/www.upm.cz\/#organization\"},\"potentialAction\":[{\"@type\":\"SearchAction\",\"target\":{\"@type\":\"EntryPoint\",\"urlTemplate\":\"https:\/\/www.upm.cz\/?s={search_term_string}\"},\"query-input\":{\"@type\":\"PropertyValueSpecification\",\"valueRequired\":true,\"valueName\":\"search_term_string\"}}],\"inLanguage\":\"en-US\"},{\"@type\":\"Organization\",\"@id\":\"https:\/\/www.upm.cz\/#organization\",\"name\":\"Um\u011bleckopr\u016fmyslov\u00e9 museum v Praze\",\"url\":\"https:\/\/www.upm.cz\/\",\"logo\":{\"@type\":\"ImageObject\",\"inLanguage\":\"en-US\",\"@id\":\"https:\/\/www.upm.cz\/#\/schema\/logo\/image\/\",\"url\":\"https:\/\/www.upm.cz\/wp-content\/uploads\/2020\/03\/logo_upm_cz.svg\",\"contentUrl\":\"https:\/\/www.upm.cz\/wp-content\/uploads\/2020\/03\/logo_upm_cz.svg\",\"width\":1736,\"height\":295,\"caption\":\"Um\u011bleckopr\u016fmyslov\u00e9 museum v Praze\"},\"image\":{\"@id\":\"https:\/\/www.upm.cz\/#\/schema\/logo\/image\/\"}}]}<\/script>\n<!-- \/ Yoast SEO plugin. -->","yoast_head_json":{"title":"KOUDELKA RETURNING - Um\u011bleckopr\u016fmyslov\u00e9 museum v Praze","description":"The volume, published to accompany the exhibition at the Museum of Decorative Arts in Prague on the occasion of the photographer\u2019s eightieth birthday, presents a cross-section his life\u2019s work. The volume is based on 350 photographs that come from large sets of his works, which Koudelka has decided to donate to his native land. These include all his important photographic series: Beginnings, Experiments, Theatre, Gypsies, Invasion 68, Exiles, and Panoramas. Edited by Josef Koudelka and Irena \u0160orfov\u00e1, the volume includes essays by Anna F\u00e1rov\u00e1, Stuart Alexander, Daniel Herman, Josef Chuchma, Jan Moucha a Tom\u00e1\u0161 Posp\u011bch, a chronology of his life, and bibliography of works by and about Koudelka. It provides a comprehensive overview of the photographer\u2019s life and works. It is published in Czech and English editions.The exhibition Koudelka: Returning is taking place at the Museum of Decorative Arts in Prague from March 22 to September 23, 2018.","robots":{"index":"index","follow":"follow","max-snippet":"max-snippet:-1","max-image-preview":"max-image-preview:large","max-video-preview":"max-video-preview:-1"},"canonical":"https:\/\/www.upm.cz\/an\/eshop\/koudelka-returning\/","og_locale":"en_US","og_type":"article","og_title":"KOUDELKA RETURNING - Um\u011bleckopr\u016fmyslov\u00e9 museum v Praze","og_description":"The volume, published to accompany the exhibition at the Museum of Decorative Arts in Prague on the occasion of the photographer\u2019s eightieth birthday, presents a cross-section his life\u2019s work. The volume is based on 350 photographs that come from large sets of his works, which Koudelka has decided to donate to his native land. These include all his important photographic series: Beginnings, Experiments, Theatre, Gypsies, Invasion 68, Exiles, and Panoramas. Edited by Josef Koudelka and Irena \u0160orfov\u00e1, the volume includes essays by Anna F\u00e1rov\u00e1, Stuart Alexander, Daniel Herman, Josef Chuchma, Jan Moucha a Tom\u00e1\u0161 Posp\u011bch, a chronology of his life, and bibliography of works by and about Koudelka. It provides a comprehensive overview of the photographer\u2019s life and works. It is published in Czech and English editions.The exhibition Koudelka: Returning is taking place at the Museum of Decorative Arts in Prague from March 22 to September 23, 2018.","og_url":"https:\/\/www.upm.cz\/an\/eshop\/koudelka-returning\/","og_site_name":"Um\u011bleckopr\u016fmyslov\u00e9 museum v Praze","article_modified_time":"2026-01-23T09:14:47+00:00","og_image":[{"width":1386,"height":1831,"url":"https:\/\/www.upm.cz\/wp-content\/uploads\/Obalka_anglicka-1.jpg","type":"image\/jpeg"}],"twitter_card":"summary_large_image","twitter_misc":{"Est. reading time":"1 minute"},"schema":{"@context":"https:\/\/schema.org","@graph":[{"@type":"WebPage","@id":"https:\/\/www.upm.cz\/eshop\/koudelka-returning\/","url":"https:\/\/www.upm.cz\/eshop\/koudelka-returning\/","name":"KOUDELKA RETURNING - Um\u011bleckopr\u016fmyslov\u00e9 museum v Praze","isPartOf":{"@id":"https:\/\/www.upm.cz\/#website"},"primaryImageOfPage":{"@id":"https:\/\/www.upm.cz\/eshop\/koudelka-returning\/#primaryimage"},"image":{"@id":"https:\/\/www.upm.cz\/eshop\/koudelka-returning\/#primaryimage"},"thumbnailUrl":"https:\/\/www.upm.cz\/wp-content\/uploads\/Obalka_anglicka-1.jpg","datePublished":"2022-09-05T09:19:49+00:00","dateModified":"2026-01-23T09:14:47+00:00","description":"The volume, published to accompany the exhibition at the Museum of Decorative Arts in Prague on the occasion of the photographer\u2019s eightieth birthday, presents a cross-section his life\u2019s work. The volume is based on 350 photographs that come from large sets of his works, which Koudelka has decided to donate to his native land. These include all his important photographic series: Beginnings, Experiments, Theatre, Gypsies, Invasion 68, Exiles, and Panoramas. Edited by Josef Koudelka and Irena \u0160orfov\u00e1, the volume includes essays by Anna F\u00e1rov\u00e1, Stuart Alexander, Daniel Herman, Josef Chuchma, Jan Moucha a Tom\u00e1\u0161 Posp\u011bch, a chronology of his life, and bibliography of works by and about Koudelka. It provides a comprehensive overview of the photographer\u2019s life and works. It is published in Czech and English editions.The exhibition Koudelka: Returning is taking place at the Museum of Decorative Arts in Prague from March 22 to September 23, 2018.","breadcrumb":{"@id":"https:\/\/www.upm.cz\/eshop\/koudelka-returning\/#breadcrumb"},"inLanguage":"en-US","potentialAction":[{"@type":"ReadAction","target":["https:\/\/www.upm.cz\/eshop\/koudelka-returning\/"]}]},{"@type":"ImageObject","inLanguage":"en-US","@id":"https:\/\/www.upm.cz\/eshop\/koudelka-returning\/#primaryimage","url":"https:\/\/www.upm.cz\/wp-content\/uploads\/Obalka_anglicka-1.jpg","contentUrl":"https:\/\/www.upm.cz\/wp-content\/uploads\/Obalka_anglicka-1.jpg","width":1386,"height":1831,"caption":"Koudelka Returning obal knihy"},{"@type":"BreadcrumbList","@id":"https:\/\/www.upm.cz\/eshop\/koudelka-returning\/#breadcrumb","itemListElement":[{"@type":"ListItem","position":1,"name":"Dom\u016f","item":"https:\/\/www.upm.cz\/"},{"@type":"ListItem","position":2,"name":"eshop","item":"https:\/\/www.upm.cz\/eshop\/"},{"@type":"ListItem","position":3,"name":"KOUDELKA RETURNING"}]},{"@type":"WebSite","@id":"https:\/\/www.upm.cz\/#website","url":"https:\/\/www.upm.cz\/","name":"Um\u011bleckopr\u016fmyslov\u00e9 museum v Praze","description":"","publisher":{"@id":"https:\/\/www.upm.cz\/#organization"},"potentialAction":[{"@type":"SearchAction","target":{"@type":"EntryPoint","urlTemplate":"https:\/\/www.upm.cz\/?s={search_term_string}"},"query-input":{"@type":"PropertyValueSpecification","valueRequired":true,"valueName":"search_term_string"}}],"inLanguage":"en-US"},{"@type":"Organization","@id":"https:\/\/www.upm.cz\/#organization","name":"Um\u011bleckopr\u016fmyslov\u00e9 museum v Praze","url":"https:\/\/www.upm.cz\/","logo":{"@type":"ImageObject","inLanguage":"en-US","@id":"https:\/\/www.upm.cz\/#\/schema\/logo\/image\/","url":"https:\/\/www.upm.cz\/wp-content\/uploads\/2020\/03\/logo_upm_cz.svg","contentUrl":"https:\/\/www.upm.cz\/wp-content\/uploads\/2020\/03\/logo_upm_cz.svg","width":1736,"height":295,"caption":"Um\u011bleckopr\u016fmyslov\u00e9 museum v Praze"},"image":{"@id":"https:\/\/www.upm.cz\/#\/schema\/logo\/image\/"}}]}},"_links":{"self":[{"href":"https:\/\/www.upm.cz\/an\/wp-json\/wp\/v2\/product\/12961","targetHints":{"allow":["GET"]}}],"collection":[{"href":"https:\/\/www.upm.cz\/an\/wp-json\/wp\/v2\/product"}],"about":[{"href":"https:\/\/www.upm.cz\/an\/wp-json\/wp\/v2\/types\/product"}],"wp:featuredmedia":[{"embeddable":true,"href":"https:\/\/www.upm.cz\/an\/wp-json\/wp\/v2\/media\/12962"}],"wp:attachment":[{"href":"https:\/\/www.upm.cz\/an\/wp-json\/wp\/v2\/media?parent=12961"}],"wp:term":[{"taxonomy":"product_brand","embeddable":true,"href":"https:\/\/www.upm.cz\/an\/wp-json\/wp\/v2\/product_brand?post=12961"},{"taxonomy":"product_cat","embeddable":true,"href":"https:\/\/www.upm.cz\/an\/wp-json\/wp\/v2\/product_cat?post=12961"},{"taxonomy":"product_tag","embeddable":true,"href":"https:\/\/www.upm.cz\/an\/wp-json\/wp\/v2\/product_tag?post=12961"}],"curies":[{"name":"wp","href":"https:\/\/api.w.org\/{rel}","templated":true}]}}