{"id":12967,"date":"2022-09-05T11:54:46","date_gmt":"2022-09-05T09:54:46","guid":{"rendered":"https:\/\/www.upm.cz\/?post_type=product&#038;p=12967"},"modified":"2026-02-04T09:49:54","modified_gmt":"2026-02-04T08:49:54","slug":"gleam-of-gold-blaze-of-colours","status":"publish","type":"product","link":"https:\/\/www.upm.cz\/an\/eshop\/gleam-of-gold-blaze-of-colours\/","title":{"rendered":"GLEAM OF GOLD, BLAZE OF COLOURS"},"content":{"rendered":"<p>The underpaintings or paintings on the back of glass in the collection of historical glass of the Museum of Decorative Arts in Prague represent a&nbsp;very diverse collection of 387 objects from the late antiquity to the 19th century. There are outstanding works of art from most of the major European centres of underpainting production, especially from Venice, Tyrol, Lombardy, Nuremberg, Zurich, Naples and Augsburg. The most valuable Renaissance paintings are represented by the work of Hans Jakob Spr\u00fcngli and Master VBL, the Baroque period by Gerhard Janssen or a&nbsp;valuable set of works from the Kun\u0161t\u00e1t workshop of Daniel and Ignaz Preissler. So far, expert attention has been paid mainly to the so-called folk sub-paintings, but this book focuses on works from the court and bourgeois milieu, which preceded the human production and which often held a&nbsp;representative place in the collections of nobles and emperors. In addition to the characteristics of the collection, the book also presents its history and research into the art of underpainting on glass. It is complemented by a&nbsp;chapter devoted to the restoration of this unique art by the leading glass restorer Eva Rydlov\u00e1. The catalogue of the works contains, in addition to passport data and citations of existing specialist literature, references to the models and sources of inspiration for individual paintings on glass.<\/p>","protected":false},"excerpt":{"rendered":"<p>publisher: Um\u011bleckopr\u016fmyslov\u00e9 museum v&nbsp;Praze, 2020<br \/>\nmain author and editor: Helena Bro\u017ekov\u00e1<br \/>\nexpert cooperation: Jana \u010cernovsk\u00e1<br \/>\ntexts: Helena Bro\u017ekov\u00e1, Eva Rydlov\u00e1, Jana \u010cernovsk\u00e1; p\u0159edmluva Helena Koenigsmarkov\u00e1<br \/>\nedition: English<br \/>\nformat: 24,5 x 21 cm<br \/>\nnumber of pages: 272<br \/>\npictures: 163<\/p>","protected":false},"featured_media":18649,"template":"","meta":{"_acf_changed":false},"product_brand":[],"product_cat":[80],"product_tag":[],"class_list":{"0":"post-12967","1":"product","2":"type-product","3":"status-publish","4":"has-post-thumbnail","6":"product_cat-books","8":"first","9":"instock","10":"shipping-taxable","11":"purchasable","12":"product-type-simple"},"acf":[],"yoast_head":"<!-- This site is optimized with the Yoast SEO plugin v26.9 - https:\/\/yoast.com\/product\/yoast-seo-wordpress\/ -->\n<title>GLEAM OF GOLD, BLAZE OF COLOURS - Um\u011bleckopr\u016fmyslov\u00e9 museum v Praze<\/title>\n<meta name=\"description\" content=\"The underpaintings or paintings on the back of glass in the collection of historical glass of the Museum of Decorative Arts in Prague represent a very diverse collection of 387 objects from the late antiquity to the 19th century. There are outstanding works of art from most of the major European centres of underpainting production, especially from Venice, Tyrol, Lombardy, Nuremberg, Zurich, Naples and Augsburg.\" \/>\n<meta name=\"robots\" content=\"index, follow, max-snippet:-1, max-image-preview:large, max-video-preview:-1\" \/>\n<link rel=\"canonical\" href=\"https:\/\/www.upm.cz\/an\/eshop\/gleam-of-gold-blaze-of-colours\/\" \/>\n<meta property=\"og:locale\" content=\"en_US\" \/>\n<meta property=\"og:type\" content=\"article\" \/>\n<meta property=\"og:title\" content=\"GLEAM OF GOLD, BLAZE OF COLOURS - Um\u011bleckopr\u016fmyslov\u00e9 museum v Praze\" \/>\n<meta property=\"og:description\" content=\"The underpaintings or paintings on the back of glass in the collection of historical glass of the Museum of Decorative Arts in Prague represent a very diverse collection of 387 objects from the late antiquity to the 19th century. There are outstanding works of art from most of the major European centres of underpainting production, especially from Venice, Tyrol, Lombardy, Nuremberg, Zurich, Naples and Augsburg.\" \/>\n<meta property=\"og:url\" content=\"https:\/\/www.upm.cz\/an\/eshop\/gleam-of-gold-blaze-of-colours\/\" \/>\n<meta property=\"og:site_name\" content=\"Um\u011bleckopr\u016fmyslov\u00e9 museum v Praze\" \/>\n<meta property=\"article:modified_time\" content=\"2026-02-04T08:49:54+00:00\" \/>\n<meta property=\"og:image\" content=\"https:\/\/www.upm.cz\/wp-content\/uploads\/VLZvZB_EN_01-1.jpg\" \/>\n\t<meta property=\"og:image:width\" content=\"696\" \/>\n\t<meta property=\"og:image:height\" content=\"800\" \/>\n\t<meta property=\"og:image:type\" content=\"image\/jpeg\" \/>\n<meta name=\"twitter:card\" content=\"summary_large_image\" \/>\n<meta name=\"twitter:label1\" content=\"Est. reading time\" \/>\n\t<meta name=\"twitter:data1\" content=\"2 minutes\" \/>\n<script type=\"application\/ld+json\" class=\"yoast-schema-graph\">{\"@context\":\"https:\/\/schema.org\",\"@graph\":[{\"@type\":\"WebPage\",\"@id\":\"https:\/\/www.upm.cz\/eshop\/gleam-of-gold-blaze-of-colours\/\",\"url\":\"https:\/\/www.upm.cz\/eshop\/gleam-of-gold-blaze-of-colours\/\",\"name\":\"GLEAM OF GOLD, BLAZE OF COLOURS - Um\u011bleckopr\u016fmyslov\u00e9 museum v Praze\",\"isPartOf\":{\"@id\":\"https:\/\/www.upm.cz\/#website\"},\"primaryImageOfPage\":{\"@id\":\"https:\/\/www.upm.cz\/eshop\/gleam-of-gold-blaze-of-colours\/#primaryimage\"},\"image\":{\"@id\":\"https:\/\/www.upm.cz\/eshop\/gleam-of-gold-blaze-of-colours\/#primaryimage\"},\"thumbnailUrl\":\"https:\/\/www.upm.cz\/wp-content\/uploads\/VLZvZB_EN_01-1.jpg\",\"datePublished\":\"2022-09-05T09:54:46+00:00\",\"dateModified\":\"2026-02-04T08:49:54+00:00\",\"description\":\"The underpaintings or paintings on the back of glass in the collection of historical glass of the Museum of Decorative Arts in Prague represent a very diverse collection of 387 objects from the late antiquity to the 19th century. There are outstanding works of art from most of the major European centres of underpainting production, especially from Venice, Tyrol, Lombardy, Nuremberg, Zurich, Naples and Augsburg.\",\"breadcrumb\":{\"@id\":\"https:\/\/www.upm.cz\/eshop\/gleam-of-gold-blaze-of-colours\/#breadcrumb\"},\"inLanguage\":\"en-US\",\"potentialAction\":[{\"@type\":\"ReadAction\",\"target\":[\"https:\/\/www.upm.cz\/eshop\/gleam-of-gold-blaze-of-colours\/\"]}]},{\"@type\":\"ImageObject\",\"inLanguage\":\"en-US\",\"@id\":\"https:\/\/www.upm.cz\/eshop\/gleam-of-gold-blaze-of-colours\/#primaryimage\",\"url\":\"https:\/\/www.upm.cz\/wp-content\/uploads\/VLZvZB_EN_01-1.jpg\",\"contentUrl\":\"https:\/\/www.upm.cz\/wp-content\/uploads\/VLZvZB_EN_01-1.jpg\",\"width\":696,\"height\":800,\"caption\":\"Gleam of Gold kniha\"},{\"@type\":\"BreadcrumbList\",\"@id\":\"https:\/\/www.upm.cz\/eshop\/gleam-of-gold-blaze-of-colours\/#breadcrumb\",\"itemListElement\":[{\"@type\":\"ListItem\",\"position\":1,\"name\":\"Dom\u016f\",\"item\":\"https:\/\/www.upm.cz\/\"},{\"@type\":\"ListItem\",\"position\":2,\"name\":\"eshop\",\"item\":\"https:\/\/www.upm.cz\/eshop\/\"},{\"@type\":\"ListItem\",\"position\":3,\"name\":\"GLEAM OF GOLD, BLAZE OF COLOURS\"}]},{\"@type\":\"WebSite\",\"@id\":\"https:\/\/www.upm.cz\/#website\",\"url\":\"https:\/\/www.upm.cz\/\",\"name\":\"Um\u011bleckopr\u016fmyslov\u00e9 museum v Praze\",\"description\":\"\",\"publisher\":{\"@id\":\"https:\/\/www.upm.cz\/#organization\"},\"potentialAction\":[{\"@type\":\"SearchAction\",\"target\":{\"@type\":\"EntryPoint\",\"urlTemplate\":\"https:\/\/www.upm.cz\/?s={search_term_string}\"},\"query-input\":{\"@type\":\"PropertyValueSpecification\",\"valueRequired\":true,\"valueName\":\"search_term_string\"}}],\"inLanguage\":\"en-US\"},{\"@type\":\"Organization\",\"@id\":\"https:\/\/www.upm.cz\/#organization\",\"name\":\"Um\u011bleckopr\u016fmyslov\u00e9 museum v Praze\",\"url\":\"https:\/\/www.upm.cz\/\",\"logo\":{\"@type\":\"ImageObject\",\"inLanguage\":\"en-US\",\"@id\":\"https:\/\/www.upm.cz\/#\/schema\/logo\/image\/\",\"url\":\"https:\/\/www.upm.cz\/wp-content\/uploads\/2020\/03\/logo_upm_cz.svg\",\"contentUrl\":\"https:\/\/www.upm.cz\/wp-content\/uploads\/2020\/03\/logo_upm_cz.svg\",\"width\":1736,\"height\":295,\"caption\":\"Um\u011bleckopr\u016fmyslov\u00e9 museum v Praze\"},\"image\":{\"@id\":\"https:\/\/www.upm.cz\/#\/schema\/logo\/image\/\"}}]}<\/script>\n<!-- \/ Yoast SEO plugin. -->","yoast_head_json":{"title":"GLEAM OF GOLD, BLAZE OF COLOURS - Um\u011bleckopr\u016fmyslov\u00e9 museum v Praze","description":"The underpaintings or paintings on the back of glass in the collection of historical glass of the Museum of Decorative Arts in Prague represent a very diverse collection of 387 objects from the late antiquity to the 19th century. There are outstanding works of art from most of the major European centres of underpainting production, especially from Venice, Tyrol, Lombardy, Nuremberg, Zurich, Naples and Augsburg.","robots":{"index":"index","follow":"follow","max-snippet":"max-snippet:-1","max-image-preview":"max-image-preview:large","max-video-preview":"max-video-preview:-1"},"canonical":"https:\/\/www.upm.cz\/an\/eshop\/gleam-of-gold-blaze-of-colours\/","og_locale":"en_US","og_type":"article","og_title":"GLEAM OF GOLD, BLAZE OF COLOURS - Um\u011bleckopr\u016fmyslov\u00e9 museum v Praze","og_description":"The underpaintings or paintings on the back of glass in the collection of historical glass of the Museum of Decorative Arts in Prague represent a very diverse collection of 387 objects from the late antiquity to the 19th century. There are outstanding works of art from most of the major European centres of underpainting production, especially from Venice, Tyrol, Lombardy, Nuremberg, Zurich, Naples and Augsburg.","og_url":"https:\/\/www.upm.cz\/an\/eshop\/gleam-of-gold-blaze-of-colours\/","og_site_name":"Um\u011bleckopr\u016fmyslov\u00e9 museum v Praze","article_modified_time":"2026-02-04T08:49:54+00:00","og_image":[{"width":696,"height":800,"url":"https:\/\/www.upm.cz\/wp-content\/uploads\/VLZvZB_EN_01-1.jpg","type":"image\/jpeg"}],"twitter_card":"summary_large_image","twitter_misc":{"Est. reading time":"2 minutes"},"schema":{"@context":"https:\/\/schema.org","@graph":[{"@type":"WebPage","@id":"https:\/\/www.upm.cz\/eshop\/gleam-of-gold-blaze-of-colours\/","url":"https:\/\/www.upm.cz\/eshop\/gleam-of-gold-blaze-of-colours\/","name":"GLEAM OF GOLD, BLAZE OF COLOURS - Um\u011bleckopr\u016fmyslov\u00e9 museum v Praze","isPartOf":{"@id":"https:\/\/www.upm.cz\/#website"},"primaryImageOfPage":{"@id":"https:\/\/www.upm.cz\/eshop\/gleam-of-gold-blaze-of-colours\/#primaryimage"},"image":{"@id":"https:\/\/www.upm.cz\/eshop\/gleam-of-gold-blaze-of-colours\/#primaryimage"},"thumbnailUrl":"https:\/\/www.upm.cz\/wp-content\/uploads\/VLZvZB_EN_01-1.jpg","datePublished":"2022-09-05T09:54:46+00:00","dateModified":"2026-02-04T08:49:54+00:00","description":"The underpaintings or paintings on the back of glass in the collection of historical glass of the Museum of Decorative Arts in Prague represent a very diverse collection of 387 objects from the late antiquity to the 19th century. There are outstanding works of art from most of the major European centres of underpainting production, especially from Venice, Tyrol, Lombardy, Nuremberg, Zurich, Naples and Augsburg.","breadcrumb":{"@id":"https:\/\/www.upm.cz\/eshop\/gleam-of-gold-blaze-of-colours\/#breadcrumb"},"inLanguage":"en-US","potentialAction":[{"@type":"ReadAction","target":["https:\/\/www.upm.cz\/eshop\/gleam-of-gold-blaze-of-colours\/"]}]},{"@type":"ImageObject","inLanguage":"en-US","@id":"https:\/\/www.upm.cz\/eshop\/gleam-of-gold-blaze-of-colours\/#primaryimage","url":"https:\/\/www.upm.cz\/wp-content\/uploads\/VLZvZB_EN_01-1.jpg","contentUrl":"https:\/\/www.upm.cz\/wp-content\/uploads\/VLZvZB_EN_01-1.jpg","width":696,"height":800,"caption":"Gleam of Gold kniha"},{"@type":"BreadcrumbList","@id":"https:\/\/www.upm.cz\/eshop\/gleam-of-gold-blaze-of-colours\/#breadcrumb","itemListElement":[{"@type":"ListItem","position":1,"name":"Dom\u016f","item":"https:\/\/www.upm.cz\/"},{"@type":"ListItem","position":2,"name":"eshop","item":"https:\/\/www.upm.cz\/eshop\/"},{"@type":"ListItem","position":3,"name":"GLEAM OF GOLD, BLAZE OF COLOURS"}]},{"@type":"WebSite","@id":"https:\/\/www.upm.cz\/#website","url":"https:\/\/www.upm.cz\/","name":"Um\u011bleckopr\u016fmyslov\u00e9 museum v Praze","description":"","publisher":{"@id":"https:\/\/www.upm.cz\/#organization"},"potentialAction":[{"@type":"SearchAction","target":{"@type":"EntryPoint","urlTemplate":"https:\/\/www.upm.cz\/?s={search_term_string}"},"query-input":{"@type":"PropertyValueSpecification","valueRequired":true,"valueName":"search_term_string"}}],"inLanguage":"en-US"},{"@type":"Organization","@id":"https:\/\/www.upm.cz\/#organization","name":"Um\u011bleckopr\u016fmyslov\u00e9 museum v Praze","url":"https:\/\/www.upm.cz\/","logo":{"@type":"ImageObject","inLanguage":"en-US","@id":"https:\/\/www.upm.cz\/#\/schema\/logo\/image\/","url":"https:\/\/www.upm.cz\/wp-content\/uploads\/2020\/03\/logo_upm_cz.svg","contentUrl":"https:\/\/www.upm.cz\/wp-content\/uploads\/2020\/03\/logo_upm_cz.svg","width":1736,"height":295,"caption":"Um\u011bleckopr\u016fmyslov\u00e9 museum v Praze"},"image":{"@id":"https:\/\/www.upm.cz\/#\/schema\/logo\/image\/"}}]}},"_links":{"self":[{"href":"https:\/\/www.upm.cz\/an\/wp-json\/wp\/v2\/product\/12967","targetHints":{"allow":["GET"]}}],"collection":[{"href":"https:\/\/www.upm.cz\/an\/wp-json\/wp\/v2\/product"}],"about":[{"href":"https:\/\/www.upm.cz\/an\/wp-json\/wp\/v2\/types\/product"}],"wp:featuredmedia":[{"embeddable":true,"href":"https:\/\/www.upm.cz\/an\/wp-json\/wp\/v2\/media\/18649"}],"wp:attachment":[{"href":"https:\/\/www.upm.cz\/an\/wp-json\/wp\/v2\/media?parent=12967"}],"wp:term":[{"taxonomy":"product_brand","embeddable":true,"href":"https:\/\/www.upm.cz\/an\/wp-json\/wp\/v2\/product_brand?post=12967"},{"taxonomy":"product_cat","embeddable":true,"href":"https:\/\/www.upm.cz\/an\/wp-json\/wp\/v2\/product_cat?post=12967"},{"taxonomy":"product_tag","embeddable":true,"href":"https:\/\/www.upm.cz\/an\/wp-json\/wp\/v2\/product_tag?post=12967"}],"curies":[{"name":"wp","href":"https:\/\/api.w.org\/{rel}","templated":true}]}}