{"id":12976,"date":"2022-09-05T12:10:53","date_gmt":"2022-09-05T10:10:53","guid":{"rendered":"https:\/\/www.upm.cz\/?post_type=product&#038;p=12976"},"modified":"2025-06-20T16:45:10","modified_gmt":"2025-06-20T14:45:10","slug":"via-lucis-stanislav-libensky-and-jaroslava-brychtova","status":"publish","type":"product","link":"https:\/\/www.upm.cz\/an\/eshop\/via-lucis-stanislav-libensky-and-jaroslava-brychtova\/","title":{"rendered":"VIA LUCIS. STANISLAV LIBENSK\u00dd AND JAROSLAVA BRYCHTOV\u00c1"},"content":{"rendered":"<p>The author Sylva Petrov\u00e1, curator of the UPM&#8217;s&nbsp;collection of modern and contemporary glass, focused on works in public, originally sacred space realized by Stanislav Libensky and Jaroslava Brychtov\u00e1 between 1964 and 2003 in Bohemia and Moravia. Among the works of these renowned glass artists, pioneers of fused glass sculpture, are the windows in the Chapel of St. Wenceslas in St. Vitus Cathedral, the Chapel of St. Anne in St. George&#8217;s&nbsp;Monastery at Prague Castle, the Chapel of the Holy Trinity at Hor\u0161ovsk\u00fd T\u00fdn Castle and the Castle Chapel at \u0160pilberk in Brno. Sylva Petrov\u00e1 evaluates these realisations in the broader context of the time and the collaboration of both artists with architects, but also in the meaningful context of the role of light in sacred architecture. It brings an enriched view of the works of both artists, a&nbsp;new interpretation and thus an updated definition of the artistic legacy of this author and partner duo.<\/p>","protected":false},"excerpt":{"rendered":"<p>Publisher: UPM 2021<br \/>\nSylva Petrov\u00e1<br \/>\nPhotographs by Gabriel Urb\u00e1nek, Ond\u0159ej Kocourek, George Erml, Russel Johnson, Michal Moty\u010dka, etc.<br \/>\nMartin Hlubu\u010dek<br \/>\nCzech and English edition<br \/>\nformat: 29,1 x 22 cm, softcover<br \/>\nnumber of printed pages: 118<br \/>\nnumber of reproductions: 88<\/p>","protected":false},"featured_media":12984,"template":"","meta":{"_acf_changed":false},"product_brand":[],"product_cat":[80],"product_tag":[],"class_list":{"0":"post-12976","1":"product","2":"type-product","3":"status-publish","4":"has-post-thumbnail","6":"product_cat-books","8":"first","9":"instock","10":"shipping-taxable","11":"purchasable","12":"product-type-simple"},"acf":[],"yoast_head":"<!-- This site is optimized with the Yoast SEO plugin v26.9 - https:\/\/yoast.com\/product\/yoast-seo-wordpress\/ -->\n<title>VIA LUCIS. STANISLAV LIBENSK\u00dd AND JAROSLAVA BRYCHTOV\u00c1 - Um\u011bleckopr\u016fmyslov\u00e9 museum v Praze<\/title>\n<meta name=\"description\" content=\"The author Sylva Petrov\u00e1, curator of the UPM&#039;s collection of modern and contemporary glass, focused on works in public, originally sacred space realized by Stanislav Libensky and Jaroslava Brychtov\u00e1 between 1964 and 2003 in Bohemia and Moravia. Among the works of these renowned glass artists, pioneers of fused glass sculpture, are the windows in the Chapel of St. Wenceslas in St. Vitus Cathedral, the Chapel of St. Anne in St. George&#039;s Monastery at Prague Castle, the Chapel of the Holy Trinity at Hor\u0161ovsk\u00fd T\u00fdn Castle and the Castle Chapel at \u0160pilberk in Brno. Sylva Petrov\u00e1 evaluates these realisations in the broader context of the time and the collaboration of both artists with architects, but also in the meaningful context of the role of light in sacred architecture. It brings an enriched view of the works of both artists, a new interpretation and thus an updated definition of the artistic legacy of this author and partner duo.\" \/>\n<meta name=\"robots\" content=\"index, follow, max-snippet:-1, max-image-preview:large, max-video-preview:-1\" \/>\n<link rel=\"canonical\" href=\"https:\/\/www.upm.cz\/an\/eshop\/via-lucis-stanislav-libensky-and-jaroslava-brychtova\/\" \/>\n<meta property=\"og:locale\" content=\"en_US\" \/>\n<meta property=\"og:type\" content=\"article\" \/>\n<meta property=\"og:title\" content=\"VIA LUCIS. STANISLAV LIBENSK\u00dd AND JAROSLAVA BRYCHTOV\u00c1 - Um\u011bleckopr\u016fmyslov\u00e9 museum v Praze\" \/>\n<meta property=\"og:description\" content=\"The author Sylva Petrov\u00e1, curator of the UPM&#039;s collection of modern and contemporary glass, focused on works in public, originally sacred space realized by Stanislav Libensky and Jaroslava Brychtov\u00e1 between 1964 and 2003 in Bohemia and Moravia. Among the works of these renowned glass artists, pioneers of fused glass sculpture, are the windows in the Chapel of St. Wenceslas in St. Vitus Cathedral, the Chapel of St. Anne in St. George&#039;s Monastery at Prague Castle, the Chapel of the Holy Trinity at Hor\u0161ovsk\u00fd T\u00fdn Castle and the Castle Chapel at \u0160pilberk in Brno. Sylva Petrov\u00e1 evaluates these realisations in the broader context of the time and the collaboration of both artists with architects, but also in the meaningful context of the role of light in sacred architecture. It brings an enriched view of the works of both artists, a new interpretation and thus an updated definition of the artistic legacy of this author and partner duo.\" \/>\n<meta property=\"og:url\" content=\"https:\/\/www.upm.cz\/an\/eshop\/via-lucis-stanislav-libensky-and-jaroslava-brychtova\/\" \/>\n<meta property=\"og:site_name\" content=\"Um\u011bleckopr\u016fmyslov\u00e9 museum v Praze\" \/>\n<meta property=\"article:modified_time\" content=\"2025-06-20T14:45:10+00:00\" \/>\n<meta property=\"og:image\" content=\"https:\/\/www.upm.cz\/wp-content\/uploads\/Via_LUC_EN_2301-1.jpg\" \/>\n\t<meta property=\"og:image:width\" content=\"912\" \/>\n\t<meta property=\"og:image:height\" content=\"1200\" \/>\n\t<meta property=\"og:image:type\" content=\"image\/jpeg\" \/>\n<meta name=\"twitter:card\" content=\"summary_large_image\" \/>\n<meta name=\"twitter:label1\" content=\"Est. reading time\" \/>\n\t<meta name=\"twitter:data1\" content=\"1 minute\" \/>\n<script type=\"application\/ld+json\" class=\"yoast-schema-graph\">{\"@context\":\"https:\/\/schema.org\",\"@graph\":[{\"@type\":\"WebPage\",\"@id\":\"https:\/\/www.upm.cz\/eshop\/via-lucis-stanislav-libensky-and-jaroslava-brychtova\/\",\"url\":\"https:\/\/www.upm.cz\/eshop\/via-lucis-stanislav-libensky-and-jaroslava-brychtova\/\",\"name\":\"VIA LUCIS. STANISLAV LIBENSK\u00dd AND JAROSLAVA BRYCHTOV\u00c1 - Um\u011bleckopr\u016fmyslov\u00e9 museum v Praze\",\"isPartOf\":{\"@id\":\"https:\/\/www.upm.cz\/#website\"},\"primaryImageOfPage\":{\"@id\":\"https:\/\/www.upm.cz\/eshop\/via-lucis-stanislav-libensky-and-jaroslava-brychtova\/#primaryimage\"},\"image\":{\"@id\":\"https:\/\/www.upm.cz\/eshop\/via-lucis-stanislav-libensky-and-jaroslava-brychtova\/#primaryimage\"},\"thumbnailUrl\":\"https:\/\/www.upm.cz\/wp-content\/uploads\/Via_LUC_EN_2301-1.jpg\",\"datePublished\":\"2022-09-05T10:10:53+00:00\",\"dateModified\":\"2025-06-20T14:45:10+00:00\",\"description\":\"The author Sylva Petrov\u00e1, curator of the UPM's collection of modern and contemporary glass, focused on works in public, originally sacred space realized by Stanislav Libensky and Jaroslava Brychtov\u00e1 between 1964 and 2003 in Bohemia and Moravia. Among the works of these renowned glass artists, pioneers of fused glass sculpture, are the windows in the Chapel of St. Wenceslas in St. Vitus Cathedral, the Chapel of St. Anne in St. George's Monastery at Prague Castle, the Chapel of the Holy Trinity at Hor\u0161ovsk\u00fd T\u00fdn Castle and the Castle Chapel at \u0160pilberk in Brno. Sylva Petrov\u00e1 evaluates these realisations in the broader context of the time and the collaboration of both artists with architects, but also in the meaningful context of the role of light in sacred architecture. It brings an enriched view of the works of both artists, a new interpretation and thus an updated definition of the artistic legacy of this author and partner duo.\",\"breadcrumb\":{\"@id\":\"https:\/\/www.upm.cz\/eshop\/via-lucis-stanislav-libensky-and-jaroslava-brychtova\/#breadcrumb\"},\"inLanguage\":\"en-US\",\"potentialAction\":[{\"@type\":\"ReadAction\",\"target\":[\"https:\/\/www.upm.cz\/eshop\/via-lucis-stanislav-libensky-and-jaroslava-brychtova\/\"]}]},{\"@type\":\"ImageObject\",\"inLanguage\":\"en-US\",\"@id\":\"https:\/\/www.upm.cz\/eshop\/via-lucis-stanislav-libensky-and-jaroslava-brychtova\/#primaryimage\",\"url\":\"https:\/\/www.upm.cz\/wp-content\/uploads\/Via_LUC_EN_2301-1.jpg\",\"contentUrl\":\"https:\/\/www.upm.cz\/wp-content\/uploads\/Via_LUC_EN_2301-1.jpg\",\"width\":912,\"height\":1200,\"caption\":\"Via lucis ob\u00e1lka knihy anglicky\"},{\"@type\":\"BreadcrumbList\",\"@id\":\"https:\/\/www.upm.cz\/eshop\/via-lucis-stanislav-libensky-and-jaroslava-brychtova\/#breadcrumb\",\"itemListElement\":[{\"@type\":\"ListItem\",\"position\":1,\"name\":\"Dom\u016f\",\"item\":\"https:\/\/www.upm.cz\/\"},{\"@type\":\"ListItem\",\"position\":2,\"name\":\"eshop\",\"item\":\"https:\/\/www.upm.cz\/eshop\/\"},{\"@type\":\"ListItem\",\"position\":3,\"name\":\"VIA LUCIS. STANISLAV LIBENSK\u00dd AND JAROSLAVA BRYCHTOV\u00c1\"}]},{\"@type\":\"WebSite\",\"@id\":\"https:\/\/www.upm.cz\/#website\",\"url\":\"https:\/\/www.upm.cz\/\",\"name\":\"Um\u011bleckopr\u016fmyslov\u00e9 museum v Praze\",\"description\":\"\",\"publisher\":{\"@id\":\"https:\/\/www.upm.cz\/#organization\"},\"potentialAction\":[{\"@type\":\"SearchAction\",\"target\":{\"@type\":\"EntryPoint\",\"urlTemplate\":\"https:\/\/www.upm.cz\/?s={search_term_string}\"},\"query-input\":{\"@type\":\"PropertyValueSpecification\",\"valueRequired\":true,\"valueName\":\"search_term_string\"}}],\"inLanguage\":\"en-US\"},{\"@type\":\"Organization\",\"@id\":\"https:\/\/www.upm.cz\/#organization\",\"name\":\"Um\u011bleckopr\u016fmyslov\u00e9 museum v Praze\",\"url\":\"https:\/\/www.upm.cz\/\",\"logo\":{\"@type\":\"ImageObject\",\"inLanguage\":\"en-US\",\"@id\":\"https:\/\/www.upm.cz\/#\/schema\/logo\/image\/\",\"url\":\"https:\/\/www.upm.cz\/wp-content\/uploads\/2020\/03\/logo_upm_cz.svg\",\"contentUrl\":\"https:\/\/www.upm.cz\/wp-content\/uploads\/2020\/03\/logo_upm_cz.svg\",\"width\":1736,\"height\":295,\"caption\":\"Um\u011bleckopr\u016fmyslov\u00e9 museum v Praze\"},\"image\":{\"@id\":\"https:\/\/www.upm.cz\/#\/schema\/logo\/image\/\"}}]}<\/script>\n<!-- \/ Yoast SEO plugin. -->","yoast_head_json":{"title":"VIA LUCIS. STANISLAV LIBENSK\u00dd AND JAROSLAVA BRYCHTOV\u00c1 - Um\u011bleckopr\u016fmyslov\u00e9 museum v Praze","description":"The author Sylva Petrov\u00e1, curator of the UPM's collection of modern and contemporary glass, focused on works in public, originally sacred space realized by Stanislav Libensky and Jaroslava Brychtov\u00e1 between 1964 and 2003 in Bohemia and Moravia. Among the works of these renowned glass artists, pioneers of fused glass sculpture, are the windows in the Chapel of St. Wenceslas in St. Vitus Cathedral, the Chapel of St. Anne in St. George's Monastery at Prague Castle, the Chapel of the Holy Trinity at Hor\u0161ovsk\u00fd T\u00fdn Castle and the Castle Chapel at \u0160pilberk in Brno. Sylva Petrov\u00e1 evaluates these realisations in the broader context of the time and the collaboration of both artists with architects, but also in the meaningful context of the role of light in sacred architecture. It brings an enriched view of the works of both artists, a new interpretation and thus an updated definition of the artistic legacy of this author and partner duo.","robots":{"index":"index","follow":"follow","max-snippet":"max-snippet:-1","max-image-preview":"max-image-preview:large","max-video-preview":"max-video-preview:-1"},"canonical":"https:\/\/www.upm.cz\/an\/eshop\/via-lucis-stanislav-libensky-and-jaroslava-brychtova\/","og_locale":"en_US","og_type":"article","og_title":"VIA LUCIS. STANISLAV LIBENSK\u00dd AND JAROSLAVA BRYCHTOV\u00c1 - Um\u011bleckopr\u016fmyslov\u00e9 museum v Praze","og_description":"The author Sylva Petrov\u00e1, curator of the UPM's collection of modern and contemporary glass, focused on works in public, originally sacred space realized by Stanislav Libensky and Jaroslava Brychtov\u00e1 between 1964 and 2003 in Bohemia and Moravia. Among the works of these renowned glass artists, pioneers of fused glass sculpture, are the windows in the Chapel of St. Wenceslas in St. Vitus Cathedral, the Chapel of St. Anne in St. George's Monastery at Prague Castle, the Chapel of the Holy Trinity at Hor\u0161ovsk\u00fd T\u00fdn Castle and the Castle Chapel at \u0160pilberk in Brno. Sylva Petrov\u00e1 evaluates these realisations in the broader context of the time and the collaboration of both artists with architects, but also in the meaningful context of the role of light in sacred architecture. It brings an enriched view of the works of both artists, a new interpretation and thus an updated definition of the artistic legacy of this author and partner duo.","og_url":"https:\/\/www.upm.cz\/an\/eshop\/via-lucis-stanislav-libensky-and-jaroslava-brychtova\/","og_site_name":"Um\u011bleckopr\u016fmyslov\u00e9 museum v Praze","article_modified_time":"2025-06-20T14:45:10+00:00","og_image":[{"width":912,"height":1200,"url":"https:\/\/www.upm.cz\/wp-content\/uploads\/Via_LUC_EN_2301-1.jpg","type":"image\/jpeg"}],"twitter_card":"summary_large_image","twitter_misc":{"Est. reading time":"1 minute"},"schema":{"@context":"https:\/\/schema.org","@graph":[{"@type":"WebPage","@id":"https:\/\/www.upm.cz\/eshop\/via-lucis-stanislav-libensky-and-jaroslava-brychtova\/","url":"https:\/\/www.upm.cz\/eshop\/via-lucis-stanislav-libensky-and-jaroslava-brychtova\/","name":"VIA LUCIS. STANISLAV LIBENSK\u00dd AND JAROSLAVA BRYCHTOV\u00c1 - Um\u011bleckopr\u016fmyslov\u00e9 museum v Praze","isPartOf":{"@id":"https:\/\/www.upm.cz\/#website"},"primaryImageOfPage":{"@id":"https:\/\/www.upm.cz\/eshop\/via-lucis-stanislav-libensky-and-jaroslava-brychtova\/#primaryimage"},"image":{"@id":"https:\/\/www.upm.cz\/eshop\/via-lucis-stanislav-libensky-and-jaroslava-brychtova\/#primaryimage"},"thumbnailUrl":"https:\/\/www.upm.cz\/wp-content\/uploads\/Via_LUC_EN_2301-1.jpg","datePublished":"2022-09-05T10:10:53+00:00","dateModified":"2025-06-20T14:45:10+00:00","description":"The author Sylva Petrov\u00e1, curator of the UPM's collection of modern and contemporary glass, focused on works in public, originally sacred space realized by Stanislav Libensky and Jaroslava Brychtov\u00e1 between 1964 and 2003 in Bohemia and Moravia. Among the works of these renowned glass artists, pioneers of fused glass sculpture, are the windows in the Chapel of St. Wenceslas in St. Vitus Cathedral, the Chapel of St. Anne in St. George's Monastery at Prague Castle, the Chapel of the Holy Trinity at Hor\u0161ovsk\u00fd T\u00fdn Castle and the Castle Chapel at \u0160pilberk in Brno. Sylva Petrov\u00e1 evaluates these realisations in the broader context of the time and the collaboration of both artists with architects, but also in the meaningful context of the role of light in sacred architecture. It brings an enriched view of the works of both artists, a new interpretation and thus an updated definition of the artistic legacy of this author and partner duo.","breadcrumb":{"@id":"https:\/\/www.upm.cz\/eshop\/via-lucis-stanislav-libensky-and-jaroslava-brychtova\/#breadcrumb"},"inLanguage":"en-US","potentialAction":[{"@type":"ReadAction","target":["https:\/\/www.upm.cz\/eshop\/via-lucis-stanislav-libensky-and-jaroslava-brychtova\/"]}]},{"@type":"ImageObject","inLanguage":"en-US","@id":"https:\/\/www.upm.cz\/eshop\/via-lucis-stanislav-libensky-and-jaroslava-brychtova\/#primaryimage","url":"https:\/\/www.upm.cz\/wp-content\/uploads\/Via_LUC_EN_2301-1.jpg","contentUrl":"https:\/\/www.upm.cz\/wp-content\/uploads\/Via_LUC_EN_2301-1.jpg","width":912,"height":1200,"caption":"Via lucis ob\u00e1lka knihy anglicky"},{"@type":"BreadcrumbList","@id":"https:\/\/www.upm.cz\/eshop\/via-lucis-stanislav-libensky-and-jaroslava-brychtova\/#breadcrumb","itemListElement":[{"@type":"ListItem","position":1,"name":"Dom\u016f","item":"https:\/\/www.upm.cz\/"},{"@type":"ListItem","position":2,"name":"eshop","item":"https:\/\/www.upm.cz\/eshop\/"},{"@type":"ListItem","position":3,"name":"VIA LUCIS. STANISLAV LIBENSK\u00dd AND JAROSLAVA BRYCHTOV\u00c1"}]},{"@type":"WebSite","@id":"https:\/\/www.upm.cz\/#website","url":"https:\/\/www.upm.cz\/","name":"Um\u011bleckopr\u016fmyslov\u00e9 museum v Praze","description":"","publisher":{"@id":"https:\/\/www.upm.cz\/#organization"},"potentialAction":[{"@type":"SearchAction","target":{"@type":"EntryPoint","urlTemplate":"https:\/\/www.upm.cz\/?s={search_term_string}"},"query-input":{"@type":"PropertyValueSpecification","valueRequired":true,"valueName":"search_term_string"}}],"inLanguage":"en-US"},{"@type":"Organization","@id":"https:\/\/www.upm.cz\/#organization","name":"Um\u011bleckopr\u016fmyslov\u00e9 museum v Praze","url":"https:\/\/www.upm.cz\/","logo":{"@type":"ImageObject","inLanguage":"en-US","@id":"https:\/\/www.upm.cz\/#\/schema\/logo\/image\/","url":"https:\/\/www.upm.cz\/wp-content\/uploads\/2020\/03\/logo_upm_cz.svg","contentUrl":"https:\/\/www.upm.cz\/wp-content\/uploads\/2020\/03\/logo_upm_cz.svg","width":1736,"height":295,"caption":"Um\u011bleckopr\u016fmyslov\u00e9 museum v Praze"},"image":{"@id":"https:\/\/www.upm.cz\/#\/schema\/logo\/image\/"}}]}},"_links":{"self":[{"href":"https:\/\/www.upm.cz\/an\/wp-json\/wp\/v2\/product\/12976","targetHints":{"allow":["GET"]}}],"collection":[{"href":"https:\/\/www.upm.cz\/an\/wp-json\/wp\/v2\/product"}],"about":[{"href":"https:\/\/www.upm.cz\/an\/wp-json\/wp\/v2\/types\/product"}],"wp:featuredmedia":[{"embeddable":true,"href":"https:\/\/www.upm.cz\/an\/wp-json\/wp\/v2\/media\/12984"}],"wp:attachment":[{"href":"https:\/\/www.upm.cz\/an\/wp-json\/wp\/v2\/media?parent=12976"}],"wp:term":[{"taxonomy":"product_brand","embeddable":true,"href":"https:\/\/www.upm.cz\/an\/wp-json\/wp\/v2\/product_brand?post=12976"},{"taxonomy":"product_cat","embeddable":true,"href":"https:\/\/www.upm.cz\/an\/wp-json\/wp\/v2\/product_cat?post=12976"},{"taxonomy":"product_tag","embeddable":true,"href":"https:\/\/www.upm.cz\/an\/wp-json\/wp\/v2\/product_tag?post=12976"}],"curies":[{"name":"wp","href":"https:\/\/api.w.org\/{rel}","templated":true}]}}