{"id":12979,"date":"2022-09-05T12:15:33","date_gmt":"2022-09-05T10:15:33","guid":{"rendered":"https:\/\/www.upm.cz\/?post_type=product&#038;p=12979"},"modified":"2025-07-03T12:00:02","modified_gmt":"2025-07-03T10:00:02","slug":"collector-lannas-glass-collection","status":"publish","type":"product","link":"https:\/\/www.upm.cz\/an\/eshop\/collector-lannas-glass-collection\/","title":{"rendered":"COLLECTOR. LANNA\u00b4S GLASS COLLECTION"},"content":{"rendered":"<p>The publication accompanies the exhibition of the same name, through which the Museum of Decorative Arts in Prague presents the glass collection of Vojt\u011bch Lanna (1836-1909), a&nbsp;construction entrepreneur, patron and co-founder of the museum. His interest in the creation of the museum stemmed from his passion for collecting and his interest in improving the cultural and economic conditions in Bohemia. The museum acquired its famous and unusually extensive collection of mainly Renaissance and Baroque glass by donation in 1906. Its significance and art historical value is illustrated by eighty selected examples, which present in image and text unique monuments of Venetian and Bohemian glass art of the 16th to 18th centuries.<\/p>\n<p>The catalogue was published by the Museum of Decorative Arts in Prague in 2022 to accompany the exhibition of the same name held at the UPM from 15 June to 30 October 2022 on the occasion of the 26th ICOM General Conference Prague 2022.<\/p>","protected":false},"excerpt":{"rendered":"<p>koncepce: Jana \u010cernovsk\u00e1, Jan Mergl<br \/>\ntexty: Helena Bro\u017ekov\u00e1, Jana \u010cernovsk\u00e1, Helena Koenigsmarkov\u00e1, Jan Mergl, Jan Sch\u00f6ttner, Filip Wittlich<br \/>\ngrafick\u00fd design: Eva Koktov\u00e1<br \/>\nvyd\u00e1n\u00ed: \u010desk\u00e9 a&nbsp;anglick\u00e9<br \/>\nform\u00e1t: 23 x 19 cm, m\u011bkk\u00e1 vazba<br \/>\npo\u010det stran: 132<br \/>\npo\u010det reprodukc\u00ed: 106<br \/>\nvydavatel: Um\u011bleckopr\u016fmyslov\u00e9 museum v&nbsp;Praze 2022<\/p>\n<p>ISBN 978-80-7101-209-2 (EN)<\/p>","protected":false},"featured_media":12980,"template":"","meta":{"_acf_changed":false},"product_brand":[],"product_cat":[80],"product_tag":[],"class_list":{"0":"post-12979","1":"product","2":"type-product","3":"status-publish","4":"has-post-thumbnail","6":"product_cat-books","8":"first","9":"instock","10":"shipping-taxable","11":"purchasable","12":"product-type-simple"},"acf":[],"yoast_head":"<!-- This site is optimized with the Yoast SEO plugin v26.9 - https:\/\/yoast.com\/product\/yoast-seo-wordpress\/ -->\n<title>COLLECTOR. LANNA\u00b4S GLASS COLLECTION - Um\u011bleckopr\u016fmyslov\u00e9 museum v Praze<\/title>\n<meta name=\"description\" content=\"The publication accompanies the exhibition of the same name, through which the Museum of Decorative Arts in Prague presents the glass collection of Vojt\u011bch Lanna (1836-1909), a construction entrepreneur, patron and co-founder of the museum. His interest in the creation of the museum stemmed from his passion for collecting and his interest in improving the cultural and economic conditions in Bohemia. The museum acquired its famous and unusually extensive collection of mainly Renaissance and Baroque glass by donation in 1906. Its significance and art historical value is illustrated by eighty selected examples, which present in image and text unique monuments of Venetian and Bohemian glass art of the 16th to 18th centuries. The catalogue was published by the Museum of Decorative Arts in Prague in 2022 to accompany the exhibition of the same name held at the UPM from 15 June to 30 October 2022 on the occasion of the 26th ICOM General Conference Prague 2022.\" \/>\n<meta name=\"robots\" content=\"index, follow, max-snippet:-1, max-image-preview:large, max-video-preview:-1\" \/>\n<link rel=\"canonical\" href=\"https:\/\/www.upm.cz\/an\/eshop\/collector-lannas-glass-collection\/\" \/>\n<meta property=\"og:locale\" content=\"en_US\" \/>\n<meta property=\"og:type\" content=\"article\" \/>\n<meta property=\"og:title\" content=\"COLLECTOR. LANNA\u00b4S GLASS COLLECTION - Um\u011bleckopr\u016fmyslov\u00e9 museum v Praze\" \/>\n<meta property=\"og:description\" content=\"The publication accompanies the exhibition of the same name, through which the Museum of Decorative Arts in Prague presents the glass collection of Vojt\u011bch Lanna (1836-1909), a construction entrepreneur, patron and co-founder of the museum. His interest in the creation of the museum stemmed from his passion for collecting and his interest in improving the cultural and economic conditions in Bohemia. The museum acquired its famous and unusually extensive collection of mainly Renaissance and Baroque glass by donation in 1906. Its significance and art historical value is illustrated by eighty selected examples, which present in image and text unique monuments of Venetian and Bohemian glass art of the 16th to 18th centuries. The catalogue was published by the Museum of Decorative Arts in Prague in 2022 to accompany the exhibition of the same name held at the UPM from 15 June to 30 October 2022 on the occasion of the 26th ICOM General Conference Prague 2022.\" \/>\n<meta property=\"og:url\" content=\"https:\/\/www.upm.cz\/an\/eshop\/collector-lannas-glass-collection\/\" \/>\n<meta property=\"og:site_name\" content=\"Um\u011bleckopr\u016fmyslov\u00e9 museum v Praze\" \/>\n<meta property=\"article:modified_time\" content=\"2025-07-03T10:00:02+00:00\" \/>\n<meta property=\"og:image\" content=\"https:\/\/www.upm.cz\/wp-content\/uploads\/lannaAJ.jpg\" \/>\n\t<meta property=\"og:image:width\" content=\"1120\" \/>\n\t<meta property=\"og:image:height\" content=\"1356\" \/>\n\t<meta property=\"og:image:type\" content=\"image\/jpeg\" \/>\n<meta name=\"twitter:card\" content=\"summary_large_image\" \/>\n<meta name=\"twitter:label1\" content=\"Est. reading time\" \/>\n\t<meta name=\"twitter:data1\" content=\"1 minute\" \/>\n<script type=\"application\/ld+json\" class=\"yoast-schema-graph\">{\"@context\":\"https:\/\/schema.org\",\"@graph\":[{\"@type\":\"WebPage\",\"@id\":\"https:\/\/www.upm.cz\/eshop\/collector-lannas-glass-collection\/\",\"url\":\"https:\/\/www.upm.cz\/eshop\/collector-lannas-glass-collection\/\",\"name\":\"COLLECTOR. LANNA\u00b4S GLASS COLLECTION - Um\u011bleckopr\u016fmyslov\u00e9 museum v Praze\",\"isPartOf\":{\"@id\":\"https:\/\/www.upm.cz\/#website\"},\"primaryImageOfPage\":{\"@id\":\"https:\/\/www.upm.cz\/eshop\/collector-lannas-glass-collection\/#primaryimage\"},\"image\":{\"@id\":\"https:\/\/www.upm.cz\/eshop\/collector-lannas-glass-collection\/#primaryimage\"},\"thumbnailUrl\":\"https:\/\/www.upm.cz\/wp-content\/uploads\/lannaAJ.jpg\",\"datePublished\":\"2022-09-05T10:15:33+00:00\",\"dateModified\":\"2025-07-03T10:00:02+00:00\",\"description\":\"The publication accompanies the exhibition of the same name, through which the Museum of Decorative Arts in Prague presents the glass collection of Vojt\u011bch Lanna (1836-1909), a construction entrepreneur, patron and co-founder of the museum. His interest in the creation of the museum stemmed from his passion for collecting and his interest in improving the cultural and economic conditions in Bohemia. The museum acquired its famous and unusually extensive collection of mainly Renaissance and Baroque glass by donation in 1906. Its significance and art historical value is illustrated by eighty selected examples, which present in image and text unique monuments of Venetian and Bohemian glass art of the 16th to 18th centuries. The catalogue was published by the Museum of Decorative Arts in Prague in 2022 to accompany the exhibition of the same name held at the UPM from 15 June to 30 October 2022 on the occasion of the 26th ICOM General Conference Prague 2022.\",\"breadcrumb\":{\"@id\":\"https:\/\/www.upm.cz\/eshop\/collector-lannas-glass-collection\/#breadcrumb\"},\"inLanguage\":\"en-US\",\"potentialAction\":[{\"@type\":\"ReadAction\",\"target\":[\"https:\/\/www.upm.cz\/eshop\/collector-lannas-glass-collection\/\"]}]},{\"@type\":\"ImageObject\",\"inLanguage\":\"en-US\",\"@id\":\"https:\/\/www.upm.cz\/eshop\/collector-lannas-glass-collection\/#primaryimage\",\"url\":\"https:\/\/www.upm.cz\/wp-content\/uploads\/lannaAJ.jpg\",\"contentUrl\":\"https:\/\/www.upm.cz\/wp-content\/uploads\/lannaAJ.jpg\",\"width\":1120,\"height\":1356,\"caption\":\"cOLLECTOR. oB\u00c1LKA KNIHY\"},{\"@type\":\"BreadcrumbList\",\"@id\":\"https:\/\/www.upm.cz\/eshop\/collector-lannas-glass-collection\/#breadcrumb\",\"itemListElement\":[{\"@type\":\"ListItem\",\"position\":1,\"name\":\"Dom\u016f\",\"item\":\"https:\/\/www.upm.cz\/\"},{\"@type\":\"ListItem\",\"position\":2,\"name\":\"eshop\",\"item\":\"https:\/\/www.upm.cz\/eshop\/\"},{\"@type\":\"ListItem\",\"position\":3,\"name\":\"COLLECTOR. LANNA\u00b4S GLASS COLLECTION\"}]},{\"@type\":\"WebSite\",\"@id\":\"https:\/\/www.upm.cz\/#website\",\"url\":\"https:\/\/www.upm.cz\/\",\"name\":\"Um\u011bleckopr\u016fmyslov\u00e9 museum v Praze\",\"description\":\"\",\"publisher\":{\"@id\":\"https:\/\/www.upm.cz\/#organization\"},\"potentialAction\":[{\"@type\":\"SearchAction\",\"target\":{\"@type\":\"EntryPoint\",\"urlTemplate\":\"https:\/\/www.upm.cz\/?s={search_term_string}\"},\"query-input\":{\"@type\":\"PropertyValueSpecification\",\"valueRequired\":true,\"valueName\":\"search_term_string\"}}],\"inLanguage\":\"en-US\"},{\"@type\":\"Organization\",\"@id\":\"https:\/\/www.upm.cz\/#organization\",\"name\":\"Um\u011bleckopr\u016fmyslov\u00e9 museum v Praze\",\"url\":\"https:\/\/www.upm.cz\/\",\"logo\":{\"@type\":\"ImageObject\",\"inLanguage\":\"en-US\",\"@id\":\"https:\/\/www.upm.cz\/#\/schema\/logo\/image\/\",\"url\":\"https:\/\/www.upm.cz\/wp-content\/uploads\/2020\/03\/logo_upm_cz.svg\",\"contentUrl\":\"https:\/\/www.upm.cz\/wp-content\/uploads\/2020\/03\/logo_upm_cz.svg\",\"width\":1736,\"height\":295,\"caption\":\"Um\u011bleckopr\u016fmyslov\u00e9 museum v Praze\"},\"image\":{\"@id\":\"https:\/\/www.upm.cz\/#\/schema\/logo\/image\/\"}}]}<\/script>\n<!-- \/ Yoast SEO plugin. -->","yoast_head_json":{"title":"COLLECTOR. LANNA\u00b4S GLASS COLLECTION - Um\u011bleckopr\u016fmyslov\u00e9 museum v Praze","description":"The publication accompanies the exhibition of the same name, through which the Museum of Decorative Arts in Prague presents the glass collection of Vojt\u011bch Lanna (1836-1909), a construction entrepreneur, patron and co-founder of the museum. His interest in the creation of the museum stemmed from his passion for collecting and his interest in improving the cultural and economic conditions in Bohemia. The museum acquired its famous and unusually extensive collection of mainly Renaissance and Baroque glass by donation in 1906. Its significance and art historical value is illustrated by eighty selected examples, which present in image and text unique monuments of Venetian and Bohemian glass art of the 16th to 18th centuries. The catalogue was published by the Museum of Decorative Arts in Prague in 2022 to accompany the exhibition of the same name held at the UPM from 15 June to 30 October 2022 on the occasion of the 26th ICOM General Conference Prague 2022.","robots":{"index":"index","follow":"follow","max-snippet":"max-snippet:-1","max-image-preview":"max-image-preview:large","max-video-preview":"max-video-preview:-1"},"canonical":"https:\/\/www.upm.cz\/an\/eshop\/collector-lannas-glass-collection\/","og_locale":"en_US","og_type":"article","og_title":"COLLECTOR. LANNA\u00b4S GLASS COLLECTION - Um\u011bleckopr\u016fmyslov\u00e9 museum v Praze","og_description":"The publication accompanies the exhibition of the same name, through which the Museum of Decorative Arts in Prague presents the glass collection of Vojt\u011bch Lanna (1836-1909), a construction entrepreneur, patron and co-founder of the museum. His interest in the creation of the museum stemmed from his passion for collecting and his interest in improving the cultural and economic conditions in Bohemia. The museum acquired its famous and unusually extensive collection of mainly Renaissance and Baroque glass by donation in 1906. Its significance and art historical value is illustrated by eighty selected examples, which present in image and text unique monuments of Venetian and Bohemian glass art of the 16th to 18th centuries. The catalogue was published by the Museum of Decorative Arts in Prague in 2022 to accompany the exhibition of the same name held at the UPM from 15 June to 30 October 2022 on the occasion of the 26th ICOM General Conference Prague 2022.","og_url":"https:\/\/www.upm.cz\/an\/eshop\/collector-lannas-glass-collection\/","og_site_name":"Um\u011bleckopr\u016fmyslov\u00e9 museum v Praze","article_modified_time":"2025-07-03T10:00:02+00:00","og_image":[{"width":1120,"height":1356,"url":"https:\/\/www.upm.cz\/wp-content\/uploads\/lannaAJ.jpg","type":"image\/jpeg"}],"twitter_card":"summary_large_image","twitter_misc":{"Est. reading time":"1 minute"},"schema":{"@context":"https:\/\/schema.org","@graph":[{"@type":"WebPage","@id":"https:\/\/www.upm.cz\/eshop\/collector-lannas-glass-collection\/","url":"https:\/\/www.upm.cz\/eshop\/collector-lannas-glass-collection\/","name":"COLLECTOR. LANNA\u00b4S GLASS COLLECTION - Um\u011bleckopr\u016fmyslov\u00e9 museum v Praze","isPartOf":{"@id":"https:\/\/www.upm.cz\/#website"},"primaryImageOfPage":{"@id":"https:\/\/www.upm.cz\/eshop\/collector-lannas-glass-collection\/#primaryimage"},"image":{"@id":"https:\/\/www.upm.cz\/eshop\/collector-lannas-glass-collection\/#primaryimage"},"thumbnailUrl":"https:\/\/www.upm.cz\/wp-content\/uploads\/lannaAJ.jpg","datePublished":"2022-09-05T10:15:33+00:00","dateModified":"2025-07-03T10:00:02+00:00","description":"The publication accompanies the exhibition of the same name, through which the Museum of Decorative Arts in Prague presents the glass collection of Vojt\u011bch Lanna (1836-1909), a construction entrepreneur, patron and co-founder of the museum. His interest in the creation of the museum stemmed from his passion for collecting and his interest in improving the cultural and economic conditions in Bohemia. The museum acquired its famous and unusually extensive collection of mainly Renaissance and Baroque glass by donation in 1906. Its significance and art historical value is illustrated by eighty selected examples, which present in image and text unique monuments of Venetian and Bohemian glass art of the 16th to 18th centuries. The catalogue was published by the Museum of Decorative Arts in Prague in 2022 to accompany the exhibition of the same name held at the UPM from 15 June to 30 October 2022 on the occasion of the 26th ICOM General Conference Prague 2022.","breadcrumb":{"@id":"https:\/\/www.upm.cz\/eshop\/collector-lannas-glass-collection\/#breadcrumb"},"inLanguage":"en-US","potentialAction":[{"@type":"ReadAction","target":["https:\/\/www.upm.cz\/eshop\/collector-lannas-glass-collection\/"]}]},{"@type":"ImageObject","inLanguage":"en-US","@id":"https:\/\/www.upm.cz\/eshop\/collector-lannas-glass-collection\/#primaryimage","url":"https:\/\/www.upm.cz\/wp-content\/uploads\/lannaAJ.jpg","contentUrl":"https:\/\/www.upm.cz\/wp-content\/uploads\/lannaAJ.jpg","width":1120,"height":1356,"caption":"cOLLECTOR. oB\u00c1LKA KNIHY"},{"@type":"BreadcrumbList","@id":"https:\/\/www.upm.cz\/eshop\/collector-lannas-glass-collection\/#breadcrumb","itemListElement":[{"@type":"ListItem","position":1,"name":"Dom\u016f","item":"https:\/\/www.upm.cz\/"},{"@type":"ListItem","position":2,"name":"eshop","item":"https:\/\/www.upm.cz\/eshop\/"},{"@type":"ListItem","position":3,"name":"COLLECTOR. LANNA\u00b4S GLASS COLLECTION"}]},{"@type":"WebSite","@id":"https:\/\/www.upm.cz\/#website","url":"https:\/\/www.upm.cz\/","name":"Um\u011bleckopr\u016fmyslov\u00e9 museum v Praze","description":"","publisher":{"@id":"https:\/\/www.upm.cz\/#organization"},"potentialAction":[{"@type":"SearchAction","target":{"@type":"EntryPoint","urlTemplate":"https:\/\/www.upm.cz\/?s={search_term_string}"},"query-input":{"@type":"PropertyValueSpecification","valueRequired":true,"valueName":"search_term_string"}}],"inLanguage":"en-US"},{"@type":"Organization","@id":"https:\/\/www.upm.cz\/#organization","name":"Um\u011bleckopr\u016fmyslov\u00e9 museum v Praze","url":"https:\/\/www.upm.cz\/","logo":{"@type":"ImageObject","inLanguage":"en-US","@id":"https:\/\/www.upm.cz\/#\/schema\/logo\/image\/","url":"https:\/\/www.upm.cz\/wp-content\/uploads\/2020\/03\/logo_upm_cz.svg","contentUrl":"https:\/\/www.upm.cz\/wp-content\/uploads\/2020\/03\/logo_upm_cz.svg","width":1736,"height":295,"caption":"Um\u011bleckopr\u016fmyslov\u00e9 museum v Praze"},"image":{"@id":"https:\/\/www.upm.cz\/#\/schema\/logo\/image\/"}}]}},"_links":{"self":[{"href":"https:\/\/www.upm.cz\/an\/wp-json\/wp\/v2\/product\/12979","targetHints":{"allow":["GET"]}}],"collection":[{"href":"https:\/\/www.upm.cz\/an\/wp-json\/wp\/v2\/product"}],"about":[{"href":"https:\/\/www.upm.cz\/an\/wp-json\/wp\/v2\/types\/product"}],"wp:featuredmedia":[{"embeddable":true,"href":"https:\/\/www.upm.cz\/an\/wp-json\/wp\/v2\/media\/12980"}],"wp:attachment":[{"href":"https:\/\/www.upm.cz\/an\/wp-json\/wp\/v2\/media?parent=12979"}],"wp:term":[{"taxonomy":"product_brand","embeddable":true,"href":"https:\/\/www.upm.cz\/an\/wp-json\/wp\/v2\/product_brand?post=12979"},{"taxonomy":"product_cat","embeddable":true,"href":"https:\/\/www.upm.cz\/an\/wp-json\/wp\/v2\/product_cat?post=12979"},{"taxonomy":"product_tag","embeddable":true,"href":"https:\/\/www.upm.cz\/an\/wp-json\/wp\/v2\/product_tag?post=12979"}],"curies":[{"name":"wp","href":"https:\/\/api.w.org\/{rel}","templated":true}]}}