{"id":12985,"date":"2023-02-05T15:55:16","date_gmt":"2023-02-05T14:55:16","guid":{"rendered":"https:\/\/www.upm.cz\/?post_type=product&#038;p=12985"},"modified":"2026-02-07T17:43:34","modified_gmt":"2026-02-07T16:43:34","slug":"the-power-of-lace-krajka-objekt-odev","status":"publish","type":"product","link":"https:\/\/www.upm.cz\/an\/eshop\/the-power-of-lace-krajka-objekt-odev\/","title":{"rendered":"THE POWER OF LACE. KRAJKA \u2013 OBJEKT \u2013 OD\u011aV"},"content":{"rendered":"<p>Krajka je dnes pova\u017eov\u00e1na za v\u00edcem\u00e9n\u011b okrajov\u00fd um\u011bleck\u00fd \u017e\u00e1nr. P\u0159esto si udr\u017euje v\u00fdlu\u010dnou \u00falohu pr\u016fvodce novov\u011bk\u00fdch spole\u010densk\u00fdch osud\u016f evropsk\u00e9ho \u010dlov\u011bka. Od renesance do po\u010d\u00e1tku 20.&nbsp;stolet\u00ed jej\u00ed v\u00fdroba souvisela v\u00fdhradn\u011b s&nbsp;n\u00e1ro\u010dn\u00fdm m\u00f3dn\u00edm od\u011bvem. Specifick\u00e9 obdob\u00ed v&nbsp;oboru krajky nastalo v&nbsp;nov\u011b vznikl\u00e9m \u010deskoslovensk\u00e9m st\u00e1t\u011b ve 20.&nbsp;letech 20.\u00a0stolet\u00ed, kdy se textiln\u00ed tvorba obecn\u011b stala sou\u010d\u00e1st\u00ed procesu avantgardn\u00ed kulturn\u00ed ideologie. \u00dasp\u011b\u0161n\u00fd rozvoj textiln\u00edch um\u011bleck\u00fdch obor\u016f veden\u00fd my\u0161lenkou synt\u00e9zy modern\u00edho \u017eivotn\u00edho stylu v&nbsp;souladu s&nbsp;n\u00e1rodn\u00ed tradic\u00ed pokra\u010doval do konce 30.&nbsp;let. Po&nbsp;druh\u00e9 sv\u011btov\u00e9 v\u00e1lce se u&nbsp;n\u00e1s, stejn\u011b jako ve sv\u011bt\u011b, textiln\u00ed um\u011bn\u00ed p\u0159ibli\u017eovalo um\u011bn\u00ed voln\u00e9mu. Od\u00a0konce 50.&nbsp;let se za\u010dalo radik\u00e1ln\u011b m\u011bnit i&nbsp;pojet\u00ed krajky. Zcela opustila tradi\u010dn\u00ed funkci a&nbsp;stala se trojrozm\u011brn\u00fdm monument\u00e1ln\u00edm d\u00edlem. Nov\u00fd, um\u011blecky svobodn\u00fd pohled na krajku, spojen\u00fd s&nbsp;dokonalou znalost\u00ed klasick\u00fdch technik, podn\u00edtil v&nbsp;\u010ceskoslovensku bohatou tvorbu t\u0159\u00ed generac\u00ed v\u00fdtvarnic. Jejich p\u0159\u00ednos sv\u011btov\u00e9mu v\u00fdvoji potvrdila ocen\u011bn\u00ed z\u00edskan\u00e1 na mnoha mezin\u00e1rodn\u00edch v\u00fdstav\u00e1ch.<\/p>\n<p>Katalog vydalo Um\u011bleckopr\u016fmyslov\u00e9 museum v&nbsp;Praze v&nbsp;roce 2022 ke stejnojmenn\u00e9 v\u00fdstav\u011b konan\u00e9 v&nbsp;UPM od 19.&nbsp;kv\u011btna do 11.&nbsp;z\u00e1\u0159\u00ed 2022 u&nbsp;p\u0159\u00edle\u017eitosti 26. Gener\u00e1ln\u00ed konference ICOM Praha 2022.<\/p>","protected":false},"excerpt":{"rendered":"<p>koncepce: Konstantina Hlav\u00e1\u010dkov\u00e1<br \/>\ntexty: Konstantina Hlav\u00e1\u010dkov\u00e1, Ludv\u00edk Hlav\u00e1\u010dek<br \/>\ngrafick\u00fd design: Pavel Fri\u010d, Michaela Labudov\u00e1, Monsters<br \/>\nvyd\u00e1n\u00ed: anglicko-\u010desk\u00e9<br \/>\nform\u00e1t: 17,8 x 25,1 cm, m\u011bkk\u00e1 vazba<br \/>\npo\u010det stran: 160<br \/>\npo\u010det reprodukc\u00ed: 118<br \/>\nvydavatel: Um\u011bleckopr\u016fmyslov\u00e9 museum v&nbsp;Praze 2022<br \/>\nNOMINACE NA NEJKR\u00c1SN\u011aJ\u0160\u00cd \u010cESKOU KNIHU ROKU 2022\u00a0(KATEGORIE KATALOG)<\/p>\n<p>ISBN 978-80-7101-207-8<\/p>","protected":false},"featured_media":12986,"template":"","meta":{"_acf_changed":false},"product_brand":[],"product_cat":[45],"product_tag":[],"class_list":{"0":"post-12985","1":"product","2":"type-product","3":"status-publish","4":"has-post-thumbnail","6":"product_cat-knihy","8":"first","9":"instock","10":"shipping-taxable","11":"purchasable","12":"product-type-simple"},"acf":[],"yoast_head":"<!-- This site is optimized with the Yoast SEO plugin v26.9 - https:\/\/yoast.com\/product\/yoast-seo-wordpress\/ -->\n<title>THE POWER OF LACE. KRAJKA \u2013 OBJEKT \u2013 OD\u011aV - Um\u011bleckopr\u016fmyslov\u00e9 museum v Praze<\/title>\n<meta name=\"description\" content=\"Krajka je dnes pova\u017eov\u00e1na za v\u00edcem\u00e9n\u011b okrajov\u00fd um\u011bleck\u00fd \u017e\u00e1nr. P\u0159esto si udr\u017euje v\u00fdlu\u010dnou \u00falohu pr\u016fvodce novov\u011bk\u00fdch spole\u010densk\u00fdch osud\u016f evropsk\u00e9ho \u010dlov\u011bka. Od renesance do po\u010d\u00e1tku 20. stolet\u00ed jej\u00ed v\u00fdroba souvisela v\u00fdhradn\u011b s n\u00e1ro\u010dn\u00fdm m\u00f3dn\u00edm od\u011bvem. Specifick\u00e9 obdob\u00ed v oboru krajky nastalo v nov\u011b vznikl\u00e9m \u010deskoslovensk\u00e9m st\u00e1t\u011b ve 20. letech 20. stolet\u00ed, kdy se textiln\u00ed tvorba obecn\u011b stala sou\u010d\u00e1st\u00ed procesu avantgardn\u00ed kulturn\u00ed ideologie. \u00dasp\u011b\u0161n\u00fd rozvoj textiln\u00edch um\u011bleck\u00fdch obor\u016f veden\u00fd my\u0161lenkou synt\u00e9zy modern\u00edho \u017eivotn\u00edho stylu v souladu s n\u00e1rodn\u00ed tradic\u00ed pokra\u010doval do konce 30. let. Po druh\u00e9 sv\u011btov\u00e9 v\u00e1lce se u n\u00e1s, stejn\u011b jako ve sv\u011bt\u011b, textiln\u00ed um\u011bn\u00ed p\u0159ibli\u017eovalo um\u011bn\u00ed voln\u00e9mu. Od konce 50. let se za\u010dalo radik\u00e1ln\u011b m\u011bnit i pojet\u00ed krajky. Zcela opustila tradi\u010dn\u00ed funkci a stala se trojrozm\u011brn\u00fdm monument\u00e1ln\u00edm d\u00edlem. Nov\u00fd, um\u011blecky svobodn\u00fd pohled na krajku, spojen\u00fd s dokonalou znalost\u00ed klasick\u00fdch technik, podn\u00edtil v \u010ceskoslovensku bohatou tvorbu t\u0159\u00ed generac\u00ed v\u00fdtvarnic. Jejich p\u0159\u00ednos sv\u011btov\u00e9mu v\u00fdvoji potvrdila ocen\u011bn\u00ed z\u00edskan\u00e1 na mnoha mezin\u00e1rodn\u00edch v\u00fdstav\u00e1ch.Katalog vydalo Um\u011bleckopr\u016fmyslov\u00e9 museum v Praze v roce 2022 ke stejnojmenn\u00e9 v\u00fdstav\u011b konan\u00e9 v UPM od 19. kv\u011btna do 11. z\u00e1\u0159\u00ed 2022 u p\u0159\u00edle\u017eitosti 26. Gener\u00e1ln\u00ed konference ICOM Praha 2022.\" \/>\n<meta name=\"robots\" content=\"index, follow, max-snippet:-1, max-image-preview:large, max-video-preview:-1\" \/>\n<link rel=\"canonical\" href=\"https:\/\/www.upm.cz\/an\/eshop\/the-power-of-lace-krajka-objekt-odev\/\" \/>\n<meta property=\"og:locale\" content=\"en_US\" \/>\n<meta property=\"og:type\" content=\"article\" \/>\n<meta property=\"og:title\" content=\"THE POWER OF LACE. KRAJKA \u2013 OBJEKT \u2013 OD\u011aV - Um\u011bleckopr\u016fmyslov\u00e9 museum v Praze\" \/>\n<meta property=\"og:description\" content=\"Krajka je dnes pova\u017eov\u00e1na za v\u00edcem\u00e9n\u011b okrajov\u00fd um\u011bleck\u00fd \u017e\u00e1nr. P\u0159esto si udr\u017euje v\u00fdlu\u010dnou \u00falohu pr\u016fvodce novov\u011bk\u00fdch spole\u010densk\u00fdch osud\u016f evropsk\u00e9ho \u010dlov\u011bka. Od renesance do po\u010d\u00e1tku 20. stolet\u00ed jej\u00ed v\u00fdroba souvisela v\u00fdhradn\u011b s n\u00e1ro\u010dn\u00fdm m\u00f3dn\u00edm od\u011bvem. Specifick\u00e9 obdob\u00ed v oboru krajky nastalo v nov\u011b vznikl\u00e9m \u010deskoslovensk\u00e9m st\u00e1t\u011b ve 20. letech 20. stolet\u00ed, kdy se textiln\u00ed tvorba obecn\u011b stala sou\u010d\u00e1st\u00ed procesu avantgardn\u00ed kulturn\u00ed ideologie. \u00dasp\u011b\u0161n\u00fd rozvoj textiln\u00edch um\u011bleck\u00fdch obor\u016f veden\u00fd my\u0161lenkou synt\u00e9zy modern\u00edho \u017eivotn\u00edho stylu v souladu s n\u00e1rodn\u00ed tradic\u00ed pokra\u010doval do konce 30. let. Po druh\u00e9 sv\u011btov\u00e9 v\u00e1lce se u n\u00e1s, stejn\u011b jako ve sv\u011bt\u011b, textiln\u00ed um\u011bn\u00ed p\u0159ibli\u017eovalo um\u011bn\u00ed voln\u00e9mu. Od konce 50. let se za\u010dalo radik\u00e1ln\u011b m\u011bnit i pojet\u00ed krajky. Zcela opustila tradi\u010dn\u00ed funkci a stala se trojrozm\u011brn\u00fdm monument\u00e1ln\u00edm d\u00edlem. Nov\u00fd, um\u011blecky svobodn\u00fd pohled na krajku, spojen\u00fd s dokonalou znalost\u00ed klasick\u00fdch technik, podn\u00edtil v \u010ceskoslovensku bohatou tvorbu t\u0159\u00ed generac\u00ed v\u00fdtvarnic. Jejich p\u0159\u00ednos sv\u011btov\u00e9mu v\u00fdvoji potvrdila ocen\u011bn\u00ed z\u00edskan\u00e1 na mnoha mezin\u00e1rodn\u00edch v\u00fdstav\u00e1ch.Katalog vydalo Um\u011bleckopr\u016fmyslov\u00e9 museum v Praze v roce 2022 ke stejnojmenn\u00e9 v\u00fdstav\u011b konan\u00e9 v UPM od 19. kv\u011btna do 11. z\u00e1\u0159\u00ed 2022 u p\u0159\u00edle\u017eitosti 26. Gener\u00e1ln\u00ed konference ICOM Praha 2022.\" \/>\n<meta property=\"og:url\" content=\"https:\/\/www.upm.cz\/an\/eshop\/the-power-of-lace-krajka-objekt-odev\/\" \/>\n<meta property=\"og:site_name\" content=\"Um\u011bleckopr\u016fmyslov\u00e9 museum v Praze\" \/>\n<meta property=\"article:modified_time\" content=\"2026-02-07T16:43:34+00:00\" \/>\n<meta property=\"og:image\" content=\"https:\/\/www.upm.cz\/wp-content\/uploads\/Power_of_Lace_2332.jpg\" \/>\n\t<meta property=\"og:image:width\" content=\"858\" \/>\n\t<meta property=\"og:image:height\" content=\"1200\" \/>\n\t<meta property=\"og:image:type\" content=\"image\/jpeg\" \/>\n<meta name=\"twitter:card\" content=\"summary_large_image\" \/>\n<meta name=\"twitter:label1\" content=\"Est. reading time\" \/>\n\t<meta name=\"twitter:data1\" content=\"2 minutes\" \/>\n<script type=\"application\/ld+json\" class=\"yoast-schema-graph\">{\"@context\":\"https:\/\/schema.org\",\"@graph\":[{\"@type\":\"WebPage\",\"@id\":\"https:\/\/www.upm.cz\/eshop\/the-power-of-lace-krajka-objekt-odev\/\",\"url\":\"https:\/\/www.upm.cz\/eshop\/the-power-of-lace-krajka-objekt-odev\/\",\"name\":\"THE POWER OF LACE. KRAJKA \u2013 OBJEKT \u2013 OD\u011aV - Um\u011bleckopr\u016fmyslov\u00e9 museum v Praze\",\"isPartOf\":{\"@id\":\"https:\/\/www.upm.cz\/#website\"},\"primaryImageOfPage\":{\"@id\":\"https:\/\/www.upm.cz\/eshop\/the-power-of-lace-krajka-objekt-odev\/#primaryimage\"},\"image\":{\"@id\":\"https:\/\/www.upm.cz\/eshop\/the-power-of-lace-krajka-objekt-odev\/#primaryimage\"},\"thumbnailUrl\":\"https:\/\/www.upm.cz\/wp-content\/uploads\/Power_of_Lace_2332.jpg\",\"datePublished\":\"2023-02-05T14:55:16+00:00\",\"dateModified\":\"2026-02-07T16:43:34+00:00\",\"description\":\"Krajka je dnes pova\u017eov\u00e1na za v\u00edcem\u00e9n\u011b okrajov\u00fd um\u011bleck\u00fd \u017e\u00e1nr. P\u0159esto si udr\u017euje v\u00fdlu\u010dnou \u00falohu pr\u016fvodce novov\u011bk\u00fdch spole\u010densk\u00fdch osud\u016f evropsk\u00e9ho \u010dlov\u011bka. Od renesance do po\u010d\u00e1tku 20. stolet\u00ed jej\u00ed v\u00fdroba souvisela v\u00fdhradn\u011b s n\u00e1ro\u010dn\u00fdm m\u00f3dn\u00edm od\u011bvem. Specifick\u00e9 obdob\u00ed v oboru krajky nastalo v nov\u011b vznikl\u00e9m \u010deskoslovensk\u00e9m st\u00e1t\u011b ve 20. letech 20. stolet\u00ed, kdy se textiln\u00ed tvorba obecn\u011b stala sou\u010d\u00e1st\u00ed procesu avantgardn\u00ed kulturn\u00ed ideologie. \u00dasp\u011b\u0161n\u00fd rozvoj textiln\u00edch um\u011bleck\u00fdch obor\u016f veden\u00fd my\u0161lenkou synt\u00e9zy modern\u00edho \u017eivotn\u00edho stylu v souladu s n\u00e1rodn\u00ed tradic\u00ed pokra\u010doval do konce 30. let. Po druh\u00e9 sv\u011btov\u00e9 v\u00e1lce se u n\u00e1s, stejn\u011b jako ve sv\u011bt\u011b, textiln\u00ed um\u011bn\u00ed p\u0159ibli\u017eovalo um\u011bn\u00ed voln\u00e9mu. Od konce 50. let se za\u010dalo radik\u00e1ln\u011b m\u011bnit i pojet\u00ed krajky. Zcela opustila tradi\u010dn\u00ed funkci a stala se trojrozm\u011brn\u00fdm monument\u00e1ln\u00edm d\u00edlem. Nov\u00fd, um\u011blecky svobodn\u00fd pohled na krajku, spojen\u00fd s dokonalou znalost\u00ed klasick\u00fdch technik, podn\u00edtil v \u010ceskoslovensku bohatou tvorbu t\u0159\u00ed generac\u00ed v\u00fdtvarnic. Jejich p\u0159\u00ednos sv\u011btov\u00e9mu v\u00fdvoji potvrdila ocen\u011bn\u00ed z\u00edskan\u00e1 na mnoha mezin\u00e1rodn\u00edch v\u00fdstav\u00e1ch.Katalog vydalo Um\u011bleckopr\u016fmyslov\u00e9 museum v Praze v roce 2022 ke stejnojmenn\u00e9 v\u00fdstav\u011b konan\u00e9 v UPM od 19. kv\u011btna do 11. z\u00e1\u0159\u00ed 2022 u p\u0159\u00edle\u017eitosti 26. Gener\u00e1ln\u00ed konference ICOM Praha 2022.\",\"breadcrumb\":{\"@id\":\"https:\/\/www.upm.cz\/eshop\/the-power-of-lace-krajka-objekt-odev\/#breadcrumb\"},\"inLanguage\":\"en-US\",\"potentialAction\":[{\"@type\":\"ReadAction\",\"target\":[\"https:\/\/www.upm.cz\/eshop\/the-power-of-lace-krajka-objekt-odev\/\"]}]},{\"@type\":\"ImageObject\",\"inLanguage\":\"en-US\",\"@id\":\"https:\/\/www.upm.cz\/eshop\/the-power-of-lace-krajka-objekt-odev\/#primaryimage\",\"url\":\"https:\/\/www.upm.cz\/wp-content\/uploads\/Power_of_Lace_2332.jpg\",\"contentUrl\":\"https:\/\/www.upm.cz\/wp-content\/uploads\/Power_of_Lace_2332.jpg\",\"width\":858,\"height\":1200,\"caption\":\"The Power of Lace ob\u00e1lka knihy\"},{\"@type\":\"BreadcrumbList\",\"@id\":\"https:\/\/www.upm.cz\/eshop\/the-power-of-lace-krajka-objekt-odev\/#breadcrumb\",\"itemListElement\":[{\"@type\":\"ListItem\",\"position\":1,\"name\":\"Dom\u016f\",\"item\":\"https:\/\/www.upm.cz\/\"},{\"@type\":\"ListItem\",\"position\":2,\"name\":\"eshop\",\"item\":\"https:\/\/www.upm.cz\/eshop\/\"},{\"@type\":\"ListItem\",\"position\":3,\"name\":\"THE POWER OF LACE. KRAJKA \u2013 OBJEKT \u2013 OD\u011aV\"}]},{\"@type\":\"WebSite\",\"@id\":\"https:\/\/www.upm.cz\/#website\",\"url\":\"https:\/\/www.upm.cz\/\",\"name\":\"Um\u011bleckopr\u016fmyslov\u00e9 museum v Praze\",\"description\":\"\",\"publisher\":{\"@id\":\"https:\/\/www.upm.cz\/#organization\"},\"potentialAction\":[{\"@type\":\"SearchAction\",\"target\":{\"@type\":\"EntryPoint\",\"urlTemplate\":\"https:\/\/www.upm.cz\/?s={search_term_string}\"},\"query-input\":{\"@type\":\"PropertyValueSpecification\",\"valueRequired\":true,\"valueName\":\"search_term_string\"}}],\"inLanguage\":\"en-US\"},{\"@type\":\"Organization\",\"@id\":\"https:\/\/www.upm.cz\/#organization\",\"name\":\"Um\u011bleckopr\u016fmyslov\u00e9 museum v Praze\",\"url\":\"https:\/\/www.upm.cz\/\",\"logo\":{\"@type\":\"ImageObject\",\"inLanguage\":\"en-US\",\"@id\":\"https:\/\/www.upm.cz\/#\/schema\/logo\/image\/\",\"url\":\"https:\/\/www.upm.cz\/wp-content\/uploads\/2020\/03\/logo_upm_cz.svg\",\"contentUrl\":\"https:\/\/www.upm.cz\/wp-content\/uploads\/2020\/03\/logo_upm_cz.svg\",\"width\":1736,\"height\":295,\"caption\":\"Um\u011bleckopr\u016fmyslov\u00e9 museum v Praze\"},\"image\":{\"@id\":\"https:\/\/www.upm.cz\/#\/schema\/logo\/image\/\"}}]}<\/script>\n<!-- \/ Yoast SEO plugin. -->","yoast_head_json":{"title":"THE POWER OF LACE. KRAJKA \u2013 OBJEKT \u2013 OD\u011aV - Um\u011bleckopr\u016fmyslov\u00e9 museum v Praze","description":"Krajka je dnes pova\u017eov\u00e1na za v\u00edcem\u00e9n\u011b okrajov\u00fd um\u011bleck\u00fd \u017e\u00e1nr. P\u0159esto si udr\u017euje v\u00fdlu\u010dnou \u00falohu pr\u016fvodce novov\u011bk\u00fdch spole\u010densk\u00fdch osud\u016f evropsk\u00e9ho \u010dlov\u011bka. Od renesance do po\u010d\u00e1tku 20. stolet\u00ed jej\u00ed v\u00fdroba souvisela v\u00fdhradn\u011b s n\u00e1ro\u010dn\u00fdm m\u00f3dn\u00edm od\u011bvem. Specifick\u00e9 obdob\u00ed v oboru krajky nastalo v nov\u011b vznikl\u00e9m \u010deskoslovensk\u00e9m st\u00e1t\u011b ve 20. letech 20. stolet\u00ed, kdy se textiln\u00ed tvorba obecn\u011b stala sou\u010d\u00e1st\u00ed procesu avantgardn\u00ed kulturn\u00ed ideologie. \u00dasp\u011b\u0161n\u00fd rozvoj textiln\u00edch um\u011bleck\u00fdch obor\u016f veden\u00fd my\u0161lenkou synt\u00e9zy modern\u00edho \u017eivotn\u00edho stylu v souladu s n\u00e1rodn\u00ed tradic\u00ed pokra\u010doval do konce 30. let. Po druh\u00e9 sv\u011btov\u00e9 v\u00e1lce se u n\u00e1s, stejn\u011b jako ve sv\u011bt\u011b, textiln\u00ed um\u011bn\u00ed p\u0159ibli\u017eovalo um\u011bn\u00ed voln\u00e9mu. Od konce 50. let se za\u010dalo radik\u00e1ln\u011b m\u011bnit i pojet\u00ed krajky. Zcela opustila tradi\u010dn\u00ed funkci a stala se trojrozm\u011brn\u00fdm monument\u00e1ln\u00edm d\u00edlem. Nov\u00fd, um\u011blecky svobodn\u00fd pohled na krajku, spojen\u00fd s dokonalou znalost\u00ed klasick\u00fdch technik, podn\u00edtil v \u010ceskoslovensku bohatou tvorbu t\u0159\u00ed generac\u00ed v\u00fdtvarnic. Jejich p\u0159\u00ednos sv\u011btov\u00e9mu v\u00fdvoji potvrdila ocen\u011bn\u00ed z\u00edskan\u00e1 na mnoha mezin\u00e1rodn\u00edch v\u00fdstav\u00e1ch.Katalog vydalo Um\u011bleckopr\u016fmyslov\u00e9 museum v Praze v roce 2022 ke stejnojmenn\u00e9 v\u00fdstav\u011b konan\u00e9 v UPM od 19. kv\u011btna do 11. z\u00e1\u0159\u00ed 2022 u p\u0159\u00edle\u017eitosti 26. Gener\u00e1ln\u00ed konference ICOM Praha 2022.","robots":{"index":"index","follow":"follow","max-snippet":"max-snippet:-1","max-image-preview":"max-image-preview:large","max-video-preview":"max-video-preview:-1"},"canonical":"https:\/\/www.upm.cz\/an\/eshop\/the-power-of-lace-krajka-objekt-odev\/","og_locale":"en_US","og_type":"article","og_title":"THE POWER OF LACE. KRAJKA \u2013 OBJEKT \u2013 OD\u011aV - Um\u011bleckopr\u016fmyslov\u00e9 museum v Praze","og_description":"Krajka je dnes pova\u017eov\u00e1na za v\u00edcem\u00e9n\u011b okrajov\u00fd um\u011bleck\u00fd \u017e\u00e1nr. P\u0159esto si udr\u017euje v\u00fdlu\u010dnou \u00falohu pr\u016fvodce novov\u011bk\u00fdch spole\u010densk\u00fdch osud\u016f evropsk\u00e9ho \u010dlov\u011bka. Od renesance do po\u010d\u00e1tku 20. stolet\u00ed jej\u00ed v\u00fdroba souvisela v\u00fdhradn\u011b s n\u00e1ro\u010dn\u00fdm m\u00f3dn\u00edm od\u011bvem. Specifick\u00e9 obdob\u00ed v oboru krajky nastalo v nov\u011b vznikl\u00e9m \u010deskoslovensk\u00e9m st\u00e1t\u011b ve 20. letech 20. stolet\u00ed, kdy se textiln\u00ed tvorba obecn\u011b stala sou\u010d\u00e1st\u00ed procesu avantgardn\u00ed kulturn\u00ed ideologie. \u00dasp\u011b\u0161n\u00fd rozvoj textiln\u00edch um\u011bleck\u00fdch obor\u016f veden\u00fd my\u0161lenkou synt\u00e9zy modern\u00edho \u017eivotn\u00edho stylu v souladu s n\u00e1rodn\u00ed tradic\u00ed pokra\u010doval do konce 30. let. Po druh\u00e9 sv\u011btov\u00e9 v\u00e1lce se u n\u00e1s, stejn\u011b jako ve sv\u011bt\u011b, textiln\u00ed um\u011bn\u00ed p\u0159ibli\u017eovalo um\u011bn\u00ed voln\u00e9mu. Od konce 50. let se za\u010dalo radik\u00e1ln\u011b m\u011bnit i pojet\u00ed krajky. Zcela opustila tradi\u010dn\u00ed funkci a stala se trojrozm\u011brn\u00fdm monument\u00e1ln\u00edm d\u00edlem. Nov\u00fd, um\u011blecky svobodn\u00fd pohled na krajku, spojen\u00fd s dokonalou znalost\u00ed klasick\u00fdch technik, podn\u00edtil v \u010ceskoslovensku bohatou tvorbu t\u0159\u00ed generac\u00ed v\u00fdtvarnic. Jejich p\u0159\u00ednos sv\u011btov\u00e9mu v\u00fdvoji potvrdila ocen\u011bn\u00ed z\u00edskan\u00e1 na mnoha mezin\u00e1rodn\u00edch v\u00fdstav\u00e1ch.Katalog vydalo Um\u011bleckopr\u016fmyslov\u00e9 museum v Praze v roce 2022 ke stejnojmenn\u00e9 v\u00fdstav\u011b konan\u00e9 v UPM od 19. kv\u011btna do 11. z\u00e1\u0159\u00ed 2022 u p\u0159\u00edle\u017eitosti 26. Gener\u00e1ln\u00ed konference ICOM Praha 2022.","og_url":"https:\/\/www.upm.cz\/an\/eshop\/the-power-of-lace-krajka-objekt-odev\/","og_site_name":"Um\u011bleckopr\u016fmyslov\u00e9 museum v Praze","article_modified_time":"2026-02-07T16:43:34+00:00","og_image":[{"width":858,"height":1200,"url":"https:\/\/www.upm.cz\/wp-content\/uploads\/Power_of_Lace_2332.jpg","type":"image\/jpeg"}],"twitter_card":"summary_large_image","twitter_misc":{"Est. reading time":"2 minutes"},"schema":{"@context":"https:\/\/schema.org","@graph":[{"@type":"WebPage","@id":"https:\/\/www.upm.cz\/eshop\/the-power-of-lace-krajka-objekt-odev\/","url":"https:\/\/www.upm.cz\/eshop\/the-power-of-lace-krajka-objekt-odev\/","name":"THE POWER OF LACE. KRAJKA \u2013 OBJEKT \u2013 OD\u011aV - Um\u011bleckopr\u016fmyslov\u00e9 museum v Praze","isPartOf":{"@id":"https:\/\/www.upm.cz\/#website"},"primaryImageOfPage":{"@id":"https:\/\/www.upm.cz\/eshop\/the-power-of-lace-krajka-objekt-odev\/#primaryimage"},"image":{"@id":"https:\/\/www.upm.cz\/eshop\/the-power-of-lace-krajka-objekt-odev\/#primaryimage"},"thumbnailUrl":"https:\/\/www.upm.cz\/wp-content\/uploads\/Power_of_Lace_2332.jpg","datePublished":"2023-02-05T14:55:16+00:00","dateModified":"2026-02-07T16:43:34+00:00","description":"Krajka je dnes pova\u017eov\u00e1na za v\u00edcem\u00e9n\u011b okrajov\u00fd um\u011bleck\u00fd \u017e\u00e1nr. P\u0159esto si udr\u017euje v\u00fdlu\u010dnou \u00falohu pr\u016fvodce novov\u011bk\u00fdch spole\u010densk\u00fdch osud\u016f evropsk\u00e9ho \u010dlov\u011bka. Od renesance do po\u010d\u00e1tku 20. stolet\u00ed jej\u00ed v\u00fdroba souvisela v\u00fdhradn\u011b s n\u00e1ro\u010dn\u00fdm m\u00f3dn\u00edm od\u011bvem. Specifick\u00e9 obdob\u00ed v oboru krajky nastalo v nov\u011b vznikl\u00e9m \u010deskoslovensk\u00e9m st\u00e1t\u011b ve 20. letech 20. stolet\u00ed, kdy se textiln\u00ed tvorba obecn\u011b stala sou\u010d\u00e1st\u00ed procesu avantgardn\u00ed kulturn\u00ed ideologie. \u00dasp\u011b\u0161n\u00fd rozvoj textiln\u00edch um\u011bleck\u00fdch obor\u016f veden\u00fd my\u0161lenkou synt\u00e9zy modern\u00edho \u017eivotn\u00edho stylu v souladu s n\u00e1rodn\u00ed tradic\u00ed pokra\u010doval do konce 30. let. Po druh\u00e9 sv\u011btov\u00e9 v\u00e1lce se u n\u00e1s, stejn\u011b jako ve sv\u011bt\u011b, textiln\u00ed um\u011bn\u00ed p\u0159ibli\u017eovalo um\u011bn\u00ed voln\u00e9mu. Od konce 50. let se za\u010dalo radik\u00e1ln\u011b m\u011bnit i pojet\u00ed krajky. Zcela opustila tradi\u010dn\u00ed funkci a stala se trojrozm\u011brn\u00fdm monument\u00e1ln\u00edm d\u00edlem. Nov\u00fd, um\u011blecky svobodn\u00fd pohled na krajku, spojen\u00fd s dokonalou znalost\u00ed klasick\u00fdch technik, podn\u00edtil v \u010ceskoslovensku bohatou tvorbu t\u0159\u00ed generac\u00ed v\u00fdtvarnic. Jejich p\u0159\u00ednos sv\u011btov\u00e9mu v\u00fdvoji potvrdila ocen\u011bn\u00ed z\u00edskan\u00e1 na mnoha mezin\u00e1rodn\u00edch v\u00fdstav\u00e1ch.Katalog vydalo Um\u011bleckopr\u016fmyslov\u00e9 museum v Praze v roce 2022 ke stejnojmenn\u00e9 v\u00fdstav\u011b konan\u00e9 v UPM od 19. kv\u011btna do 11. z\u00e1\u0159\u00ed 2022 u p\u0159\u00edle\u017eitosti 26. Gener\u00e1ln\u00ed konference ICOM Praha 2022.","breadcrumb":{"@id":"https:\/\/www.upm.cz\/eshop\/the-power-of-lace-krajka-objekt-odev\/#breadcrumb"},"inLanguage":"en-US","potentialAction":[{"@type":"ReadAction","target":["https:\/\/www.upm.cz\/eshop\/the-power-of-lace-krajka-objekt-odev\/"]}]},{"@type":"ImageObject","inLanguage":"en-US","@id":"https:\/\/www.upm.cz\/eshop\/the-power-of-lace-krajka-objekt-odev\/#primaryimage","url":"https:\/\/www.upm.cz\/wp-content\/uploads\/Power_of_Lace_2332.jpg","contentUrl":"https:\/\/www.upm.cz\/wp-content\/uploads\/Power_of_Lace_2332.jpg","width":858,"height":1200,"caption":"The Power of Lace ob\u00e1lka knihy"},{"@type":"BreadcrumbList","@id":"https:\/\/www.upm.cz\/eshop\/the-power-of-lace-krajka-objekt-odev\/#breadcrumb","itemListElement":[{"@type":"ListItem","position":1,"name":"Dom\u016f","item":"https:\/\/www.upm.cz\/"},{"@type":"ListItem","position":2,"name":"eshop","item":"https:\/\/www.upm.cz\/eshop\/"},{"@type":"ListItem","position":3,"name":"THE POWER OF LACE. KRAJKA \u2013 OBJEKT \u2013 OD\u011aV"}]},{"@type":"WebSite","@id":"https:\/\/www.upm.cz\/#website","url":"https:\/\/www.upm.cz\/","name":"Um\u011bleckopr\u016fmyslov\u00e9 museum v Praze","description":"","publisher":{"@id":"https:\/\/www.upm.cz\/#organization"},"potentialAction":[{"@type":"SearchAction","target":{"@type":"EntryPoint","urlTemplate":"https:\/\/www.upm.cz\/?s={search_term_string}"},"query-input":{"@type":"PropertyValueSpecification","valueRequired":true,"valueName":"search_term_string"}}],"inLanguage":"en-US"},{"@type":"Organization","@id":"https:\/\/www.upm.cz\/#organization","name":"Um\u011bleckopr\u016fmyslov\u00e9 museum v Praze","url":"https:\/\/www.upm.cz\/","logo":{"@type":"ImageObject","inLanguage":"en-US","@id":"https:\/\/www.upm.cz\/#\/schema\/logo\/image\/","url":"https:\/\/www.upm.cz\/wp-content\/uploads\/2020\/03\/logo_upm_cz.svg","contentUrl":"https:\/\/www.upm.cz\/wp-content\/uploads\/2020\/03\/logo_upm_cz.svg","width":1736,"height":295,"caption":"Um\u011bleckopr\u016fmyslov\u00e9 museum v Praze"},"image":{"@id":"https:\/\/www.upm.cz\/#\/schema\/logo\/image\/"}}]}},"_links":{"self":[{"href":"https:\/\/www.upm.cz\/an\/wp-json\/wp\/v2\/product\/12985","targetHints":{"allow":["GET"]}}],"collection":[{"href":"https:\/\/www.upm.cz\/an\/wp-json\/wp\/v2\/product"}],"about":[{"href":"https:\/\/www.upm.cz\/an\/wp-json\/wp\/v2\/types\/product"}],"wp:featuredmedia":[{"embeddable":true,"href":"https:\/\/www.upm.cz\/an\/wp-json\/wp\/v2\/media\/12986"}],"wp:attachment":[{"href":"https:\/\/www.upm.cz\/an\/wp-json\/wp\/v2\/media?parent=12985"}],"wp:term":[{"taxonomy":"product_brand","embeddable":true,"href":"https:\/\/www.upm.cz\/an\/wp-json\/wp\/v2\/product_brand?post=12985"},{"taxonomy":"product_cat","embeddable":true,"href":"https:\/\/www.upm.cz\/an\/wp-json\/wp\/v2\/product_cat?post=12985"},{"taxonomy":"product_tag","embeddable":true,"href":"https:\/\/www.upm.cz\/an\/wp-json\/wp\/v2\/product_tag?post=12985"}],"curies":[{"name":"wp","href":"https:\/\/api.w.org\/{rel}","templated":true}]}}