{"id":13003,"date":"2022-09-05T16:06:06","date_gmt":"2022-09-05T14:06:06","guid":{"rendered":"https:\/\/www.upm.cz\/?post_type=product&#038;p=13003"},"modified":"2023-11-20T18:02:17","modified_gmt":"2023-11-20T17:02:17","slug":"the-power-of-lace-lace-art-garment","status":"publish","type":"product","link":"https:\/\/www.upm.cz\/an\/eshop\/the-power-of-lace-lace-art-garment\/","title":{"rendered":"THE POWER OF LACE. LACE \u2013 ART \u2013 GARMENT"},"content":{"rendered":"<p>Today lace is considered a&nbsp;more or less marginal genre in art, yet it still retains its exclusive role as a&nbsp;guide to modern Europeans\u2019 social destinies. From the Renaissance to the early 20th century, lace manufacture was associated exclusively with high fashion. Here, after the formation of Czechoslovakia as an independent state in 1918, textiles then became part of the avant-garde cultural ideology of the 1920s. The successful development of artistic disciplines in textiles, guided by the idea of a&nbsp;synthesis of modern lifestyles and national traditions, continued until the end of the 1930s. After the Second World War, textile art in Czechoslovakia, as in other countries, became closer to fine art, and in the late 1950s the concept of lace began to change radically. Its traditional function was entirely abandoned and lace became something monumental and three\u2011dimensional. This new view of lace as an art form, together with an impeccable knowledge of classic lacemaking techniques, inspired the prolific work of three generations of women artists in Czechoslovakia. Their contribution to the development of lacemaking around the world was confirmed by the prizes they won at many international exhibitions.<\/p>\n<p>This catalogue has been published by the Museum of Decorative Arts in Prague to accompany an exhibition of the same name held at the Museum from 19 May to 11 September 2022 in conjunction with the 26th ICOM General Conference Prague 2022.<\/p>","protected":false},"excerpt":{"rendered":"<p>Concept: Konstantina Hlav\u00e1\u010dkov\u00e1<br \/>\nText: Konstantina Hlav\u00e1\u010dkov\u00e1, Ludv\u00edk Hlav\u00e1\u010dek<br \/>\nGraphic design: Pavel Fri\u010d, Michaela Labudov\u00e1, Monsters<br \/>\nEdition: English-Czech<br \/>\nFormat: 17.8 x 25.1 cm, soft cover<br \/>\nPages: 160<br \/>\nReproductions: 118<br \/>\nPublisher: Museum of Decorative Arts in Prague 2022<\/p>\n<p>ISBN 978-80-7101-207-8<\/p>","protected":false},"featured_media":12986,"template":"","meta":{"_acf_changed":false},"product_brand":[],"product_cat":[80],"product_tag":[],"class_list":{"0":"post-13003","1":"product","2":"type-product","3":"status-publish","4":"has-post-thumbnail","6":"product_cat-books","8":"first","9":"instock","10":"shipping-taxable","11":"purchasable","12":"product-type-simple"},"acf":[],"yoast_head":"<!-- This site is optimized with the Yoast SEO plugin v26.9 - https:\/\/yoast.com\/product\/yoast-seo-wordpress\/ -->\n<title>THE POWER OF LACE. LACE \u2013 ART \u2013 GARMENT - Um\u011bleckopr\u016fmyslov\u00e9 museum v Praze<\/title>\n<meta name=\"description\" content=\"Today lace is considered a more or less marginal genre in art, yet it still retains its exclusive role as a guide to modern Europeans\u2019 social destinies. From the Renaissance to the early 20th century, lace manufacture was associated exclusively with high fashion. Here, after the formation of Czechoslovakia as an independent state in 1918, textiles then became part of the avant-garde cultural ideology of the 1920s. The successful development of artistic disciplines in textiles, guided by the idea of a synthesis of modern lifestyles and national traditions, continued until the end of the 1930s. After the Second World War, textile art in Czechoslovakia, as in other countries, became closer to fine art, and in the late 1950s the concept of lace began to change radically. Its traditional function was entirely abandoned and lace became something monumental and three\u2011dimensional. This new view of lace as an art form, together with an impeccable knowledge of classic lacemaking techniques, inspired the prolific work of three generations of women artists in Czechoslovakia. Their contribution to the development of lacemaking around the world was confirmed by the prizes they won at many international exhibitions.This catalogue has been published by the Museum of Decorative Arts in Prague to accompany an exhibition of the same name held at the Museum from 19 May to 11 September 2022 in conjunction with the 26th ICOM General Conference Prague 2022.\" \/>\n<meta name=\"robots\" content=\"index, follow, max-snippet:-1, max-image-preview:large, max-video-preview:-1\" \/>\n<link rel=\"canonical\" href=\"https:\/\/www.upm.cz\/an\/eshop\/the-power-of-lace-lace-art-garment\/\" \/>\n<meta property=\"og:locale\" content=\"en_US\" \/>\n<meta property=\"og:type\" content=\"article\" \/>\n<meta property=\"og:title\" content=\"THE POWER OF LACE. LACE \u2013 ART \u2013 GARMENT - Um\u011bleckopr\u016fmyslov\u00e9 museum v Praze\" \/>\n<meta property=\"og:description\" content=\"Today lace is considered a more or less marginal genre in art, yet it still retains its exclusive role as a guide to modern Europeans\u2019 social destinies. From the Renaissance to the early 20th century, lace manufacture was associated exclusively with high fashion. Here, after the formation of Czechoslovakia as an independent state in 1918, textiles then became part of the avant-garde cultural ideology of the 1920s. The successful development of artistic disciplines in textiles, guided by the idea of a synthesis of modern lifestyles and national traditions, continued until the end of the 1930s. After the Second World War, textile art in Czechoslovakia, as in other countries, became closer to fine art, and in the late 1950s the concept of lace began to change radically. Its traditional function was entirely abandoned and lace became something monumental and three\u2011dimensional. This new view of lace as an art form, together with an impeccable knowledge of classic lacemaking techniques, inspired the prolific work of three generations of women artists in Czechoslovakia. Their contribution to the development of lacemaking around the world was confirmed by the prizes they won at many international exhibitions.This catalogue has been published by the Museum of Decorative Arts in Prague to accompany an exhibition of the same name held at the Museum from 19 May to 11 September 2022 in conjunction with the 26th ICOM General Conference Prague 2022.\" \/>\n<meta property=\"og:url\" content=\"https:\/\/www.upm.cz\/an\/eshop\/the-power-of-lace-lace-art-garment\/\" \/>\n<meta property=\"og:site_name\" content=\"Um\u011bleckopr\u016fmyslov\u00e9 museum v Praze\" \/>\n<meta property=\"article:modified_time\" content=\"2023-11-20T17:02:17+00:00\" \/>\n<meta property=\"og:image\" content=\"https:\/\/www.upm.cz\/wp-content\/uploads\/Power_of_Lace_2332.jpg\" \/>\n\t<meta property=\"og:image:width\" content=\"858\" \/>\n\t<meta property=\"og:image:height\" content=\"1200\" \/>\n\t<meta property=\"og:image:type\" content=\"image\/jpeg\" \/>\n<meta name=\"twitter:card\" content=\"summary_large_image\" \/>\n<meta name=\"twitter:label1\" content=\"Est. reading time\" \/>\n\t<meta name=\"twitter:data1\" content=\"2 minutes\" \/>\n<script type=\"application\/ld+json\" class=\"yoast-schema-graph\">{\"@context\":\"https:\/\/schema.org\",\"@graph\":[{\"@type\":\"WebPage\",\"@id\":\"https:\/\/www.upm.cz\/eshop\/the-power-of-lace-lace-art-garment\/\",\"url\":\"https:\/\/www.upm.cz\/eshop\/the-power-of-lace-lace-art-garment\/\",\"name\":\"THE POWER OF LACE. LACE \u2013 ART \u2013 GARMENT - Um\u011bleckopr\u016fmyslov\u00e9 museum v Praze\",\"isPartOf\":{\"@id\":\"https:\/\/www.upm.cz\/#website\"},\"primaryImageOfPage\":{\"@id\":\"https:\/\/www.upm.cz\/eshop\/the-power-of-lace-lace-art-garment\/#primaryimage\"},\"image\":{\"@id\":\"https:\/\/www.upm.cz\/eshop\/the-power-of-lace-lace-art-garment\/#primaryimage\"},\"thumbnailUrl\":\"https:\/\/www.upm.cz\/wp-content\/uploads\/Power_of_Lace_2332.jpg\",\"datePublished\":\"2022-09-05T14:06:06+00:00\",\"dateModified\":\"2023-11-20T17:02:17+00:00\",\"description\":\"Today lace is considered a more or less marginal genre in art, yet it still retains its exclusive role as a guide to modern Europeans\u2019 social destinies. From the Renaissance to the early 20th century, lace manufacture was associated exclusively with high fashion. Here, after the formation of Czechoslovakia as an independent state in 1918, textiles then became part of the avant-garde cultural ideology of the 1920s. The successful development of artistic disciplines in textiles, guided by the idea of a synthesis of modern lifestyles and national traditions, continued until the end of the 1930s. After the Second World War, textile art in Czechoslovakia, as in other countries, became closer to fine art, and in the late 1950s the concept of lace began to change radically. Its traditional function was entirely abandoned and lace became something monumental and three\u2011dimensional. This new view of lace as an art form, together with an impeccable knowledge of classic lacemaking techniques, inspired the prolific work of three generations of women artists in Czechoslovakia. Their contribution to the development of lacemaking around the world was confirmed by the prizes they won at many international exhibitions.This catalogue has been published by the Museum of Decorative Arts in Prague to accompany an exhibition of the same name held at the Museum from 19 May to 11 September 2022 in conjunction with the 26th ICOM General Conference Prague 2022.\",\"breadcrumb\":{\"@id\":\"https:\/\/www.upm.cz\/eshop\/the-power-of-lace-lace-art-garment\/#breadcrumb\"},\"inLanguage\":\"en-US\",\"potentialAction\":[{\"@type\":\"ReadAction\",\"target\":[\"https:\/\/www.upm.cz\/eshop\/the-power-of-lace-lace-art-garment\/\"]}]},{\"@type\":\"ImageObject\",\"inLanguage\":\"en-US\",\"@id\":\"https:\/\/www.upm.cz\/eshop\/the-power-of-lace-lace-art-garment\/#primaryimage\",\"url\":\"https:\/\/www.upm.cz\/wp-content\/uploads\/Power_of_Lace_2332.jpg\",\"contentUrl\":\"https:\/\/www.upm.cz\/wp-content\/uploads\/Power_of_Lace_2332.jpg\",\"width\":858,\"height\":1200,\"caption\":\"The Power of Lace ob\u00e1lka knihy\"},{\"@type\":\"BreadcrumbList\",\"@id\":\"https:\/\/www.upm.cz\/eshop\/the-power-of-lace-lace-art-garment\/#breadcrumb\",\"itemListElement\":[{\"@type\":\"ListItem\",\"position\":1,\"name\":\"Dom\u016f\",\"item\":\"https:\/\/www.upm.cz\/\"},{\"@type\":\"ListItem\",\"position\":2,\"name\":\"eshop\",\"item\":\"https:\/\/www.upm.cz\/eshop\/\"},{\"@type\":\"ListItem\",\"position\":3,\"name\":\"THE POWER OF LACE. LACE \u2013 ART \u2013 GARMENT\"}]},{\"@type\":\"WebSite\",\"@id\":\"https:\/\/www.upm.cz\/#website\",\"url\":\"https:\/\/www.upm.cz\/\",\"name\":\"Um\u011bleckopr\u016fmyslov\u00e9 museum v Praze\",\"description\":\"\",\"publisher\":{\"@id\":\"https:\/\/www.upm.cz\/#organization\"},\"potentialAction\":[{\"@type\":\"SearchAction\",\"target\":{\"@type\":\"EntryPoint\",\"urlTemplate\":\"https:\/\/www.upm.cz\/?s={search_term_string}\"},\"query-input\":{\"@type\":\"PropertyValueSpecification\",\"valueRequired\":true,\"valueName\":\"search_term_string\"}}],\"inLanguage\":\"en-US\"},{\"@type\":\"Organization\",\"@id\":\"https:\/\/www.upm.cz\/#organization\",\"name\":\"Um\u011bleckopr\u016fmyslov\u00e9 museum v Praze\",\"url\":\"https:\/\/www.upm.cz\/\",\"logo\":{\"@type\":\"ImageObject\",\"inLanguage\":\"en-US\",\"@id\":\"https:\/\/www.upm.cz\/#\/schema\/logo\/image\/\",\"url\":\"https:\/\/www.upm.cz\/wp-content\/uploads\/2020\/03\/logo_upm_cz.svg\",\"contentUrl\":\"https:\/\/www.upm.cz\/wp-content\/uploads\/2020\/03\/logo_upm_cz.svg\",\"width\":1736,\"height\":295,\"caption\":\"Um\u011bleckopr\u016fmyslov\u00e9 museum v Praze\"},\"image\":{\"@id\":\"https:\/\/www.upm.cz\/#\/schema\/logo\/image\/\"}}]}<\/script>\n<!-- \/ Yoast SEO plugin. -->","yoast_head_json":{"title":"THE POWER OF LACE. LACE \u2013 ART \u2013 GARMENT - Um\u011bleckopr\u016fmyslov\u00e9 museum v Praze","description":"Today lace is considered a more or less marginal genre in art, yet it still retains its exclusive role as a guide to modern Europeans\u2019 social destinies. From the Renaissance to the early 20th century, lace manufacture was associated exclusively with high fashion. Here, after the formation of Czechoslovakia as an independent state in 1918, textiles then became part of the avant-garde cultural ideology of the 1920s. The successful development of artistic disciplines in textiles, guided by the idea of a synthesis of modern lifestyles and national traditions, continued until the end of the 1930s. After the Second World War, textile art in Czechoslovakia, as in other countries, became closer to fine art, and in the late 1950s the concept of lace began to change radically. Its traditional function was entirely abandoned and lace became something monumental and three\u2011dimensional. This new view of lace as an art form, together with an impeccable knowledge of classic lacemaking techniques, inspired the prolific work of three generations of women artists in Czechoslovakia. Their contribution to the development of lacemaking around the world was confirmed by the prizes they won at many international exhibitions.This catalogue has been published by the Museum of Decorative Arts in Prague to accompany an exhibition of the same name held at the Museum from 19 May to 11 September 2022 in conjunction with the 26th ICOM General Conference Prague 2022.","robots":{"index":"index","follow":"follow","max-snippet":"max-snippet:-1","max-image-preview":"max-image-preview:large","max-video-preview":"max-video-preview:-1"},"canonical":"https:\/\/www.upm.cz\/an\/eshop\/the-power-of-lace-lace-art-garment\/","og_locale":"en_US","og_type":"article","og_title":"THE POWER OF LACE. LACE \u2013 ART \u2013 GARMENT - Um\u011bleckopr\u016fmyslov\u00e9 museum v Praze","og_description":"Today lace is considered a more or less marginal genre in art, yet it still retains its exclusive role as a guide to modern Europeans\u2019 social destinies. From the Renaissance to the early 20th century, lace manufacture was associated exclusively with high fashion. Here, after the formation of Czechoslovakia as an independent state in 1918, textiles then became part of the avant-garde cultural ideology of the 1920s. The successful development of artistic disciplines in textiles, guided by the idea of a synthesis of modern lifestyles and national traditions, continued until the end of the 1930s. After the Second World War, textile art in Czechoslovakia, as in other countries, became closer to fine art, and in the late 1950s the concept of lace began to change radically. Its traditional function was entirely abandoned and lace became something monumental and three\u2011dimensional. This new view of lace as an art form, together with an impeccable knowledge of classic lacemaking techniques, inspired the prolific work of three generations of women artists in Czechoslovakia. Their contribution to the development of lacemaking around the world was confirmed by the prizes they won at many international exhibitions.This catalogue has been published by the Museum of Decorative Arts in Prague to accompany an exhibition of the same name held at the Museum from 19 May to 11 September 2022 in conjunction with the 26th ICOM General Conference Prague 2022.","og_url":"https:\/\/www.upm.cz\/an\/eshop\/the-power-of-lace-lace-art-garment\/","og_site_name":"Um\u011bleckopr\u016fmyslov\u00e9 museum v Praze","article_modified_time":"2023-11-20T17:02:17+00:00","og_image":[{"width":858,"height":1200,"url":"https:\/\/www.upm.cz\/wp-content\/uploads\/Power_of_Lace_2332.jpg","type":"image\/jpeg"}],"twitter_card":"summary_large_image","twitter_misc":{"Est. reading time":"2 minutes"},"schema":{"@context":"https:\/\/schema.org","@graph":[{"@type":"WebPage","@id":"https:\/\/www.upm.cz\/eshop\/the-power-of-lace-lace-art-garment\/","url":"https:\/\/www.upm.cz\/eshop\/the-power-of-lace-lace-art-garment\/","name":"THE POWER OF LACE. LACE \u2013 ART \u2013 GARMENT - Um\u011bleckopr\u016fmyslov\u00e9 museum v Praze","isPartOf":{"@id":"https:\/\/www.upm.cz\/#website"},"primaryImageOfPage":{"@id":"https:\/\/www.upm.cz\/eshop\/the-power-of-lace-lace-art-garment\/#primaryimage"},"image":{"@id":"https:\/\/www.upm.cz\/eshop\/the-power-of-lace-lace-art-garment\/#primaryimage"},"thumbnailUrl":"https:\/\/www.upm.cz\/wp-content\/uploads\/Power_of_Lace_2332.jpg","datePublished":"2022-09-05T14:06:06+00:00","dateModified":"2023-11-20T17:02:17+00:00","description":"Today lace is considered a more or less marginal genre in art, yet it still retains its exclusive role as a guide to modern Europeans\u2019 social destinies. From the Renaissance to the early 20th century, lace manufacture was associated exclusively with high fashion. Here, after the formation of Czechoslovakia as an independent state in 1918, textiles then became part of the avant-garde cultural ideology of the 1920s. The successful development of artistic disciplines in textiles, guided by the idea of a synthesis of modern lifestyles and national traditions, continued until the end of the 1930s. After the Second World War, textile art in Czechoslovakia, as in other countries, became closer to fine art, and in the late 1950s the concept of lace began to change radically. Its traditional function was entirely abandoned and lace became something monumental and three\u2011dimensional. This new view of lace as an art form, together with an impeccable knowledge of classic lacemaking techniques, inspired the prolific work of three generations of women artists in Czechoslovakia. Their contribution to the development of lacemaking around the world was confirmed by the prizes they won at many international exhibitions.This catalogue has been published by the Museum of Decorative Arts in Prague to accompany an exhibition of the same name held at the Museum from 19 May to 11 September 2022 in conjunction with the 26th ICOM General Conference Prague 2022.","breadcrumb":{"@id":"https:\/\/www.upm.cz\/eshop\/the-power-of-lace-lace-art-garment\/#breadcrumb"},"inLanguage":"en-US","potentialAction":[{"@type":"ReadAction","target":["https:\/\/www.upm.cz\/eshop\/the-power-of-lace-lace-art-garment\/"]}]},{"@type":"ImageObject","inLanguage":"en-US","@id":"https:\/\/www.upm.cz\/eshop\/the-power-of-lace-lace-art-garment\/#primaryimage","url":"https:\/\/www.upm.cz\/wp-content\/uploads\/Power_of_Lace_2332.jpg","contentUrl":"https:\/\/www.upm.cz\/wp-content\/uploads\/Power_of_Lace_2332.jpg","width":858,"height":1200,"caption":"The Power of Lace ob\u00e1lka knihy"},{"@type":"BreadcrumbList","@id":"https:\/\/www.upm.cz\/eshop\/the-power-of-lace-lace-art-garment\/#breadcrumb","itemListElement":[{"@type":"ListItem","position":1,"name":"Dom\u016f","item":"https:\/\/www.upm.cz\/"},{"@type":"ListItem","position":2,"name":"eshop","item":"https:\/\/www.upm.cz\/eshop\/"},{"@type":"ListItem","position":3,"name":"THE POWER OF LACE. LACE \u2013 ART \u2013 GARMENT"}]},{"@type":"WebSite","@id":"https:\/\/www.upm.cz\/#website","url":"https:\/\/www.upm.cz\/","name":"Um\u011bleckopr\u016fmyslov\u00e9 museum v Praze","description":"","publisher":{"@id":"https:\/\/www.upm.cz\/#organization"},"potentialAction":[{"@type":"SearchAction","target":{"@type":"EntryPoint","urlTemplate":"https:\/\/www.upm.cz\/?s={search_term_string}"},"query-input":{"@type":"PropertyValueSpecification","valueRequired":true,"valueName":"search_term_string"}}],"inLanguage":"en-US"},{"@type":"Organization","@id":"https:\/\/www.upm.cz\/#organization","name":"Um\u011bleckopr\u016fmyslov\u00e9 museum v Praze","url":"https:\/\/www.upm.cz\/","logo":{"@type":"ImageObject","inLanguage":"en-US","@id":"https:\/\/www.upm.cz\/#\/schema\/logo\/image\/","url":"https:\/\/www.upm.cz\/wp-content\/uploads\/2020\/03\/logo_upm_cz.svg","contentUrl":"https:\/\/www.upm.cz\/wp-content\/uploads\/2020\/03\/logo_upm_cz.svg","width":1736,"height":295,"caption":"Um\u011bleckopr\u016fmyslov\u00e9 museum v Praze"},"image":{"@id":"https:\/\/www.upm.cz\/#\/schema\/logo\/image\/"}}]}},"_links":{"self":[{"href":"https:\/\/www.upm.cz\/an\/wp-json\/wp\/v2\/product\/13003","targetHints":{"allow":["GET"]}}],"collection":[{"href":"https:\/\/www.upm.cz\/an\/wp-json\/wp\/v2\/product"}],"about":[{"href":"https:\/\/www.upm.cz\/an\/wp-json\/wp\/v2\/types\/product"}],"wp:featuredmedia":[{"embeddable":true,"href":"https:\/\/www.upm.cz\/an\/wp-json\/wp\/v2\/media\/12986"}],"wp:attachment":[{"href":"https:\/\/www.upm.cz\/an\/wp-json\/wp\/v2\/media?parent=13003"}],"wp:term":[{"taxonomy":"product_brand","embeddable":true,"href":"https:\/\/www.upm.cz\/an\/wp-json\/wp\/v2\/product_brand?post=13003"},{"taxonomy":"product_cat","embeddable":true,"href":"https:\/\/www.upm.cz\/an\/wp-json\/wp\/v2\/product_cat?post=13003"},{"taxonomy":"product_tag","embeddable":true,"href":"https:\/\/www.upm.cz\/an\/wp-json\/wp\/v2\/product_tag?post=13003"}],"curies":[{"name":"wp","href":"https:\/\/api.w.org\/{rel}","templated":true}]}}