{"id":14308,"date":"2022-12-08T11:44:49","date_gmt":"2022-12-08T10:44:49","guid":{"rendered":"https:\/\/www.upm.cz\/?post_type=product&#038;p=14308"},"modified":"2025-03-13T16:22:44","modified_gmt":"2025-03-13T15:22:44","slug":"hana-podolska-legenda-ceske-mody","status":"publish","type":"product","link":"https:\/\/www.upm.cz\/an\/eshop\/hana-podolska-legenda-ceske-mody\/","title":{"rendered":"HANA PODOLSK\u00c1, LEGENDA \u010cESK\u00c9 M\u00d3DY"},"content":{"rendered":"<p>Monografie Hany Podolsk\u00e9 (1880\u20131972) pod\u00e1v\u00e1 sv\u011bdectv\u00ed o&nbsp;majitelce obl\u00edben\u00e9ho pra\u017esk\u00e9ho m\u00f3dn\u00edho salonu, kter\u00e1 se stala symbolem meziv\u00e1le\u010dn\u00e9 podnikavosti a&nbsp;kultivovanosti v&nbsp;oblasti m\u00f3dn\u00ed tvorby p\u0159etrv\u00e1vaj\u00edc\u00edm v&nbsp;pov\u011bdom\u00ed \u010desk\u00e9 spole\u010dnosti i&nbsp;po&nbsp;zn\u00e1rodn\u011bn\u00ed salonu v&nbsp;roce 1948. Autorka Eva Uchalov\u00e1 pod\u00e1v\u00e1 historii Modelov\u00e9ho domu Podolsk\u00e1 ve \u010dty\u0159ech, pro \u010dinnost salonu rozhoduj\u00edc\u00edch etap\u00e1ch \u2013 rozvoj salonu do roku 1918 a&nbsp;b\u011bhem 20.&nbsp;let, jeho velk\u00fd rozmach v&nbsp;pr\u016fb\u011bhu 30.&nbsp;let s&nbsp;p\u0159esahem do Protektor\u00e1tu a&nbsp;nakonec slo\u017eit\u00e9 kr\u00e1tk\u00e9 obdob\u00ed mezi roky 1945 a&nbsp;1948. Salon Podolsk\u00e1, pat\u0159\u00edc\u00ed mezi nejkvalitn\u011bj\u0161\u00ed m\u00f3dn\u00ed z\u00e1vody v&nbsp;\u010ceskoslovensku, vynikal elegantn\u00edm designem m\u00f3dn\u00edch n\u00e1vrh\u016f, ale tak\u00e9 modern\u00edm zp\u016fsobem prodeje model\u016f (postupn\u011b i&nbsp;do zahrani\u010d\u00ed) a&nbsp;propagace, mj.&nbsp;vytv\u00e1\u0159en\u00edm kost\u00fdmn\u00edch v\u00fdprav pro filmy a&nbsp;divadlo. Z\u00e1kladem studie je dlouholet\u00fd v\u00fdzkum archivn\u00edch i&nbsp;ti\u0161t\u011bn\u00fdch pramen\u016f a&nbsp;rozhovory s&nbsp;pam\u011btn\u00edky a&nbsp;dopl\u0148uje ji bohat\u00e1 fotografick\u00e1 dokumentace od\u011bv\u016f ze sb\u00edrky Um\u011bleckopr\u016fmyslov\u00e9ho musea, z&nbsp;dobov\u00fdch \u010dasopis\u016f i&nbsp;film\u016f.<br \/>\nDruh\u00e9, dopln\u011bn\u00e9 vyd\u00e1n\u00ed p\u0159edstavuje v&nbsp;nov\u00e9 kapitole akvizice z&nbsp;produkce salonu Podolsk\u00e1 z\u00edskan\u00e9 do sb\u00edrky od\u011bv\u016f po&nbsp;roce 2018, v\u010detn\u011b trojice zap\u016fj\u010den\u00fdch \u0161at\u016f, a&nbsp;zaznamen\u00e1v\u00e1 okolnosti jejich vzniku v&nbsp;souvislosti s&nbsp;historick\u00fdmi ud\u00e1lostmi v&nbsp;letech 1928\u20131948.<\/p>","protected":false},"excerpt":{"rendered":"<p>vydavatel\u00e9: UPM a&nbsp;Arbor vitae<br \/>\nautorka koncepce a&nbsp;text\u016f: Eva Uchalov\u00e1<br \/>\nvyd\u00e1n\u00ed: \u010desk\u00e9 s&nbsp;anglick\u00fdm resum\u00e9<br \/>\nform\u00e1t: 22 x 19 cm, m\u011bkk\u00e1 vazba<br \/>\npo\u010det stran: 312<br \/>\npo\u010det reprodukc\u00ed: 286 + nov\u011b 54<br \/>\nISBN 978-80-7101-206-1 <\/p>","protected":false},"featured_media":2246,"template":"","meta":{"_acf_changed":false},"product_brand":[],"product_cat":[45],"product_tag":[],"class_list":{"0":"post-14308","1":"product","2":"type-product","3":"status-publish","4":"has-post-thumbnail","6":"product_cat-knihy","8":"first","9":"outofstock","10":"shipping-taxable","11":"purchasable","12":"product-type-simple"},"acf":[],"yoast_head":"<!-- This site is optimized with the Yoast SEO plugin v26.9 - https:\/\/yoast.com\/product\/yoast-seo-wordpress\/ -->\n<title>HANA PODOLSK\u00c1, LEGENDA \u010cESK\u00c9 M\u00d3DY - Um\u011bleckopr\u016fmyslov\u00e9 museum v Praze<\/title>\n<meta name=\"description\" content=\"Dopln\u011bn\u00e1 reedice monografie Hany Podolsk\u00e9 pod\u00e1v\u00e1 sv\u011bdectv\u00ed o majitelce obl\u00edben\u00e9ho pra\u017esk\u00e9ho m\u00f3dn\u00edho salonu, kter\u00e1 se stala symbolem meziv\u00e1le\u010dn\u00e9 podnikavosti a kultivovanosti v oblasti m\u00f3dn\u00ed tvorby. Ten p\u0159etrval v pov\u011bdom\u00ed \u010desk\u00e9 spole\u010dnosti i po zn\u00e1rodn\u011bn\u00ed salonu v roce 1948 v podstat\u011b dodnes.\" \/>\n<meta name=\"robots\" content=\"index, follow, max-snippet:-1, max-image-preview:large, max-video-preview:-1\" \/>\n<link rel=\"canonical\" href=\"https:\/\/www.upm.cz\/an\/eshop\/hana-podolska-legenda-ceske-mody\/\" \/>\n<meta property=\"og:locale\" content=\"en_US\" \/>\n<meta property=\"og:type\" content=\"article\" \/>\n<meta property=\"og:title\" content=\"HANA PODOLSK\u00c1, LEGENDA \u010cESK\u00c9 M\u00d3DY - Um\u011bleckopr\u016fmyslov\u00e9 museum v Praze\" \/>\n<meta property=\"og:description\" content=\"Dopln\u011bn\u00e1 reedice monografie Hany Podolsk\u00e9 pod\u00e1v\u00e1 sv\u011bdectv\u00ed o majitelce obl\u00edben\u00e9ho pra\u017esk\u00e9ho m\u00f3dn\u00edho salonu, kter\u00e1 se stala symbolem meziv\u00e1le\u010dn\u00e9 podnikavosti a kultivovanosti v oblasti m\u00f3dn\u00ed tvorby. Ten p\u0159etrval v pov\u011bdom\u00ed \u010desk\u00e9 spole\u010dnosti i po zn\u00e1rodn\u011bn\u00ed salonu v roce 1948 v podstat\u011b dodnes.\" \/>\n<meta property=\"og:url\" content=\"https:\/\/www.upm.cz\/an\/eshop\/hana-podolska-legenda-ceske-mody\/\" \/>\n<meta property=\"og:site_name\" content=\"Um\u011bleckopr\u016fmyslov\u00e9 museum v Praze\" \/>\n<meta property=\"article:modified_time\" content=\"2025-03-13T15:22:44+00:00\" \/>\n<meta property=\"og:image\" content=\"https:\/\/www.upm.cz\/wp-content\/uploads\/607.jpg\" \/>\n\t<meta property=\"og:image:width\" content=\"686\" \/>\n\t<meta property=\"og:image:height\" content=\"800\" \/>\n\t<meta property=\"og:image:type\" content=\"image\/jpeg\" \/>\n<meta name=\"twitter:card\" content=\"summary_large_image\" \/>\n<meta name=\"twitter:label1\" content=\"Est. reading time\" \/>\n\t<meta name=\"twitter:data1\" content=\"2 minutes\" \/>\n<script type=\"application\/ld+json\" class=\"yoast-schema-graph\">{\"@context\":\"https:\/\/schema.org\",\"@graph\":[{\"@type\":\"WebPage\",\"@id\":\"https:\/\/www.upm.cz\/eshop\/hana-podolska-legenda-ceske-mody\/\",\"url\":\"https:\/\/www.upm.cz\/eshop\/hana-podolska-legenda-ceske-mody\/\",\"name\":\"HANA PODOLSK\u00c1, LEGENDA \u010cESK\u00c9 M\u00d3DY - Um\u011bleckopr\u016fmyslov\u00e9 museum v Praze\",\"isPartOf\":{\"@id\":\"https:\/\/www.upm.cz\/#website\"},\"primaryImageOfPage\":{\"@id\":\"https:\/\/www.upm.cz\/eshop\/hana-podolska-legenda-ceske-mody\/#primaryimage\"},\"image\":{\"@id\":\"https:\/\/www.upm.cz\/eshop\/hana-podolska-legenda-ceske-mody\/#primaryimage\"},\"thumbnailUrl\":\"https:\/\/www.upm.cz\/wp-content\/uploads\/607.jpg\",\"datePublished\":\"2022-12-08T10:44:49+00:00\",\"dateModified\":\"2025-03-13T15:22:44+00:00\",\"description\":\"Dopln\u011bn\u00e1 reedice monografie Hany Podolsk\u00e9 pod\u00e1v\u00e1 sv\u011bdectv\u00ed o majitelce obl\u00edben\u00e9ho pra\u017esk\u00e9ho m\u00f3dn\u00edho salonu, kter\u00e1 se stala symbolem meziv\u00e1le\u010dn\u00e9 podnikavosti a kultivovanosti v oblasti m\u00f3dn\u00ed tvorby. Ten p\u0159etrval v pov\u011bdom\u00ed \u010desk\u00e9 spole\u010dnosti i po zn\u00e1rodn\u011bn\u00ed salonu v roce 1948 v podstat\u011b dodnes.\",\"breadcrumb\":{\"@id\":\"https:\/\/www.upm.cz\/eshop\/hana-podolska-legenda-ceske-mody\/#breadcrumb\"},\"inLanguage\":\"en-US\",\"potentialAction\":[{\"@type\":\"ReadAction\",\"target\":[\"https:\/\/www.upm.cz\/eshop\/hana-podolska-legenda-ceske-mody\/\"]}]},{\"@type\":\"ImageObject\",\"inLanguage\":\"en-US\",\"@id\":\"https:\/\/www.upm.cz\/eshop\/hana-podolska-legenda-ceske-mody\/#primaryimage\",\"url\":\"https:\/\/www.upm.cz\/wp-content\/uploads\/607.jpg\",\"contentUrl\":\"https:\/\/www.upm.cz\/wp-content\/uploads\/607.jpg\",\"width\":686,\"height\":800},{\"@type\":\"BreadcrumbList\",\"@id\":\"https:\/\/www.upm.cz\/eshop\/hana-podolska-legenda-ceske-mody\/#breadcrumb\",\"itemListElement\":[{\"@type\":\"ListItem\",\"position\":1,\"name\":\"Dom\u016f\",\"item\":\"https:\/\/www.upm.cz\/\"},{\"@type\":\"ListItem\",\"position\":2,\"name\":\"eshop\",\"item\":\"https:\/\/www.upm.cz\/eshop\/\"},{\"@type\":\"ListItem\",\"position\":3,\"name\":\"HANA PODOLSK\u00c1, LEGENDA \u010cESK\u00c9 M\u00d3DY\"}]},{\"@type\":\"WebSite\",\"@id\":\"https:\/\/www.upm.cz\/#website\",\"url\":\"https:\/\/www.upm.cz\/\",\"name\":\"Um\u011bleckopr\u016fmyslov\u00e9 museum v Praze\",\"description\":\"\",\"publisher\":{\"@id\":\"https:\/\/www.upm.cz\/#organization\"},\"potentialAction\":[{\"@type\":\"SearchAction\",\"target\":{\"@type\":\"EntryPoint\",\"urlTemplate\":\"https:\/\/www.upm.cz\/?s={search_term_string}\"},\"query-input\":{\"@type\":\"PropertyValueSpecification\",\"valueRequired\":true,\"valueName\":\"search_term_string\"}}],\"inLanguage\":\"en-US\"},{\"@type\":\"Organization\",\"@id\":\"https:\/\/www.upm.cz\/#organization\",\"name\":\"Um\u011bleckopr\u016fmyslov\u00e9 museum v Praze\",\"url\":\"https:\/\/www.upm.cz\/\",\"logo\":{\"@type\":\"ImageObject\",\"inLanguage\":\"en-US\",\"@id\":\"https:\/\/www.upm.cz\/#\/schema\/logo\/image\/\",\"url\":\"https:\/\/www.upm.cz\/wp-content\/uploads\/2020\/03\/logo_upm_cz.svg\",\"contentUrl\":\"https:\/\/www.upm.cz\/wp-content\/uploads\/2020\/03\/logo_upm_cz.svg\",\"width\":1736,\"height\":295,\"caption\":\"Um\u011bleckopr\u016fmyslov\u00e9 museum v Praze\"},\"image\":{\"@id\":\"https:\/\/www.upm.cz\/#\/schema\/logo\/image\/\"}}]}<\/script>\n<!-- \/ Yoast SEO plugin. -->","yoast_head_json":{"title":"HANA PODOLSK\u00c1, LEGENDA \u010cESK\u00c9 M\u00d3DY - Um\u011bleckopr\u016fmyslov\u00e9 museum v Praze","description":"Dopln\u011bn\u00e1 reedice monografie Hany Podolsk\u00e9 pod\u00e1v\u00e1 sv\u011bdectv\u00ed o majitelce obl\u00edben\u00e9ho pra\u017esk\u00e9ho m\u00f3dn\u00edho salonu, kter\u00e1 se stala symbolem meziv\u00e1le\u010dn\u00e9 podnikavosti a kultivovanosti v oblasti m\u00f3dn\u00ed tvorby. Ten p\u0159etrval v pov\u011bdom\u00ed \u010desk\u00e9 spole\u010dnosti i po zn\u00e1rodn\u011bn\u00ed salonu v roce 1948 v podstat\u011b dodnes.","robots":{"index":"index","follow":"follow","max-snippet":"max-snippet:-1","max-image-preview":"max-image-preview:large","max-video-preview":"max-video-preview:-1"},"canonical":"https:\/\/www.upm.cz\/an\/eshop\/hana-podolska-legenda-ceske-mody\/","og_locale":"en_US","og_type":"article","og_title":"HANA PODOLSK\u00c1, LEGENDA \u010cESK\u00c9 M\u00d3DY - Um\u011bleckopr\u016fmyslov\u00e9 museum v Praze","og_description":"Dopln\u011bn\u00e1 reedice monografie Hany Podolsk\u00e9 pod\u00e1v\u00e1 sv\u011bdectv\u00ed o majitelce obl\u00edben\u00e9ho pra\u017esk\u00e9ho m\u00f3dn\u00edho salonu, kter\u00e1 se stala symbolem meziv\u00e1le\u010dn\u00e9 podnikavosti a kultivovanosti v oblasti m\u00f3dn\u00ed tvorby. Ten p\u0159etrval v pov\u011bdom\u00ed \u010desk\u00e9 spole\u010dnosti i po zn\u00e1rodn\u011bn\u00ed salonu v roce 1948 v podstat\u011b dodnes.","og_url":"https:\/\/www.upm.cz\/an\/eshop\/hana-podolska-legenda-ceske-mody\/","og_site_name":"Um\u011bleckopr\u016fmyslov\u00e9 museum v Praze","article_modified_time":"2025-03-13T15:22:44+00:00","og_image":[{"width":686,"height":800,"url":"https:\/\/www.upm.cz\/wp-content\/uploads\/607.jpg","type":"image\/jpeg"}],"twitter_card":"summary_large_image","twitter_misc":{"Est. reading time":"2 minutes"},"schema":{"@context":"https:\/\/schema.org","@graph":[{"@type":"WebPage","@id":"https:\/\/www.upm.cz\/eshop\/hana-podolska-legenda-ceske-mody\/","url":"https:\/\/www.upm.cz\/eshop\/hana-podolska-legenda-ceske-mody\/","name":"HANA PODOLSK\u00c1, LEGENDA \u010cESK\u00c9 M\u00d3DY - Um\u011bleckopr\u016fmyslov\u00e9 museum v Praze","isPartOf":{"@id":"https:\/\/www.upm.cz\/#website"},"primaryImageOfPage":{"@id":"https:\/\/www.upm.cz\/eshop\/hana-podolska-legenda-ceske-mody\/#primaryimage"},"image":{"@id":"https:\/\/www.upm.cz\/eshop\/hana-podolska-legenda-ceske-mody\/#primaryimage"},"thumbnailUrl":"https:\/\/www.upm.cz\/wp-content\/uploads\/607.jpg","datePublished":"2022-12-08T10:44:49+00:00","dateModified":"2025-03-13T15:22:44+00:00","description":"Dopln\u011bn\u00e1 reedice monografie Hany Podolsk\u00e9 pod\u00e1v\u00e1 sv\u011bdectv\u00ed o majitelce obl\u00edben\u00e9ho pra\u017esk\u00e9ho m\u00f3dn\u00edho salonu, kter\u00e1 se stala symbolem meziv\u00e1le\u010dn\u00e9 podnikavosti a kultivovanosti v oblasti m\u00f3dn\u00ed tvorby. Ten p\u0159etrval v pov\u011bdom\u00ed \u010desk\u00e9 spole\u010dnosti i po zn\u00e1rodn\u011bn\u00ed salonu v roce 1948 v podstat\u011b dodnes.","breadcrumb":{"@id":"https:\/\/www.upm.cz\/eshop\/hana-podolska-legenda-ceske-mody\/#breadcrumb"},"inLanguage":"en-US","potentialAction":[{"@type":"ReadAction","target":["https:\/\/www.upm.cz\/eshop\/hana-podolska-legenda-ceske-mody\/"]}]},{"@type":"ImageObject","inLanguage":"en-US","@id":"https:\/\/www.upm.cz\/eshop\/hana-podolska-legenda-ceske-mody\/#primaryimage","url":"https:\/\/www.upm.cz\/wp-content\/uploads\/607.jpg","contentUrl":"https:\/\/www.upm.cz\/wp-content\/uploads\/607.jpg","width":686,"height":800},{"@type":"BreadcrumbList","@id":"https:\/\/www.upm.cz\/eshop\/hana-podolska-legenda-ceske-mody\/#breadcrumb","itemListElement":[{"@type":"ListItem","position":1,"name":"Dom\u016f","item":"https:\/\/www.upm.cz\/"},{"@type":"ListItem","position":2,"name":"eshop","item":"https:\/\/www.upm.cz\/eshop\/"},{"@type":"ListItem","position":3,"name":"HANA PODOLSK\u00c1, LEGENDA \u010cESK\u00c9 M\u00d3DY"}]},{"@type":"WebSite","@id":"https:\/\/www.upm.cz\/#website","url":"https:\/\/www.upm.cz\/","name":"Um\u011bleckopr\u016fmyslov\u00e9 museum v Praze","description":"","publisher":{"@id":"https:\/\/www.upm.cz\/#organization"},"potentialAction":[{"@type":"SearchAction","target":{"@type":"EntryPoint","urlTemplate":"https:\/\/www.upm.cz\/?s={search_term_string}"},"query-input":{"@type":"PropertyValueSpecification","valueRequired":true,"valueName":"search_term_string"}}],"inLanguage":"en-US"},{"@type":"Organization","@id":"https:\/\/www.upm.cz\/#organization","name":"Um\u011bleckopr\u016fmyslov\u00e9 museum v Praze","url":"https:\/\/www.upm.cz\/","logo":{"@type":"ImageObject","inLanguage":"en-US","@id":"https:\/\/www.upm.cz\/#\/schema\/logo\/image\/","url":"https:\/\/www.upm.cz\/wp-content\/uploads\/2020\/03\/logo_upm_cz.svg","contentUrl":"https:\/\/www.upm.cz\/wp-content\/uploads\/2020\/03\/logo_upm_cz.svg","width":1736,"height":295,"caption":"Um\u011bleckopr\u016fmyslov\u00e9 museum v Praze"},"image":{"@id":"https:\/\/www.upm.cz\/#\/schema\/logo\/image\/"}}]}},"_links":{"self":[{"href":"https:\/\/www.upm.cz\/an\/wp-json\/wp\/v2\/product\/14308","targetHints":{"allow":["GET"]}}],"collection":[{"href":"https:\/\/www.upm.cz\/an\/wp-json\/wp\/v2\/product"}],"about":[{"href":"https:\/\/www.upm.cz\/an\/wp-json\/wp\/v2\/types\/product"}],"wp:featuredmedia":[{"embeddable":true,"href":"https:\/\/www.upm.cz\/an\/wp-json\/wp\/v2\/media\/2246"}],"wp:attachment":[{"href":"https:\/\/www.upm.cz\/an\/wp-json\/wp\/v2\/media?parent=14308"}],"wp:term":[{"taxonomy":"product_brand","embeddable":true,"href":"https:\/\/www.upm.cz\/an\/wp-json\/wp\/v2\/product_brand?post=14308"},{"taxonomy":"product_cat","embeddable":true,"href":"https:\/\/www.upm.cz\/an\/wp-json\/wp\/v2\/product_cat?post=14308"},{"taxonomy":"product_tag","embeddable":true,"href":"https:\/\/www.upm.cz\/an\/wp-json\/wp\/v2\/product_tag?post=14308"}],"curies":[{"name":"wp","href":"https:\/\/api.w.org\/{rel}","templated":true}]}}