{"id":18617,"date":"2024-01-19T11:27:31","date_gmt":"2024-01-19T10:27:31","guid":{"rendered":"https:\/\/www.upm.cz\/?post_type=product&#038;p=18617"},"modified":"2026-04-07T17:14:52","modified_gmt":"2026-04-07T15:14:52","slug":"od-luxusniho-lazenskeho-suvenyru-po-designovy-predmet","status":"publish","type":"product","link":"https:\/\/www.upm.cz\/an\/eshop\/od-luxusniho-lazenskeho-suvenyru-po-designovy-predmet\/","title":{"rendered":"OD LUXUSN\u00cdHO L\u00c1ZE\u0147SK\u00c9HO SUVEN\u00ddRU PO&nbsp;DESIGNOV\u00dd P\u0158EDM\u011aT \/ VOM LUXUS-SOUVENIR DER KURORTE ZUM DESIGNOBJEKT"},"content":{"rendered":"<p>\u010cESK\u00dd PORCEL\u00c1N 19. A&nbsp;20. STOLET\u00cd<\/p>\n<p>Tato publikace vych\u00e1z\u00ed p\u0159i&nbsp;p\u0159\u00edle\u017eitosti putovn\u00ed v\u00fdstavy \u010desk\u00e9ho porcel\u00e1nu, kter\u00e1 vznikla ve spolupr\u00e1ci Porzellanikon \u2013 St\u00e1tn\u00edho muzea porcel\u00e1nu v&nbsp;Selbu a&nbsp;Hohenbergu a.d. Eger, Um\u011bleckopr\u016fmyslov\u00e9ho musea v&nbsp;Praze a&nbsp;Z\u00e1pado\u010desk\u00e9ho muzea v&nbsp;Plzni. Ka\u017ed\u00e1 jednotliv\u00e1 v\u00fdstava p\u0159edstavuje \u010desk\u00fd porcel\u00e1n z&nbsp;jin\u00e9ho pohledu.<\/p>\n<p>B\u00f6hmisches Porcellan des 19.&nbsp;und 20. Jahrhunderts<\/p>\n<p>Der Katalog erscheint angl\u00e4sslich einer Wanderausstellung, die eine Kooperation zwischen dem Porzellanikon \u2013 Staatliches Museum f\u00fcr Porzellan in Selb &#038; Hohenberg a.d. Eger, dem Kunstgewerbemuseum in Prag sowie dem Westb\u00f6hmischen Museum in Pilsen ist. Jede Station setzte bei der Pr\u00e4sentation des b\u00f6hmischen Porzellans einen anderen inhaltlichen Schwerpunkt.<\/p>","protected":false},"excerpt":{"rendered":"<p>texty\/texte: Jan Mergl, Lenka Merglov\u00e1 P\u00e1nkov\u00e1, Thomas Miltschus<br \/>\nvyd\u00e1n\u00ed\/edition: \u010desk\u00e9 a&nbsp;n\u011bmeck\u00e9, Tschechische und Deutsche<br \/>\ngrafick\u00fd design\/grafik&#038;Layout: Tanja H\u00fcttl, n\u00e1vrh ob\u00e1lky\/umschlaggestaltung Judith Keller<br \/>\npo\u010det stran\/seitenzahl: 111<br \/>\nvydavatel: Porzellanikon \u2013 St\u00e1tn\u00ed muzeum porcel\u00e1nu v&nbsp;Selbu a&nbsp;Hohenbergu a.d. Eger<br \/>\nherausgeber: Porzellanikon \u2013 Staatlisches Museum f\u00fcr Porzellan in Selb und Hohenberg a.d. Eger<br \/>\nISBN 978-3-948671-02-0<\/p>\n<p>Vyd\u00e1no za laskav\u00e9 podpory \u010cesko-n\u011bmeck\u00e9ho fondu budoucnosti<\/p>","protected":false},"featured_media":18604,"template":"","meta":{"_acf_changed":false},"product_brand":[],"product_cat":[80,45],"product_tag":[],"class_list":{"0":"post-18617","1":"product","2":"type-product","3":"status-publish","4":"has-post-thumbnail","6":"product_cat-books","7":"product_cat-knihy","9":"first","10":"instock","11":"shipping-taxable","12":"purchasable","13":"product-type-simple"},"acf":[],"yoast_head":"<!-- This site is optimized with the Yoast SEO plugin v26.9 - https:\/\/yoast.com\/product\/yoast-seo-wordpress\/ -->\n<title>OD LUXUSN\u00cdHO L\u00c1ZE\u0147SK\u00c9HO SUVEN\u00ddRU PO DESIGNOV\u00dd P\u0158EDM\u011aT \/ VOM LUXUS-SOUVENIR DER KURORTE ZUM DESIGNOBJEKT - Um\u011bleckopr\u016fmyslov\u00e9 museum v Praze<\/title>\n<meta name=\"description\" content=\"\u010cESK\u00dd PORCEL\u00c1N 19. A 20. STOLET\u00cd. Tato publikace vych\u00e1z\u00ed p\u0159i p\u0159\u00edle\u017eitosti putovn\u00ed v\u00fdstavy \u010desk\u00e9ho porcel\u00e1nu, kter\u00e1 vznikla ve spolupr\u00e1ci Porzellanikon \u2013 St\u00e1tn\u00edho muzea porcel\u00e1nu v Selbu a Hohenbergu a.d. Eger, Um\u011bleckopr\u016fmyslov\u00e9ho musea v Praze a Z\u00e1pado\u010desk\u00e9ho muzea v Plzni. Ka\u017ed\u00e1 jednotliv\u00e1 v\u00fdstava p\u0159edstavuje \u010desk\u00fd porcel\u00e1n z jin\u00e9ho pohledu.B\u00f6hmisches Porcellan des 19. und 20. JahrhundertsDer Katalog erscheint angl\u00e4sslich einer Wanderausstellung, die eine Kooperation zwischen dem Porzellanikon \u2013 Staatliches Museum f\u00fcr Porzellan in Selb &amp; Hohenberg a.d. Eger, dem Kunstgewerbemuseum in Prag sowie dem Westb\u00f6hmischen Museum in Pilsen ist. Jede Station setzte bei der Pr\u00e4sentation des b\u00f6hmischen Porzellans einen anderen inhaltlichen Schwerpunkt.\" \/>\n<meta name=\"robots\" content=\"index, follow, max-snippet:-1, max-image-preview:large, max-video-preview:-1\" \/>\n<link rel=\"canonical\" href=\"https:\/\/www.upm.cz\/an\/eshop\/od-luxusniho-lazenskeho-suvenyru-po-designovy-predmet\/\" \/>\n<meta property=\"og:locale\" content=\"en_US\" \/>\n<meta property=\"og:type\" content=\"article\" \/>\n<meta property=\"og:title\" content=\"OD LUXUSN\u00cdHO L\u00c1ZE\u0147SK\u00c9HO SUVEN\u00ddRU PO DESIGNOV\u00dd P\u0158EDM\u011aT \/ VOM LUXUS-SOUVENIR DER KURORTE ZUM DESIGNOBJEKT - Um\u011bleckopr\u016fmyslov\u00e9 museum v Praze\" \/>\n<meta property=\"og:description\" content=\"\u010cESK\u00dd PORCEL\u00c1N 19. A 20. STOLET\u00cd. Tato publikace vych\u00e1z\u00ed p\u0159i p\u0159\u00edle\u017eitosti putovn\u00ed v\u00fdstavy \u010desk\u00e9ho porcel\u00e1nu, kter\u00e1 vznikla ve spolupr\u00e1ci Porzellanikon \u2013 St\u00e1tn\u00edho muzea porcel\u00e1nu v Selbu a Hohenbergu a.d. Eger, Um\u011bleckopr\u016fmyslov\u00e9ho musea v Praze a Z\u00e1pado\u010desk\u00e9ho muzea v Plzni. Ka\u017ed\u00e1 jednotliv\u00e1 v\u00fdstava p\u0159edstavuje \u010desk\u00fd porcel\u00e1n z jin\u00e9ho pohledu.B\u00f6hmisches Porcellan des 19. und 20. JahrhundertsDer Katalog erscheint angl\u00e4sslich einer Wanderausstellung, die eine Kooperation zwischen dem Porzellanikon \u2013 Staatliches Museum f\u00fcr Porzellan in Selb &amp; Hohenberg a.d. Eger, dem Kunstgewerbemuseum in Prag sowie dem Westb\u00f6hmischen Museum in Pilsen ist. Jede Station setzte bei der Pr\u00e4sentation des b\u00f6hmischen Porzellans einen anderen inhaltlichen Schwerpunkt.\" \/>\n<meta property=\"og:url\" content=\"https:\/\/www.upm.cz\/an\/eshop\/od-luxusniho-lazenskeho-suvenyru-po-designovy-predmet\/\" \/>\n<meta property=\"og:site_name\" content=\"Um\u011bleckopr\u016fmyslov\u00e9 museum v Praze\" \/>\n<meta property=\"article:modified_time\" content=\"2026-04-07T15:14:52+00:00\" \/>\n<meta property=\"og:image\" content=\"https:\/\/www.upm.cz\/wp-content\/uploads\/Porcelan_CS_19-20_stol_2185.jpg\" \/>\n\t<meta property=\"og:image:width\" content=\"884\" \/>\n\t<meta property=\"og:image:height\" content=\"1200\" \/>\n\t<meta property=\"og:image:type\" content=\"image\/jpeg\" \/>\n<meta name=\"twitter:card\" content=\"summary_large_image\" \/>\n<meta name=\"twitter:label1\" content=\"Est. reading time\" \/>\n\t<meta name=\"twitter:data1\" content=\"1 minute\" \/>\n<script type=\"application\/ld+json\" class=\"yoast-schema-graph\">{\"@context\":\"https:\/\/schema.org\",\"@graph\":[{\"@type\":\"WebPage\",\"@id\":\"https:\/\/www.upm.cz\/eshop\/od-luxusniho-lazenskeho-suvenyru-po-designovy-predmet\/\",\"url\":\"https:\/\/www.upm.cz\/eshop\/od-luxusniho-lazenskeho-suvenyru-po-designovy-predmet\/\",\"name\":\"OD LUXUSN\u00cdHO L\u00c1ZE\u0147SK\u00c9HO SUVEN\u00ddRU PO DESIGNOV\u00dd P\u0158EDM\u011aT \/ VOM LUXUS-SOUVENIR DER KURORTE ZUM DESIGNOBJEKT - Um\u011bleckopr\u016fmyslov\u00e9 museum v Praze\",\"isPartOf\":{\"@id\":\"https:\/\/www.upm.cz\/#website\"},\"primaryImageOfPage\":{\"@id\":\"https:\/\/www.upm.cz\/eshop\/od-luxusniho-lazenskeho-suvenyru-po-designovy-predmet\/#primaryimage\"},\"image\":{\"@id\":\"https:\/\/www.upm.cz\/eshop\/od-luxusniho-lazenskeho-suvenyru-po-designovy-predmet\/#primaryimage\"},\"thumbnailUrl\":\"https:\/\/www.upm.cz\/wp-content\/uploads\/Porcelan_CS_19-20_stol_2185.jpg\",\"datePublished\":\"2024-01-19T10:27:31+00:00\",\"dateModified\":\"2026-04-07T15:14:52+00:00\",\"description\":\"\u010cESK\u00dd PORCEL\u00c1N 19. A 20. STOLET\u00cd. Tato publikace vych\u00e1z\u00ed p\u0159i p\u0159\u00edle\u017eitosti putovn\u00ed v\u00fdstavy \u010desk\u00e9ho porcel\u00e1nu, kter\u00e1 vznikla ve spolupr\u00e1ci Porzellanikon \u2013 St\u00e1tn\u00edho muzea porcel\u00e1nu v Selbu a Hohenbergu a.d. Eger, Um\u011bleckopr\u016fmyslov\u00e9ho musea v Praze a Z\u00e1pado\u010desk\u00e9ho muzea v Plzni. Ka\u017ed\u00e1 jednotliv\u00e1 v\u00fdstava p\u0159edstavuje \u010desk\u00fd porcel\u00e1n z jin\u00e9ho pohledu.B\u00f6hmisches Porcellan des 19. und 20. JahrhundertsDer Katalog erscheint angl\u00e4sslich einer Wanderausstellung, die eine Kooperation zwischen dem Porzellanikon \u2013 Staatliches Museum f\u00fcr Porzellan in Selb & Hohenberg a.d. Eger, dem Kunstgewerbemuseum in Prag sowie dem Westb\u00f6hmischen Museum in Pilsen ist. Jede Station setzte bei der Pr\u00e4sentation des b\u00f6hmischen Porzellans einen anderen inhaltlichen Schwerpunkt.\",\"breadcrumb\":{\"@id\":\"https:\/\/www.upm.cz\/eshop\/od-luxusniho-lazenskeho-suvenyru-po-designovy-predmet\/#breadcrumb\"},\"inLanguage\":\"en-US\",\"potentialAction\":[{\"@type\":\"ReadAction\",\"target\":[\"https:\/\/www.upm.cz\/eshop\/od-luxusniho-lazenskeho-suvenyru-po-designovy-predmet\/\"]}]},{\"@type\":\"ImageObject\",\"inLanguage\":\"en-US\",\"@id\":\"https:\/\/www.upm.cz\/eshop\/od-luxusniho-lazenskeho-suvenyru-po-designovy-predmet\/#primaryimage\",\"url\":\"https:\/\/www.upm.cz\/wp-content\/uploads\/Porcelan_CS_19-20_stol_2185.jpg\",\"contentUrl\":\"https:\/\/www.upm.cz\/wp-content\/uploads\/Porcelan_CS_19-20_stol_2185.jpg\",\"width\":884,\"height\":1200,\"caption\":\"Od luxusn\u00edho l\u00e1ze\u0148sk\u00e9ho suven\u00fdru po designov\u00fd p\u0159edm\u011bt - kniha\"},{\"@type\":\"BreadcrumbList\",\"@id\":\"https:\/\/www.upm.cz\/eshop\/od-luxusniho-lazenskeho-suvenyru-po-designovy-predmet\/#breadcrumb\",\"itemListElement\":[{\"@type\":\"ListItem\",\"position\":1,\"name\":\"Dom\u016f\",\"item\":\"https:\/\/www.upm.cz\/\"},{\"@type\":\"ListItem\",\"position\":2,\"name\":\"eshop\",\"item\":\"https:\/\/www.upm.cz\/eshop\/\"},{\"@type\":\"ListItem\",\"position\":3,\"name\":\"OD LUXUSN\u00cdHO L\u00c1ZE\u0147SK\u00c9HO SUVEN\u00ddRU PO DESIGNOV\u00dd P\u0158EDM\u011aT \/ VOM LUXUS-SOUVENIR DER KURORTE ZUM DESIGNOBJEKT\"}]},{\"@type\":\"WebSite\",\"@id\":\"https:\/\/www.upm.cz\/#website\",\"url\":\"https:\/\/www.upm.cz\/\",\"name\":\"Um\u011bleckopr\u016fmyslov\u00e9 museum v Praze\",\"description\":\"\",\"publisher\":{\"@id\":\"https:\/\/www.upm.cz\/#organization\"},\"potentialAction\":[{\"@type\":\"SearchAction\",\"target\":{\"@type\":\"EntryPoint\",\"urlTemplate\":\"https:\/\/www.upm.cz\/?s={search_term_string}\"},\"query-input\":{\"@type\":\"PropertyValueSpecification\",\"valueRequired\":true,\"valueName\":\"search_term_string\"}}],\"inLanguage\":\"en-US\"},{\"@type\":\"Organization\",\"@id\":\"https:\/\/www.upm.cz\/#organization\",\"name\":\"Um\u011bleckopr\u016fmyslov\u00e9 museum v Praze\",\"url\":\"https:\/\/www.upm.cz\/\",\"logo\":{\"@type\":\"ImageObject\",\"inLanguage\":\"en-US\",\"@id\":\"https:\/\/www.upm.cz\/#\/schema\/logo\/image\/\",\"url\":\"https:\/\/www.upm.cz\/wp-content\/uploads\/2020\/03\/logo_upm_cz.svg\",\"contentUrl\":\"https:\/\/www.upm.cz\/wp-content\/uploads\/2020\/03\/logo_upm_cz.svg\",\"width\":1736,\"height\":295,\"caption\":\"Um\u011bleckopr\u016fmyslov\u00e9 museum v Praze\"},\"image\":{\"@id\":\"https:\/\/www.upm.cz\/#\/schema\/logo\/image\/\"}}]}<\/script>\n<!-- \/ Yoast SEO plugin. -->","yoast_head_json":{"title":"OD LUXUSN\u00cdHO L\u00c1ZE\u0147SK\u00c9HO SUVEN\u00ddRU PO DESIGNOV\u00dd P\u0158EDM\u011aT \/ VOM LUXUS-SOUVENIR DER KURORTE ZUM DESIGNOBJEKT - Um\u011bleckopr\u016fmyslov\u00e9 museum v Praze","description":"\u010cESK\u00dd PORCEL\u00c1N 19. A 20. STOLET\u00cd. Tato publikace vych\u00e1z\u00ed p\u0159i p\u0159\u00edle\u017eitosti putovn\u00ed v\u00fdstavy \u010desk\u00e9ho porcel\u00e1nu, kter\u00e1 vznikla ve spolupr\u00e1ci Porzellanikon \u2013 St\u00e1tn\u00edho muzea porcel\u00e1nu v Selbu a Hohenbergu a.d. Eger, Um\u011bleckopr\u016fmyslov\u00e9ho musea v Praze a Z\u00e1pado\u010desk\u00e9ho muzea v Plzni. Ka\u017ed\u00e1 jednotliv\u00e1 v\u00fdstava p\u0159edstavuje \u010desk\u00fd porcel\u00e1n z jin\u00e9ho pohledu.B\u00f6hmisches Porcellan des 19. und 20. JahrhundertsDer Katalog erscheint angl\u00e4sslich einer Wanderausstellung, die eine Kooperation zwischen dem Porzellanikon \u2013 Staatliches Museum f\u00fcr Porzellan in Selb & Hohenberg a.d. Eger, dem Kunstgewerbemuseum in Prag sowie dem Westb\u00f6hmischen Museum in Pilsen ist. Jede Station setzte bei der Pr\u00e4sentation des b\u00f6hmischen Porzellans einen anderen inhaltlichen Schwerpunkt.","robots":{"index":"index","follow":"follow","max-snippet":"max-snippet:-1","max-image-preview":"max-image-preview:large","max-video-preview":"max-video-preview:-1"},"canonical":"https:\/\/www.upm.cz\/an\/eshop\/od-luxusniho-lazenskeho-suvenyru-po-designovy-predmet\/","og_locale":"en_US","og_type":"article","og_title":"OD LUXUSN\u00cdHO L\u00c1ZE\u0147SK\u00c9HO SUVEN\u00ddRU PO DESIGNOV\u00dd P\u0158EDM\u011aT \/ VOM LUXUS-SOUVENIR DER KURORTE ZUM DESIGNOBJEKT - Um\u011bleckopr\u016fmyslov\u00e9 museum v Praze","og_description":"\u010cESK\u00dd PORCEL\u00c1N 19. A 20. STOLET\u00cd. Tato publikace vych\u00e1z\u00ed p\u0159i p\u0159\u00edle\u017eitosti putovn\u00ed v\u00fdstavy \u010desk\u00e9ho porcel\u00e1nu, kter\u00e1 vznikla ve spolupr\u00e1ci Porzellanikon \u2013 St\u00e1tn\u00edho muzea porcel\u00e1nu v Selbu a Hohenbergu a.d. Eger, Um\u011bleckopr\u016fmyslov\u00e9ho musea v Praze a Z\u00e1pado\u010desk\u00e9ho muzea v Plzni. Ka\u017ed\u00e1 jednotliv\u00e1 v\u00fdstava p\u0159edstavuje \u010desk\u00fd porcel\u00e1n z jin\u00e9ho pohledu.B\u00f6hmisches Porcellan des 19. und 20. JahrhundertsDer Katalog erscheint angl\u00e4sslich einer Wanderausstellung, die eine Kooperation zwischen dem Porzellanikon \u2013 Staatliches Museum f\u00fcr Porzellan in Selb & Hohenberg a.d. Eger, dem Kunstgewerbemuseum in Prag sowie dem Westb\u00f6hmischen Museum in Pilsen ist. Jede Station setzte bei der Pr\u00e4sentation des b\u00f6hmischen Porzellans einen anderen inhaltlichen Schwerpunkt.","og_url":"https:\/\/www.upm.cz\/an\/eshop\/od-luxusniho-lazenskeho-suvenyru-po-designovy-predmet\/","og_site_name":"Um\u011bleckopr\u016fmyslov\u00e9 museum v Praze","article_modified_time":"2026-04-07T15:14:52+00:00","og_image":[{"width":884,"height":1200,"url":"https:\/\/www.upm.cz\/wp-content\/uploads\/Porcelan_CS_19-20_stol_2185.jpg","type":"image\/jpeg"}],"twitter_card":"summary_large_image","twitter_misc":{"Est. reading time":"1 minute"},"schema":{"@context":"https:\/\/schema.org","@graph":[{"@type":"WebPage","@id":"https:\/\/www.upm.cz\/eshop\/od-luxusniho-lazenskeho-suvenyru-po-designovy-predmet\/","url":"https:\/\/www.upm.cz\/eshop\/od-luxusniho-lazenskeho-suvenyru-po-designovy-predmet\/","name":"OD LUXUSN\u00cdHO L\u00c1ZE\u0147SK\u00c9HO SUVEN\u00ddRU PO DESIGNOV\u00dd P\u0158EDM\u011aT \/ VOM LUXUS-SOUVENIR DER KURORTE ZUM DESIGNOBJEKT - Um\u011bleckopr\u016fmyslov\u00e9 museum v Praze","isPartOf":{"@id":"https:\/\/www.upm.cz\/#website"},"primaryImageOfPage":{"@id":"https:\/\/www.upm.cz\/eshop\/od-luxusniho-lazenskeho-suvenyru-po-designovy-predmet\/#primaryimage"},"image":{"@id":"https:\/\/www.upm.cz\/eshop\/od-luxusniho-lazenskeho-suvenyru-po-designovy-predmet\/#primaryimage"},"thumbnailUrl":"https:\/\/www.upm.cz\/wp-content\/uploads\/Porcelan_CS_19-20_stol_2185.jpg","datePublished":"2024-01-19T10:27:31+00:00","dateModified":"2026-04-07T15:14:52+00:00","description":"\u010cESK\u00dd PORCEL\u00c1N 19. A 20. STOLET\u00cd. Tato publikace vych\u00e1z\u00ed p\u0159i p\u0159\u00edle\u017eitosti putovn\u00ed v\u00fdstavy \u010desk\u00e9ho porcel\u00e1nu, kter\u00e1 vznikla ve spolupr\u00e1ci Porzellanikon \u2013 St\u00e1tn\u00edho muzea porcel\u00e1nu v Selbu a Hohenbergu a.d. Eger, Um\u011bleckopr\u016fmyslov\u00e9ho musea v Praze a Z\u00e1pado\u010desk\u00e9ho muzea v Plzni. Ka\u017ed\u00e1 jednotliv\u00e1 v\u00fdstava p\u0159edstavuje \u010desk\u00fd porcel\u00e1n z jin\u00e9ho pohledu.B\u00f6hmisches Porcellan des 19. und 20. JahrhundertsDer Katalog erscheint angl\u00e4sslich einer Wanderausstellung, die eine Kooperation zwischen dem Porzellanikon \u2013 Staatliches Museum f\u00fcr Porzellan in Selb & Hohenberg a.d. Eger, dem Kunstgewerbemuseum in Prag sowie dem Westb\u00f6hmischen Museum in Pilsen ist. Jede Station setzte bei der Pr\u00e4sentation des b\u00f6hmischen Porzellans einen anderen inhaltlichen Schwerpunkt.","breadcrumb":{"@id":"https:\/\/www.upm.cz\/eshop\/od-luxusniho-lazenskeho-suvenyru-po-designovy-predmet\/#breadcrumb"},"inLanguage":"en-US","potentialAction":[{"@type":"ReadAction","target":["https:\/\/www.upm.cz\/eshop\/od-luxusniho-lazenskeho-suvenyru-po-designovy-predmet\/"]}]},{"@type":"ImageObject","inLanguage":"en-US","@id":"https:\/\/www.upm.cz\/eshop\/od-luxusniho-lazenskeho-suvenyru-po-designovy-predmet\/#primaryimage","url":"https:\/\/www.upm.cz\/wp-content\/uploads\/Porcelan_CS_19-20_stol_2185.jpg","contentUrl":"https:\/\/www.upm.cz\/wp-content\/uploads\/Porcelan_CS_19-20_stol_2185.jpg","width":884,"height":1200,"caption":"Od luxusn\u00edho l\u00e1ze\u0148sk\u00e9ho suven\u00fdru po designov\u00fd p\u0159edm\u011bt - kniha"},{"@type":"BreadcrumbList","@id":"https:\/\/www.upm.cz\/eshop\/od-luxusniho-lazenskeho-suvenyru-po-designovy-predmet\/#breadcrumb","itemListElement":[{"@type":"ListItem","position":1,"name":"Dom\u016f","item":"https:\/\/www.upm.cz\/"},{"@type":"ListItem","position":2,"name":"eshop","item":"https:\/\/www.upm.cz\/eshop\/"},{"@type":"ListItem","position":3,"name":"OD LUXUSN\u00cdHO L\u00c1ZE\u0147SK\u00c9HO SUVEN\u00ddRU PO DESIGNOV\u00dd P\u0158EDM\u011aT \/ VOM LUXUS-SOUVENIR DER KURORTE ZUM DESIGNOBJEKT"}]},{"@type":"WebSite","@id":"https:\/\/www.upm.cz\/#website","url":"https:\/\/www.upm.cz\/","name":"Um\u011bleckopr\u016fmyslov\u00e9 museum v Praze","description":"","publisher":{"@id":"https:\/\/www.upm.cz\/#organization"},"potentialAction":[{"@type":"SearchAction","target":{"@type":"EntryPoint","urlTemplate":"https:\/\/www.upm.cz\/?s={search_term_string}"},"query-input":{"@type":"PropertyValueSpecification","valueRequired":true,"valueName":"search_term_string"}}],"inLanguage":"en-US"},{"@type":"Organization","@id":"https:\/\/www.upm.cz\/#organization","name":"Um\u011bleckopr\u016fmyslov\u00e9 museum v Praze","url":"https:\/\/www.upm.cz\/","logo":{"@type":"ImageObject","inLanguage":"en-US","@id":"https:\/\/www.upm.cz\/#\/schema\/logo\/image\/","url":"https:\/\/www.upm.cz\/wp-content\/uploads\/2020\/03\/logo_upm_cz.svg","contentUrl":"https:\/\/www.upm.cz\/wp-content\/uploads\/2020\/03\/logo_upm_cz.svg","width":1736,"height":295,"caption":"Um\u011bleckopr\u016fmyslov\u00e9 museum v Praze"},"image":{"@id":"https:\/\/www.upm.cz\/#\/schema\/logo\/image\/"}}]}},"_links":{"self":[{"href":"https:\/\/www.upm.cz\/an\/wp-json\/wp\/v2\/product\/18617","targetHints":{"allow":["GET"]}}],"collection":[{"href":"https:\/\/www.upm.cz\/an\/wp-json\/wp\/v2\/product"}],"about":[{"href":"https:\/\/www.upm.cz\/an\/wp-json\/wp\/v2\/types\/product"}],"wp:featuredmedia":[{"embeddable":true,"href":"https:\/\/www.upm.cz\/an\/wp-json\/wp\/v2\/media\/18604"}],"wp:attachment":[{"href":"https:\/\/www.upm.cz\/an\/wp-json\/wp\/v2\/media?parent=18617"}],"wp:term":[{"taxonomy":"product_brand","embeddable":true,"href":"https:\/\/www.upm.cz\/an\/wp-json\/wp\/v2\/product_brand?post=18617"},{"taxonomy":"product_cat","embeddable":true,"href":"https:\/\/www.upm.cz\/an\/wp-json\/wp\/v2\/product_cat?post=18617"},{"taxonomy":"product_tag","embeddable":true,"href":"https:\/\/www.upm.cz\/an\/wp-json\/wp\/v2\/product_tag?post=18617"}],"curies":[{"name":"wp","href":"https:\/\/api.w.org\/{rel}","templated":true}]}}