{"id":18647,"date":"2024-01-20T10:29:46","date_gmt":"2024-01-20T09:29:46","guid":{"rendered":"https:\/\/www.upm.cz\/?post_type=product&#038;p=18647"},"modified":"2025-12-16T20:05:12","modified_gmt":"2025-12-16T19:05:12","slug":"art-life-art-for-life-pruvodce-stalou-expozici-upm-kopirovat","status":"publish","type":"product","link":"https:\/\/www.upm.cz\/an\/eshop\/art-life-art-for-life-pruvodce-stalou-expozici-upm-kopirovat\/","title":{"rendered":"ART, LIFE. ART FOR LIFE. GUIDE TO UPM PERMANENT EXHIBITIONS"},"content":{"rendered":"<p>The Art, Life permanent exhibition guide introduces the main themes and key exhibits. It enables visitors to recall the richness of the museum&#8217;s&nbsp;collections and the unique atmosphere of the exhibition spaces. It presents a&nbsp;selection of eighty of the most interesting examples of applied art and design from the 1,300 objects on display, accompanied by commentary. They include rare liturgical objects and garments, luxurious tableware for festive feasts, unique Renaissance art chambers revealing the secrets of the microcosm, fashionable clothing or jewellery adorning and shaping the human body, as well as works of modern and contemporary design. All of these objects have changed and are changing human life both practically and symbolically. It is this existential significance of applied art that is at the forefront of the UPM&#8217;s&nbsp;permanent exhibition concept.<\/p>","protected":false},"excerpt":{"rendered":"<p>publisher: Um\u011bleckopr\u016fmyslov\u00e9 museum v&nbsp;Praze 2023<br \/>\neditor: Radim Vondr\u00e1\u010dek<br \/>\ntexts: Ji\u0159\u00ed Fronek, Konstantina Hlav\u00e1\u010dkov\u00e1, Mark\u00e9ta Grill Janatov\u00e1, Iva Knobloch, Helena Koenigsmarkov\u00e1, Petja Mat\u011bjovi\u010d, Jan Mergl, Marie M\u00ed\u010dov\u00e1, Michal St\u0159\u00edbrn\u00fd, Eva Uchalov\u00e1, Lucie Vl\u010dkov\u00e1, Radim Vondr\u00e1\u010dek<br \/>\ngrafick\u00fd design: Petr Bos\u00e1k, Robert Jansa, Adam Mach\u00e1\u010dek (20YY Designers)<br \/>\nedition: english<br \/>\nformat: 31,4 x 23 cm<br \/>\nnumber of pages: 66<br \/>\npictures: 91<br \/>\nISBN 978-80-7101-217-7<\/p>","protected":false},"featured_media":21083,"template":"","meta":{"_acf_changed":false},"product_brand":[],"product_cat":[80],"product_tag":[],"class_list":{"0":"post-18647","1":"product","2":"type-product","3":"status-publish","4":"has-post-thumbnail","6":"product_cat-books","8":"first","9":"instock","10":"shipping-taxable","11":"purchasable","12":"product-type-simple"},"acf":[],"yoast_head":"<!-- This site is optimized with the Yoast SEO plugin v26.9 - https:\/\/yoast.com\/product\/yoast-seo-wordpress\/ -->\n<title>ART, LIFE. ART FOR LIFE. GUIDE TO UPM PERMANENT EXHIBITIONS - Um\u011bleckopr\u016fmyslov\u00e9 museum v Praze<\/title>\n<meta name=\"description\" content=\"The Art, Life permanent exhibition guide introduces the main themes and key exhibits. It enables visitors to recall the richness of the museum&#039;s collections and the unique atmosphere of the exhibition spaces. It presents a selection of eighty of the most interesting examples of applied art and design from the 1,300 objects on display, accompanied by commentary. They include rare liturgical objects and garments, luxurious tableware for festive feasts, unique Renaissance art chambers revealing the secrets of the microcosm, fashionable clothing or jewellery adorning and shaping the human body, as well as works of modern and contemporary design. All of these objects have changed and are changing human life both practically and symbolically. It is this existential significance of applied art that is at the forefront of the UPM&#039;s permanent exhibition concept.\" \/>\n<meta name=\"robots\" content=\"index, follow, max-snippet:-1, max-image-preview:large, max-video-preview:-1\" \/>\n<link rel=\"canonical\" href=\"https:\/\/www.upm.cz\/an\/eshop\/art-life-art-for-life-pruvodce-stalou-expozici-upm-kopirovat\/\" \/>\n<meta property=\"og:locale\" content=\"en_US\" \/>\n<meta property=\"og:type\" content=\"article\" \/>\n<meta property=\"og:title\" content=\"ART, LIFE. ART FOR LIFE. GUIDE TO UPM PERMANENT EXHIBITIONS - Um\u011bleckopr\u016fmyslov\u00e9 museum v Praze\" \/>\n<meta property=\"og:description\" content=\"The Art, Life permanent exhibition guide introduces the main themes and key exhibits. It enables visitors to recall the richness of the museum&#039;s collections and the unique atmosphere of the exhibition spaces. It presents a selection of eighty of the most interesting examples of applied art and design from the 1,300 objects on display, accompanied by commentary. They include rare liturgical objects and garments, luxurious tableware for festive feasts, unique Renaissance art chambers revealing the secrets of the microcosm, fashionable clothing or jewellery adorning and shaping the human body, as well as works of modern and contemporary design. All of these objects have changed and are changing human life both practically and symbolically. It is this existential significance of applied art that is at the forefront of the UPM&#039;s permanent exhibition concept.\" \/>\n<meta property=\"og:url\" content=\"https:\/\/www.upm.cz\/an\/eshop\/art-life-art-for-life-pruvodce-stalou-expozici-upm-kopirovat\/\" \/>\n<meta property=\"og:site_name\" content=\"Um\u011bleckopr\u016fmyslov\u00e9 museum v Praze\" \/>\n<meta property=\"article:modified_time\" content=\"2025-12-16T19:05:12+00:00\" \/>\n<meta property=\"og:image\" content=\"https:\/\/www.upm.cz\/wp-content\/uploads\/obalkaAJ.jpg\" \/>\n\t<meta property=\"og:image:width\" content=\"1359\" \/>\n\t<meta property=\"og:image:height\" content=\"1861\" \/>\n\t<meta property=\"og:image:type\" content=\"image\/jpeg\" \/>\n<meta name=\"twitter:card\" content=\"summary_large_image\" \/>\n<meta name=\"twitter:label1\" content=\"Est. reading time\" \/>\n\t<meta name=\"twitter:data1\" content=\"1 minute\" \/>\n<script type=\"application\/ld+json\" class=\"yoast-schema-graph\">{\"@context\":\"https:\/\/schema.org\",\"@graph\":[{\"@type\":\"WebPage\",\"@id\":\"https:\/\/www.upm.cz\/eshop\/art-life-art-for-life-pruvodce-stalou-expozici-upm-kopirovat\/\",\"url\":\"https:\/\/www.upm.cz\/eshop\/art-life-art-for-life-pruvodce-stalou-expozici-upm-kopirovat\/\",\"name\":\"ART, LIFE. ART FOR LIFE. GUIDE TO UPM PERMANENT EXHIBITIONS - Um\u011bleckopr\u016fmyslov\u00e9 museum v Praze\",\"isPartOf\":{\"@id\":\"https:\/\/www.upm.cz\/#website\"},\"primaryImageOfPage\":{\"@id\":\"https:\/\/www.upm.cz\/eshop\/art-life-art-for-life-pruvodce-stalou-expozici-upm-kopirovat\/#primaryimage\"},\"image\":{\"@id\":\"https:\/\/www.upm.cz\/eshop\/art-life-art-for-life-pruvodce-stalou-expozici-upm-kopirovat\/#primaryimage\"},\"thumbnailUrl\":\"https:\/\/www.upm.cz\/wp-content\/uploads\/obalkaAJ.jpg\",\"datePublished\":\"2024-01-20T09:29:46+00:00\",\"dateModified\":\"2025-12-16T19:05:12+00:00\",\"description\":\"The Art, Life permanent exhibition guide introduces the main themes and key exhibits. It enables visitors to recall the richness of the museum's collections and the unique atmosphere of the exhibition spaces. It presents a selection of eighty of the most interesting examples of applied art and design from the 1,300 objects on display, accompanied by commentary. They include rare liturgical objects and garments, luxurious tableware for festive feasts, unique Renaissance art chambers revealing the secrets of the microcosm, fashionable clothing or jewellery adorning and shaping the human body, as well as works of modern and contemporary design. All of these objects have changed and are changing human life both practically and symbolically. It is this existential significance of applied art that is at the forefront of the UPM's permanent exhibition concept.\",\"breadcrumb\":{\"@id\":\"https:\/\/www.upm.cz\/eshop\/art-life-art-for-life-pruvodce-stalou-expozici-upm-kopirovat\/#breadcrumb\"},\"inLanguage\":\"en-US\",\"potentialAction\":[{\"@type\":\"ReadAction\",\"target\":[\"https:\/\/www.upm.cz\/eshop\/art-life-art-for-life-pruvodce-stalou-expozici-upm-kopirovat\/\"]}]},{\"@type\":\"ImageObject\",\"inLanguage\":\"en-US\",\"@id\":\"https:\/\/www.upm.cz\/eshop\/art-life-art-for-life-pruvodce-stalou-expozici-upm-kopirovat\/#primaryimage\",\"url\":\"https:\/\/www.upm.cz\/wp-content\/uploads\/obalkaAJ.jpg\",\"contentUrl\":\"https:\/\/www.upm.cz\/wp-content\/uploads\/obalkaAJ.jpg\",\"width\":1359,\"height\":1861,\"caption\":\"ob\u00e1lka knihy Art Life\"},{\"@type\":\"BreadcrumbList\",\"@id\":\"https:\/\/www.upm.cz\/eshop\/art-life-art-for-life-pruvodce-stalou-expozici-upm-kopirovat\/#breadcrumb\",\"itemListElement\":[{\"@type\":\"ListItem\",\"position\":1,\"name\":\"Dom\u016f\",\"item\":\"https:\/\/www.upm.cz\/\"},{\"@type\":\"ListItem\",\"position\":2,\"name\":\"eshop\",\"item\":\"https:\/\/www.upm.cz\/eshop\/\"},{\"@type\":\"ListItem\",\"position\":3,\"name\":\"ART, LIFE. ART FOR LIFE. GUIDE TO UPM PERMANENT EXHIBITIONS\"}]},{\"@type\":\"WebSite\",\"@id\":\"https:\/\/www.upm.cz\/#website\",\"url\":\"https:\/\/www.upm.cz\/\",\"name\":\"Um\u011bleckopr\u016fmyslov\u00e9 museum v Praze\",\"description\":\"\",\"publisher\":{\"@id\":\"https:\/\/www.upm.cz\/#organization\"},\"potentialAction\":[{\"@type\":\"SearchAction\",\"target\":{\"@type\":\"EntryPoint\",\"urlTemplate\":\"https:\/\/www.upm.cz\/?s={search_term_string}\"},\"query-input\":{\"@type\":\"PropertyValueSpecification\",\"valueRequired\":true,\"valueName\":\"search_term_string\"}}],\"inLanguage\":\"en-US\"},{\"@type\":\"Organization\",\"@id\":\"https:\/\/www.upm.cz\/#organization\",\"name\":\"Um\u011bleckopr\u016fmyslov\u00e9 museum v Praze\",\"url\":\"https:\/\/www.upm.cz\/\",\"logo\":{\"@type\":\"ImageObject\",\"inLanguage\":\"en-US\",\"@id\":\"https:\/\/www.upm.cz\/#\/schema\/logo\/image\/\",\"url\":\"https:\/\/www.upm.cz\/wp-content\/uploads\/2020\/03\/logo_upm_cz.svg\",\"contentUrl\":\"https:\/\/www.upm.cz\/wp-content\/uploads\/2020\/03\/logo_upm_cz.svg\",\"width\":1736,\"height\":295,\"caption\":\"Um\u011bleckopr\u016fmyslov\u00e9 museum v Praze\"},\"image\":{\"@id\":\"https:\/\/www.upm.cz\/#\/schema\/logo\/image\/\"}}]}<\/script>\n<!-- \/ Yoast SEO plugin. -->","yoast_head_json":{"title":"ART, LIFE. ART FOR LIFE. GUIDE TO UPM PERMANENT EXHIBITIONS - Um\u011bleckopr\u016fmyslov\u00e9 museum v Praze","description":"The Art, Life permanent exhibition guide introduces the main themes and key exhibits. It enables visitors to recall the richness of the museum's collections and the unique atmosphere of the exhibition spaces. It presents a selection of eighty of the most interesting examples of applied art and design from the 1,300 objects on display, accompanied by commentary. They include rare liturgical objects and garments, luxurious tableware for festive feasts, unique Renaissance art chambers revealing the secrets of the microcosm, fashionable clothing or jewellery adorning and shaping the human body, as well as works of modern and contemporary design. All of these objects have changed and are changing human life both practically and symbolically. It is this existential significance of applied art that is at the forefront of the UPM's permanent exhibition concept.","robots":{"index":"index","follow":"follow","max-snippet":"max-snippet:-1","max-image-preview":"max-image-preview:large","max-video-preview":"max-video-preview:-1"},"canonical":"https:\/\/www.upm.cz\/an\/eshop\/art-life-art-for-life-pruvodce-stalou-expozici-upm-kopirovat\/","og_locale":"en_US","og_type":"article","og_title":"ART, LIFE. ART FOR LIFE. GUIDE TO UPM PERMANENT EXHIBITIONS - Um\u011bleckopr\u016fmyslov\u00e9 museum v Praze","og_description":"The Art, Life permanent exhibition guide introduces the main themes and key exhibits. It enables visitors to recall the richness of the museum's collections and the unique atmosphere of the exhibition spaces. It presents a selection of eighty of the most interesting examples of applied art and design from the 1,300 objects on display, accompanied by commentary. They include rare liturgical objects and garments, luxurious tableware for festive feasts, unique Renaissance art chambers revealing the secrets of the microcosm, fashionable clothing or jewellery adorning and shaping the human body, as well as works of modern and contemporary design. All of these objects have changed and are changing human life both practically and symbolically. It is this existential significance of applied art that is at the forefront of the UPM's permanent exhibition concept.","og_url":"https:\/\/www.upm.cz\/an\/eshop\/art-life-art-for-life-pruvodce-stalou-expozici-upm-kopirovat\/","og_site_name":"Um\u011bleckopr\u016fmyslov\u00e9 museum v Praze","article_modified_time":"2025-12-16T19:05:12+00:00","og_image":[{"width":1359,"height":1861,"url":"https:\/\/www.upm.cz\/wp-content\/uploads\/obalkaAJ.jpg","type":"image\/jpeg"}],"twitter_card":"summary_large_image","twitter_misc":{"Est. reading time":"1 minute"},"schema":{"@context":"https:\/\/schema.org","@graph":[{"@type":"WebPage","@id":"https:\/\/www.upm.cz\/eshop\/art-life-art-for-life-pruvodce-stalou-expozici-upm-kopirovat\/","url":"https:\/\/www.upm.cz\/eshop\/art-life-art-for-life-pruvodce-stalou-expozici-upm-kopirovat\/","name":"ART, LIFE. ART FOR LIFE. GUIDE TO UPM PERMANENT EXHIBITIONS - Um\u011bleckopr\u016fmyslov\u00e9 museum v Praze","isPartOf":{"@id":"https:\/\/www.upm.cz\/#website"},"primaryImageOfPage":{"@id":"https:\/\/www.upm.cz\/eshop\/art-life-art-for-life-pruvodce-stalou-expozici-upm-kopirovat\/#primaryimage"},"image":{"@id":"https:\/\/www.upm.cz\/eshop\/art-life-art-for-life-pruvodce-stalou-expozici-upm-kopirovat\/#primaryimage"},"thumbnailUrl":"https:\/\/www.upm.cz\/wp-content\/uploads\/obalkaAJ.jpg","datePublished":"2024-01-20T09:29:46+00:00","dateModified":"2025-12-16T19:05:12+00:00","description":"The Art, Life permanent exhibition guide introduces the main themes and key exhibits. It enables visitors to recall the richness of the museum's collections and the unique atmosphere of the exhibition spaces. It presents a selection of eighty of the most interesting examples of applied art and design from the 1,300 objects on display, accompanied by commentary. They include rare liturgical objects and garments, luxurious tableware for festive feasts, unique Renaissance art chambers revealing the secrets of the microcosm, fashionable clothing or jewellery adorning and shaping the human body, as well as works of modern and contemporary design. All of these objects have changed and are changing human life both practically and symbolically. It is this existential significance of applied art that is at the forefront of the UPM's permanent exhibition concept.","breadcrumb":{"@id":"https:\/\/www.upm.cz\/eshop\/art-life-art-for-life-pruvodce-stalou-expozici-upm-kopirovat\/#breadcrumb"},"inLanguage":"en-US","potentialAction":[{"@type":"ReadAction","target":["https:\/\/www.upm.cz\/eshop\/art-life-art-for-life-pruvodce-stalou-expozici-upm-kopirovat\/"]}]},{"@type":"ImageObject","inLanguage":"en-US","@id":"https:\/\/www.upm.cz\/eshop\/art-life-art-for-life-pruvodce-stalou-expozici-upm-kopirovat\/#primaryimage","url":"https:\/\/www.upm.cz\/wp-content\/uploads\/obalkaAJ.jpg","contentUrl":"https:\/\/www.upm.cz\/wp-content\/uploads\/obalkaAJ.jpg","width":1359,"height":1861,"caption":"ob\u00e1lka knihy Art Life"},{"@type":"BreadcrumbList","@id":"https:\/\/www.upm.cz\/eshop\/art-life-art-for-life-pruvodce-stalou-expozici-upm-kopirovat\/#breadcrumb","itemListElement":[{"@type":"ListItem","position":1,"name":"Dom\u016f","item":"https:\/\/www.upm.cz\/"},{"@type":"ListItem","position":2,"name":"eshop","item":"https:\/\/www.upm.cz\/eshop\/"},{"@type":"ListItem","position":3,"name":"ART, LIFE. ART FOR LIFE. GUIDE TO UPM PERMANENT EXHIBITIONS"}]},{"@type":"WebSite","@id":"https:\/\/www.upm.cz\/#website","url":"https:\/\/www.upm.cz\/","name":"Um\u011bleckopr\u016fmyslov\u00e9 museum v Praze","description":"","publisher":{"@id":"https:\/\/www.upm.cz\/#organization"},"potentialAction":[{"@type":"SearchAction","target":{"@type":"EntryPoint","urlTemplate":"https:\/\/www.upm.cz\/?s={search_term_string}"},"query-input":{"@type":"PropertyValueSpecification","valueRequired":true,"valueName":"search_term_string"}}],"inLanguage":"en-US"},{"@type":"Organization","@id":"https:\/\/www.upm.cz\/#organization","name":"Um\u011bleckopr\u016fmyslov\u00e9 museum v Praze","url":"https:\/\/www.upm.cz\/","logo":{"@type":"ImageObject","inLanguage":"en-US","@id":"https:\/\/www.upm.cz\/#\/schema\/logo\/image\/","url":"https:\/\/www.upm.cz\/wp-content\/uploads\/2020\/03\/logo_upm_cz.svg","contentUrl":"https:\/\/www.upm.cz\/wp-content\/uploads\/2020\/03\/logo_upm_cz.svg","width":1736,"height":295,"caption":"Um\u011bleckopr\u016fmyslov\u00e9 museum v Praze"},"image":{"@id":"https:\/\/www.upm.cz\/#\/schema\/logo\/image\/"}}]}},"_links":{"self":[{"href":"https:\/\/www.upm.cz\/an\/wp-json\/wp\/v2\/product\/18647","targetHints":{"allow":["GET"]}}],"collection":[{"href":"https:\/\/www.upm.cz\/an\/wp-json\/wp\/v2\/product"}],"about":[{"href":"https:\/\/www.upm.cz\/an\/wp-json\/wp\/v2\/types\/product"}],"wp:featuredmedia":[{"embeddable":true,"href":"https:\/\/www.upm.cz\/an\/wp-json\/wp\/v2\/media\/21083"}],"wp:attachment":[{"href":"https:\/\/www.upm.cz\/an\/wp-json\/wp\/v2\/media?parent=18647"}],"wp:term":[{"taxonomy":"product_brand","embeddable":true,"href":"https:\/\/www.upm.cz\/an\/wp-json\/wp\/v2\/product_brand?post=18647"},{"taxonomy":"product_cat","embeddable":true,"href":"https:\/\/www.upm.cz\/an\/wp-json\/wp\/v2\/product_cat?post=18647"},{"taxonomy":"product_tag","embeddable":true,"href":"https:\/\/www.upm.cz\/an\/wp-json\/wp\/v2\/product_tag?post=18647"}],"curies":[{"name":"wp","href":"https:\/\/api.w.org\/{rel}","templated":true}]}}