{"id":19306,"date":"2024-04-10T10:28:58","date_gmt":"2024-04-10T08:28:58","guid":{"rendered":"https:\/\/www.upm.cz\/?post_type=product&#038;p=19306"},"modified":"2025-12-24T23:43:13","modified_gmt":"2025-12-24T22:43:13","slug":"detem-na-miru-autorska-tvorba-pro-deti-v-socialistickem-ceskoslovensku","status":"publish","type":"product","link":"https:\/\/www.upm.cz\/an\/eshop\/detem-na-miru-autorska-tvorba-pro-deti-v-socialistickem-ceskoslovensku\/","title":{"rendered":"D\u011aTEM NA M\u00cdRU. AUTORSK\u00c1 TVORBA PRO D\u011aTI V&nbsp;SOCIALISTICK\u00c9M \u010cESKOSLOVENSKU"},"content":{"rendered":"<p>Publikace se zab\u00fdv\u00e1 designem n\u00e1bytku, hra\u010dek a&nbsp;u\u017eitou grafikou pro d\u011bti p\u0159ed\u0161koln\u00edho a&nbsp;mlad\u0161\u00edho \u0161koln\u00edho v\u011bku v&nbsp;socialistick\u00e9m \u010ceskoslovensku. Vedle hra\u010dek \u010di&nbsp;knih, kter\u00e9 se do\u010dkaly masov\u00e9 v\u00fdroby a&nbsp;stotis\u00edcov\u00fdch n\u00e1klad\u016f a&nbsp;kter\u00e9 dodnes najdeme v&nbsp;mnoha dom\u00e1cnostech, si autorky jednotliv\u00fdch studi\u00ed v\u0161\u00edmaj\u00ed kus\u016f, je\u017e z\u016fstaly jen ve f\u00e1zi n\u00e1vrh\u016f a&nbsp;prototyp\u016f. Podobn\u011b jako v&nbsp;mnoha jin\u00fdch oblastech dobov\u00e9 produkce i&nbsp;v&nbsp;designu pro d\u011bti platilo, \u017ee mnoho v\u011bc\u00ed bylo vymy\u0161leno \u010di&nbsp;vyzkou\u0161eno v&nbsp;experiment\u00e1ln\u00ed poloze, do v\u00fdroby se v\u0161ak v\u011bt\u0161inou nedostaly. Kniha nech\u00e1v\u00e1 stranou fenom\u00e9n \u201eretra\u201c a&nbsp;soust\u0159ed\u00ed se na inovativn\u00ed koncep\u010dn\u00ed, v\u00fdtvarn\u00e1 a&nbsp;materi\u00e1lov\u00e1 \u0159e\u0161en\u00ed. Medailonky p\u0159ibli\u017euj\u00ed dv\u011b des\u00edtky \u010desk\u00fdch a&nbsp;slovensk\u00fdch autor\u016f, kte\u0159\u00ed se v\u011bnovali tvorb\u011b pro d\u011bti s&nbsp;ohledem na jejich specifika a&nbsp;pot\u0159eby. Kniha navazuje na stejnojmennou v\u00fdstavu, kterou do za\u010d\u00e1tku \u010dervna 2024 host\u00ed Slovensk\u00e9 n\u00e1rodn\u00ed muzeum v&nbsp;Bratislav\u011b (30.&nbsp;11.&nbsp;2023\u20132.&nbsp;6.&nbsp;2024) a&nbsp;ji\u017e p\u0159ipravila kur\u00e1torka UPM Lucie Sk\u0159iv\u00e1nkov\u00e1.<\/p>","protected":false},"excerpt":{"rendered":"<p>editorka: Lucie Sk\u0159iv\u00e1nkov\u00e1<br \/>\ntexty: Jana \u010cern\u00e1, Lucie Sk\u0159iv\u00e1nkov\u00e1, Marta Sylvestrov\u00e1, Mark\u00e9ta Vinglerov\u00e1, Lucie Vl\u010dkov\u00e1<br \/>\nvydavatel: UPM, 2023<br \/>\nvyd\u00e1n\u00ed: \u010desk\u00e9 s&nbsp;anglick\u00fdm resum\u00e9<br \/>\ngrafick\u00fd design: \u0160t\u011bp\u00e1n Malovec<br \/>\npo\u010det stran: 336<br \/>\npo\u010det reprodukc\u00ed: 236<br \/>\nISBN 978-80-7101-222-1<\/p>","protected":false},"featured_media":19307,"template":"","meta":{"_acf_changed":false},"product_brand":[],"product_cat":[45],"product_tag":[],"class_list":{"0":"post-19306","1":"product","2":"type-product","3":"status-publish","4":"has-post-thumbnail","6":"product_cat-knihy","8":"first","9":"instock","10":"shipping-taxable","11":"purchasable","12":"product-type-simple"},"acf":[],"yoast_head":"<!-- This site is optimized with the Yoast SEO plugin v26.9 - https:\/\/yoast.com\/product\/yoast-seo-wordpress\/ -->\n<title>D\u011aTEM NA M\u00cdRU. AUTORSK\u00c1 TVORBA PRO D\u011aTI V SOCIALISTICK\u00c9M \u010cESKOSLOVENSKU - Um\u011bleckopr\u016fmyslov\u00e9 museum v Praze<\/title>\n<meta name=\"description\" content=\"Publikace se zab\u00fdv\u00e1 designem n\u00e1bytku, hra\u010dek a u\u017eitou grafikou pro d\u011bti p\u0159ed\u0161koln\u00edho a mlad\u0161\u00edho \u0161koln\u00edho v\u011bku v socialistick\u00e9m \u010ceskoslovensku. Vedle hra\u010dek \u010di knih, kter\u00e9 se do\u010dkaly masov\u00e9 v\u00fdroby a stotis\u00edcov\u00fdch n\u00e1klad\u016f a kter\u00e9 dodnes najdeme v mnoha dom\u00e1cnostech, si autorky jednotliv\u00fdch studi\u00ed v\u0161\u00edmaj\u00ed kus\u016f, je\u017e z\u016fstaly jen ve f\u00e1zi n\u00e1vrh\u016f a prototyp\u016f.\" \/>\n<meta name=\"robots\" content=\"index, follow, max-snippet:-1, max-image-preview:large, max-video-preview:-1\" \/>\n<link rel=\"canonical\" href=\"https:\/\/www.upm.cz\/an\/eshop\/detem-na-miru-autorska-tvorba-pro-deti-v-socialistickem-ceskoslovensku\/\" \/>\n<meta property=\"og:locale\" content=\"en_US\" \/>\n<meta property=\"og:type\" content=\"article\" \/>\n<meta property=\"og:title\" content=\"D\u011aTEM NA M\u00cdRU. AUTORSK\u00c1 TVORBA PRO D\u011aTI V SOCIALISTICK\u00c9M \u010cESKOSLOVENSKU - Um\u011bleckopr\u016fmyslov\u00e9 museum v Praze\" \/>\n<meta property=\"og:description\" content=\"Publikace se zab\u00fdv\u00e1 designem n\u00e1bytku, hra\u010dek a u\u017eitou grafikou pro d\u011bti p\u0159ed\u0161koln\u00edho a mlad\u0161\u00edho \u0161koln\u00edho v\u011bku v socialistick\u00e9m \u010ceskoslovensku. Vedle hra\u010dek \u010di knih, kter\u00e9 se do\u010dkaly masov\u00e9 v\u00fdroby a stotis\u00edcov\u00fdch n\u00e1klad\u016f a kter\u00e9 dodnes najdeme v mnoha dom\u00e1cnostech, si autorky jednotliv\u00fdch studi\u00ed v\u0161\u00edmaj\u00ed kus\u016f, je\u017e z\u016fstaly jen ve f\u00e1zi n\u00e1vrh\u016f a prototyp\u016f.\" \/>\n<meta property=\"og:url\" content=\"https:\/\/www.upm.cz\/an\/eshop\/detem-na-miru-autorska-tvorba-pro-deti-v-socialistickem-ceskoslovensku\/\" \/>\n<meta property=\"og:site_name\" content=\"Um\u011bleckopr\u016fmyslov\u00e9 museum v Praze\" \/>\n<meta property=\"article:modified_time\" content=\"2025-12-24T22:43:13+00:00\" \/>\n<meta property=\"og:image\" content=\"https:\/\/www.upm.cz\/wp-content\/uploads\/DnM_3134_A4-scaled.jpg\" \/>\n\t<meta property=\"og:image:width\" content=\"1902\" \/>\n\t<meta property=\"og:image:height\" content=\"2560\" \/>\n\t<meta property=\"og:image:type\" content=\"image\/jpeg\" \/>\n<meta name=\"twitter:card\" content=\"summary_large_image\" \/>\n<meta name=\"twitter:label1\" content=\"Est. reading time\" \/>\n\t<meta name=\"twitter:data1\" content=\"1 minute\" \/>\n<script type=\"application\/ld+json\" class=\"yoast-schema-graph\">{\"@context\":\"https:\/\/schema.org\",\"@graph\":[{\"@type\":\"WebPage\",\"@id\":\"https:\/\/www.upm.cz\/eshop\/detem-na-miru-autorska-tvorba-pro-deti-v-socialistickem-ceskoslovensku\/\",\"url\":\"https:\/\/www.upm.cz\/eshop\/detem-na-miru-autorska-tvorba-pro-deti-v-socialistickem-ceskoslovensku\/\",\"name\":\"D\u011aTEM NA M\u00cdRU. AUTORSK\u00c1 TVORBA PRO D\u011aTI V SOCIALISTICK\u00c9M \u010cESKOSLOVENSKU - Um\u011bleckopr\u016fmyslov\u00e9 museum v Praze\",\"isPartOf\":{\"@id\":\"https:\/\/www.upm.cz\/#website\"},\"primaryImageOfPage\":{\"@id\":\"https:\/\/www.upm.cz\/eshop\/detem-na-miru-autorska-tvorba-pro-deti-v-socialistickem-ceskoslovensku\/#primaryimage\"},\"image\":{\"@id\":\"https:\/\/www.upm.cz\/eshop\/detem-na-miru-autorska-tvorba-pro-deti-v-socialistickem-ceskoslovensku\/#primaryimage\"},\"thumbnailUrl\":\"https:\/\/www.upm.cz\/wp-content\/uploads\/DnM_3134_A4-scaled.jpg\",\"datePublished\":\"2024-04-10T08:28:58+00:00\",\"dateModified\":\"2025-12-24T22:43:13+00:00\",\"description\":\"Publikace se zab\u00fdv\u00e1 designem n\u00e1bytku, hra\u010dek a u\u017eitou grafikou pro d\u011bti p\u0159ed\u0161koln\u00edho a mlad\u0161\u00edho \u0161koln\u00edho v\u011bku v socialistick\u00e9m \u010ceskoslovensku. Vedle hra\u010dek \u010di knih, kter\u00e9 se do\u010dkaly masov\u00e9 v\u00fdroby a stotis\u00edcov\u00fdch n\u00e1klad\u016f a kter\u00e9 dodnes najdeme v mnoha dom\u00e1cnostech, si autorky jednotliv\u00fdch studi\u00ed v\u0161\u00edmaj\u00ed kus\u016f, je\u017e z\u016fstaly jen ve f\u00e1zi n\u00e1vrh\u016f a prototyp\u016f.\",\"breadcrumb\":{\"@id\":\"https:\/\/www.upm.cz\/eshop\/detem-na-miru-autorska-tvorba-pro-deti-v-socialistickem-ceskoslovensku\/#breadcrumb\"},\"inLanguage\":\"en-US\",\"potentialAction\":[{\"@type\":\"ReadAction\",\"target\":[\"https:\/\/www.upm.cz\/eshop\/detem-na-miru-autorska-tvorba-pro-deti-v-socialistickem-ceskoslovensku\/\"]}]},{\"@type\":\"ImageObject\",\"inLanguage\":\"en-US\",\"@id\":\"https:\/\/www.upm.cz\/eshop\/detem-na-miru-autorska-tvorba-pro-deti-v-socialistickem-ceskoslovensku\/#primaryimage\",\"url\":\"https:\/\/www.upm.cz\/wp-content\/uploads\/DnM_3134_A4-scaled.jpg\",\"contentUrl\":\"https:\/\/www.upm.cz\/wp-content\/uploads\/DnM_3134_A4-scaled.jpg\",\"width\":1902,\"height\":2560,\"caption\":\"D\u011btem na m\u00edru - kniha\"},{\"@type\":\"BreadcrumbList\",\"@id\":\"https:\/\/www.upm.cz\/eshop\/detem-na-miru-autorska-tvorba-pro-deti-v-socialistickem-ceskoslovensku\/#breadcrumb\",\"itemListElement\":[{\"@type\":\"ListItem\",\"position\":1,\"name\":\"Dom\u016f\",\"item\":\"https:\/\/www.upm.cz\/\"},{\"@type\":\"ListItem\",\"position\":2,\"name\":\"eshop\",\"item\":\"https:\/\/www.upm.cz\/eshop\/\"},{\"@type\":\"ListItem\",\"position\":3,\"name\":\"D\u011aTEM NA M\u00cdRU. AUTORSK\u00c1 TVORBA PRO D\u011aTI V SOCIALISTICK\u00c9M \u010cESKOSLOVENSKU\"}]},{\"@type\":\"WebSite\",\"@id\":\"https:\/\/www.upm.cz\/#website\",\"url\":\"https:\/\/www.upm.cz\/\",\"name\":\"Um\u011bleckopr\u016fmyslov\u00e9 museum v Praze\",\"description\":\"\",\"publisher\":{\"@id\":\"https:\/\/www.upm.cz\/#organization\"},\"potentialAction\":[{\"@type\":\"SearchAction\",\"target\":{\"@type\":\"EntryPoint\",\"urlTemplate\":\"https:\/\/www.upm.cz\/?s={search_term_string}\"},\"query-input\":{\"@type\":\"PropertyValueSpecification\",\"valueRequired\":true,\"valueName\":\"search_term_string\"}}],\"inLanguage\":\"en-US\"},{\"@type\":\"Organization\",\"@id\":\"https:\/\/www.upm.cz\/#organization\",\"name\":\"Um\u011bleckopr\u016fmyslov\u00e9 museum v Praze\",\"url\":\"https:\/\/www.upm.cz\/\",\"logo\":{\"@type\":\"ImageObject\",\"inLanguage\":\"en-US\",\"@id\":\"https:\/\/www.upm.cz\/#\/schema\/logo\/image\/\",\"url\":\"https:\/\/www.upm.cz\/wp-content\/uploads\/2020\/03\/logo_upm_cz.svg\",\"contentUrl\":\"https:\/\/www.upm.cz\/wp-content\/uploads\/2020\/03\/logo_upm_cz.svg\",\"width\":1736,\"height\":295,\"caption\":\"Um\u011bleckopr\u016fmyslov\u00e9 museum v Praze\"},\"image\":{\"@id\":\"https:\/\/www.upm.cz\/#\/schema\/logo\/image\/\"}}]}<\/script>\n<!-- \/ Yoast SEO plugin. -->","yoast_head_json":{"title":"D\u011aTEM NA M\u00cdRU. AUTORSK\u00c1 TVORBA PRO D\u011aTI V SOCIALISTICK\u00c9M \u010cESKOSLOVENSKU - Um\u011bleckopr\u016fmyslov\u00e9 museum v Praze","description":"Publikace se zab\u00fdv\u00e1 designem n\u00e1bytku, hra\u010dek a u\u017eitou grafikou pro d\u011bti p\u0159ed\u0161koln\u00edho a mlad\u0161\u00edho \u0161koln\u00edho v\u011bku v socialistick\u00e9m \u010ceskoslovensku. Vedle hra\u010dek \u010di knih, kter\u00e9 se do\u010dkaly masov\u00e9 v\u00fdroby a stotis\u00edcov\u00fdch n\u00e1klad\u016f a kter\u00e9 dodnes najdeme v mnoha dom\u00e1cnostech, si autorky jednotliv\u00fdch studi\u00ed v\u0161\u00edmaj\u00ed kus\u016f, je\u017e z\u016fstaly jen ve f\u00e1zi n\u00e1vrh\u016f a prototyp\u016f.","robots":{"index":"index","follow":"follow","max-snippet":"max-snippet:-1","max-image-preview":"max-image-preview:large","max-video-preview":"max-video-preview:-1"},"canonical":"https:\/\/www.upm.cz\/an\/eshop\/detem-na-miru-autorska-tvorba-pro-deti-v-socialistickem-ceskoslovensku\/","og_locale":"en_US","og_type":"article","og_title":"D\u011aTEM NA M\u00cdRU. AUTORSK\u00c1 TVORBA PRO D\u011aTI V SOCIALISTICK\u00c9M \u010cESKOSLOVENSKU - Um\u011bleckopr\u016fmyslov\u00e9 museum v Praze","og_description":"Publikace se zab\u00fdv\u00e1 designem n\u00e1bytku, hra\u010dek a u\u017eitou grafikou pro d\u011bti p\u0159ed\u0161koln\u00edho a mlad\u0161\u00edho \u0161koln\u00edho v\u011bku v socialistick\u00e9m \u010ceskoslovensku. Vedle hra\u010dek \u010di knih, kter\u00e9 se do\u010dkaly masov\u00e9 v\u00fdroby a stotis\u00edcov\u00fdch n\u00e1klad\u016f a kter\u00e9 dodnes najdeme v mnoha dom\u00e1cnostech, si autorky jednotliv\u00fdch studi\u00ed v\u0161\u00edmaj\u00ed kus\u016f, je\u017e z\u016fstaly jen ve f\u00e1zi n\u00e1vrh\u016f a prototyp\u016f.","og_url":"https:\/\/www.upm.cz\/an\/eshop\/detem-na-miru-autorska-tvorba-pro-deti-v-socialistickem-ceskoslovensku\/","og_site_name":"Um\u011bleckopr\u016fmyslov\u00e9 museum v Praze","article_modified_time":"2025-12-24T22:43:13+00:00","og_image":[{"width":1902,"height":2560,"url":"https:\/\/www.upm.cz\/wp-content\/uploads\/DnM_3134_A4-scaled.jpg","type":"image\/jpeg"}],"twitter_card":"summary_large_image","twitter_misc":{"Est. reading time":"1 minute"},"schema":{"@context":"https:\/\/schema.org","@graph":[{"@type":"WebPage","@id":"https:\/\/www.upm.cz\/eshop\/detem-na-miru-autorska-tvorba-pro-deti-v-socialistickem-ceskoslovensku\/","url":"https:\/\/www.upm.cz\/eshop\/detem-na-miru-autorska-tvorba-pro-deti-v-socialistickem-ceskoslovensku\/","name":"D\u011aTEM NA M\u00cdRU. AUTORSK\u00c1 TVORBA PRO D\u011aTI V SOCIALISTICK\u00c9M \u010cESKOSLOVENSKU - Um\u011bleckopr\u016fmyslov\u00e9 museum v Praze","isPartOf":{"@id":"https:\/\/www.upm.cz\/#website"},"primaryImageOfPage":{"@id":"https:\/\/www.upm.cz\/eshop\/detem-na-miru-autorska-tvorba-pro-deti-v-socialistickem-ceskoslovensku\/#primaryimage"},"image":{"@id":"https:\/\/www.upm.cz\/eshop\/detem-na-miru-autorska-tvorba-pro-deti-v-socialistickem-ceskoslovensku\/#primaryimage"},"thumbnailUrl":"https:\/\/www.upm.cz\/wp-content\/uploads\/DnM_3134_A4-scaled.jpg","datePublished":"2024-04-10T08:28:58+00:00","dateModified":"2025-12-24T22:43:13+00:00","description":"Publikace se zab\u00fdv\u00e1 designem n\u00e1bytku, hra\u010dek a u\u017eitou grafikou pro d\u011bti p\u0159ed\u0161koln\u00edho a mlad\u0161\u00edho \u0161koln\u00edho v\u011bku v socialistick\u00e9m \u010ceskoslovensku. Vedle hra\u010dek \u010di knih, kter\u00e9 se do\u010dkaly masov\u00e9 v\u00fdroby a stotis\u00edcov\u00fdch n\u00e1klad\u016f a kter\u00e9 dodnes najdeme v mnoha dom\u00e1cnostech, si autorky jednotliv\u00fdch studi\u00ed v\u0161\u00edmaj\u00ed kus\u016f, je\u017e z\u016fstaly jen ve f\u00e1zi n\u00e1vrh\u016f a prototyp\u016f.","breadcrumb":{"@id":"https:\/\/www.upm.cz\/eshop\/detem-na-miru-autorska-tvorba-pro-deti-v-socialistickem-ceskoslovensku\/#breadcrumb"},"inLanguage":"en-US","potentialAction":[{"@type":"ReadAction","target":["https:\/\/www.upm.cz\/eshop\/detem-na-miru-autorska-tvorba-pro-deti-v-socialistickem-ceskoslovensku\/"]}]},{"@type":"ImageObject","inLanguage":"en-US","@id":"https:\/\/www.upm.cz\/eshop\/detem-na-miru-autorska-tvorba-pro-deti-v-socialistickem-ceskoslovensku\/#primaryimage","url":"https:\/\/www.upm.cz\/wp-content\/uploads\/DnM_3134_A4-scaled.jpg","contentUrl":"https:\/\/www.upm.cz\/wp-content\/uploads\/DnM_3134_A4-scaled.jpg","width":1902,"height":2560,"caption":"D\u011btem na m\u00edru - kniha"},{"@type":"BreadcrumbList","@id":"https:\/\/www.upm.cz\/eshop\/detem-na-miru-autorska-tvorba-pro-deti-v-socialistickem-ceskoslovensku\/#breadcrumb","itemListElement":[{"@type":"ListItem","position":1,"name":"Dom\u016f","item":"https:\/\/www.upm.cz\/"},{"@type":"ListItem","position":2,"name":"eshop","item":"https:\/\/www.upm.cz\/eshop\/"},{"@type":"ListItem","position":3,"name":"D\u011aTEM NA M\u00cdRU. AUTORSK\u00c1 TVORBA PRO D\u011aTI V SOCIALISTICK\u00c9M \u010cESKOSLOVENSKU"}]},{"@type":"WebSite","@id":"https:\/\/www.upm.cz\/#website","url":"https:\/\/www.upm.cz\/","name":"Um\u011bleckopr\u016fmyslov\u00e9 museum v Praze","description":"","publisher":{"@id":"https:\/\/www.upm.cz\/#organization"},"potentialAction":[{"@type":"SearchAction","target":{"@type":"EntryPoint","urlTemplate":"https:\/\/www.upm.cz\/?s={search_term_string}"},"query-input":{"@type":"PropertyValueSpecification","valueRequired":true,"valueName":"search_term_string"}}],"inLanguage":"en-US"},{"@type":"Organization","@id":"https:\/\/www.upm.cz\/#organization","name":"Um\u011bleckopr\u016fmyslov\u00e9 museum v Praze","url":"https:\/\/www.upm.cz\/","logo":{"@type":"ImageObject","inLanguage":"en-US","@id":"https:\/\/www.upm.cz\/#\/schema\/logo\/image\/","url":"https:\/\/www.upm.cz\/wp-content\/uploads\/2020\/03\/logo_upm_cz.svg","contentUrl":"https:\/\/www.upm.cz\/wp-content\/uploads\/2020\/03\/logo_upm_cz.svg","width":1736,"height":295,"caption":"Um\u011bleckopr\u016fmyslov\u00e9 museum v Praze"},"image":{"@id":"https:\/\/www.upm.cz\/#\/schema\/logo\/image\/"}}]}},"_links":{"self":[{"href":"https:\/\/www.upm.cz\/an\/wp-json\/wp\/v2\/product\/19306","targetHints":{"allow":["GET"]}}],"collection":[{"href":"https:\/\/www.upm.cz\/an\/wp-json\/wp\/v2\/product"}],"about":[{"href":"https:\/\/www.upm.cz\/an\/wp-json\/wp\/v2\/types\/product"}],"wp:featuredmedia":[{"embeddable":true,"href":"https:\/\/www.upm.cz\/an\/wp-json\/wp\/v2\/media\/19307"}],"wp:attachment":[{"href":"https:\/\/www.upm.cz\/an\/wp-json\/wp\/v2\/media?parent=19306"}],"wp:term":[{"taxonomy":"product_brand","embeddable":true,"href":"https:\/\/www.upm.cz\/an\/wp-json\/wp\/v2\/product_brand?post=19306"},{"taxonomy":"product_cat","embeddable":true,"href":"https:\/\/www.upm.cz\/an\/wp-json\/wp\/v2\/product_cat?post=19306"},{"taxonomy":"product_tag","embeddable":true,"href":"https:\/\/www.upm.cz\/an\/wp-json\/wp\/v2\/product_tag?post=19306"}],"curies":[{"name":"wp","href":"https:\/\/api.w.org\/{rel}","templated":true}]}}