{"id":20057,"date":"2024-06-21T13:43:25","date_gmt":"2024-06-21T11:43:25","guid":{"rendered":"https:\/\/www.upm.cz\/?post_type=product&#038;p=20057"},"modified":"2024-06-21T13:44:55","modified_gmt":"2024-06-21T11:44:55","slug":"pohlednice-k-vystave-zijeme-lidsky-kopirovat","status":"publish","type":"product","link":"https:\/\/www.upm.cz\/an\/eshop\/pohlednice-k-vystave-zijeme-lidsky-kopirovat\/","title":{"rendered":"POHLEDNICE K&nbsp;V\u00ddSTAV\u011a \u017dIJEME LIDSKY?"},"content":{"rendered":"","protected":false},"excerpt":{"rendered":"<p>Pohlednice k&nbsp;v\u00fdstav\u011b \u017dijeme lidsky? Svaz \u010deskoslovensk\u00e9ho d\u00edla 1914\u20131948, hnut\u00ed za reformu bydlen\u00ed. Grafick\u00fd design Kristina Ambrozov\u00e1 a&nbsp;\u0160t\u011bp\u00e1n Malovec s&nbsp;vyu\u017eit\u00edm dobov\u00fdch karikatur a&nbsp;fotografi\u00ed.<br \/>\nForm\u00e1t A5<\/p>","protected":false},"featured_media":20052,"template":"","meta":{"_acf_changed":false},"product_brand":[],"product_cat":[49],"product_tag":[],"class_list":{"0":"post-20057","1":"product","2":"type-product","3":"status-publish","4":"has-post-thumbnail","6":"product_cat-ostatni","8":"first","9":"instock","10":"shipping-taxable","11":"purchasable","12":"product-type-simple"},"acf":[],"yoast_head":"<!-- This site is optimized with the Yoast SEO plugin v26.9 - https:\/\/yoast.com\/product\/yoast-seo-wordpress\/ -->\n<title>POHLEDNICE K V\u00ddSTAV\u011a \u017dIJEME LIDSKY? - Um\u011bleckopr\u016fmyslov\u00e9 museum v Praze<\/title>\n<meta name=\"description\" content=\"Pohlednice k v\u00fdstav\u011b \u017dijeme lidsky? Svaz \u010deskoslovensk\u00e9ho d\u00edla 1914\u20131948, hnut\u00ed za reformu bydlen\u00ed. Grafick\u00fd design Kristina Ambrozov\u00e1 a \u0160t\u011bp\u00e1n Malovec s vyu\u017eit\u00edm dobov\u00fdch karikatur a fotografi\u00ed.Form\u00e1t A5\" \/>\n<meta name=\"robots\" content=\"index, follow, max-snippet:-1, max-image-preview:large, max-video-preview:-1\" \/>\n<link rel=\"canonical\" href=\"https:\/\/www.upm.cz\/an\/eshop\/pohlednice-k-vystave-zijeme-lidsky-kopirovat\/\" \/>\n<meta property=\"og:locale\" content=\"en_US\" \/>\n<meta property=\"og:type\" content=\"article\" \/>\n<meta property=\"og:title\" content=\"POHLEDNICE K V\u00ddSTAV\u011a \u017dIJEME LIDSKY? - Um\u011bleckopr\u016fmyslov\u00e9 museum v Praze\" \/>\n<meta property=\"og:description\" content=\"Pohlednice k v\u00fdstav\u011b \u017dijeme lidsky? Svaz \u010deskoslovensk\u00e9ho d\u00edla 1914\u20131948, hnut\u00ed za reformu bydlen\u00ed. Grafick\u00fd design Kristina Ambrozov\u00e1 a \u0160t\u011bp\u00e1n Malovec s vyu\u017eit\u00edm dobov\u00fdch karikatur a fotografi\u00ed.Form\u00e1t A5\" \/>\n<meta property=\"og:url\" content=\"https:\/\/www.upm.cz\/an\/eshop\/pohlednice-k-vystave-zijeme-lidsky-kopirovat\/\" \/>\n<meta property=\"og:site_name\" content=\"Um\u011bleckopr\u016fmyslov\u00e9 museum v Praze\" \/>\n<meta property=\"article:modified_time\" content=\"2024-06-21T11:44:55+00:00\" \/>\n<meta property=\"og:image\" content=\"https:\/\/www.upm.cz\/wp-content\/uploads\/pohlednice-A5-motiv-3-tisk.jpg\" \/>\n\t<meta property=\"og:image:width\" content=\"840\" \/>\n\t<meta property=\"og:image:height\" content=\"1192\" \/>\n\t<meta property=\"og:image:type\" content=\"image\/jpeg\" \/>\n<meta name=\"twitter:card\" content=\"summary_large_image\" \/>\n<meta name=\"twitter:label1\" content=\"Est. reading time\" \/>\n\t<meta name=\"twitter:data1\" content=\"1 minute\" \/>\n<script type=\"application\/ld+json\" class=\"yoast-schema-graph\">{\"@context\":\"https:\/\/schema.org\",\"@graph\":[{\"@type\":\"WebPage\",\"@id\":\"https:\/\/www.upm.cz\/eshop\/pohlednice-k-vystave-zijeme-lidsky-kopirovat\/\",\"url\":\"https:\/\/www.upm.cz\/eshop\/pohlednice-k-vystave-zijeme-lidsky-kopirovat\/\",\"name\":\"POHLEDNICE K V\u00ddSTAV\u011a \u017dIJEME LIDSKY? - Um\u011bleckopr\u016fmyslov\u00e9 museum v Praze\",\"isPartOf\":{\"@id\":\"https:\/\/www.upm.cz\/#website\"},\"primaryImageOfPage\":{\"@id\":\"https:\/\/www.upm.cz\/eshop\/pohlednice-k-vystave-zijeme-lidsky-kopirovat\/#primaryimage\"},\"image\":{\"@id\":\"https:\/\/www.upm.cz\/eshop\/pohlednice-k-vystave-zijeme-lidsky-kopirovat\/#primaryimage\"},\"thumbnailUrl\":\"https:\/\/www.upm.cz\/wp-content\/uploads\/pohlednice-A5-motiv-3-tisk.jpg\",\"datePublished\":\"2024-06-21T11:43:25+00:00\",\"dateModified\":\"2024-06-21T11:44:55+00:00\",\"description\":\"Pohlednice k v\u00fdstav\u011b \u017dijeme lidsky? Svaz \u010deskoslovensk\u00e9ho d\u00edla 1914\u20131948, hnut\u00ed za reformu bydlen\u00ed. Grafick\u00fd design Kristina Ambrozov\u00e1 a \u0160t\u011bp\u00e1n Malovec s vyu\u017eit\u00edm dobov\u00fdch karikatur a fotografi\u00ed.Form\u00e1t A5\",\"breadcrumb\":{\"@id\":\"https:\/\/www.upm.cz\/eshop\/pohlednice-k-vystave-zijeme-lidsky-kopirovat\/#breadcrumb\"},\"inLanguage\":\"en-US\",\"potentialAction\":[{\"@type\":\"ReadAction\",\"target\":[\"https:\/\/www.upm.cz\/eshop\/pohlednice-k-vystave-zijeme-lidsky-kopirovat\/\"]}]},{\"@type\":\"ImageObject\",\"inLanguage\":\"en-US\",\"@id\":\"https:\/\/www.upm.cz\/eshop\/pohlednice-k-vystave-zijeme-lidsky-kopirovat\/#primaryimage\",\"url\":\"https:\/\/www.upm.cz\/wp-content\/uploads\/pohlednice-A5-motiv-3-tisk.jpg\",\"contentUrl\":\"https:\/\/www.upm.cz\/wp-content\/uploads\/pohlednice-A5-motiv-3-tisk.jpg\",\"width\":840,\"height\":1192,\"caption\":\"Pohlednice k v\u00fdstav\u011b \u017dijeme lidsky? - kol\u00e1\u017e karikatur a dobov\u00fdch fotografi\u00ed, \u017elut\u00e1\"},{\"@type\":\"BreadcrumbList\",\"@id\":\"https:\/\/www.upm.cz\/eshop\/pohlednice-k-vystave-zijeme-lidsky-kopirovat\/#breadcrumb\",\"itemListElement\":[{\"@type\":\"ListItem\",\"position\":1,\"name\":\"Dom\u016f\",\"item\":\"https:\/\/www.upm.cz\/\"},{\"@type\":\"ListItem\",\"position\":2,\"name\":\"eshop\",\"item\":\"https:\/\/www.upm.cz\/eshop\/\"},{\"@type\":\"ListItem\",\"position\":3,\"name\":\"POHLEDNICE K V\u00ddSTAV\u011a \u017dIJEME LIDSKY?\"}]},{\"@type\":\"WebSite\",\"@id\":\"https:\/\/www.upm.cz\/#website\",\"url\":\"https:\/\/www.upm.cz\/\",\"name\":\"Um\u011bleckopr\u016fmyslov\u00e9 museum v Praze\",\"description\":\"\",\"publisher\":{\"@id\":\"https:\/\/www.upm.cz\/#organization\"},\"potentialAction\":[{\"@type\":\"SearchAction\",\"target\":{\"@type\":\"EntryPoint\",\"urlTemplate\":\"https:\/\/www.upm.cz\/?s={search_term_string}\"},\"query-input\":{\"@type\":\"PropertyValueSpecification\",\"valueRequired\":true,\"valueName\":\"search_term_string\"}}],\"inLanguage\":\"en-US\"},{\"@type\":\"Organization\",\"@id\":\"https:\/\/www.upm.cz\/#organization\",\"name\":\"Um\u011bleckopr\u016fmyslov\u00e9 museum v Praze\",\"url\":\"https:\/\/www.upm.cz\/\",\"logo\":{\"@type\":\"ImageObject\",\"inLanguage\":\"en-US\",\"@id\":\"https:\/\/www.upm.cz\/#\/schema\/logo\/image\/\",\"url\":\"https:\/\/www.upm.cz\/wp-content\/uploads\/2020\/03\/logo_upm_cz.svg\",\"contentUrl\":\"https:\/\/www.upm.cz\/wp-content\/uploads\/2020\/03\/logo_upm_cz.svg\",\"width\":1736,\"height\":295,\"caption\":\"Um\u011bleckopr\u016fmyslov\u00e9 museum v Praze\"},\"image\":{\"@id\":\"https:\/\/www.upm.cz\/#\/schema\/logo\/image\/\"}}]}<\/script>\n<!-- \/ Yoast SEO plugin. -->","yoast_head_json":{"title":"POHLEDNICE K V\u00ddSTAV\u011a \u017dIJEME LIDSKY? - Um\u011bleckopr\u016fmyslov\u00e9 museum v Praze","description":"Pohlednice k v\u00fdstav\u011b \u017dijeme lidsky? Svaz \u010deskoslovensk\u00e9ho d\u00edla 1914\u20131948, hnut\u00ed za reformu bydlen\u00ed. Grafick\u00fd design Kristina Ambrozov\u00e1 a \u0160t\u011bp\u00e1n Malovec s vyu\u017eit\u00edm dobov\u00fdch karikatur a fotografi\u00ed.Form\u00e1t A5","robots":{"index":"index","follow":"follow","max-snippet":"max-snippet:-1","max-image-preview":"max-image-preview:large","max-video-preview":"max-video-preview:-1"},"canonical":"https:\/\/www.upm.cz\/an\/eshop\/pohlednice-k-vystave-zijeme-lidsky-kopirovat\/","og_locale":"en_US","og_type":"article","og_title":"POHLEDNICE K V\u00ddSTAV\u011a \u017dIJEME LIDSKY? - Um\u011bleckopr\u016fmyslov\u00e9 museum v Praze","og_description":"Pohlednice k v\u00fdstav\u011b \u017dijeme lidsky? Svaz \u010deskoslovensk\u00e9ho d\u00edla 1914\u20131948, hnut\u00ed za reformu bydlen\u00ed. Grafick\u00fd design Kristina Ambrozov\u00e1 a \u0160t\u011bp\u00e1n Malovec s vyu\u017eit\u00edm dobov\u00fdch karikatur a fotografi\u00ed.Form\u00e1t A5","og_url":"https:\/\/www.upm.cz\/an\/eshop\/pohlednice-k-vystave-zijeme-lidsky-kopirovat\/","og_site_name":"Um\u011bleckopr\u016fmyslov\u00e9 museum v Praze","article_modified_time":"2024-06-21T11:44:55+00:00","og_image":[{"width":840,"height":1192,"url":"https:\/\/www.upm.cz\/wp-content\/uploads\/pohlednice-A5-motiv-3-tisk.jpg","type":"image\/jpeg"}],"twitter_card":"summary_large_image","twitter_misc":{"Est. reading time":"1 minute"},"schema":{"@context":"https:\/\/schema.org","@graph":[{"@type":"WebPage","@id":"https:\/\/www.upm.cz\/eshop\/pohlednice-k-vystave-zijeme-lidsky-kopirovat\/","url":"https:\/\/www.upm.cz\/eshop\/pohlednice-k-vystave-zijeme-lidsky-kopirovat\/","name":"POHLEDNICE K V\u00ddSTAV\u011a \u017dIJEME LIDSKY? - Um\u011bleckopr\u016fmyslov\u00e9 museum v Praze","isPartOf":{"@id":"https:\/\/www.upm.cz\/#website"},"primaryImageOfPage":{"@id":"https:\/\/www.upm.cz\/eshop\/pohlednice-k-vystave-zijeme-lidsky-kopirovat\/#primaryimage"},"image":{"@id":"https:\/\/www.upm.cz\/eshop\/pohlednice-k-vystave-zijeme-lidsky-kopirovat\/#primaryimage"},"thumbnailUrl":"https:\/\/www.upm.cz\/wp-content\/uploads\/pohlednice-A5-motiv-3-tisk.jpg","datePublished":"2024-06-21T11:43:25+00:00","dateModified":"2024-06-21T11:44:55+00:00","description":"Pohlednice k v\u00fdstav\u011b \u017dijeme lidsky? Svaz \u010deskoslovensk\u00e9ho d\u00edla 1914\u20131948, hnut\u00ed za reformu bydlen\u00ed. Grafick\u00fd design Kristina Ambrozov\u00e1 a \u0160t\u011bp\u00e1n Malovec s vyu\u017eit\u00edm dobov\u00fdch karikatur a fotografi\u00ed.Form\u00e1t A5","breadcrumb":{"@id":"https:\/\/www.upm.cz\/eshop\/pohlednice-k-vystave-zijeme-lidsky-kopirovat\/#breadcrumb"},"inLanguage":"en-US","potentialAction":[{"@type":"ReadAction","target":["https:\/\/www.upm.cz\/eshop\/pohlednice-k-vystave-zijeme-lidsky-kopirovat\/"]}]},{"@type":"ImageObject","inLanguage":"en-US","@id":"https:\/\/www.upm.cz\/eshop\/pohlednice-k-vystave-zijeme-lidsky-kopirovat\/#primaryimage","url":"https:\/\/www.upm.cz\/wp-content\/uploads\/pohlednice-A5-motiv-3-tisk.jpg","contentUrl":"https:\/\/www.upm.cz\/wp-content\/uploads\/pohlednice-A5-motiv-3-tisk.jpg","width":840,"height":1192,"caption":"Pohlednice k v\u00fdstav\u011b \u017dijeme lidsky? - kol\u00e1\u017e karikatur a dobov\u00fdch fotografi\u00ed, \u017elut\u00e1"},{"@type":"BreadcrumbList","@id":"https:\/\/www.upm.cz\/eshop\/pohlednice-k-vystave-zijeme-lidsky-kopirovat\/#breadcrumb","itemListElement":[{"@type":"ListItem","position":1,"name":"Dom\u016f","item":"https:\/\/www.upm.cz\/"},{"@type":"ListItem","position":2,"name":"eshop","item":"https:\/\/www.upm.cz\/eshop\/"},{"@type":"ListItem","position":3,"name":"POHLEDNICE K V\u00ddSTAV\u011a \u017dIJEME LIDSKY?"}]},{"@type":"WebSite","@id":"https:\/\/www.upm.cz\/#website","url":"https:\/\/www.upm.cz\/","name":"Um\u011bleckopr\u016fmyslov\u00e9 museum v Praze","description":"","publisher":{"@id":"https:\/\/www.upm.cz\/#organization"},"potentialAction":[{"@type":"SearchAction","target":{"@type":"EntryPoint","urlTemplate":"https:\/\/www.upm.cz\/?s={search_term_string}"},"query-input":{"@type":"PropertyValueSpecification","valueRequired":true,"valueName":"search_term_string"}}],"inLanguage":"en-US"},{"@type":"Organization","@id":"https:\/\/www.upm.cz\/#organization","name":"Um\u011bleckopr\u016fmyslov\u00e9 museum v Praze","url":"https:\/\/www.upm.cz\/","logo":{"@type":"ImageObject","inLanguage":"en-US","@id":"https:\/\/www.upm.cz\/#\/schema\/logo\/image\/","url":"https:\/\/www.upm.cz\/wp-content\/uploads\/2020\/03\/logo_upm_cz.svg","contentUrl":"https:\/\/www.upm.cz\/wp-content\/uploads\/2020\/03\/logo_upm_cz.svg","width":1736,"height":295,"caption":"Um\u011bleckopr\u016fmyslov\u00e9 museum v Praze"},"image":{"@id":"https:\/\/www.upm.cz\/#\/schema\/logo\/image\/"}}]}},"_links":{"self":[{"href":"https:\/\/www.upm.cz\/an\/wp-json\/wp\/v2\/product\/20057","targetHints":{"allow":["GET"]}}],"collection":[{"href":"https:\/\/www.upm.cz\/an\/wp-json\/wp\/v2\/product"}],"about":[{"href":"https:\/\/www.upm.cz\/an\/wp-json\/wp\/v2\/types\/product"}],"wp:featuredmedia":[{"embeddable":true,"href":"https:\/\/www.upm.cz\/an\/wp-json\/wp\/v2\/media\/20052"}],"wp:attachment":[{"href":"https:\/\/www.upm.cz\/an\/wp-json\/wp\/v2\/media?parent=20057"}],"wp:term":[{"taxonomy":"product_brand","embeddable":true,"href":"https:\/\/www.upm.cz\/an\/wp-json\/wp\/v2\/product_brand?post=20057"},{"taxonomy":"product_cat","embeddable":true,"href":"https:\/\/www.upm.cz\/an\/wp-json\/wp\/v2\/product_cat?post=20057"},{"taxonomy":"product_tag","embeddable":true,"href":"https:\/\/www.upm.cz\/an\/wp-json\/wp\/v2\/product_tag?post=20057"}],"curies":[{"name":"wp","href":"https:\/\/api.w.org\/{rel}","templated":true}]}}