{"id":20099,"date":"2024-06-26T14:00:17","date_gmt":"2024-06-26T12:00:17","guid":{"rendered":"https:\/\/www.upm.cz\/?post_type=product&#038;p=20099"},"modified":"2025-10-06T15:32:23","modified_gmt":"2025-10-06T13:32:23","slug":"do-we-live-humanly-housing-reform-1914-1948-the-czechoslovak-werkbund","status":"publish","type":"product","link":"https:\/\/www.upm.cz\/an\/eshop\/do-we-live-humanly-housing-reform-1914-1948-the-czechoslovak-werkbund\/","title":{"rendered":"DO WE LIVE HUMANLY? HOUSING REFORM 1914\u20131948. THE CZECHOSLOVAK WERKBUND"},"content":{"rendered":"<p>This comprehensive publication presents for the first time ever the Union of Czechoslovak Works of Art during the thirty years of its existence, when it significantly modernized not only the field of housing and architecture, but also utilitarian objects, toys, graphic and exhibition design. Its members were progressive representatives of architecture and design in interwar Czechoslovakia such as Pavel Jan\u00e1k, Ladislav Sutnar, Hana Ku\u010derov\u00e1-Z\u00e1vesk\u00e1 and others. Among the most important activities were the construction of the first Czechoslovak functionalist settlements in Brno (Nov\u00fd d\u016fm, 1928) and Prague (Baba, 1932), especially the House of Art Industry in the centre of Prague. The publication introduces the projects through renowned Czech and Slovak authors and illustrates them with excellent period photographs by Josef Sudek, Jarom\u00edr Funke, Franti\u0161ek Illko, Alexander Paul and others.<\/p>","protected":false},"excerpt":{"rendered":"<p>texts: Iva Knobloch (ed.), Vendula Hn\u00eddkov\u00e1, Lada Hubatov\u00e1-Vackov\u00e1, Alena Janatkov\u00e1, Zdeno Koles\u00e1r, Kl\u00e1ra Pre\u0161najderov\u00e1, Zuzana \u0160idl\u00edkov\u00e1, Vladim\u00edr \u0160lapeta, Radim Vondr\u00e1\u010dek<br \/>\nExpert reviews: Juliet Kinchin<br \/>\nGraphic design: \u0160t\u011bp\u00e1n Malovec, Kristina Ambrozov\u00e1<br \/>\nEdition: Czech-English<br \/>\nformat: 220 x 280 mm<br \/>\nnumber of pages: 652<br \/>\nPublisher: UPM, Slovart 2023<\/p>\n<p>ISBN 978-80-7101-214-6 (UPM)<br \/>\nISBN 978-80-276-0966-6 (Slovart)<\/p>","protected":false},"featured_media":19790,"template":"","meta":{"_acf_changed":false},"product_brand":[],"product_cat":[80],"product_tag":[],"class_list":{"0":"post-20099","1":"product","2":"type-product","3":"status-publish","4":"has-post-thumbnail","6":"product_cat-books","8":"first","9":"instock","10":"shipping-taxable","11":"purchasable","12":"product-type-simple"},"acf":[],"yoast_head":"<!-- This site is optimized with the Yoast SEO plugin v26.9 - https:\/\/yoast.com\/product\/yoast-seo-wordpress\/ -->\n<title>DO WE LIVE HUMANLY? HOUSING REFORM 1914\u20131948. THE CZECHOSLOVAK WERKBUND - Um\u011bleckopr\u016fmyslov\u00e9 museum v Praze<\/title>\n<meta name=\"description\" content=\"This comprehensive publication presents for the first time ever the Union of Czechoslovak Works of Art during the thirty years of its existence, when it significantly modernized not only the field of housing and architecture, but also utilitarian objects, toys, graphic and exhibition design.\" \/>\n<meta name=\"robots\" content=\"index, follow, max-snippet:-1, max-image-preview:large, max-video-preview:-1\" \/>\n<link rel=\"canonical\" href=\"https:\/\/www.upm.cz\/an\/eshop\/do-we-live-humanly-housing-reform-1914-1948-the-czechoslovak-werkbund\/\" \/>\n<meta property=\"og:locale\" content=\"en_US\" \/>\n<meta property=\"og:type\" content=\"article\" \/>\n<meta property=\"og:title\" content=\"DO WE LIVE HUMANLY? HOUSING REFORM 1914\u20131948. THE CZECHOSLOVAK WERKBUND - Um\u011bleckopr\u016fmyslov\u00e9 museum v Praze\" \/>\n<meta property=\"og:description\" content=\"This comprehensive publication presents for the first time ever the Union of Czechoslovak Works of Art during the thirty years of its existence, when it significantly modernized not only the field of housing and architecture, but also utilitarian objects, toys, graphic and exhibition design.\" \/>\n<meta property=\"og:url\" content=\"https:\/\/www.upm.cz\/an\/eshop\/do-we-live-humanly-housing-reform-1914-1948-the-czechoslovak-werkbund\/\" \/>\n<meta property=\"og:site_name\" content=\"Um\u011bleckopr\u016fmyslov\u00e9 museum v Praze\" \/>\n<meta property=\"article:modified_time\" content=\"2025-10-06T13:32:23+00:00\" \/>\n<meta property=\"og:image\" content=\"https:\/\/www.upm.cz\/wp-content\/uploads\/obalka-nahled-2.jpg\" \/>\n\t<meta property=\"og:image:width\" content=\"1189\" \/>\n\t<meta property=\"og:image:height\" content=\"1543\" \/>\n\t<meta property=\"og:image:type\" content=\"image\/jpeg\" \/>\n<meta name=\"twitter:card\" content=\"summary_large_image\" \/>\n<meta name=\"twitter:label1\" content=\"Est. reading time\" \/>\n\t<meta name=\"twitter:data1\" content=\"1 minute\" \/>\n<script type=\"application\/ld+json\" class=\"yoast-schema-graph\">{\"@context\":\"https:\/\/schema.org\",\"@graph\":[{\"@type\":\"WebPage\",\"@id\":\"https:\/\/www.upm.cz\/eshop\/do-we-live-humanly-housing-reform-1914-1948-the-czechoslovak-werkbund\/\",\"url\":\"https:\/\/www.upm.cz\/eshop\/do-we-live-humanly-housing-reform-1914-1948-the-czechoslovak-werkbund\/\",\"name\":\"DO WE LIVE HUMANLY? HOUSING REFORM 1914\u20131948. THE CZECHOSLOVAK WERKBUND - Um\u011bleckopr\u016fmyslov\u00e9 museum v Praze\",\"isPartOf\":{\"@id\":\"https:\/\/www.upm.cz\/#website\"},\"primaryImageOfPage\":{\"@id\":\"https:\/\/www.upm.cz\/eshop\/do-we-live-humanly-housing-reform-1914-1948-the-czechoslovak-werkbund\/#primaryimage\"},\"image\":{\"@id\":\"https:\/\/www.upm.cz\/eshop\/do-we-live-humanly-housing-reform-1914-1948-the-czechoslovak-werkbund\/#primaryimage\"},\"thumbnailUrl\":\"https:\/\/www.upm.cz\/wp-content\/uploads\/obalka-nahled-2.jpg\",\"datePublished\":\"2024-06-26T12:00:17+00:00\",\"dateModified\":\"2025-10-06T13:32:23+00:00\",\"description\":\"This comprehensive publication presents for the first time ever the Union of Czechoslovak Works of Art during the thirty years of its existence, when it significantly modernized not only the field of housing and architecture, but also utilitarian objects, toys, graphic and exhibition design.\",\"breadcrumb\":{\"@id\":\"https:\/\/www.upm.cz\/eshop\/do-we-live-humanly-housing-reform-1914-1948-the-czechoslovak-werkbund\/#breadcrumb\"},\"inLanguage\":\"en-US\",\"potentialAction\":[{\"@type\":\"ReadAction\",\"target\":[\"https:\/\/www.upm.cz\/eshop\/do-we-live-humanly-housing-reform-1914-1948-the-czechoslovak-werkbund\/\"]}]},{\"@type\":\"ImageObject\",\"inLanguage\":\"en-US\",\"@id\":\"https:\/\/www.upm.cz\/eshop\/do-we-live-humanly-housing-reform-1914-1948-the-czechoslovak-werkbund\/#primaryimage\",\"url\":\"https:\/\/www.upm.cz\/wp-content\/uploads\/obalka-nahled-2.jpg\",\"contentUrl\":\"https:\/\/www.upm.cz\/wp-content\/uploads\/obalka-nahled-2.jpg\",\"width\":1189,\"height\":1543,\"caption\":\"\u017dijeme lidsky? ob\u00e1lka knihy\"},{\"@type\":\"BreadcrumbList\",\"@id\":\"https:\/\/www.upm.cz\/eshop\/do-we-live-humanly-housing-reform-1914-1948-the-czechoslovak-werkbund\/#breadcrumb\",\"itemListElement\":[{\"@type\":\"ListItem\",\"position\":1,\"name\":\"Dom\u016f\",\"item\":\"https:\/\/www.upm.cz\/\"},{\"@type\":\"ListItem\",\"position\":2,\"name\":\"eshop\",\"item\":\"https:\/\/www.upm.cz\/eshop\/\"},{\"@type\":\"ListItem\",\"position\":3,\"name\":\"DO WE LIVE HUMANLY? HOUSING REFORM 1914\u20131948. THE CZECHOSLOVAK WERKBUND\"}]},{\"@type\":\"WebSite\",\"@id\":\"https:\/\/www.upm.cz\/#website\",\"url\":\"https:\/\/www.upm.cz\/\",\"name\":\"Um\u011bleckopr\u016fmyslov\u00e9 museum v Praze\",\"description\":\"\",\"publisher\":{\"@id\":\"https:\/\/www.upm.cz\/#organization\"},\"potentialAction\":[{\"@type\":\"SearchAction\",\"target\":{\"@type\":\"EntryPoint\",\"urlTemplate\":\"https:\/\/www.upm.cz\/?s={search_term_string}\"},\"query-input\":{\"@type\":\"PropertyValueSpecification\",\"valueRequired\":true,\"valueName\":\"search_term_string\"}}],\"inLanguage\":\"en-US\"},{\"@type\":\"Organization\",\"@id\":\"https:\/\/www.upm.cz\/#organization\",\"name\":\"Um\u011bleckopr\u016fmyslov\u00e9 museum v Praze\",\"url\":\"https:\/\/www.upm.cz\/\",\"logo\":{\"@type\":\"ImageObject\",\"inLanguage\":\"en-US\",\"@id\":\"https:\/\/www.upm.cz\/#\/schema\/logo\/image\/\",\"url\":\"https:\/\/www.upm.cz\/wp-content\/uploads\/2020\/03\/logo_upm_cz.svg\",\"contentUrl\":\"https:\/\/www.upm.cz\/wp-content\/uploads\/2020\/03\/logo_upm_cz.svg\",\"width\":1736,\"height\":295,\"caption\":\"Um\u011bleckopr\u016fmyslov\u00e9 museum v Praze\"},\"image\":{\"@id\":\"https:\/\/www.upm.cz\/#\/schema\/logo\/image\/\"}}]}<\/script>\n<!-- \/ Yoast SEO plugin. -->","yoast_head_json":{"title":"DO WE LIVE HUMANLY? HOUSING REFORM 1914\u20131948. THE CZECHOSLOVAK WERKBUND - Um\u011bleckopr\u016fmyslov\u00e9 museum v Praze","description":"This comprehensive publication presents for the first time ever the Union of Czechoslovak Works of Art during the thirty years of its existence, when it significantly modernized not only the field of housing and architecture, but also utilitarian objects, toys, graphic and exhibition design.","robots":{"index":"index","follow":"follow","max-snippet":"max-snippet:-1","max-image-preview":"max-image-preview:large","max-video-preview":"max-video-preview:-1"},"canonical":"https:\/\/www.upm.cz\/an\/eshop\/do-we-live-humanly-housing-reform-1914-1948-the-czechoslovak-werkbund\/","og_locale":"en_US","og_type":"article","og_title":"DO WE LIVE HUMANLY? HOUSING REFORM 1914\u20131948. THE CZECHOSLOVAK WERKBUND - Um\u011bleckopr\u016fmyslov\u00e9 museum v Praze","og_description":"This comprehensive publication presents for the first time ever the Union of Czechoslovak Works of Art during the thirty years of its existence, when it significantly modernized not only the field of housing and architecture, but also utilitarian objects, toys, graphic and exhibition design.","og_url":"https:\/\/www.upm.cz\/an\/eshop\/do-we-live-humanly-housing-reform-1914-1948-the-czechoslovak-werkbund\/","og_site_name":"Um\u011bleckopr\u016fmyslov\u00e9 museum v Praze","article_modified_time":"2025-10-06T13:32:23+00:00","og_image":[{"width":1189,"height":1543,"url":"https:\/\/www.upm.cz\/wp-content\/uploads\/obalka-nahled-2.jpg","type":"image\/jpeg"}],"twitter_card":"summary_large_image","twitter_misc":{"Est. reading time":"1 minute"},"schema":{"@context":"https:\/\/schema.org","@graph":[{"@type":"WebPage","@id":"https:\/\/www.upm.cz\/eshop\/do-we-live-humanly-housing-reform-1914-1948-the-czechoslovak-werkbund\/","url":"https:\/\/www.upm.cz\/eshop\/do-we-live-humanly-housing-reform-1914-1948-the-czechoslovak-werkbund\/","name":"DO WE LIVE HUMANLY? HOUSING REFORM 1914\u20131948. THE CZECHOSLOVAK WERKBUND - Um\u011bleckopr\u016fmyslov\u00e9 museum v Praze","isPartOf":{"@id":"https:\/\/www.upm.cz\/#website"},"primaryImageOfPage":{"@id":"https:\/\/www.upm.cz\/eshop\/do-we-live-humanly-housing-reform-1914-1948-the-czechoslovak-werkbund\/#primaryimage"},"image":{"@id":"https:\/\/www.upm.cz\/eshop\/do-we-live-humanly-housing-reform-1914-1948-the-czechoslovak-werkbund\/#primaryimage"},"thumbnailUrl":"https:\/\/www.upm.cz\/wp-content\/uploads\/obalka-nahled-2.jpg","datePublished":"2024-06-26T12:00:17+00:00","dateModified":"2025-10-06T13:32:23+00:00","description":"This comprehensive publication presents for the first time ever the Union of Czechoslovak Works of Art during the thirty years of its existence, when it significantly modernized not only the field of housing and architecture, but also utilitarian objects, toys, graphic and exhibition design.","breadcrumb":{"@id":"https:\/\/www.upm.cz\/eshop\/do-we-live-humanly-housing-reform-1914-1948-the-czechoslovak-werkbund\/#breadcrumb"},"inLanguage":"en-US","potentialAction":[{"@type":"ReadAction","target":["https:\/\/www.upm.cz\/eshop\/do-we-live-humanly-housing-reform-1914-1948-the-czechoslovak-werkbund\/"]}]},{"@type":"ImageObject","inLanguage":"en-US","@id":"https:\/\/www.upm.cz\/eshop\/do-we-live-humanly-housing-reform-1914-1948-the-czechoslovak-werkbund\/#primaryimage","url":"https:\/\/www.upm.cz\/wp-content\/uploads\/obalka-nahled-2.jpg","contentUrl":"https:\/\/www.upm.cz\/wp-content\/uploads\/obalka-nahled-2.jpg","width":1189,"height":1543,"caption":"\u017dijeme lidsky? ob\u00e1lka knihy"},{"@type":"BreadcrumbList","@id":"https:\/\/www.upm.cz\/eshop\/do-we-live-humanly-housing-reform-1914-1948-the-czechoslovak-werkbund\/#breadcrumb","itemListElement":[{"@type":"ListItem","position":1,"name":"Dom\u016f","item":"https:\/\/www.upm.cz\/"},{"@type":"ListItem","position":2,"name":"eshop","item":"https:\/\/www.upm.cz\/eshop\/"},{"@type":"ListItem","position":3,"name":"DO WE LIVE HUMANLY? HOUSING REFORM 1914\u20131948. THE CZECHOSLOVAK WERKBUND"}]},{"@type":"WebSite","@id":"https:\/\/www.upm.cz\/#website","url":"https:\/\/www.upm.cz\/","name":"Um\u011bleckopr\u016fmyslov\u00e9 museum v Praze","description":"","publisher":{"@id":"https:\/\/www.upm.cz\/#organization"},"potentialAction":[{"@type":"SearchAction","target":{"@type":"EntryPoint","urlTemplate":"https:\/\/www.upm.cz\/?s={search_term_string}"},"query-input":{"@type":"PropertyValueSpecification","valueRequired":true,"valueName":"search_term_string"}}],"inLanguage":"en-US"},{"@type":"Organization","@id":"https:\/\/www.upm.cz\/#organization","name":"Um\u011bleckopr\u016fmyslov\u00e9 museum v Praze","url":"https:\/\/www.upm.cz\/","logo":{"@type":"ImageObject","inLanguage":"en-US","@id":"https:\/\/www.upm.cz\/#\/schema\/logo\/image\/","url":"https:\/\/www.upm.cz\/wp-content\/uploads\/2020\/03\/logo_upm_cz.svg","contentUrl":"https:\/\/www.upm.cz\/wp-content\/uploads\/2020\/03\/logo_upm_cz.svg","width":1736,"height":295,"caption":"Um\u011bleckopr\u016fmyslov\u00e9 museum v Praze"},"image":{"@id":"https:\/\/www.upm.cz\/#\/schema\/logo\/image\/"}}]}},"_links":{"self":[{"href":"https:\/\/www.upm.cz\/an\/wp-json\/wp\/v2\/product\/20099","targetHints":{"allow":["GET"]}}],"collection":[{"href":"https:\/\/www.upm.cz\/an\/wp-json\/wp\/v2\/product"}],"about":[{"href":"https:\/\/www.upm.cz\/an\/wp-json\/wp\/v2\/types\/product"}],"wp:featuredmedia":[{"embeddable":true,"href":"https:\/\/www.upm.cz\/an\/wp-json\/wp\/v2\/media\/19790"}],"wp:attachment":[{"href":"https:\/\/www.upm.cz\/an\/wp-json\/wp\/v2\/media?parent=20099"}],"wp:term":[{"taxonomy":"product_brand","embeddable":true,"href":"https:\/\/www.upm.cz\/an\/wp-json\/wp\/v2\/product_brand?post=20099"},{"taxonomy":"product_cat","embeddable":true,"href":"https:\/\/www.upm.cz\/an\/wp-json\/wp\/v2\/product_cat?post=20099"},{"taxonomy":"product_tag","embeddable":true,"href":"https:\/\/www.upm.cz\/an\/wp-json\/wp\/v2\/product_tag?post=20099"}],"curies":[{"name":"wp","href":"https:\/\/api.w.org\/{rel}","templated":true}]}}