{"id":20442,"date":"2024-08-15T10:08:47","date_gmt":"2024-08-15T08:08:47","guid":{"rendered":"https:\/\/www.upm.cz\/?post_type=product&#038;p=20442"},"modified":"2025-12-24T23:43:13","modified_gmt":"2025-12-24T22:43:13","slug":"bohumil-juznic","status":"publish","type":"product","link":"https:\/\/www.upm.cz\/an\/eshop\/bohumil-juznic\/","title":{"rendered":"BOHUMIL JU\u017dNI\u010c"},"content":{"rendered":"<p>7.&nbsp;svazek edice Design \u2013 profily \u2013 osobnosti<\/p>\n<p>Bohumil Ju\u017eni\u010d (1895\u20131963) byl p\u0159edn\u00edm \u010deskoslovensk\u00fdm design\u00e9rem. A\u010dkoliv se cel\u00fd \u017eivot v\u011bnoval vojensk\u00e9mu povol\u00e1n\u00ed, jeho z\u00e1liba v&nbsp;pr\u016fmyslov\u00e9m designu p\u0159erostla v\u00a0dal\u0161\u00ed profesi. V\u00fdznamn\u011b ovlivnil rozvoj um\u011bleck\u00e9ho pr\u016fmyslu, obzvl\u00e1\u0161\u0165 ve t\u0159ic\u00e1t\u00fdch letech, kdy poskytoval sv\u00e9 n\u00e1vrhy kovov\u00fdch p\u0159edm\u011bt\u016f denn\u00ed pot\u0159eby Kr\u00e1sn\u00e9 jizb\u011b DP a&nbsp;Topi\u010dov\u011b salonu v&nbsp;Praze. Specializoval se p\u0159edev\u0161\u00edm na design vybaven\u00ed ur\u010den\u00e9ho ke stolov\u00e1n\u00ed, kter\u00e9mu dod\u00e1val elegantn\u00ed, funk\u010dn\u00ed tvar. Sv\u016fj n\u00e1vrh\u00e1\u0159sk\u00fd potenci\u00e1l uplatnil i&nbsp;v\u00a0ostatn\u00edch pr\u016fmyslov\u00fdch odv\u011btv\u00edch. Od roku 1932 navrhoval textil, zejm\u00e9na koberce. Pro Topi\u010d\u016fv salon projektoval drobn\u00fd n\u00e1bytek a&nbsp;navrhl sklen\u011bn\u00fd n\u00e1pojov\u00fd servis. S\u00a0p\u0159\u00edchodem v\u00e1lky za\u010dal Bohumil Ju\u017eni\u010d navrhovat prvn\u00ed v\u00fdrobky ze soustru\u017een\u00e9ho a&nbsp;\u0159ezan\u00e9ho d\u0159eva. Tomuto materi\u00e1lu se v\u011bnoval cel\u00e1 \u010dty\u0159ic\u00e1t\u00e1 l\u00e9ta. Z\u00e1jem o&nbsp;jeho d\u0159ev\u011bn\u00e9 m\u00edsy, d\u00f3zy a&nbsp;ostatn\u00ed p\u0159edm\u011bty, spojen\u00e9 zejm\u00e9na se stolov\u00e1n\u00edm, p\u0159etrv\u00e1val i&nbsp;v\u00a0pades\u00e1t\u00fdch letech. V\u00a0t\u00e9 dob\u011b roz\u0161\u00ed\u0159il sv\u00e9 pole p\u016fsobnosti o&nbsp;n\u00e1vrhy funk\u010dn\u00ed i&nbsp;dekorativn\u00ed keramiky, smaltovan\u00e9ho n\u00e1dob\u00ed, hra\u010dek, \u0161perk\u016f a&nbsp;bi\u017euterie. Publikace p\u0159ibli\u017euje Ju\u017eni\u010dovu tvorbu dokumentovanou n\u00e1vrhy z\u00a0autorovy poz\u016fstalosti i&nbsp;realizacemi nejen ze sb\u00edrek Um\u011bleckopr\u016fmyslov\u00e9ho musea\u00a0 v\u00a0Praze.<\/p>","protected":false},"excerpt":{"rendered":"<p>texty: Michal\u00a0St\u0159\u00edbrn\u00fd<br \/>\ngrafick\u00fd design: \u0160t\u011bp\u00e1n Malovec<br \/>\nvyd\u00e1n\u00ed: \u010desk\u00e9 s\u00a0anglick\u00fdm resum\u00e9<br \/>\nform\u00e1t: 24,5 x 21, m\u011bkk\u00e1<br \/>\npo\u010det stran: 368<br \/>\npo\u010det reprodukc\u00ed: 293<br \/>\nvydavatel: UPM, 2023<\/p>\n<p>ISBN 978-80-7101-228-3<\/p>","protected":false},"featured_media":19895,"template":"","meta":{"_acf_changed":false},"product_brand":[],"product_cat":[45],"product_tag":[],"class_list":{"0":"post-20442","1":"product","2":"type-product","3":"status-publish","4":"has-post-thumbnail","6":"product_cat-knihy","8":"first","9":"instock","10":"shipping-taxable","11":"purchasable","12":"product-type-simple"},"acf":[],"yoast_head":"<!-- This site is optimized with the Yoast SEO plugin v26.9 - https:\/\/yoast.com\/product\/yoast-seo-wordpress\/ -->\n<title>BOHUMIL JU\u017dNI\u010c - Um\u011bleckopr\u016fmyslov\u00e9 museum v Praze<\/title>\n<meta name=\"description\" content=\"Publikace p\u0159ibli\u017euje Ju\u017eni\u010dovu tvorbu dokumentovanou n\u00e1vrhy z\u00a0autorovy poz\u016fstalosti i realizacemi nejen ze sb\u00edrek Um\u011bleckopr\u016fmyslov\u00e9ho musea\u00a0 v\u00a0Praze.\" \/>\n<meta name=\"robots\" content=\"index, follow, max-snippet:-1, max-image-preview:large, max-video-preview:-1\" \/>\n<link rel=\"canonical\" href=\"https:\/\/www.upm.cz\/an\/eshop\/bohumil-juznic\/\" \/>\n<meta property=\"og:locale\" content=\"en_US\" \/>\n<meta property=\"og:type\" content=\"article\" \/>\n<meta property=\"og:title\" content=\"BOHUMIL JU\u017dNI\u010c - Um\u011bleckopr\u016fmyslov\u00e9 museum v Praze\" \/>\n<meta property=\"og:description\" content=\"Publikace p\u0159ibli\u017euje Ju\u017eni\u010dovu tvorbu dokumentovanou n\u00e1vrhy z\u00a0autorovy poz\u016fstalosti i realizacemi nejen ze sb\u00edrek Um\u011bleckopr\u016fmyslov\u00e9ho musea\u00a0 v\u00a0Praze.\" \/>\n<meta property=\"og:url\" content=\"https:\/\/www.upm.cz\/an\/eshop\/bohumil-juznic\/\" \/>\n<meta property=\"og:site_name\" content=\"Um\u011bleckopr\u016fmyslov\u00e9 museum v Praze\" \/>\n<meta property=\"article:modified_time\" content=\"2025-12-24T22:43:13+00:00\" \/>\n<meta property=\"og:image\" content=\"https:\/\/www.upm.cz\/wp-content\/uploads\/obalka-nahled-2-1.jpg\" \/>\n\t<meta property=\"og:image:width\" content=\"1080\" \/>\n\t<meta property=\"og:image:height\" content=\"1209\" \/>\n\t<meta property=\"og:image:type\" content=\"image\/jpeg\" \/>\n<meta name=\"twitter:card\" content=\"summary_large_image\" \/>\n<meta name=\"twitter:label1\" content=\"Est. reading time\" \/>\n\t<meta name=\"twitter:data1\" content=\"2 minutes\" \/>\n<script type=\"application\/ld+json\" class=\"yoast-schema-graph\">{\"@context\":\"https:\/\/schema.org\",\"@graph\":[{\"@type\":\"WebPage\",\"@id\":\"https:\/\/www.upm.cz\/eshop\/bohumil-juznic\/\",\"url\":\"https:\/\/www.upm.cz\/eshop\/bohumil-juznic\/\",\"name\":\"BOHUMIL JU\u017dNI\u010c - Um\u011bleckopr\u016fmyslov\u00e9 museum v Praze\",\"isPartOf\":{\"@id\":\"https:\/\/www.upm.cz\/#website\"},\"primaryImageOfPage\":{\"@id\":\"https:\/\/www.upm.cz\/eshop\/bohumil-juznic\/#primaryimage\"},\"image\":{\"@id\":\"https:\/\/www.upm.cz\/eshop\/bohumil-juznic\/#primaryimage\"},\"thumbnailUrl\":\"https:\/\/www.upm.cz\/wp-content\/uploads\/obalka-nahled-2-1.jpg\",\"datePublished\":\"2024-08-15T08:08:47+00:00\",\"dateModified\":\"2025-12-24T22:43:13+00:00\",\"description\":\"Publikace p\u0159ibli\u017euje Ju\u017eni\u010dovu tvorbu dokumentovanou n\u00e1vrhy z\u00a0autorovy poz\u016fstalosti i realizacemi nejen ze sb\u00edrek Um\u011bleckopr\u016fmyslov\u00e9ho musea\u00a0 v\u00a0Praze.\",\"breadcrumb\":{\"@id\":\"https:\/\/www.upm.cz\/eshop\/bohumil-juznic\/#breadcrumb\"},\"inLanguage\":\"en-US\",\"potentialAction\":[{\"@type\":\"ReadAction\",\"target\":[\"https:\/\/www.upm.cz\/eshop\/bohumil-juznic\/\"]}]},{\"@type\":\"ImageObject\",\"inLanguage\":\"en-US\",\"@id\":\"https:\/\/www.upm.cz\/eshop\/bohumil-juznic\/#primaryimage\",\"url\":\"https:\/\/www.upm.cz\/wp-content\/uploads\/obalka-nahled-2-1.jpg\",\"contentUrl\":\"https:\/\/www.upm.cz\/wp-content\/uploads\/obalka-nahled-2-1.jpg\",\"width\":1080,\"height\":1209,\"caption\":\"Bohumil Ju\u017eni\u010d kniha\"},{\"@type\":\"BreadcrumbList\",\"@id\":\"https:\/\/www.upm.cz\/eshop\/bohumil-juznic\/#breadcrumb\",\"itemListElement\":[{\"@type\":\"ListItem\",\"position\":1,\"name\":\"Dom\u016f\",\"item\":\"https:\/\/www.upm.cz\/\"},{\"@type\":\"ListItem\",\"position\":2,\"name\":\"eshop\",\"item\":\"https:\/\/www.upm.cz\/eshop\/\"},{\"@type\":\"ListItem\",\"position\":3,\"name\":\"BOHUMIL JU\u017dNI\u010c\"}]},{\"@type\":\"WebSite\",\"@id\":\"https:\/\/www.upm.cz\/#website\",\"url\":\"https:\/\/www.upm.cz\/\",\"name\":\"Um\u011bleckopr\u016fmyslov\u00e9 museum v Praze\",\"description\":\"\",\"publisher\":{\"@id\":\"https:\/\/www.upm.cz\/#organization\"},\"potentialAction\":[{\"@type\":\"SearchAction\",\"target\":{\"@type\":\"EntryPoint\",\"urlTemplate\":\"https:\/\/www.upm.cz\/?s={search_term_string}\"},\"query-input\":{\"@type\":\"PropertyValueSpecification\",\"valueRequired\":true,\"valueName\":\"search_term_string\"}}],\"inLanguage\":\"en-US\"},{\"@type\":\"Organization\",\"@id\":\"https:\/\/www.upm.cz\/#organization\",\"name\":\"Um\u011bleckopr\u016fmyslov\u00e9 museum v Praze\",\"url\":\"https:\/\/www.upm.cz\/\",\"logo\":{\"@type\":\"ImageObject\",\"inLanguage\":\"en-US\",\"@id\":\"https:\/\/www.upm.cz\/#\/schema\/logo\/image\/\",\"url\":\"https:\/\/www.upm.cz\/wp-content\/uploads\/2020\/03\/logo_upm_cz.svg\",\"contentUrl\":\"https:\/\/www.upm.cz\/wp-content\/uploads\/2020\/03\/logo_upm_cz.svg\",\"width\":1736,\"height\":295,\"caption\":\"Um\u011bleckopr\u016fmyslov\u00e9 museum v Praze\"},\"image\":{\"@id\":\"https:\/\/www.upm.cz\/#\/schema\/logo\/image\/\"}}]}<\/script>\n<!-- \/ Yoast SEO plugin. -->","yoast_head_json":{"title":"BOHUMIL JU\u017dNI\u010c - Um\u011bleckopr\u016fmyslov\u00e9 museum v Praze","description":"Publikace p\u0159ibli\u017euje Ju\u017eni\u010dovu tvorbu dokumentovanou n\u00e1vrhy z\u00a0autorovy poz\u016fstalosti i realizacemi nejen ze sb\u00edrek Um\u011bleckopr\u016fmyslov\u00e9ho musea\u00a0 v\u00a0Praze.","robots":{"index":"index","follow":"follow","max-snippet":"max-snippet:-1","max-image-preview":"max-image-preview:large","max-video-preview":"max-video-preview:-1"},"canonical":"https:\/\/www.upm.cz\/an\/eshop\/bohumil-juznic\/","og_locale":"en_US","og_type":"article","og_title":"BOHUMIL JU\u017dNI\u010c - Um\u011bleckopr\u016fmyslov\u00e9 museum v Praze","og_description":"Publikace p\u0159ibli\u017euje Ju\u017eni\u010dovu tvorbu dokumentovanou n\u00e1vrhy z\u00a0autorovy poz\u016fstalosti i realizacemi nejen ze sb\u00edrek Um\u011bleckopr\u016fmyslov\u00e9ho musea\u00a0 v\u00a0Praze.","og_url":"https:\/\/www.upm.cz\/an\/eshop\/bohumil-juznic\/","og_site_name":"Um\u011bleckopr\u016fmyslov\u00e9 museum v Praze","article_modified_time":"2025-12-24T22:43:13+00:00","og_image":[{"width":1080,"height":1209,"url":"https:\/\/www.upm.cz\/wp-content\/uploads\/obalka-nahled-2-1.jpg","type":"image\/jpeg"}],"twitter_card":"summary_large_image","twitter_misc":{"Est. reading time":"2 minutes"},"schema":{"@context":"https:\/\/schema.org","@graph":[{"@type":"WebPage","@id":"https:\/\/www.upm.cz\/eshop\/bohumil-juznic\/","url":"https:\/\/www.upm.cz\/eshop\/bohumil-juznic\/","name":"BOHUMIL JU\u017dNI\u010c - Um\u011bleckopr\u016fmyslov\u00e9 museum v Praze","isPartOf":{"@id":"https:\/\/www.upm.cz\/#website"},"primaryImageOfPage":{"@id":"https:\/\/www.upm.cz\/eshop\/bohumil-juznic\/#primaryimage"},"image":{"@id":"https:\/\/www.upm.cz\/eshop\/bohumil-juznic\/#primaryimage"},"thumbnailUrl":"https:\/\/www.upm.cz\/wp-content\/uploads\/obalka-nahled-2-1.jpg","datePublished":"2024-08-15T08:08:47+00:00","dateModified":"2025-12-24T22:43:13+00:00","description":"Publikace p\u0159ibli\u017euje Ju\u017eni\u010dovu tvorbu dokumentovanou n\u00e1vrhy z\u00a0autorovy poz\u016fstalosti i realizacemi nejen ze sb\u00edrek Um\u011bleckopr\u016fmyslov\u00e9ho musea\u00a0 v\u00a0Praze.","breadcrumb":{"@id":"https:\/\/www.upm.cz\/eshop\/bohumil-juznic\/#breadcrumb"},"inLanguage":"en-US","potentialAction":[{"@type":"ReadAction","target":["https:\/\/www.upm.cz\/eshop\/bohumil-juznic\/"]}]},{"@type":"ImageObject","inLanguage":"en-US","@id":"https:\/\/www.upm.cz\/eshop\/bohumil-juznic\/#primaryimage","url":"https:\/\/www.upm.cz\/wp-content\/uploads\/obalka-nahled-2-1.jpg","contentUrl":"https:\/\/www.upm.cz\/wp-content\/uploads\/obalka-nahled-2-1.jpg","width":1080,"height":1209,"caption":"Bohumil Ju\u017eni\u010d kniha"},{"@type":"BreadcrumbList","@id":"https:\/\/www.upm.cz\/eshop\/bohumil-juznic\/#breadcrumb","itemListElement":[{"@type":"ListItem","position":1,"name":"Dom\u016f","item":"https:\/\/www.upm.cz\/"},{"@type":"ListItem","position":2,"name":"eshop","item":"https:\/\/www.upm.cz\/eshop\/"},{"@type":"ListItem","position":3,"name":"BOHUMIL JU\u017dNI\u010c"}]},{"@type":"WebSite","@id":"https:\/\/www.upm.cz\/#website","url":"https:\/\/www.upm.cz\/","name":"Um\u011bleckopr\u016fmyslov\u00e9 museum v Praze","description":"","publisher":{"@id":"https:\/\/www.upm.cz\/#organization"},"potentialAction":[{"@type":"SearchAction","target":{"@type":"EntryPoint","urlTemplate":"https:\/\/www.upm.cz\/?s={search_term_string}"},"query-input":{"@type":"PropertyValueSpecification","valueRequired":true,"valueName":"search_term_string"}}],"inLanguage":"en-US"},{"@type":"Organization","@id":"https:\/\/www.upm.cz\/#organization","name":"Um\u011bleckopr\u016fmyslov\u00e9 museum v Praze","url":"https:\/\/www.upm.cz\/","logo":{"@type":"ImageObject","inLanguage":"en-US","@id":"https:\/\/www.upm.cz\/#\/schema\/logo\/image\/","url":"https:\/\/www.upm.cz\/wp-content\/uploads\/2020\/03\/logo_upm_cz.svg","contentUrl":"https:\/\/www.upm.cz\/wp-content\/uploads\/2020\/03\/logo_upm_cz.svg","width":1736,"height":295,"caption":"Um\u011bleckopr\u016fmyslov\u00e9 museum v Praze"},"image":{"@id":"https:\/\/www.upm.cz\/#\/schema\/logo\/image\/"}}]}},"_links":{"self":[{"href":"https:\/\/www.upm.cz\/an\/wp-json\/wp\/v2\/product\/20442","targetHints":{"allow":["GET"]}}],"collection":[{"href":"https:\/\/www.upm.cz\/an\/wp-json\/wp\/v2\/product"}],"about":[{"href":"https:\/\/www.upm.cz\/an\/wp-json\/wp\/v2\/types\/product"}],"wp:featuredmedia":[{"embeddable":true,"href":"https:\/\/www.upm.cz\/an\/wp-json\/wp\/v2\/media\/19895"}],"wp:attachment":[{"href":"https:\/\/www.upm.cz\/an\/wp-json\/wp\/v2\/media?parent=20442"}],"wp:term":[{"taxonomy":"product_brand","embeddable":true,"href":"https:\/\/www.upm.cz\/an\/wp-json\/wp\/v2\/product_brand?post=20442"},{"taxonomy":"product_cat","embeddable":true,"href":"https:\/\/www.upm.cz\/an\/wp-json\/wp\/v2\/product_cat?post=20442"},{"taxonomy":"product_tag","embeddable":true,"href":"https:\/\/www.upm.cz\/an\/wp-json\/wp\/v2\/product_tag?post=20442"}],"curies":[{"name":"wp","href":"https:\/\/api.w.org\/{rel}","templated":true}]}}