{"id":20449,"date":"2024-08-15T10:43:28","date_gmt":"2024-08-15T08:43:28","guid":{"rendered":"https:\/\/www.upm.cz\/?post_type=product&#038;p=20449"},"modified":"2025-11-18T22:02:46","modified_gmt":"2025-11-18T21:02:46","slug":"antique-glass-from-the-collections-of-the-museum-of-decorative-arts-in-prague","status":"publish","type":"product","link":"https:\/\/www.upm.cz\/an\/eshop\/antique-glass-from-the-collections-of-the-museum-of-decorative-arts-in-prague\/","title":{"rendered":"ANCIENT GLASS FROM THE COLLECTIONS OF THE MUSEUM OF DECORATIVE ARTS IN PRAGUE"},"content":{"rendered":"<p>This publication by the archaeologist Hedvika Sedl\u00e1\u010dkov\u00e1 and the art historian Helena Bro\u017ekov\u00e1 provides a&nbsp;detailed overview of the rich collection of antique glass held by the Museum of Decorative Arts in Prague (UPM). The first part contains a&nbsp;text describing the history of the museum&#8217;s&nbsp;collection and introducing its main creators, including Vojt\u011bch Lanna, a&nbsp;prominent collector, patron and entrepreneur. Other chapters are devoted to glass groups according to their production areas, such as the Eastern Mediterranean, the area of modern Italy or the Rhineland: &#8222;Modern imitations of ancient glass, the restoration process and the chemical composition of glass. The texts are accompanied by extensive photographic documentation, tables with lists of vessels and tables of glass compositions. The second part of the publication consists of a&nbsp;catalogue of 370 items with photographic and pictorial documentation: almost a&nbsp;third of the collection is made up of ancient glass from the eastern Mediterranean, from archaeological excavations in Beirut, from tombs on Mount Carmel near Haifa or Homs in Syria, or from Antino\u00eb (the Roman city of Antinoupolis) in Egypt. Vessels from Italy come from Etruscan tombs near Capua and, more recently, from Aquileia. The finds from Mainz and Niederbreisig represent glass from sites in Germany. The authors were able to add to the catalogue several vessels from Lanna&#8217;s&nbsp;collection, acquired after his death by important European and American museums.<\/p>","protected":false},"excerpt":{"rendered":"<p>publisher: the UPM 2020<br \/>\nEditor: Hedvika Sedl\u00e1\u010dkov\u00e1<br \/>\nTexts: Helena Bro\u017ekov\u00e1, Helena Koenigsmarkov\u00e1, Dana Rohanov\u00e1, Hedvika Sedl\u00e1\u010dkov\u00e1, Radim Vondr\u00e1\u010dek, Filip Wittlich<br \/>\nGraphic design by Johan Vlach, Mat\u011bj Benick\u00fd, MiniMaxStudio<br \/>\nFormat: 30 x 22,5 cm, hardcover<br \/>\nnumber of printed pages: 248<br \/>\nnumber of reproductions: approx. 780<\/p>","protected":false},"featured_media":20777,"template":"","meta":{"_acf_changed":false},"product_brand":[],"product_cat":[80],"product_tag":[],"class_list":{"0":"post-20449","1":"product","2":"type-product","3":"status-publish","4":"has-post-thumbnail","6":"product_cat-books","8":"first","9":"instock","10":"shipping-taxable","11":"purchasable","12":"product-type-simple"},"acf":[],"yoast_head":"<!-- This site is optimized with the Yoast SEO plugin v26.9 - https:\/\/yoast.com\/product\/yoast-seo-wordpress\/ -->\n<title>ANCIENT GLASS FROM THE COLLECTIONS OF THE MUSEUM OF DECORATIVE ARTS IN PRAGUE - Um\u011bleckopr\u016fmyslov\u00e9 museum v Praze<\/title>\n<meta name=\"description\" content=\"Publikace p\u0159ibli\u017euje Ju\u017eni\u010dovu tvorbu dokumentovanou n\u00e1vrhy z\u00a0autorovy poz\u016fstalosti i realizacemi nejen ze sb\u00edrek Um\u011bleckopr\u016fmyslov\u00e9ho musea\u00a0 v\u00a0Praze.\" \/>\n<meta name=\"robots\" content=\"index, follow, max-snippet:-1, max-image-preview:large, max-video-preview:-1\" \/>\n<link rel=\"canonical\" href=\"https:\/\/www.upm.cz\/an\/eshop\/antique-glass-from-the-collections-of-the-museum-of-decorative-arts-in-prague\/\" \/>\n<meta property=\"og:locale\" content=\"en_US\" \/>\n<meta property=\"og:type\" content=\"article\" \/>\n<meta property=\"og:title\" content=\"ANCIENT GLASS FROM THE COLLECTIONS OF THE MUSEUM OF DECORATIVE ARTS IN PRAGUE - Um\u011bleckopr\u016fmyslov\u00e9 museum v Praze\" \/>\n<meta property=\"og:description\" content=\"Publikace p\u0159ibli\u017euje Ju\u017eni\u010dovu tvorbu dokumentovanou n\u00e1vrhy z\u00a0autorovy poz\u016fstalosti i realizacemi nejen ze sb\u00edrek Um\u011bleckopr\u016fmyslov\u00e9ho musea\u00a0 v\u00a0Praze.\" \/>\n<meta property=\"og:url\" content=\"https:\/\/www.upm.cz\/an\/eshop\/antique-glass-from-the-collections-of-the-museum-of-decorative-arts-in-prague\/\" \/>\n<meta property=\"og:site_name\" content=\"Um\u011bleckopr\u016fmyslov\u00e9 museum v Praze\" \/>\n<meta property=\"article:modified_time\" content=\"2025-11-18T21:02:46+00:00\" \/>\n<meta property=\"og:image\" content=\"https:\/\/www.upm.cz\/wp-content\/uploads\/Anticke_sklo_EN_5594.jpg\" \/>\n\t<meta property=\"og:image:width\" content=\"908\" \/>\n\t<meta property=\"og:image:height\" content=\"1200\" \/>\n\t<meta property=\"og:image:type\" content=\"image\/jpeg\" \/>\n<meta name=\"twitter:card\" content=\"summary_large_image\" \/>\n<meta name=\"twitter:label1\" content=\"Est. reading time\" \/>\n\t<meta name=\"twitter:data1\" content=\"2 minutes\" \/>\n<script type=\"application\/ld+json\" class=\"yoast-schema-graph\">{\"@context\":\"https:\/\/schema.org\",\"@graph\":[{\"@type\":\"WebPage\",\"@id\":\"https:\/\/www.upm.cz\/eshop\/antique-glass-from-the-collections-of-the-museum-of-decorative-arts-in-prague\/\",\"url\":\"https:\/\/www.upm.cz\/eshop\/antique-glass-from-the-collections-of-the-museum-of-decorative-arts-in-prague\/\",\"name\":\"ANCIENT GLASS FROM THE COLLECTIONS OF THE MUSEUM OF DECORATIVE ARTS IN PRAGUE - Um\u011bleckopr\u016fmyslov\u00e9 museum v Praze\",\"isPartOf\":{\"@id\":\"https:\/\/www.upm.cz\/#website\"},\"primaryImageOfPage\":{\"@id\":\"https:\/\/www.upm.cz\/eshop\/antique-glass-from-the-collections-of-the-museum-of-decorative-arts-in-prague\/#primaryimage\"},\"image\":{\"@id\":\"https:\/\/www.upm.cz\/eshop\/antique-glass-from-the-collections-of-the-museum-of-decorative-arts-in-prague\/#primaryimage\"},\"thumbnailUrl\":\"https:\/\/www.upm.cz\/wp-content\/uploads\/Anticke_sklo_EN_5594.jpg\",\"datePublished\":\"2024-08-15T08:43:28+00:00\",\"dateModified\":\"2025-11-18T21:02:46+00:00\",\"description\":\"Publikace p\u0159ibli\u017euje Ju\u017eni\u010dovu tvorbu dokumentovanou n\u00e1vrhy z\u00a0autorovy poz\u016fstalosti i realizacemi nejen ze sb\u00edrek Um\u011bleckopr\u016fmyslov\u00e9ho musea\u00a0 v\u00a0Praze.\",\"breadcrumb\":{\"@id\":\"https:\/\/www.upm.cz\/eshop\/antique-glass-from-the-collections-of-the-museum-of-decorative-arts-in-prague\/#breadcrumb\"},\"inLanguage\":\"en-US\",\"potentialAction\":[{\"@type\":\"ReadAction\",\"target\":[\"https:\/\/www.upm.cz\/eshop\/antique-glass-from-the-collections-of-the-museum-of-decorative-arts-in-prague\/\"]}]},{\"@type\":\"ImageObject\",\"inLanguage\":\"en-US\",\"@id\":\"https:\/\/www.upm.cz\/eshop\/antique-glass-from-the-collections-of-the-museum-of-decorative-arts-in-prague\/#primaryimage\",\"url\":\"https:\/\/www.upm.cz\/wp-content\/uploads\/Anticke_sklo_EN_5594.jpg\",\"contentUrl\":\"https:\/\/www.upm.cz\/wp-content\/uploads\/Anticke_sklo_EN_5594.jpg\",\"width\":908,\"height\":1200},{\"@type\":\"BreadcrumbList\",\"@id\":\"https:\/\/www.upm.cz\/eshop\/antique-glass-from-the-collections-of-the-museum-of-decorative-arts-in-prague\/#breadcrumb\",\"itemListElement\":[{\"@type\":\"ListItem\",\"position\":1,\"name\":\"Dom\u016f\",\"item\":\"https:\/\/www.upm.cz\/\"},{\"@type\":\"ListItem\",\"position\":2,\"name\":\"eshop\",\"item\":\"https:\/\/www.upm.cz\/eshop\/\"},{\"@type\":\"ListItem\",\"position\":3,\"name\":\"ANCIENT GLASS FROM THE COLLECTIONS OF THE MUSEUM OF DECORATIVE ARTS IN PRAGUE\"}]},{\"@type\":\"WebSite\",\"@id\":\"https:\/\/www.upm.cz\/#website\",\"url\":\"https:\/\/www.upm.cz\/\",\"name\":\"Um\u011bleckopr\u016fmyslov\u00e9 museum v Praze\",\"description\":\"\",\"publisher\":{\"@id\":\"https:\/\/www.upm.cz\/#organization\"},\"potentialAction\":[{\"@type\":\"SearchAction\",\"target\":{\"@type\":\"EntryPoint\",\"urlTemplate\":\"https:\/\/www.upm.cz\/?s={search_term_string}\"},\"query-input\":{\"@type\":\"PropertyValueSpecification\",\"valueRequired\":true,\"valueName\":\"search_term_string\"}}],\"inLanguage\":\"en-US\"},{\"@type\":\"Organization\",\"@id\":\"https:\/\/www.upm.cz\/#organization\",\"name\":\"Um\u011bleckopr\u016fmyslov\u00e9 museum v Praze\",\"url\":\"https:\/\/www.upm.cz\/\",\"logo\":{\"@type\":\"ImageObject\",\"inLanguage\":\"en-US\",\"@id\":\"https:\/\/www.upm.cz\/#\/schema\/logo\/image\/\",\"url\":\"https:\/\/www.upm.cz\/wp-content\/uploads\/2020\/03\/logo_upm_cz.svg\",\"contentUrl\":\"https:\/\/www.upm.cz\/wp-content\/uploads\/2020\/03\/logo_upm_cz.svg\",\"width\":1736,\"height\":295,\"caption\":\"Um\u011bleckopr\u016fmyslov\u00e9 museum v Praze\"},\"image\":{\"@id\":\"https:\/\/www.upm.cz\/#\/schema\/logo\/image\/\"}}]}<\/script>\n<!-- \/ Yoast SEO plugin. -->","yoast_head_json":{"title":"ANCIENT GLASS FROM THE COLLECTIONS OF THE MUSEUM OF DECORATIVE ARTS IN PRAGUE - Um\u011bleckopr\u016fmyslov\u00e9 museum v Praze","description":"Publikace p\u0159ibli\u017euje Ju\u017eni\u010dovu tvorbu dokumentovanou n\u00e1vrhy z\u00a0autorovy poz\u016fstalosti i realizacemi nejen ze sb\u00edrek Um\u011bleckopr\u016fmyslov\u00e9ho musea\u00a0 v\u00a0Praze.","robots":{"index":"index","follow":"follow","max-snippet":"max-snippet:-1","max-image-preview":"max-image-preview:large","max-video-preview":"max-video-preview:-1"},"canonical":"https:\/\/www.upm.cz\/an\/eshop\/antique-glass-from-the-collections-of-the-museum-of-decorative-arts-in-prague\/","og_locale":"en_US","og_type":"article","og_title":"ANCIENT GLASS FROM THE COLLECTIONS OF THE MUSEUM OF DECORATIVE ARTS IN PRAGUE - Um\u011bleckopr\u016fmyslov\u00e9 museum v Praze","og_description":"Publikace p\u0159ibli\u017euje Ju\u017eni\u010dovu tvorbu dokumentovanou n\u00e1vrhy z\u00a0autorovy poz\u016fstalosti i realizacemi nejen ze sb\u00edrek Um\u011bleckopr\u016fmyslov\u00e9ho musea\u00a0 v\u00a0Praze.","og_url":"https:\/\/www.upm.cz\/an\/eshop\/antique-glass-from-the-collections-of-the-museum-of-decorative-arts-in-prague\/","og_site_name":"Um\u011bleckopr\u016fmyslov\u00e9 museum v Praze","article_modified_time":"2025-11-18T21:02:46+00:00","og_image":[{"width":908,"height":1200,"url":"https:\/\/www.upm.cz\/wp-content\/uploads\/Anticke_sklo_EN_5594.jpg","type":"image\/jpeg"}],"twitter_card":"summary_large_image","twitter_misc":{"Est. reading time":"2 minutes"},"schema":{"@context":"https:\/\/schema.org","@graph":[{"@type":"WebPage","@id":"https:\/\/www.upm.cz\/eshop\/antique-glass-from-the-collections-of-the-museum-of-decorative-arts-in-prague\/","url":"https:\/\/www.upm.cz\/eshop\/antique-glass-from-the-collections-of-the-museum-of-decorative-arts-in-prague\/","name":"ANCIENT GLASS FROM THE COLLECTIONS OF THE MUSEUM OF DECORATIVE ARTS IN PRAGUE - Um\u011bleckopr\u016fmyslov\u00e9 museum v Praze","isPartOf":{"@id":"https:\/\/www.upm.cz\/#website"},"primaryImageOfPage":{"@id":"https:\/\/www.upm.cz\/eshop\/antique-glass-from-the-collections-of-the-museum-of-decorative-arts-in-prague\/#primaryimage"},"image":{"@id":"https:\/\/www.upm.cz\/eshop\/antique-glass-from-the-collections-of-the-museum-of-decorative-arts-in-prague\/#primaryimage"},"thumbnailUrl":"https:\/\/www.upm.cz\/wp-content\/uploads\/Anticke_sklo_EN_5594.jpg","datePublished":"2024-08-15T08:43:28+00:00","dateModified":"2025-11-18T21:02:46+00:00","description":"Publikace p\u0159ibli\u017euje Ju\u017eni\u010dovu tvorbu dokumentovanou n\u00e1vrhy z\u00a0autorovy poz\u016fstalosti i realizacemi nejen ze sb\u00edrek Um\u011bleckopr\u016fmyslov\u00e9ho musea\u00a0 v\u00a0Praze.","breadcrumb":{"@id":"https:\/\/www.upm.cz\/eshop\/antique-glass-from-the-collections-of-the-museum-of-decorative-arts-in-prague\/#breadcrumb"},"inLanguage":"en-US","potentialAction":[{"@type":"ReadAction","target":["https:\/\/www.upm.cz\/eshop\/antique-glass-from-the-collections-of-the-museum-of-decorative-arts-in-prague\/"]}]},{"@type":"ImageObject","inLanguage":"en-US","@id":"https:\/\/www.upm.cz\/eshop\/antique-glass-from-the-collections-of-the-museum-of-decorative-arts-in-prague\/#primaryimage","url":"https:\/\/www.upm.cz\/wp-content\/uploads\/Anticke_sklo_EN_5594.jpg","contentUrl":"https:\/\/www.upm.cz\/wp-content\/uploads\/Anticke_sklo_EN_5594.jpg","width":908,"height":1200},{"@type":"BreadcrumbList","@id":"https:\/\/www.upm.cz\/eshop\/antique-glass-from-the-collections-of-the-museum-of-decorative-arts-in-prague\/#breadcrumb","itemListElement":[{"@type":"ListItem","position":1,"name":"Dom\u016f","item":"https:\/\/www.upm.cz\/"},{"@type":"ListItem","position":2,"name":"eshop","item":"https:\/\/www.upm.cz\/eshop\/"},{"@type":"ListItem","position":3,"name":"ANCIENT GLASS FROM THE COLLECTIONS OF THE MUSEUM OF DECORATIVE ARTS IN PRAGUE"}]},{"@type":"WebSite","@id":"https:\/\/www.upm.cz\/#website","url":"https:\/\/www.upm.cz\/","name":"Um\u011bleckopr\u016fmyslov\u00e9 museum v Praze","description":"","publisher":{"@id":"https:\/\/www.upm.cz\/#organization"},"potentialAction":[{"@type":"SearchAction","target":{"@type":"EntryPoint","urlTemplate":"https:\/\/www.upm.cz\/?s={search_term_string}"},"query-input":{"@type":"PropertyValueSpecification","valueRequired":true,"valueName":"search_term_string"}}],"inLanguage":"en-US"},{"@type":"Organization","@id":"https:\/\/www.upm.cz\/#organization","name":"Um\u011bleckopr\u016fmyslov\u00e9 museum v Praze","url":"https:\/\/www.upm.cz\/","logo":{"@type":"ImageObject","inLanguage":"en-US","@id":"https:\/\/www.upm.cz\/#\/schema\/logo\/image\/","url":"https:\/\/www.upm.cz\/wp-content\/uploads\/2020\/03\/logo_upm_cz.svg","contentUrl":"https:\/\/www.upm.cz\/wp-content\/uploads\/2020\/03\/logo_upm_cz.svg","width":1736,"height":295,"caption":"Um\u011bleckopr\u016fmyslov\u00e9 museum v Praze"},"image":{"@id":"https:\/\/www.upm.cz\/#\/schema\/logo\/image\/"}}]}},"_links":{"self":[{"href":"https:\/\/www.upm.cz\/an\/wp-json\/wp\/v2\/product\/20449","targetHints":{"allow":["GET"]}}],"collection":[{"href":"https:\/\/www.upm.cz\/an\/wp-json\/wp\/v2\/product"}],"about":[{"href":"https:\/\/www.upm.cz\/an\/wp-json\/wp\/v2\/types\/product"}],"wp:featuredmedia":[{"embeddable":true,"href":"https:\/\/www.upm.cz\/an\/wp-json\/wp\/v2\/media\/20777"}],"wp:attachment":[{"href":"https:\/\/www.upm.cz\/an\/wp-json\/wp\/v2\/media?parent=20449"}],"wp:term":[{"taxonomy":"product_brand","embeddable":true,"href":"https:\/\/www.upm.cz\/an\/wp-json\/wp\/v2\/product_brand?post=20449"},{"taxonomy":"product_cat","embeddable":true,"href":"https:\/\/www.upm.cz\/an\/wp-json\/wp\/v2\/product_cat?post=20449"},{"taxonomy":"product_tag","embeddable":true,"href":"https:\/\/www.upm.cz\/an\/wp-json\/wp\/v2\/product_tag?post=20449"}],"curies":[{"name":"wp","href":"https:\/\/api.w.org\/{rel}","templated":true}]}}