{"id":21060,"date":"2024-10-07T12:46:41","date_gmt":"2024-10-07T10:46:41","guid":{"rendered":"https:\/\/www.upm.cz\/?post_type=product&#038;p=21060"},"modified":"2026-03-16T10:00:06","modified_gmt":"2026-03-16T09:00:06","slug":"minka-vilemina-podhajska-1881-1963","status":"publish","type":"product","link":"https:\/\/www.upm.cz\/an\/eshop\/minka-vilemina-podhajska-1881-1963\/","title":{"rendered":"MINKA. VILEM\u00cdNA PODHAJSK\u00c1 (1881 \u2013 1963)"},"content":{"rendered":"<p>Osobnost Minky Podhajsk\u00e9 z\u016fst\u00e1vala doposud mimo hlavn\u00ed z\u00e1jem o&nbsp;v\u00fdtvarnou tvorbu \u017een po\u010d\u00e1tku 20.&nbsp;stolet\u00ed, mo\u017en\u00e1 i&nbsp;proto, \u017ee polovinu \u017eivota pro\u017eila ve V\u00eddni, kde se narodila a&nbsp;z\u00edskala v\u00fdtvarn\u00e9 vzd\u011bl\u00e1n\u00ed. jej\u00ed um\u011bleck\u00e9 schopnosti zahrnovaly \u0161irokou \u0161k\u00e1lu: byla mal\u00ed\u0159kou, kresl\u00ed\u0159kou, ilustr\u00e1torkou hra\u010dek, n\u00e1vrh\u00e1\u0159kou keramick\u00fdch souprav \u2013 zkou\u0161ela v\u0161echno, co nejprve \u0161kola a&nbsp;pozd\u011bji praxe poskytovala. Dcera \u010desk\u00fdch rodi\u010d\u016f mluvila \u010desky, n\u011bmecky, francouzsky, anglicky, hr\u00e1la ochotnick\u00e9 divadlo, zp\u00edvala, milovala cestov\u00e1n\u00ed. Prvn\u00ed sv\u011btovou v\u00e1lku pro\u017eila je\u0161t\u011b ve V\u00eddni a&nbsp;z\u00e1hy po&nbsp;jej\u00edm skon\u010den\u00ed, po&nbsp;rozpadu Rakouska-Uherska, ode\u0161la do Prahy.<br \/>\nMinka Podhajsk\u00e1 spojovala dva sv\u011bty \u2013 v\u00edde\u0148sk\u00fd a&nbsp;\u010desk\u00fd: je\u0161t\u011b v&nbsp;dob\u011b, kdy \u017eila ve V\u00eddni, se aktivn\u011b zapojovala i&nbsp;do d\u011bn\u00ed na \u010desk\u00e9 sc\u00e9n\u011b, pracovala pro Art\u011bl a&nbsp;Ho\u0159ick\u00e9 hra\u010dk\u00e1\u0159sk\u00e9 dru\u017estvo. Po&nbsp;sv\u00e9m p\u0159est\u011bhov\u00e1n\u00ed do \u010ceskoslovenska se stala profesorkou, profesion\u00e1ln\u011b se v\u011bnovala n\u00e1vrh\u00e1\u0159stv\u00ed hra\u010dek a&nbsp;malb\u011b. Byla komplexn\u00ed um\u011blkyn\u00ed, schopnou pracovat v&nbsp;mnoha oborech. Z\u00edsk\u00e1n\u00ed nov\u00fdch informac\u00ed a&nbsp;objev dal\u0161\u00edch d\u011bl autorky se stalo podn\u011btem k&nbsp;vyd\u00e1n\u00ed t\u00e9to publikace s&nbsp;v\u011bdom\u00edm, \u017ee nejsou vylou\u010deny dal\u0161\u00ed objevy t\u00fdkaj\u00edc\u00ed se tvorby t\u00e9to nev\u0161edn\u00ed um\u011blkyn\u011b.<\/p>","protected":false},"excerpt":{"rendered":"<p>texty: Eva Neumannov\u00e1 (ed.), Eva Bendov\u00e1, Marie M\u00ed\u010dov\u00e1<br \/>\ngrafick\u00fd design: \u0160t\u011bp\u00e1n Malovec<br \/>\nvyd\u00e1n\u00ed: \u010desk\u00e9 s\u00a0anglick\u00fdm resum\u00e9<br \/>\nform\u00e1t: 21,5 x 27,5, tvrd\u00e1<br \/>\npo\u010det stran: 334<br \/>\nvydavatel: UPM, 2022<\/p>\n<p>ISBN 978-80-7101-213-9<\/p>","protected":false},"featured_media":21074,"template":"","meta":{"_acf_changed":false},"product_brand":[],"product_cat":[45],"product_tag":[],"class_list":{"0":"post-21060","1":"product","2":"type-product","3":"status-publish","4":"has-post-thumbnail","6":"product_cat-knihy","8":"first","9":"instock","10":"shipping-taxable","11":"purchasable","12":"product-type-simple"},"acf":[],"yoast_head":"<!-- This site is optimized with the Yoast SEO plugin v26.9 - https:\/\/yoast.com\/product\/yoast-seo-wordpress\/ -->\n<title>MINKA. VILEM\u00cdNA PODHAJSK\u00c1 (1881 \u2013 1963) - Um\u011bleckopr\u016fmyslov\u00e9 museum v Praze<\/title>\n<meta name=\"description\" content=\"Minka Podhajsk\u00e1 spojovala dva sv\u011bty \u2013 v\u00edde\u0148sk\u00fd a \u010desk\u00fd: je\u0161t\u011b v dob\u011b, kdy \u017eila ve V\u00eddni, se aktivn\u011b zapojovala i do d\u011bn\u00ed na \u010desk\u00e9 sc\u00e9n\u011b, pracovala pro Art\u011bl a Ho\u0159ick\u00e9 hra\u010dk\u00e1\u0159sk\u00e9 dru\u017estvo. Po sv\u00e9m p\u0159est\u011bhov\u00e1n\u00ed do \u010ceskoslovenska se stala profesorkou, profesion\u00e1ln\u011b se v\u011bnovala n\u00e1vrh\u00e1\u0159stv\u00ed hra\u010dek a malb\u011b. Byla komplexn\u00ed um\u011blkyn\u00ed, schopnou pracovat v mnoha oborech. Z\u00edsk\u00e1n\u00ed nov\u00fdch informac\u00ed a objev dal\u0161\u00edch d\u011bl autorky se stalo podn\u011btem k vyd\u00e1n\u00ed t\u00e9to publikace s v\u011bdom\u00edm, \u017ee nejsou vylou\u010deny dal\u0161\u00ed objevy t\u00fdkaj\u00edc\u00ed se tvorby t\u00e9to nev\u0161edn\u00ed um\u011blkyn\u011b.\" \/>\n<meta name=\"robots\" content=\"index, follow, max-snippet:-1, max-image-preview:large, max-video-preview:-1\" \/>\n<link rel=\"canonical\" href=\"https:\/\/www.upm.cz\/an\/eshop\/minka-vilemina-podhajska-1881-1963\/\" \/>\n<meta property=\"og:locale\" content=\"en_US\" \/>\n<meta property=\"og:type\" content=\"article\" \/>\n<meta property=\"og:title\" content=\"MINKA. VILEM\u00cdNA PODHAJSK\u00c1 (1881 \u2013 1963) - Um\u011bleckopr\u016fmyslov\u00e9 museum v Praze\" \/>\n<meta property=\"og:description\" content=\"Minka Podhajsk\u00e1 spojovala dva sv\u011bty \u2013 v\u00edde\u0148sk\u00fd a \u010desk\u00fd: je\u0161t\u011b v dob\u011b, kdy \u017eila ve V\u00eddni, se aktivn\u011b zapojovala i do d\u011bn\u00ed na \u010desk\u00e9 sc\u00e9n\u011b, pracovala pro Art\u011bl a Ho\u0159ick\u00e9 hra\u010dk\u00e1\u0159sk\u00e9 dru\u017estvo. Po sv\u00e9m p\u0159est\u011bhov\u00e1n\u00ed do \u010ceskoslovenska se stala profesorkou, profesion\u00e1ln\u011b se v\u011bnovala n\u00e1vrh\u00e1\u0159stv\u00ed hra\u010dek a malb\u011b. Byla komplexn\u00ed um\u011blkyn\u00ed, schopnou pracovat v mnoha oborech. Z\u00edsk\u00e1n\u00ed nov\u00fdch informac\u00ed a objev dal\u0161\u00edch d\u011bl autorky se stalo podn\u011btem k vyd\u00e1n\u00ed t\u00e9to publikace s v\u011bdom\u00edm, \u017ee nejsou vylou\u010deny dal\u0161\u00ed objevy t\u00fdkaj\u00edc\u00ed se tvorby t\u00e9to nev\u0161edn\u00ed um\u011blkyn\u011b.\" \/>\n<meta property=\"og:url\" content=\"https:\/\/www.upm.cz\/an\/eshop\/minka-vilemina-podhajska-1881-1963\/\" \/>\n<meta property=\"og:site_name\" content=\"Um\u011bleckopr\u016fmyslov\u00e9 museum v Praze\" \/>\n<meta property=\"article:modified_time\" content=\"2026-03-16T09:00:06+00:00\" \/>\n<meta property=\"og:image\" content=\"https:\/\/www.upm.cz\/wp-content\/uploads\/DSC5901.jpg\" \/>\n\t<meta property=\"og:image:width\" content=\"949\" \/>\n\t<meta property=\"og:image:height\" content=\"1200\" \/>\n\t<meta property=\"og:image:type\" content=\"image\/jpeg\" \/>\n<meta name=\"twitter:card\" content=\"summary_large_image\" \/>\n<meta name=\"twitter:label1\" content=\"Est. reading time\" \/>\n\t<meta name=\"twitter:data1\" content=\"2 minutes\" \/>\n<script type=\"application\/ld+json\" class=\"yoast-schema-graph\">{\"@context\":\"https:\/\/schema.org\",\"@graph\":[{\"@type\":\"WebPage\",\"@id\":\"https:\/\/www.upm.cz\/eshop\/minka-vilemina-podhajska-1881-1963\/\",\"url\":\"https:\/\/www.upm.cz\/eshop\/minka-vilemina-podhajska-1881-1963\/\",\"name\":\"MINKA. VILEM\u00cdNA PODHAJSK\u00c1 (1881 \u2013 1963) - Um\u011bleckopr\u016fmyslov\u00e9 museum v Praze\",\"isPartOf\":{\"@id\":\"https:\/\/www.upm.cz\/#website\"},\"primaryImageOfPage\":{\"@id\":\"https:\/\/www.upm.cz\/eshop\/minka-vilemina-podhajska-1881-1963\/#primaryimage\"},\"image\":{\"@id\":\"https:\/\/www.upm.cz\/eshop\/minka-vilemina-podhajska-1881-1963\/#primaryimage\"},\"thumbnailUrl\":\"https:\/\/www.upm.cz\/wp-content\/uploads\/DSC5901.jpg\",\"datePublished\":\"2024-10-07T10:46:41+00:00\",\"dateModified\":\"2026-03-16T09:00:06+00:00\",\"description\":\"Minka Podhajsk\u00e1 spojovala dva sv\u011bty \u2013 v\u00edde\u0148sk\u00fd a \u010desk\u00fd: je\u0161t\u011b v dob\u011b, kdy \u017eila ve V\u00eddni, se aktivn\u011b zapojovala i do d\u011bn\u00ed na \u010desk\u00e9 sc\u00e9n\u011b, pracovala pro Art\u011bl a Ho\u0159ick\u00e9 hra\u010dk\u00e1\u0159sk\u00e9 dru\u017estvo. Po sv\u00e9m p\u0159est\u011bhov\u00e1n\u00ed do \u010ceskoslovenska se stala profesorkou, profesion\u00e1ln\u011b se v\u011bnovala n\u00e1vrh\u00e1\u0159stv\u00ed hra\u010dek a malb\u011b. Byla komplexn\u00ed um\u011blkyn\u00ed, schopnou pracovat v mnoha oborech. Z\u00edsk\u00e1n\u00ed nov\u00fdch informac\u00ed a objev dal\u0161\u00edch d\u011bl autorky se stalo podn\u011btem k vyd\u00e1n\u00ed t\u00e9to publikace s v\u011bdom\u00edm, \u017ee nejsou vylou\u010deny dal\u0161\u00ed objevy t\u00fdkaj\u00edc\u00ed se tvorby t\u00e9to nev\u0161edn\u00ed um\u011blkyn\u011b.\",\"breadcrumb\":{\"@id\":\"https:\/\/www.upm.cz\/eshop\/minka-vilemina-podhajska-1881-1963\/#breadcrumb\"},\"inLanguage\":\"en-US\",\"potentialAction\":[{\"@type\":\"ReadAction\",\"target\":[\"https:\/\/www.upm.cz\/eshop\/minka-vilemina-podhajska-1881-1963\/\"]}]},{\"@type\":\"ImageObject\",\"inLanguage\":\"en-US\",\"@id\":\"https:\/\/www.upm.cz\/eshop\/minka-vilemina-podhajska-1881-1963\/#primaryimage\",\"url\":\"https:\/\/www.upm.cz\/wp-content\/uploads\/DSC5901.jpg\",\"contentUrl\":\"https:\/\/www.upm.cz\/wp-content\/uploads\/DSC5901.jpg\",\"width\":949,\"height\":1200},{\"@type\":\"BreadcrumbList\",\"@id\":\"https:\/\/www.upm.cz\/eshop\/minka-vilemina-podhajska-1881-1963\/#breadcrumb\",\"itemListElement\":[{\"@type\":\"ListItem\",\"position\":1,\"name\":\"Dom\u016f\",\"item\":\"https:\/\/www.upm.cz\/\"},{\"@type\":\"ListItem\",\"position\":2,\"name\":\"eshop\",\"item\":\"https:\/\/www.upm.cz\/eshop\/\"},{\"@type\":\"ListItem\",\"position\":3,\"name\":\"MINKA. VILEM\u00cdNA PODHAJSK\u00c1 (1881 \u2013 1963)\"}]},{\"@type\":\"WebSite\",\"@id\":\"https:\/\/www.upm.cz\/#website\",\"url\":\"https:\/\/www.upm.cz\/\",\"name\":\"Um\u011bleckopr\u016fmyslov\u00e9 museum v Praze\",\"description\":\"\",\"publisher\":{\"@id\":\"https:\/\/www.upm.cz\/#organization\"},\"potentialAction\":[{\"@type\":\"SearchAction\",\"target\":{\"@type\":\"EntryPoint\",\"urlTemplate\":\"https:\/\/www.upm.cz\/?s={search_term_string}\"},\"query-input\":{\"@type\":\"PropertyValueSpecification\",\"valueRequired\":true,\"valueName\":\"search_term_string\"}}],\"inLanguage\":\"en-US\"},{\"@type\":\"Organization\",\"@id\":\"https:\/\/www.upm.cz\/#organization\",\"name\":\"Um\u011bleckopr\u016fmyslov\u00e9 museum v Praze\",\"url\":\"https:\/\/www.upm.cz\/\",\"logo\":{\"@type\":\"ImageObject\",\"inLanguage\":\"en-US\",\"@id\":\"https:\/\/www.upm.cz\/#\/schema\/logo\/image\/\",\"url\":\"https:\/\/www.upm.cz\/wp-content\/uploads\/2020\/03\/logo_upm_cz.svg\",\"contentUrl\":\"https:\/\/www.upm.cz\/wp-content\/uploads\/2020\/03\/logo_upm_cz.svg\",\"width\":1736,\"height\":295,\"caption\":\"Um\u011bleckopr\u016fmyslov\u00e9 museum v Praze\"},\"image\":{\"@id\":\"https:\/\/www.upm.cz\/#\/schema\/logo\/image\/\"}}]}<\/script>\n<!-- \/ Yoast SEO plugin. -->","yoast_head_json":{"title":"MINKA. VILEM\u00cdNA PODHAJSK\u00c1 (1881 \u2013 1963) - Um\u011bleckopr\u016fmyslov\u00e9 museum v Praze","description":"Minka Podhajsk\u00e1 spojovala dva sv\u011bty \u2013 v\u00edde\u0148sk\u00fd a \u010desk\u00fd: je\u0161t\u011b v dob\u011b, kdy \u017eila ve V\u00eddni, se aktivn\u011b zapojovala i do d\u011bn\u00ed na \u010desk\u00e9 sc\u00e9n\u011b, pracovala pro Art\u011bl a Ho\u0159ick\u00e9 hra\u010dk\u00e1\u0159sk\u00e9 dru\u017estvo. Po sv\u00e9m p\u0159est\u011bhov\u00e1n\u00ed do \u010ceskoslovenska se stala profesorkou, profesion\u00e1ln\u011b se v\u011bnovala n\u00e1vrh\u00e1\u0159stv\u00ed hra\u010dek a malb\u011b. Byla komplexn\u00ed um\u011blkyn\u00ed, schopnou pracovat v mnoha oborech. Z\u00edsk\u00e1n\u00ed nov\u00fdch informac\u00ed a objev dal\u0161\u00edch d\u011bl autorky se stalo podn\u011btem k vyd\u00e1n\u00ed t\u00e9to publikace s v\u011bdom\u00edm, \u017ee nejsou vylou\u010deny dal\u0161\u00ed objevy t\u00fdkaj\u00edc\u00ed se tvorby t\u00e9to nev\u0161edn\u00ed um\u011blkyn\u011b.","robots":{"index":"index","follow":"follow","max-snippet":"max-snippet:-1","max-image-preview":"max-image-preview:large","max-video-preview":"max-video-preview:-1"},"canonical":"https:\/\/www.upm.cz\/an\/eshop\/minka-vilemina-podhajska-1881-1963\/","og_locale":"en_US","og_type":"article","og_title":"MINKA. VILEM\u00cdNA PODHAJSK\u00c1 (1881 \u2013 1963) - Um\u011bleckopr\u016fmyslov\u00e9 museum v Praze","og_description":"Minka Podhajsk\u00e1 spojovala dva sv\u011bty \u2013 v\u00edde\u0148sk\u00fd a \u010desk\u00fd: je\u0161t\u011b v dob\u011b, kdy \u017eila ve V\u00eddni, se aktivn\u011b zapojovala i do d\u011bn\u00ed na \u010desk\u00e9 sc\u00e9n\u011b, pracovala pro Art\u011bl a Ho\u0159ick\u00e9 hra\u010dk\u00e1\u0159sk\u00e9 dru\u017estvo. Po sv\u00e9m p\u0159est\u011bhov\u00e1n\u00ed do \u010ceskoslovenska se stala profesorkou, profesion\u00e1ln\u011b se v\u011bnovala n\u00e1vrh\u00e1\u0159stv\u00ed hra\u010dek a malb\u011b. Byla komplexn\u00ed um\u011blkyn\u00ed, schopnou pracovat v mnoha oborech. Z\u00edsk\u00e1n\u00ed nov\u00fdch informac\u00ed a objev dal\u0161\u00edch d\u011bl autorky se stalo podn\u011btem k vyd\u00e1n\u00ed t\u00e9to publikace s v\u011bdom\u00edm, \u017ee nejsou vylou\u010deny dal\u0161\u00ed objevy t\u00fdkaj\u00edc\u00ed se tvorby t\u00e9to nev\u0161edn\u00ed um\u011blkyn\u011b.","og_url":"https:\/\/www.upm.cz\/an\/eshop\/minka-vilemina-podhajska-1881-1963\/","og_site_name":"Um\u011bleckopr\u016fmyslov\u00e9 museum v Praze","article_modified_time":"2026-03-16T09:00:06+00:00","og_image":[{"width":949,"height":1200,"url":"https:\/\/www.upm.cz\/wp-content\/uploads\/DSC5901.jpg","type":"image\/jpeg"}],"twitter_card":"summary_large_image","twitter_misc":{"Est. reading time":"2 minutes"},"schema":{"@context":"https:\/\/schema.org","@graph":[{"@type":"WebPage","@id":"https:\/\/www.upm.cz\/eshop\/minka-vilemina-podhajska-1881-1963\/","url":"https:\/\/www.upm.cz\/eshop\/minka-vilemina-podhajska-1881-1963\/","name":"MINKA. VILEM\u00cdNA PODHAJSK\u00c1 (1881 \u2013 1963) - Um\u011bleckopr\u016fmyslov\u00e9 museum v Praze","isPartOf":{"@id":"https:\/\/www.upm.cz\/#website"},"primaryImageOfPage":{"@id":"https:\/\/www.upm.cz\/eshop\/minka-vilemina-podhajska-1881-1963\/#primaryimage"},"image":{"@id":"https:\/\/www.upm.cz\/eshop\/minka-vilemina-podhajska-1881-1963\/#primaryimage"},"thumbnailUrl":"https:\/\/www.upm.cz\/wp-content\/uploads\/DSC5901.jpg","datePublished":"2024-10-07T10:46:41+00:00","dateModified":"2026-03-16T09:00:06+00:00","description":"Minka Podhajsk\u00e1 spojovala dva sv\u011bty \u2013 v\u00edde\u0148sk\u00fd a \u010desk\u00fd: je\u0161t\u011b v dob\u011b, kdy \u017eila ve V\u00eddni, se aktivn\u011b zapojovala i do d\u011bn\u00ed na \u010desk\u00e9 sc\u00e9n\u011b, pracovala pro Art\u011bl a Ho\u0159ick\u00e9 hra\u010dk\u00e1\u0159sk\u00e9 dru\u017estvo. Po sv\u00e9m p\u0159est\u011bhov\u00e1n\u00ed do \u010ceskoslovenska se stala profesorkou, profesion\u00e1ln\u011b se v\u011bnovala n\u00e1vrh\u00e1\u0159stv\u00ed hra\u010dek a malb\u011b. Byla komplexn\u00ed um\u011blkyn\u00ed, schopnou pracovat v mnoha oborech. Z\u00edsk\u00e1n\u00ed nov\u00fdch informac\u00ed a objev dal\u0161\u00edch d\u011bl autorky se stalo podn\u011btem k vyd\u00e1n\u00ed t\u00e9to publikace s v\u011bdom\u00edm, \u017ee nejsou vylou\u010deny dal\u0161\u00ed objevy t\u00fdkaj\u00edc\u00ed se tvorby t\u00e9to nev\u0161edn\u00ed um\u011blkyn\u011b.","breadcrumb":{"@id":"https:\/\/www.upm.cz\/eshop\/minka-vilemina-podhajska-1881-1963\/#breadcrumb"},"inLanguage":"en-US","potentialAction":[{"@type":"ReadAction","target":["https:\/\/www.upm.cz\/eshop\/minka-vilemina-podhajska-1881-1963\/"]}]},{"@type":"ImageObject","inLanguage":"en-US","@id":"https:\/\/www.upm.cz\/eshop\/minka-vilemina-podhajska-1881-1963\/#primaryimage","url":"https:\/\/www.upm.cz\/wp-content\/uploads\/DSC5901.jpg","contentUrl":"https:\/\/www.upm.cz\/wp-content\/uploads\/DSC5901.jpg","width":949,"height":1200},{"@type":"BreadcrumbList","@id":"https:\/\/www.upm.cz\/eshop\/minka-vilemina-podhajska-1881-1963\/#breadcrumb","itemListElement":[{"@type":"ListItem","position":1,"name":"Dom\u016f","item":"https:\/\/www.upm.cz\/"},{"@type":"ListItem","position":2,"name":"eshop","item":"https:\/\/www.upm.cz\/eshop\/"},{"@type":"ListItem","position":3,"name":"MINKA. VILEM\u00cdNA PODHAJSK\u00c1 (1881 \u2013 1963)"}]},{"@type":"WebSite","@id":"https:\/\/www.upm.cz\/#website","url":"https:\/\/www.upm.cz\/","name":"Um\u011bleckopr\u016fmyslov\u00e9 museum v Praze","description":"","publisher":{"@id":"https:\/\/www.upm.cz\/#organization"},"potentialAction":[{"@type":"SearchAction","target":{"@type":"EntryPoint","urlTemplate":"https:\/\/www.upm.cz\/?s={search_term_string}"},"query-input":{"@type":"PropertyValueSpecification","valueRequired":true,"valueName":"search_term_string"}}],"inLanguage":"en-US"},{"@type":"Organization","@id":"https:\/\/www.upm.cz\/#organization","name":"Um\u011bleckopr\u016fmyslov\u00e9 museum v Praze","url":"https:\/\/www.upm.cz\/","logo":{"@type":"ImageObject","inLanguage":"en-US","@id":"https:\/\/www.upm.cz\/#\/schema\/logo\/image\/","url":"https:\/\/www.upm.cz\/wp-content\/uploads\/2020\/03\/logo_upm_cz.svg","contentUrl":"https:\/\/www.upm.cz\/wp-content\/uploads\/2020\/03\/logo_upm_cz.svg","width":1736,"height":295,"caption":"Um\u011bleckopr\u016fmyslov\u00e9 museum v Praze"},"image":{"@id":"https:\/\/www.upm.cz\/#\/schema\/logo\/image\/"}}]}},"_links":{"self":[{"href":"https:\/\/www.upm.cz\/an\/wp-json\/wp\/v2\/product\/21060","targetHints":{"allow":["GET"]}}],"collection":[{"href":"https:\/\/www.upm.cz\/an\/wp-json\/wp\/v2\/product"}],"about":[{"href":"https:\/\/www.upm.cz\/an\/wp-json\/wp\/v2\/types\/product"}],"wp:featuredmedia":[{"embeddable":true,"href":"https:\/\/www.upm.cz\/an\/wp-json\/wp\/v2\/media\/21074"}],"wp:attachment":[{"href":"https:\/\/www.upm.cz\/an\/wp-json\/wp\/v2\/media?parent=21060"}],"wp:term":[{"taxonomy":"product_brand","embeddable":true,"href":"https:\/\/www.upm.cz\/an\/wp-json\/wp\/v2\/product_brand?post=21060"},{"taxonomy":"product_cat","embeddable":true,"href":"https:\/\/www.upm.cz\/an\/wp-json\/wp\/v2\/product_cat?post=21060"},{"taxonomy":"product_tag","embeddable":true,"href":"https:\/\/www.upm.cz\/an\/wp-json\/wp\/v2\/product_tag?post=21060"}],"curies":[{"name":"wp","href":"https:\/\/api.w.org\/{rel}","templated":true}]}}