{"id":21636,"date":"2025-01-03T10:36:01","date_gmt":"2025-01-03T09:36:01","guid":{"rendered":"https:\/\/www.upm.cz\/?post_type=product&#038;p=21636"},"modified":"2026-04-20T12:44:33","modified_gmt":"2026-04-20T10:44:33","slug":"jaroslav-jezek-1923-2002","status":"publish","type":"product","link":"https:\/\/www.upm.cz\/an\/eshop\/jaroslav-jezek-1923-2002\/","title":{"rendered":"JAROSLAV JE\u017dEK (1923 \u2013 2002)"},"content":{"rendered":"<p>8.&nbsp;svazek edice Design \u2013 profily \u2013 osobnosti<\/p>\n<p>Jaroslav Je\u017eek je nejzn\u00e1m\u011bj\u0161\u00ed postavou novodob\u00e9 historie v\u00fdroby \u010deskoslovensk\u00e9ho porcel\u00e1nu. V&nbsp;porcel\u00e1nov\u00e9m pr\u016fmyslu za\u010dal pracovat roku 1949 b\u011bhem sv\u00e9 studentsk\u00e9 praxe, prvn\u00ed porcel\u00e1nkou, v&nbsp;n\u00ed\u017e p\u016fsobil, byla Thunsk\u00e1 tov\u00e1rna v&nbsp;Kl\u00e1\u0161terci nad Oh\u0159\u00ed. Po&nbsp;spojen\u00ed v\u0161ech \u010deskoslovensk\u00fdch porcel\u00e1nek v&nbsp;n\u00e1rodn\u00ed podnik Karlovarsk\u00fd porcel\u00e1n p\u016fsobil Jaroslav Je\u017eek ve V\u00fdvojov\u00e9m z\u00e1vod\u011b Lesov, kde pod jeho veden\u00edm p\u0159ipravoval t\u00fdm skv\u011bl\u00fdch \u0159emesln\u00edk\u016f prototypy pro n\u00e1slednou s\u00e9riovou v\u00fdrobu. Navr\u017een\u00e9 a&nbsp;vyvzorovan\u00e9 soupravy i&nbsp;plastiky reprezentovaly \u010deskoslovenskou porcel\u00e1novou v\u00fdrobu na mezin\u00e1rodn\u00edch v\u00fdstav\u00e1ch a&nbsp;veletrz\u00edch nebo byly p\u0159ihla\u0161ov\u00e1ny do sout\u011b\u017e\u00ed pr\u016fmyslov\u00e9ho designu, kde pravideln\u011b z\u00edsk\u00e1valy nejvy\u0161\u0161\u00ed ocen\u011bn\u00ed. Nejpopul\u00e1rn\u011bj\u0161\u00edho uzn\u00e1n\u00ed se Jaroslavu Je\u017ekovi dostalo na Expo \u201958 v&nbsp;Bruselu, kde jeho souprava Elka a&nbsp;plastiky h\u0159ebe\u010dk\u016f pat\u0159ily do kolekce ocen\u011bn\u00e9 Grand Prix a&nbsp;zlatou medail\u00ed.<\/p>\n<p>B\u011bhem Je\u017ekova \u017eivota se m\u011bnily nejen v\u00fdrobn\u00ed technologie, ale i&nbsp;vztah spole\u010dnosti k&nbsp;porcel\u00e1nov\u00e9 souprav\u011b. Z&nbsp;exkluzivn\u00edho p\u0159edm\u011btu ur\u010den\u00e9ho pro sv\u00e1te\u010dn\u00ed okam\u017eiky se pomalu st\u00e1valo b\u011b\u017en\u00e9 spot\u0159ebn\u00ed zbo\u017e\u00ed. Je\u017eek navrhoval soupravy pro b\u011b\u017en\u00fd st\u016fl, ale m\u011bl snahu udr\u017eet hodnoty porcel\u00e1nu pomoc\u00ed malos\u00e9riov\u00fdch soubor\u016f nebo origin\u00e1ln\u00edch dekor\u016f. Nakreslil des\u00edtky konvic, hrnk\u016f, terin, om\u00e1\u010dn\u00edk\u016f, dekor\u016f a&nbsp;figurek, v\u011bnoval porcel\u00e1nu cel\u00fd \u017eivot a&nbsp;porcel\u00e1n mu na opl\u00e1tku umo\u017enil uplatnit vrozen\u00fd talent. Prost\u0159ednictv\u00edm jeho porcel\u00e1nov\u00fdch tvar\u016f lze prakticky sledovat cel\u00fd um\u011bleck\u00fd v\u00fdvoj \u010deskoslovensk\u00e9 porcel\u00e1nov\u00e9 soupravy i&nbsp;plastiky po&nbsp;cel\u00e9 velmi dlouh\u00e9 obdob\u00ed od 50.&nbsp;a\u017e do 90.&nbsp;let dvac\u00e1t\u00e9ho stolet\u00ed. Z&nbsp;jeho \u00fasp\u011bch\u016f, ale i&nbsp;ka\u017edodenn\u00edch snah zachycen\u00fdch v&nbsp;pracovn\u00edch z\u00e1pisn\u00edc\u00edch lze z\u00edskat p\u0159edstavu o&nbsp;b\u011b\u017en\u00e9 praxi a&nbsp;\u017eivot\u011b v&nbsp;\u010deskoslovensk\u00e9m porcel\u00e1nov\u00e9m pr\u016fmyslu.<\/p>","protected":false},"excerpt":{"rendered":"<p>autor: Lenka Merglov\u00e1 P\u00e1nkov\u00e1<br \/>\ngrafick\u00fd design: \u0160t\u011bp\u00e1n Malovec<br \/>\nvyd\u00e1n\u00ed: \u010desky<br \/>\nform\u00e1t: 22 x 19 cm, m\u011bkk\u00e1 vazba<br \/>\npo\u010det stran: 248<br \/>\npo\u010det vyobrazen\u00ed: 170<br \/>\nvydavatel: UPM<\/p>\n<p>ISBN: 978-80-7101-238-2<\/p>","protected":false},"featured_media":21673,"template":"","meta":{"_acf_changed":false},"product_brand":[],"product_cat":[45],"product_tag":[],"class_list":{"0":"post-21636","1":"product","2":"type-product","3":"status-publish","4":"has-post-thumbnail","6":"product_cat-knihy","8":"first","9":"instock","10":"shipping-taxable","11":"purchasable","12":"product-type-simple"},"acf":[],"yoast_head":"<!-- This site is optimized with the Yoast SEO plugin v26.9 - https:\/\/yoast.com\/product\/yoast-seo-wordpress\/ -->\n<title>JAROSLAV JE\u017dEK (1923 \u2013 2002) - Um\u011bleckopr\u016fmyslov\u00e9 museum v Praze<\/title>\n<meta name=\"description\" content=\"Jaroslav Je\u017eek je nejzn\u00e1m\u011bj\u0161\u00ed postavou novodob\u00e9 historie v\u00fdroby \u010deskoslovensk\u00e9ho porcel\u00e1nu. J\u00edm navr\u017een\u00e9 a vyvzorovan\u00e9 soupravy i plastiky reprezentovaly \u010deskoslovenskou porcel\u00e1novou v\u00fdrobu na mezin\u00e1rodn\u00edch v\u00fdstav\u00e1ch a veletrz\u00edch nebo byly p\u0159ihla\u0161ov\u00e1ny do sout\u011b\u017e\u00ed pr\u016fmyslov\u00e9ho designu, kde pravideln\u011b z\u00edsk\u00e1valy nejvy\u0161\u0161\u00ed ocen\u011bn\u00ed. Prost\u0159ednictv\u00edm jeho porcel\u00e1nov\u00fdch tvar\u016f lze prakticky sledovat cel\u00fd um\u011bleck\u00fd v\u00fdvoj \u010deskoslovensk\u00e9 porcel\u00e1nov\u00e9 soupravy i plastiky po cel\u00e9 velmi dlouh\u00e9 obdob\u00ed od 50. a\u017e do 90. let dvac\u00e1t\u00e9ho stolet\u00ed. Z jeho \u00fasp\u011bch\u016f, ale i ka\u017edodenn\u00edch snah zachycen\u00fdch v pracovn\u00edch z\u00e1pisn\u00edc\u00edch lze z\u00edskat p\u0159edstavu o b\u011b\u017en\u00e9 praxi a \u017eivot\u011b v \u010deskoslovensk\u00e9m porcel\u00e1nov\u00e9m pr\u016fmyslu.\" \/>\n<meta name=\"robots\" content=\"index, follow, max-snippet:-1, max-image-preview:large, max-video-preview:-1\" \/>\n<link rel=\"canonical\" href=\"https:\/\/www.upm.cz\/an\/eshop\/jaroslav-jezek-1923-2002\/\" \/>\n<meta property=\"og:locale\" content=\"en_US\" \/>\n<meta property=\"og:type\" content=\"article\" \/>\n<meta property=\"og:title\" content=\"JAROSLAV JE\u017dEK (1923 \u2013 2002) - Um\u011bleckopr\u016fmyslov\u00e9 museum v Praze\" \/>\n<meta property=\"og:description\" content=\"Jaroslav Je\u017eek je nejzn\u00e1m\u011bj\u0161\u00ed postavou novodob\u00e9 historie v\u00fdroby \u010deskoslovensk\u00e9ho porcel\u00e1nu. J\u00edm navr\u017een\u00e9 a vyvzorovan\u00e9 soupravy i plastiky reprezentovaly \u010deskoslovenskou porcel\u00e1novou v\u00fdrobu na mezin\u00e1rodn\u00edch v\u00fdstav\u00e1ch a veletrz\u00edch nebo byly p\u0159ihla\u0161ov\u00e1ny do sout\u011b\u017e\u00ed pr\u016fmyslov\u00e9ho designu, kde pravideln\u011b z\u00edsk\u00e1valy nejvy\u0161\u0161\u00ed ocen\u011bn\u00ed. Prost\u0159ednictv\u00edm jeho porcel\u00e1nov\u00fdch tvar\u016f lze prakticky sledovat cel\u00fd um\u011bleck\u00fd v\u00fdvoj \u010deskoslovensk\u00e9 porcel\u00e1nov\u00e9 soupravy i plastiky po cel\u00e9 velmi dlouh\u00e9 obdob\u00ed od 50. a\u017e do 90. let dvac\u00e1t\u00e9ho stolet\u00ed. Z jeho \u00fasp\u011bch\u016f, ale i ka\u017edodenn\u00edch snah zachycen\u00fdch v pracovn\u00edch z\u00e1pisn\u00edc\u00edch lze z\u00edskat p\u0159edstavu o b\u011b\u017en\u00e9 praxi a \u017eivot\u011b v \u010deskoslovensk\u00e9m porcel\u00e1nov\u00e9m pr\u016fmyslu.\" \/>\n<meta property=\"og:url\" content=\"https:\/\/www.upm.cz\/an\/eshop\/jaroslav-jezek-1923-2002\/\" \/>\n<meta property=\"og:site_name\" content=\"Um\u011bleckopr\u016fmyslov\u00e9 museum v Praze\" \/>\n<meta property=\"article:modified_time\" content=\"2026-04-20T10:44:33+00:00\" \/>\n<meta property=\"og:image\" content=\"https:\/\/www.upm.cz\/wp-content\/uploads\/Jezek_obalka-1.png\" \/>\n\t<meta property=\"og:image:width\" content=\"333\" \/>\n\t<meta property=\"og:image:height\" content=\"402\" \/>\n\t<meta property=\"og:image:type\" content=\"image\/png\" \/>\n<meta name=\"twitter:card\" content=\"summary_large_image\" \/>\n<meta name=\"twitter:label1\" content=\"Est. reading time\" \/>\n\t<meta name=\"twitter:data1\" content=\"2 minutes\" \/>\n<script type=\"application\/ld+json\" class=\"yoast-schema-graph\">{\"@context\":\"https:\/\/schema.org\",\"@graph\":[{\"@type\":\"WebPage\",\"@id\":\"https:\/\/www.upm.cz\/eshop\/jaroslav-jezek-1923-2002\/\",\"url\":\"https:\/\/www.upm.cz\/eshop\/jaroslav-jezek-1923-2002\/\",\"name\":\"JAROSLAV JE\u017dEK (1923 \u2013 2002) - Um\u011bleckopr\u016fmyslov\u00e9 museum v Praze\",\"isPartOf\":{\"@id\":\"https:\/\/www.upm.cz\/#website\"},\"primaryImageOfPage\":{\"@id\":\"https:\/\/www.upm.cz\/eshop\/jaroslav-jezek-1923-2002\/#primaryimage\"},\"image\":{\"@id\":\"https:\/\/www.upm.cz\/eshop\/jaroslav-jezek-1923-2002\/#primaryimage\"},\"thumbnailUrl\":\"https:\/\/www.upm.cz\/wp-content\/uploads\/Jezek_obalka-1.png\",\"datePublished\":\"2025-01-03T09:36:01+00:00\",\"dateModified\":\"2026-04-20T10:44:33+00:00\",\"description\":\"Jaroslav Je\u017eek je nejzn\u00e1m\u011bj\u0161\u00ed postavou novodob\u00e9 historie v\u00fdroby \u010deskoslovensk\u00e9ho porcel\u00e1nu. J\u00edm navr\u017een\u00e9 a vyvzorovan\u00e9 soupravy i plastiky reprezentovaly \u010deskoslovenskou porcel\u00e1novou v\u00fdrobu na mezin\u00e1rodn\u00edch v\u00fdstav\u00e1ch a veletrz\u00edch nebo byly p\u0159ihla\u0161ov\u00e1ny do sout\u011b\u017e\u00ed pr\u016fmyslov\u00e9ho designu, kde pravideln\u011b z\u00edsk\u00e1valy nejvy\u0161\u0161\u00ed ocen\u011bn\u00ed. Prost\u0159ednictv\u00edm jeho porcel\u00e1nov\u00fdch tvar\u016f lze prakticky sledovat cel\u00fd um\u011bleck\u00fd v\u00fdvoj \u010deskoslovensk\u00e9 porcel\u00e1nov\u00e9 soupravy i plastiky po cel\u00e9 velmi dlouh\u00e9 obdob\u00ed od 50. a\u017e do 90. let dvac\u00e1t\u00e9ho stolet\u00ed. Z jeho \u00fasp\u011bch\u016f, ale i ka\u017edodenn\u00edch snah zachycen\u00fdch v pracovn\u00edch z\u00e1pisn\u00edc\u00edch lze z\u00edskat p\u0159edstavu o b\u011b\u017en\u00e9 praxi a \u017eivot\u011b v \u010deskoslovensk\u00e9m porcel\u00e1nov\u00e9m pr\u016fmyslu.\",\"breadcrumb\":{\"@id\":\"https:\/\/www.upm.cz\/eshop\/jaroslav-jezek-1923-2002\/#breadcrumb\"},\"inLanguage\":\"en-US\",\"potentialAction\":[{\"@type\":\"ReadAction\",\"target\":[\"https:\/\/www.upm.cz\/eshop\/jaroslav-jezek-1923-2002\/\"]}]},{\"@type\":\"ImageObject\",\"inLanguage\":\"en-US\",\"@id\":\"https:\/\/www.upm.cz\/eshop\/jaroslav-jezek-1923-2002\/#primaryimage\",\"url\":\"https:\/\/www.upm.cz\/wp-content\/uploads\/Jezek_obalka-1.png\",\"contentUrl\":\"https:\/\/www.upm.cz\/wp-content\/uploads\/Jezek_obalka-1.png\",\"width\":333,\"height\":402,\"caption\":\"Jaroslav je\u017eek kniha\"},{\"@type\":\"BreadcrumbList\",\"@id\":\"https:\/\/www.upm.cz\/eshop\/jaroslav-jezek-1923-2002\/#breadcrumb\",\"itemListElement\":[{\"@type\":\"ListItem\",\"position\":1,\"name\":\"Dom\u016f\",\"item\":\"https:\/\/www.upm.cz\/\"},{\"@type\":\"ListItem\",\"position\":2,\"name\":\"eshop\",\"item\":\"https:\/\/www.upm.cz\/eshop\/\"},{\"@type\":\"ListItem\",\"position\":3,\"name\":\"JAROSLAV JE\u017dEK (1923 \u2013 2002)\"}]},{\"@type\":\"WebSite\",\"@id\":\"https:\/\/www.upm.cz\/#website\",\"url\":\"https:\/\/www.upm.cz\/\",\"name\":\"Um\u011bleckopr\u016fmyslov\u00e9 museum v Praze\",\"description\":\"\",\"publisher\":{\"@id\":\"https:\/\/www.upm.cz\/#organization\"},\"potentialAction\":[{\"@type\":\"SearchAction\",\"target\":{\"@type\":\"EntryPoint\",\"urlTemplate\":\"https:\/\/www.upm.cz\/?s={search_term_string}\"},\"query-input\":{\"@type\":\"PropertyValueSpecification\",\"valueRequired\":true,\"valueName\":\"search_term_string\"}}],\"inLanguage\":\"en-US\"},{\"@type\":\"Organization\",\"@id\":\"https:\/\/www.upm.cz\/#organization\",\"name\":\"Um\u011bleckopr\u016fmyslov\u00e9 museum v Praze\",\"url\":\"https:\/\/www.upm.cz\/\",\"logo\":{\"@type\":\"ImageObject\",\"inLanguage\":\"en-US\",\"@id\":\"https:\/\/www.upm.cz\/#\/schema\/logo\/image\/\",\"url\":\"https:\/\/www.upm.cz\/wp-content\/uploads\/2020\/03\/logo_upm_cz.svg\",\"contentUrl\":\"https:\/\/www.upm.cz\/wp-content\/uploads\/2020\/03\/logo_upm_cz.svg\",\"width\":1736,\"height\":295,\"caption\":\"Um\u011bleckopr\u016fmyslov\u00e9 museum v Praze\"},\"image\":{\"@id\":\"https:\/\/www.upm.cz\/#\/schema\/logo\/image\/\"}}]}<\/script>\n<!-- \/ Yoast SEO plugin. -->","yoast_head_json":{"title":"JAROSLAV JE\u017dEK (1923 \u2013 2002) - Um\u011bleckopr\u016fmyslov\u00e9 museum v Praze","description":"Jaroslav Je\u017eek je nejzn\u00e1m\u011bj\u0161\u00ed postavou novodob\u00e9 historie v\u00fdroby \u010deskoslovensk\u00e9ho porcel\u00e1nu. J\u00edm navr\u017een\u00e9 a vyvzorovan\u00e9 soupravy i plastiky reprezentovaly \u010deskoslovenskou porcel\u00e1novou v\u00fdrobu na mezin\u00e1rodn\u00edch v\u00fdstav\u00e1ch a veletrz\u00edch nebo byly p\u0159ihla\u0161ov\u00e1ny do sout\u011b\u017e\u00ed pr\u016fmyslov\u00e9ho designu, kde pravideln\u011b z\u00edsk\u00e1valy nejvy\u0161\u0161\u00ed ocen\u011bn\u00ed. Prost\u0159ednictv\u00edm jeho porcel\u00e1nov\u00fdch tvar\u016f lze prakticky sledovat cel\u00fd um\u011bleck\u00fd v\u00fdvoj \u010deskoslovensk\u00e9 porcel\u00e1nov\u00e9 soupravy i plastiky po cel\u00e9 velmi dlouh\u00e9 obdob\u00ed od 50. a\u017e do 90. let dvac\u00e1t\u00e9ho stolet\u00ed. Z jeho \u00fasp\u011bch\u016f, ale i ka\u017edodenn\u00edch snah zachycen\u00fdch v pracovn\u00edch z\u00e1pisn\u00edc\u00edch lze z\u00edskat p\u0159edstavu o b\u011b\u017en\u00e9 praxi a \u017eivot\u011b v \u010deskoslovensk\u00e9m porcel\u00e1nov\u00e9m pr\u016fmyslu.","robots":{"index":"index","follow":"follow","max-snippet":"max-snippet:-1","max-image-preview":"max-image-preview:large","max-video-preview":"max-video-preview:-1"},"canonical":"https:\/\/www.upm.cz\/an\/eshop\/jaroslav-jezek-1923-2002\/","og_locale":"en_US","og_type":"article","og_title":"JAROSLAV JE\u017dEK (1923 \u2013 2002) - Um\u011bleckopr\u016fmyslov\u00e9 museum v Praze","og_description":"Jaroslav Je\u017eek je nejzn\u00e1m\u011bj\u0161\u00ed postavou novodob\u00e9 historie v\u00fdroby \u010deskoslovensk\u00e9ho porcel\u00e1nu. J\u00edm navr\u017een\u00e9 a vyvzorovan\u00e9 soupravy i plastiky reprezentovaly \u010deskoslovenskou porcel\u00e1novou v\u00fdrobu na mezin\u00e1rodn\u00edch v\u00fdstav\u00e1ch a veletrz\u00edch nebo byly p\u0159ihla\u0161ov\u00e1ny do sout\u011b\u017e\u00ed pr\u016fmyslov\u00e9ho designu, kde pravideln\u011b z\u00edsk\u00e1valy nejvy\u0161\u0161\u00ed ocen\u011bn\u00ed. Prost\u0159ednictv\u00edm jeho porcel\u00e1nov\u00fdch tvar\u016f lze prakticky sledovat cel\u00fd um\u011bleck\u00fd v\u00fdvoj \u010deskoslovensk\u00e9 porcel\u00e1nov\u00e9 soupravy i plastiky po cel\u00e9 velmi dlouh\u00e9 obdob\u00ed od 50. a\u017e do 90. let dvac\u00e1t\u00e9ho stolet\u00ed. Z jeho \u00fasp\u011bch\u016f, ale i ka\u017edodenn\u00edch snah zachycen\u00fdch v pracovn\u00edch z\u00e1pisn\u00edc\u00edch lze z\u00edskat p\u0159edstavu o b\u011b\u017en\u00e9 praxi a \u017eivot\u011b v \u010deskoslovensk\u00e9m porcel\u00e1nov\u00e9m pr\u016fmyslu.","og_url":"https:\/\/www.upm.cz\/an\/eshop\/jaroslav-jezek-1923-2002\/","og_site_name":"Um\u011bleckopr\u016fmyslov\u00e9 museum v Praze","article_modified_time":"2026-04-20T10:44:33+00:00","og_image":[{"width":333,"height":402,"url":"https:\/\/www.upm.cz\/wp-content\/uploads\/Jezek_obalka-1.png","type":"image\/png"}],"twitter_card":"summary_large_image","twitter_misc":{"Est. reading time":"2 minutes"},"schema":{"@context":"https:\/\/schema.org","@graph":[{"@type":"WebPage","@id":"https:\/\/www.upm.cz\/eshop\/jaroslav-jezek-1923-2002\/","url":"https:\/\/www.upm.cz\/eshop\/jaroslav-jezek-1923-2002\/","name":"JAROSLAV JE\u017dEK (1923 \u2013 2002) - Um\u011bleckopr\u016fmyslov\u00e9 museum v Praze","isPartOf":{"@id":"https:\/\/www.upm.cz\/#website"},"primaryImageOfPage":{"@id":"https:\/\/www.upm.cz\/eshop\/jaroslav-jezek-1923-2002\/#primaryimage"},"image":{"@id":"https:\/\/www.upm.cz\/eshop\/jaroslav-jezek-1923-2002\/#primaryimage"},"thumbnailUrl":"https:\/\/www.upm.cz\/wp-content\/uploads\/Jezek_obalka-1.png","datePublished":"2025-01-03T09:36:01+00:00","dateModified":"2026-04-20T10:44:33+00:00","description":"Jaroslav Je\u017eek je nejzn\u00e1m\u011bj\u0161\u00ed postavou novodob\u00e9 historie v\u00fdroby \u010deskoslovensk\u00e9ho porcel\u00e1nu. J\u00edm navr\u017een\u00e9 a vyvzorovan\u00e9 soupravy i plastiky reprezentovaly \u010deskoslovenskou porcel\u00e1novou v\u00fdrobu na mezin\u00e1rodn\u00edch v\u00fdstav\u00e1ch a veletrz\u00edch nebo byly p\u0159ihla\u0161ov\u00e1ny do sout\u011b\u017e\u00ed pr\u016fmyslov\u00e9ho designu, kde pravideln\u011b z\u00edsk\u00e1valy nejvy\u0161\u0161\u00ed ocen\u011bn\u00ed. Prost\u0159ednictv\u00edm jeho porcel\u00e1nov\u00fdch tvar\u016f lze prakticky sledovat cel\u00fd um\u011bleck\u00fd v\u00fdvoj \u010deskoslovensk\u00e9 porcel\u00e1nov\u00e9 soupravy i plastiky po cel\u00e9 velmi dlouh\u00e9 obdob\u00ed od 50. a\u017e do 90. let dvac\u00e1t\u00e9ho stolet\u00ed. Z jeho \u00fasp\u011bch\u016f, ale i ka\u017edodenn\u00edch snah zachycen\u00fdch v pracovn\u00edch z\u00e1pisn\u00edc\u00edch lze z\u00edskat p\u0159edstavu o b\u011b\u017en\u00e9 praxi a \u017eivot\u011b v \u010deskoslovensk\u00e9m porcel\u00e1nov\u00e9m pr\u016fmyslu.","breadcrumb":{"@id":"https:\/\/www.upm.cz\/eshop\/jaroslav-jezek-1923-2002\/#breadcrumb"},"inLanguage":"en-US","potentialAction":[{"@type":"ReadAction","target":["https:\/\/www.upm.cz\/eshop\/jaroslav-jezek-1923-2002\/"]}]},{"@type":"ImageObject","inLanguage":"en-US","@id":"https:\/\/www.upm.cz\/eshop\/jaroslav-jezek-1923-2002\/#primaryimage","url":"https:\/\/www.upm.cz\/wp-content\/uploads\/Jezek_obalka-1.png","contentUrl":"https:\/\/www.upm.cz\/wp-content\/uploads\/Jezek_obalka-1.png","width":333,"height":402,"caption":"Jaroslav je\u017eek kniha"},{"@type":"BreadcrumbList","@id":"https:\/\/www.upm.cz\/eshop\/jaroslav-jezek-1923-2002\/#breadcrumb","itemListElement":[{"@type":"ListItem","position":1,"name":"Dom\u016f","item":"https:\/\/www.upm.cz\/"},{"@type":"ListItem","position":2,"name":"eshop","item":"https:\/\/www.upm.cz\/eshop\/"},{"@type":"ListItem","position":3,"name":"JAROSLAV JE\u017dEK (1923 \u2013 2002)"}]},{"@type":"WebSite","@id":"https:\/\/www.upm.cz\/#website","url":"https:\/\/www.upm.cz\/","name":"Um\u011bleckopr\u016fmyslov\u00e9 museum v Praze","description":"","publisher":{"@id":"https:\/\/www.upm.cz\/#organization"},"potentialAction":[{"@type":"SearchAction","target":{"@type":"EntryPoint","urlTemplate":"https:\/\/www.upm.cz\/?s={search_term_string}"},"query-input":{"@type":"PropertyValueSpecification","valueRequired":true,"valueName":"search_term_string"}}],"inLanguage":"en-US"},{"@type":"Organization","@id":"https:\/\/www.upm.cz\/#organization","name":"Um\u011bleckopr\u016fmyslov\u00e9 museum v Praze","url":"https:\/\/www.upm.cz\/","logo":{"@type":"ImageObject","inLanguage":"en-US","@id":"https:\/\/www.upm.cz\/#\/schema\/logo\/image\/","url":"https:\/\/www.upm.cz\/wp-content\/uploads\/2020\/03\/logo_upm_cz.svg","contentUrl":"https:\/\/www.upm.cz\/wp-content\/uploads\/2020\/03\/logo_upm_cz.svg","width":1736,"height":295,"caption":"Um\u011bleckopr\u016fmyslov\u00e9 museum v Praze"},"image":{"@id":"https:\/\/www.upm.cz\/#\/schema\/logo\/image\/"}}]}},"_links":{"self":[{"href":"https:\/\/www.upm.cz\/an\/wp-json\/wp\/v2\/product\/21636","targetHints":{"allow":["GET"]}}],"collection":[{"href":"https:\/\/www.upm.cz\/an\/wp-json\/wp\/v2\/product"}],"about":[{"href":"https:\/\/www.upm.cz\/an\/wp-json\/wp\/v2\/types\/product"}],"wp:featuredmedia":[{"embeddable":true,"href":"https:\/\/www.upm.cz\/an\/wp-json\/wp\/v2\/media\/21673"}],"wp:attachment":[{"href":"https:\/\/www.upm.cz\/an\/wp-json\/wp\/v2\/media?parent=21636"}],"wp:term":[{"taxonomy":"product_brand","embeddable":true,"href":"https:\/\/www.upm.cz\/an\/wp-json\/wp\/v2\/product_brand?post=21636"},{"taxonomy":"product_cat","embeddable":true,"href":"https:\/\/www.upm.cz\/an\/wp-json\/wp\/v2\/product_cat?post=21636"},{"taxonomy":"product_tag","embeddable":true,"href":"https:\/\/www.upm.cz\/an\/wp-json\/wp\/v2\/product_tag?post=21636"}],"curies":[{"name":"wp","href":"https:\/\/api.w.org\/{rel}","templated":true}]}}