{"id":21692,"date":"2025-01-08T14:51:49","date_gmt":"2025-01-08T13:51:49","guid":{"rendered":"https:\/\/www.upm.cz\/?post_type=product&#038;p=21692"},"modified":"2025-10-25T10:25:34","modified_gmt":"2025-10-25T08:25:34","slug":"jewellery-form-content","status":"publish","type":"product","link":"https:\/\/www.upm.cz\/an\/eshop\/jewellery-form-content\/","title":{"rendered":"JEWELLERY &#8211; FORM &#8211; CONTENT"},"content":{"rendered":"<p>Jewellery \u2013 Form \u2013 Content brings together jewellery past and present, exploring it not chronologically but in terms of the ways in which jewellery can bear meanings. Rather than theoretical interpretation, it illustrates these by examining pieces of jewellery that are in many respects quite diverse. It covers the full range of jewellery, not just physical objects but also jewellery that exists more as a&nbsp;concept or event. It embraces auteur and collective works, and jewellery confrontational and conventional. Some exemplars reappear in the book in other groupings, revealing further layers in the language of jewellery. The concept behind the book, and the works themselves, come principally from the collections of the Museum of Decorative Arts in Prague, which feature in all of the chapters: Jewellery and Time; Jewellery and Light; Jewellery and Physique; Jewellery and Figure. Each chapter also presents works from other collections of the Czech Republic and abroad, as well as items that are privately owned, jewellery that is still worn today, and jewellery that has not survived.<br \/>\nJewellery \u2013 Form \u2013 Content is the first time that historical and contemporary jewellery from the museum\u2019s collections have been presented side by side. The book draws on the jewellery installations in ART, LIFE. Art for Life, the permanent exhibition that opened in the museum\u2019s main building in 2023, but it also places this jewellery in an international context. The result of this attempt to highlight jewellery\u2019s semantic potential is a&nbsp;mosaic of different themes that prepares the ground for a&nbsp;more in-depth exploration of specific topics in the museum\u2019s forthcoming exhibitions and publications.  <\/p>","protected":false},"excerpt":{"rendered":"<p>Publisher: UPM 2024<br \/>\nText: Petja Mat\u011bjovi\u010d<br \/>\nGraphic design: COLMO<br \/>\nFormat: 24,5 x 19,5 cm<br \/>\nnumber of printed pages: 228<br \/>\nnumber of reproductions: 205<\/p>\n<p>ISBN 978-80-7101-227-6<\/p>","protected":false},"featured_media":21693,"template":"","meta":{"_acf_changed":false},"product_brand":[],"product_cat":[80],"product_tag":[],"class_list":{"0":"post-21692","1":"product","2":"type-product","3":"status-publish","4":"has-post-thumbnail","6":"product_cat-books","8":"first","9":"instock","10":"shipping-taxable","11":"purchasable","12":"product-type-simple"},"acf":[],"yoast_head":"<!-- This site is optimized with the Yoast SEO plugin v26.9 - https:\/\/yoast.com\/product\/yoast-seo-wordpress\/ -->\n<title>JEWELLERY - FORM - CONTENT - Um\u011bleckopr\u016fmyslov\u00e9 museum v Praze<\/title>\n<meta name=\"description\" content=\"Publikace p\u0159ibli\u017euje Ju\u017eni\u010dovu tvorbu dokumentovanou n\u00e1vrhy z\u00a0autorovy poz\u016fstalosti i realizacemi nejen ze sb\u00edrek Um\u011bleckopr\u016fmyslov\u00e9ho musea\u00a0 v\u00a0Praze.\" \/>\n<meta name=\"robots\" content=\"index, follow, max-snippet:-1, max-image-preview:large, max-video-preview:-1\" \/>\n<link rel=\"canonical\" href=\"https:\/\/www.upm.cz\/an\/eshop\/jewellery-form-content\/\" \/>\n<meta property=\"og:locale\" content=\"en_US\" \/>\n<meta property=\"og:type\" content=\"article\" \/>\n<meta property=\"og:title\" content=\"JEWELLERY - FORM - CONTENT - Um\u011bleckopr\u016fmyslov\u00e9 museum v Praze\" \/>\n<meta property=\"og:description\" content=\"Publikace p\u0159ibli\u017euje Ju\u017eni\u010dovu tvorbu dokumentovanou n\u00e1vrhy z\u00a0autorovy poz\u016fstalosti i realizacemi nejen ze sb\u00edrek Um\u011bleckopr\u016fmyslov\u00e9ho musea\u00a0 v\u00a0Praze.\" \/>\n<meta property=\"og:url\" content=\"https:\/\/www.upm.cz\/an\/eshop\/jewellery-form-content\/\" \/>\n<meta property=\"og:site_name\" content=\"Um\u011bleckopr\u016fmyslov\u00e9 museum v Praze\" \/>\n<meta property=\"article:modified_time\" content=\"2025-10-25T08:25:34+00:00\" \/>\n<meta property=\"og:image\" content=\"https:\/\/www.upm.cz\/wp-content\/uploads\/Jewellery-Form-Content_obalka-scaled.jpg\" \/>\n\t<meta property=\"og:image:width\" content=\"2001\" \/>\n\t<meta property=\"og:image:height\" content=\"2560\" \/>\n\t<meta property=\"og:image:type\" content=\"image\/jpeg\" \/>\n<meta name=\"twitter:card\" content=\"summary_large_image\" \/>\n<meta name=\"twitter:label1\" content=\"Est. reading time\" \/>\n\t<meta name=\"twitter:data1\" content=\"2 minutes\" \/>\n<script type=\"application\/ld+json\" class=\"yoast-schema-graph\">{\"@context\":\"https:\/\/schema.org\",\"@graph\":[{\"@type\":\"WebPage\",\"@id\":\"https:\/\/www.upm.cz\/eshop\/jewellery-form-content\/\",\"url\":\"https:\/\/www.upm.cz\/eshop\/jewellery-form-content\/\",\"name\":\"JEWELLERY - FORM - CONTENT - Um\u011bleckopr\u016fmyslov\u00e9 museum v Praze\",\"isPartOf\":{\"@id\":\"https:\/\/www.upm.cz\/#website\"},\"primaryImageOfPage\":{\"@id\":\"https:\/\/www.upm.cz\/eshop\/jewellery-form-content\/#primaryimage\"},\"image\":{\"@id\":\"https:\/\/www.upm.cz\/eshop\/jewellery-form-content\/#primaryimage\"},\"thumbnailUrl\":\"https:\/\/www.upm.cz\/wp-content\/uploads\/Jewellery-Form-Content_obalka-scaled.jpg\",\"datePublished\":\"2025-01-08T13:51:49+00:00\",\"dateModified\":\"2025-10-25T08:25:34+00:00\",\"description\":\"Publikace p\u0159ibli\u017euje Ju\u017eni\u010dovu tvorbu dokumentovanou n\u00e1vrhy z\u00a0autorovy poz\u016fstalosti i realizacemi nejen ze sb\u00edrek Um\u011bleckopr\u016fmyslov\u00e9ho musea\u00a0 v\u00a0Praze.\",\"breadcrumb\":{\"@id\":\"https:\/\/www.upm.cz\/eshop\/jewellery-form-content\/#breadcrumb\"},\"inLanguage\":\"en-US\",\"potentialAction\":[{\"@type\":\"ReadAction\",\"target\":[\"https:\/\/www.upm.cz\/eshop\/jewellery-form-content\/\"]}]},{\"@type\":\"ImageObject\",\"inLanguage\":\"en-US\",\"@id\":\"https:\/\/www.upm.cz\/eshop\/jewellery-form-content\/#primaryimage\",\"url\":\"https:\/\/www.upm.cz\/wp-content\/uploads\/Jewellery-Form-Content_obalka-scaled.jpg\",\"contentUrl\":\"https:\/\/www.upm.cz\/wp-content\/uploads\/Jewellery-Form-Content_obalka-scaled.jpg\",\"width\":2001,\"height\":2560,\"caption\":\"Jewellery \u2013 Form \u2013 Content\"},{\"@type\":\"BreadcrumbList\",\"@id\":\"https:\/\/www.upm.cz\/eshop\/jewellery-form-content\/#breadcrumb\",\"itemListElement\":[{\"@type\":\"ListItem\",\"position\":1,\"name\":\"Dom\u016f\",\"item\":\"https:\/\/www.upm.cz\/\"},{\"@type\":\"ListItem\",\"position\":2,\"name\":\"eshop\",\"item\":\"https:\/\/www.upm.cz\/eshop\/\"},{\"@type\":\"ListItem\",\"position\":3,\"name\":\"JEWELLERY &#8211; FORM &#8211; CONTENT\"}]},{\"@type\":\"WebSite\",\"@id\":\"https:\/\/www.upm.cz\/#website\",\"url\":\"https:\/\/www.upm.cz\/\",\"name\":\"Um\u011bleckopr\u016fmyslov\u00e9 museum v Praze\",\"description\":\"\",\"publisher\":{\"@id\":\"https:\/\/www.upm.cz\/#organization\"},\"potentialAction\":[{\"@type\":\"SearchAction\",\"target\":{\"@type\":\"EntryPoint\",\"urlTemplate\":\"https:\/\/www.upm.cz\/?s={search_term_string}\"},\"query-input\":{\"@type\":\"PropertyValueSpecification\",\"valueRequired\":true,\"valueName\":\"search_term_string\"}}],\"inLanguage\":\"en-US\"},{\"@type\":\"Organization\",\"@id\":\"https:\/\/www.upm.cz\/#organization\",\"name\":\"Um\u011bleckopr\u016fmyslov\u00e9 museum v Praze\",\"url\":\"https:\/\/www.upm.cz\/\",\"logo\":{\"@type\":\"ImageObject\",\"inLanguage\":\"en-US\",\"@id\":\"https:\/\/www.upm.cz\/#\/schema\/logo\/image\/\",\"url\":\"https:\/\/www.upm.cz\/wp-content\/uploads\/2020\/03\/logo_upm_cz.svg\",\"contentUrl\":\"https:\/\/www.upm.cz\/wp-content\/uploads\/2020\/03\/logo_upm_cz.svg\",\"width\":1736,\"height\":295,\"caption\":\"Um\u011bleckopr\u016fmyslov\u00e9 museum v Praze\"},\"image\":{\"@id\":\"https:\/\/www.upm.cz\/#\/schema\/logo\/image\/\"}}]}<\/script>\n<!-- \/ Yoast SEO plugin. -->","yoast_head_json":{"title":"JEWELLERY - FORM - CONTENT - Um\u011bleckopr\u016fmyslov\u00e9 museum v Praze","description":"Publikace p\u0159ibli\u017euje Ju\u017eni\u010dovu tvorbu dokumentovanou n\u00e1vrhy z\u00a0autorovy poz\u016fstalosti i realizacemi nejen ze sb\u00edrek Um\u011bleckopr\u016fmyslov\u00e9ho musea\u00a0 v\u00a0Praze.","robots":{"index":"index","follow":"follow","max-snippet":"max-snippet:-1","max-image-preview":"max-image-preview:large","max-video-preview":"max-video-preview:-1"},"canonical":"https:\/\/www.upm.cz\/an\/eshop\/jewellery-form-content\/","og_locale":"en_US","og_type":"article","og_title":"JEWELLERY - FORM - CONTENT - Um\u011bleckopr\u016fmyslov\u00e9 museum v Praze","og_description":"Publikace p\u0159ibli\u017euje Ju\u017eni\u010dovu tvorbu dokumentovanou n\u00e1vrhy z\u00a0autorovy poz\u016fstalosti i realizacemi nejen ze sb\u00edrek Um\u011bleckopr\u016fmyslov\u00e9ho musea\u00a0 v\u00a0Praze.","og_url":"https:\/\/www.upm.cz\/an\/eshop\/jewellery-form-content\/","og_site_name":"Um\u011bleckopr\u016fmyslov\u00e9 museum v Praze","article_modified_time":"2025-10-25T08:25:34+00:00","og_image":[{"width":2001,"height":2560,"url":"https:\/\/www.upm.cz\/wp-content\/uploads\/Jewellery-Form-Content_obalka-scaled.jpg","type":"image\/jpeg"}],"twitter_card":"summary_large_image","twitter_misc":{"Est. reading time":"2 minutes"},"schema":{"@context":"https:\/\/schema.org","@graph":[{"@type":"WebPage","@id":"https:\/\/www.upm.cz\/eshop\/jewellery-form-content\/","url":"https:\/\/www.upm.cz\/eshop\/jewellery-form-content\/","name":"JEWELLERY - FORM - CONTENT - Um\u011bleckopr\u016fmyslov\u00e9 museum v Praze","isPartOf":{"@id":"https:\/\/www.upm.cz\/#website"},"primaryImageOfPage":{"@id":"https:\/\/www.upm.cz\/eshop\/jewellery-form-content\/#primaryimage"},"image":{"@id":"https:\/\/www.upm.cz\/eshop\/jewellery-form-content\/#primaryimage"},"thumbnailUrl":"https:\/\/www.upm.cz\/wp-content\/uploads\/Jewellery-Form-Content_obalka-scaled.jpg","datePublished":"2025-01-08T13:51:49+00:00","dateModified":"2025-10-25T08:25:34+00:00","description":"Publikace p\u0159ibli\u017euje Ju\u017eni\u010dovu tvorbu dokumentovanou n\u00e1vrhy z\u00a0autorovy poz\u016fstalosti i realizacemi nejen ze sb\u00edrek Um\u011bleckopr\u016fmyslov\u00e9ho musea\u00a0 v\u00a0Praze.","breadcrumb":{"@id":"https:\/\/www.upm.cz\/eshop\/jewellery-form-content\/#breadcrumb"},"inLanguage":"en-US","potentialAction":[{"@type":"ReadAction","target":["https:\/\/www.upm.cz\/eshop\/jewellery-form-content\/"]}]},{"@type":"ImageObject","inLanguage":"en-US","@id":"https:\/\/www.upm.cz\/eshop\/jewellery-form-content\/#primaryimage","url":"https:\/\/www.upm.cz\/wp-content\/uploads\/Jewellery-Form-Content_obalka-scaled.jpg","contentUrl":"https:\/\/www.upm.cz\/wp-content\/uploads\/Jewellery-Form-Content_obalka-scaled.jpg","width":2001,"height":2560,"caption":"Jewellery \u2013 Form \u2013 Content"},{"@type":"BreadcrumbList","@id":"https:\/\/www.upm.cz\/eshop\/jewellery-form-content\/#breadcrumb","itemListElement":[{"@type":"ListItem","position":1,"name":"Dom\u016f","item":"https:\/\/www.upm.cz\/"},{"@type":"ListItem","position":2,"name":"eshop","item":"https:\/\/www.upm.cz\/eshop\/"},{"@type":"ListItem","position":3,"name":"JEWELLERY &#8211; FORM &#8211; CONTENT"}]},{"@type":"WebSite","@id":"https:\/\/www.upm.cz\/#website","url":"https:\/\/www.upm.cz\/","name":"Um\u011bleckopr\u016fmyslov\u00e9 museum v Praze","description":"","publisher":{"@id":"https:\/\/www.upm.cz\/#organization"},"potentialAction":[{"@type":"SearchAction","target":{"@type":"EntryPoint","urlTemplate":"https:\/\/www.upm.cz\/?s={search_term_string}"},"query-input":{"@type":"PropertyValueSpecification","valueRequired":true,"valueName":"search_term_string"}}],"inLanguage":"en-US"},{"@type":"Organization","@id":"https:\/\/www.upm.cz\/#organization","name":"Um\u011bleckopr\u016fmyslov\u00e9 museum v Praze","url":"https:\/\/www.upm.cz\/","logo":{"@type":"ImageObject","inLanguage":"en-US","@id":"https:\/\/www.upm.cz\/#\/schema\/logo\/image\/","url":"https:\/\/www.upm.cz\/wp-content\/uploads\/2020\/03\/logo_upm_cz.svg","contentUrl":"https:\/\/www.upm.cz\/wp-content\/uploads\/2020\/03\/logo_upm_cz.svg","width":1736,"height":295,"caption":"Um\u011bleckopr\u016fmyslov\u00e9 museum v Praze"},"image":{"@id":"https:\/\/www.upm.cz\/#\/schema\/logo\/image\/"}}]}},"_links":{"self":[{"href":"https:\/\/www.upm.cz\/an\/wp-json\/wp\/v2\/product\/21692","targetHints":{"allow":["GET"]}}],"collection":[{"href":"https:\/\/www.upm.cz\/an\/wp-json\/wp\/v2\/product"}],"about":[{"href":"https:\/\/www.upm.cz\/an\/wp-json\/wp\/v2\/types\/product"}],"wp:featuredmedia":[{"embeddable":true,"href":"https:\/\/www.upm.cz\/an\/wp-json\/wp\/v2\/media\/21693"}],"wp:attachment":[{"href":"https:\/\/www.upm.cz\/an\/wp-json\/wp\/v2\/media?parent=21692"}],"wp:term":[{"taxonomy":"product_brand","embeddable":true,"href":"https:\/\/www.upm.cz\/an\/wp-json\/wp\/v2\/product_brand?post=21692"},{"taxonomy":"product_cat","embeddable":true,"href":"https:\/\/www.upm.cz\/an\/wp-json\/wp\/v2\/product_cat?post=21692"},{"taxonomy":"product_tag","embeddable":true,"href":"https:\/\/www.upm.cz\/an\/wp-json\/wp\/v2\/product_tag?post=21692"}],"curies":[{"name":"wp","href":"https:\/\/api.w.org\/{rel}","templated":true}]}}