{"id":21751,"date":"2025-01-14T10:46:05","date_gmt":"2025-01-14T09:46:05","guid":{"rendered":"https:\/\/www.upm.cz\/?post_type=product&#038;p=21751"},"modified":"2025-09-17T12:10:13","modified_gmt":"2025-09-17T10:10:13","slug":"gizela-sabokova-od-svetla-k-hmote-from-light-to-matter","status":"publish","type":"product","link":"https:\/\/www.upm.cz\/an\/eshop\/gizela-sabokova-od-svetla-k-hmote-from-light-to-matter\/","title":{"rendered":"GIZELA \u0160AB\u00d3KOV\u00c1: OD SV\u011aTLA K&nbsp;HMOT\u011a (FROM LIGHT TO MATTER)"},"content":{"rendered":"<p>Prvn\u00ed a&nbsp;kompletn\u011b zpracovan\u00e1 publikace o&nbsp;t\u00e9to v\u00fdznamn\u00e9 \u010desk\u00e9 v\u00fdtvarnici zahrnuj\u00edc\u00ed v\u0161echny etapy jej\u00edho profesion\u00e1ln\u00edho \u017eivota od studi\u00ed a\u017e po&nbsp;rok 2024. Dvojjazy\u010dn\u00e1 monografie v&nbsp;\u010de\u0161tin\u011b a&nbsp;angli\u010dtin\u011b p\u0159in\u00e1\u0161\u00ed eseje \u017eij\u00edc\u00edch, i&nbsp;ne\u017eij\u00edc\u00edch evropsk\u00fdch i&nbsp;z\u00e1mo\u0159sk\u00fdch  historik\u016f a&nbsp;teoretik\u016f skla a&nbsp;um\u011bn\u00ed, kte\u0159\u00ed o&nbsp;jej\u00edch d\u00edlech psali. P\u0159in\u00e1\u0161\u00ed okolo 600 fotografi\u00ed autor\u010din\u00fdch d\u011bl v\u010detn\u011b dokumenta\u010dn\u00edch a&nbsp;situa\u010dn\u00edch fotografi\u00ed. Kniha je vybavena  kompletn\u00ed bibliografi\u00ed a&nbsp;soupisem v\u00fdstav. Knihu graficky upravil Robert Nov\u00e1k, recenzentem je Old\u0159ich Palata, editorkou Sylva Petrov\u00e1, autorem koncepce publikace Prokop Barton\u00ed\u010dek. Kniha je v\u00fdznamn\u00fdm p\u0159\u00edsp\u011bvkem ke zmapov\u00e1n\u00ed \u010desk\u00e9ho studiov\u00e9ho skla 20.&nbsp;a&nbsp;21.&nbsp;stolet\u00ed a&nbsp;role \u017een v&nbsp;jeho sv\u011btov\u011b uzn\u00e1van\u00e9m v\u00fdvoji.<\/p>","protected":false},"excerpt":{"rendered":"<p>autor koncepce: Prokop Barton\u00ed\u010dek<br \/>\neditorka: Sylva Petrov\u00e1<br \/>\ngrafick\u00fd design: Robert Nov\u00e1k<br \/>\nvyd\u00e1n\u00ed: \u010desko-anglick\u00e9<br \/>\npo\u010det stran: 400<br \/>\npo\u010det vyobrazen\u00ed: 590<br \/>\nvydavatel: PEBE Interactive s.r.o. ve spolupr\u00e1ci s&nbsp;UPM v&nbsp;r\u00e1mci jeho programu v\u011bdy a&nbsp;v\u00fdzkumu<\/p>","protected":false},"featured_media":21752,"template":"","meta":{"_acf_changed":false},"product_brand":[],"product_cat":[80,45],"product_tag":[],"class_list":{"0":"post-21751","1":"product","2":"type-product","3":"status-publish","4":"has-post-thumbnail","6":"product_cat-books","7":"product_cat-knihy","9":"first","10":"outofstock","11":"shipping-taxable","12":"purchasable","13":"product-type-simple"},"acf":[],"yoast_head":"<!-- This site is optimized with the Yoast SEO plugin v26.9 - https:\/\/yoast.com\/product\/yoast-seo-wordpress\/ -->\n<title>GIZELA \u0160AB\u00d3KOV\u00c1: OD SV\u011aTLA K HMOT\u011a (FROM LIGHT TO MATTER) - Um\u011bleckopr\u016fmyslov\u00e9 museum v Praze<\/title>\n<meta name=\"description\" content=\"Prvn\u00ed a kompletn\u011b zpracovan\u00e1 publikace o t\u00e9to v\u00fdznamn\u00e9 \u010desk\u00e9 v\u00fdtvarnici zahrnuj\u00edc\u00ed v\u0161echny etapy jej\u00edho profesion\u00e1ln\u00edho \u017eivota od studi\u00ed a\u017e po rok 2024. Dvojjazy\u010dn\u00e1 monografie v \u010de\u0161tin\u011b a angli\u010dtin\u011b p\u0159in\u00e1\u0161\u00ed eseje \u017eij\u00edc\u00edch, i ne\u017eij\u00edc\u00edch evropsk\u00fdch i z\u00e1mo\u0159sk\u00fdch historik\u016f a teoretik\u016f skla a um\u011bn\u00ed, kte\u0159\u00ed o jej\u00edch d\u00edlech psali. P\u0159in\u00e1\u0161\u00ed okolo 590 fotografi\u00ed autor\u010din\u00fdch d\u011bl v\u010detn\u011b dokumenta\u010dn\u00edch a situa\u010dn\u00edch fotografi\u00ed. Kniha je vybavena kompletn\u00ed bibliografi\u00ed a soupisem v\u00fdstav\" \/>\n<meta name=\"robots\" content=\"index, follow, max-snippet:-1, max-image-preview:large, max-video-preview:-1\" \/>\n<link rel=\"canonical\" href=\"https:\/\/www.upm.cz\/an\/eshop\/gizela-sabokova-od-svetla-k-hmote-from-light-to-matter\/\" \/>\n<meta property=\"og:locale\" content=\"en_US\" \/>\n<meta property=\"og:type\" content=\"article\" \/>\n<meta property=\"og:title\" content=\"GIZELA \u0160AB\u00d3KOV\u00c1: OD SV\u011aTLA K HMOT\u011a (FROM LIGHT TO MATTER) - Um\u011bleckopr\u016fmyslov\u00e9 museum v Praze\" \/>\n<meta property=\"og:description\" content=\"Prvn\u00ed a kompletn\u011b zpracovan\u00e1 publikace o t\u00e9to v\u00fdznamn\u00e9 \u010desk\u00e9 v\u00fdtvarnici zahrnuj\u00edc\u00ed v\u0161echny etapy jej\u00edho profesion\u00e1ln\u00edho \u017eivota od studi\u00ed a\u017e po rok 2024. Dvojjazy\u010dn\u00e1 monografie v \u010de\u0161tin\u011b a angli\u010dtin\u011b p\u0159in\u00e1\u0161\u00ed eseje \u017eij\u00edc\u00edch, i ne\u017eij\u00edc\u00edch evropsk\u00fdch i z\u00e1mo\u0159sk\u00fdch historik\u016f a teoretik\u016f skla a um\u011bn\u00ed, kte\u0159\u00ed o jej\u00edch d\u00edlech psali. P\u0159in\u00e1\u0161\u00ed okolo 590 fotografi\u00ed autor\u010din\u00fdch d\u011bl v\u010detn\u011b dokumenta\u010dn\u00edch a situa\u010dn\u00edch fotografi\u00ed. Kniha je vybavena kompletn\u00ed bibliografi\u00ed a soupisem v\u00fdstav\" \/>\n<meta property=\"og:url\" content=\"https:\/\/www.upm.cz\/an\/eshop\/gizela-sabokova-od-svetla-k-hmote-from-light-to-matter\/\" \/>\n<meta property=\"og:site_name\" content=\"Um\u011bleckopr\u016fmyslov\u00e9 museum v Praze\" \/>\n<meta property=\"article:modified_time\" content=\"2025-09-17T10:10:13+00:00\" \/>\n<meta property=\"og:image\" content=\"https:\/\/www.upm.cz\/wp-content\/uploads\/SABOKOVA-Od-svetla-k-hmote-scaled.jpeg\" \/>\n\t<meta property=\"og:image:width\" content=\"1913\" \/>\n\t<meta property=\"og:image:height\" content=\"2560\" \/>\n\t<meta property=\"og:image:type\" content=\"image\/jpeg\" \/>\n<meta name=\"twitter:card\" content=\"summary_large_image\" \/>\n<meta name=\"twitter:label1\" content=\"Est. reading time\" \/>\n\t<meta name=\"twitter:data1\" content=\"1 minute\" \/>\n<script type=\"application\/ld+json\" class=\"yoast-schema-graph\">{\"@context\":\"https:\/\/schema.org\",\"@graph\":[{\"@type\":\"WebPage\",\"@id\":\"https:\/\/www.upm.cz\/eshop\/gizela-sabokova-od-svetla-k-hmote-from-light-to-matter\/\",\"url\":\"https:\/\/www.upm.cz\/eshop\/gizela-sabokova-od-svetla-k-hmote-from-light-to-matter\/\",\"name\":\"GIZELA \u0160AB\u00d3KOV\u00c1: OD SV\u011aTLA K HMOT\u011a (FROM LIGHT TO MATTER) - Um\u011bleckopr\u016fmyslov\u00e9 museum v Praze\",\"isPartOf\":{\"@id\":\"https:\/\/www.upm.cz\/#website\"},\"primaryImageOfPage\":{\"@id\":\"https:\/\/www.upm.cz\/eshop\/gizela-sabokova-od-svetla-k-hmote-from-light-to-matter\/#primaryimage\"},\"image\":{\"@id\":\"https:\/\/www.upm.cz\/eshop\/gizela-sabokova-od-svetla-k-hmote-from-light-to-matter\/#primaryimage\"},\"thumbnailUrl\":\"https:\/\/www.upm.cz\/wp-content\/uploads\/SABOKOVA-Od-svetla-k-hmote-scaled.jpeg\",\"datePublished\":\"2025-01-14T09:46:05+00:00\",\"dateModified\":\"2025-09-17T10:10:13+00:00\",\"description\":\"Prvn\u00ed a kompletn\u011b zpracovan\u00e1 publikace o t\u00e9to v\u00fdznamn\u00e9 \u010desk\u00e9 v\u00fdtvarnici zahrnuj\u00edc\u00ed v\u0161echny etapy jej\u00edho profesion\u00e1ln\u00edho \u017eivota od studi\u00ed a\u017e po rok 2024. Dvojjazy\u010dn\u00e1 monografie v \u010de\u0161tin\u011b a angli\u010dtin\u011b p\u0159in\u00e1\u0161\u00ed eseje \u017eij\u00edc\u00edch, i ne\u017eij\u00edc\u00edch evropsk\u00fdch i z\u00e1mo\u0159sk\u00fdch historik\u016f a teoretik\u016f skla a um\u011bn\u00ed, kte\u0159\u00ed o jej\u00edch d\u00edlech psali. P\u0159in\u00e1\u0161\u00ed okolo 590 fotografi\u00ed autor\u010din\u00fdch d\u011bl v\u010detn\u011b dokumenta\u010dn\u00edch a situa\u010dn\u00edch fotografi\u00ed. Kniha je vybavena kompletn\u00ed bibliografi\u00ed a soupisem v\u00fdstav\",\"breadcrumb\":{\"@id\":\"https:\/\/www.upm.cz\/eshop\/gizela-sabokova-od-svetla-k-hmote-from-light-to-matter\/#breadcrumb\"},\"inLanguage\":\"en-US\",\"potentialAction\":[{\"@type\":\"ReadAction\",\"target\":[\"https:\/\/www.upm.cz\/eshop\/gizela-sabokova-od-svetla-k-hmote-from-light-to-matter\/\"]}]},{\"@type\":\"ImageObject\",\"inLanguage\":\"en-US\",\"@id\":\"https:\/\/www.upm.cz\/eshop\/gizela-sabokova-od-svetla-k-hmote-from-light-to-matter\/#primaryimage\",\"url\":\"https:\/\/www.upm.cz\/wp-content\/uploads\/SABOKOVA-Od-svetla-k-hmote-scaled.jpeg\",\"contentUrl\":\"https:\/\/www.upm.cz\/wp-content\/uploads\/SABOKOVA-Od-svetla-k-hmote-scaled.jpeg\",\"width\":1913,\"height\":2560,\"caption\":\"Gizela \u0160ab\u00f3kov\u00e1: Od sv\u011btla k hmot\u011b\"},{\"@type\":\"BreadcrumbList\",\"@id\":\"https:\/\/www.upm.cz\/eshop\/gizela-sabokova-od-svetla-k-hmote-from-light-to-matter\/#breadcrumb\",\"itemListElement\":[{\"@type\":\"ListItem\",\"position\":1,\"name\":\"Dom\u016f\",\"item\":\"https:\/\/www.upm.cz\/\"},{\"@type\":\"ListItem\",\"position\":2,\"name\":\"eshop\",\"item\":\"https:\/\/www.upm.cz\/eshop\/\"},{\"@type\":\"ListItem\",\"position\":3,\"name\":\"GIZELA \u0160AB\u00d3KOV\u00c1: OD SV\u011aTLA K HMOT\u011a (FROM LIGHT TO MATTER)\"}]},{\"@type\":\"WebSite\",\"@id\":\"https:\/\/www.upm.cz\/#website\",\"url\":\"https:\/\/www.upm.cz\/\",\"name\":\"Um\u011bleckopr\u016fmyslov\u00e9 museum v Praze\",\"description\":\"\",\"publisher\":{\"@id\":\"https:\/\/www.upm.cz\/#organization\"},\"potentialAction\":[{\"@type\":\"SearchAction\",\"target\":{\"@type\":\"EntryPoint\",\"urlTemplate\":\"https:\/\/www.upm.cz\/?s={search_term_string}\"},\"query-input\":{\"@type\":\"PropertyValueSpecification\",\"valueRequired\":true,\"valueName\":\"search_term_string\"}}],\"inLanguage\":\"en-US\"},{\"@type\":\"Organization\",\"@id\":\"https:\/\/www.upm.cz\/#organization\",\"name\":\"Um\u011bleckopr\u016fmyslov\u00e9 museum v Praze\",\"url\":\"https:\/\/www.upm.cz\/\",\"logo\":{\"@type\":\"ImageObject\",\"inLanguage\":\"en-US\",\"@id\":\"https:\/\/www.upm.cz\/#\/schema\/logo\/image\/\",\"url\":\"https:\/\/www.upm.cz\/wp-content\/uploads\/2020\/03\/logo_upm_cz.svg\",\"contentUrl\":\"https:\/\/www.upm.cz\/wp-content\/uploads\/2020\/03\/logo_upm_cz.svg\",\"width\":1736,\"height\":295,\"caption\":\"Um\u011bleckopr\u016fmyslov\u00e9 museum v Praze\"},\"image\":{\"@id\":\"https:\/\/www.upm.cz\/#\/schema\/logo\/image\/\"}}]}<\/script>\n<!-- \/ Yoast SEO plugin. -->","yoast_head_json":{"title":"GIZELA \u0160AB\u00d3KOV\u00c1: OD SV\u011aTLA K HMOT\u011a (FROM LIGHT TO MATTER) - Um\u011bleckopr\u016fmyslov\u00e9 museum v Praze","description":"Prvn\u00ed a kompletn\u011b zpracovan\u00e1 publikace o t\u00e9to v\u00fdznamn\u00e9 \u010desk\u00e9 v\u00fdtvarnici zahrnuj\u00edc\u00ed v\u0161echny etapy jej\u00edho profesion\u00e1ln\u00edho \u017eivota od studi\u00ed a\u017e po rok 2024. Dvojjazy\u010dn\u00e1 monografie v \u010de\u0161tin\u011b a angli\u010dtin\u011b p\u0159in\u00e1\u0161\u00ed eseje \u017eij\u00edc\u00edch, i ne\u017eij\u00edc\u00edch evropsk\u00fdch i z\u00e1mo\u0159sk\u00fdch historik\u016f a teoretik\u016f skla a um\u011bn\u00ed, kte\u0159\u00ed o jej\u00edch d\u00edlech psali. P\u0159in\u00e1\u0161\u00ed okolo 590 fotografi\u00ed autor\u010din\u00fdch d\u011bl v\u010detn\u011b dokumenta\u010dn\u00edch a situa\u010dn\u00edch fotografi\u00ed. Kniha je vybavena kompletn\u00ed bibliografi\u00ed a soupisem v\u00fdstav","robots":{"index":"index","follow":"follow","max-snippet":"max-snippet:-1","max-image-preview":"max-image-preview:large","max-video-preview":"max-video-preview:-1"},"canonical":"https:\/\/www.upm.cz\/an\/eshop\/gizela-sabokova-od-svetla-k-hmote-from-light-to-matter\/","og_locale":"en_US","og_type":"article","og_title":"GIZELA \u0160AB\u00d3KOV\u00c1: OD SV\u011aTLA K HMOT\u011a (FROM LIGHT TO MATTER) - Um\u011bleckopr\u016fmyslov\u00e9 museum v Praze","og_description":"Prvn\u00ed a kompletn\u011b zpracovan\u00e1 publikace o t\u00e9to v\u00fdznamn\u00e9 \u010desk\u00e9 v\u00fdtvarnici zahrnuj\u00edc\u00ed v\u0161echny etapy jej\u00edho profesion\u00e1ln\u00edho \u017eivota od studi\u00ed a\u017e po rok 2024. Dvojjazy\u010dn\u00e1 monografie v \u010de\u0161tin\u011b a angli\u010dtin\u011b p\u0159in\u00e1\u0161\u00ed eseje \u017eij\u00edc\u00edch, i ne\u017eij\u00edc\u00edch evropsk\u00fdch i z\u00e1mo\u0159sk\u00fdch historik\u016f a teoretik\u016f skla a um\u011bn\u00ed, kte\u0159\u00ed o jej\u00edch d\u00edlech psali. P\u0159in\u00e1\u0161\u00ed okolo 590 fotografi\u00ed autor\u010din\u00fdch d\u011bl v\u010detn\u011b dokumenta\u010dn\u00edch a situa\u010dn\u00edch fotografi\u00ed. Kniha je vybavena kompletn\u00ed bibliografi\u00ed a soupisem v\u00fdstav","og_url":"https:\/\/www.upm.cz\/an\/eshop\/gizela-sabokova-od-svetla-k-hmote-from-light-to-matter\/","og_site_name":"Um\u011bleckopr\u016fmyslov\u00e9 museum v Praze","article_modified_time":"2025-09-17T10:10:13+00:00","og_image":[{"width":1913,"height":2560,"url":"https:\/\/www.upm.cz\/wp-content\/uploads\/SABOKOVA-Od-svetla-k-hmote-scaled.jpeg","type":"image\/jpeg"}],"twitter_card":"summary_large_image","twitter_misc":{"Est. reading time":"1 minute"},"schema":{"@context":"https:\/\/schema.org","@graph":[{"@type":"WebPage","@id":"https:\/\/www.upm.cz\/eshop\/gizela-sabokova-od-svetla-k-hmote-from-light-to-matter\/","url":"https:\/\/www.upm.cz\/eshop\/gizela-sabokova-od-svetla-k-hmote-from-light-to-matter\/","name":"GIZELA \u0160AB\u00d3KOV\u00c1: OD SV\u011aTLA K HMOT\u011a (FROM LIGHT TO MATTER) - Um\u011bleckopr\u016fmyslov\u00e9 museum v Praze","isPartOf":{"@id":"https:\/\/www.upm.cz\/#website"},"primaryImageOfPage":{"@id":"https:\/\/www.upm.cz\/eshop\/gizela-sabokova-od-svetla-k-hmote-from-light-to-matter\/#primaryimage"},"image":{"@id":"https:\/\/www.upm.cz\/eshop\/gizela-sabokova-od-svetla-k-hmote-from-light-to-matter\/#primaryimage"},"thumbnailUrl":"https:\/\/www.upm.cz\/wp-content\/uploads\/SABOKOVA-Od-svetla-k-hmote-scaled.jpeg","datePublished":"2025-01-14T09:46:05+00:00","dateModified":"2025-09-17T10:10:13+00:00","description":"Prvn\u00ed a kompletn\u011b zpracovan\u00e1 publikace o t\u00e9to v\u00fdznamn\u00e9 \u010desk\u00e9 v\u00fdtvarnici zahrnuj\u00edc\u00ed v\u0161echny etapy jej\u00edho profesion\u00e1ln\u00edho \u017eivota od studi\u00ed a\u017e po rok 2024. Dvojjazy\u010dn\u00e1 monografie v \u010de\u0161tin\u011b a angli\u010dtin\u011b p\u0159in\u00e1\u0161\u00ed eseje \u017eij\u00edc\u00edch, i ne\u017eij\u00edc\u00edch evropsk\u00fdch i z\u00e1mo\u0159sk\u00fdch historik\u016f a teoretik\u016f skla a um\u011bn\u00ed, kte\u0159\u00ed o jej\u00edch d\u00edlech psali. P\u0159in\u00e1\u0161\u00ed okolo 590 fotografi\u00ed autor\u010din\u00fdch d\u011bl v\u010detn\u011b dokumenta\u010dn\u00edch a situa\u010dn\u00edch fotografi\u00ed. Kniha je vybavena kompletn\u00ed bibliografi\u00ed a soupisem v\u00fdstav","breadcrumb":{"@id":"https:\/\/www.upm.cz\/eshop\/gizela-sabokova-od-svetla-k-hmote-from-light-to-matter\/#breadcrumb"},"inLanguage":"en-US","potentialAction":[{"@type":"ReadAction","target":["https:\/\/www.upm.cz\/eshop\/gizela-sabokova-od-svetla-k-hmote-from-light-to-matter\/"]}]},{"@type":"ImageObject","inLanguage":"en-US","@id":"https:\/\/www.upm.cz\/eshop\/gizela-sabokova-od-svetla-k-hmote-from-light-to-matter\/#primaryimage","url":"https:\/\/www.upm.cz\/wp-content\/uploads\/SABOKOVA-Od-svetla-k-hmote-scaled.jpeg","contentUrl":"https:\/\/www.upm.cz\/wp-content\/uploads\/SABOKOVA-Od-svetla-k-hmote-scaled.jpeg","width":1913,"height":2560,"caption":"Gizela \u0160ab\u00f3kov\u00e1: Od sv\u011btla k hmot\u011b"},{"@type":"BreadcrumbList","@id":"https:\/\/www.upm.cz\/eshop\/gizela-sabokova-od-svetla-k-hmote-from-light-to-matter\/#breadcrumb","itemListElement":[{"@type":"ListItem","position":1,"name":"Dom\u016f","item":"https:\/\/www.upm.cz\/"},{"@type":"ListItem","position":2,"name":"eshop","item":"https:\/\/www.upm.cz\/eshop\/"},{"@type":"ListItem","position":3,"name":"GIZELA \u0160AB\u00d3KOV\u00c1: OD SV\u011aTLA K HMOT\u011a (FROM LIGHT TO MATTER)"}]},{"@type":"WebSite","@id":"https:\/\/www.upm.cz\/#website","url":"https:\/\/www.upm.cz\/","name":"Um\u011bleckopr\u016fmyslov\u00e9 museum v Praze","description":"","publisher":{"@id":"https:\/\/www.upm.cz\/#organization"},"potentialAction":[{"@type":"SearchAction","target":{"@type":"EntryPoint","urlTemplate":"https:\/\/www.upm.cz\/?s={search_term_string}"},"query-input":{"@type":"PropertyValueSpecification","valueRequired":true,"valueName":"search_term_string"}}],"inLanguage":"en-US"},{"@type":"Organization","@id":"https:\/\/www.upm.cz\/#organization","name":"Um\u011bleckopr\u016fmyslov\u00e9 museum v Praze","url":"https:\/\/www.upm.cz\/","logo":{"@type":"ImageObject","inLanguage":"en-US","@id":"https:\/\/www.upm.cz\/#\/schema\/logo\/image\/","url":"https:\/\/www.upm.cz\/wp-content\/uploads\/2020\/03\/logo_upm_cz.svg","contentUrl":"https:\/\/www.upm.cz\/wp-content\/uploads\/2020\/03\/logo_upm_cz.svg","width":1736,"height":295,"caption":"Um\u011bleckopr\u016fmyslov\u00e9 museum v Praze"},"image":{"@id":"https:\/\/www.upm.cz\/#\/schema\/logo\/image\/"}}]}},"_links":{"self":[{"href":"https:\/\/www.upm.cz\/an\/wp-json\/wp\/v2\/product\/21751","targetHints":{"allow":["GET"]}}],"collection":[{"href":"https:\/\/www.upm.cz\/an\/wp-json\/wp\/v2\/product"}],"about":[{"href":"https:\/\/www.upm.cz\/an\/wp-json\/wp\/v2\/types\/product"}],"wp:featuredmedia":[{"embeddable":true,"href":"https:\/\/www.upm.cz\/an\/wp-json\/wp\/v2\/media\/21752"}],"wp:attachment":[{"href":"https:\/\/www.upm.cz\/an\/wp-json\/wp\/v2\/media?parent=21751"}],"wp:term":[{"taxonomy":"product_brand","embeddable":true,"href":"https:\/\/www.upm.cz\/an\/wp-json\/wp\/v2\/product_brand?post=21751"},{"taxonomy":"product_cat","embeddable":true,"href":"https:\/\/www.upm.cz\/an\/wp-json\/wp\/v2\/product_cat?post=21751"},{"taxonomy":"product_tag","embeddable":true,"href":"https:\/\/www.upm.cz\/an\/wp-json\/wp\/v2\/product_tag?post=21751"}],"curies":[{"name":"wp","href":"https:\/\/api.w.org\/{rel}","templated":true}]}}