{"id":23592,"date":"2025-09-22T15:33:22","date_gmt":"2025-09-22T13:33:22","guid":{"rendered":"https:\/\/www.upm.cz\/?post_type=product&#038;p=23592"},"modified":"2026-03-10T22:21:07","modified_gmt":"2026-03-10T21:21:07","slug":"the-momentum-of-a-decision","status":"publish","type":"product","link":"https:\/\/www.upm.cz\/an\/eshop\/the-momentum-of-a-decision\/","title":{"rendered":"THE MOMENTUM OF A&nbsp;DECISION"},"content":{"rendered":"<p>Anglicko-\u010desk\u00e1 kniha, kterou vydalo Um\u011bleckopr\u016fmyslov\u00e9 museum p\u0159i&nbsp;p\u0159\u00edle\u017eitosti XXIV. Trien\u00e1le designu a&nbsp;architektury v&nbsp;Mil\u00e1n\u011b. T\u00e9matem leto\u0161n\u00edho ro\u010dn\u00edku jsou Inequalities \/ Nerovnosti a&nbsp;auto\u0159i \u010desk\u00e9 expozice Karol\u00edna Kripnerov\u00e1 a&nbsp;Janek Rous<br \/>\nsi vybrali problematiku lid\u00ed bez domova. Syst\u00e9m bydlen\u00ed vid\u00ed jako komplexn\u00ed \u017eiv\u00fd organismus, kter\u00fd v&nbsp;sou\u010dasn\u00e9m sv\u011bt\u011b evidentn\u011b nefunguje a&nbsp;str\u00e1d\u00e1. Situace je ve v\u0161ech sv\u011btov\u00fdch metropol\u00edch stejn\u00e1, li\u0161\u00ed se jen mno\u017estv\u00edm lid\u00ed v&nbsp;nouzi, podobou a&nbsp;dostupnost\u00ed soci\u00e1ln\u00ed pomoci. Tv\u016frci v\u00fdstavy se na takov\u00e9 metropole d\u00edvaj\u00ed jako na nemocn\u00e9 m\u011bsto \u2013 Prahu si p\u0159edstavuj\u00ed jako laborato\u0159 zm\u00edn\u011bn\u00fdch probl\u00e9m\u016f, v&nbsp;n\u00ed\u017e se m\u016f\u017eeme rozhodnout aplikovat \u0159adu osv\u011bd\u010den\u00fdch l\u00e9\u010debn\u00fdch postup\u016f, kter\u00e9 m\u00e1me dnes k&nbsp;dispozici, a&nbsp;pokusit se ji uzdravit.<\/p>\n<p>Krom\u011b tematick\u00fdch text\u016f Janka Rouse a&nbsp;Karol\u00edny Kripnerov\u00e9 obsahuje tak\u00e9 liter\u00e1rn\u00ed texty t\u011bch, kte\u0159\u00ed nerovnost v&nbsp;b\u011b\u017en\u00e9m \u017eivot\u011b \u010dasto pro\u017e\u00edvaj\u00ed: Anki, Kl\u00e1ra Vlas\u00e1kov\u00e1, Kolektiv Pr\u00e1delna, Patrik Banga, Maria Siv\u00e1kov\u00e1, Dana Li\u0161kov\u00e1, Eva Dani\u0161ov\u00e1, Marie Ilja\u0161enko. Texty doprov\u00e1zej\u00ed ilustrace Magdaleny Rutov\u00e9 v&nbsp;grafick\u00e9 \u00faprav\u011b Jana \u010cumlivsk\u00e9ho.<\/p>","protected":false},"excerpt":{"rendered":"<p>auto\u0159i koncepce a&nbsp;text\u016f: Karol\u00edna Kripnerov\u00e1 a&nbsp;Janek Rous<br \/>\nilustrace: Magdalena Rutov\u00e1<br \/>\ngrafick\u00fd design: Jan \u010cumlivski<br \/>\nvyd\u00e1n\u00ed: anglicko-\u010desk\u00e9<br \/>\npo\u010det stran: 219<br \/>\nvydavatel: UPM<\/p>","protected":false},"featured_media":23965,"template":"","meta":{"_acf_changed":false},"product_brand":[],"product_cat":[45],"product_tag":[],"class_list":{"0":"post-23592","1":"product","2":"type-product","3":"status-publish","4":"has-post-thumbnail","6":"product_cat-knihy","8":"first","9":"instock","10":"shipping-taxable","11":"purchasable","12":"product-type-simple"},"acf":[],"yoast_head":"<!-- This site is optimized with the Yoast SEO plugin v26.9 - https:\/\/yoast.com\/product\/yoast-seo-wordpress\/ -->\n<title>THE MOMENTUM OF A DECISION - Um\u011bleckopr\u016fmyslov\u00e9 museum v Praze<\/title>\n<meta name=\"description\" content=\"Anglicko-\u010desk\u00e1 kniha, kterou vydalo Um\u011bleckopr\u016fmyslov\u00e9 museum p\u0159i p\u0159\u00edle\u017eitosti XXIV. Trien\u00e1le designu a architektury v Mil\u00e1n\u011b. T\u00e9matem leto\u0161n\u00edho ro\u010dn\u00edku jsou Inequalities \/ Nerovnosti a auto\u0159i \u010desk\u00e9 expozice Karol\u00edna Kripnerov\u00e1 a Janek Roussi vybrali problematiku lid\u00ed bez domova. Syst\u00e9m bydlen\u00ed vid\u00ed jako komplexn\u00ed \u017eiv\u00fd organismus, kter\u00fd v sou\u010dasn\u00e9m sv\u011bt\u011b evidentn\u011b nefunguje a str\u00e1d\u00e1. Situace je ve v\u0161ech sv\u011btov\u00fdch metropol\u00edch stejn\u00e1, li\u0161\u00ed se jen mno\u017estv\u00edm lid\u00ed v nouzi, podobou a dostupnost\u00ed soci\u00e1ln\u00ed pomoci. Tv\u016frci v\u00fdstavy se na takov\u00e9 metropole d\u00edvaj\u00ed jako na nemocn\u00e9 m\u011bsto \u2013 Prahu si p\u0159edstavuj\u00ed jako laborato\u0159 zm\u00edn\u011bn\u00fdch probl\u00e9m\u016f, v n\u00ed\u017e se m\u016f\u017eeme rozhodnout aplikovat \u0159adu osv\u011bd\u010den\u00fdch l\u00e9\u010debn\u00fdch postup\u016f, kter\u00e9 m\u00e1me dnes k dispozici, a pokusit se ji uzdravit.\" \/>\n<meta name=\"robots\" content=\"index, follow, max-snippet:-1, max-image-preview:large, max-video-preview:-1\" \/>\n<link rel=\"canonical\" href=\"https:\/\/www.upm.cz\/an\/eshop\/the-momentum-of-a-decision\/\" \/>\n<meta property=\"og:locale\" content=\"en_US\" \/>\n<meta property=\"og:type\" content=\"article\" \/>\n<meta property=\"og:title\" content=\"THE MOMENTUM OF A DECISION - Um\u011bleckopr\u016fmyslov\u00e9 museum v Praze\" \/>\n<meta property=\"og:description\" content=\"Anglicko-\u010desk\u00e1 kniha, kterou vydalo Um\u011bleckopr\u016fmyslov\u00e9 museum p\u0159i p\u0159\u00edle\u017eitosti XXIV. Trien\u00e1le designu a architektury v Mil\u00e1n\u011b. T\u00e9matem leto\u0161n\u00edho ro\u010dn\u00edku jsou Inequalities \/ Nerovnosti a auto\u0159i \u010desk\u00e9 expozice Karol\u00edna Kripnerov\u00e1 a Janek Roussi vybrali problematiku lid\u00ed bez domova. Syst\u00e9m bydlen\u00ed vid\u00ed jako komplexn\u00ed \u017eiv\u00fd organismus, kter\u00fd v sou\u010dasn\u00e9m sv\u011bt\u011b evidentn\u011b nefunguje a str\u00e1d\u00e1. Situace je ve v\u0161ech sv\u011btov\u00fdch metropol\u00edch stejn\u00e1, li\u0161\u00ed se jen mno\u017estv\u00edm lid\u00ed v nouzi, podobou a dostupnost\u00ed soci\u00e1ln\u00ed pomoci. Tv\u016frci v\u00fdstavy se na takov\u00e9 metropole d\u00edvaj\u00ed jako na nemocn\u00e9 m\u011bsto \u2013 Prahu si p\u0159edstavuj\u00ed jako laborato\u0159 zm\u00edn\u011bn\u00fdch probl\u00e9m\u016f, v n\u00ed\u017e se m\u016f\u017eeme rozhodnout aplikovat \u0159adu osv\u011bd\u010den\u00fdch l\u00e9\u010debn\u00fdch postup\u016f, kter\u00e9 m\u00e1me dnes k dispozici, a pokusit se ji uzdravit.\" \/>\n<meta property=\"og:url\" content=\"https:\/\/www.upm.cz\/an\/eshop\/the-momentum-of-a-decision\/\" \/>\n<meta property=\"og:site_name\" content=\"Um\u011bleckopr\u016fmyslov\u00e9 museum v Praze\" \/>\n<meta property=\"article:modified_time\" content=\"2026-03-10T21:21:07+00:00\" \/>\n<meta property=\"og:image\" content=\"https:\/\/www.upm.cz\/wp-content\/uploads\/momentum_cover_Page_001.jpg\" \/>\n\t<meta property=\"og:image:width\" content=\"1229\" \/>\n\t<meta property=\"og:image:height\" content=\"1749\" \/>\n\t<meta property=\"og:image:type\" content=\"image\/jpeg\" \/>\n<meta name=\"twitter:card\" content=\"summary_large_image\" \/>\n<meta name=\"twitter:label1\" content=\"Est. reading time\" \/>\n\t<meta name=\"twitter:data1\" content=\"2 minutes\" \/>\n<script type=\"application\/ld+json\" class=\"yoast-schema-graph\">{\"@context\":\"https:\/\/schema.org\",\"@graph\":[{\"@type\":\"WebPage\",\"@id\":\"https:\/\/www.upm.cz\/eshop\/the-momentum-of-a-decision\/\",\"url\":\"https:\/\/www.upm.cz\/eshop\/the-momentum-of-a-decision\/\",\"name\":\"THE MOMENTUM OF A DECISION - Um\u011bleckopr\u016fmyslov\u00e9 museum v Praze\",\"isPartOf\":{\"@id\":\"https:\/\/www.upm.cz\/#website\"},\"primaryImageOfPage\":{\"@id\":\"https:\/\/www.upm.cz\/eshop\/the-momentum-of-a-decision\/#primaryimage\"},\"image\":{\"@id\":\"https:\/\/www.upm.cz\/eshop\/the-momentum-of-a-decision\/#primaryimage\"},\"thumbnailUrl\":\"https:\/\/www.upm.cz\/wp-content\/uploads\/momentum_cover_Page_001.jpg\",\"datePublished\":\"2025-09-22T13:33:22+00:00\",\"dateModified\":\"2026-03-10T21:21:07+00:00\",\"description\":\"Anglicko-\u010desk\u00e1 kniha, kterou vydalo Um\u011bleckopr\u016fmyslov\u00e9 museum p\u0159i p\u0159\u00edle\u017eitosti XXIV. Trien\u00e1le designu a architektury v Mil\u00e1n\u011b. T\u00e9matem leto\u0161n\u00edho ro\u010dn\u00edku jsou Inequalities \/ Nerovnosti a auto\u0159i \u010desk\u00e9 expozice Karol\u00edna Kripnerov\u00e1 a Janek Roussi vybrali problematiku lid\u00ed bez domova. Syst\u00e9m bydlen\u00ed vid\u00ed jako komplexn\u00ed \u017eiv\u00fd organismus, kter\u00fd v sou\u010dasn\u00e9m sv\u011bt\u011b evidentn\u011b nefunguje a str\u00e1d\u00e1. Situace je ve v\u0161ech sv\u011btov\u00fdch metropol\u00edch stejn\u00e1, li\u0161\u00ed se jen mno\u017estv\u00edm lid\u00ed v nouzi, podobou a dostupnost\u00ed soci\u00e1ln\u00ed pomoci. Tv\u016frci v\u00fdstavy se na takov\u00e9 metropole d\u00edvaj\u00ed jako na nemocn\u00e9 m\u011bsto \u2013 Prahu si p\u0159edstavuj\u00ed jako laborato\u0159 zm\u00edn\u011bn\u00fdch probl\u00e9m\u016f, v n\u00ed\u017e se m\u016f\u017eeme rozhodnout aplikovat \u0159adu osv\u011bd\u010den\u00fdch l\u00e9\u010debn\u00fdch postup\u016f, kter\u00e9 m\u00e1me dnes k dispozici, a pokusit se ji uzdravit.\",\"breadcrumb\":{\"@id\":\"https:\/\/www.upm.cz\/eshop\/the-momentum-of-a-decision\/#breadcrumb\"},\"inLanguage\":\"en-US\",\"potentialAction\":[{\"@type\":\"ReadAction\",\"target\":[\"https:\/\/www.upm.cz\/eshop\/the-momentum-of-a-decision\/\"]}]},{\"@type\":\"ImageObject\",\"inLanguage\":\"en-US\",\"@id\":\"https:\/\/www.upm.cz\/eshop\/the-momentum-of-a-decision\/#primaryimage\",\"url\":\"https:\/\/www.upm.cz\/wp-content\/uploads\/momentum_cover_Page_001.jpg\",\"contentUrl\":\"https:\/\/www.upm.cz\/wp-content\/uploads\/momentum_cover_Page_001.jpg\",\"width\":1229,\"height\":1749,\"caption\":\"Ob\u00e1lka knihy The Momentum of Decision\"},{\"@type\":\"BreadcrumbList\",\"@id\":\"https:\/\/www.upm.cz\/eshop\/the-momentum-of-a-decision\/#breadcrumb\",\"itemListElement\":[{\"@type\":\"ListItem\",\"position\":1,\"name\":\"Dom\u016f\",\"item\":\"https:\/\/www.upm.cz\/\"},{\"@type\":\"ListItem\",\"position\":2,\"name\":\"eshop\",\"item\":\"https:\/\/www.upm.cz\/eshop\/\"},{\"@type\":\"ListItem\",\"position\":3,\"name\":\"THE MOMENTUM OF A DECISION\"}]},{\"@type\":\"WebSite\",\"@id\":\"https:\/\/www.upm.cz\/#website\",\"url\":\"https:\/\/www.upm.cz\/\",\"name\":\"Um\u011bleckopr\u016fmyslov\u00e9 museum v Praze\",\"description\":\"\",\"publisher\":{\"@id\":\"https:\/\/www.upm.cz\/#organization\"},\"potentialAction\":[{\"@type\":\"SearchAction\",\"target\":{\"@type\":\"EntryPoint\",\"urlTemplate\":\"https:\/\/www.upm.cz\/?s={search_term_string}\"},\"query-input\":{\"@type\":\"PropertyValueSpecification\",\"valueRequired\":true,\"valueName\":\"search_term_string\"}}],\"inLanguage\":\"en-US\"},{\"@type\":\"Organization\",\"@id\":\"https:\/\/www.upm.cz\/#organization\",\"name\":\"Um\u011bleckopr\u016fmyslov\u00e9 museum v Praze\",\"url\":\"https:\/\/www.upm.cz\/\",\"logo\":{\"@type\":\"ImageObject\",\"inLanguage\":\"en-US\",\"@id\":\"https:\/\/www.upm.cz\/#\/schema\/logo\/image\/\",\"url\":\"https:\/\/www.upm.cz\/wp-content\/uploads\/2020\/03\/logo_upm_cz.svg\",\"contentUrl\":\"https:\/\/www.upm.cz\/wp-content\/uploads\/2020\/03\/logo_upm_cz.svg\",\"width\":1736,\"height\":295,\"caption\":\"Um\u011bleckopr\u016fmyslov\u00e9 museum v Praze\"},\"image\":{\"@id\":\"https:\/\/www.upm.cz\/#\/schema\/logo\/image\/\"}}]}<\/script>\n<!-- \/ Yoast SEO plugin. -->","yoast_head_json":{"title":"THE MOMENTUM OF A DECISION - Um\u011bleckopr\u016fmyslov\u00e9 museum v Praze","description":"Anglicko-\u010desk\u00e1 kniha, kterou vydalo Um\u011bleckopr\u016fmyslov\u00e9 museum p\u0159i p\u0159\u00edle\u017eitosti XXIV. Trien\u00e1le designu a architektury v Mil\u00e1n\u011b. T\u00e9matem leto\u0161n\u00edho ro\u010dn\u00edku jsou Inequalities \/ Nerovnosti a auto\u0159i \u010desk\u00e9 expozice Karol\u00edna Kripnerov\u00e1 a Janek Roussi vybrali problematiku lid\u00ed bez domova. Syst\u00e9m bydlen\u00ed vid\u00ed jako komplexn\u00ed \u017eiv\u00fd organismus, kter\u00fd v sou\u010dasn\u00e9m sv\u011bt\u011b evidentn\u011b nefunguje a str\u00e1d\u00e1. Situace je ve v\u0161ech sv\u011btov\u00fdch metropol\u00edch stejn\u00e1, li\u0161\u00ed se jen mno\u017estv\u00edm lid\u00ed v nouzi, podobou a dostupnost\u00ed soci\u00e1ln\u00ed pomoci. Tv\u016frci v\u00fdstavy se na takov\u00e9 metropole d\u00edvaj\u00ed jako na nemocn\u00e9 m\u011bsto \u2013 Prahu si p\u0159edstavuj\u00ed jako laborato\u0159 zm\u00edn\u011bn\u00fdch probl\u00e9m\u016f, v n\u00ed\u017e se m\u016f\u017eeme rozhodnout aplikovat \u0159adu osv\u011bd\u010den\u00fdch l\u00e9\u010debn\u00fdch postup\u016f, kter\u00e9 m\u00e1me dnes k dispozici, a pokusit se ji uzdravit.","robots":{"index":"index","follow":"follow","max-snippet":"max-snippet:-1","max-image-preview":"max-image-preview:large","max-video-preview":"max-video-preview:-1"},"canonical":"https:\/\/www.upm.cz\/an\/eshop\/the-momentum-of-a-decision\/","og_locale":"en_US","og_type":"article","og_title":"THE MOMENTUM OF A DECISION - Um\u011bleckopr\u016fmyslov\u00e9 museum v Praze","og_description":"Anglicko-\u010desk\u00e1 kniha, kterou vydalo Um\u011bleckopr\u016fmyslov\u00e9 museum p\u0159i p\u0159\u00edle\u017eitosti XXIV. Trien\u00e1le designu a architektury v Mil\u00e1n\u011b. T\u00e9matem leto\u0161n\u00edho ro\u010dn\u00edku jsou Inequalities \/ Nerovnosti a auto\u0159i \u010desk\u00e9 expozice Karol\u00edna Kripnerov\u00e1 a Janek Roussi vybrali problematiku lid\u00ed bez domova. Syst\u00e9m bydlen\u00ed vid\u00ed jako komplexn\u00ed \u017eiv\u00fd organismus, kter\u00fd v sou\u010dasn\u00e9m sv\u011bt\u011b evidentn\u011b nefunguje a str\u00e1d\u00e1. Situace je ve v\u0161ech sv\u011btov\u00fdch metropol\u00edch stejn\u00e1, li\u0161\u00ed se jen mno\u017estv\u00edm lid\u00ed v nouzi, podobou a dostupnost\u00ed soci\u00e1ln\u00ed pomoci. Tv\u016frci v\u00fdstavy se na takov\u00e9 metropole d\u00edvaj\u00ed jako na nemocn\u00e9 m\u011bsto \u2013 Prahu si p\u0159edstavuj\u00ed jako laborato\u0159 zm\u00edn\u011bn\u00fdch probl\u00e9m\u016f, v n\u00ed\u017e se m\u016f\u017eeme rozhodnout aplikovat \u0159adu osv\u011bd\u010den\u00fdch l\u00e9\u010debn\u00fdch postup\u016f, kter\u00e9 m\u00e1me dnes k dispozici, a pokusit se ji uzdravit.","og_url":"https:\/\/www.upm.cz\/an\/eshop\/the-momentum-of-a-decision\/","og_site_name":"Um\u011bleckopr\u016fmyslov\u00e9 museum v Praze","article_modified_time":"2026-03-10T21:21:07+00:00","og_image":[{"width":1229,"height":1749,"url":"https:\/\/www.upm.cz\/wp-content\/uploads\/momentum_cover_Page_001.jpg","type":"image\/jpeg"}],"twitter_card":"summary_large_image","twitter_misc":{"Est. reading time":"2 minutes"},"schema":{"@context":"https:\/\/schema.org","@graph":[{"@type":"WebPage","@id":"https:\/\/www.upm.cz\/eshop\/the-momentum-of-a-decision\/","url":"https:\/\/www.upm.cz\/eshop\/the-momentum-of-a-decision\/","name":"THE MOMENTUM OF A DECISION - Um\u011bleckopr\u016fmyslov\u00e9 museum v Praze","isPartOf":{"@id":"https:\/\/www.upm.cz\/#website"},"primaryImageOfPage":{"@id":"https:\/\/www.upm.cz\/eshop\/the-momentum-of-a-decision\/#primaryimage"},"image":{"@id":"https:\/\/www.upm.cz\/eshop\/the-momentum-of-a-decision\/#primaryimage"},"thumbnailUrl":"https:\/\/www.upm.cz\/wp-content\/uploads\/momentum_cover_Page_001.jpg","datePublished":"2025-09-22T13:33:22+00:00","dateModified":"2026-03-10T21:21:07+00:00","description":"Anglicko-\u010desk\u00e1 kniha, kterou vydalo Um\u011bleckopr\u016fmyslov\u00e9 museum p\u0159i p\u0159\u00edle\u017eitosti XXIV. Trien\u00e1le designu a architektury v Mil\u00e1n\u011b. T\u00e9matem leto\u0161n\u00edho ro\u010dn\u00edku jsou Inequalities \/ Nerovnosti a auto\u0159i \u010desk\u00e9 expozice Karol\u00edna Kripnerov\u00e1 a Janek Roussi vybrali problematiku lid\u00ed bez domova. Syst\u00e9m bydlen\u00ed vid\u00ed jako komplexn\u00ed \u017eiv\u00fd organismus, kter\u00fd v sou\u010dasn\u00e9m sv\u011bt\u011b evidentn\u011b nefunguje a str\u00e1d\u00e1. Situace je ve v\u0161ech sv\u011btov\u00fdch metropol\u00edch stejn\u00e1, li\u0161\u00ed se jen mno\u017estv\u00edm lid\u00ed v nouzi, podobou a dostupnost\u00ed soci\u00e1ln\u00ed pomoci. Tv\u016frci v\u00fdstavy se na takov\u00e9 metropole d\u00edvaj\u00ed jako na nemocn\u00e9 m\u011bsto \u2013 Prahu si p\u0159edstavuj\u00ed jako laborato\u0159 zm\u00edn\u011bn\u00fdch probl\u00e9m\u016f, v n\u00ed\u017e se m\u016f\u017eeme rozhodnout aplikovat \u0159adu osv\u011bd\u010den\u00fdch l\u00e9\u010debn\u00fdch postup\u016f, kter\u00e9 m\u00e1me dnes k dispozici, a pokusit se ji uzdravit.","breadcrumb":{"@id":"https:\/\/www.upm.cz\/eshop\/the-momentum-of-a-decision\/#breadcrumb"},"inLanguage":"en-US","potentialAction":[{"@type":"ReadAction","target":["https:\/\/www.upm.cz\/eshop\/the-momentum-of-a-decision\/"]}]},{"@type":"ImageObject","inLanguage":"en-US","@id":"https:\/\/www.upm.cz\/eshop\/the-momentum-of-a-decision\/#primaryimage","url":"https:\/\/www.upm.cz\/wp-content\/uploads\/momentum_cover_Page_001.jpg","contentUrl":"https:\/\/www.upm.cz\/wp-content\/uploads\/momentum_cover_Page_001.jpg","width":1229,"height":1749,"caption":"Ob\u00e1lka knihy The Momentum of Decision"},{"@type":"BreadcrumbList","@id":"https:\/\/www.upm.cz\/eshop\/the-momentum-of-a-decision\/#breadcrumb","itemListElement":[{"@type":"ListItem","position":1,"name":"Dom\u016f","item":"https:\/\/www.upm.cz\/"},{"@type":"ListItem","position":2,"name":"eshop","item":"https:\/\/www.upm.cz\/eshop\/"},{"@type":"ListItem","position":3,"name":"THE MOMENTUM OF A DECISION"}]},{"@type":"WebSite","@id":"https:\/\/www.upm.cz\/#website","url":"https:\/\/www.upm.cz\/","name":"Um\u011bleckopr\u016fmyslov\u00e9 museum v Praze","description":"","publisher":{"@id":"https:\/\/www.upm.cz\/#organization"},"potentialAction":[{"@type":"SearchAction","target":{"@type":"EntryPoint","urlTemplate":"https:\/\/www.upm.cz\/?s={search_term_string}"},"query-input":{"@type":"PropertyValueSpecification","valueRequired":true,"valueName":"search_term_string"}}],"inLanguage":"en-US"},{"@type":"Organization","@id":"https:\/\/www.upm.cz\/#organization","name":"Um\u011bleckopr\u016fmyslov\u00e9 museum v Praze","url":"https:\/\/www.upm.cz\/","logo":{"@type":"ImageObject","inLanguage":"en-US","@id":"https:\/\/www.upm.cz\/#\/schema\/logo\/image\/","url":"https:\/\/www.upm.cz\/wp-content\/uploads\/2020\/03\/logo_upm_cz.svg","contentUrl":"https:\/\/www.upm.cz\/wp-content\/uploads\/2020\/03\/logo_upm_cz.svg","width":1736,"height":295,"caption":"Um\u011bleckopr\u016fmyslov\u00e9 museum v Praze"},"image":{"@id":"https:\/\/www.upm.cz\/#\/schema\/logo\/image\/"}}]}},"_links":{"self":[{"href":"https:\/\/www.upm.cz\/an\/wp-json\/wp\/v2\/product\/23592","targetHints":{"allow":["GET"]}}],"collection":[{"href":"https:\/\/www.upm.cz\/an\/wp-json\/wp\/v2\/product"}],"about":[{"href":"https:\/\/www.upm.cz\/an\/wp-json\/wp\/v2\/types\/product"}],"wp:featuredmedia":[{"embeddable":true,"href":"https:\/\/www.upm.cz\/an\/wp-json\/wp\/v2\/media\/23965"}],"wp:attachment":[{"href":"https:\/\/www.upm.cz\/an\/wp-json\/wp\/v2\/media?parent=23592"}],"wp:term":[{"taxonomy":"product_brand","embeddable":true,"href":"https:\/\/www.upm.cz\/an\/wp-json\/wp\/v2\/product_brand?post=23592"},{"taxonomy":"product_cat","embeddable":true,"href":"https:\/\/www.upm.cz\/an\/wp-json\/wp\/v2\/product_cat?post=23592"},{"taxonomy":"product_tag","embeddable":true,"href":"https:\/\/www.upm.cz\/an\/wp-json\/wp\/v2\/product_tag?post=23592"}],"curies":[{"name":"wp","href":"https:\/\/api.w.org\/{rel}","templated":true}]}}