{"id":23964,"date":"2025-10-20T17:58:39","date_gmt":"2025-10-20T15:58:39","guid":{"rendered":"https:\/\/www.upm.cz\/?post_type=product&#038;p=23964"},"modified":"2026-01-30T12:28:19","modified_gmt":"2026-01-30T11:28:19","slug":"the-momentum-of-a-decision-kopirovat","status":"publish","type":"product","link":"https:\/\/www.upm.cz\/an\/eshop\/the-momentum-of-a-decision-kopirovat\/","title":{"rendered":"THE MOMENTUM OF A&nbsp;DECISION"},"content":{"rendered":"<p>An English\u2013Czech publication by the Museum of Decorative Arts in Prague, released for the XXIV Triennale di Milano of Design and Architecture, explores the theme Inequalities \/ Nerovnosti through the lens of homelessness. Curators Karol\u00edna Kripnerov\u00e1 and Janek Rous view the housing system as a&nbsp;fragile, living organism\u2014failing in metropolises worldwide. They imagine Prague as a&nbsp;laboratory where today\u2019s social \u201ctreatments\u201d might begin to heal these ailing cities.<br \/>\nAlongside their essays, the book features literary works by Anki, Kl\u00e1ra Vlas\u00e1kov\u00e1, Kolektiv Pr\u00e1delna, Patrik Banga, Maria Siv\u00e1kov\u00e1, Dana Li\u0161kov\u00e1, Eva Dani\u0161ov\u00e1, and Marie Ilja\u0161enko, voices that speak from lived experience. Illustrations by Magdalena Rutov\u00e1 and graphic design by Jan \u010cumlivski complete the edition.<\/p>","protected":false},"excerpt":{"rendered":"<p>Concept &#038; Texts \u2013 Karol\u00edna Kripnerov\u00e1, Janek Rous<br \/>\nIllustrations \u2013 Magdalena Rutov\u00e1<br \/>\nGraphic Design \u2013 Jan \u010cumlivski<br \/>\nLanguage \u2013 English\u2013Czech<br \/>\nPages \u2013 219<br \/>\nPublisher \u2013 Museum of Decorative Arts in Prague (UPM)<\/p>","protected":false},"featured_media":23965,"template":"","meta":{"_acf_changed":false},"product_brand":[],"product_cat":[80],"product_tag":[],"class_list":{"0":"post-23964","1":"product","2":"type-product","3":"status-publish","4":"has-post-thumbnail","6":"product_cat-books","8":"first","9":"instock","10":"shipping-taxable","11":"purchasable","12":"product-type-simple"},"acf":[],"yoast_head":"<!-- This site is optimized with the Yoast SEO plugin v26.9 - https:\/\/yoast.com\/product\/yoast-seo-wordpress\/ -->\n<title>THE MOMENTUM OF A DECISION - Um\u011bleckopr\u016fmyslov\u00e9 museum v Praze<\/title>\n<meta name=\"description\" content=\"An English\u2013Czech publication by the Museum of Decorative Arts in Prague, released for the XXIV Triennale di Milano of Design and Architecture, explores the theme Inequalities \/ Nerovnosti through the lens of homelessness. Curators Karol\u00edna Kripnerov\u00e1 and Janek Rous view the housing system as a fragile, living organism\u2014failing in metropolises worldwide. They imagine Prague as a laboratory where today\u2019s social \u201ctreatments\u201d might begin to heal these ailing cities.Alongside their essays, the book features literary works by Anki, Kl\u00e1ra Vlas\u00e1kov\u00e1, Kolektiv Pr\u00e1delna, Patrik Banga, Maria Siv\u00e1kov\u00e1, Dana Li\u0161kov\u00e1, Eva Dani\u0161ov\u00e1, and Marie Ilja\u0161enko, voices that speak from lived experience. Illustrations by Magdalena Rutov\u00e1 and graphic design by Jan \u010cumlivski complete the edition.Concept &amp; Texts \u2013 Karol\u00edna Kripnerov\u00e1, Janek RousIllustrations \u2013 Magdalena Rutov\u00e1Graphic Design \u2013 Jan \u010cumlivskiLanguage \u2013 English\u2013CzechPages \u2013 219Publisher \u2013 Museum of Decorative Arts in Prague (UPM)\" \/>\n<meta name=\"robots\" content=\"index, follow, max-snippet:-1, max-image-preview:large, max-video-preview:-1\" \/>\n<link rel=\"canonical\" href=\"https:\/\/www.upm.cz\/an\/eshop\/the-momentum-of-a-decision-kopirovat\/\" \/>\n<meta property=\"og:locale\" content=\"en_US\" \/>\n<meta property=\"og:type\" content=\"article\" \/>\n<meta property=\"og:title\" content=\"THE MOMENTUM OF A DECISION - Um\u011bleckopr\u016fmyslov\u00e9 museum v Praze\" \/>\n<meta property=\"og:description\" content=\"An English\u2013Czech publication by the Museum of Decorative Arts in Prague, released for the XXIV Triennale di Milano of Design and Architecture, explores the theme Inequalities \/ Nerovnosti through the lens of homelessness. Curators Karol\u00edna Kripnerov\u00e1 and Janek Rous view the housing system as a fragile, living organism\u2014failing in metropolises worldwide. They imagine Prague as a laboratory where today\u2019s social \u201ctreatments\u201d might begin to heal these ailing cities.Alongside their essays, the book features literary works by Anki, Kl\u00e1ra Vlas\u00e1kov\u00e1, Kolektiv Pr\u00e1delna, Patrik Banga, Maria Siv\u00e1kov\u00e1, Dana Li\u0161kov\u00e1, Eva Dani\u0161ov\u00e1, and Marie Ilja\u0161enko, voices that speak from lived experience. Illustrations by Magdalena Rutov\u00e1 and graphic design by Jan \u010cumlivski complete the edition.Concept &amp; Texts \u2013 Karol\u00edna Kripnerov\u00e1, Janek RousIllustrations \u2013 Magdalena Rutov\u00e1Graphic Design \u2013 Jan \u010cumlivskiLanguage \u2013 English\u2013CzechPages \u2013 219Publisher \u2013 Museum of Decorative Arts in Prague (UPM)\" \/>\n<meta property=\"og:url\" content=\"https:\/\/www.upm.cz\/an\/eshop\/the-momentum-of-a-decision-kopirovat\/\" \/>\n<meta property=\"og:site_name\" content=\"Um\u011bleckopr\u016fmyslov\u00e9 museum v Praze\" \/>\n<meta property=\"article:modified_time\" content=\"2026-01-30T11:28:19+00:00\" \/>\n<meta property=\"og:image\" content=\"https:\/\/www.upm.cz\/wp-content\/uploads\/momentum_cover_Page_001.jpg\" \/>\n\t<meta property=\"og:image:width\" content=\"1229\" \/>\n\t<meta property=\"og:image:height\" content=\"1749\" \/>\n\t<meta property=\"og:image:type\" content=\"image\/jpeg\" \/>\n<meta name=\"twitter:card\" content=\"summary_large_image\" \/>\n<meta name=\"twitter:label1\" content=\"Est. reading time\" \/>\n\t<meta name=\"twitter:data1\" content=\"1 minute\" \/>\n<script type=\"application\/ld+json\" class=\"yoast-schema-graph\">{\"@context\":\"https:\/\/schema.org\",\"@graph\":[{\"@type\":\"WebPage\",\"@id\":\"https:\/\/www.upm.cz\/eshop\/the-momentum-of-a-decision-kopirovat\/\",\"url\":\"https:\/\/www.upm.cz\/eshop\/the-momentum-of-a-decision-kopirovat\/\",\"name\":\"THE MOMENTUM OF A DECISION - Um\u011bleckopr\u016fmyslov\u00e9 museum v Praze\",\"isPartOf\":{\"@id\":\"https:\/\/www.upm.cz\/#website\"},\"primaryImageOfPage\":{\"@id\":\"https:\/\/www.upm.cz\/eshop\/the-momentum-of-a-decision-kopirovat\/#primaryimage\"},\"image\":{\"@id\":\"https:\/\/www.upm.cz\/eshop\/the-momentum-of-a-decision-kopirovat\/#primaryimage\"},\"thumbnailUrl\":\"https:\/\/www.upm.cz\/wp-content\/uploads\/momentum_cover_Page_001.jpg\",\"datePublished\":\"2025-10-20T15:58:39+00:00\",\"dateModified\":\"2026-01-30T11:28:19+00:00\",\"description\":\"An English\u2013Czech publication by the Museum of Decorative Arts in Prague, released for the XXIV Triennale di Milano of Design and Architecture, explores the theme Inequalities \/ Nerovnosti through the lens of homelessness. Curators Karol\u00edna Kripnerov\u00e1 and Janek Rous view the housing system as a fragile, living organism\u2014failing in metropolises worldwide. They imagine Prague as a laboratory where today\u2019s social \u201ctreatments\u201d might begin to heal these ailing cities.Alongside their essays, the book features literary works by Anki, Kl\u00e1ra Vlas\u00e1kov\u00e1, Kolektiv Pr\u00e1delna, Patrik Banga, Maria Siv\u00e1kov\u00e1, Dana Li\u0161kov\u00e1, Eva Dani\u0161ov\u00e1, and Marie Ilja\u0161enko, voices that speak from lived experience. Illustrations by Magdalena Rutov\u00e1 and graphic design by Jan \u010cumlivski complete the edition.Concept & Texts \u2013 Karol\u00edna Kripnerov\u00e1, Janek RousIllustrations \u2013 Magdalena Rutov\u00e1Graphic Design \u2013 Jan \u010cumlivskiLanguage \u2013 English\u2013CzechPages \u2013 219Publisher \u2013 Museum of Decorative Arts in Prague (UPM)\",\"breadcrumb\":{\"@id\":\"https:\/\/www.upm.cz\/eshop\/the-momentum-of-a-decision-kopirovat\/#breadcrumb\"},\"inLanguage\":\"en-US\",\"potentialAction\":[{\"@type\":\"ReadAction\",\"target\":[\"https:\/\/www.upm.cz\/eshop\/the-momentum-of-a-decision-kopirovat\/\"]}]},{\"@type\":\"ImageObject\",\"inLanguage\":\"en-US\",\"@id\":\"https:\/\/www.upm.cz\/eshop\/the-momentum-of-a-decision-kopirovat\/#primaryimage\",\"url\":\"https:\/\/www.upm.cz\/wp-content\/uploads\/momentum_cover_Page_001.jpg\",\"contentUrl\":\"https:\/\/www.upm.cz\/wp-content\/uploads\/momentum_cover_Page_001.jpg\",\"width\":1229,\"height\":1749,\"caption\":\"Ob\u00e1lka knihy The Momentum of Decision\"},{\"@type\":\"BreadcrumbList\",\"@id\":\"https:\/\/www.upm.cz\/eshop\/the-momentum-of-a-decision-kopirovat\/#breadcrumb\",\"itemListElement\":[{\"@type\":\"ListItem\",\"position\":1,\"name\":\"Dom\u016f\",\"item\":\"https:\/\/www.upm.cz\/\"},{\"@type\":\"ListItem\",\"position\":2,\"name\":\"eshop\",\"item\":\"https:\/\/www.upm.cz\/eshop\/\"},{\"@type\":\"ListItem\",\"position\":3,\"name\":\"THE MOMENTUM OF A DECISION\"}]},{\"@type\":\"WebSite\",\"@id\":\"https:\/\/www.upm.cz\/#website\",\"url\":\"https:\/\/www.upm.cz\/\",\"name\":\"Um\u011bleckopr\u016fmyslov\u00e9 museum v Praze\",\"description\":\"\",\"publisher\":{\"@id\":\"https:\/\/www.upm.cz\/#organization\"},\"potentialAction\":[{\"@type\":\"SearchAction\",\"target\":{\"@type\":\"EntryPoint\",\"urlTemplate\":\"https:\/\/www.upm.cz\/?s={search_term_string}\"},\"query-input\":{\"@type\":\"PropertyValueSpecification\",\"valueRequired\":true,\"valueName\":\"search_term_string\"}}],\"inLanguage\":\"en-US\"},{\"@type\":\"Organization\",\"@id\":\"https:\/\/www.upm.cz\/#organization\",\"name\":\"Um\u011bleckopr\u016fmyslov\u00e9 museum v Praze\",\"url\":\"https:\/\/www.upm.cz\/\",\"logo\":{\"@type\":\"ImageObject\",\"inLanguage\":\"en-US\",\"@id\":\"https:\/\/www.upm.cz\/#\/schema\/logo\/image\/\",\"url\":\"https:\/\/www.upm.cz\/wp-content\/uploads\/2020\/03\/logo_upm_cz.svg\",\"contentUrl\":\"https:\/\/www.upm.cz\/wp-content\/uploads\/2020\/03\/logo_upm_cz.svg\",\"width\":1736,\"height\":295,\"caption\":\"Um\u011bleckopr\u016fmyslov\u00e9 museum v Praze\"},\"image\":{\"@id\":\"https:\/\/www.upm.cz\/#\/schema\/logo\/image\/\"}}]}<\/script>\n<!-- \/ Yoast SEO plugin. -->","yoast_head_json":{"title":"THE MOMENTUM OF A DECISION - Um\u011bleckopr\u016fmyslov\u00e9 museum v Praze","description":"An English\u2013Czech publication by the Museum of Decorative Arts in Prague, released for the XXIV Triennale di Milano of Design and Architecture, explores the theme Inequalities \/ Nerovnosti through the lens of homelessness. Curators Karol\u00edna Kripnerov\u00e1 and Janek Rous view the housing system as a fragile, living organism\u2014failing in metropolises worldwide. They imagine Prague as a laboratory where today\u2019s social \u201ctreatments\u201d might begin to heal these ailing cities.Alongside their essays, the book features literary works by Anki, Kl\u00e1ra Vlas\u00e1kov\u00e1, Kolektiv Pr\u00e1delna, Patrik Banga, Maria Siv\u00e1kov\u00e1, Dana Li\u0161kov\u00e1, Eva Dani\u0161ov\u00e1, and Marie Ilja\u0161enko, voices that speak from lived experience. Illustrations by Magdalena Rutov\u00e1 and graphic design by Jan \u010cumlivski complete the edition.Concept & Texts \u2013 Karol\u00edna Kripnerov\u00e1, Janek RousIllustrations \u2013 Magdalena Rutov\u00e1Graphic Design \u2013 Jan \u010cumlivskiLanguage \u2013 English\u2013CzechPages \u2013 219Publisher \u2013 Museum of Decorative Arts in Prague (UPM)","robots":{"index":"index","follow":"follow","max-snippet":"max-snippet:-1","max-image-preview":"max-image-preview:large","max-video-preview":"max-video-preview:-1"},"canonical":"https:\/\/www.upm.cz\/an\/eshop\/the-momentum-of-a-decision-kopirovat\/","og_locale":"en_US","og_type":"article","og_title":"THE MOMENTUM OF A DECISION - Um\u011bleckopr\u016fmyslov\u00e9 museum v Praze","og_description":"An English\u2013Czech publication by the Museum of Decorative Arts in Prague, released for the XXIV Triennale di Milano of Design and Architecture, explores the theme Inequalities \/ Nerovnosti through the lens of homelessness. Curators Karol\u00edna Kripnerov\u00e1 and Janek Rous view the housing system as a fragile, living organism\u2014failing in metropolises worldwide. They imagine Prague as a laboratory where today\u2019s social \u201ctreatments\u201d might begin to heal these ailing cities.Alongside their essays, the book features literary works by Anki, Kl\u00e1ra Vlas\u00e1kov\u00e1, Kolektiv Pr\u00e1delna, Patrik Banga, Maria Siv\u00e1kov\u00e1, Dana Li\u0161kov\u00e1, Eva Dani\u0161ov\u00e1, and Marie Ilja\u0161enko, voices that speak from lived experience. Illustrations by Magdalena Rutov\u00e1 and graphic design by Jan \u010cumlivski complete the edition.Concept & Texts \u2013 Karol\u00edna Kripnerov\u00e1, Janek RousIllustrations \u2013 Magdalena Rutov\u00e1Graphic Design \u2013 Jan \u010cumlivskiLanguage \u2013 English\u2013CzechPages \u2013 219Publisher \u2013 Museum of Decorative Arts in Prague (UPM)","og_url":"https:\/\/www.upm.cz\/an\/eshop\/the-momentum-of-a-decision-kopirovat\/","og_site_name":"Um\u011bleckopr\u016fmyslov\u00e9 museum v Praze","article_modified_time":"2026-01-30T11:28:19+00:00","og_image":[{"width":1229,"height":1749,"url":"https:\/\/www.upm.cz\/wp-content\/uploads\/momentum_cover_Page_001.jpg","type":"image\/jpeg"}],"twitter_card":"summary_large_image","twitter_misc":{"Est. reading time":"1 minute"},"schema":{"@context":"https:\/\/schema.org","@graph":[{"@type":"WebPage","@id":"https:\/\/www.upm.cz\/eshop\/the-momentum-of-a-decision-kopirovat\/","url":"https:\/\/www.upm.cz\/eshop\/the-momentum-of-a-decision-kopirovat\/","name":"THE MOMENTUM OF A DECISION - Um\u011bleckopr\u016fmyslov\u00e9 museum v Praze","isPartOf":{"@id":"https:\/\/www.upm.cz\/#website"},"primaryImageOfPage":{"@id":"https:\/\/www.upm.cz\/eshop\/the-momentum-of-a-decision-kopirovat\/#primaryimage"},"image":{"@id":"https:\/\/www.upm.cz\/eshop\/the-momentum-of-a-decision-kopirovat\/#primaryimage"},"thumbnailUrl":"https:\/\/www.upm.cz\/wp-content\/uploads\/momentum_cover_Page_001.jpg","datePublished":"2025-10-20T15:58:39+00:00","dateModified":"2026-01-30T11:28:19+00:00","description":"An English\u2013Czech publication by the Museum of Decorative Arts in Prague, released for the XXIV Triennale di Milano of Design and Architecture, explores the theme Inequalities \/ Nerovnosti through the lens of homelessness. Curators Karol\u00edna Kripnerov\u00e1 and Janek Rous view the housing system as a fragile, living organism\u2014failing in metropolises worldwide. They imagine Prague as a laboratory where today\u2019s social \u201ctreatments\u201d might begin to heal these ailing cities.Alongside their essays, the book features literary works by Anki, Kl\u00e1ra Vlas\u00e1kov\u00e1, Kolektiv Pr\u00e1delna, Patrik Banga, Maria Siv\u00e1kov\u00e1, Dana Li\u0161kov\u00e1, Eva Dani\u0161ov\u00e1, and Marie Ilja\u0161enko, voices that speak from lived experience. Illustrations by Magdalena Rutov\u00e1 and graphic design by Jan \u010cumlivski complete the edition.Concept & Texts \u2013 Karol\u00edna Kripnerov\u00e1, Janek RousIllustrations \u2013 Magdalena Rutov\u00e1Graphic Design \u2013 Jan \u010cumlivskiLanguage \u2013 English\u2013CzechPages \u2013 219Publisher \u2013 Museum of Decorative Arts in Prague (UPM)","breadcrumb":{"@id":"https:\/\/www.upm.cz\/eshop\/the-momentum-of-a-decision-kopirovat\/#breadcrumb"},"inLanguage":"en-US","potentialAction":[{"@type":"ReadAction","target":["https:\/\/www.upm.cz\/eshop\/the-momentum-of-a-decision-kopirovat\/"]}]},{"@type":"ImageObject","inLanguage":"en-US","@id":"https:\/\/www.upm.cz\/eshop\/the-momentum-of-a-decision-kopirovat\/#primaryimage","url":"https:\/\/www.upm.cz\/wp-content\/uploads\/momentum_cover_Page_001.jpg","contentUrl":"https:\/\/www.upm.cz\/wp-content\/uploads\/momentum_cover_Page_001.jpg","width":1229,"height":1749,"caption":"Ob\u00e1lka knihy The Momentum of Decision"},{"@type":"BreadcrumbList","@id":"https:\/\/www.upm.cz\/eshop\/the-momentum-of-a-decision-kopirovat\/#breadcrumb","itemListElement":[{"@type":"ListItem","position":1,"name":"Dom\u016f","item":"https:\/\/www.upm.cz\/"},{"@type":"ListItem","position":2,"name":"eshop","item":"https:\/\/www.upm.cz\/eshop\/"},{"@type":"ListItem","position":3,"name":"THE MOMENTUM OF A DECISION"}]},{"@type":"WebSite","@id":"https:\/\/www.upm.cz\/#website","url":"https:\/\/www.upm.cz\/","name":"Um\u011bleckopr\u016fmyslov\u00e9 museum v Praze","description":"","publisher":{"@id":"https:\/\/www.upm.cz\/#organization"},"potentialAction":[{"@type":"SearchAction","target":{"@type":"EntryPoint","urlTemplate":"https:\/\/www.upm.cz\/?s={search_term_string}"},"query-input":{"@type":"PropertyValueSpecification","valueRequired":true,"valueName":"search_term_string"}}],"inLanguage":"en-US"},{"@type":"Organization","@id":"https:\/\/www.upm.cz\/#organization","name":"Um\u011bleckopr\u016fmyslov\u00e9 museum v Praze","url":"https:\/\/www.upm.cz\/","logo":{"@type":"ImageObject","inLanguage":"en-US","@id":"https:\/\/www.upm.cz\/#\/schema\/logo\/image\/","url":"https:\/\/www.upm.cz\/wp-content\/uploads\/2020\/03\/logo_upm_cz.svg","contentUrl":"https:\/\/www.upm.cz\/wp-content\/uploads\/2020\/03\/logo_upm_cz.svg","width":1736,"height":295,"caption":"Um\u011bleckopr\u016fmyslov\u00e9 museum v Praze"},"image":{"@id":"https:\/\/www.upm.cz\/#\/schema\/logo\/image\/"}}]}},"_links":{"self":[{"href":"https:\/\/www.upm.cz\/an\/wp-json\/wp\/v2\/product\/23964","targetHints":{"allow":["GET"]}}],"collection":[{"href":"https:\/\/www.upm.cz\/an\/wp-json\/wp\/v2\/product"}],"about":[{"href":"https:\/\/www.upm.cz\/an\/wp-json\/wp\/v2\/types\/product"}],"wp:featuredmedia":[{"embeddable":true,"href":"https:\/\/www.upm.cz\/an\/wp-json\/wp\/v2\/media\/23965"}],"wp:attachment":[{"href":"https:\/\/www.upm.cz\/an\/wp-json\/wp\/v2\/media?parent=23964"}],"wp:term":[{"taxonomy":"product_brand","embeddable":true,"href":"https:\/\/www.upm.cz\/an\/wp-json\/wp\/v2\/product_brand?post=23964"},{"taxonomy":"product_cat","embeddable":true,"href":"https:\/\/www.upm.cz\/an\/wp-json\/wp\/v2\/product_cat?post=23964"},{"taxonomy":"product_tag","embeddable":true,"href":"https:\/\/www.upm.cz\/an\/wp-json\/wp\/v2\/product_tag?post=23964"}],"curies":[{"name":"wp","href":"https:\/\/api.w.org\/{rel}","templated":true}]}}