{"id":24250,"date":"2025-12-02T12:48:53","date_gmt":"2025-12-02T11:48:53","guid":{"rendered":"https:\/\/www.upm.cz\/?post_type=product&#038;p=24250"},"modified":"2025-12-24T23:43:13","modified_gmt":"2025-12-24T22:43:13","slug":"renesancni-sklo-a-evropska-tvorba-v-pozdnim-benatskem-stylu","status":"publish","type":"product","link":"https:\/\/www.upm.cz\/an\/eshop\/renesancni-sklo-a-evropska-tvorba-v-pozdnim-benatskem-stylu\/","title":{"rendered":"RENESAN\u010cN\u00cd SKLO A&nbsp;EVROPSK\u00c1 TVORBA V&nbsp;POZDN\u00cdM BEN\u00c1TSK\u00c9M STYLU"},"content":{"rendered":"<p>Kniha je sou\u010d\u00e1st\u00ed dlouhodob\u00e9ho v\u00fdzkumu Lannovy sb\u00edrky skla v&nbsp;Um\u011bleckopr\u016fmyslov\u00e9m museu v&nbsp;Praze, kterou Vojt\u011bch Lanna \u2013 jeden ze zakladatel\u016f a&nbsp;nejv\u00fdznamn\u011bj\u0161\u00edch mecen\u00e1\u0161\u016f muzea \u2013 v\u011bnoval instituci v&nbsp;roce 1906, \u010d\u00edm\u017e ji pov\u00fd\u0161il mezi p\u0159edn\u00ed evropsk\u00e9 sb\u00edrkotvorn\u00e9 \u00fastavy. Navazuje na p\u0159edchoz\u00ed publikace v\u011bnovan\u00e9 antick\u00e9mu a&nbsp;st\u0159edov\u011bk\u00e9mu sklu a&nbsp;nab\u00edz\u00ed ucelen\u00fd pohled na v\u00fdvoj italsk\u00e9ho renesan\u010dn\u00edho skl\u00e1\u0159stv\u00ed i&nbsp;evropsk\u00e9 produkce skla v&nbsp;ben\u00e1tsk\u00e9m stylu, jeho\u017e v\u00fdroba a&nbsp;tvaroslov\u00ed p\u0159etrvaly v&nbsp;\u0159ad\u011b skl\u00e1\u0159sk\u00fdch center a\u017e hluboko do baroka. Zvl\u00e1\u0161tn\u00ed pozornost v\u011bnuje \u010desk\u00e9mu a&nbsp;n\u011bmeck\u00e9mu sklu malovan\u00e9mu emailov\u00fdmi barvami, kter\u00e9 v&nbsp;renesan\u010dn\u00ed tradici pokra\u010dovalo je\u0161t\u011b v&nbsp;17.&nbsp;a&nbsp;18.&nbsp;stolet\u00ed, a&nbsp;tak\u00e9 souboru podmaleb na skle \u2013 sv\u00e9bytn\u00e9 a&nbsp;\u010dasto opom\u00edjen\u00e9 kapitole renesan\u010dn\u00edho um\u011bn\u00ed.<\/p>","protected":false},"excerpt":{"rendered":"<p>Editorka: Jana \u010cernovsk\u00e1<br \/>\nTexty: Helena Bro\u017ekov\u00e1, Jana \u010cernovsk\u00e1, Jan Sch\u00f6ttner, Filip Wittlich<br \/>\nOdborn\u00e1 spolupr\u00e1ce: Reino Liefkes (Voctoria&#038;Albert Museum, Lond\u00fdn)<br \/>\nFotografie: Gabriel Urb\u00e1nek<br \/>\nGrafick\u00fd design: Rostislav Van\u011bk, Michal Kopeck\u00fd<br \/>\nVydavatel: UPM<\/p>\n<p>ISBN 978-80-7101-215-3<\/p>","protected":false},"featured_media":24248,"template":"","meta":{"_acf_changed":false},"product_brand":[],"product_cat":[45],"product_tag":[],"class_list":{"0":"post-24250","1":"product","2":"type-product","3":"status-publish","4":"has-post-thumbnail","6":"product_cat-knihy","8":"first","9":"instock","10":"shipping-taxable","11":"purchasable","12":"product-type-simple"},"acf":[],"yoast_head":"<!-- This site is optimized with the Yoast SEO plugin v26.9 - https:\/\/yoast.com\/product\/yoast-seo-wordpress\/ -->\n<title>RENESAN\u010cN\u00cd SKLO A EVROPSK\u00c1 TVORBA V POZDN\u00cdM BEN\u00c1TSK\u00c9M STYLU - Um\u011bleckopr\u016fmyslov\u00e9 museum v Praze<\/title>\n<meta name=\"description\" content=\"Kniha je sou\u010d\u00e1st\u00ed dlouhodob\u00e9ho v\u00fdzkumu Lannovy sb\u00edrky skla v Um\u011bleckopr\u016fmyslov\u00e9m museu v Praze, kterou Vojt\u011bch Lanna \u2013 jeden ze zakladatel\u016f a nejv\u00fdznamn\u011bj\u0161\u00edch mecen\u00e1\u0161\u016f muzea \u2013 v\u011bnoval instituci v roce 1906, \u010d\u00edm\u017e ji pov\u00fd\u0161il mezi p\u0159edn\u00ed evropsk\u00e9 sb\u00edrkotvorn\u00e9 \u00fastavy. Navazuje na p\u0159edchoz\u00ed publikace v\u011bnovan\u00e9 antick\u00e9mu a st\u0159edov\u011bk\u00e9mu sklu a nab\u00edz\u00ed ucelen\u00fd pohled na v\u00fdvoj italsk\u00e9ho renesan\u010dn\u00edho skl\u00e1\u0159stv\u00ed i evropsk\u00e9 produkce skla v ben\u00e1tsk\u00e9m stylu, jeho\u017e v\u00fdroba a tvaroslov\u00ed p\u0159etrvaly v \u0159ad\u011b skl\u00e1\u0159sk\u00fdch center a\u017e hluboko do baroka. Zvl\u00e1\u0161tn\u00ed pozornost v\u011bnuje \u010desk\u00e9mu a n\u011bmeck\u00e9mu sklu malovan\u00e9mu emailov\u00fdmi barvami, kter\u00e9 v renesan\u010dn\u00ed tradici pokra\u010dovalo je\u0161t\u011b v 17. a 18. stolet\u00ed, a tak\u00e9 souboru podmaleb na skle \u2013 sv\u00e9bytn\u00e9 a \u010dasto opom\u00edjen\u00e9 kapitole renesan\u010dn\u00edho um\u011bn\u00ed.\" \/>\n<meta name=\"robots\" content=\"index, follow, max-snippet:-1, max-image-preview:large, max-video-preview:-1\" \/>\n<link rel=\"canonical\" href=\"https:\/\/www.upm.cz\/an\/eshop\/renesancni-sklo-a-evropska-tvorba-v-pozdnim-benatskem-stylu\/\" \/>\n<meta property=\"og:locale\" content=\"en_US\" \/>\n<meta property=\"og:type\" content=\"article\" \/>\n<meta property=\"og:title\" content=\"RENESAN\u010cN\u00cd SKLO A EVROPSK\u00c1 TVORBA V POZDN\u00cdM BEN\u00c1TSK\u00c9M STYLU - Um\u011bleckopr\u016fmyslov\u00e9 museum v Praze\" \/>\n<meta property=\"og:description\" content=\"Kniha je sou\u010d\u00e1st\u00ed dlouhodob\u00e9ho v\u00fdzkumu Lannovy sb\u00edrky skla v Um\u011bleckopr\u016fmyslov\u00e9m museu v Praze, kterou Vojt\u011bch Lanna \u2013 jeden ze zakladatel\u016f a nejv\u00fdznamn\u011bj\u0161\u00edch mecen\u00e1\u0161\u016f muzea \u2013 v\u011bnoval instituci v roce 1906, \u010d\u00edm\u017e ji pov\u00fd\u0161il mezi p\u0159edn\u00ed evropsk\u00e9 sb\u00edrkotvorn\u00e9 \u00fastavy. Navazuje na p\u0159edchoz\u00ed publikace v\u011bnovan\u00e9 antick\u00e9mu a st\u0159edov\u011bk\u00e9mu sklu a nab\u00edz\u00ed ucelen\u00fd pohled na v\u00fdvoj italsk\u00e9ho renesan\u010dn\u00edho skl\u00e1\u0159stv\u00ed i evropsk\u00e9 produkce skla v ben\u00e1tsk\u00e9m stylu, jeho\u017e v\u00fdroba a tvaroslov\u00ed p\u0159etrvaly v \u0159ad\u011b skl\u00e1\u0159sk\u00fdch center a\u017e hluboko do baroka. Zvl\u00e1\u0161tn\u00ed pozornost v\u011bnuje \u010desk\u00e9mu a n\u011bmeck\u00e9mu sklu malovan\u00e9mu emailov\u00fdmi barvami, kter\u00e9 v renesan\u010dn\u00ed tradici pokra\u010dovalo je\u0161t\u011b v 17. a 18. stolet\u00ed, a tak\u00e9 souboru podmaleb na skle \u2013 sv\u00e9bytn\u00e9 a \u010dasto opom\u00edjen\u00e9 kapitole renesan\u010dn\u00edho um\u011bn\u00ed.\" \/>\n<meta property=\"og:url\" content=\"https:\/\/www.upm.cz\/an\/eshop\/renesancni-sklo-a-evropska-tvorba-v-pozdnim-benatskem-stylu\/\" \/>\n<meta property=\"og:site_name\" content=\"Um\u011bleckopr\u016fmyslov\u00e9 museum v Praze\" \/>\n<meta property=\"article:modified_time\" content=\"2025-12-24T22:43:13+00:00\" \/>\n<meta property=\"og:image\" content=\"https:\/\/www.upm.cz\/wp-content\/uploads\/Resancni_sklo_2655-scaled.jpg\" \/>\n\t<meta property=\"og:image:width\" content=\"1949\" \/>\n\t<meta property=\"og:image:height\" content=\"2560\" \/>\n\t<meta property=\"og:image:type\" content=\"image\/jpeg\" \/>\n<meta name=\"twitter:card\" content=\"summary_large_image\" \/>\n<meta name=\"twitter:label1\" content=\"Est. reading time\" \/>\n\t<meta name=\"twitter:data1\" content=\"2 minutes\" \/>\n<script type=\"application\/ld+json\" class=\"yoast-schema-graph\">{\"@context\":\"https:\/\/schema.org\",\"@graph\":[{\"@type\":\"WebPage\",\"@id\":\"https:\/\/www.upm.cz\/eshop\/renesancni-sklo-a-evropska-tvorba-v-pozdnim-benatskem-stylu\/\",\"url\":\"https:\/\/www.upm.cz\/eshop\/renesancni-sklo-a-evropska-tvorba-v-pozdnim-benatskem-stylu\/\",\"name\":\"RENESAN\u010cN\u00cd SKLO A EVROPSK\u00c1 TVORBA V POZDN\u00cdM BEN\u00c1TSK\u00c9M STYLU - Um\u011bleckopr\u016fmyslov\u00e9 museum v Praze\",\"isPartOf\":{\"@id\":\"https:\/\/www.upm.cz\/#website\"},\"primaryImageOfPage\":{\"@id\":\"https:\/\/www.upm.cz\/eshop\/renesancni-sklo-a-evropska-tvorba-v-pozdnim-benatskem-stylu\/#primaryimage\"},\"image\":{\"@id\":\"https:\/\/www.upm.cz\/eshop\/renesancni-sklo-a-evropska-tvorba-v-pozdnim-benatskem-stylu\/#primaryimage\"},\"thumbnailUrl\":\"https:\/\/www.upm.cz\/wp-content\/uploads\/Resancni_sklo_2655-scaled.jpg\",\"datePublished\":\"2025-12-02T11:48:53+00:00\",\"dateModified\":\"2025-12-24T22:43:13+00:00\",\"description\":\"Kniha je sou\u010d\u00e1st\u00ed dlouhodob\u00e9ho v\u00fdzkumu Lannovy sb\u00edrky skla v Um\u011bleckopr\u016fmyslov\u00e9m museu v Praze, kterou Vojt\u011bch Lanna \u2013 jeden ze zakladatel\u016f a nejv\u00fdznamn\u011bj\u0161\u00edch mecen\u00e1\u0161\u016f muzea \u2013 v\u011bnoval instituci v roce 1906, \u010d\u00edm\u017e ji pov\u00fd\u0161il mezi p\u0159edn\u00ed evropsk\u00e9 sb\u00edrkotvorn\u00e9 \u00fastavy. Navazuje na p\u0159edchoz\u00ed publikace v\u011bnovan\u00e9 antick\u00e9mu a st\u0159edov\u011bk\u00e9mu sklu a nab\u00edz\u00ed ucelen\u00fd pohled na v\u00fdvoj italsk\u00e9ho renesan\u010dn\u00edho skl\u00e1\u0159stv\u00ed i evropsk\u00e9 produkce skla v ben\u00e1tsk\u00e9m stylu, jeho\u017e v\u00fdroba a tvaroslov\u00ed p\u0159etrvaly v \u0159ad\u011b skl\u00e1\u0159sk\u00fdch center a\u017e hluboko do baroka. Zvl\u00e1\u0161tn\u00ed pozornost v\u011bnuje \u010desk\u00e9mu a n\u011bmeck\u00e9mu sklu malovan\u00e9mu emailov\u00fdmi barvami, kter\u00e9 v renesan\u010dn\u00ed tradici pokra\u010dovalo je\u0161t\u011b v 17. a 18. stolet\u00ed, a tak\u00e9 souboru podmaleb na skle \u2013 sv\u00e9bytn\u00e9 a \u010dasto opom\u00edjen\u00e9 kapitole renesan\u010dn\u00edho um\u011bn\u00ed.\",\"breadcrumb\":{\"@id\":\"https:\/\/www.upm.cz\/eshop\/renesancni-sklo-a-evropska-tvorba-v-pozdnim-benatskem-stylu\/#breadcrumb\"},\"inLanguage\":\"en-US\",\"potentialAction\":[{\"@type\":\"ReadAction\",\"target\":[\"https:\/\/www.upm.cz\/eshop\/renesancni-sklo-a-evropska-tvorba-v-pozdnim-benatskem-stylu\/\"]}]},{\"@type\":\"ImageObject\",\"inLanguage\":\"en-US\",\"@id\":\"https:\/\/www.upm.cz\/eshop\/renesancni-sklo-a-evropska-tvorba-v-pozdnim-benatskem-stylu\/#primaryimage\",\"url\":\"https:\/\/www.upm.cz\/wp-content\/uploads\/Resancni_sklo_2655-scaled.jpg\",\"contentUrl\":\"https:\/\/www.upm.cz\/wp-content\/uploads\/Resancni_sklo_2655-scaled.jpg\",\"width\":1949,\"height\":2560,\"caption\":\"Renesan\u010dn\u00ed sklo\"},{\"@type\":\"BreadcrumbList\",\"@id\":\"https:\/\/www.upm.cz\/eshop\/renesancni-sklo-a-evropska-tvorba-v-pozdnim-benatskem-stylu\/#breadcrumb\",\"itemListElement\":[{\"@type\":\"ListItem\",\"position\":1,\"name\":\"Dom\u016f\",\"item\":\"https:\/\/www.upm.cz\/\"},{\"@type\":\"ListItem\",\"position\":2,\"name\":\"eshop\",\"item\":\"https:\/\/www.upm.cz\/eshop\/\"},{\"@type\":\"ListItem\",\"position\":3,\"name\":\"RENESAN\u010cN\u00cd SKLO A EVROPSK\u00c1 TVORBA V POZDN\u00cdM BEN\u00c1TSK\u00c9M STYLU\"}]},{\"@type\":\"WebSite\",\"@id\":\"https:\/\/www.upm.cz\/#website\",\"url\":\"https:\/\/www.upm.cz\/\",\"name\":\"Um\u011bleckopr\u016fmyslov\u00e9 museum v Praze\",\"description\":\"\",\"publisher\":{\"@id\":\"https:\/\/www.upm.cz\/#organization\"},\"potentialAction\":[{\"@type\":\"SearchAction\",\"target\":{\"@type\":\"EntryPoint\",\"urlTemplate\":\"https:\/\/www.upm.cz\/?s={search_term_string}\"},\"query-input\":{\"@type\":\"PropertyValueSpecification\",\"valueRequired\":true,\"valueName\":\"search_term_string\"}}],\"inLanguage\":\"en-US\"},{\"@type\":\"Organization\",\"@id\":\"https:\/\/www.upm.cz\/#organization\",\"name\":\"Um\u011bleckopr\u016fmyslov\u00e9 museum v Praze\",\"url\":\"https:\/\/www.upm.cz\/\",\"logo\":{\"@type\":\"ImageObject\",\"inLanguage\":\"en-US\",\"@id\":\"https:\/\/www.upm.cz\/#\/schema\/logo\/image\/\",\"url\":\"https:\/\/www.upm.cz\/wp-content\/uploads\/2020\/03\/logo_upm_cz.svg\",\"contentUrl\":\"https:\/\/www.upm.cz\/wp-content\/uploads\/2020\/03\/logo_upm_cz.svg\",\"width\":1736,\"height\":295,\"caption\":\"Um\u011bleckopr\u016fmyslov\u00e9 museum v Praze\"},\"image\":{\"@id\":\"https:\/\/www.upm.cz\/#\/schema\/logo\/image\/\"}}]}<\/script>\n<!-- \/ Yoast SEO plugin. -->","yoast_head_json":{"title":"RENESAN\u010cN\u00cd SKLO A EVROPSK\u00c1 TVORBA V POZDN\u00cdM BEN\u00c1TSK\u00c9M STYLU - Um\u011bleckopr\u016fmyslov\u00e9 museum v Praze","description":"Kniha je sou\u010d\u00e1st\u00ed dlouhodob\u00e9ho v\u00fdzkumu Lannovy sb\u00edrky skla v Um\u011bleckopr\u016fmyslov\u00e9m museu v Praze, kterou Vojt\u011bch Lanna \u2013 jeden ze zakladatel\u016f a nejv\u00fdznamn\u011bj\u0161\u00edch mecen\u00e1\u0161\u016f muzea \u2013 v\u011bnoval instituci v roce 1906, \u010d\u00edm\u017e ji pov\u00fd\u0161il mezi p\u0159edn\u00ed evropsk\u00e9 sb\u00edrkotvorn\u00e9 \u00fastavy. Navazuje na p\u0159edchoz\u00ed publikace v\u011bnovan\u00e9 antick\u00e9mu a st\u0159edov\u011bk\u00e9mu sklu a nab\u00edz\u00ed ucelen\u00fd pohled na v\u00fdvoj italsk\u00e9ho renesan\u010dn\u00edho skl\u00e1\u0159stv\u00ed i evropsk\u00e9 produkce skla v ben\u00e1tsk\u00e9m stylu, jeho\u017e v\u00fdroba a tvaroslov\u00ed p\u0159etrvaly v \u0159ad\u011b skl\u00e1\u0159sk\u00fdch center a\u017e hluboko do baroka. Zvl\u00e1\u0161tn\u00ed pozornost v\u011bnuje \u010desk\u00e9mu a n\u011bmeck\u00e9mu sklu malovan\u00e9mu emailov\u00fdmi barvami, kter\u00e9 v renesan\u010dn\u00ed tradici pokra\u010dovalo je\u0161t\u011b v 17. a 18. stolet\u00ed, a tak\u00e9 souboru podmaleb na skle \u2013 sv\u00e9bytn\u00e9 a \u010dasto opom\u00edjen\u00e9 kapitole renesan\u010dn\u00edho um\u011bn\u00ed.","robots":{"index":"index","follow":"follow","max-snippet":"max-snippet:-1","max-image-preview":"max-image-preview:large","max-video-preview":"max-video-preview:-1"},"canonical":"https:\/\/www.upm.cz\/an\/eshop\/renesancni-sklo-a-evropska-tvorba-v-pozdnim-benatskem-stylu\/","og_locale":"en_US","og_type":"article","og_title":"RENESAN\u010cN\u00cd SKLO A EVROPSK\u00c1 TVORBA V POZDN\u00cdM BEN\u00c1TSK\u00c9M STYLU - Um\u011bleckopr\u016fmyslov\u00e9 museum v Praze","og_description":"Kniha je sou\u010d\u00e1st\u00ed dlouhodob\u00e9ho v\u00fdzkumu Lannovy sb\u00edrky skla v Um\u011bleckopr\u016fmyslov\u00e9m museu v Praze, kterou Vojt\u011bch Lanna \u2013 jeden ze zakladatel\u016f a nejv\u00fdznamn\u011bj\u0161\u00edch mecen\u00e1\u0161\u016f muzea \u2013 v\u011bnoval instituci v roce 1906, \u010d\u00edm\u017e ji pov\u00fd\u0161il mezi p\u0159edn\u00ed evropsk\u00e9 sb\u00edrkotvorn\u00e9 \u00fastavy. Navazuje na p\u0159edchoz\u00ed publikace v\u011bnovan\u00e9 antick\u00e9mu a st\u0159edov\u011bk\u00e9mu sklu a nab\u00edz\u00ed ucelen\u00fd pohled na v\u00fdvoj italsk\u00e9ho renesan\u010dn\u00edho skl\u00e1\u0159stv\u00ed i evropsk\u00e9 produkce skla v ben\u00e1tsk\u00e9m stylu, jeho\u017e v\u00fdroba a tvaroslov\u00ed p\u0159etrvaly v \u0159ad\u011b skl\u00e1\u0159sk\u00fdch center a\u017e hluboko do baroka. Zvl\u00e1\u0161tn\u00ed pozornost v\u011bnuje \u010desk\u00e9mu a n\u011bmeck\u00e9mu sklu malovan\u00e9mu emailov\u00fdmi barvami, kter\u00e9 v renesan\u010dn\u00ed tradici pokra\u010dovalo je\u0161t\u011b v 17. a 18. stolet\u00ed, a tak\u00e9 souboru podmaleb na skle \u2013 sv\u00e9bytn\u00e9 a \u010dasto opom\u00edjen\u00e9 kapitole renesan\u010dn\u00edho um\u011bn\u00ed.","og_url":"https:\/\/www.upm.cz\/an\/eshop\/renesancni-sklo-a-evropska-tvorba-v-pozdnim-benatskem-stylu\/","og_site_name":"Um\u011bleckopr\u016fmyslov\u00e9 museum v Praze","article_modified_time":"2025-12-24T22:43:13+00:00","og_image":[{"width":1949,"height":2560,"url":"https:\/\/www.upm.cz\/wp-content\/uploads\/Resancni_sklo_2655-scaled.jpg","type":"image\/jpeg"}],"twitter_card":"summary_large_image","twitter_misc":{"Est. reading time":"2 minutes"},"schema":{"@context":"https:\/\/schema.org","@graph":[{"@type":"WebPage","@id":"https:\/\/www.upm.cz\/eshop\/renesancni-sklo-a-evropska-tvorba-v-pozdnim-benatskem-stylu\/","url":"https:\/\/www.upm.cz\/eshop\/renesancni-sklo-a-evropska-tvorba-v-pozdnim-benatskem-stylu\/","name":"RENESAN\u010cN\u00cd SKLO A EVROPSK\u00c1 TVORBA V POZDN\u00cdM BEN\u00c1TSK\u00c9M STYLU - Um\u011bleckopr\u016fmyslov\u00e9 museum v Praze","isPartOf":{"@id":"https:\/\/www.upm.cz\/#website"},"primaryImageOfPage":{"@id":"https:\/\/www.upm.cz\/eshop\/renesancni-sklo-a-evropska-tvorba-v-pozdnim-benatskem-stylu\/#primaryimage"},"image":{"@id":"https:\/\/www.upm.cz\/eshop\/renesancni-sklo-a-evropska-tvorba-v-pozdnim-benatskem-stylu\/#primaryimage"},"thumbnailUrl":"https:\/\/www.upm.cz\/wp-content\/uploads\/Resancni_sklo_2655-scaled.jpg","datePublished":"2025-12-02T11:48:53+00:00","dateModified":"2025-12-24T22:43:13+00:00","description":"Kniha je sou\u010d\u00e1st\u00ed dlouhodob\u00e9ho v\u00fdzkumu Lannovy sb\u00edrky skla v Um\u011bleckopr\u016fmyslov\u00e9m museu v Praze, kterou Vojt\u011bch Lanna \u2013 jeden ze zakladatel\u016f a nejv\u00fdznamn\u011bj\u0161\u00edch mecen\u00e1\u0161\u016f muzea \u2013 v\u011bnoval instituci v roce 1906, \u010d\u00edm\u017e ji pov\u00fd\u0161il mezi p\u0159edn\u00ed evropsk\u00e9 sb\u00edrkotvorn\u00e9 \u00fastavy. Navazuje na p\u0159edchoz\u00ed publikace v\u011bnovan\u00e9 antick\u00e9mu a st\u0159edov\u011bk\u00e9mu sklu a nab\u00edz\u00ed ucelen\u00fd pohled na v\u00fdvoj italsk\u00e9ho renesan\u010dn\u00edho skl\u00e1\u0159stv\u00ed i evropsk\u00e9 produkce skla v ben\u00e1tsk\u00e9m stylu, jeho\u017e v\u00fdroba a tvaroslov\u00ed p\u0159etrvaly v \u0159ad\u011b skl\u00e1\u0159sk\u00fdch center a\u017e hluboko do baroka. Zvl\u00e1\u0161tn\u00ed pozornost v\u011bnuje \u010desk\u00e9mu a n\u011bmeck\u00e9mu sklu malovan\u00e9mu emailov\u00fdmi barvami, kter\u00e9 v renesan\u010dn\u00ed tradici pokra\u010dovalo je\u0161t\u011b v 17. a 18. stolet\u00ed, a tak\u00e9 souboru podmaleb na skle \u2013 sv\u00e9bytn\u00e9 a \u010dasto opom\u00edjen\u00e9 kapitole renesan\u010dn\u00edho um\u011bn\u00ed.","breadcrumb":{"@id":"https:\/\/www.upm.cz\/eshop\/renesancni-sklo-a-evropska-tvorba-v-pozdnim-benatskem-stylu\/#breadcrumb"},"inLanguage":"en-US","potentialAction":[{"@type":"ReadAction","target":["https:\/\/www.upm.cz\/eshop\/renesancni-sklo-a-evropska-tvorba-v-pozdnim-benatskem-stylu\/"]}]},{"@type":"ImageObject","inLanguage":"en-US","@id":"https:\/\/www.upm.cz\/eshop\/renesancni-sklo-a-evropska-tvorba-v-pozdnim-benatskem-stylu\/#primaryimage","url":"https:\/\/www.upm.cz\/wp-content\/uploads\/Resancni_sklo_2655-scaled.jpg","contentUrl":"https:\/\/www.upm.cz\/wp-content\/uploads\/Resancni_sklo_2655-scaled.jpg","width":1949,"height":2560,"caption":"Renesan\u010dn\u00ed sklo"},{"@type":"BreadcrumbList","@id":"https:\/\/www.upm.cz\/eshop\/renesancni-sklo-a-evropska-tvorba-v-pozdnim-benatskem-stylu\/#breadcrumb","itemListElement":[{"@type":"ListItem","position":1,"name":"Dom\u016f","item":"https:\/\/www.upm.cz\/"},{"@type":"ListItem","position":2,"name":"eshop","item":"https:\/\/www.upm.cz\/eshop\/"},{"@type":"ListItem","position":3,"name":"RENESAN\u010cN\u00cd SKLO A EVROPSK\u00c1 TVORBA V POZDN\u00cdM BEN\u00c1TSK\u00c9M STYLU"}]},{"@type":"WebSite","@id":"https:\/\/www.upm.cz\/#website","url":"https:\/\/www.upm.cz\/","name":"Um\u011bleckopr\u016fmyslov\u00e9 museum v Praze","description":"","publisher":{"@id":"https:\/\/www.upm.cz\/#organization"},"potentialAction":[{"@type":"SearchAction","target":{"@type":"EntryPoint","urlTemplate":"https:\/\/www.upm.cz\/?s={search_term_string}"},"query-input":{"@type":"PropertyValueSpecification","valueRequired":true,"valueName":"search_term_string"}}],"inLanguage":"en-US"},{"@type":"Organization","@id":"https:\/\/www.upm.cz\/#organization","name":"Um\u011bleckopr\u016fmyslov\u00e9 museum v Praze","url":"https:\/\/www.upm.cz\/","logo":{"@type":"ImageObject","inLanguage":"en-US","@id":"https:\/\/www.upm.cz\/#\/schema\/logo\/image\/","url":"https:\/\/www.upm.cz\/wp-content\/uploads\/2020\/03\/logo_upm_cz.svg","contentUrl":"https:\/\/www.upm.cz\/wp-content\/uploads\/2020\/03\/logo_upm_cz.svg","width":1736,"height":295,"caption":"Um\u011bleckopr\u016fmyslov\u00e9 museum v Praze"},"image":{"@id":"https:\/\/www.upm.cz\/#\/schema\/logo\/image\/"}}]}},"_links":{"self":[{"href":"https:\/\/www.upm.cz\/an\/wp-json\/wp\/v2\/product\/24250","targetHints":{"allow":["GET"]}}],"collection":[{"href":"https:\/\/www.upm.cz\/an\/wp-json\/wp\/v2\/product"}],"about":[{"href":"https:\/\/www.upm.cz\/an\/wp-json\/wp\/v2\/types\/product"}],"wp:featuredmedia":[{"embeddable":true,"href":"https:\/\/www.upm.cz\/an\/wp-json\/wp\/v2\/media\/24248"}],"wp:attachment":[{"href":"https:\/\/www.upm.cz\/an\/wp-json\/wp\/v2\/media?parent=24250"}],"wp:term":[{"taxonomy":"product_brand","embeddable":true,"href":"https:\/\/www.upm.cz\/an\/wp-json\/wp\/v2\/product_brand?post=24250"},{"taxonomy":"product_cat","embeddable":true,"href":"https:\/\/www.upm.cz\/an\/wp-json\/wp\/v2\/product_cat?post=24250"},{"taxonomy":"product_tag","embeddable":true,"href":"https:\/\/www.upm.cz\/an\/wp-json\/wp\/v2\/product_tag?post=24250"}],"curies":[{"name":"wp","href":"https:\/\/api.w.org\/{rel}","templated":true}]}}