{"id":25453,"date":"2026-05-04T13:52:24","date_gmt":"2026-05-04T11:52:24","guid":{"rendered":"https:\/\/www.upm.cz\/?post_type=product&#038;p=25453"},"modified":"2026-05-04T14:15:37","modified_gmt":"2026-05-04T12:15:37","slug":"vaza-symbol-kultury-a-zivota","status":"publish","type":"product","link":"https:\/\/www.upm.cz\/an\/eshop\/vaza-symbol-kultury-a-zivota\/","title":{"rendered":"V\u00c1ZA. SYMBOL KULTURY A&nbsp;\u017dIVOTA"},"content":{"rendered":"<p>Publikace byla vyd\u00e1na u&nbsp;p\u0159\u00edle\u017eitosti stejnojmenn\u00e9 v\u00fdstavy konan\u00e9 v\u00a0UPM od 30.&nbsp;4.&nbsp;do 6.&nbsp;9.&nbsp;2026.<\/p>\n<p>V\u00e1za je patrn\u011b jedn\u00edm z&nbsp;prvn\u00edch p\u0159edm\u011bt\u016f, kter\u00fd se stal komplexn\u00ed metaforou lidsk\u00e9 existence. Symbolicky odkazuje k&nbsp;trv\u00e1n\u00ed \u010dasu, zrozen\u00ed i&nbsp;kone\u010dnosti \u017eivota, k&nbsp;propojen\u00ed \u010dlov\u011bka s&nbsp;p\u0159\u00edrodou i&nbsp;k&nbsp;t\u011blesnosti na\u0161eho byt\u00ed. Stala se obl\u00edben\u00fdm architektonick\u00fdm prvkem, kter\u00fd reprezentuje tradici, \u0159\u00e1d a&nbsp;um\u011bn\u00ed univerza a&nbsp;dokonalost ide\u00e1ln\u00edho tvaru.<\/p>\n<p>Zd\u00e1nliv\u011b oby\u010dejn\u00fd objekt se od po\u010d\u00e1tku vyzna\u010duje nev\u0161edn\u00ed poetikou. A\u0165 u\u017e m\u00e1 v\u00e1za podobu amfory na v\u00edno, n\u00e1doby na kv\u011btiny, anebo funer\u00e1ln\u00ed urny, v\u017edy zrcadl\u00ed vztah \u010dlov\u011bka ke sv\u011btu. Vypov\u00edd\u00e1 o&nbsp;jeho m\u00edst\u011b mezi nebem a&nbsp;zem\u00ed, zt\u011bles\u0148uje pomyslnou spojnici bo\u017esk\u00e9ho a&nbsp;pozemsk\u00e9ho.<\/p>\n<p>Publikace \u00a0ukazuje v\u00e1zu ve v\u0161ech t\u011bchto podob\u00e1ch a&nbsp;symbolick\u00fdch rozm\u011brech, v\u00a0jej\u00ed neoby\u010dejn\u00e9 prom\u011bnlivosti i&nbsp;nad\u010dasov\u00e9 st\u00e1losti, d\u00edky n\u00ed\u017e se j\u00ed dostalo kl\u00ed\u010dov\u00e9ho m\u00edsta mezi z\u00e1kladn\u00edmi kulturn\u00edmi motivy tvorby. Publikace vych\u00e1z\u00ed \u010desko-anglicky.<\/p>","protected":false},"excerpt":{"rendered":"<p>Koncepce a&nbsp;texty: Jana \u010cernovsk\u00e1, Radim Vondr\u00e1\u010dek<\/p>\n<p>Odborn\u00e1 spolupr\u00e1ce: Michal St\u0159\u00edbrn\u00fd<\/p>\n<p>Grafick\u00fd design: Petr Li\u0161ka<\/p>\n<p>Fotografie: Gabriel Urb\u00e1nek<\/p>\n<p>Vydavatel: UPM<\/p>\n<p>&nbsp;<\/p>\n<p>ISBN 978-80-7101-255-9<\/p>","protected":false},"featured_media":25454,"template":"","meta":{"_acf_changed":false},"product_brand":[],"product_cat":[45],"product_tag":[],"class_list":{"0":"post-25453","1":"product","2":"type-product","3":"status-publish","4":"has-post-thumbnail","6":"product_cat-knihy","8":"first","9":"instock","10":"shipping-taxable","11":"purchasable","12":"product-type-simple"},"acf":[],"yoast_head":"<!-- This site is optimized with the Yoast SEO plugin v26.9 - https:\/\/yoast.com\/product\/yoast-seo-wordpress\/ -->\n<title>V\u00c1ZA. SYMBOL KULTURY A \u017dIVOTA - Um\u011bleckopr\u016fmyslov\u00e9 museum v Praze<\/title>\n<meta name=\"description\" content=\"Publikace byla vyd\u00e1na u p\u0159\u00edle\u017eitosti stejnojmenn\u00e9 v\u00fdstavy konan\u00e9 v UPM od 30. 4. do 6. 9. 2026.V\u00e1za je patrn\u011b jedn\u00edm z prvn\u00edch p\u0159edm\u011bt\u016f, kter\u00fd se stal komplexn\u00ed metaforou lidsk\u00e9 existence. Symbolicky odkazuje k trv\u00e1n\u00ed \u010dasu, zrozen\u00ed i kone\u010dnosti \u017eivota, k propojen\u00ed \u010dlov\u011bka s p\u0159\u00edrodou i k t\u011blesnosti na\u0161eho byt\u00ed. Stala se obl\u00edben\u00fdm architektonick\u00fdm prvkem, kter\u00fd reprezentuje tradici, \u0159\u00e1d a um\u011bn\u00ed univerza a dokonalost ide\u00e1ln\u00edho tvaru. Zd\u00e1nliv\u011b oby\u010dejn\u00fd objekt se od po\u010d\u00e1tku vyzna\u010duje nev\u0161edn\u00ed poetikou. A\u0165 u\u017e m\u00e1 v\u00e1za podobu amfory na v\u00edno, n\u00e1doby na kv\u011btiny, anebo funer\u00e1ln\u00ed urny, v\u017edy zrcadl\u00ed vztah \u010dlov\u011bka ke sv\u011btu. Vypov\u00edd\u00e1 o jeho m\u00edst\u011b mezi nebem a zem\u00ed, zt\u011bles\u0148uje pomyslnou spojnici bo\u017esk\u00e9ho a pozemsk\u00e9ho. Publikace ukazuje v\u00e1zu ve v\u0161ech t\u011bchto podob\u00e1ch a symbolick\u00fdch rozm\u011brech, v jej\u00ed neoby\u010dejn\u00e9 prom\u011bnlivosti i nad\u010dasov\u00e9 st\u00e1losti, d\u00edky n\u00ed\u017e se j\u00ed dostalo kl\u00ed\u010dov\u00e9ho m\u00edsta mezi z\u00e1kladn\u00edmi kulturn\u00edmi motivy tvorby. Publikace vych\u00e1z\u00ed \u010desko-anglicky.\" \/>\n<meta name=\"robots\" content=\"index, follow, max-snippet:-1, max-image-preview:large, max-video-preview:-1\" \/>\n<link rel=\"canonical\" href=\"https:\/\/www.upm.cz\/an\/eshop\/vaza-symbol-kultury-a-zivota\/\" \/>\n<meta property=\"og:locale\" content=\"en_US\" \/>\n<meta property=\"og:type\" content=\"article\" \/>\n<meta property=\"og:title\" content=\"V\u00c1ZA. SYMBOL KULTURY A \u017dIVOTA - Um\u011bleckopr\u016fmyslov\u00e9 museum v Praze\" \/>\n<meta property=\"og:description\" content=\"Publikace byla vyd\u00e1na u p\u0159\u00edle\u017eitosti stejnojmenn\u00e9 v\u00fdstavy konan\u00e9 v UPM od 30. 4. do 6. 9. 2026.V\u00e1za je patrn\u011b jedn\u00edm z prvn\u00edch p\u0159edm\u011bt\u016f, kter\u00fd se stal komplexn\u00ed metaforou lidsk\u00e9 existence. Symbolicky odkazuje k trv\u00e1n\u00ed \u010dasu, zrozen\u00ed i kone\u010dnosti \u017eivota, k propojen\u00ed \u010dlov\u011bka s p\u0159\u00edrodou i k t\u011blesnosti na\u0161eho byt\u00ed. Stala se obl\u00edben\u00fdm architektonick\u00fdm prvkem, kter\u00fd reprezentuje tradici, \u0159\u00e1d a um\u011bn\u00ed univerza a dokonalost ide\u00e1ln\u00edho tvaru. Zd\u00e1nliv\u011b oby\u010dejn\u00fd objekt se od po\u010d\u00e1tku vyzna\u010duje nev\u0161edn\u00ed poetikou. A\u0165 u\u017e m\u00e1 v\u00e1za podobu amfory na v\u00edno, n\u00e1doby na kv\u011btiny, anebo funer\u00e1ln\u00ed urny, v\u017edy zrcadl\u00ed vztah \u010dlov\u011bka ke sv\u011btu. Vypov\u00edd\u00e1 o jeho m\u00edst\u011b mezi nebem a zem\u00ed, zt\u011bles\u0148uje pomyslnou spojnici bo\u017esk\u00e9ho a pozemsk\u00e9ho. Publikace ukazuje v\u00e1zu ve v\u0161ech t\u011bchto podob\u00e1ch a symbolick\u00fdch rozm\u011brech, v jej\u00ed neoby\u010dejn\u00e9 prom\u011bnlivosti i nad\u010dasov\u00e9 st\u00e1losti, d\u00edky n\u00ed\u017e se j\u00ed dostalo kl\u00ed\u010dov\u00e9ho m\u00edsta mezi z\u00e1kladn\u00edmi kulturn\u00edmi motivy tvorby. Publikace vych\u00e1z\u00ed \u010desko-anglicky.\" \/>\n<meta property=\"og:url\" content=\"https:\/\/www.upm.cz\/an\/eshop\/vaza-symbol-kultury-a-zivota\/\" \/>\n<meta property=\"og:site_name\" content=\"Um\u011bleckopr\u016fmyslov\u00e9 museum v Praze\" \/>\n<meta property=\"article:modified_time\" content=\"2026-05-04T12:15:37+00:00\" \/>\n<meta property=\"og:image\" content=\"https:\/\/www.upm.cz\/wp-content\/uploads\/VAZA_pruvodce-vystavou_obalka.jpg\" \/>\n\t<meta property=\"og:image:width\" content=\"698\" \/>\n\t<meta property=\"og:image:height\" content=\"701\" \/>\n\t<meta property=\"og:image:type\" content=\"image\/jpeg\" \/>\n<meta name=\"twitter:card\" content=\"summary_large_image\" \/>\n<meta name=\"twitter:label1\" content=\"Est. reading time\" \/>\n\t<meta name=\"twitter:data1\" content=\"1 minute\" \/>\n<script type=\"application\/ld+json\" class=\"yoast-schema-graph\">{\"@context\":\"https:\/\/schema.org\",\"@graph\":[{\"@type\":\"WebPage\",\"@id\":\"https:\/\/www.upm.cz\/eshop\/vaza-symbol-kultury-a-zivota\/\",\"url\":\"https:\/\/www.upm.cz\/eshop\/vaza-symbol-kultury-a-zivota\/\",\"name\":\"V\u00c1ZA. SYMBOL KULTURY A \u017dIVOTA - Um\u011bleckopr\u016fmyslov\u00e9 museum v Praze\",\"isPartOf\":{\"@id\":\"https:\/\/www.upm.cz\/#website\"},\"primaryImageOfPage\":{\"@id\":\"https:\/\/www.upm.cz\/eshop\/vaza-symbol-kultury-a-zivota\/#primaryimage\"},\"image\":{\"@id\":\"https:\/\/www.upm.cz\/eshop\/vaza-symbol-kultury-a-zivota\/#primaryimage\"},\"thumbnailUrl\":\"https:\/\/www.upm.cz\/wp-content\/uploads\/VAZA_pruvodce-vystavou_obalka.jpg\",\"datePublished\":\"2026-05-04T11:52:24+00:00\",\"dateModified\":\"2026-05-04T12:15:37+00:00\",\"description\":\"Publikace byla vyd\u00e1na u p\u0159\u00edle\u017eitosti stejnojmenn\u00e9 v\u00fdstavy konan\u00e9 v UPM od 30. 4. do 6. 9. 2026.V\u00e1za je patrn\u011b jedn\u00edm z prvn\u00edch p\u0159edm\u011bt\u016f, kter\u00fd se stal komplexn\u00ed metaforou lidsk\u00e9 existence. Symbolicky odkazuje k trv\u00e1n\u00ed \u010dasu, zrozen\u00ed i kone\u010dnosti \u017eivota, k propojen\u00ed \u010dlov\u011bka s p\u0159\u00edrodou i k t\u011blesnosti na\u0161eho byt\u00ed. Stala se obl\u00edben\u00fdm architektonick\u00fdm prvkem, kter\u00fd reprezentuje tradici, \u0159\u00e1d a um\u011bn\u00ed univerza a dokonalost ide\u00e1ln\u00edho tvaru. Zd\u00e1nliv\u011b oby\u010dejn\u00fd objekt se od po\u010d\u00e1tku vyzna\u010duje nev\u0161edn\u00ed poetikou. A\u0165 u\u017e m\u00e1 v\u00e1za podobu amfory na v\u00edno, n\u00e1doby na kv\u011btiny, anebo funer\u00e1ln\u00ed urny, v\u017edy zrcadl\u00ed vztah \u010dlov\u011bka ke sv\u011btu. Vypov\u00edd\u00e1 o jeho m\u00edst\u011b mezi nebem a zem\u00ed, zt\u011bles\u0148uje pomyslnou spojnici bo\u017esk\u00e9ho a pozemsk\u00e9ho. Publikace ukazuje v\u00e1zu ve v\u0161ech t\u011bchto podob\u00e1ch a symbolick\u00fdch rozm\u011brech, v jej\u00ed neoby\u010dejn\u00e9 prom\u011bnlivosti i nad\u010dasov\u00e9 st\u00e1losti, d\u00edky n\u00ed\u017e se j\u00ed dostalo kl\u00ed\u010dov\u00e9ho m\u00edsta mezi z\u00e1kladn\u00edmi kulturn\u00edmi motivy tvorby. Publikace vych\u00e1z\u00ed \u010desko-anglicky.\",\"breadcrumb\":{\"@id\":\"https:\/\/www.upm.cz\/eshop\/vaza-symbol-kultury-a-zivota\/#breadcrumb\"},\"inLanguage\":\"en-US\",\"potentialAction\":[{\"@type\":\"ReadAction\",\"target\":[\"https:\/\/www.upm.cz\/eshop\/vaza-symbol-kultury-a-zivota\/\"]}]},{\"@type\":\"ImageObject\",\"inLanguage\":\"en-US\",\"@id\":\"https:\/\/www.upm.cz\/eshop\/vaza-symbol-kultury-a-zivota\/#primaryimage\",\"url\":\"https:\/\/www.upm.cz\/wp-content\/uploads\/VAZA_pruvodce-vystavou_obalka.jpg\",\"contentUrl\":\"https:\/\/www.upm.cz\/wp-content\/uploads\/VAZA_pruvodce-vystavou_obalka.jpg\",\"width\":698,\"height\":701},{\"@type\":\"BreadcrumbList\",\"@id\":\"https:\/\/www.upm.cz\/eshop\/vaza-symbol-kultury-a-zivota\/#breadcrumb\",\"itemListElement\":[{\"@type\":\"ListItem\",\"position\":1,\"name\":\"Dom\u016f\",\"item\":\"https:\/\/www.upm.cz\/\"},{\"@type\":\"ListItem\",\"position\":2,\"name\":\"eshop\",\"item\":\"https:\/\/www.upm.cz\/eshop\/\"},{\"@type\":\"ListItem\",\"position\":3,\"name\":\"V\u00c1ZA. SYMBOL KULTURY A \u017dIVOTA\"}]},{\"@type\":\"WebSite\",\"@id\":\"https:\/\/www.upm.cz\/#website\",\"url\":\"https:\/\/www.upm.cz\/\",\"name\":\"Um\u011bleckopr\u016fmyslov\u00e9 museum v Praze\",\"description\":\"\",\"publisher\":{\"@id\":\"https:\/\/www.upm.cz\/#organization\"},\"potentialAction\":[{\"@type\":\"SearchAction\",\"target\":{\"@type\":\"EntryPoint\",\"urlTemplate\":\"https:\/\/www.upm.cz\/?s={search_term_string}\"},\"query-input\":{\"@type\":\"PropertyValueSpecification\",\"valueRequired\":true,\"valueName\":\"search_term_string\"}}],\"inLanguage\":\"en-US\"},{\"@type\":\"Organization\",\"@id\":\"https:\/\/www.upm.cz\/#organization\",\"name\":\"Um\u011bleckopr\u016fmyslov\u00e9 museum v Praze\",\"url\":\"https:\/\/www.upm.cz\/\",\"logo\":{\"@type\":\"ImageObject\",\"inLanguage\":\"en-US\",\"@id\":\"https:\/\/www.upm.cz\/#\/schema\/logo\/image\/\",\"url\":\"https:\/\/www.upm.cz\/wp-content\/uploads\/2020\/03\/logo_upm_cz.svg\",\"contentUrl\":\"https:\/\/www.upm.cz\/wp-content\/uploads\/2020\/03\/logo_upm_cz.svg\",\"width\":1736,\"height\":295,\"caption\":\"Um\u011bleckopr\u016fmyslov\u00e9 museum v Praze\"},\"image\":{\"@id\":\"https:\/\/www.upm.cz\/#\/schema\/logo\/image\/\"}}]}<\/script>\n<!-- \/ Yoast SEO plugin. -->","yoast_head_json":{"title":"V\u00c1ZA. SYMBOL KULTURY A \u017dIVOTA - Um\u011bleckopr\u016fmyslov\u00e9 museum v Praze","description":"Publikace byla vyd\u00e1na u p\u0159\u00edle\u017eitosti stejnojmenn\u00e9 v\u00fdstavy konan\u00e9 v UPM od 30. 4. do 6. 9. 2026.V\u00e1za je patrn\u011b jedn\u00edm z prvn\u00edch p\u0159edm\u011bt\u016f, kter\u00fd se stal komplexn\u00ed metaforou lidsk\u00e9 existence. Symbolicky odkazuje k trv\u00e1n\u00ed \u010dasu, zrozen\u00ed i kone\u010dnosti \u017eivota, k propojen\u00ed \u010dlov\u011bka s p\u0159\u00edrodou i k t\u011blesnosti na\u0161eho byt\u00ed. Stala se obl\u00edben\u00fdm architektonick\u00fdm prvkem, kter\u00fd reprezentuje tradici, \u0159\u00e1d a um\u011bn\u00ed univerza a dokonalost ide\u00e1ln\u00edho tvaru. Zd\u00e1nliv\u011b oby\u010dejn\u00fd objekt se od po\u010d\u00e1tku vyzna\u010duje nev\u0161edn\u00ed poetikou. A\u0165 u\u017e m\u00e1 v\u00e1za podobu amfory na v\u00edno, n\u00e1doby na kv\u011btiny, anebo funer\u00e1ln\u00ed urny, v\u017edy zrcadl\u00ed vztah \u010dlov\u011bka ke sv\u011btu. Vypov\u00edd\u00e1 o jeho m\u00edst\u011b mezi nebem a zem\u00ed, zt\u011bles\u0148uje pomyslnou spojnici bo\u017esk\u00e9ho a pozemsk\u00e9ho. Publikace ukazuje v\u00e1zu ve v\u0161ech t\u011bchto podob\u00e1ch a symbolick\u00fdch rozm\u011brech, v jej\u00ed neoby\u010dejn\u00e9 prom\u011bnlivosti i nad\u010dasov\u00e9 st\u00e1losti, d\u00edky n\u00ed\u017e se j\u00ed dostalo kl\u00ed\u010dov\u00e9ho m\u00edsta mezi z\u00e1kladn\u00edmi kulturn\u00edmi motivy tvorby. Publikace vych\u00e1z\u00ed \u010desko-anglicky.","robots":{"index":"index","follow":"follow","max-snippet":"max-snippet:-1","max-image-preview":"max-image-preview:large","max-video-preview":"max-video-preview:-1"},"canonical":"https:\/\/www.upm.cz\/an\/eshop\/vaza-symbol-kultury-a-zivota\/","og_locale":"en_US","og_type":"article","og_title":"V\u00c1ZA. SYMBOL KULTURY A \u017dIVOTA - Um\u011bleckopr\u016fmyslov\u00e9 museum v Praze","og_description":"Publikace byla vyd\u00e1na u p\u0159\u00edle\u017eitosti stejnojmenn\u00e9 v\u00fdstavy konan\u00e9 v UPM od 30. 4. do 6. 9. 2026.V\u00e1za je patrn\u011b jedn\u00edm z prvn\u00edch p\u0159edm\u011bt\u016f, kter\u00fd se stal komplexn\u00ed metaforou lidsk\u00e9 existence. Symbolicky odkazuje k trv\u00e1n\u00ed \u010dasu, zrozen\u00ed i kone\u010dnosti \u017eivota, k propojen\u00ed \u010dlov\u011bka s p\u0159\u00edrodou i k t\u011blesnosti na\u0161eho byt\u00ed. Stala se obl\u00edben\u00fdm architektonick\u00fdm prvkem, kter\u00fd reprezentuje tradici, \u0159\u00e1d a um\u011bn\u00ed univerza a dokonalost ide\u00e1ln\u00edho tvaru. Zd\u00e1nliv\u011b oby\u010dejn\u00fd objekt se od po\u010d\u00e1tku vyzna\u010duje nev\u0161edn\u00ed poetikou. A\u0165 u\u017e m\u00e1 v\u00e1za podobu amfory na v\u00edno, n\u00e1doby na kv\u011btiny, anebo funer\u00e1ln\u00ed urny, v\u017edy zrcadl\u00ed vztah \u010dlov\u011bka ke sv\u011btu. Vypov\u00edd\u00e1 o jeho m\u00edst\u011b mezi nebem a zem\u00ed, zt\u011bles\u0148uje pomyslnou spojnici bo\u017esk\u00e9ho a pozemsk\u00e9ho. Publikace ukazuje v\u00e1zu ve v\u0161ech t\u011bchto podob\u00e1ch a symbolick\u00fdch rozm\u011brech, v jej\u00ed neoby\u010dejn\u00e9 prom\u011bnlivosti i nad\u010dasov\u00e9 st\u00e1losti, d\u00edky n\u00ed\u017e se j\u00ed dostalo kl\u00ed\u010dov\u00e9ho m\u00edsta mezi z\u00e1kladn\u00edmi kulturn\u00edmi motivy tvorby. Publikace vych\u00e1z\u00ed \u010desko-anglicky.","og_url":"https:\/\/www.upm.cz\/an\/eshop\/vaza-symbol-kultury-a-zivota\/","og_site_name":"Um\u011bleckopr\u016fmyslov\u00e9 museum v Praze","article_modified_time":"2026-05-04T12:15:37+00:00","og_image":[{"width":698,"height":701,"url":"https:\/\/www.upm.cz\/wp-content\/uploads\/VAZA_pruvodce-vystavou_obalka.jpg","type":"image\/jpeg"}],"twitter_card":"summary_large_image","twitter_misc":{"Est. reading time":"1 minute"},"schema":{"@context":"https:\/\/schema.org","@graph":[{"@type":"WebPage","@id":"https:\/\/www.upm.cz\/eshop\/vaza-symbol-kultury-a-zivota\/","url":"https:\/\/www.upm.cz\/eshop\/vaza-symbol-kultury-a-zivota\/","name":"V\u00c1ZA. SYMBOL KULTURY A \u017dIVOTA - Um\u011bleckopr\u016fmyslov\u00e9 museum v Praze","isPartOf":{"@id":"https:\/\/www.upm.cz\/#website"},"primaryImageOfPage":{"@id":"https:\/\/www.upm.cz\/eshop\/vaza-symbol-kultury-a-zivota\/#primaryimage"},"image":{"@id":"https:\/\/www.upm.cz\/eshop\/vaza-symbol-kultury-a-zivota\/#primaryimage"},"thumbnailUrl":"https:\/\/www.upm.cz\/wp-content\/uploads\/VAZA_pruvodce-vystavou_obalka.jpg","datePublished":"2026-05-04T11:52:24+00:00","dateModified":"2026-05-04T12:15:37+00:00","description":"Publikace byla vyd\u00e1na u p\u0159\u00edle\u017eitosti stejnojmenn\u00e9 v\u00fdstavy konan\u00e9 v UPM od 30. 4. do 6. 9. 2026.V\u00e1za je patrn\u011b jedn\u00edm z prvn\u00edch p\u0159edm\u011bt\u016f, kter\u00fd se stal komplexn\u00ed metaforou lidsk\u00e9 existence. Symbolicky odkazuje k trv\u00e1n\u00ed \u010dasu, zrozen\u00ed i kone\u010dnosti \u017eivota, k propojen\u00ed \u010dlov\u011bka s p\u0159\u00edrodou i k t\u011blesnosti na\u0161eho byt\u00ed. Stala se obl\u00edben\u00fdm architektonick\u00fdm prvkem, kter\u00fd reprezentuje tradici, \u0159\u00e1d a um\u011bn\u00ed univerza a dokonalost ide\u00e1ln\u00edho tvaru. Zd\u00e1nliv\u011b oby\u010dejn\u00fd objekt se od po\u010d\u00e1tku vyzna\u010duje nev\u0161edn\u00ed poetikou. A\u0165 u\u017e m\u00e1 v\u00e1za podobu amfory na v\u00edno, n\u00e1doby na kv\u011btiny, anebo funer\u00e1ln\u00ed urny, v\u017edy zrcadl\u00ed vztah \u010dlov\u011bka ke sv\u011btu. Vypov\u00edd\u00e1 o jeho m\u00edst\u011b mezi nebem a zem\u00ed, zt\u011bles\u0148uje pomyslnou spojnici bo\u017esk\u00e9ho a pozemsk\u00e9ho. Publikace ukazuje v\u00e1zu ve v\u0161ech t\u011bchto podob\u00e1ch a symbolick\u00fdch rozm\u011brech, v jej\u00ed neoby\u010dejn\u00e9 prom\u011bnlivosti i nad\u010dasov\u00e9 st\u00e1losti, d\u00edky n\u00ed\u017e se j\u00ed dostalo kl\u00ed\u010dov\u00e9ho m\u00edsta mezi z\u00e1kladn\u00edmi kulturn\u00edmi motivy tvorby. Publikace vych\u00e1z\u00ed \u010desko-anglicky.","breadcrumb":{"@id":"https:\/\/www.upm.cz\/eshop\/vaza-symbol-kultury-a-zivota\/#breadcrumb"},"inLanguage":"en-US","potentialAction":[{"@type":"ReadAction","target":["https:\/\/www.upm.cz\/eshop\/vaza-symbol-kultury-a-zivota\/"]}]},{"@type":"ImageObject","inLanguage":"en-US","@id":"https:\/\/www.upm.cz\/eshop\/vaza-symbol-kultury-a-zivota\/#primaryimage","url":"https:\/\/www.upm.cz\/wp-content\/uploads\/VAZA_pruvodce-vystavou_obalka.jpg","contentUrl":"https:\/\/www.upm.cz\/wp-content\/uploads\/VAZA_pruvodce-vystavou_obalka.jpg","width":698,"height":701},{"@type":"BreadcrumbList","@id":"https:\/\/www.upm.cz\/eshop\/vaza-symbol-kultury-a-zivota\/#breadcrumb","itemListElement":[{"@type":"ListItem","position":1,"name":"Dom\u016f","item":"https:\/\/www.upm.cz\/"},{"@type":"ListItem","position":2,"name":"eshop","item":"https:\/\/www.upm.cz\/eshop\/"},{"@type":"ListItem","position":3,"name":"V\u00c1ZA. SYMBOL KULTURY A \u017dIVOTA"}]},{"@type":"WebSite","@id":"https:\/\/www.upm.cz\/#website","url":"https:\/\/www.upm.cz\/","name":"Um\u011bleckopr\u016fmyslov\u00e9 museum v Praze","description":"","publisher":{"@id":"https:\/\/www.upm.cz\/#organization"},"potentialAction":[{"@type":"SearchAction","target":{"@type":"EntryPoint","urlTemplate":"https:\/\/www.upm.cz\/?s={search_term_string}"},"query-input":{"@type":"PropertyValueSpecification","valueRequired":true,"valueName":"search_term_string"}}],"inLanguage":"en-US"},{"@type":"Organization","@id":"https:\/\/www.upm.cz\/#organization","name":"Um\u011bleckopr\u016fmyslov\u00e9 museum v Praze","url":"https:\/\/www.upm.cz\/","logo":{"@type":"ImageObject","inLanguage":"en-US","@id":"https:\/\/www.upm.cz\/#\/schema\/logo\/image\/","url":"https:\/\/www.upm.cz\/wp-content\/uploads\/2020\/03\/logo_upm_cz.svg","contentUrl":"https:\/\/www.upm.cz\/wp-content\/uploads\/2020\/03\/logo_upm_cz.svg","width":1736,"height":295,"caption":"Um\u011bleckopr\u016fmyslov\u00e9 museum v Praze"},"image":{"@id":"https:\/\/www.upm.cz\/#\/schema\/logo\/image\/"}}]}},"_links":{"self":[{"href":"https:\/\/www.upm.cz\/an\/wp-json\/wp\/v2\/product\/25453","targetHints":{"allow":["GET"]}}],"collection":[{"href":"https:\/\/www.upm.cz\/an\/wp-json\/wp\/v2\/product"}],"about":[{"href":"https:\/\/www.upm.cz\/an\/wp-json\/wp\/v2\/types\/product"}],"wp:featuredmedia":[{"embeddable":true,"href":"https:\/\/www.upm.cz\/an\/wp-json\/wp\/v2\/media\/25454"}],"wp:attachment":[{"href":"https:\/\/www.upm.cz\/an\/wp-json\/wp\/v2\/media?parent=25453"}],"wp:term":[{"taxonomy":"product_brand","embeddable":true,"href":"https:\/\/www.upm.cz\/an\/wp-json\/wp\/v2\/product_brand?post=25453"},{"taxonomy":"product_cat","embeddable":true,"href":"https:\/\/www.upm.cz\/an\/wp-json\/wp\/v2\/product_cat?post=25453"},{"taxonomy":"product_tag","embeddable":true,"href":"https:\/\/www.upm.cz\/an\/wp-json\/wp\/v2\/product_tag?post=25453"}],"curies":[{"name":"wp","href":"https:\/\/api.w.org\/{rel}","templated":true}]}}