{"id":7004,"date":"2021-02-15T14:12:40","date_gmt":"2021-02-15T13:12:40","guid":{"rendered":"https:\/\/www.upm.cz\/?post_type=product&#038;p=7004"},"modified":"2025-11-30T13:08:34","modified_gmt":"2025-11-30T12:08:34","slug":"zamek-klasterec-nad-ohri-pruvodce-expozici-porcelanu","status":"publish","type":"product","link":"https:\/\/www.upm.cz\/an\/eshop\/zamek-klasterec-nad-ohri-pruvodce-expozici-porcelanu\/","title":{"rendered":"Z\u00c1MEK KL\u00c1\u0160TEREC NAD OH\u0158\u00cd. PR\u016eVODCE EXPOZIC\u00cd PORCEL\u00c1NU"},"content":{"rendered":"<p>Pr\u016fvodce seznamuje s\u00a0v\u00fdvojem porcel\u00e1nu v\u00a0\u010desk\u00fdch zem\u00edch, v\u010detn\u011b uk\u00e1zek \u010d\u00ednsk\u00e9ho a\u00a0japonsk\u00e9ho porcel\u00e1nu a\u00a0evropsk\u00e9 produkce kameniny, kter\u00e1 p\u0159edch\u00e1zela v\u00fdrob\u011b porcel\u00e1nu v\u00a0\u010cech\u00e1ch.<\/p>\n<p>&nbsp;<\/p>","protected":false},"excerpt":{"rendered":"<p>vydavatel: UPM v&nbsp;Praze, 2005<br \/>\ntext: Ji\u0159\u00ed Fronek<br \/>\nvyd\u00e1n\u00ed: \u010desk\u00e9 a\u00a0n\u011bmeck\u00e9<br \/>\np\u0159eklad: Felicia Jerie<br \/>\nfoto: Ond\u0159ej Kocourek, Gabriel Urb\u00e1nek<br \/>\ngrafick\u00e1 \u00faprava: Ond\u0159ej Z\u00e1mi\u0161<br \/>\npo\u010det stran: 64<br \/>\nbarevn\u00e9 reprodukce: 44<br \/>\nvazba: bro\u017eovan\u00e1, 21\u00a0x\u00a012\u00a0cm<br \/>\nISBN: 80\u20147101-109\u20146 (\u010desk\u00e9), 80\u20147101-145\u20142 (n\u011bmeck\u00e9)<\/p>\n<p>&nbsp;<\/p>","protected":false},"featured_media":6249,"template":"","meta":{"_acf_changed":false},"product_brand":[],"product_cat":[45],"product_tag":[],"class_list":{"0":"post-7004","1":"product","2":"type-product","3":"status-publish","4":"has-post-thumbnail","6":"product_cat-knihy","8":"first","9":"instock","10":"shipping-taxable","11":"purchasable","12":"product-type-variable","13":"has-default-attributes"},"acf":[],"yoast_head":"<!-- This site is optimized with the Yoast SEO plugin v26.9 - https:\/\/yoast.com\/product\/yoast-seo-wordpress\/ -->\n<title>Z\u00c1MEK KL\u00c1\u0160TEREC NAD OH\u0158\u00cd. PR\u016eVODCE EXPOZIC\u00cd PORCEL\u00c1NU - Um\u011bleckopr\u016fmyslov\u00e9 museum v Praze<\/title>\n<meta name=\"description\" content=\"Pr\u016fvodce seznamuje s v\u00fdvojem porcel\u00e1nu v \u010desk\u00fdch zem\u00edch, v\u010detn\u011b uk\u00e1zek \u010d\u00ednsk\u00e9ho a japonsk\u00e9ho porcel\u00e1nu a evropsk\u00e9 produkce kameniny, kter\u00e1 p\u0159edch\u00e1zela v\u00fdrob\u011b porcel\u00e1nu v \u010cech\u00e1ch.\" \/>\n<meta name=\"robots\" content=\"noindex, nofollow\" \/>\n<meta property=\"og:locale\" content=\"en_US\" \/>\n<meta property=\"og:type\" content=\"article\" \/>\n<meta property=\"og:title\" content=\"Z\u00c1MEK KL\u00c1\u0160TEREC NAD OH\u0158\u00cd. PR\u016eVODCE EXPOZIC\u00cd PORCEL\u00c1NU - Um\u011bleckopr\u016fmyslov\u00e9 museum v Praze\" \/>\n<meta property=\"og:description\" content=\"Pr\u016fvodce seznamuje s v\u00fdvojem porcel\u00e1nu v \u010desk\u00fdch zem\u00edch, v\u010detn\u011b uk\u00e1zek \u010d\u00ednsk\u00e9ho a japonsk\u00e9ho porcel\u00e1nu a evropsk\u00e9 produkce kameniny, kter\u00e1 p\u0159edch\u00e1zela v\u00fdrob\u011b porcel\u00e1nu v \u010cech\u00e1ch.\" \/>\n<meta property=\"og:url\" content=\"https:\/\/www.upm.cz\/an\/eshop\/zamek-klasterec-nad-ohri-pruvodce-expozici-porcelanu\/\" \/>\n<meta property=\"og:site_name\" content=\"Um\u011bleckopr\u016fmyslov\u00e9 museum v Praze\" \/>\n<meta property=\"article:modified_time\" content=\"2025-11-30T12:08:34+00:00\" \/>\n<meta property=\"og:image\" content=\"https:\/\/www.upm.cz\/wp-content\/uploads\/Klasterec_cj_pruvodce_2005.jpg\" \/>\n\t<meta property=\"og:image:width\" content=\"362\" \/>\n\t<meta property=\"og:image:height\" content=\"640\" \/>\n\t<meta property=\"og:image:type\" content=\"image\/jpeg\" \/>\n<meta name=\"twitter:card\" content=\"summary_large_image\" \/>\n<script type=\"application\/ld+json\" class=\"yoast-schema-graph\">{\"@context\":\"https:\/\/schema.org\",\"@graph\":[{\"@type\":\"WebPage\",\"@id\":\"https:\/\/www.upm.cz\/eshop\/zamek-klasterec-nad-ohri-pruvodce-expozici-porcelanu\/\",\"url\":\"https:\/\/www.upm.cz\/eshop\/zamek-klasterec-nad-ohri-pruvodce-expozici-porcelanu\/\",\"name\":\"Z\u00c1MEK KL\u00c1\u0160TEREC NAD OH\u0158\u00cd. PR\u016eVODCE EXPOZIC\u00cd PORCEL\u00c1NU - Um\u011bleckopr\u016fmyslov\u00e9 museum v Praze\",\"isPartOf\":{\"@id\":\"https:\/\/www.upm.cz\/#website\"},\"primaryImageOfPage\":{\"@id\":\"https:\/\/www.upm.cz\/eshop\/zamek-klasterec-nad-ohri-pruvodce-expozici-porcelanu\/#primaryimage\"},\"image\":{\"@id\":\"https:\/\/www.upm.cz\/eshop\/zamek-klasterec-nad-ohri-pruvodce-expozici-porcelanu\/#primaryimage\"},\"thumbnailUrl\":\"https:\/\/www.upm.cz\/wp-content\/uploads\/Klasterec_cj_pruvodce_2005.jpg\",\"datePublished\":\"2021-02-15T13:12:40+00:00\",\"dateModified\":\"2025-11-30T12:08:34+00:00\",\"description\":\"Pr\u016fvodce seznamuje s v\u00fdvojem porcel\u00e1nu v \u010desk\u00fdch zem\u00edch, v\u010detn\u011b uk\u00e1zek \u010d\u00ednsk\u00e9ho a japonsk\u00e9ho porcel\u00e1nu a evropsk\u00e9 produkce kameniny, kter\u00e1 p\u0159edch\u00e1zela v\u00fdrob\u011b porcel\u00e1nu v \u010cech\u00e1ch.\",\"breadcrumb\":{\"@id\":\"https:\/\/www.upm.cz\/eshop\/zamek-klasterec-nad-ohri-pruvodce-expozici-porcelanu\/#breadcrumb\"},\"inLanguage\":\"en-US\",\"potentialAction\":[{\"@type\":\"ReadAction\",\"target\":[\"https:\/\/www.upm.cz\/eshop\/zamek-klasterec-nad-ohri-pruvodce-expozici-porcelanu\/\"]}]},{\"@type\":\"ImageObject\",\"inLanguage\":\"en-US\",\"@id\":\"https:\/\/www.upm.cz\/eshop\/zamek-klasterec-nad-ohri-pruvodce-expozici-porcelanu\/#primaryimage\",\"url\":\"https:\/\/www.upm.cz\/wp-content\/uploads\/Klasterec_cj_pruvodce_2005.jpg\",\"contentUrl\":\"https:\/\/www.upm.cz\/wp-content\/uploads\/Klasterec_cj_pruvodce_2005.jpg\",\"width\":362,\"height\":640},{\"@type\":\"BreadcrumbList\",\"@id\":\"https:\/\/www.upm.cz\/eshop\/zamek-klasterec-nad-ohri-pruvodce-expozici-porcelanu\/#breadcrumb\",\"itemListElement\":[{\"@type\":\"ListItem\",\"position\":1,\"name\":\"Dom\u016f\",\"item\":\"https:\/\/www.upm.cz\/\"},{\"@type\":\"ListItem\",\"position\":2,\"name\":\"eshop\",\"item\":\"https:\/\/www.upm.cz\/eshop\/\"},{\"@type\":\"ListItem\",\"position\":3,\"name\":\"Z\u00c1MEK KL\u00c1\u0160TEREC NAD OH\u0158\u00cd. PR\u016eVODCE EXPOZIC\u00cd PORCEL\u00c1NU\"}]},{\"@type\":\"WebSite\",\"@id\":\"https:\/\/www.upm.cz\/#website\",\"url\":\"https:\/\/www.upm.cz\/\",\"name\":\"Um\u011bleckopr\u016fmyslov\u00e9 museum v Praze\",\"description\":\"\",\"publisher\":{\"@id\":\"https:\/\/www.upm.cz\/#organization\"},\"potentialAction\":[{\"@type\":\"SearchAction\",\"target\":{\"@type\":\"EntryPoint\",\"urlTemplate\":\"https:\/\/www.upm.cz\/?s={search_term_string}\"},\"query-input\":{\"@type\":\"PropertyValueSpecification\",\"valueRequired\":true,\"valueName\":\"search_term_string\"}}],\"inLanguage\":\"en-US\"},{\"@type\":\"Organization\",\"@id\":\"https:\/\/www.upm.cz\/#organization\",\"name\":\"Um\u011bleckopr\u016fmyslov\u00e9 museum v Praze\",\"url\":\"https:\/\/www.upm.cz\/\",\"logo\":{\"@type\":\"ImageObject\",\"inLanguage\":\"en-US\",\"@id\":\"https:\/\/www.upm.cz\/#\/schema\/logo\/image\/\",\"url\":\"https:\/\/www.upm.cz\/wp-content\/uploads\/2020\/03\/logo_upm_cz.svg\",\"contentUrl\":\"https:\/\/www.upm.cz\/wp-content\/uploads\/2020\/03\/logo_upm_cz.svg\",\"width\":1736,\"height\":295,\"caption\":\"Um\u011bleckopr\u016fmyslov\u00e9 museum v Praze\"},\"image\":{\"@id\":\"https:\/\/www.upm.cz\/#\/schema\/logo\/image\/\"}}]}<\/script>\n<!-- \/ Yoast SEO plugin. -->","yoast_head_json":{"title":"Z\u00c1MEK KL\u00c1\u0160TEREC NAD OH\u0158\u00cd. PR\u016eVODCE EXPOZIC\u00cd PORCEL\u00c1NU - Um\u011bleckopr\u016fmyslov\u00e9 museum v Praze","description":"Pr\u016fvodce seznamuje s v\u00fdvojem porcel\u00e1nu v \u010desk\u00fdch zem\u00edch, v\u010detn\u011b uk\u00e1zek \u010d\u00ednsk\u00e9ho a japonsk\u00e9ho porcel\u00e1nu a evropsk\u00e9 produkce kameniny, kter\u00e1 p\u0159edch\u00e1zela v\u00fdrob\u011b porcel\u00e1nu v \u010cech\u00e1ch.","robots":{"index":"noindex","follow":"nofollow"},"og_locale":"en_US","og_type":"article","og_title":"Z\u00c1MEK KL\u00c1\u0160TEREC NAD OH\u0158\u00cd. PR\u016eVODCE EXPOZIC\u00cd PORCEL\u00c1NU - Um\u011bleckopr\u016fmyslov\u00e9 museum v Praze","og_description":"Pr\u016fvodce seznamuje s v\u00fdvojem porcel\u00e1nu v \u010desk\u00fdch zem\u00edch, v\u010detn\u011b uk\u00e1zek \u010d\u00ednsk\u00e9ho a japonsk\u00e9ho porcel\u00e1nu a evropsk\u00e9 produkce kameniny, kter\u00e1 p\u0159edch\u00e1zela v\u00fdrob\u011b porcel\u00e1nu v \u010cech\u00e1ch.","og_url":"https:\/\/www.upm.cz\/an\/eshop\/zamek-klasterec-nad-ohri-pruvodce-expozici-porcelanu\/","og_site_name":"Um\u011bleckopr\u016fmyslov\u00e9 museum v Praze","article_modified_time":"2025-11-30T12:08:34+00:00","og_image":[{"width":362,"height":640,"url":"https:\/\/www.upm.cz\/wp-content\/uploads\/Klasterec_cj_pruvodce_2005.jpg","type":"image\/jpeg"}],"twitter_card":"summary_large_image","schema":{"@context":"https:\/\/schema.org","@graph":[{"@type":"WebPage","@id":"https:\/\/www.upm.cz\/eshop\/zamek-klasterec-nad-ohri-pruvodce-expozici-porcelanu\/","url":"https:\/\/www.upm.cz\/eshop\/zamek-klasterec-nad-ohri-pruvodce-expozici-porcelanu\/","name":"Z\u00c1MEK KL\u00c1\u0160TEREC NAD OH\u0158\u00cd. PR\u016eVODCE EXPOZIC\u00cd PORCEL\u00c1NU - Um\u011bleckopr\u016fmyslov\u00e9 museum v Praze","isPartOf":{"@id":"https:\/\/www.upm.cz\/#website"},"primaryImageOfPage":{"@id":"https:\/\/www.upm.cz\/eshop\/zamek-klasterec-nad-ohri-pruvodce-expozici-porcelanu\/#primaryimage"},"image":{"@id":"https:\/\/www.upm.cz\/eshop\/zamek-klasterec-nad-ohri-pruvodce-expozici-porcelanu\/#primaryimage"},"thumbnailUrl":"https:\/\/www.upm.cz\/wp-content\/uploads\/Klasterec_cj_pruvodce_2005.jpg","datePublished":"2021-02-15T13:12:40+00:00","dateModified":"2025-11-30T12:08:34+00:00","description":"Pr\u016fvodce seznamuje s v\u00fdvojem porcel\u00e1nu v \u010desk\u00fdch zem\u00edch, v\u010detn\u011b uk\u00e1zek \u010d\u00ednsk\u00e9ho a japonsk\u00e9ho porcel\u00e1nu a evropsk\u00e9 produkce kameniny, kter\u00e1 p\u0159edch\u00e1zela v\u00fdrob\u011b porcel\u00e1nu v \u010cech\u00e1ch.","breadcrumb":{"@id":"https:\/\/www.upm.cz\/eshop\/zamek-klasterec-nad-ohri-pruvodce-expozici-porcelanu\/#breadcrumb"},"inLanguage":"en-US","potentialAction":[{"@type":"ReadAction","target":["https:\/\/www.upm.cz\/eshop\/zamek-klasterec-nad-ohri-pruvodce-expozici-porcelanu\/"]}]},{"@type":"ImageObject","inLanguage":"en-US","@id":"https:\/\/www.upm.cz\/eshop\/zamek-klasterec-nad-ohri-pruvodce-expozici-porcelanu\/#primaryimage","url":"https:\/\/www.upm.cz\/wp-content\/uploads\/Klasterec_cj_pruvodce_2005.jpg","contentUrl":"https:\/\/www.upm.cz\/wp-content\/uploads\/Klasterec_cj_pruvodce_2005.jpg","width":362,"height":640},{"@type":"BreadcrumbList","@id":"https:\/\/www.upm.cz\/eshop\/zamek-klasterec-nad-ohri-pruvodce-expozici-porcelanu\/#breadcrumb","itemListElement":[{"@type":"ListItem","position":1,"name":"Dom\u016f","item":"https:\/\/www.upm.cz\/"},{"@type":"ListItem","position":2,"name":"eshop","item":"https:\/\/www.upm.cz\/eshop\/"},{"@type":"ListItem","position":3,"name":"Z\u00c1MEK KL\u00c1\u0160TEREC NAD OH\u0158\u00cd. PR\u016eVODCE EXPOZIC\u00cd PORCEL\u00c1NU"}]},{"@type":"WebSite","@id":"https:\/\/www.upm.cz\/#website","url":"https:\/\/www.upm.cz\/","name":"Um\u011bleckopr\u016fmyslov\u00e9 museum v Praze","description":"","publisher":{"@id":"https:\/\/www.upm.cz\/#organization"},"potentialAction":[{"@type":"SearchAction","target":{"@type":"EntryPoint","urlTemplate":"https:\/\/www.upm.cz\/?s={search_term_string}"},"query-input":{"@type":"PropertyValueSpecification","valueRequired":true,"valueName":"search_term_string"}}],"inLanguage":"en-US"},{"@type":"Organization","@id":"https:\/\/www.upm.cz\/#organization","name":"Um\u011bleckopr\u016fmyslov\u00e9 museum v Praze","url":"https:\/\/www.upm.cz\/","logo":{"@type":"ImageObject","inLanguage":"en-US","@id":"https:\/\/www.upm.cz\/#\/schema\/logo\/image\/","url":"https:\/\/www.upm.cz\/wp-content\/uploads\/2020\/03\/logo_upm_cz.svg","contentUrl":"https:\/\/www.upm.cz\/wp-content\/uploads\/2020\/03\/logo_upm_cz.svg","width":1736,"height":295,"caption":"Um\u011bleckopr\u016fmyslov\u00e9 museum v Praze"},"image":{"@id":"https:\/\/www.upm.cz\/#\/schema\/logo\/image\/"}}]}},"_links":{"self":[{"href":"https:\/\/www.upm.cz\/an\/wp-json\/wp\/v2\/product\/7004","targetHints":{"allow":["GET"]}}],"collection":[{"href":"https:\/\/www.upm.cz\/an\/wp-json\/wp\/v2\/product"}],"about":[{"href":"https:\/\/www.upm.cz\/an\/wp-json\/wp\/v2\/types\/product"}],"wp:featuredmedia":[{"embeddable":true,"href":"https:\/\/www.upm.cz\/an\/wp-json\/wp\/v2\/media\/6249"}],"wp:attachment":[{"href":"https:\/\/www.upm.cz\/an\/wp-json\/wp\/v2\/media?parent=7004"}],"wp:term":[{"taxonomy":"product_brand","embeddable":true,"href":"https:\/\/www.upm.cz\/an\/wp-json\/wp\/v2\/product_brand?post=7004"},{"taxonomy":"product_cat","embeddable":true,"href":"https:\/\/www.upm.cz\/an\/wp-json\/wp\/v2\/product_cat?post=7004"},{"taxonomy":"product_tag","embeddable":true,"href":"https:\/\/www.upm.cz\/an\/wp-json\/wp\/v2\/product_tag?post=7004"}],"curies":[{"name":"wp","href":"https:\/\/api.w.org\/{rel}","templated":true}]}}