{"id":7017,"date":"2021-02-15T15:29:18","date_gmt":"2021-02-15T14:29:18","guid":{"rendered":"https:\/\/www.upm.cz\/?post_type=product&#038;p=7017"},"modified":"2026-03-04T20:30:05","modified_gmt":"2026-03-04T19:30:05","slug":"vojtech-preissig-pro-republiku","status":"publish","type":"product","link":"https:\/\/www.upm.cz\/an\/eshop\/vojtech-preissig-pro-republiku\/","title":{"rendered":"VOJT\u011aCH PREISSIG. PRO REPUBLIKU!"},"content":{"rendered":"<p>Publikace mapuje \u010d\u00e1st tvorby jednoho z\u00a0nejv\u00fdrazn\u011bj\u0161\u00edch \u010desk\u00fdch um\u011blc\u016f prvn\u00ed poloviny 20.\u00a0stolet\u00ed, Vojt\u011bcha Preissiga, zam\u011b\u0159enou na\u00a0um\u011blcovo anga\u017em\u00e1 pro vlast na\u00a0poli grafick\u00e9ho designu. V\u00a0obdob\u00ed prvn\u00edho i\u00a0druh\u00e9ho odboje vytvo\u0159il \u0159adu plak\u00e1t\u016f, bro\u017eur, let\u00e1k\u016f, grafick\u00fdch list\u016f, n\u00e1vrh\u016f i\u00a0\u0161to\u010dk\u016f. J\u00e1dro kolekce tvo\u0159\u00ed n\u00e1borov\u00e9 legion\u00e1\u0159sk\u00e9 plak\u00e1ty, kter\u00e9 jsou pro svou um\u011bleckou \u00farove\u0148, p\u016fsobivost a\u00a0kultivovan\u00fd v\u00fdraz v\u00fdjime\u010dn\u00e9 i\u00a0ve\u00a0sv\u011btov\u00e9m kontextu. Ve\u00a0sv\u00e9m p\u016fsobi\u0161ti na\u00a0Wentworth Institute v\u00a0Bostonu Preissig zhotovil plak\u00e1ty pro americkou arm\u00e1du a\u00a0dal\u0161\u00ed tiskoviny. Mezi uk\u00e1zky jeho anga\u017eovan\u00e9 tvorby pat\u0159\u00ed tak\u00e9 n\u00e1vrhy na\u00a0\u010deskoslovenskou vlajku.<\/p>\n<p>&nbsp;<\/p>","protected":false},"excerpt":{"rendered":"<p>Publikaci vydala Pra\u017esk\u00e1 edice ve\u00a0spolupr\u00e1ci s\u00a0Um\u011bleckopr\u016fmyslov\u00fdm museem v\u00a0Praze k\u00a0v\u00fdstav\u011b konan\u00e9 v\u00a0Clam-Gallasov\u011b pal\u00e1ci v\u00a0Praze ve\u00a0dnech 12.\u00a0z\u00e1\u0159\u00ed \u2013 28.\u00a0\u0159\u00edjna 2008.<\/p>\n<p>autor koncepce, editor: Lucie Vl\u010dkov\u00e1<br \/>\ntexty: Ale\u0161 Bro\u017eek, Jaroslav \u010cvan\u010dara, Petr Koura, Ilona Krbcov\u00e1, Lucie Vl\u010dkov\u00e1<br \/>\ngrafick\u00fd design: \u0160t\u011bp\u00e1n Malovec, Martin Odehnal<br \/>\nvyd\u00e1n\u00ed: \u010desk\u00e9 s\u00a0anglick\u00fdm resum\u00e9<br \/>\nrozsah: 158 stran<br \/>\nform\u00e1t: 210 x\u00a0210 cm, vazba bro\u017eovan\u00e1<br \/>\nreprodukce: 92<br \/>\nISBN: 80\u201486239-160\u20140<\/p>","protected":false},"featured_media":6110,"template":"","meta":{"_acf_changed":false},"product_brand":[],"product_cat":[45],"product_tag":[],"class_list":{"0":"post-7017","1":"product","2":"type-product","3":"status-publish","4":"has-post-thumbnail","6":"product_cat-knihy","8":"first","9":"instock","10":"shipping-taxable","11":"purchasable","12":"product-type-simple"},"acf":[],"yoast_head":"<!-- This site is optimized with the Yoast SEO plugin v26.9 - https:\/\/yoast.com\/product\/yoast-seo-wordpress\/ -->\n<title>VOJT\u011aCH PREISSIG. PRO REPUBLIKU! - Um\u011bleckopr\u016fmyslov\u00e9 museum v Praze<\/title>\n<meta name=\"description\" content=\"Publikace mapuje \u010d\u00e1st tvorby jednoho z nejv\u00fdrazn\u011bj\u0161\u00edch \u010desk\u00fdch um\u011blc\u016f prvn\u00ed poloviny 20. stolet\u00ed, Vojt\u011bcha Preissiga, zam\u011b\u0159enou na um\u011blcovo anga\u017em\u00e1 pro vlast na poli grafick\u00e9ho designu. V obdob\u00ed prvn\u00edho i druh\u00e9ho odboje vytvo\u0159il \u0159adu plak\u00e1t\u016f, bro\u017eur, let\u00e1k\u016f, grafick\u00fdch list\u016f, n\u00e1vrh\u016f i \u0161to\u010dk\u016f. Mezi uk\u00e1zky jeho anga\u017eovan\u00e9 tvorby pat\u0159\u00ed tak\u00e9 n\u00e1vrhy na \u010deskoslovenskou vlajku.\" \/>\n<meta name=\"robots\" content=\"noindex, nofollow\" \/>\n<meta property=\"og:locale\" content=\"en_US\" \/>\n<meta property=\"og:type\" content=\"article\" \/>\n<meta property=\"og:title\" content=\"VOJT\u011aCH PREISSIG. PRO REPUBLIKU! - Um\u011bleckopr\u016fmyslov\u00e9 museum v Praze\" \/>\n<meta property=\"og:description\" content=\"Publikace mapuje \u010d\u00e1st tvorby jednoho z nejv\u00fdrazn\u011bj\u0161\u00edch \u010desk\u00fdch um\u011blc\u016f prvn\u00ed poloviny 20. stolet\u00ed, Vojt\u011bcha Preissiga, zam\u011b\u0159enou na um\u011blcovo anga\u017em\u00e1 pro vlast na poli grafick\u00e9ho designu. V obdob\u00ed prvn\u00edho i druh\u00e9ho odboje vytvo\u0159il \u0159adu plak\u00e1t\u016f, bro\u017eur, let\u00e1k\u016f, grafick\u00fdch list\u016f, n\u00e1vrh\u016f i \u0161to\u010dk\u016f. Mezi uk\u00e1zky jeho anga\u017eovan\u00e9 tvorby pat\u0159\u00ed tak\u00e9 n\u00e1vrhy na \u010deskoslovenskou vlajku.\" \/>\n<meta property=\"og:url\" content=\"https:\/\/www.upm.cz\/an\/eshop\/vojtech-preissig-pro-republiku\/\" \/>\n<meta property=\"og:site_name\" content=\"Um\u011bleckopr\u016fmyslov\u00e9 museum v Praze\" \/>\n<meta property=\"article:modified_time\" content=\"2026-03-04T19:30:05+00:00\" \/>\n<meta property=\"og:image\" content=\"https:\/\/www.upm.cz\/wp-content\/uploads\/Preissig_pro_republiku.jpg\" \/>\n\t<meta property=\"og:image:width\" content=\"425\" \/>\n\t<meta property=\"og:image:height\" content=\"428\" \/>\n\t<meta property=\"og:image:type\" content=\"image\/jpeg\" \/>\n<meta name=\"twitter:card\" content=\"summary_large_image\" \/>\n<meta name=\"twitter:label1\" content=\"Est. reading time\" \/>\n\t<meta name=\"twitter:data1\" content=\"1 minute\" \/>\n<script type=\"application\/ld+json\" class=\"yoast-schema-graph\">{\"@context\":\"https:\/\/schema.org\",\"@graph\":[{\"@type\":\"WebPage\",\"@id\":\"https:\/\/www.upm.cz\/eshop\/vojtech-preissig-pro-republiku\/\",\"url\":\"https:\/\/www.upm.cz\/eshop\/vojtech-preissig-pro-republiku\/\",\"name\":\"VOJT\u011aCH PREISSIG. PRO REPUBLIKU! - Um\u011bleckopr\u016fmyslov\u00e9 museum v Praze\",\"isPartOf\":{\"@id\":\"https:\/\/www.upm.cz\/#website\"},\"primaryImageOfPage\":{\"@id\":\"https:\/\/www.upm.cz\/eshop\/vojtech-preissig-pro-republiku\/#primaryimage\"},\"image\":{\"@id\":\"https:\/\/www.upm.cz\/eshop\/vojtech-preissig-pro-republiku\/#primaryimage\"},\"thumbnailUrl\":\"https:\/\/www.upm.cz\/wp-content\/uploads\/Preissig_pro_republiku.jpg\",\"datePublished\":\"2021-02-15T14:29:18+00:00\",\"dateModified\":\"2026-03-04T19:30:05+00:00\",\"description\":\"Publikace mapuje \u010d\u00e1st tvorby jednoho z nejv\u00fdrazn\u011bj\u0161\u00edch \u010desk\u00fdch um\u011blc\u016f prvn\u00ed poloviny 20. stolet\u00ed, Vojt\u011bcha Preissiga, zam\u011b\u0159enou na um\u011blcovo anga\u017em\u00e1 pro vlast na poli grafick\u00e9ho designu. V obdob\u00ed prvn\u00edho i druh\u00e9ho odboje vytvo\u0159il \u0159adu plak\u00e1t\u016f, bro\u017eur, let\u00e1k\u016f, grafick\u00fdch list\u016f, n\u00e1vrh\u016f i \u0161to\u010dk\u016f. Mezi uk\u00e1zky jeho anga\u017eovan\u00e9 tvorby pat\u0159\u00ed tak\u00e9 n\u00e1vrhy na \u010deskoslovenskou vlajku.\",\"breadcrumb\":{\"@id\":\"https:\/\/www.upm.cz\/eshop\/vojtech-preissig-pro-republiku\/#breadcrumb\"},\"inLanguage\":\"en-US\",\"potentialAction\":[{\"@type\":\"ReadAction\",\"target\":[\"https:\/\/www.upm.cz\/eshop\/vojtech-preissig-pro-republiku\/\"]}]},{\"@type\":\"ImageObject\",\"inLanguage\":\"en-US\",\"@id\":\"https:\/\/www.upm.cz\/eshop\/vojtech-preissig-pro-republiku\/#primaryimage\",\"url\":\"https:\/\/www.upm.cz\/wp-content\/uploads\/Preissig_pro_republiku.jpg\",\"contentUrl\":\"https:\/\/www.upm.cz\/wp-content\/uploads\/Preissig_pro_republiku.jpg\",\"width\":425,\"height\":428},{\"@type\":\"BreadcrumbList\",\"@id\":\"https:\/\/www.upm.cz\/eshop\/vojtech-preissig-pro-republiku\/#breadcrumb\",\"itemListElement\":[{\"@type\":\"ListItem\",\"position\":1,\"name\":\"Dom\u016f\",\"item\":\"https:\/\/www.upm.cz\/\"},{\"@type\":\"ListItem\",\"position\":2,\"name\":\"eshop\",\"item\":\"https:\/\/www.upm.cz\/eshop\/\"},{\"@type\":\"ListItem\",\"position\":3,\"name\":\"VOJT\u011aCH PREISSIG. PRO REPUBLIKU!\"}]},{\"@type\":\"WebSite\",\"@id\":\"https:\/\/www.upm.cz\/#website\",\"url\":\"https:\/\/www.upm.cz\/\",\"name\":\"Um\u011bleckopr\u016fmyslov\u00e9 museum v Praze\",\"description\":\"\",\"publisher\":{\"@id\":\"https:\/\/www.upm.cz\/#organization\"},\"potentialAction\":[{\"@type\":\"SearchAction\",\"target\":{\"@type\":\"EntryPoint\",\"urlTemplate\":\"https:\/\/www.upm.cz\/?s={search_term_string}\"},\"query-input\":{\"@type\":\"PropertyValueSpecification\",\"valueRequired\":true,\"valueName\":\"search_term_string\"}}],\"inLanguage\":\"en-US\"},{\"@type\":\"Organization\",\"@id\":\"https:\/\/www.upm.cz\/#organization\",\"name\":\"Um\u011bleckopr\u016fmyslov\u00e9 museum v Praze\",\"url\":\"https:\/\/www.upm.cz\/\",\"logo\":{\"@type\":\"ImageObject\",\"inLanguage\":\"en-US\",\"@id\":\"https:\/\/www.upm.cz\/#\/schema\/logo\/image\/\",\"url\":\"https:\/\/www.upm.cz\/wp-content\/uploads\/2020\/03\/logo_upm_cz.svg\",\"contentUrl\":\"https:\/\/www.upm.cz\/wp-content\/uploads\/2020\/03\/logo_upm_cz.svg\",\"width\":1736,\"height\":295,\"caption\":\"Um\u011bleckopr\u016fmyslov\u00e9 museum v Praze\"},\"image\":{\"@id\":\"https:\/\/www.upm.cz\/#\/schema\/logo\/image\/\"}}]}<\/script>\n<!-- \/ Yoast SEO plugin. -->","yoast_head_json":{"title":"VOJT\u011aCH PREISSIG. PRO REPUBLIKU! - Um\u011bleckopr\u016fmyslov\u00e9 museum v Praze","description":"Publikace mapuje \u010d\u00e1st tvorby jednoho z nejv\u00fdrazn\u011bj\u0161\u00edch \u010desk\u00fdch um\u011blc\u016f prvn\u00ed poloviny 20. stolet\u00ed, Vojt\u011bcha Preissiga, zam\u011b\u0159enou na um\u011blcovo anga\u017em\u00e1 pro vlast na poli grafick\u00e9ho designu. V obdob\u00ed prvn\u00edho i druh\u00e9ho odboje vytvo\u0159il \u0159adu plak\u00e1t\u016f, bro\u017eur, let\u00e1k\u016f, grafick\u00fdch list\u016f, n\u00e1vrh\u016f i \u0161to\u010dk\u016f. Mezi uk\u00e1zky jeho anga\u017eovan\u00e9 tvorby pat\u0159\u00ed tak\u00e9 n\u00e1vrhy na \u010deskoslovenskou vlajku.","robots":{"index":"noindex","follow":"nofollow"},"og_locale":"en_US","og_type":"article","og_title":"VOJT\u011aCH PREISSIG. PRO REPUBLIKU! - Um\u011bleckopr\u016fmyslov\u00e9 museum v Praze","og_description":"Publikace mapuje \u010d\u00e1st tvorby jednoho z nejv\u00fdrazn\u011bj\u0161\u00edch \u010desk\u00fdch um\u011blc\u016f prvn\u00ed poloviny 20. stolet\u00ed, Vojt\u011bcha Preissiga, zam\u011b\u0159enou na um\u011blcovo anga\u017em\u00e1 pro vlast na poli grafick\u00e9ho designu. V obdob\u00ed prvn\u00edho i druh\u00e9ho odboje vytvo\u0159il \u0159adu plak\u00e1t\u016f, bro\u017eur, let\u00e1k\u016f, grafick\u00fdch list\u016f, n\u00e1vrh\u016f i \u0161to\u010dk\u016f. Mezi uk\u00e1zky jeho anga\u017eovan\u00e9 tvorby pat\u0159\u00ed tak\u00e9 n\u00e1vrhy na \u010deskoslovenskou vlajku.","og_url":"https:\/\/www.upm.cz\/an\/eshop\/vojtech-preissig-pro-republiku\/","og_site_name":"Um\u011bleckopr\u016fmyslov\u00e9 museum v Praze","article_modified_time":"2026-03-04T19:30:05+00:00","og_image":[{"width":425,"height":428,"url":"https:\/\/www.upm.cz\/wp-content\/uploads\/Preissig_pro_republiku.jpg","type":"image\/jpeg"}],"twitter_card":"summary_large_image","twitter_misc":{"Est. reading time":"1 minute"},"schema":{"@context":"https:\/\/schema.org","@graph":[{"@type":"WebPage","@id":"https:\/\/www.upm.cz\/eshop\/vojtech-preissig-pro-republiku\/","url":"https:\/\/www.upm.cz\/eshop\/vojtech-preissig-pro-republiku\/","name":"VOJT\u011aCH PREISSIG. PRO REPUBLIKU! - Um\u011bleckopr\u016fmyslov\u00e9 museum v Praze","isPartOf":{"@id":"https:\/\/www.upm.cz\/#website"},"primaryImageOfPage":{"@id":"https:\/\/www.upm.cz\/eshop\/vojtech-preissig-pro-republiku\/#primaryimage"},"image":{"@id":"https:\/\/www.upm.cz\/eshop\/vojtech-preissig-pro-republiku\/#primaryimage"},"thumbnailUrl":"https:\/\/www.upm.cz\/wp-content\/uploads\/Preissig_pro_republiku.jpg","datePublished":"2021-02-15T14:29:18+00:00","dateModified":"2026-03-04T19:30:05+00:00","description":"Publikace mapuje \u010d\u00e1st tvorby jednoho z nejv\u00fdrazn\u011bj\u0161\u00edch \u010desk\u00fdch um\u011blc\u016f prvn\u00ed poloviny 20. stolet\u00ed, Vojt\u011bcha Preissiga, zam\u011b\u0159enou na um\u011blcovo anga\u017em\u00e1 pro vlast na poli grafick\u00e9ho designu. V obdob\u00ed prvn\u00edho i druh\u00e9ho odboje vytvo\u0159il \u0159adu plak\u00e1t\u016f, bro\u017eur, let\u00e1k\u016f, grafick\u00fdch list\u016f, n\u00e1vrh\u016f i \u0161to\u010dk\u016f. Mezi uk\u00e1zky jeho anga\u017eovan\u00e9 tvorby pat\u0159\u00ed tak\u00e9 n\u00e1vrhy na \u010deskoslovenskou vlajku.","breadcrumb":{"@id":"https:\/\/www.upm.cz\/eshop\/vojtech-preissig-pro-republiku\/#breadcrumb"},"inLanguage":"en-US","potentialAction":[{"@type":"ReadAction","target":["https:\/\/www.upm.cz\/eshop\/vojtech-preissig-pro-republiku\/"]}]},{"@type":"ImageObject","inLanguage":"en-US","@id":"https:\/\/www.upm.cz\/eshop\/vojtech-preissig-pro-republiku\/#primaryimage","url":"https:\/\/www.upm.cz\/wp-content\/uploads\/Preissig_pro_republiku.jpg","contentUrl":"https:\/\/www.upm.cz\/wp-content\/uploads\/Preissig_pro_republiku.jpg","width":425,"height":428},{"@type":"BreadcrumbList","@id":"https:\/\/www.upm.cz\/eshop\/vojtech-preissig-pro-republiku\/#breadcrumb","itemListElement":[{"@type":"ListItem","position":1,"name":"Dom\u016f","item":"https:\/\/www.upm.cz\/"},{"@type":"ListItem","position":2,"name":"eshop","item":"https:\/\/www.upm.cz\/eshop\/"},{"@type":"ListItem","position":3,"name":"VOJT\u011aCH PREISSIG. PRO REPUBLIKU!"}]},{"@type":"WebSite","@id":"https:\/\/www.upm.cz\/#website","url":"https:\/\/www.upm.cz\/","name":"Um\u011bleckopr\u016fmyslov\u00e9 museum v Praze","description":"","publisher":{"@id":"https:\/\/www.upm.cz\/#organization"},"potentialAction":[{"@type":"SearchAction","target":{"@type":"EntryPoint","urlTemplate":"https:\/\/www.upm.cz\/?s={search_term_string}"},"query-input":{"@type":"PropertyValueSpecification","valueRequired":true,"valueName":"search_term_string"}}],"inLanguage":"en-US"},{"@type":"Organization","@id":"https:\/\/www.upm.cz\/#organization","name":"Um\u011bleckopr\u016fmyslov\u00e9 museum v Praze","url":"https:\/\/www.upm.cz\/","logo":{"@type":"ImageObject","inLanguage":"en-US","@id":"https:\/\/www.upm.cz\/#\/schema\/logo\/image\/","url":"https:\/\/www.upm.cz\/wp-content\/uploads\/2020\/03\/logo_upm_cz.svg","contentUrl":"https:\/\/www.upm.cz\/wp-content\/uploads\/2020\/03\/logo_upm_cz.svg","width":1736,"height":295,"caption":"Um\u011bleckopr\u016fmyslov\u00e9 museum v Praze"},"image":{"@id":"https:\/\/www.upm.cz\/#\/schema\/logo\/image\/"}}]}},"_links":{"self":[{"href":"https:\/\/www.upm.cz\/an\/wp-json\/wp\/v2\/product\/7017","targetHints":{"allow":["GET"]}}],"collection":[{"href":"https:\/\/www.upm.cz\/an\/wp-json\/wp\/v2\/product"}],"about":[{"href":"https:\/\/www.upm.cz\/an\/wp-json\/wp\/v2\/types\/product"}],"wp:featuredmedia":[{"embeddable":true,"href":"https:\/\/www.upm.cz\/an\/wp-json\/wp\/v2\/media\/6110"}],"wp:attachment":[{"href":"https:\/\/www.upm.cz\/an\/wp-json\/wp\/v2\/media?parent=7017"}],"wp:term":[{"taxonomy":"product_brand","embeddable":true,"href":"https:\/\/www.upm.cz\/an\/wp-json\/wp\/v2\/product_brand?post=7017"},{"taxonomy":"product_cat","embeddable":true,"href":"https:\/\/www.upm.cz\/an\/wp-json\/wp\/v2\/product_cat?post=7017"},{"taxonomy":"product_tag","embeddable":true,"href":"https:\/\/www.upm.cz\/an\/wp-json\/wp\/v2\/product_tag?post=7017"}],"curies":[{"name":"wp","href":"https:\/\/api.w.org\/{rel}","templated":true}]}}