{"id":7058,"date":"2021-02-16T19:57:26","date_gmt":"2021-02-16T18:57:26","guid":{"rendered":"https:\/\/www.upm.cz\/?post_type=product&#038;p=7058"},"modified":"2026-01-31T16:15:28","modified_gmt":"2026-01-31T15:15:28","slug":"glamour-damska-spolecenska-moda-1950-2010","status":"publish","type":"product","link":"https:\/\/www.upm.cz\/an\/eshop\/glamour-damska-spolecenska-moda-1950-2010\/","title":{"rendered":"GLAMOUR. D\u00c1MSK\u00c1 SPOLE\u010cENSK\u00c1 M\u00d3DA 1950\u20132010"},"content":{"rendered":"<p>Publikace p\u0159edstavuje v\u00fdb\u011br spole\u010densk\u00fdch od\u011bv\u016f \u010desk\u00e9 i\u00a0zahrani\u010dn\u00ed provenience od roku 1950 do sou\u010dasnosti. Obrazovou \u010d\u00e1st uv\u00e1d\u00ed text v\u011bnovan\u00fd obecn\u00e9mu v\u00fdvoji spole\u010densk\u00e9ho od\u011bvu po\u00a02.\u00a0sv\u011btov\u00e9 v\u00e1lce ve sv\u011bt\u011b a\u00a0tak\u00e9 specifick\u00e9 situaci v\u00a0\u010ceskoslovensku s\u00a0d\u016frazem na autorskou modelovou tvorbu \u010desk\u00fdch n\u00e1vrh\u00e1\u0159\u016f v\u00a0letech 1990 a\u017e 2010.<\/p>","protected":false},"excerpt":{"rendered":"<p>vydavatel: UPM v&nbsp;Praze, 2011<br \/>\ntext: Konstantina Hlav\u00e1\u010dkov\u00e1<br \/>\nvyd\u00e1n\u00ed: \u010desk\u00e9 s\u00a0anglick\u00fdm resum\u00e9<br \/>\nform\u00e1t: 22 x 19 cm, m\u011bkk\u00e1 vazba<br \/>\npo\u010det stran: 248<br \/>\npo\u010det\u00a0reprodukc\u00ed: 156<br \/>\nISBN 978-80-7101-146-0<\/p>","protected":false},"featured_media":1895,"template":"","meta":{"_acf_changed":false},"product_brand":[],"product_cat":[45],"product_tag":[],"class_list":{"0":"post-7058","1":"product","2":"type-product","3":"status-publish","4":"has-post-thumbnail","6":"product_cat-knihy","8":"first","9":"instock","10":"shipping-taxable","11":"purchasable","12":"product-type-simple"},"acf":[],"yoast_head":"<!-- This site is optimized with the Yoast SEO plugin v26.9 - https:\/\/yoast.com\/product\/yoast-seo-wordpress\/ -->\n<title>GLAMOUR. D\u00c1MSK\u00c1 SPOLE\u010cENSK\u00c1 M\u00d3DA 1950\u20132010 - Um\u011bleckopr\u016fmyslov\u00e9 museum v Praze<\/title>\n<meta name=\"description\" content=\"Publikace p\u0159edstavuje v\u00fdb\u011br spole\u010densk\u00fdch od\u011bv\u016f \u010desk\u00e9 i zahrani\u010dn\u00ed provenience od roku 1950 do sou\u010dasnosti. Obrazovou \u010d\u00e1st uv\u00e1d\u00ed text v\u011bnovan\u00fd obecn\u00e9mu v\u00fdvoji spole\u010densk\u00e9ho od\u011bvu po 2. sv\u011btov\u00e9 v\u00e1lce ve sv\u011bt\u011b a tak\u00e9 specifick\u00e9 situaci v \u010ceskoslovensku s d\u016frazem na autorskou modelovou tvorbu \u010desk\u00fdch n\u00e1vrh\u00e1\u0159\u016f v letech 1990 a\u017e 2010.\" \/>\n<meta name=\"robots\" content=\"noindex, nofollow\" \/>\n<meta property=\"og:locale\" content=\"en_US\" \/>\n<meta property=\"og:type\" content=\"article\" \/>\n<meta property=\"og:title\" content=\"GLAMOUR. D\u00c1MSK\u00c1 SPOLE\u010cENSK\u00c1 M\u00d3DA 1950\u20132010 - Um\u011bleckopr\u016fmyslov\u00e9 museum v Praze\" \/>\n<meta property=\"og:description\" content=\"Publikace p\u0159edstavuje v\u00fdb\u011br spole\u010densk\u00fdch od\u011bv\u016f \u010desk\u00e9 i zahrani\u010dn\u00ed provenience od roku 1950 do sou\u010dasnosti. Obrazovou \u010d\u00e1st uv\u00e1d\u00ed text v\u011bnovan\u00fd obecn\u00e9mu v\u00fdvoji spole\u010densk\u00e9ho od\u011bvu po 2. sv\u011btov\u00e9 v\u00e1lce ve sv\u011bt\u011b a tak\u00e9 specifick\u00e9 situaci v \u010ceskoslovensku s d\u016frazem na autorskou modelovou tvorbu \u010desk\u00fdch n\u00e1vrh\u00e1\u0159\u016f v letech 1990 a\u017e 2010.\" \/>\n<meta property=\"og:url\" content=\"https:\/\/www.upm.cz\/an\/eshop\/glamour-damska-spolecenska-moda-1950-2010\/\" \/>\n<meta property=\"og:site_name\" content=\"Um\u011bleckopr\u016fmyslov\u00e9 museum v Praze\" \/>\n<meta property=\"article:modified_time\" content=\"2026-01-31T15:15:28+00:00\" \/>\n<meta property=\"og:image\" content=\"https:\/\/www.upm.cz\/wp-content\/uploads\/1557398701-glamour_2_obalka.jpg\" \/>\n\t<meta property=\"og:image:width\" content=\"805\" \/>\n\t<meta property=\"og:image:height\" content=\"1000\" \/>\n\t<meta property=\"og:image:type\" content=\"image\/jpeg\" \/>\n<meta name=\"twitter:card\" content=\"summary_large_image\" \/>\n<script type=\"application\/ld+json\" class=\"yoast-schema-graph\">{\"@context\":\"https:\/\/schema.org\",\"@graph\":[{\"@type\":\"WebPage\",\"@id\":\"https:\/\/www.upm.cz\/eshop\/glamour-damska-spolecenska-moda-1950-2010\/\",\"url\":\"https:\/\/www.upm.cz\/eshop\/glamour-damska-spolecenska-moda-1950-2010\/\",\"name\":\"GLAMOUR. D\u00c1MSK\u00c1 SPOLE\u010cENSK\u00c1 M\u00d3DA 1950\u20132010 - Um\u011bleckopr\u016fmyslov\u00e9 museum v Praze\",\"isPartOf\":{\"@id\":\"https:\/\/www.upm.cz\/#website\"},\"primaryImageOfPage\":{\"@id\":\"https:\/\/www.upm.cz\/eshop\/glamour-damska-spolecenska-moda-1950-2010\/#primaryimage\"},\"image\":{\"@id\":\"https:\/\/www.upm.cz\/eshop\/glamour-damska-spolecenska-moda-1950-2010\/#primaryimage\"},\"thumbnailUrl\":\"https:\/\/www.upm.cz\/wp-content\/uploads\/1557398701-glamour_2_obalka.jpg\",\"datePublished\":\"2021-02-16T18:57:26+00:00\",\"dateModified\":\"2026-01-31T15:15:28+00:00\",\"description\":\"Publikace p\u0159edstavuje v\u00fdb\u011br spole\u010densk\u00fdch od\u011bv\u016f \u010desk\u00e9 i zahrani\u010dn\u00ed provenience od roku 1950 do sou\u010dasnosti. Obrazovou \u010d\u00e1st uv\u00e1d\u00ed text v\u011bnovan\u00fd obecn\u00e9mu v\u00fdvoji spole\u010densk\u00e9ho od\u011bvu po 2. sv\u011btov\u00e9 v\u00e1lce ve sv\u011bt\u011b a tak\u00e9 specifick\u00e9 situaci v \u010ceskoslovensku s d\u016frazem na autorskou modelovou tvorbu \u010desk\u00fdch n\u00e1vrh\u00e1\u0159\u016f v letech 1990 a\u017e 2010.\",\"breadcrumb\":{\"@id\":\"https:\/\/www.upm.cz\/eshop\/glamour-damska-spolecenska-moda-1950-2010\/#breadcrumb\"},\"inLanguage\":\"en-US\",\"potentialAction\":[{\"@type\":\"ReadAction\",\"target\":[\"https:\/\/www.upm.cz\/eshop\/glamour-damska-spolecenska-moda-1950-2010\/\"]}]},{\"@type\":\"ImageObject\",\"inLanguage\":\"en-US\",\"@id\":\"https:\/\/www.upm.cz\/eshop\/glamour-damska-spolecenska-moda-1950-2010\/#primaryimage\",\"url\":\"https:\/\/www.upm.cz\/wp-content\/uploads\/1557398701-glamour_2_obalka.jpg\",\"contentUrl\":\"https:\/\/www.upm.cz\/wp-content\/uploads\/1557398701-glamour_2_obalka.jpg\",\"width\":805,\"height\":1000},{\"@type\":\"BreadcrumbList\",\"@id\":\"https:\/\/www.upm.cz\/eshop\/glamour-damska-spolecenska-moda-1950-2010\/#breadcrumb\",\"itemListElement\":[{\"@type\":\"ListItem\",\"position\":1,\"name\":\"Dom\u016f\",\"item\":\"https:\/\/www.upm.cz\/\"},{\"@type\":\"ListItem\",\"position\":2,\"name\":\"eshop\",\"item\":\"https:\/\/www.upm.cz\/eshop\/\"},{\"@type\":\"ListItem\",\"position\":3,\"name\":\"GLAMOUR. D\u00c1MSK\u00c1 SPOLE\u010cENSK\u00c1 M\u00d3DA 1950\u20132010\"}]},{\"@type\":\"WebSite\",\"@id\":\"https:\/\/www.upm.cz\/#website\",\"url\":\"https:\/\/www.upm.cz\/\",\"name\":\"Um\u011bleckopr\u016fmyslov\u00e9 museum v Praze\",\"description\":\"\",\"publisher\":{\"@id\":\"https:\/\/www.upm.cz\/#organization\"},\"potentialAction\":[{\"@type\":\"SearchAction\",\"target\":{\"@type\":\"EntryPoint\",\"urlTemplate\":\"https:\/\/www.upm.cz\/?s={search_term_string}\"},\"query-input\":{\"@type\":\"PropertyValueSpecification\",\"valueRequired\":true,\"valueName\":\"search_term_string\"}}],\"inLanguage\":\"en-US\"},{\"@type\":\"Organization\",\"@id\":\"https:\/\/www.upm.cz\/#organization\",\"name\":\"Um\u011bleckopr\u016fmyslov\u00e9 museum v Praze\",\"url\":\"https:\/\/www.upm.cz\/\",\"logo\":{\"@type\":\"ImageObject\",\"inLanguage\":\"en-US\",\"@id\":\"https:\/\/www.upm.cz\/#\/schema\/logo\/image\/\",\"url\":\"https:\/\/www.upm.cz\/wp-content\/uploads\/2020\/03\/logo_upm_cz.svg\",\"contentUrl\":\"https:\/\/www.upm.cz\/wp-content\/uploads\/2020\/03\/logo_upm_cz.svg\",\"width\":1736,\"height\":295,\"caption\":\"Um\u011bleckopr\u016fmyslov\u00e9 museum v Praze\"},\"image\":{\"@id\":\"https:\/\/www.upm.cz\/#\/schema\/logo\/image\/\"}}]}<\/script>\n<!-- \/ Yoast SEO plugin. -->","yoast_head_json":{"title":"GLAMOUR. D\u00c1MSK\u00c1 SPOLE\u010cENSK\u00c1 M\u00d3DA 1950\u20132010 - Um\u011bleckopr\u016fmyslov\u00e9 museum v Praze","description":"Publikace p\u0159edstavuje v\u00fdb\u011br spole\u010densk\u00fdch od\u011bv\u016f \u010desk\u00e9 i zahrani\u010dn\u00ed provenience od roku 1950 do sou\u010dasnosti. Obrazovou \u010d\u00e1st uv\u00e1d\u00ed text v\u011bnovan\u00fd obecn\u00e9mu v\u00fdvoji spole\u010densk\u00e9ho od\u011bvu po 2. sv\u011btov\u00e9 v\u00e1lce ve sv\u011bt\u011b a tak\u00e9 specifick\u00e9 situaci v \u010ceskoslovensku s d\u016frazem na autorskou modelovou tvorbu \u010desk\u00fdch n\u00e1vrh\u00e1\u0159\u016f v letech 1990 a\u017e 2010.","robots":{"index":"noindex","follow":"nofollow"},"og_locale":"en_US","og_type":"article","og_title":"GLAMOUR. D\u00c1MSK\u00c1 SPOLE\u010cENSK\u00c1 M\u00d3DA 1950\u20132010 - Um\u011bleckopr\u016fmyslov\u00e9 museum v Praze","og_description":"Publikace p\u0159edstavuje v\u00fdb\u011br spole\u010densk\u00fdch od\u011bv\u016f \u010desk\u00e9 i zahrani\u010dn\u00ed provenience od roku 1950 do sou\u010dasnosti. Obrazovou \u010d\u00e1st uv\u00e1d\u00ed text v\u011bnovan\u00fd obecn\u00e9mu v\u00fdvoji spole\u010densk\u00e9ho od\u011bvu po 2. sv\u011btov\u00e9 v\u00e1lce ve sv\u011bt\u011b a tak\u00e9 specifick\u00e9 situaci v \u010ceskoslovensku s d\u016frazem na autorskou modelovou tvorbu \u010desk\u00fdch n\u00e1vrh\u00e1\u0159\u016f v letech 1990 a\u017e 2010.","og_url":"https:\/\/www.upm.cz\/an\/eshop\/glamour-damska-spolecenska-moda-1950-2010\/","og_site_name":"Um\u011bleckopr\u016fmyslov\u00e9 museum v Praze","article_modified_time":"2026-01-31T15:15:28+00:00","og_image":[{"width":805,"height":1000,"url":"https:\/\/www.upm.cz\/wp-content\/uploads\/1557398701-glamour_2_obalka.jpg","type":"image\/jpeg"}],"twitter_card":"summary_large_image","schema":{"@context":"https:\/\/schema.org","@graph":[{"@type":"WebPage","@id":"https:\/\/www.upm.cz\/eshop\/glamour-damska-spolecenska-moda-1950-2010\/","url":"https:\/\/www.upm.cz\/eshop\/glamour-damska-spolecenska-moda-1950-2010\/","name":"GLAMOUR. D\u00c1MSK\u00c1 SPOLE\u010cENSK\u00c1 M\u00d3DA 1950\u20132010 - Um\u011bleckopr\u016fmyslov\u00e9 museum v Praze","isPartOf":{"@id":"https:\/\/www.upm.cz\/#website"},"primaryImageOfPage":{"@id":"https:\/\/www.upm.cz\/eshop\/glamour-damska-spolecenska-moda-1950-2010\/#primaryimage"},"image":{"@id":"https:\/\/www.upm.cz\/eshop\/glamour-damska-spolecenska-moda-1950-2010\/#primaryimage"},"thumbnailUrl":"https:\/\/www.upm.cz\/wp-content\/uploads\/1557398701-glamour_2_obalka.jpg","datePublished":"2021-02-16T18:57:26+00:00","dateModified":"2026-01-31T15:15:28+00:00","description":"Publikace p\u0159edstavuje v\u00fdb\u011br spole\u010densk\u00fdch od\u011bv\u016f \u010desk\u00e9 i zahrani\u010dn\u00ed provenience od roku 1950 do sou\u010dasnosti. Obrazovou \u010d\u00e1st uv\u00e1d\u00ed text v\u011bnovan\u00fd obecn\u00e9mu v\u00fdvoji spole\u010densk\u00e9ho od\u011bvu po 2. sv\u011btov\u00e9 v\u00e1lce ve sv\u011bt\u011b a tak\u00e9 specifick\u00e9 situaci v \u010ceskoslovensku s d\u016frazem na autorskou modelovou tvorbu \u010desk\u00fdch n\u00e1vrh\u00e1\u0159\u016f v letech 1990 a\u017e 2010.","breadcrumb":{"@id":"https:\/\/www.upm.cz\/eshop\/glamour-damska-spolecenska-moda-1950-2010\/#breadcrumb"},"inLanguage":"en-US","potentialAction":[{"@type":"ReadAction","target":["https:\/\/www.upm.cz\/eshop\/glamour-damska-spolecenska-moda-1950-2010\/"]}]},{"@type":"ImageObject","inLanguage":"en-US","@id":"https:\/\/www.upm.cz\/eshop\/glamour-damska-spolecenska-moda-1950-2010\/#primaryimage","url":"https:\/\/www.upm.cz\/wp-content\/uploads\/1557398701-glamour_2_obalka.jpg","contentUrl":"https:\/\/www.upm.cz\/wp-content\/uploads\/1557398701-glamour_2_obalka.jpg","width":805,"height":1000},{"@type":"BreadcrumbList","@id":"https:\/\/www.upm.cz\/eshop\/glamour-damska-spolecenska-moda-1950-2010\/#breadcrumb","itemListElement":[{"@type":"ListItem","position":1,"name":"Dom\u016f","item":"https:\/\/www.upm.cz\/"},{"@type":"ListItem","position":2,"name":"eshop","item":"https:\/\/www.upm.cz\/eshop\/"},{"@type":"ListItem","position":3,"name":"GLAMOUR. D\u00c1MSK\u00c1 SPOLE\u010cENSK\u00c1 M\u00d3DA 1950\u20132010"}]},{"@type":"WebSite","@id":"https:\/\/www.upm.cz\/#website","url":"https:\/\/www.upm.cz\/","name":"Um\u011bleckopr\u016fmyslov\u00e9 museum v Praze","description":"","publisher":{"@id":"https:\/\/www.upm.cz\/#organization"},"potentialAction":[{"@type":"SearchAction","target":{"@type":"EntryPoint","urlTemplate":"https:\/\/www.upm.cz\/?s={search_term_string}"},"query-input":{"@type":"PropertyValueSpecification","valueRequired":true,"valueName":"search_term_string"}}],"inLanguage":"en-US"},{"@type":"Organization","@id":"https:\/\/www.upm.cz\/#organization","name":"Um\u011bleckopr\u016fmyslov\u00e9 museum v Praze","url":"https:\/\/www.upm.cz\/","logo":{"@type":"ImageObject","inLanguage":"en-US","@id":"https:\/\/www.upm.cz\/#\/schema\/logo\/image\/","url":"https:\/\/www.upm.cz\/wp-content\/uploads\/2020\/03\/logo_upm_cz.svg","contentUrl":"https:\/\/www.upm.cz\/wp-content\/uploads\/2020\/03\/logo_upm_cz.svg","width":1736,"height":295,"caption":"Um\u011bleckopr\u016fmyslov\u00e9 museum v Praze"},"image":{"@id":"https:\/\/www.upm.cz\/#\/schema\/logo\/image\/"}}]}},"_links":{"self":[{"href":"https:\/\/www.upm.cz\/an\/wp-json\/wp\/v2\/product\/7058","targetHints":{"allow":["GET"]}}],"collection":[{"href":"https:\/\/www.upm.cz\/an\/wp-json\/wp\/v2\/product"}],"about":[{"href":"https:\/\/www.upm.cz\/an\/wp-json\/wp\/v2\/types\/product"}],"wp:featuredmedia":[{"embeddable":true,"href":"https:\/\/www.upm.cz\/an\/wp-json\/wp\/v2\/media\/1895"}],"wp:attachment":[{"href":"https:\/\/www.upm.cz\/an\/wp-json\/wp\/v2\/media?parent=7058"}],"wp:term":[{"taxonomy":"product_brand","embeddable":true,"href":"https:\/\/www.upm.cz\/an\/wp-json\/wp\/v2\/product_brand?post=7058"},{"taxonomy":"product_cat","embeddable":true,"href":"https:\/\/www.upm.cz\/an\/wp-json\/wp\/v2\/product_cat?post=7058"},{"taxonomy":"product_tag","embeddable":true,"href":"https:\/\/www.upm.cz\/an\/wp-json\/wp\/v2\/product_tag?post=7058"}],"curies":[{"name":"wp","href":"https:\/\/api.w.org\/{rel}","templated":true}]}}