{"id":7069,"date":"2021-02-16T20:21:01","date_gmt":"2021-02-16T19:21:01","guid":{"rendered":"https:\/\/www.upm.cz\/?post_type=product&#038;p=7069"},"modified":"2026-02-28T00:22:15","modified_gmt":"2026-02-27T23:22:15","slug":"oldrich-rosenbaum-oldric-royce-zivot-s-modou-v-praze-a-new-yorku","status":"publish","type":"product","link":"https:\/\/www.upm.cz\/an\/eshop\/oldrich-rosenbaum-oldric-royce-zivot-s-modou-v-praze-a-new-yorku\/","title":{"rendered":"OLD\u0158ICH ROSENBAUM\/OLDRIC ROYCE. \u017dIVOT S&nbsp;M\u00d3DOU V&nbsp;PRAZE A&nbsp;NEW YORKU"},"content":{"rendered":"<p>Nev\u0161edn\u00ed p\u0159\u00edb\u011bh p\u0159edn\u00edho pra\u017esk\u00e9ho krej\u010d\u00edho, couturi\u00e9ra a\u00a0od\u011bvn\u00edho design\u00e9ra Old\u0159icha (Ulricha) Rosenbauma (1896\u20131991), kter\u00fd vytv\u00e1\u0159el v\u00edce ne\u017e sedmdes\u00e1t let elegantn\u00ed a\u00a0vysoce aktu\u00e1ln\u00ed m\u00f3dn\u00ed styl od\u011bv\u016f pro z\u00e1mo\u017en\u00e9 klientky v\u00a0\u010ceskoslovensku a\u00a0pot\u00e9 v\u00a0USA, v\u010detn\u011b historie jeho exkluzivn\u00edch m\u00f3dn\u00edch dom\u016f v\u00a0Praze, Karlov\u00fdch Varech a\u00a0New Yorku.<\/p>\n<p>Kniha sleduje rozvoj krej\u010dovsk\u00e9 firmy od zalo\u017een\u00ed Elisabethou Stein, provdanou Rosenbaum, v\u00a0roce 1881, jej\u00ed rozkv\u011bt v\u00a0obdob\u00ed prvn\u00ed republiky, \u00fapadek po\u00a0nacistick\u00e9 \u201earizaci\u201c na po\u010d\u00e1tku 40.\u00a0let, a\u017e po\u00a0komunistick\u00e9 zn\u00e1rodn\u011bn\u00ed v\u00a0roce 1948. Na osudech Rosenbaumovy rodiny, jeho spolupracovn\u00edk\u016f i\u00a0z\u00e1kaznic vytv\u00e1\u0159\u00ed plastick\u00fd obraz \u010desko-\u017eidovsko-n\u011bmeck\u00e9ho prost\u0159ed\u00ed meziv\u00e1le\u010dn\u00e9 Prahy. Profesn\u00ed aktivity Oldrica Royce \u2013 jak se Old\u0159ich Rosenbaum p\u0159ejmenoval po\u00a0p\u0159es\u00eddlen\u00ed do USA v\u00a0roce 1939 \u2013 vyvrcholily zalo\u017een\u00edm a\u00a0provozov\u00e1n\u00edm velmi \u00fasp\u011b\u0161n\u00e9ho m\u00f3dn\u00edho z\u00e1vodu v\u00a0New Yorku, kter\u00fd z\u00edskal n\u011bkolik odborn\u00fdch ocen\u011bn\u00ed a\u00a0jeho\u017e z\u00e1kaznicemi se staly man\u017eelky politik\u016f, v\u010detn\u011b prezident\u016f USA, zn\u00e1m\u00e9 here\u010dky, nap\u0159\u00edklad Ginger Rogers, Marlene Diettrich, i\u00a0n\u011bkter\u00e9 nejbohat\u0161\u00ed americk\u00e9 d\u00e1my, jako byla podnikatelka, filantropka a\u00a0sb\u011bratelka Marjorie Merriweather Post. Tvorbu Old\u0159icha Rosenbauma a\u00a0jeho \u017eivotn\u00ed p\u0159\u00edb\u011bh ilustruje p\u0159es 180 reprodukc\u00ed v\u010detn\u011b autentick\u00fdch uk\u00e1zek jeho od\u011bv\u016f, kter\u00e9 poskytly Hillwood Estate, Museum &amp; Gardens a\u00a0UPM.<\/p>","protected":false},"excerpt":{"rendered":"<p>vydavatel: UPM v&nbsp;Praze a&nbsp;Arbor vitae, 2017<br \/>\neditorka: Eva Uchalov\u00e1<br \/>\ntexty: Eva Uchalov\u00e1 (UPM), Howard Vincent Kurtz (Hillwood Estate, Museum &amp; Gardens)<br \/>\nvyd\u00e1n\u00ed: \u010desk\u00e9 a\u00a0anglick\u00e9<br \/>\nform\u00e1t: 22 x 19 cm, m\u011bkk\u00e1 vazba<br \/>\npo\u010det stran: 272, reprodukc\u00ed: 220<br \/>\nISBN 978-80-7101-159-0 (CZ)<br \/>\nISBN 978-80-7101-158-3 (ENG)<\/p>","protected":false},"featured_media":2099,"template":"","meta":{"_acf_changed":false},"product_brand":[],"product_cat":[45],"product_tag":[],"class_list":{"0":"post-7069","1":"product","2":"type-product","3":"status-publish","4":"has-post-thumbnail","6":"product_cat-knihy","8":"first","9":"instock","10":"shipping-taxable","11":"purchasable","12":"product-type-variable","13":"has-default-attributes"},"acf":[],"yoast_head":"<!-- This site is optimized with the Yoast SEO plugin v26.9 - https:\/\/yoast.com\/product\/yoast-seo-wordpress\/ -->\n<title>OLD\u0158ICH ROSENBAUM\/OLDRIC ROYCE. \u017dIVOT S M\u00d3DOU V PRAZE A NEW YORKU - Um\u011bleckopr\u016fmyslov\u00e9 museum v Praze<\/title>\n<meta name=\"description\" content=\"Nev\u0161edn\u00ed p\u0159\u00edb\u011bh p\u0159edn\u00edho pra\u017esk\u00e9ho krej\u010d\u00edho, couturi\u00e9ra a\u00a0od\u011bvn\u00edho design\u00e9ra Old\u0159icha (Ulricha) Rosenbauma (1896\u20131991), kter\u00fd vytv\u00e1\u0159el v\u00edce ne\u017e sedmdes\u00e1t let elegantn\u00ed a\u00a0vysoce aktu\u00e1ln\u00ed m\u00f3dn\u00ed styl od\u011bv\u016f pro z\u00e1mo\u017en\u00e9 klientky v\u00a0\u010ceskoslovensku a\u00a0pot\u00e9 v\u00a0USA, v\u010detn\u011b historie jeho exkluzivn\u00edch m\u00f3dn\u00edch dom\u016f v\u00a0Praze, Karlov\u00fdch Varech a\u00a0New Yorku.\" \/>\n<meta name=\"robots\" content=\"noindex, nofollow\" \/>\n<meta property=\"og:locale\" content=\"en_US\" \/>\n<meta property=\"og:type\" content=\"article\" \/>\n<meta property=\"og:title\" content=\"OLD\u0158ICH ROSENBAUM\/OLDRIC ROYCE. \u017dIVOT S M\u00d3DOU V PRAZE A NEW YORKU - Um\u011bleckopr\u016fmyslov\u00e9 museum v Praze\" \/>\n<meta property=\"og:description\" content=\"Nev\u0161edn\u00ed p\u0159\u00edb\u011bh p\u0159edn\u00edho pra\u017esk\u00e9ho krej\u010d\u00edho, couturi\u00e9ra a\u00a0od\u011bvn\u00edho design\u00e9ra Old\u0159icha (Ulricha) Rosenbauma (1896\u20131991), kter\u00fd vytv\u00e1\u0159el v\u00edce ne\u017e sedmdes\u00e1t let elegantn\u00ed a\u00a0vysoce aktu\u00e1ln\u00ed m\u00f3dn\u00ed styl od\u011bv\u016f pro z\u00e1mo\u017en\u00e9 klientky v\u00a0\u010ceskoslovensku a\u00a0pot\u00e9 v\u00a0USA, v\u010detn\u011b historie jeho exkluzivn\u00edch m\u00f3dn\u00edch dom\u016f v\u00a0Praze, Karlov\u00fdch Varech a\u00a0New Yorku.\" \/>\n<meta property=\"og:url\" content=\"https:\/\/www.upm.cz\/an\/eshop\/oldrich-rosenbaum-oldric-royce-zivot-s-modou-v-praze-a-new-yorku\/\" \/>\n<meta property=\"og:site_name\" content=\"Um\u011bleckopr\u016fmyslov\u00e9 museum v Praze\" \/>\n<meta property=\"article:modified_time\" content=\"2026-02-27T23:22:15+00:00\" \/>\n<meta property=\"og:image\" content=\"https:\/\/www.upm.cz\/wp-content\/uploads\/623.jpg\" \/>\n\t<meta property=\"og:image:width\" content=\"704\" \/>\n\t<meta property=\"og:image:height\" content=\"800\" \/>\n\t<meta property=\"og:image:type\" content=\"image\/jpeg\" \/>\n<meta name=\"twitter:card\" content=\"summary_large_image\" \/>\n<meta name=\"twitter:label1\" content=\"Est. reading time\" \/>\n\t<meta name=\"twitter:data1\" content=\"2 minutes\" \/>\n<script type=\"application\/ld+json\" class=\"yoast-schema-graph\">{\"@context\":\"https:\/\/schema.org\",\"@graph\":[{\"@type\":\"WebPage\",\"@id\":\"https:\/\/www.upm.cz\/eshop\/oldrich-rosenbaum-oldric-royce-zivot-s-modou-v-praze-a-new-yorku\/\",\"url\":\"https:\/\/www.upm.cz\/eshop\/oldrich-rosenbaum-oldric-royce-zivot-s-modou-v-praze-a-new-yorku\/\",\"name\":\"OLD\u0158ICH ROSENBAUM\/OLDRIC ROYCE. \u017dIVOT S M\u00d3DOU V PRAZE A NEW YORKU - Um\u011bleckopr\u016fmyslov\u00e9 museum v Praze\",\"isPartOf\":{\"@id\":\"https:\/\/www.upm.cz\/#website\"},\"primaryImageOfPage\":{\"@id\":\"https:\/\/www.upm.cz\/eshop\/oldrich-rosenbaum-oldric-royce-zivot-s-modou-v-praze-a-new-yorku\/#primaryimage\"},\"image\":{\"@id\":\"https:\/\/www.upm.cz\/eshop\/oldrich-rosenbaum-oldric-royce-zivot-s-modou-v-praze-a-new-yorku\/#primaryimage\"},\"thumbnailUrl\":\"https:\/\/www.upm.cz\/wp-content\/uploads\/623.jpg\",\"datePublished\":\"2021-02-16T19:21:01+00:00\",\"dateModified\":\"2026-02-27T23:22:15+00:00\",\"description\":\"Nev\u0161edn\u00ed p\u0159\u00edb\u011bh p\u0159edn\u00edho pra\u017esk\u00e9ho krej\u010d\u00edho, couturi\u00e9ra a\u00a0od\u011bvn\u00edho design\u00e9ra Old\u0159icha (Ulricha) Rosenbauma (1896\u20131991), kter\u00fd vytv\u00e1\u0159el v\u00edce ne\u017e sedmdes\u00e1t let elegantn\u00ed a\u00a0vysoce aktu\u00e1ln\u00ed m\u00f3dn\u00ed styl od\u011bv\u016f pro z\u00e1mo\u017en\u00e9 klientky v\u00a0\u010ceskoslovensku a\u00a0pot\u00e9 v\u00a0USA, v\u010detn\u011b historie jeho exkluzivn\u00edch m\u00f3dn\u00edch dom\u016f v\u00a0Praze, Karlov\u00fdch Varech a\u00a0New Yorku.\",\"breadcrumb\":{\"@id\":\"https:\/\/www.upm.cz\/eshop\/oldrich-rosenbaum-oldric-royce-zivot-s-modou-v-praze-a-new-yorku\/#breadcrumb\"},\"inLanguage\":\"en-US\",\"potentialAction\":[{\"@type\":\"ReadAction\",\"target\":[\"https:\/\/www.upm.cz\/eshop\/oldrich-rosenbaum-oldric-royce-zivot-s-modou-v-praze-a-new-yorku\/\"]}]},{\"@type\":\"ImageObject\",\"inLanguage\":\"en-US\",\"@id\":\"https:\/\/www.upm.cz\/eshop\/oldrich-rosenbaum-oldric-royce-zivot-s-modou-v-praze-a-new-yorku\/#primaryimage\",\"url\":\"https:\/\/www.upm.cz\/wp-content\/uploads\/623.jpg\",\"contentUrl\":\"https:\/\/www.upm.cz\/wp-content\/uploads\/623.jpg\",\"width\":704,\"height\":800},{\"@type\":\"BreadcrumbList\",\"@id\":\"https:\/\/www.upm.cz\/eshop\/oldrich-rosenbaum-oldric-royce-zivot-s-modou-v-praze-a-new-yorku\/#breadcrumb\",\"itemListElement\":[{\"@type\":\"ListItem\",\"position\":1,\"name\":\"Dom\u016f\",\"item\":\"https:\/\/www.upm.cz\/\"},{\"@type\":\"ListItem\",\"position\":2,\"name\":\"eshop\",\"item\":\"https:\/\/www.upm.cz\/eshop\/\"},{\"@type\":\"ListItem\",\"position\":3,\"name\":\"OLD\u0158ICH ROSENBAUM\/OLDRIC ROYCE. \u017dIVOT S M\u00d3DOU V PRAZE A NEW YORKU\"}]},{\"@type\":\"WebSite\",\"@id\":\"https:\/\/www.upm.cz\/#website\",\"url\":\"https:\/\/www.upm.cz\/\",\"name\":\"Um\u011bleckopr\u016fmyslov\u00e9 museum v Praze\",\"description\":\"\",\"publisher\":{\"@id\":\"https:\/\/www.upm.cz\/#organization\"},\"potentialAction\":[{\"@type\":\"SearchAction\",\"target\":{\"@type\":\"EntryPoint\",\"urlTemplate\":\"https:\/\/www.upm.cz\/?s={search_term_string}\"},\"query-input\":{\"@type\":\"PropertyValueSpecification\",\"valueRequired\":true,\"valueName\":\"search_term_string\"}}],\"inLanguage\":\"en-US\"},{\"@type\":\"Organization\",\"@id\":\"https:\/\/www.upm.cz\/#organization\",\"name\":\"Um\u011bleckopr\u016fmyslov\u00e9 museum v Praze\",\"url\":\"https:\/\/www.upm.cz\/\",\"logo\":{\"@type\":\"ImageObject\",\"inLanguage\":\"en-US\",\"@id\":\"https:\/\/www.upm.cz\/#\/schema\/logo\/image\/\",\"url\":\"https:\/\/www.upm.cz\/wp-content\/uploads\/2020\/03\/logo_upm_cz.svg\",\"contentUrl\":\"https:\/\/www.upm.cz\/wp-content\/uploads\/2020\/03\/logo_upm_cz.svg\",\"width\":1736,\"height\":295,\"caption\":\"Um\u011bleckopr\u016fmyslov\u00e9 museum v Praze\"},\"image\":{\"@id\":\"https:\/\/www.upm.cz\/#\/schema\/logo\/image\/\"}}]}<\/script>\n<!-- \/ Yoast SEO plugin. -->","yoast_head_json":{"title":"OLD\u0158ICH ROSENBAUM\/OLDRIC ROYCE. \u017dIVOT S M\u00d3DOU V PRAZE A NEW YORKU - Um\u011bleckopr\u016fmyslov\u00e9 museum v Praze","description":"Nev\u0161edn\u00ed p\u0159\u00edb\u011bh p\u0159edn\u00edho pra\u017esk\u00e9ho krej\u010d\u00edho, couturi\u00e9ra a\u00a0od\u011bvn\u00edho design\u00e9ra Old\u0159icha (Ulricha) Rosenbauma (1896\u20131991), kter\u00fd vytv\u00e1\u0159el v\u00edce ne\u017e sedmdes\u00e1t let elegantn\u00ed a\u00a0vysoce aktu\u00e1ln\u00ed m\u00f3dn\u00ed styl od\u011bv\u016f pro z\u00e1mo\u017en\u00e9 klientky v\u00a0\u010ceskoslovensku a\u00a0pot\u00e9 v\u00a0USA, v\u010detn\u011b historie jeho exkluzivn\u00edch m\u00f3dn\u00edch dom\u016f v\u00a0Praze, Karlov\u00fdch Varech a\u00a0New Yorku.","robots":{"index":"noindex","follow":"nofollow"},"og_locale":"en_US","og_type":"article","og_title":"OLD\u0158ICH ROSENBAUM\/OLDRIC ROYCE. \u017dIVOT S M\u00d3DOU V PRAZE A NEW YORKU - Um\u011bleckopr\u016fmyslov\u00e9 museum v Praze","og_description":"Nev\u0161edn\u00ed p\u0159\u00edb\u011bh p\u0159edn\u00edho pra\u017esk\u00e9ho krej\u010d\u00edho, couturi\u00e9ra a\u00a0od\u011bvn\u00edho design\u00e9ra Old\u0159icha (Ulricha) Rosenbauma (1896\u20131991), kter\u00fd vytv\u00e1\u0159el v\u00edce ne\u017e sedmdes\u00e1t let elegantn\u00ed a\u00a0vysoce aktu\u00e1ln\u00ed m\u00f3dn\u00ed styl od\u011bv\u016f pro z\u00e1mo\u017en\u00e9 klientky v\u00a0\u010ceskoslovensku a\u00a0pot\u00e9 v\u00a0USA, v\u010detn\u011b historie jeho exkluzivn\u00edch m\u00f3dn\u00edch dom\u016f v\u00a0Praze, Karlov\u00fdch Varech a\u00a0New Yorku.","og_url":"https:\/\/www.upm.cz\/an\/eshop\/oldrich-rosenbaum-oldric-royce-zivot-s-modou-v-praze-a-new-yorku\/","og_site_name":"Um\u011bleckopr\u016fmyslov\u00e9 museum v Praze","article_modified_time":"2026-02-27T23:22:15+00:00","og_image":[{"width":704,"height":800,"url":"https:\/\/www.upm.cz\/wp-content\/uploads\/623.jpg","type":"image\/jpeg"}],"twitter_card":"summary_large_image","twitter_misc":{"Est. reading time":"2 minutes"},"schema":{"@context":"https:\/\/schema.org","@graph":[{"@type":"WebPage","@id":"https:\/\/www.upm.cz\/eshop\/oldrich-rosenbaum-oldric-royce-zivot-s-modou-v-praze-a-new-yorku\/","url":"https:\/\/www.upm.cz\/eshop\/oldrich-rosenbaum-oldric-royce-zivot-s-modou-v-praze-a-new-yorku\/","name":"OLD\u0158ICH ROSENBAUM\/OLDRIC ROYCE. \u017dIVOT S M\u00d3DOU V PRAZE A NEW YORKU - Um\u011bleckopr\u016fmyslov\u00e9 museum v Praze","isPartOf":{"@id":"https:\/\/www.upm.cz\/#website"},"primaryImageOfPage":{"@id":"https:\/\/www.upm.cz\/eshop\/oldrich-rosenbaum-oldric-royce-zivot-s-modou-v-praze-a-new-yorku\/#primaryimage"},"image":{"@id":"https:\/\/www.upm.cz\/eshop\/oldrich-rosenbaum-oldric-royce-zivot-s-modou-v-praze-a-new-yorku\/#primaryimage"},"thumbnailUrl":"https:\/\/www.upm.cz\/wp-content\/uploads\/623.jpg","datePublished":"2021-02-16T19:21:01+00:00","dateModified":"2026-02-27T23:22:15+00:00","description":"Nev\u0161edn\u00ed p\u0159\u00edb\u011bh p\u0159edn\u00edho pra\u017esk\u00e9ho krej\u010d\u00edho, couturi\u00e9ra a\u00a0od\u011bvn\u00edho design\u00e9ra Old\u0159icha (Ulricha) Rosenbauma (1896\u20131991), kter\u00fd vytv\u00e1\u0159el v\u00edce ne\u017e sedmdes\u00e1t let elegantn\u00ed a\u00a0vysoce aktu\u00e1ln\u00ed m\u00f3dn\u00ed styl od\u011bv\u016f pro z\u00e1mo\u017en\u00e9 klientky v\u00a0\u010ceskoslovensku a\u00a0pot\u00e9 v\u00a0USA, v\u010detn\u011b historie jeho exkluzivn\u00edch m\u00f3dn\u00edch dom\u016f v\u00a0Praze, Karlov\u00fdch Varech a\u00a0New Yorku.","breadcrumb":{"@id":"https:\/\/www.upm.cz\/eshop\/oldrich-rosenbaum-oldric-royce-zivot-s-modou-v-praze-a-new-yorku\/#breadcrumb"},"inLanguage":"en-US","potentialAction":[{"@type":"ReadAction","target":["https:\/\/www.upm.cz\/eshop\/oldrich-rosenbaum-oldric-royce-zivot-s-modou-v-praze-a-new-yorku\/"]}]},{"@type":"ImageObject","inLanguage":"en-US","@id":"https:\/\/www.upm.cz\/eshop\/oldrich-rosenbaum-oldric-royce-zivot-s-modou-v-praze-a-new-yorku\/#primaryimage","url":"https:\/\/www.upm.cz\/wp-content\/uploads\/623.jpg","contentUrl":"https:\/\/www.upm.cz\/wp-content\/uploads\/623.jpg","width":704,"height":800},{"@type":"BreadcrumbList","@id":"https:\/\/www.upm.cz\/eshop\/oldrich-rosenbaum-oldric-royce-zivot-s-modou-v-praze-a-new-yorku\/#breadcrumb","itemListElement":[{"@type":"ListItem","position":1,"name":"Dom\u016f","item":"https:\/\/www.upm.cz\/"},{"@type":"ListItem","position":2,"name":"eshop","item":"https:\/\/www.upm.cz\/eshop\/"},{"@type":"ListItem","position":3,"name":"OLD\u0158ICH ROSENBAUM\/OLDRIC ROYCE. \u017dIVOT S M\u00d3DOU V PRAZE A NEW YORKU"}]},{"@type":"WebSite","@id":"https:\/\/www.upm.cz\/#website","url":"https:\/\/www.upm.cz\/","name":"Um\u011bleckopr\u016fmyslov\u00e9 museum v Praze","description":"","publisher":{"@id":"https:\/\/www.upm.cz\/#organization"},"potentialAction":[{"@type":"SearchAction","target":{"@type":"EntryPoint","urlTemplate":"https:\/\/www.upm.cz\/?s={search_term_string}"},"query-input":{"@type":"PropertyValueSpecification","valueRequired":true,"valueName":"search_term_string"}}],"inLanguage":"en-US"},{"@type":"Organization","@id":"https:\/\/www.upm.cz\/#organization","name":"Um\u011bleckopr\u016fmyslov\u00e9 museum v Praze","url":"https:\/\/www.upm.cz\/","logo":{"@type":"ImageObject","inLanguage":"en-US","@id":"https:\/\/www.upm.cz\/#\/schema\/logo\/image\/","url":"https:\/\/www.upm.cz\/wp-content\/uploads\/2020\/03\/logo_upm_cz.svg","contentUrl":"https:\/\/www.upm.cz\/wp-content\/uploads\/2020\/03\/logo_upm_cz.svg","width":1736,"height":295,"caption":"Um\u011bleckopr\u016fmyslov\u00e9 museum v Praze"},"image":{"@id":"https:\/\/www.upm.cz\/#\/schema\/logo\/image\/"}}]}},"_links":{"self":[{"href":"https:\/\/www.upm.cz\/an\/wp-json\/wp\/v2\/product\/7069","targetHints":{"allow":["GET"]}}],"collection":[{"href":"https:\/\/www.upm.cz\/an\/wp-json\/wp\/v2\/product"}],"about":[{"href":"https:\/\/www.upm.cz\/an\/wp-json\/wp\/v2\/types\/product"}],"wp:featuredmedia":[{"embeddable":true,"href":"https:\/\/www.upm.cz\/an\/wp-json\/wp\/v2\/media\/2099"}],"wp:attachment":[{"href":"https:\/\/www.upm.cz\/an\/wp-json\/wp\/v2\/media?parent=7069"}],"wp:term":[{"taxonomy":"product_brand","embeddable":true,"href":"https:\/\/www.upm.cz\/an\/wp-json\/wp\/v2\/product_brand?post=7069"},{"taxonomy":"product_cat","embeddable":true,"href":"https:\/\/www.upm.cz\/an\/wp-json\/wp\/v2\/product_cat?post=7069"},{"taxonomy":"product_tag","embeddable":true,"href":"https:\/\/www.upm.cz\/an\/wp-json\/wp\/v2\/product_tag?post=7069"}],"curies":[{"name":"wp","href":"https:\/\/api.w.org\/{rel}","templated":true}]}}