{"id":7075,"date":"2021-02-16T20:36:03","date_gmt":"2021-02-16T19:36:03","guid":{"rendered":"https:\/\/www.upm.cz\/?post_type=product&#038;p=7075"},"modified":"2026-02-11T09:39:18","modified_gmt":"2026-02-11T08:39:18","slug":"the-panelaks-twenty-five-housing-estates-in-the-czech-republic","status":"publish","type":"product","link":"https:\/\/www.upm.cz\/an\/eshop\/the-panelaks-twenty-five-housing-estates-in-the-czech-republic\/","title":{"rendered":"THE PANEL\u00c1KS. TWENTY-FIVE HOUSING ESTATES IN THE CZECH REPUBLIC"},"content":{"rendered":"<p>Anglick\u00e1 mutace \u010desk\u00e9ho katalogu, vydan\u00e9ho k\u00a0cyklu \u010dtrn\u00e1cti v\u00fdstav P\u0159\u00edb\u011bh panel\u00e1ku, realizovan\u00fdch v\u00a0letech 2014\u20132017, p\u0159edstavuje dvacet p\u011bt (nejen) panelov\u00fdch s\u00eddli\u0161\u0165 ze v\u0161ech kraj\u016f \u010cesk\u00e9 republiky.<\/p>\n<p>Je rozd\u011blena do \u0161esti kapitol podle v\u00fdvojov\u00fdch etap, kter\u00e9 sleduj\u00ed prom\u011bny ekonomick\u00fdch, spole\u010densk\u00fdch a\u00a0kulturn\u00edch podm\u00ednek i\u00a0technick\u00fdch mo\u017enost\u00ed ve stavebnictv\u00ed. Kniha \u010dten\u00e1\u0159\u016fm p\u0159ibli\u017euje okolnosti a\u00a0d\u016fvody v\u00fdstavby s\u00eddli\u0161\u0165, architekturu a\u00a0urbanismus t\u011bchto celk\u016f a\u00a0osobnosti jejich autor\u016f. Sou\u010d\u00e1st\u00ed jsou studie k\u00a0periodizaci v\u00fdvoje s\u00eddli\u0161tn\u00ed z\u00e1stavby, k\u00a0po\u010d\u00e1tk\u016fm v\u00fdstavby panelov\u00fdch s\u00eddli\u0161\u0165 a\u00a0jej\u00edm dozvuk\u016fm, k\u00a0prom\u011bn\u00e1m demografick\u00fdch charakteristik obyvatelstva s\u00eddli\u0161\u0165, k\u00a0v\u00fdvoji n\u00e1bytku pro\u00a0panel\u00e1kov\u00e9 byty, v\u010detn\u011b p\u0159\u00edpadov\u00e9 studie k\u00a0\u017eivotu na pra\u017esk\u00e9m Ji\u017en\u00edm M\u011bst\u011b. V\u0161e doprov\u00e1z\u00ed rozs\u00e1hl\u00e1 dobov\u00e1 i\u00a0sou\u010dasn\u00e1 fotodokumentace.<\/p>","protected":false},"excerpt":{"rendered":"<p>vydalo: UPM v&nbsp;Praze, 2017<br \/>\nedito\u0159i: Lucie Sk\u0159iv\u00e1nkov\u00e1, Rostislav \u0160v\u00e1cha, Irena Lehko\u017eivov\u00e1<br \/>\ntexty: Jind\u0159ich Chatrn\u00fd, Martina Koukalov\u00e1, Lucie Posp\u00ed\u0161ilov\u00e1, Lucie Sk\u0159iv\u00e1nkov\u00e1, Petra\u00a0\u0160pa\u010dkov\u00e1, Rostislav \u0160v\u00e1cha, Martin Vesel\u00fd et al.<br \/>\nvyd\u00e1n\u00ed: anglick\u00e9<br \/>\nform\u00e1t: 29,5 x 19,5 cm, m\u011bkk\u00e1 vazba<br \/>\npo\u010det stran: 284<br \/>\npo\u010det\u00a0reprodukc\u00ed: 353<br \/>\nISBN: 978-80-7101-162-0<\/p>\n<p>JEN ANGLICKY<\/p>","protected":false},"featured_media":2160,"template":"","meta":{"_acf_changed":false},"product_brand":[],"product_cat":[45],"product_tag":[],"class_list":{"0":"post-7075","1":"product","2":"type-product","3":"status-publish","4":"has-post-thumbnail","6":"product_cat-knihy","8":"first","9":"instock","10":"shipping-taxable","11":"purchasable","12":"product-type-simple"},"acf":[],"yoast_head":"<!-- This site is optimized with the Yoast SEO plugin v26.9 - https:\/\/yoast.com\/product\/yoast-seo-wordpress\/ -->\n<title>THE PANEL\u00c1KS. TWENTY-FIVE HOUSING ESTATES IN THE CZECH REPUBLIC - Um\u011bleckopr\u016fmyslov\u00e9 museum v Praze<\/title>\n<meta name=\"description\" content=\"Anglick\u00e1 mutace \u010desk\u00e9ho katalogu, vydan\u00e9ho k cyklu \u010dtrn\u00e1cti v\u00fdstav P\u0159\u00edb\u011bh panel\u00e1ku, realizovan\u00fdch v letech 2014\u20132017, p\u0159edstavuje dvacet p\u011bt (nejen) panelov\u00fdch s\u00eddli\u0161\u0165 ze v\u0161ech kraj\u016f \u010cesk\u00e9 republiky.Je rozd\u011blena do \u0161esti kapitol podle v\u00fdvojov\u00fdch etap, kter\u00e9 sleduj\u00ed prom\u011bny ekonomick\u00fdch, spole\u010densk\u00fdch a kulturn\u00edch podm\u00ednek i technick\u00fdch mo\u017enost\u00ed ve stavebnictv\u00ed. Kniha \u010dten\u00e1\u0159\u016fm p\u0159ibli\u017euje okolnosti a d\u016fvody v\u00fdstavby s\u00eddli\u0161\u0165, architekturu a urbanismus t\u011bchto celk\u016f a osobnosti jejich autor\u016f. Sou\u010d\u00e1st\u00ed jsou studie k periodizaci v\u00fdvoje s\u00eddli\u0161tn\u00ed z\u00e1stavby, k po\u010d\u00e1tk\u016fm v\u00fdstavby panelov\u00fdch s\u00eddli\u0161\u0165 a jej\u00edm dozvuk\u016fm, k prom\u011bn\u00e1m demografick\u00fdch charakteristik obyvatelstva s\u00eddli\u0161\u0165, k v\u00fdvoji n\u00e1bytku pro panel\u00e1kov\u00e9 byty, v\u010detn\u011b p\u0159\u00edpadov\u00e9 studie k \u017eivotu na pra\u017esk\u00e9m Ji\u017en\u00edm M\u011bst\u011b. V\u0161e doprov\u00e1z\u00ed rozs\u00e1hl\u00e1 dobov\u00e1 i sou\u010dasn\u00e1 fotodokumentace.\" \/>\n<meta name=\"robots\" content=\"noindex, nofollow\" \/>\n<meta property=\"og:locale\" content=\"en_US\" \/>\n<meta property=\"og:type\" content=\"article\" \/>\n<meta property=\"og:title\" content=\"THE PANEL\u00c1KS. TWENTY-FIVE HOUSING ESTATES IN THE CZECH REPUBLIC - Um\u011bleckopr\u016fmyslov\u00e9 museum v Praze\" \/>\n<meta property=\"og:description\" content=\"Anglick\u00e1 mutace \u010desk\u00e9ho katalogu, vydan\u00e9ho k cyklu \u010dtrn\u00e1cti v\u00fdstav P\u0159\u00edb\u011bh panel\u00e1ku, realizovan\u00fdch v letech 2014\u20132017, p\u0159edstavuje dvacet p\u011bt (nejen) panelov\u00fdch s\u00eddli\u0161\u0165 ze v\u0161ech kraj\u016f \u010cesk\u00e9 republiky.Je rozd\u011blena do \u0161esti kapitol podle v\u00fdvojov\u00fdch etap, kter\u00e9 sleduj\u00ed prom\u011bny ekonomick\u00fdch, spole\u010densk\u00fdch a kulturn\u00edch podm\u00ednek i technick\u00fdch mo\u017enost\u00ed ve stavebnictv\u00ed. Kniha \u010dten\u00e1\u0159\u016fm p\u0159ibli\u017euje okolnosti a d\u016fvody v\u00fdstavby s\u00eddli\u0161\u0165, architekturu a urbanismus t\u011bchto celk\u016f a osobnosti jejich autor\u016f. Sou\u010d\u00e1st\u00ed jsou studie k periodizaci v\u00fdvoje s\u00eddli\u0161tn\u00ed z\u00e1stavby, k po\u010d\u00e1tk\u016fm v\u00fdstavby panelov\u00fdch s\u00eddli\u0161\u0165 a jej\u00edm dozvuk\u016fm, k prom\u011bn\u00e1m demografick\u00fdch charakteristik obyvatelstva s\u00eddli\u0161\u0165, k v\u00fdvoji n\u00e1bytku pro panel\u00e1kov\u00e9 byty, v\u010detn\u011b p\u0159\u00edpadov\u00e9 studie k \u017eivotu na pra\u017esk\u00e9m Ji\u017en\u00edm M\u011bst\u011b. V\u0161e doprov\u00e1z\u00ed rozs\u00e1hl\u00e1 dobov\u00e1 i sou\u010dasn\u00e1 fotodokumentace.\" \/>\n<meta property=\"og:url\" content=\"https:\/\/www.upm.cz\/an\/eshop\/the-panelaks-twenty-five-housing-estates-in-the-czech-republic\/\" \/>\n<meta property=\"og:site_name\" content=\"Um\u011bleckopr\u016fmyslov\u00e9 museum v Praze\" \/>\n<meta property=\"article:modified_time\" content=\"2026-02-11T08:39:18+00:00\" \/>\n<meta property=\"og:image\" content=\"https:\/\/www.upm.cz\/wp-content\/uploads\/621.jpg\" \/>\n\t<meta property=\"og:image:width\" content=\"528\" \/>\n\t<meta property=\"og:image:height\" content=\"800\" \/>\n\t<meta property=\"og:image:type\" content=\"image\/jpeg\" \/>\n<meta name=\"twitter:card\" content=\"summary_large_image\" \/>\n<meta name=\"twitter:label1\" content=\"Est. reading time\" \/>\n\t<meta name=\"twitter:data1\" content=\"1 minute\" \/>\n<script type=\"application\/ld+json\" class=\"yoast-schema-graph\">{\"@context\":\"https:\/\/schema.org\",\"@graph\":[{\"@type\":\"WebPage\",\"@id\":\"https:\/\/www.upm.cz\/eshop\/the-panelaks-twenty-five-housing-estates-in-the-czech-republic\/\",\"url\":\"https:\/\/www.upm.cz\/eshop\/the-panelaks-twenty-five-housing-estates-in-the-czech-republic\/\",\"name\":\"THE PANEL\u00c1KS. TWENTY-FIVE HOUSING ESTATES IN THE CZECH REPUBLIC - Um\u011bleckopr\u016fmyslov\u00e9 museum v Praze\",\"isPartOf\":{\"@id\":\"https:\/\/www.upm.cz\/#website\"},\"primaryImageOfPage\":{\"@id\":\"https:\/\/www.upm.cz\/eshop\/the-panelaks-twenty-five-housing-estates-in-the-czech-republic\/#primaryimage\"},\"image\":{\"@id\":\"https:\/\/www.upm.cz\/eshop\/the-panelaks-twenty-five-housing-estates-in-the-czech-republic\/#primaryimage\"},\"thumbnailUrl\":\"https:\/\/www.upm.cz\/wp-content\/uploads\/621.jpg\",\"datePublished\":\"2021-02-16T19:36:03+00:00\",\"dateModified\":\"2026-02-11T08:39:18+00:00\",\"description\":\"Anglick\u00e1 mutace \u010desk\u00e9ho katalogu, vydan\u00e9ho k cyklu \u010dtrn\u00e1cti v\u00fdstav P\u0159\u00edb\u011bh panel\u00e1ku, realizovan\u00fdch v letech 2014\u20132017, p\u0159edstavuje dvacet p\u011bt (nejen) panelov\u00fdch s\u00eddli\u0161\u0165 ze v\u0161ech kraj\u016f \u010cesk\u00e9 republiky.Je rozd\u011blena do \u0161esti kapitol podle v\u00fdvojov\u00fdch etap, kter\u00e9 sleduj\u00ed prom\u011bny ekonomick\u00fdch, spole\u010densk\u00fdch a kulturn\u00edch podm\u00ednek i technick\u00fdch mo\u017enost\u00ed ve stavebnictv\u00ed. Kniha \u010dten\u00e1\u0159\u016fm p\u0159ibli\u017euje okolnosti a d\u016fvody v\u00fdstavby s\u00eddli\u0161\u0165, architekturu a urbanismus t\u011bchto celk\u016f a osobnosti jejich autor\u016f. Sou\u010d\u00e1st\u00ed jsou studie k periodizaci v\u00fdvoje s\u00eddli\u0161tn\u00ed z\u00e1stavby, k po\u010d\u00e1tk\u016fm v\u00fdstavby panelov\u00fdch s\u00eddli\u0161\u0165 a jej\u00edm dozvuk\u016fm, k prom\u011bn\u00e1m demografick\u00fdch charakteristik obyvatelstva s\u00eddli\u0161\u0165, k v\u00fdvoji n\u00e1bytku pro panel\u00e1kov\u00e9 byty, v\u010detn\u011b p\u0159\u00edpadov\u00e9 studie k \u017eivotu na pra\u017esk\u00e9m Ji\u017en\u00edm M\u011bst\u011b. V\u0161e doprov\u00e1z\u00ed rozs\u00e1hl\u00e1 dobov\u00e1 i sou\u010dasn\u00e1 fotodokumentace.\",\"breadcrumb\":{\"@id\":\"https:\/\/www.upm.cz\/eshop\/the-panelaks-twenty-five-housing-estates-in-the-czech-republic\/#breadcrumb\"},\"inLanguage\":\"en-US\",\"potentialAction\":[{\"@type\":\"ReadAction\",\"target\":[\"https:\/\/www.upm.cz\/eshop\/the-panelaks-twenty-five-housing-estates-in-the-czech-republic\/\"]}]},{\"@type\":\"ImageObject\",\"inLanguage\":\"en-US\",\"@id\":\"https:\/\/www.upm.cz\/eshop\/the-panelaks-twenty-five-housing-estates-in-the-czech-republic\/#primaryimage\",\"url\":\"https:\/\/www.upm.cz\/wp-content\/uploads\/621.jpg\",\"contentUrl\":\"https:\/\/www.upm.cz\/wp-content\/uploads\/621.jpg\",\"width\":528,\"height\":800},{\"@type\":\"BreadcrumbList\",\"@id\":\"https:\/\/www.upm.cz\/eshop\/the-panelaks-twenty-five-housing-estates-in-the-czech-republic\/#breadcrumb\",\"itemListElement\":[{\"@type\":\"ListItem\",\"position\":1,\"name\":\"Dom\u016f\",\"item\":\"https:\/\/www.upm.cz\/\"},{\"@type\":\"ListItem\",\"position\":2,\"name\":\"eshop\",\"item\":\"https:\/\/www.upm.cz\/eshop\/\"},{\"@type\":\"ListItem\",\"position\":3,\"name\":\"THE PANEL\u00c1KS. TWENTY-FIVE HOUSING ESTATES IN THE CZECH REPUBLIC\"}]},{\"@type\":\"WebSite\",\"@id\":\"https:\/\/www.upm.cz\/#website\",\"url\":\"https:\/\/www.upm.cz\/\",\"name\":\"Um\u011bleckopr\u016fmyslov\u00e9 museum v Praze\",\"description\":\"\",\"publisher\":{\"@id\":\"https:\/\/www.upm.cz\/#organization\"},\"potentialAction\":[{\"@type\":\"SearchAction\",\"target\":{\"@type\":\"EntryPoint\",\"urlTemplate\":\"https:\/\/www.upm.cz\/?s={search_term_string}\"},\"query-input\":{\"@type\":\"PropertyValueSpecification\",\"valueRequired\":true,\"valueName\":\"search_term_string\"}}],\"inLanguage\":\"en-US\"},{\"@type\":\"Organization\",\"@id\":\"https:\/\/www.upm.cz\/#organization\",\"name\":\"Um\u011bleckopr\u016fmyslov\u00e9 museum v Praze\",\"url\":\"https:\/\/www.upm.cz\/\",\"logo\":{\"@type\":\"ImageObject\",\"inLanguage\":\"en-US\",\"@id\":\"https:\/\/www.upm.cz\/#\/schema\/logo\/image\/\",\"url\":\"https:\/\/www.upm.cz\/wp-content\/uploads\/2020\/03\/logo_upm_cz.svg\",\"contentUrl\":\"https:\/\/www.upm.cz\/wp-content\/uploads\/2020\/03\/logo_upm_cz.svg\",\"width\":1736,\"height\":295,\"caption\":\"Um\u011bleckopr\u016fmyslov\u00e9 museum v Praze\"},\"image\":{\"@id\":\"https:\/\/www.upm.cz\/#\/schema\/logo\/image\/\"}}]}<\/script>\n<!-- \/ Yoast SEO plugin. -->","yoast_head_json":{"title":"THE PANEL\u00c1KS. TWENTY-FIVE HOUSING ESTATES IN THE CZECH REPUBLIC - Um\u011bleckopr\u016fmyslov\u00e9 museum v Praze","description":"Anglick\u00e1 mutace \u010desk\u00e9ho katalogu, vydan\u00e9ho k cyklu \u010dtrn\u00e1cti v\u00fdstav P\u0159\u00edb\u011bh panel\u00e1ku, realizovan\u00fdch v letech 2014\u20132017, p\u0159edstavuje dvacet p\u011bt (nejen) panelov\u00fdch s\u00eddli\u0161\u0165 ze v\u0161ech kraj\u016f \u010cesk\u00e9 republiky.Je rozd\u011blena do \u0161esti kapitol podle v\u00fdvojov\u00fdch etap, kter\u00e9 sleduj\u00ed prom\u011bny ekonomick\u00fdch, spole\u010densk\u00fdch a kulturn\u00edch podm\u00ednek i technick\u00fdch mo\u017enost\u00ed ve stavebnictv\u00ed. Kniha \u010dten\u00e1\u0159\u016fm p\u0159ibli\u017euje okolnosti a d\u016fvody v\u00fdstavby s\u00eddli\u0161\u0165, architekturu a urbanismus t\u011bchto celk\u016f a osobnosti jejich autor\u016f. Sou\u010d\u00e1st\u00ed jsou studie k periodizaci v\u00fdvoje s\u00eddli\u0161tn\u00ed z\u00e1stavby, k po\u010d\u00e1tk\u016fm v\u00fdstavby panelov\u00fdch s\u00eddli\u0161\u0165 a jej\u00edm dozvuk\u016fm, k prom\u011bn\u00e1m demografick\u00fdch charakteristik obyvatelstva s\u00eddli\u0161\u0165, k v\u00fdvoji n\u00e1bytku pro panel\u00e1kov\u00e9 byty, v\u010detn\u011b p\u0159\u00edpadov\u00e9 studie k \u017eivotu na pra\u017esk\u00e9m Ji\u017en\u00edm M\u011bst\u011b. V\u0161e doprov\u00e1z\u00ed rozs\u00e1hl\u00e1 dobov\u00e1 i sou\u010dasn\u00e1 fotodokumentace.","robots":{"index":"noindex","follow":"nofollow"},"og_locale":"en_US","og_type":"article","og_title":"THE PANEL\u00c1KS. TWENTY-FIVE HOUSING ESTATES IN THE CZECH REPUBLIC - Um\u011bleckopr\u016fmyslov\u00e9 museum v Praze","og_description":"Anglick\u00e1 mutace \u010desk\u00e9ho katalogu, vydan\u00e9ho k cyklu \u010dtrn\u00e1cti v\u00fdstav P\u0159\u00edb\u011bh panel\u00e1ku, realizovan\u00fdch v letech 2014\u20132017, p\u0159edstavuje dvacet p\u011bt (nejen) panelov\u00fdch s\u00eddli\u0161\u0165 ze v\u0161ech kraj\u016f \u010cesk\u00e9 republiky.Je rozd\u011blena do \u0161esti kapitol podle v\u00fdvojov\u00fdch etap, kter\u00e9 sleduj\u00ed prom\u011bny ekonomick\u00fdch, spole\u010densk\u00fdch a kulturn\u00edch podm\u00ednek i technick\u00fdch mo\u017enost\u00ed ve stavebnictv\u00ed. Kniha \u010dten\u00e1\u0159\u016fm p\u0159ibli\u017euje okolnosti a d\u016fvody v\u00fdstavby s\u00eddli\u0161\u0165, architekturu a urbanismus t\u011bchto celk\u016f a osobnosti jejich autor\u016f. Sou\u010d\u00e1st\u00ed jsou studie k periodizaci v\u00fdvoje s\u00eddli\u0161tn\u00ed z\u00e1stavby, k po\u010d\u00e1tk\u016fm v\u00fdstavby panelov\u00fdch s\u00eddli\u0161\u0165 a jej\u00edm dozvuk\u016fm, k prom\u011bn\u00e1m demografick\u00fdch charakteristik obyvatelstva s\u00eddli\u0161\u0165, k v\u00fdvoji n\u00e1bytku pro panel\u00e1kov\u00e9 byty, v\u010detn\u011b p\u0159\u00edpadov\u00e9 studie k \u017eivotu na pra\u017esk\u00e9m Ji\u017en\u00edm M\u011bst\u011b. V\u0161e doprov\u00e1z\u00ed rozs\u00e1hl\u00e1 dobov\u00e1 i sou\u010dasn\u00e1 fotodokumentace.","og_url":"https:\/\/www.upm.cz\/an\/eshop\/the-panelaks-twenty-five-housing-estates-in-the-czech-republic\/","og_site_name":"Um\u011bleckopr\u016fmyslov\u00e9 museum v Praze","article_modified_time":"2026-02-11T08:39:18+00:00","og_image":[{"width":528,"height":800,"url":"https:\/\/www.upm.cz\/wp-content\/uploads\/621.jpg","type":"image\/jpeg"}],"twitter_card":"summary_large_image","twitter_misc":{"Est. reading time":"1 minute"},"schema":{"@context":"https:\/\/schema.org","@graph":[{"@type":"WebPage","@id":"https:\/\/www.upm.cz\/eshop\/the-panelaks-twenty-five-housing-estates-in-the-czech-republic\/","url":"https:\/\/www.upm.cz\/eshop\/the-panelaks-twenty-five-housing-estates-in-the-czech-republic\/","name":"THE PANEL\u00c1KS. TWENTY-FIVE HOUSING ESTATES IN THE CZECH REPUBLIC - Um\u011bleckopr\u016fmyslov\u00e9 museum v Praze","isPartOf":{"@id":"https:\/\/www.upm.cz\/#website"},"primaryImageOfPage":{"@id":"https:\/\/www.upm.cz\/eshop\/the-panelaks-twenty-five-housing-estates-in-the-czech-republic\/#primaryimage"},"image":{"@id":"https:\/\/www.upm.cz\/eshop\/the-panelaks-twenty-five-housing-estates-in-the-czech-republic\/#primaryimage"},"thumbnailUrl":"https:\/\/www.upm.cz\/wp-content\/uploads\/621.jpg","datePublished":"2021-02-16T19:36:03+00:00","dateModified":"2026-02-11T08:39:18+00:00","description":"Anglick\u00e1 mutace \u010desk\u00e9ho katalogu, vydan\u00e9ho k cyklu \u010dtrn\u00e1cti v\u00fdstav P\u0159\u00edb\u011bh panel\u00e1ku, realizovan\u00fdch v letech 2014\u20132017, p\u0159edstavuje dvacet p\u011bt (nejen) panelov\u00fdch s\u00eddli\u0161\u0165 ze v\u0161ech kraj\u016f \u010cesk\u00e9 republiky.Je rozd\u011blena do \u0161esti kapitol podle v\u00fdvojov\u00fdch etap, kter\u00e9 sleduj\u00ed prom\u011bny ekonomick\u00fdch, spole\u010densk\u00fdch a kulturn\u00edch podm\u00ednek i technick\u00fdch mo\u017enost\u00ed ve stavebnictv\u00ed. Kniha \u010dten\u00e1\u0159\u016fm p\u0159ibli\u017euje okolnosti a d\u016fvody v\u00fdstavby s\u00eddli\u0161\u0165, architekturu a urbanismus t\u011bchto celk\u016f a osobnosti jejich autor\u016f. Sou\u010d\u00e1st\u00ed jsou studie k periodizaci v\u00fdvoje s\u00eddli\u0161tn\u00ed z\u00e1stavby, k po\u010d\u00e1tk\u016fm v\u00fdstavby panelov\u00fdch s\u00eddli\u0161\u0165 a jej\u00edm dozvuk\u016fm, k prom\u011bn\u00e1m demografick\u00fdch charakteristik obyvatelstva s\u00eddli\u0161\u0165, k v\u00fdvoji n\u00e1bytku pro panel\u00e1kov\u00e9 byty, v\u010detn\u011b p\u0159\u00edpadov\u00e9 studie k \u017eivotu na pra\u017esk\u00e9m Ji\u017en\u00edm M\u011bst\u011b. V\u0161e doprov\u00e1z\u00ed rozs\u00e1hl\u00e1 dobov\u00e1 i sou\u010dasn\u00e1 fotodokumentace.","breadcrumb":{"@id":"https:\/\/www.upm.cz\/eshop\/the-panelaks-twenty-five-housing-estates-in-the-czech-republic\/#breadcrumb"},"inLanguage":"en-US","potentialAction":[{"@type":"ReadAction","target":["https:\/\/www.upm.cz\/eshop\/the-panelaks-twenty-five-housing-estates-in-the-czech-republic\/"]}]},{"@type":"ImageObject","inLanguage":"en-US","@id":"https:\/\/www.upm.cz\/eshop\/the-panelaks-twenty-five-housing-estates-in-the-czech-republic\/#primaryimage","url":"https:\/\/www.upm.cz\/wp-content\/uploads\/621.jpg","contentUrl":"https:\/\/www.upm.cz\/wp-content\/uploads\/621.jpg","width":528,"height":800},{"@type":"BreadcrumbList","@id":"https:\/\/www.upm.cz\/eshop\/the-panelaks-twenty-five-housing-estates-in-the-czech-republic\/#breadcrumb","itemListElement":[{"@type":"ListItem","position":1,"name":"Dom\u016f","item":"https:\/\/www.upm.cz\/"},{"@type":"ListItem","position":2,"name":"eshop","item":"https:\/\/www.upm.cz\/eshop\/"},{"@type":"ListItem","position":3,"name":"THE PANEL\u00c1KS. TWENTY-FIVE HOUSING ESTATES IN THE CZECH REPUBLIC"}]},{"@type":"WebSite","@id":"https:\/\/www.upm.cz\/#website","url":"https:\/\/www.upm.cz\/","name":"Um\u011bleckopr\u016fmyslov\u00e9 museum v Praze","description":"","publisher":{"@id":"https:\/\/www.upm.cz\/#organization"},"potentialAction":[{"@type":"SearchAction","target":{"@type":"EntryPoint","urlTemplate":"https:\/\/www.upm.cz\/?s={search_term_string}"},"query-input":{"@type":"PropertyValueSpecification","valueRequired":true,"valueName":"search_term_string"}}],"inLanguage":"en-US"},{"@type":"Organization","@id":"https:\/\/www.upm.cz\/#organization","name":"Um\u011bleckopr\u016fmyslov\u00e9 museum v Praze","url":"https:\/\/www.upm.cz\/","logo":{"@type":"ImageObject","inLanguage":"en-US","@id":"https:\/\/www.upm.cz\/#\/schema\/logo\/image\/","url":"https:\/\/www.upm.cz\/wp-content\/uploads\/2020\/03\/logo_upm_cz.svg","contentUrl":"https:\/\/www.upm.cz\/wp-content\/uploads\/2020\/03\/logo_upm_cz.svg","width":1736,"height":295,"caption":"Um\u011bleckopr\u016fmyslov\u00e9 museum v Praze"},"image":{"@id":"https:\/\/www.upm.cz\/#\/schema\/logo\/image\/"}}]}},"_links":{"self":[{"href":"https:\/\/www.upm.cz\/an\/wp-json\/wp\/v2\/product\/7075","targetHints":{"allow":["GET"]}}],"collection":[{"href":"https:\/\/www.upm.cz\/an\/wp-json\/wp\/v2\/product"}],"about":[{"href":"https:\/\/www.upm.cz\/an\/wp-json\/wp\/v2\/types\/product"}],"wp:featuredmedia":[{"embeddable":true,"href":"https:\/\/www.upm.cz\/an\/wp-json\/wp\/v2\/media\/2160"}],"wp:attachment":[{"href":"https:\/\/www.upm.cz\/an\/wp-json\/wp\/v2\/media?parent=7075"}],"wp:term":[{"taxonomy":"product_brand","embeddable":true,"href":"https:\/\/www.upm.cz\/an\/wp-json\/wp\/v2\/product_brand?post=7075"},{"taxonomy":"product_cat","embeddable":true,"href":"https:\/\/www.upm.cz\/an\/wp-json\/wp\/v2\/product_cat?post=7075"},{"taxonomy":"product_tag","embeddable":true,"href":"https:\/\/www.upm.cz\/an\/wp-json\/wp\/v2\/product_tag?post=7075"}],"curies":[{"name":"wp","href":"https:\/\/api.w.org\/{rel}","templated":true}]}}