{"id":7087,"date":"2021-02-17T14:41:36","date_gmt":"2021-02-17T13:41:36","guid":{"rendered":"https:\/\/www.upm.cz\/?post_type=product&#038;p=7087"},"modified":"2025-04-16T07:53:25","modified_gmt":"2025-04-16T05:53:25","slug":"glass-in-brno-and-moravia-ca-1200-1550","status":"publish","type":"product","link":"https:\/\/www.upm.cz\/an\/eshop\/glass-in-brno-and-moravia-ca-1200-1550\/","title":{"rendered":"GLASS IN BRNO AND MORAVIA CA. 1200\u20131550"},"content":{"rendered":"<p>Kniha sest\u00e1vaj\u00edc\u00ed ze t\u0159\u00ed \u010d\u00e1st\u00ed p\u0159edstavuje zcela ojedin\u011bl\u00fd po\u010din na poli b\u00e1d\u00e1n\u00ed o\u00a0st\u0159edov\u011bk\u00e9m skle na Morav\u011b. Prvn\u00ed svazek (Assessment of Finds) je v\u011bnov\u00e1n vyhodnocen\u00ed n\u00e1lez\u016f skla v\u00a0r\u00e1mci jednotliv\u00fdch historick\u00fdch obdob\u00ed (sklo za P\u0159emyslovc\u016f, Lucemburk\u016f, atd.).\u00a0Sou\u010d\u00e1st\u00ed vyhodnocen\u00ed jsou i\u00a0chemick\u00e9 anal\u00fdzy a\u00a0zasazen\u00ed skla a\u00a0skl\u00e1\u0159stv\u00ed do historick\u00e9ho r\u00e1mce.<\/p>\n<p>Druh\u00fd d\u00edl (Catalogue of Glass)\u00a0je katalogem n\u00e1lez\u016f, kter\u00fd zahrnuje v\u00edce ne\u017e t\u0159i tis\u00edce exempl\u00e1\u0159\u016f sklen\u011bn\u00fdch n\u00e1dob. Sou\u010d\u00e1st\u00ed katalogu je i\u00a0zhodnocen\u00ed jednotliv\u00fdch tvar\u016f skla. Oba d\u00edly jsou vybaveny bohatou kresebnou a\u00a0fotografickou dokumentac\u00ed. P\u0159\u00edlohu II. d\u00edlu tvo\u0159\u00ed CD s\u00a0katalogem zahrnuj\u00edc\u00edm v\u00edce ne\u017e\u00a0300 objekt\u016f se sklem, tedy n\u00e1lezov\u00e9 okolnosti jednotliv\u00fdch p\u0159edm\u011bt\u016f.<\/p>","protected":false},"excerpt":{"rendered":"<p>vydavatel: Archaia Brno, UPM v&nbsp;Praze, 2018<br \/>\nautorka: Hedvika Sedl\u00e1\u010dkov\u00e1<br \/>\nvyd\u00e1n\u00ed: anglick\u00e9 s\u00a0\u010desk\u00fdm resum\u00e9 za ka\u017edou kapitolou<br \/>\nform\u00e1t: 30,6 x 23 cm, pevn\u00e1 vazba<br \/>\npo\u010det stran: 235 (I. d\u00edl), 491 (II. d\u00edl)<br \/>\nI. d\u00edl ISBN 978-80-7101-181-1 (UPM)<br \/>\nII. d\u00edl ISBN 978-80-7101-185-9 (UPM)<\/p>\n<p>Cena je za oba d\u00edly<\/p>","protected":false},"featured_media":2279,"template":"","meta":{"_acf_changed":false},"product_brand":[],"product_cat":[45],"product_tag":[],"class_list":{"0":"post-7087","1":"product","2":"type-product","3":"status-publish","4":"has-post-thumbnail","6":"product_cat-knihy","8":"first","9":"instock","10":"shipping-taxable","11":"purchasable","12":"product-type-simple"},"acf":[],"yoast_head":"<!-- This site is optimized with the Yoast SEO plugin v26.9 - https:\/\/yoast.com\/product\/yoast-seo-wordpress\/ -->\n<title>GLASS IN BRNO AND MORAVIA CA. 1200\u20131550 - Um\u011bleckopr\u016fmyslov\u00e9 museum v Praze<\/title>\n<meta name=\"description\" content=\"Kniha sest\u00e1vaj\u00edc\u00ed ze t\u0159\u00ed \u010d\u00e1st\u00ed p\u0159edstavuje zcela ojedin\u011bl\u00fd po\u010din na poli b\u00e1d\u00e1n\u00ed o\u00a0st\u0159edov\u011bk\u00e9m skle na Morav\u011b.\" \/>\n<meta name=\"robots\" content=\"noindex, nofollow\" \/>\n<meta property=\"og:locale\" content=\"en_US\" \/>\n<meta property=\"og:type\" content=\"article\" \/>\n<meta property=\"og:title\" content=\"GLASS IN BRNO AND MORAVIA CA. 1200\u20131550 - Um\u011bleckopr\u016fmyslov\u00e9 museum v Praze\" \/>\n<meta property=\"og:description\" content=\"Kniha sest\u00e1vaj\u00edc\u00ed ze t\u0159\u00ed \u010d\u00e1st\u00ed p\u0159edstavuje zcela ojedin\u011bl\u00fd po\u010din na poli b\u00e1d\u00e1n\u00ed o\u00a0st\u0159edov\u011bk\u00e9m skle na Morav\u011b.\" \/>\n<meta property=\"og:url\" content=\"https:\/\/www.upm.cz\/an\/eshop\/glass-in-brno-and-moravia-ca-1200-1550\/\" \/>\n<meta property=\"og:site_name\" content=\"Um\u011bleckopr\u016fmyslov\u00e9 museum v Praze\" \/>\n<meta property=\"article:modified_time\" content=\"2025-04-16T05:53:25+00:00\" \/>\n<meta property=\"og:image\" content=\"https:\/\/www.upm.cz\/wp-content\/uploads\/Glass_in_Brno_I_obalka_19.jpg\" \/>\n\t<meta property=\"og:image:width\" content=\"430\" \/>\n\t<meta property=\"og:image:height\" content=\"609\" \/>\n\t<meta property=\"og:image:type\" content=\"image\/jpeg\" \/>\n<meta name=\"twitter:card\" content=\"summary_large_image\" \/>\n<meta name=\"twitter:label1\" content=\"Est. reading time\" \/>\n\t<meta name=\"twitter:data1\" content=\"1 minute\" \/>\n<script type=\"application\/ld+json\" class=\"yoast-schema-graph\">{\"@context\":\"https:\/\/schema.org\",\"@graph\":[{\"@type\":\"WebPage\",\"@id\":\"https:\/\/www.upm.cz\/eshop\/glass-in-brno-and-moravia-ca-1200-1550\/\",\"url\":\"https:\/\/www.upm.cz\/eshop\/glass-in-brno-and-moravia-ca-1200-1550\/\",\"name\":\"GLASS IN BRNO AND MORAVIA CA. 1200\u20131550 - Um\u011bleckopr\u016fmyslov\u00e9 museum v Praze\",\"isPartOf\":{\"@id\":\"https:\/\/www.upm.cz\/#website\"},\"primaryImageOfPage\":{\"@id\":\"https:\/\/www.upm.cz\/eshop\/glass-in-brno-and-moravia-ca-1200-1550\/#primaryimage\"},\"image\":{\"@id\":\"https:\/\/www.upm.cz\/eshop\/glass-in-brno-and-moravia-ca-1200-1550\/#primaryimage\"},\"thumbnailUrl\":\"https:\/\/www.upm.cz\/wp-content\/uploads\/Glass_in_Brno_I_obalka_19.jpg\",\"datePublished\":\"2021-02-17T13:41:36+00:00\",\"dateModified\":\"2025-04-16T05:53:25+00:00\",\"description\":\"Kniha sest\u00e1vaj\u00edc\u00ed ze t\u0159\u00ed \u010d\u00e1st\u00ed p\u0159edstavuje zcela ojedin\u011bl\u00fd po\u010din na poli b\u00e1d\u00e1n\u00ed o\u00a0st\u0159edov\u011bk\u00e9m skle na Morav\u011b.\",\"breadcrumb\":{\"@id\":\"https:\/\/www.upm.cz\/eshop\/glass-in-brno-and-moravia-ca-1200-1550\/#breadcrumb\"},\"inLanguage\":\"en-US\",\"potentialAction\":[{\"@type\":\"ReadAction\",\"target\":[\"https:\/\/www.upm.cz\/eshop\/glass-in-brno-and-moravia-ca-1200-1550\/\"]}]},{\"@type\":\"ImageObject\",\"inLanguage\":\"en-US\",\"@id\":\"https:\/\/www.upm.cz\/eshop\/glass-in-brno-and-moravia-ca-1200-1550\/#primaryimage\",\"url\":\"https:\/\/www.upm.cz\/wp-content\/uploads\/Glass_in_Brno_I_obalka_19.jpg\",\"contentUrl\":\"https:\/\/www.upm.cz\/wp-content\/uploads\/Glass_in_Brno_I_obalka_19.jpg\",\"width\":430,\"height\":609},{\"@type\":\"BreadcrumbList\",\"@id\":\"https:\/\/www.upm.cz\/eshop\/glass-in-brno-and-moravia-ca-1200-1550\/#breadcrumb\",\"itemListElement\":[{\"@type\":\"ListItem\",\"position\":1,\"name\":\"Dom\u016f\",\"item\":\"https:\/\/www.upm.cz\/\"},{\"@type\":\"ListItem\",\"position\":2,\"name\":\"eshop\",\"item\":\"https:\/\/www.upm.cz\/eshop\/\"},{\"@type\":\"ListItem\",\"position\":3,\"name\":\"GLASS IN BRNO AND MORAVIA CA. 1200\u20131550\"}]},{\"@type\":\"WebSite\",\"@id\":\"https:\/\/www.upm.cz\/#website\",\"url\":\"https:\/\/www.upm.cz\/\",\"name\":\"Um\u011bleckopr\u016fmyslov\u00e9 museum v Praze\",\"description\":\"\",\"publisher\":{\"@id\":\"https:\/\/www.upm.cz\/#organization\"},\"potentialAction\":[{\"@type\":\"SearchAction\",\"target\":{\"@type\":\"EntryPoint\",\"urlTemplate\":\"https:\/\/www.upm.cz\/?s={search_term_string}\"},\"query-input\":{\"@type\":\"PropertyValueSpecification\",\"valueRequired\":true,\"valueName\":\"search_term_string\"}}],\"inLanguage\":\"en-US\"},{\"@type\":\"Organization\",\"@id\":\"https:\/\/www.upm.cz\/#organization\",\"name\":\"Um\u011bleckopr\u016fmyslov\u00e9 museum v Praze\",\"url\":\"https:\/\/www.upm.cz\/\",\"logo\":{\"@type\":\"ImageObject\",\"inLanguage\":\"en-US\",\"@id\":\"https:\/\/www.upm.cz\/#\/schema\/logo\/image\/\",\"url\":\"https:\/\/www.upm.cz\/wp-content\/uploads\/2020\/03\/logo_upm_cz.svg\",\"contentUrl\":\"https:\/\/www.upm.cz\/wp-content\/uploads\/2020\/03\/logo_upm_cz.svg\",\"width\":1736,\"height\":295,\"caption\":\"Um\u011bleckopr\u016fmyslov\u00e9 museum v Praze\"},\"image\":{\"@id\":\"https:\/\/www.upm.cz\/#\/schema\/logo\/image\/\"}}]}<\/script>\n<!-- \/ Yoast SEO plugin. -->","yoast_head_json":{"title":"GLASS IN BRNO AND MORAVIA CA. 1200\u20131550 - Um\u011bleckopr\u016fmyslov\u00e9 museum v Praze","description":"Kniha sest\u00e1vaj\u00edc\u00ed ze t\u0159\u00ed \u010d\u00e1st\u00ed p\u0159edstavuje zcela ojedin\u011bl\u00fd po\u010din na poli b\u00e1d\u00e1n\u00ed o\u00a0st\u0159edov\u011bk\u00e9m skle na Morav\u011b.","robots":{"index":"noindex","follow":"nofollow"},"og_locale":"en_US","og_type":"article","og_title":"GLASS IN BRNO AND MORAVIA CA. 1200\u20131550 - Um\u011bleckopr\u016fmyslov\u00e9 museum v Praze","og_description":"Kniha sest\u00e1vaj\u00edc\u00ed ze t\u0159\u00ed \u010d\u00e1st\u00ed p\u0159edstavuje zcela ojedin\u011bl\u00fd po\u010din na poli b\u00e1d\u00e1n\u00ed o\u00a0st\u0159edov\u011bk\u00e9m skle na Morav\u011b.","og_url":"https:\/\/www.upm.cz\/an\/eshop\/glass-in-brno-and-moravia-ca-1200-1550\/","og_site_name":"Um\u011bleckopr\u016fmyslov\u00e9 museum v Praze","article_modified_time":"2025-04-16T05:53:25+00:00","og_image":[{"width":430,"height":609,"url":"https:\/\/www.upm.cz\/wp-content\/uploads\/Glass_in_Brno_I_obalka_19.jpg","type":"image\/jpeg"}],"twitter_card":"summary_large_image","twitter_misc":{"Est. reading time":"1 minute"},"schema":{"@context":"https:\/\/schema.org","@graph":[{"@type":"WebPage","@id":"https:\/\/www.upm.cz\/eshop\/glass-in-brno-and-moravia-ca-1200-1550\/","url":"https:\/\/www.upm.cz\/eshop\/glass-in-brno-and-moravia-ca-1200-1550\/","name":"GLASS IN BRNO AND MORAVIA CA. 1200\u20131550 - Um\u011bleckopr\u016fmyslov\u00e9 museum v Praze","isPartOf":{"@id":"https:\/\/www.upm.cz\/#website"},"primaryImageOfPage":{"@id":"https:\/\/www.upm.cz\/eshop\/glass-in-brno-and-moravia-ca-1200-1550\/#primaryimage"},"image":{"@id":"https:\/\/www.upm.cz\/eshop\/glass-in-brno-and-moravia-ca-1200-1550\/#primaryimage"},"thumbnailUrl":"https:\/\/www.upm.cz\/wp-content\/uploads\/Glass_in_Brno_I_obalka_19.jpg","datePublished":"2021-02-17T13:41:36+00:00","dateModified":"2025-04-16T05:53:25+00:00","description":"Kniha sest\u00e1vaj\u00edc\u00ed ze t\u0159\u00ed \u010d\u00e1st\u00ed p\u0159edstavuje zcela ojedin\u011bl\u00fd po\u010din na poli b\u00e1d\u00e1n\u00ed o\u00a0st\u0159edov\u011bk\u00e9m skle na Morav\u011b.","breadcrumb":{"@id":"https:\/\/www.upm.cz\/eshop\/glass-in-brno-and-moravia-ca-1200-1550\/#breadcrumb"},"inLanguage":"en-US","potentialAction":[{"@type":"ReadAction","target":["https:\/\/www.upm.cz\/eshop\/glass-in-brno-and-moravia-ca-1200-1550\/"]}]},{"@type":"ImageObject","inLanguage":"en-US","@id":"https:\/\/www.upm.cz\/eshop\/glass-in-brno-and-moravia-ca-1200-1550\/#primaryimage","url":"https:\/\/www.upm.cz\/wp-content\/uploads\/Glass_in_Brno_I_obalka_19.jpg","contentUrl":"https:\/\/www.upm.cz\/wp-content\/uploads\/Glass_in_Brno_I_obalka_19.jpg","width":430,"height":609},{"@type":"BreadcrumbList","@id":"https:\/\/www.upm.cz\/eshop\/glass-in-brno-and-moravia-ca-1200-1550\/#breadcrumb","itemListElement":[{"@type":"ListItem","position":1,"name":"Dom\u016f","item":"https:\/\/www.upm.cz\/"},{"@type":"ListItem","position":2,"name":"eshop","item":"https:\/\/www.upm.cz\/eshop\/"},{"@type":"ListItem","position":3,"name":"GLASS IN BRNO AND MORAVIA CA. 1200\u20131550"}]},{"@type":"WebSite","@id":"https:\/\/www.upm.cz\/#website","url":"https:\/\/www.upm.cz\/","name":"Um\u011bleckopr\u016fmyslov\u00e9 museum v Praze","description":"","publisher":{"@id":"https:\/\/www.upm.cz\/#organization"},"potentialAction":[{"@type":"SearchAction","target":{"@type":"EntryPoint","urlTemplate":"https:\/\/www.upm.cz\/?s={search_term_string}"},"query-input":{"@type":"PropertyValueSpecification","valueRequired":true,"valueName":"search_term_string"}}],"inLanguage":"en-US"},{"@type":"Organization","@id":"https:\/\/www.upm.cz\/#organization","name":"Um\u011bleckopr\u016fmyslov\u00e9 museum v Praze","url":"https:\/\/www.upm.cz\/","logo":{"@type":"ImageObject","inLanguage":"en-US","@id":"https:\/\/www.upm.cz\/#\/schema\/logo\/image\/","url":"https:\/\/www.upm.cz\/wp-content\/uploads\/2020\/03\/logo_upm_cz.svg","contentUrl":"https:\/\/www.upm.cz\/wp-content\/uploads\/2020\/03\/logo_upm_cz.svg","width":1736,"height":295,"caption":"Um\u011bleckopr\u016fmyslov\u00e9 museum v Praze"},"image":{"@id":"https:\/\/www.upm.cz\/#\/schema\/logo\/image\/"}}]}},"_links":{"self":[{"href":"https:\/\/www.upm.cz\/an\/wp-json\/wp\/v2\/product\/7087","targetHints":{"allow":["GET"]}}],"collection":[{"href":"https:\/\/www.upm.cz\/an\/wp-json\/wp\/v2\/product"}],"about":[{"href":"https:\/\/www.upm.cz\/an\/wp-json\/wp\/v2\/types\/product"}],"wp:featuredmedia":[{"embeddable":true,"href":"https:\/\/www.upm.cz\/an\/wp-json\/wp\/v2\/media\/2279"}],"wp:attachment":[{"href":"https:\/\/www.upm.cz\/an\/wp-json\/wp\/v2\/media?parent=7087"}],"wp:term":[{"taxonomy":"product_brand","embeddable":true,"href":"https:\/\/www.upm.cz\/an\/wp-json\/wp\/v2\/product_brand?post=7087"},{"taxonomy":"product_cat","embeddable":true,"href":"https:\/\/www.upm.cz\/an\/wp-json\/wp\/v2\/product_cat?post=7087"},{"taxonomy":"product_tag","embeddable":true,"href":"https:\/\/www.upm.cz\/an\/wp-json\/wp\/v2\/product_tag?post=7087"}],"curies":[{"name":"wp","href":"https:\/\/api.w.org\/{rel}","templated":true}]}}