{"id":7091,"date":"2021-02-17T14:48:24","date_gmt":"2021-02-17T13:48:24","guid":{"rendered":"https:\/\/www.upm.cz\/?post_type=product&#038;p=7091"},"modified":"2024-10-13T21:14:53","modified_gmt":"2024-10-13T19:14:53","slug":"odvaha-a-risk-stoleti-designu-v-upm","status":"publish","type":"product","link":"https:\/\/www.upm.cz\/an\/eshop\/odvaha-a-risk-stoleti-designu-v-upm\/","title":{"rendered":"ODVAHA A&nbsp;RISK. STOLET\u00cd DESIGNU V&nbsp;UPM"},"content":{"rendered":"<p>Publikace doprov\u00e1zej\u00edc\u00ed stejnojmennou v\u00fdstavu v\u00a0Um\u011bleckopr\u016fmyslov\u00e9m museu v\u00a0Praze p\u0159edstavuje dvan\u00e1ct v\u00fdstavn\u00edch projekt\u016f, kter\u00e9 ve 20.\u00a0stolet\u00ed formovaly d\u011bjiny designu v\u00a0\u010desk\u00fdch zem\u00edch. Tyto projekty byly sv\u00fdm zp\u016fsobem odv\u00e1\u017en\u00e9 i\u00a0riskantn\u00ed \u2013 v\u00a0konceptech, dobov\u00e9m geopolitick\u00e9m kontextu a\u00a0zejm\u00e9na v\u00a0nov\u00e1torsk\u00e9 instalaci.<\/p>\n<p>Vybran\u00e9 v\u00fdstavy objevovaly a\u00a0reinterpretovaly fenom\u00e9ny minulosti, podchytily tendence tvorby p\u0159edm\u011btn\u00e9ho sv\u011bta sv\u00e9 doby, \u010di\u00a0je dokonce p\u0159edv\u00eddaly, a\u00a0to d\u00edky kur\u00e1torsk\u00fdm koncept\u016fm Ji\u0159iny Vydrov\u00e9, Jind\u0159icha Chalupeck\u00e9ho, Karla Ko\u017eelky, Karla Hette\u0161e, Josefa Kroutvora, Ludv\u00edka Hlav\u00e1\u010dka, vizion\u00e1\u0159e Zde\u0148ka Pe\u0161\u00e1nka a\u00a0p\u0159edev\u0161\u00edm teoreti\u010dky designu Mileny Lamarov\u00e9. V\u00fdstavy tak dokl\u00e1daj\u00ed kl\u00ed\u010dovou roli UPM pro d\u011bjiny designu 20.\u00a0stolet\u00ed. Muzeum se jimi tak\u00e9 v\u00fdrazn\u011b zapsalo do historie \u010desk\u00e9ho v\u00fdstavnictv\u00ed v\u00a0provokuj\u00edc\u00edch \u0159e\u0161en\u00edch Otto Rothmayera, Ivana Sovy, V\u00e1clava Ciglera, Karla Pragera, Michala Brixe nebo Petra Horneka. Na designu vybran\u00fdch v\u00fdstav se pod\u00edleli v\u00fdznamn\u00ed fotografov\u00e9 Jan Svoboda a\u00a0Gabriel Urb\u00e1nek a\u00a0grafici Jan Kot\u00edk, Josef Flej\u0161ar, Pavel Kop\u0159iva nebo Ale\u0161 Najbrt.<\/p>","protected":false},"excerpt":{"rendered":"<p>vydavatel: UPM, 2018<br \/>\neditor: Iva Knobloch<br \/>\ntexty: Ji\u0159\u00ed Fronek, Milan Hlave\u0161, Iva Knobloch, Eva Uchalov\u00e1, Radim Vondr\u00e1\u010dek, Filip Wittlich<br \/>\nvyd\u00e1n\u00ed: \u010desk\u00e9 s\u00a0anglick\u00fdm resum\u00e9<br \/>\nform\u00e1t: 25 x 17,6 cm, m\u011bkk\u00e1 vazba<br \/>\npo\u010det stran: 184<br \/>\npo\u010det reprodukc\u00ed: 124<br \/>\nISBN 978-80-7101-182-8<\/p>","protected":false},"featured_media":2306,"template":"","meta":{"_acf_changed":false},"product_brand":[],"product_cat":[45],"product_tag":[],"class_list":{"0":"post-7091","1":"product","2":"type-product","3":"status-publish","4":"has-post-thumbnail","6":"product_cat-knihy","8":"first","9":"instock","10":"shipping-taxable","11":"purchasable","12":"product-type-simple"},"acf":[],"yoast_head":"<!-- This site is optimized with the Yoast SEO plugin v26.9 - https:\/\/yoast.com\/product\/yoast-seo-wordpress\/ -->\n<title>ODVAHA A RISK. STOLET\u00cd DESIGNU V UPM - Um\u011bleckopr\u016fmyslov\u00e9 museum v Praze<\/title>\n<meta name=\"description\" content=\"Publikace doprov\u00e1zej\u00edc\u00ed stejnojmennou v\u00fdstavu v\u00a0Um\u011bleckopr\u016fmyslov\u00e9m museu v\u00a0Praze p\u0159edstavuje dvan\u00e1ct v\u00fdstavn\u00edch projekt\u016f, kter\u00e9 ve 20.\u00a0stolet\u00ed formovaly d\u011bjiny designu v\u00a0\u010desk\u00fdch zem\u00edch. Tyto projekty byly sv\u00fdm zp\u016fsobem odv\u00e1\u017en\u00e9 i\u00a0riskantn\u00ed \u2013 v\u00a0konceptech, dobov\u00e9m geopolitick\u00e9m kontextu a\u00a0zejm\u00e9na v\u00a0nov\u00e1torsk\u00e9 instalaci.\" \/>\n<meta name=\"robots\" content=\"noindex, nofollow\" \/>\n<meta property=\"og:locale\" content=\"en_US\" \/>\n<meta property=\"og:type\" content=\"article\" \/>\n<meta property=\"og:title\" content=\"ODVAHA A RISK. STOLET\u00cd DESIGNU V UPM - Um\u011bleckopr\u016fmyslov\u00e9 museum v Praze\" \/>\n<meta property=\"og:description\" content=\"Publikace doprov\u00e1zej\u00edc\u00ed stejnojmennou v\u00fdstavu v\u00a0Um\u011bleckopr\u016fmyslov\u00e9m museu v\u00a0Praze p\u0159edstavuje dvan\u00e1ct v\u00fdstavn\u00edch projekt\u016f, kter\u00e9 ve 20.\u00a0stolet\u00ed formovaly d\u011bjiny designu v\u00a0\u010desk\u00fdch zem\u00edch. Tyto projekty byly sv\u00fdm zp\u016fsobem odv\u00e1\u017en\u00e9 i\u00a0riskantn\u00ed \u2013 v\u00a0konceptech, dobov\u00e9m geopolitick\u00e9m kontextu a\u00a0zejm\u00e9na v\u00a0nov\u00e1torsk\u00e9 instalaci.\" \/>\n<meta property=\"og:url\" content=\"https:\/\/www.upm.cz\/an\/eshop\/odvaha-a-risk-stoleti-designu-v-upm\/\" \/>\n<meta property=\"og:site_name\" content=\"Um\u011bleckopr\u016fmyslov\u00e9 museum v Praze\" \/>\n<meta property=\"article:modified_time\" content=\"2024-10-13T19:14:53+00:00\" \/>\n<meta property=\"og:image\" content=\"https:\/\/www.upm.cz\/wp-content\/uploads\/Odvaha_risk_19-1.jpg\" \/>\n\t<meta property=\"og:image:width\" content=\"1483\" \/>\n\t<meta property=\"og:image:height\" content=\"2000\" \/>\n\t<meta property=\"og:image:type\" content=\"image\/jpeg\" \/>\n<meta name=\"twitter:card\" content=\"summary_large_image\" \/>\n<meta name=\"twitter:label1\" content=\"Est. reading time\" \/>\n\t<meta name=\"twitter:data1\" content=\"1 minute\" \/>\n<script type=\"application\/ld+json\" class=\"yoast-schema-graph\">{\"@context\":\"https:\/\/schema.org\",\"@graph\":[{\"@type\":\"WebPage\",\"@id\":\"https:\/\/www.upm.cz\/eshop\/odvaha-a-risk-stoleti-designu-v-upm\/\",\"url\":\"https:\/\/www.upm.cz\/eshop\/odvaha-a-risk-stoleti-designu-v-upm\/\",\"name\":\"ODVAHA A RISK. STOLET\u00cd DESIGNU V UPM - Um\u011bleckopr\u016fmyslov\u00e9 museum v Praze\",\"isPartOf\":{\"@id\":\"https:\/\/www.upm.cz\/#website\"},\"primaryImageOfPage\":{\"@id\":\"https:\/\/www.upm.cz\/eshop\/odvaha-a-risk-stoleti-designu-v-upm\/#primaryimage\"},\"image\":{\"@id\":\"https:\/\/www.upm.cz\/eshop\/odvaha-a-risk-stoleti-designu-v-upm\/#primaryimage\"},\"thumbnailUrl\":\"https:\/\/www.upm.cz\/wp-content\/uploads\/Odvaha_risk_19-1.jpg\",\"datePublished\":\"2021-02-17T13:48:24+00:00\",\"dateModified\":\"2024-10-13T19:14:53+00:00\",\"description\":\"Publikace doprov\u00e1zej\u00edc\u00ed stejnojmennou v\u00fdstavu v\u00a0Um\u011bleckopr\u016fmyslov\u00e9m museu v\u00a0Praze p\u0159edstavuje dvan\u00e1ct v\u00fdstavn\u00edch projekt\u016f, kter\u00e9 ve 20.\u00a0stolet\u00ed formovaly d\u011bjiny designu v\u00a0\u010desk\u00fdch zem\u00edch. Tyto projekty byly sv\u00fdm zp\u016fsobem odv\u00e1\u017en\u00e9 i\u00a0riskantn\u00ed \u2013 v\u00a0konceptech, dobov\u00e9m geopolitick\u00e9m kontextu a\u00a0zejm\u00e9na v\u00a0nov\u00e1torsk\u00e9 instalaci.\",\"breadcrumb\":{\"@id\":\"https:\/\/www.upm.cz\/eshop\/odvaha-a-risk-stoleti-designu-v-upm\/#breadcrumb\"},\"inLanguage\":\"en-US\",\"potentialAction\":[{\"@type\":\"ReadAction\",\"target\":[\"https:\/\/www.upm.cz\/eshop\/odvaha-a-risk-stoleti-designu-v-upm\/\"]}]},{\"@type\":\"ImageObject\",\"inLanguage\":\"en-US\",\"@id\":\"https:\/\/www.upm.cz\/eshop\/odvaha-a-risk-stoleti-designu-v-upm\/#primaryimage\",\"url\":\"https:\/\/www.upm.cz\/wp-content\/uploads\/Odvaha_risk_19-1.jpg\",\"contentUrl\":\"https:\/\/www.upm.cz\/wp-content\/uploads\/Odvaha_risk_19-1.jpg\",\"width\":1483,\"height\":2000},{\"@type\":\"BreadcrumbList\",\"@id\":\"https:\/\/www.upm.cz\/eshop\/odvaha-a-risk-stoleti-designu-v-upm\/#breadcrumb\",\"itemListElement\":[{\"@type\":\"ListItem\",\"position\":1,\"name\":\"Dom\u016f\",\"item\":\"https:\/\/www.upm.cz\/\"},{\"@type\":\"ListItem\",\"position\":2,\"name\":\"eshop\",\"item\":\"https:\/\/www.upm.cz\/eshop\/\"},{\"@type\":\"ListItem\",\"position\":3,\"name\":\"ODVAHA A&nbsp;RISK. STOLET\u00cd DESIGNU V&nbsp;UPM\"}]},{\"@type\":\"WebSite\",\"@id\":\"https:\/\/www.upm.cz\/#website\",\"url\":\"https:\/\/www.upm.cz\/\",\"name\":\"Um\u011bleckopr\u016fmyslov\u00e9 museum v Praze\",\"description\":\"\",\"publisher\":{\"@id\":\"https:\/\/www.upm.cz\/#organization\"},\"potentialAction\":[{\"@type\":\"SearchAction\",\"target\":{\"@type\":\"EntryPoint\",\"urlTemplate\":\"https:\/\/www.upm.cz\/?s={search_term_string}\"},\"query-input\":{\"@type\":\"PropertyValueSpecification\",\"valueRequired\":true,\"valueName\":\"search_term_string\"}}],\"inLanguage\":\"en-US\"},{\"@type\":\"Organization\",\"@id\":\"https:\/\/www.upm.cz\/#organization\",\"name\":\"Um\u011bleckopr\u016fmyslov\u00e9 museum v Praze\",\"url\":\"https:\/\/www.upm.cz\/\",\"logo\":{\"@type\":\"ImageObject\",\"inLanguage\":\"en-US\",\"@id\":\"https:\/\/www.upm.cz\/#\/schema\/logo\/image\/\",\"url\":\"https:\/\/www.upm.cz\/wp-content\/uploads\/2020\/03\/logo_upm_cz.svg\",\"contentUrl\":\"https:\/\/www.upm.cz\/wp-content\/uploads\/2020\/03\/logo_upm_cz.svg\",\"width\":1736,\"height\":295,\"caption\":\"Um\u011bleckopr\u016fmyslov\u00e9 museum v Praze\"},\"image\":{\"@id\":\"https:\/\/www.upm.cz\/#\/schema\/logo\/image\/\"}}]}<\/script>\n<!-- \/ Yoast SEO plugin. -->","yoast_head_json":{"title":"ODVAHA A RISK. STOLET\u00cd DESIGNU V UPM - Um\u011bleckopr\u016fmyslov\u00e9 museum v Praze","description":"Publikace doprov\u00e1zej\u00edc\u00ed stejnojmennou v\u00fdstavu v\u00a0Um\u011bleckopr\u016fmyslov\u00e9m museu v\u00a0Praze p\u0159edstavuje dvan\u00e1ct v\u00fdstavn\u00edch projekt\u016f, kter\u00e9 ve 20.\u00a0stolet\u00ed formovaly d\u011bjiny designu v\u00a0\u010desk\u00fdch zem\u00edch. Tyto projekty byly sv\u00fdm zp\u016fsobem odv\u00e1\u017en\u00e9 i\u00a0riskantn\u00ed \u2013 v\u00a0konceptech, dobov\u00e9m geopolitick\u00e9m kontextu a\u00a0zejm\u00e9na v\u00a0nov\u00e1torsk\u00e9 instalaci.","robots":{"index":"noindex","follow":"nofollow"},"og_locale":"en_US","og_type":"article","og_title":"ODVAHA A RISK. STOLET\u00cd DESIGNU V UPM - Um\u011bleckopr\u016fmyslov\u00e9 museum v Praze","og_description":"Publikace doprov\u00e1zej\u00edc\u00ed stejnojmennou v\u00fdstavu v\u00a0Um\u011bleckopr\u016fmyslov\u00e9m museu v\u00a0Praze p\u0159edstavuje dvan\u00e1ct v\u00fdstavn\u00edch projekt\u016f, kter\u00e9 ve 20.\u00a0stolet\u00ed formovaly d\u011bjiny designu v\u00a0\u010desk\u00fdch zem\u00edch. Tyto projekty byly sv\u00fdm zp\u016fsobem odv\u00e1\u017en\u00e9 i\u00a0riskantn\u00ed \u2013 v\u00a0konceptech, dobov\u00e9m geopolitick\u00e9m kontextu a\u00a0zejm\u00e9na v\u00a0nov\u00e1torsk\u00e9 instalaci.","og_url":"https:\/\/www.upm.cz\/an\/eshop\/odvaha-a-risk-stoleti-designu-v-upm\/","og_site_name":"Um\u011bleckopr\u016fmyslov\u00e9 museum v Praze","article_modified_time":"2024-10-13T19:14:53+00:00","og_image":[{"width":1483,"height":2000,"url":"https:\/\/www.upm.cz\/wp-content\/uploads\/Odvaha_risk_19-1.jpg","type":"image\/jpeg"}],"twitter_card":"summary_large_image","twitter_misc":{"Est. reading time":"1 minute"},"schema":{"@context":"https:\/\/schema.org","@graph":[{"@type":"WebPage","@id":"https:\/\/www.upm.cz\/eshop\/odvaha-a-risk-stoleti-designu-v-upm\/","url":"https:\/\/www.upm.cz\/eshop\/odvaha-a-risk-stoleti-designu-v-upm\/","name":"ODVAHA A RISK. STOLET\u00cd DESIGNU V UPM - Um\u011bleckopr\u016fmyslov\u00e9 museum v Praze","isPartOf":{"@id":"https:\/\/www.upm.cz\/#website"},"primaryImageOfPage":{"@id":"https:\/\/www.upm.cz\/eshop\/odvaha-a-risk-stoleti-designu-v-upm\/#primaryimage"},"image":{"@id":"https:\/\/www.upm.cz\/eshop\/odvaha-a-risk-stoleti-designu-v-upm\/#primaryimage"},"thumbnailUrl":"https:\/\/www.upm.cz\/wp-content\/uploads\/Odvaha_risk_19-1.jpg","datePublished":"2021-02-17T13:48:24+00:00","dateModified":"2024-10-13T19:14:53+00:00","description":"Publikace doprov\u00e1zej\u00edc\u00ed stejnojmennou v\u00fdstavu v\u00a0Um\u011bleckopr\u016fmyslov\u00e9m museu v\u00a0Praze p\u0159edstavuje dvan\u00e1ct v\u00fdstavn\u00edch projekt\u016f, kter\u00e9 ve 20.\u00a0stolet\u00ed formovaly d\u011bjiny designu v\u00a0\u010desk\u00fdch zem\u00edch. Tyto projekty byly sv\u00fdm zp\u016fsobem odv\u00e1\u017en\u00e9 i\u00a0riskantn\u00ed \u2013 v\u00a0konceptech, dobov\u00e9m geopolitick\u00e9m kontextu a\u00a0zejm\u00e9na v\u00a0nov\u00e1torsk\u00e9 instalaci.","breadcrumb":{"@id":"https:\/\/www.upm.cz\/eshop\/odvaha-a-risk-stoleti-designu-v-upm\/#breadcrumb"},"inLanguage":"en-US","potentialAction":[{"@type":"ReadAction","target":["https:\/\/www.upm.cz\/eshop\/odvaha-a-risk-stoleti-designu-v-upm\/"]}]},{"@type":"ImageObject","inLanguage":"en-US","@id":"https:\/\/www.upm.cz\/eshop\/odvaha-a-risk-stoleti-designu-v-upm\/#primaryimage","url":"https:\/\/www.upm.cz\/wp-content\/uploads\/Odvaha_risk_19-1.jpg","contentUrl":"https:\/\/www.upm.cz\/wp-content\/uploads\/Odvaha_risk_19-1.jpg","width":1483,"height":2000},{"@type":"BreadcrumbList","@id":"https:\/\/www.upm.cz\/eshop\/odvaha-a-risk-stoleti-designu-v-upm\/#breadcrumb","itemListElement":[{"@type":"ListItem","position":1,"name":"Dom\u016f","item":"https:\/\/www.upm.cz\/"},{"@type":"ListItem","position":2,"name":"eshop","item":"https:\/\/www.upm.cz\/eshop\/"},{"@type":"ListItem","position":3,"name":"ODVAHA A&nbsp;RISK. STOLET\u00cd DESIGNU V&nbsp;UPM"}]},{"@type":"WebSite","@id":"https:\/\/www.upm.cz\/#website","url":"https:\/\/www.upm.cz\/","name":"Um\u011bleckopr\u016fmyslov\u00e9 museum v Praze","description":"","publisher":{"@id":"https:\/\/www.upm.cz\/#organization"},"potentialAction":[{"@type":"SearchAction","target":{"@type":"EntryPoint","urlTemplate":"https:\/\/www.upm.cz\/?s={search_term_string}"},"query-input":{"@type":"PropertyValueSpecification","valueRequired":true,"valueName":"search_term_string"}}],"inLanguage":"en-US"},{"@type":"Organization","@id":"https:\/\/www.upm.cz\/#organization","name":"Um\u011bleckopr\u016fmyslov\u00e9 museum v Praze","url":"https:\/\/www.upm.cz\/","logo":{"@type":"ImageObject","inLanguage":"en-US","@id":"https:\/\/www.upm.cz\/#\/schema\/logo\/image\/","url":"https:\/\/www.upm.cz\/wp-content\/uploads\/2020\/03\/logo_upm_cz.svg","contentUrl":"https:\/\/www.upm.cz\/wp-content\/uploads\/2020\/03\/logo_upm_cz.svg","width":1736,"height":295,"caption":"Um\u011bleckopr\u016fmyslov\u00e9 museum v Praze"},"image":{"@id":"https:\/\/www.upm.cz\/#\/schema\/logo\/image\/"}}]}},"_links":{"self":[{"href":"https:\/\/www.upm.cz\/an\/wp-json\/wp\/v2\/product\/7091","targetHints":{"allow":["GET"]}}],"collection":[{"href":"https:\/\/www.upm.cz\/an\/wp-json\/wp\/v2\/product"}],"about":[{"href":"https:\/\/www.upm.cz\/an\/wp-json\/wp\/v2\/types\/product"}],"wp:featuredmedia":[{"embeddable":true,"href":"https:\/\/www.upm.cz\/an\/wp-json\/wp\/v2\/media\/2306"}],"wp:attachment":[{"href":"https:\/\/www.upm.cz\/an\/wp-json\/wp\/v2\/media?parent=7091"}],"wp:term":[{"taxonomy":"product_brand","embeddable":true,"href":"https:\/\/www.upm.cz\/an\/wp-json\/wp\/v2\/product_brand?post=7091"},{"taxonomy":"product_cat","embeddable":true,"href":"https:\/\/www.upm.cz\/an\/wp-json\/wp\/v2\/product_cat?post=7091"},{"taxonomy":"product_tag","embeddable":true,"href":"https:\/\/www.upm.cz\/an\/wp-json\/wp\/v2\/product_tag?post=7091"}],"curies":[{"name":"wp","href":"https:\/\/api.w.org\/{rel}","templated":true}]}}