{"id":7093,"date":"2021-02-17T14:52:20","date_gmt":"2021-02-17T13:52:20","guid":{"rendered":"https:\/\/www.upm.cz\/?post_type=product&#038;p=7093"},"modified":"2024-05-16T13:45:36","modified_gmt":"2024-05-16T11:45:36","slug":"prazske-modni-salony-1900-1948-prague-fashion-houses-1900-1948","status":"publish","type":"product","link":"https:\/\/www.upm.cz\/an\/eshop\/prazske-modni-salony-1900-1948-prague-fashion-houses-1900-1948\/","title":{"rendered":"PRA\u017dSK\u00c9 M\u00d3DN\u00cd SALONY 1900\u20131948 \/ PRAGUE FASHION HOUSES 1900\u20131948"},"content":{"rendered":"<p>V\u00fdpravn\u00e1 monografie zachycuje historii nejv\u00fdznamn\u011bj\u0161\u00edch pra\u017esk\u00fdch m\u00f3dn\u00edch z\u00e1vod\u016f, jak\u00fdmi byly nap\u0159\u00edklad salony Hany Podolsk\u00e9, Old\u0159icha Rosenbauma, Arno\u0161tky Roub\u00ed\u010dkov\u00e9 \u010di\u00a0Franti\u0161ka B\u00e1rty, a\u00a0p\u0159ibli\u017euje v\u00fdvoj m\u00f3dn\u00ed tvorby v\u00a0obdob\u00ed let 1900\u20131948.<\/p>\n<p>Sledujeme rozvoj krej\u010dovsk\u00e9ho \u0159emesla, jeho prom\u011bnu v\u00a0u\u017eit\u00e9 um\u011bn\u00ed, prom\u011bnu \u0161\u00ed\u0159en\u00ed sv\u011btov\u00e9 m\u00f3dy i\u00a0prom\u011bnu samotn\u00fdch krej\u010d\u00edch z\u00a0\u0159emesln\u00edk\u016f na um\u011blce a\u00a0obchodn\u00edky. Publikace zachycuje mimo\u0159\u00e1dn\u00e9 osudy majitel\u016f salon\u016f na pozad\u00ed p\u0159evratn\u00fdch historick\u00fdch ud\u00e1lost\u00ed.<\/p>\n<p>Druh\u00e9 upraven\u00e9 vyd\u00e1n\u00ed knihy.<\/p>\n<p><strong>Nejkr\u00e1sn\u011bj\u0161\u00ed \u010desk\u00e1 kniha roku \u2013 3.\u00a0m\u00edsto v\u00a0kategorii V\u011bdeck\u00e1 a\u00a0odborn\u00e1 literatura 2011<br \/>\nMuzejn\u00ed publikace roku \u2013 2.\u00a0m\u00edsto v\u00a0N\u00e1rodn\u00ed sout\u011b\u017ei muze\u00ed Gloria musaealis 2011<\/strong><\/p>","protected":false},"excerpt":{"rendered":"<p>vydavatel\u00e9: UPM a&nbsp;Arbor vitae, 2011, dopln\u011bn\u00e9 vyd\u00e1n\u00ed 2018<br \/>\nautorka koncepce: Eva Uchalov\u00e1<br \/>\ntexty: Eva Uchalov\u00e1, Zora Damov\u00e1, Viktor \u0160lajchrt<br \/>\nvyd\u00e1n\u00ed: \u010desko-anglick\u00e9<br \/>\nform\u00e1t: 29 x 24 cm, pevn\u00e1 vazba<br \/>\npo\u010det stran: 312<br \/>\npo\u010det\u00a0reprodukc\u00ed: 430<br \/>\nISBN 978-80-7101-176-7 (UPM)<\/p>","protected":false},"featured_media":2319,"template":"","meta":{"_acf_changed":false},"product_brand":[],"product_cat":[45],"product_tag":[],"class_list":{"0":"post-7093","1":"product","2":"type-product","3":"status-publish","4":"has-post-thumbnail","6":"product_cat-knihy","8":"first","9":"outofstock","10":"shipping-taxable","11":"purchasable","12":"product-type-simple"},"acf":[],"yoast_head":"<!-- This site is optimized with the Yoast SEO plugin v26.9 - https:\/\/yoast.com\/product\/yoast-seo-wordpress\/ -->\n<title>PRA\u017dSK\u00c9 M\u00d3DN\u00cd SALONY 1900\u20131948 \/ PRAGUE FASHION HOUSES 1900\u20131948 - Um\u011bleckopr\u016fmyslov\u00e9 museum v Praze<\/title>\n<meta name=\"description\" content=\"V\u00fdpravn\u00e1 monografie zachycuje historii nejv\u00fdznamn\u011bj\u0161\u00edch pra\u017esk\u00fdch m\u00f3dn\u00edch z\u00e1vod\u016f, jak\u00fdmi byly nap\u0159\u00edklad salony Hany Podolsk\u00e9, Old\u0159icha Rosenbauma, Arno\u0161tky Roub\u00ed\u010dkov\u00e9 \u010di\u00a0Franti\u0161ka B\u00e1rty, a\u00a0p\u0159ibli\u017euje v\u00fdvoj m\u00f3dn\u00ed tvorby v\u00a0obdob\u00ed let 1900\u20131948.\" \/>\n<meta name=\"robots\" content=\"noindex, nofollow\" \/>\n<meta property=\"og:locale\" content=\"en_US\" \/>\n<meta property=\"og:type\" content=\"article\" \/>\n<meta property=\"og:title\" content=\"PRA\u017dSK\u00c9 M\u00d3DN\u00cd SALONY 1900\u20131948 \/ PRAGUE FASHION HOUSES 1900\u20131948 - Um\u011bleckopr\u016fmyslov\u00e9 museum v Praze\" \/>\n<meta property=\"og:description\" content=\"V\u00fdpravn\u00e1 monografie zachycuje historii nejv\u00fdznamn\u011bj\u0161\u00edch pra\u017esk\u00fdch m\u00f3dn\u00edch z\u00e1vod\u016f, jak\u00fdmi byly nap\u0159\u00edklad salony Hany Podolsk\u00e9, Old\u0159icha Rosenbauma, Arno\u0161tky Roub\u00ed\u010dkov\u00e9 \u010di\u00a0Franti\u0161ka B\u00e1rty, a\u00a0p\u0159ibli\u017euje v\u00fdvoj m\u00f3dn\u00ed tvorby v\u00a0obdob\u00ed let 1900\u20131948.\" \/>\n<meta property=\"og:url\" content=\"https:\/\/www.upm.cz\/an\/eshop\/prazske-modni-salony-1900-1948-prague-fashion-houses-1900-1948\/\" \/>\n<meta property=\"og:site_name\" content=\"Um\u011bleckopr\u016fmyslov\u00e9 museum v Praze\" \/>\n<meta property=\"article:modified_time\" content=\"2024-05-16T11:45:36+00:00\" \/>\n<meta property=\"og:image\" content=\"https:\/\/www.upm.cz\/wp-content\/uploads\/Modni_salony_obalka_1_2018.jpg\" \/>\n\t<meta property=\"og:image:width\" content=\"991\" \/>\n\t<meta property=\"og:image:height\" content=\"1200\" \/>\n\t<meta property=\"og:image:type\" content=\"image\/jpeg\" \/>\n<meta name=\"twitter:card\" content=\"summary_large_image\" \/>\n<meta name=\"twitter:label1\" content=\"Est. reading time\" \/>\n\t<meta name=\"twitter:data1\" content=\"1 minute\" \/>\n<script type=\"application\/ld+json\" class=\"yoast-schema-graph\">{\"@context\":\"https:\/\/schema.org\",\"@graph\":[{\"@type\":\"WebPage\",\"@id\":\"https:\/\/www.upm.cz\/eshop\/prazske-modni-salony-1900-1948-prague-fashion-houses-1900-1948\/\",\"url\":\"https:\/\/www.upm.cz\/eshop\/prazske-modni-salony-1900-1948-prague-fashion-houses-1900-1948\/\",\"name\":\"PRA\u017dSK\u00c9 M\u00d3DN\u00cd SALONY 1900\u20131948 \/ PRAGUE FASHION HOUSES 1900\u20131948 - Um\u011bleckopr\u016fmyslov\u00e9 museum v Praze\",\"isPartOf\":{\"@id\":\"https:\/\/www.upm.cz\/#website\"},\"primaryImageOfPage\":{\"@id\":\"https:\/\/www.upm.cz\/eshop\/prazske-modni-salony-1900-1948-prague-fashion-houses-1900-1948\/#primaryimage\"},\"image\":{\"@id\":\"https:\/\/www.upm.cz\/eshop\/prazske-modni-salony-1900-1948-prague-fashion-houses-1900-1948\/#primaryimage\"},\"thumbnailUrl\":\"https:\/\/www.upm.cz\/wp-content\/uploads\/Modni_salony_obalka_1_2018.jpg\",\"datePublished\":\"2021-02-17T13:52:20+00:00\",\"dateModified\":\"2024-05-16T11:45:36+00:00\",\"description\":\"V\u00fdpravn\u00e1 monografie zachycuje historii nejv\u00fdznamn\u011bj\u0161\u00edch pra\u017esk\u00fdch m\u00f3dn\u00edch z\u00e1vod\u016f, jak\u00fdmi byly nap\u0159\u00edklad salony Hany Podolsk\u00e9, Old\u0159icha Rosenbauma, Arno\u0161tky Roub\u00ed\u010dkov\u00e9 \u010di\u00a0Franti\u0161ka B\u00e1rty, a\u00a0p\u0159ibli\u017euje v\u00fdvoj m\u00f3dn\u00ed tvorby v\u00a0obdob\u00ed let 1900\u20131948.\",\"breadcrumb\":{\"@id\":\"https:\/\/www.upm.cz\/eshop\/prazske-modni-salony-1900-1948-prague-fashion-houses-1900-1948\/#breadcrumb\"},\"inLanguage\":\"en-US\",\"potentialAction\":[{\"@type\":\"ReadAction\",\"target\":[\"https:\/\/www.upm.cz\/eshop\/prazske-modni-salony-1900-1948-prague-fashion-houses-1900-1948\/\"]}]},{\"@type\":\"ImageObject\",\"inLanguage\":\"en-US\",\"@id\":\"https:\/\/www.upm.cz\/eshop\/prazske-modni-salony-1900-1948-prague-fashion-houses-1900-1948\/#primaryimage\",\"url\":\"https:\/\/www.upm.cz\/wp-content\/uploads\/Modni_salony_obalka_1_2018.jpg\",\"contentUrl\":\"https:\/\/www.upm.cz\/wp-content\/uploads\/Modni_salony_obalka_1_2018.jpg\",\"width\":991,\"height\":1200},{\"@type\":\"BreadcrumbList\",\"@id\":\"https:\/\/www.upm.cz\/eshop\/prazske-modni-salony-1900-1948-prague-fashion-houses-1900-1948\/#breadcrumb\",\"itemListElement\":[{\"@type\":\"ListItem\",\"position\":1,\"name\":\"Dom\u016f\",\"item\":\"https:\/\/www.upm.cz\/\"},{\"@type\":\"ListItem\",\"position\":2,\"name\":\"eshop\",\"item\":\"https:\/\/www.upm.cz\/eshop\/\"},{\"@type\":\"ListItem\",\"position\":3,\"name\":\"PRA\u017dSK\u00c9 M\u00d3DN\u00cd SALONY 1900\u20131948 \/ PRAGUE FASHION HOUSES 1900\u20131948\"}]},{\"@type\":\"WebSite\",\"@id\":\"https:\/\/www.upm.cz\/#website\",\"url\":\"https:\/\/www.upm.cz\/\",\"name\":\"Um\u011bleckopr\u016fmyslov\u00e9 museum v Praze\",\"description\":\"\",\"publisher\":{\"@id\":\"https:\/\/www.upm.cz\/#organization\"},\"potentialAction\":[{\"@type\":\"SearchAction\",\"target\":{\"@type\":\"EntryPoint\",\"urlTemplate\":\"https:\/\/www.upm.cz\/?s={search_term_string}\"},\"query-input\":{\"@type\":\"PropertyValueSpecification\",\"valueRequired\":true,\"valueName\":\"search_term_string\"}}],\"inLanguage\":\"en-US\"},{\"@type\":\"Organization\",\"@id\":\"https:\/\/www.upm.cz\/#organization\",\"name\":\"Um\u011bleckopr\u016fmyslov\u00e9 museum v Praze\",\"url\":\"https:\/\/www.upm.cz\/\",\"logo\":{\"@type\":\"ImageObject\",\"inLanguage\":\"en-US\",\"@id\":\"https:\/\/www.upm.cz\/#\/schema\/logo\/image\/\",\"url\":\"https:\/\/www.upm.cz\/wp-content\/uploads\/2020\/03\/logo_upm_cz.svg\",\"contentUrl\":\"https:\/\/www.upm.cz\/wp-content\/uploads\/2020\/03\/logo_upm_cz.svg\",\"width\":1736,\"height\":295,\"caption\":\"Um\u011bleckopr\u016fmyslov\u00e9 museum v Praze\"},\"image\":{\"@id\":\"https:\/\/www.upm.cz\/#\/schema\/logo\/image\/\"}}]}<\/script>\n<!-- \/ Yoast SEO plugin. -->","yoast_head_json":{"title":"PRA\u017dSK\u00c9 M\u00d3DN\u00cd SALONY 1900\u20131948 \/ PRAGUE FASHION HOUSES 1900\u20131948 - Um\u011bleckopr\u016fmyslov\u00e9 museum v Praze","description":"V\u00fdpravn\u00e1 monografie zachycuje historii nejv\u00fdznamn\u011bj\u0161\u00edch pra\u017esk\u00fdch m\u00f3dn\u00edch z\u00e1vod\u016f, jak\u00fdmi byly nap\u0159\u00edklad salony Hany Podolsk\u00e9, Old\u0159icha Rosenbauma, Arno\u0161tky Roub\u00ed\u010dkov\u00e9 \u010di\u00a0Franti\u0161ka B\u00e1rty, a\u00a0p\u0159ibli\u017euje v\u00fdvoj m\u00f3dn\u00ed tvorby v\u00a0obdob\u00ed let 1900\u20131948.","robots":{"index":"noindex","follow":"nofollow"},"og_locale":"en_US","og_type":"article","og_title":"PRA\u017dSK\u00c9 M\u00d3DN\u00cd SALONY 1900\u20131948 \/ PRAGUE FASHION HOUSES 1900\u20131948 - Um\u011bleckopr\u016fmyslov\u00e9 museum v Praze","og_description":"V\u00fdpravn\u00e1 monografie zachycuje historii nejv\u00fdznamn\u011bj\u0161\u00edch pra\u017esk\u00fdch m\u00f3dn\u00edch z\u00e1vod\u016f, jak\u00fdmi byly nap\u0159\u00edklad salony Hany Podolsk\u00e9, Old\u0159icha Rosenbauma, Arno\u0161tky Roub\u00ed\u010dkov\u00e9 \u010di\u00a0Franti\u0161ka B\u00e1rty, a\u00a0p\u0159ibli\u017euje v\u00fdvoj m\u00f3dn\u00ed tvorby v\u00a0obdob\u00ed let 1900\u20131948.","og_url":"https:\/\/www.upm.cz\/an\/eshop\/prazske-modni-salony-1900-1948-prague-fashion-houses-1900-1948\/","og_site_name":"Um\u011bleckopr\u016fmyslov\u00e9 museum v Praze","article_modified_time":"2024-05-16T11:45:36+00:00","og_image":[{"width":991,"height":1200,"url":"https:\/\/www.upm.cz\/wp-content\/uploads\/Modni_salony_obalka_1_2018.jpg","type":"image\/jpeg"}],"twitter_card":"summary_large_image","twitter_misc":{"Est. reading time":"1 minute"},"schema":{"@context":"https:\/\/schema.org","@graph":[{"@type":"WebPage","@id":"https:\/\/www.upm.cz\/eshop\/prazske-modni-salony-1900-1948-prague-fashion-houses-1900-1948\/","url":"https:\/\/www.upm.cz\/eshop\/prazske-modni-salony-1900-1948-prague-fashion-houses-1900-1948\/","name":"PRA\u017dSK\u00c9 M\u00d3DN\u00cd SALONY 1900\u20131948 \/ PRAGUE FASHION HOUSES 1900\u20131948 - Um\u011bleckopr\u016fmyslov\u00e9 museum v Praze","isPartOf":{"@id":"https:\/\/www.upm.cz\/#website"},"primaryImageOfPage":{"@id":"https:\/\/www.upm.cz\/eshop\/prazske-modni-salony-1900-1948-prague-fashion-houses-1900-1948\/#primaryimage"},"image":{"@id":"https:\/\/www.upm.cz\/eshop\/prazske-modni-salony-1900-1948-prague-fashion-houses-1900-1948\/#primaryimage"},"thumbnailUrl":"https:\/\/www.upm.cz\/wp-content\/uploads\/Modni_salony_obalka_1_2018.jpg","datePublished":"2021-02-17T13:52:20+00:00","dateModified":"2024-05-16T11:45:36+00:00","description":"V\u00fdpravn\u00e1 monografie zachycuje historii nejv\u00fdznamn\u011bj\u0161\u00edch pra\u017esk\u00fdch m\u00f3dn\u00edch z\u00e1vod\u016f, jak\u00fdmi byly nap\u0159\u00edklad salony Hany Podolsk\u00e9, Old\u0159icha Rosenbauma, Arno\u0161tky Roub\u00ed\u010dkov\u00e9 \u010di\u00a0Franti\u0161ka B\u00e1rty, a\u00a0p\u0159ibli\u017euje v\u00fdvoj m\u00f3dn\u00ed tvorby v\u00a0obdob\u00ed let 1900\u20131948.","breadcrumb":{"@id":"https:\/\/www.upm.cz\/eshop\/prazske-modni-salony-1900-1948-prague-fashion-houses-1900-1948\/#breadcrumb"},"inLanguage":"en-US","potentialAction":[{"@type":"ReadAction","target":["https:\/\/www.upm.cz\/eshop\/prazske-modni-salony-1900-1948-prague-fashion-houses-1900-1948\/"]}]},{"@type":"ImageObject","inLanguage":"en-US","@id":"https:\/\/www.upm.cz\/eshop\/prazske-modni-salony-1900-1948-prague-fashion-houses-1900-1948\/#primaryimage","url":"https:\/\/www.upm.cz\/wp-content\/uploads\/Modni_salony_obalka_1_2018.jpg","contentUrl":"https:\/\/www.upm.cz\/wp-content\/uploads\/Modni_salony_obalka_1_2018.jpg","width":991,"height":1200},{"@type":"BreadcrumbList","@id":"https:\/\/www.upm.cz\/eshop\/prazske-modni-salony-1900-1948-prague-fashion-houses-1900-1948\/#breadcrumb","itemListElement":[{"@type":"ListItem","position":1,"name":"Dom\u016f","item":"https:\/\/www.upm.cz\/"},{"@type":"ListItem","position":2,"name":"eshop","item":"https:\/\/www.upm.cz\/eshop\/"},{"@type":"ListItem","position":3,"name":"PRA\u017dSK\u00c9 M\u00d3DN\u00cd SALONY 1900\u20131948 \/ PRAGUE FASHION HOUSES 1900\u20131948"}]},{"@type":"WebSite","@id":"https:\/\/www.upm.cz\/#website","url":"https:\/\/www.upm.cz\/","name":"Um\u011bleckopr\u016fmyslov\u00e9 museum v Praze","description":"","publisher":{"@id":"https:\/\/www.upm.cz\/#organization"},"potentialAction":[{"@type":"SearchAction","target":{"@type":"EntryPoint","urlTemplate":"https:\/\/www.upm.cz\/?s={search_term_string}"},"query-input":{"@type":"PropertyValueSpecification","valueRequired":true,"valueName":"search_term_string"}}],"inLanguage":"en-US"},{"@type":"Organization","@id":"https:\/\/www.upm.cz\/#organization","name":"Um\u011bleckopr\u016fmyslov\u00e9 museum v Praze","url":"https:\/\/www.upm.cz\/","logo":{"@type":"ImageObject","inLanguage":"en-US","@id":"https:\/\/www.upm.cz\/#\/schema\/logo\/image\/","url":"https:\/\/www.upm.cz\/wp-content\/uploads\/2020\/03\/logo_upm_cz.svg","contentUrl":"https:\/\/www.upm.cz\/wp-content\/uploads\/2020\/03\/logo_upm_cz.svg","width":1736,"height":295,"caption":"Um\u011bleckopr\u016fmyslov\u00e9 museum v Praze"},"image":{"@id":"https:\/\/www.upm.cz\/#\/schema\/logo\/image\/"}}]}},"_links":{"self":[{"href":"https:\/\/www.upm.cz\/an\/wp-json\/wp\/v2\/product\/7093","targetHints":{"allow":["GET"]}}],"collection":[{"href":"https:\/\/www.upm.cz\/an\/wp-json\/wp\/v2\/product"}],"about":[{"href":"https:\/\/www.upm.cz\/an\/wp-json\/wp\/v2\/types\/product"}],"wp:featuredmedia":[{"embeddable":true,"href":"https:\/\/www.upm.cz\/an\/wp-json\/wp\/v2\/media\/2319"}],"wp:attachment":[{"href":"https:\/\/www.upm.cz\/an\/wp-json\/wp\/v2\/media?parent=7093"}],"wp:term":[{"taxonomy":"product_brand","embeddable":true,"href":"https:\/\/www.upm.cz\/an\/wp-json\/wp\/v2\/product_brand?post=7093"},{"taxonomy":"product_cat","embeddable":true,"href":"https:\/\/www.upm.cz\/an\/wp-json\/wp\/v2\/product_cat?post=7093"},{"taxonomy":"product_tag","embeddable":true,"href":"https:\/\/www.upm.cz\/an\/wp-json\/wp\/v2\/product_tag?post=7093"}],"curies":[{"name":"wp","href":"https:\/\/api.w.org\/{rel}","templated":true}]}}