{"id":7099,"date":"2021-02-17T15:05:57","date_gmt":"2021-02-17T14:05:57","guid":{"rendered":"https:\/\/www.upm.cz\/?post_type=product&#038;p=7099"},"modified":"2025-12-02T21:36:30","modified_gmt":"2025-12-02T20:36:30","slug":"jiri-suhajek","status":"publish","type":"product","link":"https:\/\/www.upm.cz\/an\/eshop\/jiri-suhajek\/","title":{"rendered":"JI\u0158\u00cd \u0160UH\u00c1JEK"},"content":{"rendered":"<p>Publikace o\u00a0v\u00fdznamn\u00e9m \u010desk\u00e9m skl\u00e1\u0159i Ji\u0159\u00edm \u0160uh\u00e1jkovi je prvn\u00ed soubornou prac\u00ed zhodnocuj\u00edc\u00ed jeho rozs\u00e1hl\u00e9 d\u00edlo: tvorbu ve skle volnou a\u00a0u\u017eitou i\u00a0tvorbu mal\u00ed\u0159skou. Jeho um\u011bleck\u00e1 dr\u00e1ha je prov\u00e1zena \u0159adou ocen\u011bn\u00ed za stoln\u00ed soubory vytvo\u0159en\u00e9 v\u00a080.\u00a0letech 20.\u00a0stolet\u00ed v\u00a0Crystalexu, obdivem k\u00a0jeho voln\u00e9 p\u0159ev\u00e1\u017en\u011b figur\u00e1ln\u00ed tvorb\u011b i\u00a0k\u00a0n\u00e1vrh\u016fm luxusn\u00edch soubor\u016f pro firmu Moser, a. s. Kniha je nahl\u00e9dnut\u00edm do rozs\u00e1hl\u00e9ho tv\u016fr\u010d\u00edho potenci\u00e1lu jedn\u00e9 z\u00a0v\u00fdznamn\u00fdch osobnost\u00ed na\u0161\u00ed v\u00fdtvarn\u00e9 sc\u00e9ny.<\/p>","protected":false},"excerpt":{"rendered":"<p>vydavatel\u00e9: UPM, 2020<br \/>\neditor: Eva Neumannov\u00e1<br \/>\nautorka text\u016f: Eva Neumannov\u00e1<br \/>\ngrafick\u00fd design: Clara Istlerov\u00e1, Mat\u011bj \u0160uh\u00e1jek<br \/>\nvyd\u00e1n\u00ed: \u010desk\u00e9 s\u00a0anglick\u00fdm resum\u00e9<br \/>\nform\u00e1t: 300 x 225 mm<br \/>\npo\u010det stran: 240<br \/>\npo\u010det reprodukc\u00ed: 295 (z\u00a0toho 247 reprodukc\u00ed d\u011bl)<br \/>\nISBN 978-80-7101-192-7<\/p>","protected":false},"featured_media":5916,"template":"","meta":{"_acf_changed":false},"product_brand":[],"product_cat":[45],"product_tag":[],"class_list":{"0":"post-7099","1":"product","2":"type-product","3":"status-publish","4":"has-post-thumbnail","6":"product_cat-knihy","8":"first","9":"instock","10":"shipping-taxable","11":"purchasable","12":"product-type-simple"},"acf":[],"yoast_head":"<!-- This site is optimized with the Yoast SEO plugin v26.9 - https:\/\/yoast.com\/product\/yoast-seo-wordpress\/ -->\n<title>JI\u0158\u00cd \u0160UH\u00c1JEK - Um\u011bleckopr\u016fmyslov\u00e9 museum v Praze<\/title>\n<meta name=\"description\" content=\"Publikace o v\u00fdznamn\u00e9m \u010desk\u00e9m skl\u00e1\u0159i Ji\u0159\u00edm \u0160uh\u00e1jkovi je prvn\u00ed soubornou prac\u00ed zhodnocuj\u00edc\u00ed jeho rozs\u00e1hl\u00e9 d\u00edlo: tvorbu ve skle volnou a u\u017eitou i tvorbu mal\u00ed\u0159skou. Jeho um\u011bleck\u00e1 dr\u00e1ha je prov\u00e1zena \u0159adou ocen\u011bn\u00ed za stoln\u00ed soubory vytvo\u0159en\u00e9 v 80. letech 20. stolet\u00ed v Crystalexu, obdivem k jeho voln\u00e9 p\u0159ev\u00e1\u017en\u011b figur\u00e1ln\u00ed tvorb\u011b i k n\u00e1vrh\u016fm luxusn\u00edch soubor\u016f pro firmu Moser, a. s. Kniha je nahl\u00e9dnut\u00edm do rozs\u00e1hl\u00e9ho tv\u016fr\u010d\u00edho potenci\u00e1lu jedn\u00e9 z v\u00fdznamn\u00fdch osobnost\u00ed na\u0161\u00ed v\u00fdtvarn\u00e9 sc\u00e9ny.\" \/>\n<meta name=\"robots\" content=\"noindex, nofollow\" \/>\n<meta property=\"og:locale\" content=\"en_US\" \/>\n<meta property=\"og:type\" content=\"article\" \/>\n<meta property=\"og:title\" content=\"JI\u0158\u00cd \u0160UH\u00c1JEK - Um\u011bleckopr\u016fmyslov\u00e9 museum v Praze\" \/>\n<meta property=\"og:description\" content=\"Publikace o v\u00fdznamn\u00e9m \u010desk\u00e9m skl\u00e1\u0159i Ji\u0159\u00edm \u0160uh\u00e1jkovi je prvn\u00ed soubornou prac\u00ed zhodnocuj\u00edc\u00ed jeho rozs\u00e1hl\u00e9 d\u00edlo: tvorbu ve skle volnou a u\u017eitou i tvorbu mal\u00ed\u0159skou. Jeho um\u011bleck\u00e1 dr\u00e1ha je prov\u00e1zena \u0159adou ocen\u011bn\u00ed za stoln\u00ed soubory vytvo\u0159en\u00e9 v 80. letech 20. stolet\u00ed v Crystalexu, obdivem k jeho voln\u00e9 p\u0159ev\u00e1\u017en\u011b figur\u00e1ln\u00ed tvorb\u011b i k n\u00e1vrh\u016fm luxusn\u00edch soubor\u016f pro firmu Moser, a. s. Kniha je nahl\u00e9dnut\u00edm do rozs\u00e1hl\u00e9ho tv\u016fr\u010d\u00edho potenci\u00e1lu jedn\u00e9 z v\u00fdznamn\u00fdch osobnost\u00ed na\u0161\u00ed v\u00fdtvarn\u00e9 sc\u00e9ny.\" \/>\n<meta property=\"og:url\" content=\"https:\/\/www.upm.cz\/an\/eshop\/jiri-suhajek\/\" \/>\n<meta property=\"og:site_name\" content=\"Um\u011bleckopr\u016fmyslov\u00e9 museum v Praze\" \/>\n<meta property=\"article:modified_time\" content=\"2025-12-02T20:36:30+00:00\" \/>\n<meta property=\"og:image\" content=\"https:\/\/www.upm.cz\/wp-content\/uploads\/vazba-A-SKLO-JS.15.9.jpeg\" \/>\n\t<meta property=\"og:image:width\" content=\"1259\" \/>\n\t<meta property=\"og:image:height\" content=\"1746\" \/>\n\t<meta property=\"og:image:type\" content=\"image\/jpeg\" \/>\n<meta name=\"twitter:card\" content=\"summary_large_image\" \/>\n<meta name=\"twitter:label1\" content=\"Est. reading time\" \/>\n\t<meta name=\"twitter:data1\" content=\"1 minute\" \/>\n<script type=\"application\/ld+json\" class=\"yoast-schema-graph\">{\"@context\":\"https:\/\/schema.org\",\"@graph\":[{\"@type\":\"WebPage\",\"@id\":\"https:\/\/www.upm.cz\/eshop\/jiri-suhajek\/\",\"url\":\"https:\/\/www.upm.cz\/eshop\/jiri-suhajek\/\",\"name\":\"JI\u0158\u00cd \u0160UH\u00c1JEK - Um\u011bleckopr\u016fmyslov\u00e9 museum v Praze\",\"isPartOf\":{\"@id\":\"https:\/\/www.upm.cz\/#website\"},\"primaryImageOfPage\":{\"@id\":\"https:\/\/www.upm.cz\/eshop\/jiri-suhajek\/#primaryimage\"},\"image\":{\"@id\":\"https:\/\/www.upm.cz\/eshop\/jiri-suhajek\/#primaryimage\"},\"thumbnailUrl\":\"https:\/\/www.upm.cz\/wp-content\/uploads\/vazba-A-SKLO-JS.15.9.jpeg\",\"datePublished\":\"2021-02-17T14:05:57+00:00\",\"dateModified\":\"2025-12-02T20:36:30+00:00\",\"description\":\"Publikace o v\u00fdznamn\u00e9m \u010desk\u00e9m skl\u00e1\u0159i Ji\u0159\u00edm \u0160uh\u00e1jkovi je prvn\u00ed soubornou prac\u00ed zhodnocuj\u00edc\u00ed jeho rozs\u00e1hl\u00e9 d\u00edlo: tvorbu ve skle volnou a u\u017eitou i tvorbu mal\u00ed\u0159skou. Jeho um\u011bleck\u00e1 dr\u00e1ha je prov\u00e1zena \u0159adou ocen\u011bn\u00ed za stoln\u00ed soubory vytvo\u0159en\u00e9 v 80. letech 20. stolet\u00ed v Crystalexu, obdivem k jeho voln\u00e9 p\u0159ev\u00e1\u017en\u011b figur\u00e1ln\u00ed tvorb\u011b i k n\u00e1vrh\u016fm luxusn\u00edch soubor\u016f pro firmu Moser, a. s. Kniha je nahl\u00e9dnut\u00edm do rozs\u00e1hl\u00e9ho tv\u016fr\u010d\u00edho potenci\u00e1lu jedn\u00e9 z v\u00fdznamn\u00fdch osobnost\u00ed na\u0161\u00ed v\u00fdtvarn\u00e9 sc\u00e9ny.\",\"breadcrumb\":{\"@id\":\"https:\/\/www.upm.cz\/eshop\/jiri-suhajek\/#breadcrumb\"},\"inLanguage\":\"en-US\",\"potentialAction\":[{\"@type\":\"ReadAction\",\"target\":[\"https:\/\/www.upm.cz\/eshop\/jiri-suhajek\/\"]}]},{\"@type\":\"ImageObject\",\"inLanguage\":\"en-US\",\"@id\":\"https:\/\/www.upm.cz\/eshop\/jiri-suhajek\/#primaryimage\",\"url\":\"https:\/\/www.upm.cz\/wp-content\/uploads\/vazba-A-SKLO-JS.15.9.jpeg\",\"contentUrl\":\"https:\/\/www.upm.cz\/wp-content\/uploads\/vazba-A-SKLO-JS.15.9.jpeg\",\"width\":1259,\"height\":1746},{\"@type\":\"BreadcrumbList\",\"@id\":\"https:\/\/www.upm.cz\/eshop\/jiri-suhajek\/#breadcrumb\",\"itemListElement\":[{\"@type\":\"ListItem\",\"position\":1,\"name\":\"Dom\u016f\",\"item\":\"https:\/\/www.upm.cz\/\"},{\"@type\":\"ListItem\",\"position\":2,\"name\":\"eshop\",\"item\":\"https:\/\/www.upm.cz\/eshop\/\"},{\"@type\":\"ListItem\",\"position\":3,\"name\":\"JI\u0158\u00cd \u0160UH\u00c1JEK\"}]},{\"@type\":\"WebSite\",\"@id\":\"https:\/\/www.upm.cz\/#website\",\"url\":\"https:\/\/www.upm.cz\/\",\"name\":\"Um\u011bleckopr\u016fmyslov\u00e9 museum v Praze\",\"description\":\"\",\"publisher\":{\"@id\":\"https:\/\/www.upm.cz\/#organization\"},\"potentialAction\":[{\"@type\":\"SearchAction\",\"target\":{\"@type\":\"EntryPoint\",\"urlTemplate\":\"https:\/\/www.upm.cz\/?s={search_term_string}\"},\"query-input\":{\"@type\":\"PropertyValueSpecification\",\"valueRequired\":true,\"valueName\":\"search_term_string\"}}],\"inLanguage\":\"en-US\"},{\"@type\":\"Organization\",\"@id\":\"https:\/\/www.upm.cz\/#organization\",\"name\":\"Um\u011bleckopr\u016fmyslov\u00e9 museum v Praze\",\"url\":\"https:\/\/www.upm.cz\/\",\"logo\":{\"@type\":\"ImageObject\",\"inLanguage\":\"en-US\",\"@id\":\"https:\/\/www.upm.cz\/#\/schema\/logo\/image\/\",\"url\":\"https:\/\/www.upm.cz\/wp-content\/uploads\/2020\/03\/logo_upm_cz.svg\",\"contentUrl\":\"https:\/\/www.upm.cz\/wp-content\/uploads\/2020\/03\/logo_upm_cz.svg\",\"width\":1736,\"height\":295,\"caption\":\"Um\u011bleckopr\u016fmyslov\u00e9 museum v Praze\"},\"image\":{\"@id\":\"https:\/\/www.upm.cz\/#\/schema\/logo\/image\/\"}}]}<\/script>\n<!-- \/ Yoast SEO plugin. -->","yoast_head_json":{"title":"JI\u0158\u00cd \u0160UH\u00c1JEK - Um\u011bleckopr\u016fmyslov\u00e9 museum v Praze","description":"Publikace o v\u00fdznamn\u00e9m \u010desk\u00e9m skl\u00e1\u0159i Ji\u0159\u00edm \u0160uh\u00e1jkovi je prvn\u00ed soubornou prac\u00ed zhodnocuj\u00edc\u00ed jeho rozs\u00e1hl\u00e9 d\u00edlo: tvorbu ve skle volnou a u\u017eitou i tvorbu mal\u00ed\u0159skou. Jeho um\u011bleck\u00e1 dr\u00e1ha je prov\u00e1zena \u0159adou ocen\u011bn\u00ed za stoln\u00ed soubory vytvo\u0159en\u00e9 v 80. letech 20. stolet\u00ed v Crystalexu, obdivem k jeho voln\u00e9 p\u0159ev\u00e1\u017en\u011b figur\u00e1ln\u00ed tvorb\u011b i k n\u00e1vrh\u016fm luxusn\u00edch soubor\u016f pro firmu Moser, a. s. Kniha je nahl\u00e9dnut\u00edm do rozs\u00e1hl\u00e9ho tv\u016fr\u010d\u00edho potenci\u00e1lu jedn\u00e9 z v\u00fdznamn\u00fdch osobnost\u00ed na\u0161\u00ed v\u00fdtvarn\u00e9 sc\u00e9ny.","robots":{"index":"noindex","follow":"nofollow"},"og_locale":"en_US","og_type":"article","og_title":"JI\u0158\u00cd \u0160UH\u00c1JEK - Um\u011bleckopr\u016fmyslov\u00e9 museum v Praze","og_description":"Publikace o v\u00fdznamn\u00e9m \u010desk\u00e9m skl\u00e1\u0159i Ji\u0159\u00edm \u0160uh\u00e1jkovi je prvn\u00ed soubornou prac\u00ed zhodnocuj\u00edc\u00ed jeho rozs\u00e1hl\u00e9 d\u00edlo: tvorbu ve skle volnou a u\u017eitou i tvorbu mal\u00ed\u0159skou. Jeho um\u011bleck\u00e1 dr\u00e1ha je prov\u00e1zena \u0159adou ocen\u011bn\u00ed za stoln\u00ed soubory vytvo\u0159en\u00e9 v 80. letech 20. stolet\u00ed v Crystalexu, obdivem k jeho voln\u00e9 p\u0159ev\u00e1\u017en\u011b figur\u00e1ln\u00ed tvorb\u011b i k n\u00e1vrh\u016fm luxusn\u00edch soubor\u016f pro firmu Moser, a. s. Kniha je nahl\u00e9dnut\u00edm do rozs\u00e1hl\u00e9ho tv\u016fr\u010d\u00edho potenci\u00e1lu jedn\u00e9 z v\u00fdznamn\u00fdch osobnost\u00ed na\u0161\u00ed v\u00fdtvarn\u00e9 sc\u00e9ny.","og_url":"https:\/\/www.upm.cz\/an\/eshop\/jiri-suhajek\/","og_site_name":"Um\u011bleckopr\u016fmyslov\u00e9 museum v Praze","article_modified_time":"2025-12-02T20:36:30+00:00","og_image":[{"width":1259,"height":1746,"url":"https:\/\/www.upm.cz\/wp-content\/uploads\/vazba-A-SKLO-JS.15.9.jpeg","type":"image\/jpeg"}],"twitter_card":"summary_large_image","twitter_misc":{"Est. reading time":"1 minute"},"schema":{"@context":"https:\/\/schema.org","@graph":[{"@type":"WebPage","@id":"https:\/\/www.upm.cz\/eshop\/jiri-suhajek\/","url":"https:\/\/www.upm.cz\/eshop\/jiri-suhajek\/","name":"JI\u0158\u00cd \u0160UH\u00c1JEK - Um\u011bleckopr\u016fmyslov\u00e9 museum v Praze","isPartOf":{"@id":"https:\/\/www.upm.cz\/#website"},"primaryImageOfPage":{"@id":"https:\/\/www.upm.cz\/eshop\/jiri-suhajek\/#primaryimage"},"image":{"@id":"https:\/\/www.upm.cz\/eshop\/jiri-suhajek\/#primaryimage"},"thumbnailUrl":"https:\/\/www.upm.cz\/wp-content\/uploads\/vazba-A-SKLO-JS.15.9.jpeg","datePublished":"2021-02-17T14:05:57+00:00","dateModified":"2025-12-02T20:36:30+00:00","description":"Publikace o v\u00fdznamn\u00e9m \u010desk\u00e9m skl\u00e1\u0159i Ji\u0159\u00edm \u0160uh\u00e1jkovi je prvn\u00ed soubornou prac\u00ed zhodnocuj\u00edc\u00ed jeho rozs\u00e1hl\u00e9 d\u00edlo: tvorbu ve skle volnou a u\u017eitou i tvorbu mal\u00ed\u0159skou. Jeho um\u011bleck\u00e1 dr\u00e1ha je prov\u00e1zena \u0159adou ocen\u011bn\u00ed za stoln\u00ed soubory vytvo\u0159en\u00e9 v 80. letech 20. stolet\u00ed v Crystalexu, obdivem k jeho voln\u00e9 p\u0159ev\u00e1\u017en\u011b figur\u00e1ln\u00ed tvorb\u011b i k n\u00e1vrh\u016fm luxusn\u00edch soubor\u016f pro firmu Moser, a. s. Kniha je nahl\u00e9dnut\u00edm do rozs\u00e1hl\u00e9ho tv\u016fr\u010d\u00edho potenci\u00e1lu jedn\u00e9 z v\u00fdznamn\u00fdch osobnost\u00ed na\u0161\u00ed v\u00fdtvarn\u00e9 sc\u00e9ny.","breadcrumb":{"@id":"https:\/\/www.upm.cz\/eshop\/jiri-suhajek\/#breadcrumb"},"inLanguage":"en-US","potentialAction":[{"@type":"ReadAction","target":["https:\/\/www.upm.cz\/eshop\/jiri-suhajek\/"]}]},{"@type":"ImageObject","inLanguage":"en-US","@id":"https:\/\/www.upm.cz\/eshop\/jiri-suhajek\/#primaryimage","url":"https:\/\/www.upm.cz\/wp-content\/uploads\/vazba-A-SKLO-JS.15.9.jpeg","contentUrl":"https:\/\/www.upm.cz\/wp-content\/uploads\/vazba-A-SKLO-JS.15.9.jpeg","width":1259,"height":1746},{"@type":"BreadcrumbList","@id":"https:\/\/www.upm.cz\/eshop\/jiri-suhajek\/#breadcrumb","itemListElement":[{"@type":"ListItem","position":1,"name":"Dom\u016f","item":"https:\/\/www.upm.cz\/"},{"@type":"ListItem","position":2,"name":"eshop","item":"https:\/\/www.upm.cz\/eshop\/"},{"@type":"ListItem","position":3,"name":"JI\u0158\u00cd \u0160UH\u00c1JEK"}]},{"@type":"WebSite","@id":"https:\/\/www.upm.cz\/#website","url":"https:\/\/www.upm.cz\/","name":"Um\u011bleckopr\u016fmyslov\u00e9 museum v Praze","description":"","publisher":{"@id":"https:\/\/www.upm.cz\/#organization"},"potentialAction":[{"@type":"SearchAction","target":{"@type":"EntryPoint","urlTemplate":"https:\/\/www.upm.cz\/?s={search_term_string}"},"query-input":{"@type":"PropertyValueSpecification","valueRequired":true,"valueName":"search_term_string"}}],"inLanguage":"en-US"},{"@type":"Organization","@id":"https:\/\/www.upm.cz\/#organization","name":"Um\u011bleckopr\u016fmyslov\u00e9 museum v Praze","url":"https:\/\/www.upm.cz\/","logo":{"@type":"ImageObject","inLanguage":"en-US","@id":"https:\/\/www.upm.cz\/#\/schema\/logo\/image\/","url":"https:\/\/www.upm.cz\/wp-content\/uploads\/2020\/03\/logo_upm_cz.svg","contentUrl":"https:\/\/www.upm.cz\/wp-content\/uploads\/2020\/03\/logo_upm_cz.svg","width":1736,"height":295,"caption":"Um\u011bleckopr\u016fmyslov\u00e9 museum v Praze"},"image":{"@id":"https:\/\/www.upm.cz\/#\/schema\/logo\/image\/"}}]}},"_links":{"self":[{"href":"https:\/\/www.upm.cz\/an\/wp-json\/wp\/v2\/product\/7099","targetHints":{"allow":["GET"]}}],"collection":[{"href":"https:\/\/www.upm.cz\/an\/wp-json\/wp\/v2\/product"}],"about":[{"href":"https:\/\/www.upm.cz\/an\/wp-json\/wp\/v2\/types\/product"}],"wp:featuredmedia":[{"embeddable":true,"href":"https:\/\/www.upm.cz\/an\/wp-json\/wp\/v2\/media\/5916"}],"wp:attachment":[{"href":"https:\/\/www.upm.cz\/an\/wp-json\/wp\/v2\/media?parent=7099"}],"wp:term":[{"taxonomy":"product_brand","embeddable":true,"href":"https:\/\/www.upm.cz\/an\/wp-json\/wp\/v2\/product_brand?post=7099"},{"taxonomy":"product_cat","embeddable":true,"href":"https:\/\/www.upm.cz\/an\/wp-json\/wp\/v2\/product_cat?post=7099"},{"taxonomy":"product_tag","embeddable":true,"href":"https:\/\/www.upm.cz\/an\/wp-json\/wp\/v2\/product_tag?post=7099"}],"curies":[{"name":"wp","href":"https:\/\/api.w.org\/{rel}","templated":true}]}}