{"id":7254,"date":"2021-02-22T17:30:35","date_gmt":"2021-02-22T16:30:35","guid":{"rendered":"https:\/\/www.upm.cz\/?post_type=product&#038;p=7254"},"modified":"2025-11-21T11:46:04","modified_gmt":"2025-11-21T10:46:04","slug":"directors-choice-mutace","status":"publish","type":"product","link":"https:\/\/www.upm.cz\/an\/eshop\/directors-choice-mutace\/","title":{"rendered":"DIRECTOR\u2019S CHOICE"},"content":{"rendered":"<p>Edice Director\u2019s Choice nakladatelstv\u00ed Scala Arts &amp;\u00a0Heritage Publishers p\u0159edstavuje v\u00fdznamn\u00e1 muzea a\u00a0galerie pohledem jejich \u0159editel\u016f. Tento titul umo\u017e\u0148uje nahl\u00e9dnout do bohat\u00e9ho sb\u00edrkov\u00e9ho fondu Um\u011bleckopr\u016fmyslov\u00e9ho musea v\u00a0Praze, kde se nach\u00e1zej\u00ed mistrovsk\u00e1 d\u00edla um\u011bleck\u00e9ho \u0159emesla, u\u017eit\u00e9ho um\u011bn\u00ed, designu a\u00a0fotografie.<\/p>\n<p>V\u00fdb\u011br \u0159editelky UPM Heleny Koenigsmarkov\u00e9 nazna\u010duje v\u00fdvoj um\u011bleck\u00e9ho \u0159emesla od gotiky a\u00a0renesance a\u017e do 20.\u00a0stolet\u00ed, kter\u00e9 je zastoupen\u00e9 pracemi Alfonse Muchy, Franti\u0161ka Drtikola, Pavla Jan\u00e1ka, Ladislava Sutnara \u010di\u00a0Franti\u0161ka V\u00edznera a\u00a0mnoha dal\u0161\u00edch autor\u016f. Prost\u0159ednictv\u00edm p\u0159\u00edb\u011bh\u016f t\u011bchto v\u00fdjime\u010dn\u00fdch p\u0159edm\u011bt\u016f p\u0159ibli\u017eujeme osudy sb\u00edrek v\u00a0dob\u00e1ch spole\u010densk\u00fdch prom\u011bn.<\/p>","protected":false},"excerpt":{"rendered":"<p>editor: Helena Koenigsmarkov\u00e1<br \/>\nvydavatel\u00e9: Scala Arts &amp; Heritage Publishers a&nbsp;UPM, 2017<br \/>\nvyd\u00e1n\u00ed: \u010desk\u00e9, anglick\u00e9, n\u011bmeck\u00e9<br \/>\nform\u00e1t: 19 x 16,8 cm, m\u011bkk\u00e1 vazba<br \/>\npo\u010det stran: 80<br \/>\npo\u010det\u00a0reprodukc\u00ed: 74<br \/>\nISBN 978-1-78551-121-9 (\u010dj)<br \/>\nISBN 978-1-78551-122-2 (aj)<br \/>\nISBN 978-1-78551-122-6 (nj)<\/p>","protected":false},"featured_media":2211,"template":"","meta":{"_acf_changed":false},"product_brand":[],"product_cat":[45],"product_tag":[],"class_list":{"0":"post-7254","1":"product","2":"type-product","3":"status-publish","4":"has-post-thumbnail","6":"product_cat-knihy","8":"first","9":"instock","10":"shipping-taxable","11":"purchasable","12":"product-type-variable","13":"has-default-attributes"},"acf":[],"yoast_head":"<!-- This site is optimized with the Yoast SEO plugin v26.9 - https:\/\/yoast.com\/product\/yoast-seo-wordpress\/ -->\n<title>DIRECTOR\u2019S CHOICE - Um\u011bleckopr\u016fmyslov\u00e9 museum v Praze<\/title>\n<meta name=\"description\" content=\"Edice Director\u2019s Choice nakladatelstv\u00ed Scala Arts &amp; Heritage Publishers p\u0159edstavuje v\u00fdznamn\u00e1 muzea a galerie pohledem jejich \u0159editel\u016f. Tento titul umo\u017e\u0148uje nahl\u00e9dnout do bohat\u00e9ho sb\u00edrkov\u00e9ho fondu Um\u011bleckopr\u016fmyslov\u00e9ho musea v Praze, kde se nach\u00e1zej\u00ed mistrovsk\u00e1 d\u00edla um\u011bleck\u00e9ho \u0159emesla, u\u017eit\u00e9ho um\u011bn\u00ed, designu a fotografie.\" \/>\n<meta name=\"robots\" content=\"noindex, nofollow\" \/>\n<meta property=\"og:locale\" content=\"en_US\" \/>\n<meta property=\"og:type\" content=\"article\" \/>\n<meta property=\"og:title\" content=\"DIRECTOR\u2019S CHOICE - Um\u011bleckopr\u016fmyslov\u00e9 museum v Praze\" \/>\n<meta property=\"og:description\" content=\"Edice Director\u2019s Choice nakladatelstv\u00ed Scala Arts &amp; Heritage Publishers p\u0159edstavuje v\u00fdznamn\u00e1 muzea a galerie pohledem jejich \u0159editel\u016f. Tento titul umo\u017e\u0148uje nahl\u00e9dnout do bohat\u00e9ho sb\u00edrkov\u00e9ho fondu Um\u011bleckopr\u016fmyslov\u00e9ho musea v Praze, kde se nach\u00e1zej\u00ed mistrovsk\u00e1 d\u00edla um\u011bleck\u00e9ho \u0159emesla, u\u017eit\u00e9ho um\u011bn\u00ed, designu a fotografie.\" \/>\n<meta property=\"og:url\" content=\"https:\/\/www.upm.cz\/an\/eshop\/directors-choice-mutace\/\" \/>\n<meta property=\"og:site_name\" content=\"Um\u011bleckopr\u016fmyslov\u00e9 museum v Praze\" \/>\n<meta property=\"article:modified_time\" content=\"2025-11-21T10:46:04+00:00\" \/>\n<meta property=\"og:image\" content=\"https:\/\/www.upm.cz\/wp-content\/uploads\/614.jpg\" \/>\n\t<meta property=\"og:image:width\" content=\"711\" \/>\n\t<meta property=\"og:image:height\" content=\"800\" \/>\n\t<meta property=\"og:image:type\" content=\"image\/jpeg\" \/>\n<meta name=\"twitter:card\" content=\"summary_large_image\" \/>\n<meta name=\"twitter:label1\" content=\"Est. reading time\" \/>\n\t<meta name=\"twitter:data1\" content=\"1 minute\" \/>\n<script type=\"application\/ld+json\" class=\"yoast-schema-graph\">{\"@context\":\"https:\/\/schema.org\",\"@graph\":[{\"@type\":\"WebPage\",\"@id\":\"https:\/\/www.upm.cz\/eshop\/directors-choice-mutace\/\",\"url\":\"https:\/\/www.upm.cz\/eshop\/directors-choice-mutace\/\",\"name\":\"DIRECTOR\u2019S CHOICE - Um\u011bleckopr\u016fmyslov\u00e9 museum v Praze\",\"isPartOf\":{\"@id\":\"https:\/\/www.upm.cz\/#website\"},\"primaryImageOfPage\":{\"@id\":\"https:\/\/www.upm.cz\/eshop\/directors-choice-mutace\/#primaryimage\"},\"image\":{\"@id\":\"https:\/\/www.upm.cz\/eshop\/directors-choice-mutace\/#primaryimage\"},\"thumbnailUrl\":\"https:\/\/www.upm.cz\/wp-content\/uploads\/614.jpg\",\"datePublished\":\"2021-02-22T16:30:35+00:00\",\"dateModified\":\"2025-11-21T10:46:04+00:00\",\"description\":\"Edice Director\u2019s Choice nakladatelstv\u00ed Scala Arts & Heritage Publishers p\u0159edstavuje v\u00fdznamn\u00e1 muzea a galerie pohledem jejich \u0159editel\u016f. Tento titul umo\u017e\u0148uje nahl\u00e9dnout do bohat\u00e9ho sb\u00edrkov\u00e9ho fondu Um\u011bleckopr\u016fmyslov\u00e9ho musea v Praze, kde se nach\u00e1zej\u00ed mistrovsk\u00e1 d\u00edla um\u011bleck\u00e9ho \u0159emesla, u\u017eit\u00e9ho um\u011bn\u00ed, designu a fotografie.\",\"breadcrumb\":{\"@id\":\"https:\/\/www.upm.cz\/eshop\/directors-choice-mutace\/#breadcrumb\"},\"inLanguage\":\"en-US\",\"potentialAction\":[{\"@type\":\"ReadAction\",\"target\":[\"https:\/\/www.upm.cz\/eshop\/directors-choice-mutace\/\"]}]},{\"@type\":\"ImageObject\",\"inLanguage\":\"en-US\",\"@id\":\"https:\/\/www.upm.cz\/eshop\/directors-choice-mutace\/#primaryimage\",\"url\":\"https:\/\/www.upm.cz\/wp-content\/uploads\/614.jpg\",\"contentUrl\":\"https:\/\/www.upm.cz\/wp-content\/uploads\/614.jpg\",\"width\":711,\"height\":800},{\"@type\":\"BreadcrumbList\",\"@id\":\"https:\/\/www.upm.cz\/eshop\/directors-choice-mutace\/#breadcrumb\",\"itemListElement\":[{\"@type\":\"ListItem\",\"position\":1,\"name\":\"Dom\u016f\",\"item\":\"https:\/\/www.upm.cz\/\"},{\"@type\":\"ListItem\",\"position\":2,\"name\":\"eshop\",\"item\":\"https:\/\/www.upm.cz\/eshop\/\"},{\"@type\":\"ListItem\",\"position\":3,\"name\":\"DIRECTOR\u2019S CHOICE\"}]},{\"@type\":\"WebSite\",\"@id\":\"https:\/\/www.upm.cz\/#website\",\"url\":\"https:\/\/www.upm.cz\/\",\"name\":\"Um\u011bleckopr\u016fmyslov\u00e9 museum v Praze\",\"description\":\"\",\"publisher\":{\"@id\":\"https:\/\/www.upm.cz\/#organization\"},\"potentialAction\":[{\"@type\":\"SearchAction\",\"target\":{\"@type\":\"EntryPoint\",\"urlTemplate\":\"https:\/\/www.upm.cz\/?s={search_term_string}\"},\"query-input\":{\"@type\":\"PropertyValueSpecification\",\"valueRequired\":true,\"valueName\":\"search_term_string\"}}],\"inLanguage\":\"en-US\"},{\"@type\":\"Organization\",\"@id\":\"https:\/\/www.upm.cz\/#organization\",\"name\":\"Um\u011bleckopr\u016fmyslov\u00e9 museum v Praze\",\"url\":\"https:\/\/www.upm.cz\/\",\"logo\":{\"@type\":\"ImageObject\",\"inLanguage\":\"en-US\",\"@id\":\"https:\/\/www.upm.cz\/#\/schema\/logo\/image\/\",\"url\":\"https:\/\/www.upm.cz\/wp-content\/uploads\/2020\/03\/logo_upm_cz.svg\",\"contentUrl\":\"https:\/\/www.upm.cz\/wp-content\/uploads\/2020\/03\/logo_upm_cz.svg\",\"width\":1736,\"height\":295,\"caption\":\"Um\u011bleckopr\u016fmyslov\u00e9 museum v Praze\"},\"image\":{\"@id\":\"https:\/\/www.upm.cz\/#\/schema\/logo\/image\/\"}}]}<\/script>\n<!-- \/ Yoast SEO plugin. -->","yoast_head_json":{"title":"DIRECTOR\u2019S CHOICE - Um\u011bleckopr\u016fmyslov\u00e9 museum v Praze","description":"Edice Director\u2019s Choice nakladatelstv\u00ed Scala Arts & Heritage Publishers p\u0159edstavuje v\u00fdznamn\u00e1 muzea a galerie pohledem jejich \u0159editel\u016f. Tento titul umo\u017e\u0148uje nahl\u00e9dnout do bohat\u00e9ho sb\u00edrkov\u00e9ho fondu Um\u011bleckopr\u016fmyslov\u00e9ho musea v Praze, kde se nach\u00e1zej\u00ed mistrovsk\u00e1 d\u00edla um\u011bleck\u00e9ho \u0159emesla, u\u017eit\u00e9ho um\u011bn\u00ed, designu a fotografie.","robots":{"index":"noindex","follow":"nofollow"},"og_locale":"en_US","og_type":"article","og_title":"DIRECTOR\u2019S CHOICE - Um\u011bleckopr\u016fmyslov\u00e9 museum v Praze","og_description":"Edice Director\u2019s Choice nakladatelstv\u00ed Scala Arts & Heritage Publishers p\u0159edstavuje v\u00fdznamn\u00e1 muzea a galerie pohledem jejich \u0159editel\u016f. Tento titul umo\u017e\u0148uje nahl\u00e9dnout do bohat\u00e9ho sb\u00edrkov\u00e9ho fondu Um\u011bleckopr\u016fmyslov\u00e9ho musea v Praze, kde se nach\u00e1zej\u00ed mistrovsk\u00e1 d\u00edla um\u011bleck\u00e9ho \u0159emesla, u\u017eit\u00e9ho um\u011bn\u00ed, designu a fotografie.","og_url":"https:\/\/www.upm.cz\/an\/eshop\/directors-choice-mutace\/","og_site_name":"Um\u011bleckopr\u016fmyslov\u00e9 museum v Praze","article_modified_time":"2025-11-21T10:46:04+00:00","og_image":[{"width":711,"height":800,"url":"https:\/\/www.upm.cz\/wp-content\/uploads\/614.jpg","type":"image\/jpeg"}],"twitter_card":"summary_large_image","twitter_misc":{"Est. reading time":"1 minute"},"schema":{"@context":"https:\/\/schema.org","@graph":[{"@type":"WebPage","@id":"https:\/\/www.upm.cz\/eshop\/directors-choice-mutace\/","url":"https:\/\/www.upm.cz\/eshop\/directors-choice-mutace\/","name":"DIRECTOR\u2019S CHOICE - Um\u011bleckopr\u016fmyslov\u00e9 museum v Praze","isPartOf":{"@id":"https:\/\/www.upm.cz\/#website"},"primaryImageOfPage":{"@id":"https:\/\/www.upm.cz\/eshop\/directors-choice-mutace\/#primaryimage"},"image":{"@id":"https:\/\/www.upm.cz\/eshop\/directors-choice-mutace\/#primaryimage"},"thumbnailUrl":"https:\/\/www.upm.cz\/wp-content\/uploads\/614.jpg","datePublished":"2021-02-22T16:30:35+00:00","dateModified":"2025-11-21T10:46:04+00:00","description":"Edice Director\u2019s Choice nakladatelstv\u00ed Scala Arts & Heritage Publishers p\u0159edstavuje v\u00fdznamn\u00e1 muzea a galerie pohledem jejich \u0159editel\u016f. Tento titul umo\u017e\u0148uje nahl\u00e9dnout do bohat\u00e9ho sb\u00edrkov\u00e9ho fondu Um\u011bleckopr\u016fmyslov\u00e9ho musea v Praze, kde se nach\u00e1zej\u00ed mistrovsk\u00e1 d\u00edla um\u011bleck\u00e9ho \u0159emesla, u\u017eit\u00e9ho um\u011bn\u00ed, designu a fotografie.","breadcrumb":{"@id":"https:\/\/www.upm.cz\/eshop\/directors-choice-mutace\/#breadcrumb"},"inLanguage":"en-US","potentialAction":[{"@type":"ReadAction","target":["https:\/\/www.upm.cz\/eshop\/directors-choice-mutace\/"]}]},{"@type":"ImageObject","inLanguage":"en-US","@id":"https:\/\/www.upm.cz\/eshop\/directors-choice-mutace\/#primaryimage","url":"https:\/\/www.upm.cz\/wp-content\/uploads\/614.jpg","contentUrl":"https:\/\/www.upm.cz\/wp-content\/uploads\/614.jpg","width":711,"height":800},{"@type":"BreadcrumbList","@id":"https:\/\/www.upm.cz\/eshop\/directors-choice-mutace\/#breadcrumb","itemListElement":[{"@type":"ListItem","position":1,"name":"Dom\u016f","item":"https:\/\/www.upm.cz\/"},{"@type":"ListItem","position":2,"name":"eshop","item":"https:\/\/www.upm.cz\/eshop\/"},{"@type":"ListItem","position":3,"name":"DIRECTOR\u2019S CHOICE"}]},{"@type":"WebSite","@id":"https:\/\/www.upm.cz\/#website","url":"https:\/\/www.upm.cz\/","name":"Um\u011bleckopr\u016fmyslov\u00e9 museum v Praze","description":"","publisher":{"@id":"https:\/\/www.upm.cz\/#organization"},"potentialAction":[{"@type":"SearchAction","target":{"@type":"EntryPoint","urlTemplate":"https:\/\/www.upm.cz\/?s={search_term_string}"},"query-input":{"@type":"PropertyValueSpecification","valueRequired":true,"valueName":"search_term_string"}}],"inLanguage":"en-US"},{"@type":"Organization","@id":"https:\/\/www.upm.cz\/#organization","name":"Um\u011bleckopr\u016fmyslov\u00e9 museum v Praze","url":"https:\/\/www.upm.cz\/","logo":{"@type":"ImageObject","inLanguage":"en-US","@id":"https:\/\/www.upm.cz\/#\/schema\/logo\/image\/","url":"https:\/\/www.upm.cz\/wp-content\/uploads\/2020\/03\/logo_upm_cz.svg","contentUrl":"https:\/\/www.upm.cz\/wp-content\/uploads\/2020\/03\/logo_upm_cz.svg","width":1736,"height":295,"caption":"Um\u011bleckopr\u016fmyslov\u00e9 museum v Praze"},"image":{"@id":"https:\/\/www.upm.cz\/#\/schema\/logo\/image\/"}}]}},"_links":{"self":[{"href":"https:\/\/www.upm.cz\/an\/wp-json\/wp\/v2\/product\/7254","targetHints":{"allow":["GET"]}}],"collection":[{"href":"https:\/\/www.upm.cz\/an\/wp-json\/wp\/v2\/product"}],"about":[{"href":"https:\/\/www.upm.cz\/an\/wp-json\/wp\/v2\/types\/product"}],"wp:featuredmedia":[{"embeddable":true,"href":"https:\/\/www.upm.cz\/an\/wp-json\/wp\/v2\/media\/2211"}],"wp:attachment":[{"href":"https:\/\/www.upm.cz\/an\/wp-json\/wp\/v2\/media?parent=7254"}],"wp:term":[{"taxonomy":"product_brand","embeddable":true,"href":"https:\/\/www.upm.cz\/an\/wp-json\/wp\/v2\/product_brand?post=7254"},{"taxonomy":"product_cat","embeddable":true,"href":"https:\/\/www.upm.cz\/an\/wp-json\/wp\/v2\/product_cat?post=7254"},{"taxonomy":"product_tag","embeddable":true,"href":"https:\/\/www.upm.cz\/an\/wp-json\/wp\/v2\/product_tag?post=7254"}],"curies":[{"name":"wp","href":"https:\/\/api.w.org\/{rel}","templated":true}]}}