{"id":7283,"date":"2021-01-24T16:02:27","date_gmt":"2021-01-24T15:02:27","guid":{"rendered":"https:\/\/www.upm.cz\/?post_type=product&#038;p=7283"},"modified":"2023-11-07T21:44:07","modified_gmt":"2023-11-07T20:44:07","slug":"tschechische-fotografie-des-20-jahrhunderts","status":"publish","type":"product","link":"https:\/\/www.upm.cz\/an\/eshop\/tschechische-fotografie-des-20-jahrhunderts\/","title":{"rendered":"TSCHECHISCHE FOTOGRAFIE DES 20. JAHRHUNDERTS"},"content":{"rendered":"<p>Kniha \u010cesk\u00e1 fotografie 20.&nbsp;stolet\u00ed poprv\u00e9 v&nbsp;tak velk\u00e9m rozsahu p\u0159edstavuje hlavn\u00ed tendence, osobnosti a&nbsp;d\u00edla \u010desk\u00e9 fotografick\u00e9 tvorby cel\u00e9ho uplynul\u00e9ho stolet\u00ed. Obsahuje 517 reprodukc\u00ed, je\u017e zahrnuj\u00ed jak mnohokr\u00e1t vid\u011bn\u00e9 nejv\u00fdznamn\u011bj\u0161\u00ed fotografie a&nbsp;fotomont\u00e1\u017ee, tak i&nbsp;pr\u00e1ce, kter\u00e9 byly dlouho zapomenuty anebo dosud v\u016fbec nebyly publikov\u00e1ny. Je se\u0159azena do sedmn\u00e1cti kapitol a&nbsp;dopl\u0148uje je obs\u00e1hl\u00e1 chronologie nejv\u00fdznamn\u011bj\u0161\u00edch ud\u00e1lost\u00ed v&nbsp;\u010desk\u00e9 fotografii 20.&nbsp;stolet\u00ed.<\/p>\n<p>Kniha obdr\u017eela 1.&nbsp;cenu za nejlep\u0161\u00ed fotografickou knihu ze st\u0159edn\u00ed a&nbsp;v\u00fdchodn\u00ed Evropy z&nbsp;let 2009-2010 na 20.&nbsp;mezin\u00e1rodn\u00edm festivalu M\u011bs\u00edc fotografie v&nbsp;Bratislav\u011b.<\/p>","protected":false},"excerpt":{"rendered":"<p>Vydali Kunst-und Ausstellungshalle in Bonn a&nbsp;UPM<br \/>\nTexty: Vladim\u00edr Birgus, Jan Ml\u010doch<br \/>\nVyd\u00e1n\u00ed: n\u011bmecky<br \/>\nForm\u00e1t: 28.5 x 25 cm<br \/>\nStr\u00e1nky: 392<br \/>\nReprodukce: 517<br \/>\nISBN 978-90-86970-96-7<\/p>","protected":false},"featured_media":7285,"template":"","meta":{"_acf_changed":false},"product_brand":[],"product_cat":[45],"product_tag":[],"class_list":{"0":"post-7283","1":"product","2":"type-product","3":"status-publish","4":"has-post-thumbnail","6":"product_cat-knihy","8":"first","9":"instock","10":"shipping-taxable","11":"purchasable","12":"product-type-simple"},"acf":[],"yoast_head":"<!-- This site is optimized with the Yoast SEO plugin v26.9 - https:\/\/yoast.com\/product\/yoast-seo-wordpress\/ -->\n<title>TSCHECHISCHE FOTOGRAFIE DES 20. JAHRHUNDERTS - Um\u011bleckopr\u016fmyslov\u00e9 museum v Praze<\/title>\n<meta name=\"description\" content=\"Kniha \u010cesk\u00e1 fotografie 20. stolet\u00ed poprv\u00e9 v tak velk\u00e9m rozsahu p\u0159edstavuje hlavn\u00ed tendence, osobnosti a d\u00edla \u010desk\u00e9 fotografick\u00e9 tvorby cel\u00e9ho uplynul\u00e9ho stolet\u00ed.\" \/>\n<meta name=\"robots\" content=\"index, follow, max-snippet:-1, max-image-preview:large, max-video-preview:-1\" \/>\n<link rel=\"canonical\" href=\"https:\/\/www.upm.cz\/an\/eshop\/tschechische-fotografie-des-20-jahrhunderts\/\" \/>\n<meta property=\"og:locale\" content=\"en_US\" \/>\n<meta property=\"og:type\" content=\"article\" \/>\n<meta property=\"og:title\" content=\"TSCHECHISCHE FOTOGRAFIE DES 20. JAHRHUNDERTS - Um\u011bleckopr\u016fmyslov\u00e9 museum v Praze\" \/>\n<meta property=\"og:description\" content=\"Kniha \u010cesk\u00e1 fotografie 20. stolet\u00ed poprv\u00e9 v tak velk\u00e9m rozsahu p\u0159edstavuje hlavn\u00ed tendence, osobnosti a d\u00edla \u010desk\u00e9 fotografick\u00e9 tvorby cel\u00e9ho uplynul\u00e9ho stolet\u00ed.\" \/>\n<meta property=\"og:url\" content=\"https:\/\/www.upm.cz\/an\/eshop\/tschechische-fotografie-des-20-jahrhunderts\/\" \/>\n<meta property=\"og:site_name\" content=\"Um\u011bleckopr\u016fmyslov\u00e9 museum v Praze\" \/>\n<meta property=\"article:modified_time\" content=\"2023-11-07T20:44:07+00:00\" \/>\n<meta property=\"og:image\" content=\"https:\/\/www.upm.cz\/wp-content\/uploads\/Tschechische_Fotografie_20_Jahrhunderts_obalka_P01.jpg\" \/>\n\t<meta property=\"og:image:width\" content=\"1078\" \/>\n\t<meta property=\"og:image:height\" content=\"1200\" \/>\n\t<meta property=\"og:image:type\" content=\"image\/jpeg\" \/>\n<meta name=\"twitter:card\" content=\"summary_large_image\" \/>\n<meta name=\"twitter:label1\" content=\"Est. reading time\" \/>\n\t<meta name=\"twitter:data1\" content=\"1 minute\" \/>\n<script type=\"application\/ld+json\" class=\"yoast-schema-graph\">{\"@context\":\"https:\/\/schema.org\",\"@graph\":[{\"@type\":\"WebPage\",\"@id\":\"https:\/\/www.upm.cz\/eshop\/tschechische-fotografie-des-20-jahrhunderts\/\",\"url\":\"https:\/\/www.upm.cz\/eshop\/tschechische-fotografie-des-20-jahrhunderts\/\",\"name\":\"TSCHECHISCHE FOTOGRAFIE DES 20. JAHRHUNDERTS - Um\u011bleckopr\u016fmyslov\u00e9 museum v Praze\",\"isPartOf\":{\"@id\":\"https:\/\/www.upm.cz\/#website\"},\"primaryImageOfPage\":{\"@id\":\"https:\/\/www.upm.cz\/eshop\/tschechische-fotografie-des-20-jahrhunderts\/#primaryimage\"},\"image\":{\"@id\":\"https:\/\/www.upm.cz\/eshop\/tschechische-fotografie-des-20-jahrhunderts\/#primaryimage\"},\"thumbnailUrl\":\"https:\/\/www.upm.cz\/wp-content\/uploads\/Tschechische_Fotografie_20_Jahrhunderts_obalka_P01.jpg\",\"datePublished\":\"2021-01-24T15:02:27+00:00\",\"dateModified\":\"2023-11-07T20:44:07+00:00\",\"description\":\"Kniha \u010cesk\u00e1 fotografie 20. stolet\u00ed poprv\u00e9 v tak velk\u00e9m rozsahu p\u0159edstavuje hlavn\u00ed tendence, osobnosti a d\u00edla \u010desk\u00e9 fotografick\u00e9 tvorby cel\u00e9ho uplynul\u00e9ho stolet\u00ed.\",\"breadcrumb\":{\"@id\":\"https:\/\/www.upm.cz\/eshop\/tschechische-fotografie-des-20-jahrhunderts\/#breadcrumb\"},\"inLanguage\":\"en-US\",\"potentialAction\":[{\"@type\":\"ReadAction\",\"target\":[\"https:\/\/www.upm.cz\/eshop\/tschechische-fotografie-des-20-jahrhunderts\/\"]}]},{\"@type\":\"ImageObject\",\"inLanguage\":\"en-US\",\"@id\":\"https:\/\/www.upm.cz\/eshop\/tschechische-fotografie-des-20-jahrhunderts\/#primaryimage\",\"url\":\"https:\/\/www.upm.cz\/wp-content\/uploads\/Tschechische_Fotografie_20_Jahrhunderts_obalka_P01.jpg\",\"contentUrl\":\"https:\/\/www.upm.cz\/wp-content\/uploads\/Tschechische_Fotografie_20_Jahrhunderts_obalka_P01.jpg\",\"width\":1078,\"height\":1200},{\"@type\":\"BreadcrumbList\",\"@id\":\"https:\/\/www.upm.cz\/eshop\/tschechische-fotografie-des-20-jahrhunderts\/#breadcrumb\",\"itemListElement\":[{\"@type\":\"ListItem\",\"position\":1,\"name\":\"Dom\u016f\",\"item\":\"https:\/\/www.upm.cz\/\"},{\"@type\":\"ListItem\",\"position\":2,\"name\":\"eshop\",\"item\":\"https:\/\/www.upm.cz\/eshop\/\"},{\"@type\":\"ListItem\",\"position\":3,\"name\":\"TSCHECHISCHE FOTOGRAFIE DES 20. JAHRHUNDERTS\"}]},{\"@type\":\"WebSite\",\"@id\":\"https:\/\/www.upm.cz\/#website\",\"url\":\"https:\/\/www.upm.cz\/\",\"name\":\"Um\u011bleckopr\u016fmyslov\u00e9 museum v Praze\",\"description\":\"\",\"publisher\":{\"@id\":\"https:\/\/www.upm.cz\/#organization\"},\"potentialAction\":[{\"@type\":\"SearchAction\",\"target\":{\"@type\":\"EntryPoint\",\"urlTemplate\":\"https:\/\/www.upm.cz\/?s={search_term_string}\"},\"query-input\":{\"@type\":\"PropertyValueSpecification\",\"valueRequired\":true,\"valueName\":\"search_term_string\"}}],\"inLanguage\":\"en-US\"},{\"@type\":\"Organization\",\"@id\":\"https:\/\/www.upm.cz\/#organization\",\"name\":\"Um\u011bleckopr\u016fmyslov\u00e9 museum v Praze\",\"url\":\"https:\/\/www.upm.cz\/\",\"logo\":{\"@type\":\"ImageObject\",\"inLanguage\":\"en-US\",\"@id\":\"https:\/\/www.upm.cz\/#\/schema\/logo\/image\/\",\"url\":\"https:\/\/www.upm.cz\/wp-content\/uploads\/2020\/03\/logo_upm_cz.svg\",\"contentUrl\":\"https:\/\/www.upm.cz\/wp-content\/uploads\/2020\/03\/logo_upm_cz.svg\",\"width\":1736,\"height\":295,\"caption\":\"Um\u011bleckopr\u016fmyslov\u00e9 museum v Praze\"},\"image\":{\"@id\":\"https:\/\/www.upm.cz\/#\/schema\/logo\/image\/\"}}]}<\/script>\n<!-- \/ Yoast SEO plugin. -->","yoast_head_json":{"title":"TSCHECHISCHE FOTOGRAFIE DES 20. JAHRHUNDERTS - Um\u011bleckopr\u016fmyslov\u00e9 museum v Praze","description":"Kniha \u010cesk\u00e1 fotografie 20. stolet\u00ed poprv\u00e9 v tak velk\u00e9m rozsahu p\u0159edstavuje hlavn\u00ed tendence, osobnosti a d\u00edla \u010desk\u00e9 fotografick\u00e9 tvorby cel\u00e9ho uplynul\u00e9ho stolet\u00ed.","robots":{"index":"index","follow":"follow","max-snippet":"max-snippet:-1","max-image-preview":"max-image-preview:large","max-video-preview":"max-video-preview:-1"},"canonical":"https:\/\/www.upm.cz\/an\/eshop\/tschechische-fotografie-des-20-jahrhunderts\/","og_locale":"en_US","og_type":"article","og_title":"TSCHECHISCHE FOTOGRAFIE DES 20. JAHRHUNDERTS - Um\u011bleckopr\u016fmyslov\u00e9 museum v Praze","og_description":"Kniha \u010cesk\u00e1 fotografie 20. stolet\u00ed poprv\u00e9 v tak velk\u00e9m rozsahu p\u0159edstavuje hlavn\u00ed tendence, osobnosti a d\u00edla \u010desk\u00e9 fotografick\u00e9 tvorby cel\u00e9ho uplynul\u00e9ho stolet\u00ed.","og_url":"https:\/\/www.upm.cz\/an\/eshop\/tschechische-fotografie-des-20-jahrhunderts\/","og_site_name":"Um\u011bleckopr\u016fmyslov\u00e9 museum v Praze","article_modified_time":"2023-11-07T20:44:07+00:00","og_image":[{"width":1078,"height":1200,"url":"https:\/\/www.upm.cz\/wp-content\/uploads\/Tschechische_Fotografie_20_Jahrhunderts_obalka_P01.jpg","type":"image\/jpeg"}],"twitter_card":"summary_large_image","twitter_misc":{"Est. reading time":"1 minute"},"schema":{"@context":"https:\/\/schema.org","@graph":[{"@type":"WebPage","@id":"https:\/\/www.upm.cz\/eshop\/tschechische-fotografie-des-20-jahrhunderts\/","url":"https:\/\/www.upm.cz\/eshop\/tschechische-fotografie-des-20-jahrhunderts\/","name":"TSCHECHISCHE FOTOGRAFIE DES 20. JAHRHUNDERTS - Um\u011bleckopr\u016fmyslov\u00e9 museum v Praze","isPartOf":{"@id":"https:\/\/www.upm.cz\/#website"},"primaryImageOfPage":{"@id":"https:\/\/www.upm.cz\/eshop\/tschechische-fotografie-des-20-jahrhunderts\/#primaryimage"},"image":{"@id":"https:\/\/www.upm.cz\/eshop\/tschechische-fotografie-des-20-jahrhunderts\/#primaryimage"},"thumbnailUrl":"https:\/\/www.upm.cz\/wp-content\/uploads\/Tschechische_Fotografie_20_Jahrhunderts_obalka_P01.jpg","datePublished":"2021-01-24T15:02:27+00:00","dateModified":"2023-11-07T20:44:07+00:00","description":"Kniha \u010cesk\u00e1 fotografie 20. stolet\u00ed poprv\u00e9 v tak velk\u00e9m rozsahu p\u0159edstavuje hlavn\u00ed tendence, osobnosti a d\u00edla \u010desk\u00e9 fotografick\u00e9 tvorby cel\u00e9ho uplynul\u00e9ho stolet\u00ed.","breadcrumb":{"@id":"https:\/\/www.upm.cz\/eshop\/tschechische-fotografie-des-20-jahrhunderts\/#breadcrumb"},"inLanguage":"en-US","potentialAction":[{"@type":"ReadAction","target":["https:\/\/www.upm.cz\/eshop\/tschechische-fotografie-des-20-jahrhunderts\/"]}]},{"@type":"ImageObject","inLanguage":"en-US","@id":"https:\/\/www.upm.cz\/eshop\/tschechische-fotografie-des-20-jahrhunderts\/#primaryimage","url":"https:\/\/www.upm.cz\/wp-content\/uploads\/Tschechische_Fotografie_20_Jahrhunderts_obalka_P01.jpg","contentUrl":"https:\/\/www.upm.cz\/wp-content\/uploads\/Tschechische_Fotografie_20_Jahrhunderts_obalka_P01.jpg","width":1078,"height":1200},{"@type":"BreadcrumbList","@id":"https:\/\/www.upm.cz\/eshop\/tschechische-fotografie-des-20-jahrhunderts\/#breadcrumb","itemListElement":[{"@type":"ListItem","position":1,"name":"Dom\u016f","item":"https:\/\/www.upm.cz\/"},{"@type":"ListItem","position":2,"name":"eshop","item":"https:\/\/www.upm.cz\/eshop\/"},{"@type":"ListItem","position":3,"name":"TSCHECHISCHE FOTOGRAFIE DES 20. JAHRHUNDERTS"}]},{"@type":"WebSite","@id":"https:\/\/www.upm.cz\/#website","url":"https:\/\/www.upm.cz\/","name":"Um\u011bleckopr\u016fmyslov\u00e9 museum v Praze","description":"","publisher":{"@id":"https:\/\/www.upm.cz\/#organization"},"potentialAction":[{"@type":"SearchAction","target":{"@type":"EntryPoint","urlTemplate":"https:\/\/www.upm.cz\/?s={search_term_string}"},"query-input":{"@type":"PropertyValueSpecification","valueRequired":true,"valueName":"search_term_string"}}],"inLanguage":"en-US"},{"@type":"Organization","@id":"https:\/\/www.upm.cz\/#organization","name":"Um\u011bleckopr\u016fmyslov\u00e9 museum v Praze","url":"https:\/\/www.upm.cz\/","logo":{"@type":"ImageObject","inLanguage":"en-US","@id":"https:\/\/www.upm.cz\/#\/schema\/logo\/image\/","url":"https:\/\/www.upm.cz\/wp-content\/uploads\/2020\/03\/logo_upm_cz.svg","contentUrl":"https:\/\/www.upm.cz\/wp-content\/uploads\/2020\/03\/logo_upm_cz.svg","width":1736,"height":295,"caption":"Um\u011bleckopr\u016fmyslov\u00e9 museum v Praze"},"image":{"@id":"https:\/\/www.upm.cz\/#\/schema\/logo\/image\/"}}]}},"_links":{"self":[{"href":"https:\/\/www.upm.cz\/an\/wp-json\/wp\/v2\/product\/7283","targetHints":{"allow":["GET"]}}],"collection":[{"href":"https:\/\/www.upm.cz\/an\/wp-json\/wp\/v2\/product"}],"about":[{"href":"https:\/\/www.upm.cz\/an\/wp-json\/wp\/v2\/types\/product"}],"wp:featuredmedia":[{"embeddable":true,"href":"https:\/\/www.upm.cz\/an\/wp-json\/wp\/v2\/media\/7285"}],"wp:attachment":[{"href":"https:\/\/www.upm.cz\/an\/wp-json\/wp\/v2\/media?parent=7283"}],"wp:term":[{"taxonomy":"product_brand","embeddable":true,"href":"https:\/\/www.upm.cz\/an\/wp-json\/wp\/v2\/product_brand?post=7283"},{"taxonomy":"product_cat","embeddable":true,"href":"https:\/\/www.upm.cz\/an\/wp-json\/wp\/v2\/product_cat?post=7283"},{"taxonomy":"product_tag","embeddable":true,"href":"https:\/\/www.upm.cz\/an\/wp-json\/wp\/v2\/product_tag?post=7283"}],"curies":[{"name":"wp","href":"https:\/\/api.w.org\/{rel}","templated":true}]}}