{"id":7284,"date":"2021-01-24T16:12:18","date_gmt":"2021-01-24T15:12:18","guid":{"rendered":"https:\/\/www.upm.cz\/?post_type=product&#038;p=7284"},"modified":"2024-12-15T23:15:16","modified_gmt":"2024-12-15T22:15:16","slug":"the-history-of-modern-furniture-design","status":"publish","type":"product","link":"https:\/\/www.upm.cz\/an\/eshop\/the-history-of-modern-furniture-design\/","title":{"rendered":"THE HISTORY OF MODERN FURNITURE DESIGN"},"content":{"rendered":"<p>Bohat\u011b ilustrovan\u00e1 publikace zaznamen\u00e1v\u00e1 p\u0159\u00edb\u011bh modern\u00edho designu po\u010d\u00ednaje obdob\u00edm biedermeieru v\u00a0prvn\u00ed polovin\u011b 19.\u00a0stolet\u00ed a\u017e do konce 20.\u00a0stolet\u00ed. Poskytuje ucelen\u00fd pohled na modern\u00ed historii n\u00e1bytkov\u00e9 tvorby v\u00a0\u010desk\u00fdch zem\u00edch v\u00a0kontextu sv\u011btov\u00e9ho v\u00fdvoje, v\u010detn\u011b individu\u00e1ln\u00edho autorsk\u00e9ho designu.<\/p>\n<p>P\u0159edstavuje nejv\u00fdrazn\u011bj\u0161\u00ed tv\u016frce-design\u00e9ry a\u00a0osudy v\u00fdrobc\u016f \u010di\u00a0instituc\u00ed a\u00a0p\u0159ibli\u017euje um\u011bleckohistorick\u00e9 kontexty n\u00e1bytkov\u00e9 tvorby, jej\u00ed stylov\u00e1 v\u00fdchodiska a\u00a0materi\u00e1lov\u00e9 i\u00a0technick\u00e9 podm\u00ednky. V\u00fdznamnou sou\u010d\u00e1st tvo\u0159\u00ed medailony osobnost\u00ed \u010desk\u00e9ho a\u00a0sv\u011btov\u00e9ho designu n\u00e1bytku. Kniha z\u00e1rove\u0148 slou\u017e\u00ed jako katalog studijn\u00edho depozit\u00e1\u0159e n\u00e1bytku 19.\u00a0a\u00a020.\u00a0stolet\u00ed UPM, kter\u00fd je zp\u0159\u00edstupn\u011bn na z\u00e1mku v\u00a0Kamenici nad Lipou.<\/p>","protected":false},"excerpt":{"rendered":"<p>vydavatel\u00e9: UPM\u00a0a\u00a0Arbor vitae<br \/>\ntext: Daniela Karasov\u00e1<br \/>\nvyd\u00e1n\u00ed: \u010desk\u00e9 a\u00a0anglick\u00e9<br \/>\nform\u00e1t: 27 x 23 cm, m\u011bkk\u00e1 vazba<br \/>\npo\u010det stran: 320<br \/>\npo\u010det\u00a0reprodukc\u00ed: 400<br \/>\nISBN 978-80-7101-104-0 (aj)<\/p>\n<p>JEN ANGLICKY<\/p>","protected":false},"featured_media":7286,"template":"","meta":{"_acf_changed":false},"product_brand":[],"product_cat":[45],"product_tag":[],"class_list":{"0":"post-7284","1":"product","2":"type-product","3":"status-publish","4":"has-post-thumbnail","6":"product_cat-knihy","8":"first","9":"instock","10":"shipping-taxable","11":"purchasable","12":"product-type-simple"},"acf":[],"yoast_head":"<!-- This site is optimized with the Yoast SEO plugin v26.9 - https:\/\/yoast.com\/product\/yoast-seo-wordpress\/ -->\n<title>THE HISTORY OF MODERN FURNITURE DESIGN - Um\u011bleckopr\u016fmyslov\u00e9 museum v Praze<\/title>\n<meta name=\"description\" content=\"Bohat\u011b ilustrovan\u00e1 publikace zaznamen\u00e1v\u00e1 p\u0159\u00edb\u011bh modern\u00edho designu po\u010d\u00ednaje obdob\u00edm biedermeieru v\u00a0prvn\u00ed polovin\u011b 19.\u00a0stolet\u00ed a\u017e do konce 20.\u00a0stolet\u00ed. Poskytuje ucelen\u00fd pohled na modern\u00ed historii n\u00e1bytkov\u00e9 tvorby v\u00a0\u010desk\u00fdch zem\u00edch v\u00a0kontextu sv\u011btov\u00e9ho v\u00fdvoje, v\u010detn\u011b individu\u00e1ln\u00edho autorsk\u00e9ho designu.\u00a0\" \/>\n<meta name=\"robots\" content=\"index, follow, max-snippet:-1, max-image-preview:large, max-video-preview:-1\" \/>\n<link rel=\"canonical\" href=\"https:\/\/www.upm.cz\/an\/eshop\/the-history-of-modern-furniture-design\/\" \/>\n<meta property=\"og:locale\" content=\"en_US\" \/>\n<meta property=\"og:type\" content=\"article\" \/>\n<meta property=\"og:title\" content=\"THE HISTORY OF MODERN FURNITURE DESIGN - Um\u011bleckopr\u016fmyslov\u00e9 museum v Praze\" \/>\n<meta property=\"og:description\" content=\"Bohat\u011b ilustrovan\u00e1 publikace zaznamen\u00e1v\u00e1 p\u0159\u00edb\u011bh modern\u00edho designu po\u010d\u00ednaje obdob\u00edm biedermeieru v\u00a0prvn\u00ed polovin\u011b 19.\u00a0stolet\u00ed a\u017e do konce 20.\u00a0stolet\u00ed. Poskytuje ucelen\u00fd pohled na modern\u00ed historii n\u00e1bytkov\u00e9 tvorby v\u00a0\u010desk\u00fdch zem\u00edch v\u00a0kontextu sv\u011btov\u00e9ho v\u00fdvoje, v\u010detn\u011b individu\u00e1ln\u00edho autorsk\u00e9ho designu.\u00a0\" \/>\n<meta property=\"og:url\" content=\"https:\/\/www.upm.cz\/an\/eshop\/the-history-of-modern-furniture-design\/\" \/>\n<meta property=\"og:site_name\" content=\"Um\u011bleckopr\u016fmyslov\u00e9 museum v Praze\" \/>\n<meta property=\"article:modified_time\" content=\"2024-12-15T22:15:16+00:00\" \/>\n<meta property=\"og:image\" content=\"https:\/\/www.upm.cz\/wp-content\/uploads\/Geneze-designu-nabytku_aj.jpg\" \/>\n\t<meta property=\"og:image:width\" content=\"1200\" \/>\n\t<meta property=\"og:image:height\" content=\"1017\" \/>\n\t<meta property=\"og:image:type\" content=\"image\/jpeg\" \/>\n<meta name=\"twitter:card\" content=\"summary_large_image\" \/>\n<meta name=\"twitter:label1\" content=\"Est. reading time\" \/>\n\t<meta name=\"twitter:data1\" content=\"1 minute\" \/>\n<script type=\"application\/ld+json\" class=\"yoast-schema-graph\">{\"@context\":\"https:\/\/schema.org\",\"@graph\":[{\"@type\":\"WebPage\",\"@id\":\"https:\/\/www.upm.cz\/eshop\/the-history-of-modern-furniture-design\/\",\"url\":\"https:\/\/www.upm.cz\/eshop\/the-history-of-modern-furniture-design\/\",\"name\":\"THE HISTORY OF MODERN FURNITURE DESIGN - Um\u011bleckopr\u016fmyslov\u00e9 museum v Praze\",\"isPartOf\":{\"@id\":\"https:\/\/www.upm.cz\/#website\"},\"primaryImageOfPage\":{\"@id\":\"https:\/\/www.upm.cz\/eshop\/the-history-of-modern-furniture-design\/#primaryimage\"},\"image\":{\"@id\":\"https:\/\/www.upm.cz\/eshop\/the-history-of-modern-furniture-design\/#primaryimage\"},\"thumbnailUrl\":\"https:\/\/www.upm.cz\/wp-content\/uploads\/Geneze-designu-nabytku_aj.jpg\",\"datePublished\":\"2021-01-24T15:12:18+00:00\",\"dateModified\":\"2024-12-15T22:15:16+00:00\",\"description\":\"Bohat\u011b ilustrovan\u00e1 publikace zaznamen\u00e1v\u00e1 p\u0159\u00edb\u011bh modern\u00edho designu po\u010d\u00ednaje obdob\u00edm biedermeieru v\u00a0prvn\u00ed polovin\u011b 19.\u00a0stolet\u00ed a\u017e do konce 20.\u00a0stolet\u00ed. Poskytuje ucelen\u00fd pohled na modern\u00ed historii n\u00e1bytkov\u00e9 tvorby v\u00a0\u010desk\u00fdch zem\u00edch v\u00a0kontextu sv\u011btov\u00e9ho v\u00fdvoje, v\u010detn\u011b individu\u00e1ln\u00edho autorsk\u00e9ho designu.\u00a0\",\"breadcrumb\":{\"@id\":\"https:\/\/www.upm.cz\/eshop\/the-history-of-modern-furniture-design\/#breadcrumb\"},\"inLanguage\":\"en-US\",\"potentialAction\":[{\"@type\":\"ReadAction\",\"target\":[\"https:\/\/www.upm.cz\/eshop\/the-history-of-modern-furniture-design\/\"]}]},{\"@type\":\"ImageObject\",\"inLanguage\":\"en-US\",\"@id\":\"https:\/\/www.upm.cz\/eshop\/the-history-of-modern-furniture-design\/#primaryimage\",\"url\":\"https:\/\/www.upm.cz\/wp-content\/uploads\/Geneze-designu-nabytku_aj.jpg\",\"contentUrl\":\"https:\/\/www.upm.cz\/wp-content\/uploads\/Geneze-designu-nabytku_aj.jpg\",\"width\":1200,\"height\":1017},{\"@type\":\"BreadcrumbList\",\"@id\":\"https:\/\/www.upm.cz\/eshop\/the-history-of-modern-furniture-design\/#breadcrumb\",\"itemListElement\":[{\"@type\":\"ListItem\",\"position\":1,\"name\":\"Dom\u016f\",\"item\":\"https:\/\/www.upm.cz\/\"},{\"@type\":\"ListItem\",\"position\":2,\"name\":\"eshop\",\"item\":\"https:\/\/www.upm.cz\/eshop\/\"},{\"@type\":\"ListItem\",\"position\":3,\"name\":\"THE HISTORY OF MODERN FURNITURE DESIGN\"}]},{\"@type\":\"WebSite\",\"@id\":\"https:\/\/www.upm.cz\/#website\",\"url\":\"https:\/\/www.upm.cz\/\",\"name\":\"Um\u011bleckopr\u016fmyslov\u00e9 museum v Praze\",\"description\":\"\",\"publisher\":{\"@id\":\"https:\/\/www.upm.cz\/#organization\"},\"potentialAction\":[{\"@type\":\"SearchAction\",\"target\":{\"@type\":\"EntryPoint\",\"urlTemplate\":\"https:\/\/www.upm.cz\/?s={search_term_string}\"},\"query-input\":{\"@type\":\"PropertyValueSpecification\",\"valueRequired\":true,\"valueName\":\"search_term_string\"}}],\"inLanguage\":\"en-US\"},{\"@type\":\"Organization\",\"@id\":\"https:\/\/www.upm.cz\/#organization\",\"name\":\"Um\u011bleckopr\u016fmyslov\u00e9 museum v Praze\",\"url\":\"https:\/\/www.upm.cz\/\",\"logo\":{\"@type\":\"ImageObject\",\"inLanguage\":\"en-US\",\"@id\":\"https:\/\/www.upm.cz\/#\/schema\/logo\/image\/\",\"url\":\"https:\/\/www.upm.cz\/wp-content\/uploads\/2020\/03\/logo_upm_cz.svg\",\"contentUrl\":\"https:\/\/www.upm.cz\/wp-content\/uploads\/2020\/03\/logo_upm_cz.svg\",\"width\":1736,\"height\":295,\"caption\":\"Um\u011bleckopr\u016fmyslov\u00e9 museum v Praze\"},\"image\":{\"@id\":\"https:\/\/www.upm.cz\/#\/schema\/logo\/image\/\"}}]}<\/script>\n<!-- \/ Yoast SEO plugin. -->","yoast_head_json":{"title":"THE HISTORY OF MODERN FURNITURE DESIGN - Um\u011bleckopr\u016fmyslov\u00e9 museum v Praze","description":"Bohat\u011b ilustrovan\u00e1 publikace zaznamen\u00e1v\u00e1 p\u0159\u00edb\u011bh modern\u00edho designu po\u010d\u00ednaje obdob\u00edm biedermeieru v\u00a0prvn\u00ed polovin\u011b 19.\u00a0stolet\u00ed a\u017e do konce 20.\u00a0stolet\u00ed. Poskytuje ucelen\u00fd pohled na modern\u00ed historii n\u00e1bytkov\u00e9 tvorby v\u00a0\u010desk\u00fdch zem\u00edch v\u00a0kontextu sv\u011btov\u00e9ho v\u00fdvoje, v\u010detn\u011b individu\u00e1ln\u00edho autorsk\u00e9ho designu.\u00a0","robots":{"index":"index","follow":"follow","max-snippet":"max-snippet:-1","max-image-preview":"max-image-preview:large","max-video-preview":"max-video-preview:-1"},"canonical":"https:\/\/www.upm.cz\/an\/eshop\/the-history-of-modern-furniture-design\/","og_locale":"en_US","og_type":"article","og_title":"THE HISTORY OF MODERN FURNITURE DESIGN - Um\u011bleckopr\u016fmyslov\u00e9 museum v Praze","og_description":"Bohat\u011b ilustrovan\u00e1 publikace zaznamen\u00e1v\u00e1 p\u0159\u00edb\u011bh modern\u00edho designu po\u010d\u00ednaje obdob\u00edm biedermeieru v\u00a0prvn\u00ed polovin\u011b 19.\u00a0stolet\u00ed a\u017e do konce 20.\u00a0stolet\u00ed. Poskytuje ucelen\u00fd pohled na modern\u00ed historii n\u00e1bytkov\u00e9 tvorby v\u00a0\u010desk\u00fdch zem\u00edch v\u00a0kontextu sv\u011btov\u00e9ho v\u00fdvoje, v\u010detn\u011b individu\u00e1ln\u00edho autorsk\u00e9ho designu.\u00a0","og_url":"https:\/\/www.upm.cz\/an\/eshop\/the-history-of-modern-furniture-design\/","og_site_name":"Um\u011bleckopr\u016fmyslov\u00e9 museum v Praze","article_modified_time":"2024-12-15T22:15:16+00:00","og_image":[{"width":1200,"height":1017,"url":"https:\/\/www.upm.cz\/wp-content\/uploads\/Geneze-designu-nabytku_aj.jpg","type":"image\/jpeg"}],"twitter_card":"summary_large_image","twitter_misc":{"Est. reading time":"1 minute"},"schema":{"@context":"https:\/\/schema.org","@graph":[{"@type":"WebPage","@id":"https:\/\/www.upm.cz\/eshop\/the-history-of-modern-furniture-design\/","url":"https:\/\/www.upm.cz\/eshop\/the-history-of-modern-furniture-design\/","name":"THE HISTORY OF MODERN FURNITURE DESIGN - Um\u011bleckopr\u016fmyslov\u00e9 museum v Praze","isPartOf":{"@id":"https:\/\/www.upm.cz\/#website"},"primaryImageOfPage":{"@id":"https:\/\/www.upm.cz\/eshop\/the-history-of-modern-furniture-design\/#primaryimage"},"image":{"@id":"https:\/\/www.upm.cz\/eshop\/the-history-of-modern-furniture-design\/#primaryimage"},"thumbnailUrl":"https:\/\/www.upm.cz\/wp-content\/uploads\/Geneze-designu-nabytku_aj.jpg","datePublished":"2021-01-24T15:12:18+00:00","dateModified":"2024-12-15T22:15:16+00:00","description":"Bohat\u011b ilustrovan\u00e1 publikace zaznamen\u00e1v\u00e1 p\u0159\u00edb\u011bh modern\u00edho designu po\u010d\u00ednaje obdob\u00edm biedermeieru v\u00a0prvn\u00ed polovin\u011b 19.\u00a0stolet\u00ed a\u017e do konce 20.\u00a0stolet\u00ed. Poskytuje ucelen\u00fd pohled na modern\u00ed historii n\u00e1bytkov\u00e9 tvorby v\u00a0\u010desk\u00fdch zem\u00edch v\u00a0kontextu sv\u011btov\u00e9ho v\u00fdvoje, v\u010detn\u011b individu\u00e1ln\u00edho autorsk\u00e9ho designu.\u00a0","breadcrumb":{"@id":"https:\/\/www.upm.cz\/eshop\/the-history-of-modern-furniture-design\/#breadcrumb"},"inLanguage":"en-US","potentialAction":[{"@type":"ReadAction","target":["https:\/\/www.upm.cz\/eshop\/the-history-of-modern-furniture-design\/"]}]},{"@type":"ImageObject","inLanguage":"en-US","@id":"https:\/\/www.upm.cz\/eshop\/the-history-of-modern-furniture-design\/#primaryimage","url":"https:\/\/www.upm.cz\/wp-content\/uploads\/Geneze-designu-nabytku_aj.jpg","contentUrl":"https:\/\/www.upm.cz\/wp-content\/uploads\/Geneze-designu-nabytku_aj.jpg","width":1200,"height":1017},{"@type":"BreadcrumbList","@id":"https:\/\/www.upm.cz\/eshop\/the-history-of-modern-furniture-design\/#breadcrumb","itemListElement":[{"@type":"ListItem","position":1,"name":"Dom\u016f","item":"https:\/\/www.upm.cz\/"},{"@type":"ListItem","position":2,"name":"eshop","item":"https:\/\/www.upm.cz\/eshop\/"},{"@type":"ListItem","position":3,"name":"THE HISTORY OF MODERN FURNITURE DESIGN"}]},{"@type":"WebSite","@id":"https:\/\/www.upm.cz\/#website","url":"https:\/\/www.upm.cz\/","name":"Um\u011bleckopr\u016fmyslov\u00e9 museum v Praze","description":"","publisher":{"@id":"https:\/\/www.upm.cz\/#organization"},"potentialAction":[{"@type":"SearchAction","target":{"@type":"EntryPoint","urlTemplate":"https:\/\/www.upm.cz\/?s={search_term_string}"},"query-input":{"@type":"PropertyValueSpecification","valueRequired":true,"valueName":"search_term_string"}}],"inLanguage":"en-US"},{"@type":"Organization","@id":"https:\/\/www.upm.cz\/#organization","name":"Um\u011bleckopr\u016fmyslov\u00e9 museum v Praze","url":"https:\/\/www.upm.cz\/","logo":{"@type":"ImageObject","inLanguage":"en-US","@id":"https:\/\/www.upm.cz\/#\/schema\/logo\/image\/","url":"https:\/\/www.upm.cz\/wp-content\/uploads\/2020\/03\/logo_upm_cz.svg","contentUrl":"https:\/\/www.upm.cz\/wp-content\/uploads\/2020\/03\/logo_upm_cz.svg","width":1736,"height":295,"caption":"Um\u011bleckopr\u016fmyslov\u00e9 museum v Praze"},"image":{"@id":"https:\/\/www.upm.cz\/#\/schema\/logo\/image\/"}}]}},"_links":{"self":[{"href":"https:\/\/www.upm.cz\/an\/wp-json\/wp\/v2\/product\/7284","targetHints":{"allow":["GET"]}}],"collection":[{"href":"https:\/\/www.upm.cz\/an\/wp-json\/wp\/v2\/product"}],"about":[{"href":"https:\/\/www.upm.cz\/an\/wp-json\/wp\/v2\/types\/product"}],"wp:featuredmedia":[{"embeddable":true,"href":"https:\/\/www.upm.cz\/an\/wp-json\/wp\/v2\/media\/7286"}],"wp:attachment":[{"href":"https:\/\/www.upm.cz\/an\/wp-json\/wp\/v2\/media?parent=7284"}],"wp:term":[{"taxonomy":"product_brand","embeddable":true,"href":"https:\/\/www.upm.cz\/an\/wp-json\/wp\/v2\/product_brand?post=7284"},{"taxonomy":"product_cat","embeddable":true,"href":"https:\/\/www.upm.cz\/an\/wp-json\/wp\/v2\/product_cat?post=7284"},{"taxonomy":"product_tag","embeddable":true,"href":"https:\/\/www.upm.cz\/an\/wp-json\/wp\/v2\/product_tag?post=7284"}],"curies":[{"name":"wp","href":"https:\/\/api.w.org\/{rel}","templated":true}]}}